{"id":14170,"date":"2026-03-16T21:58:55","date_gmt":"2026-03-16T21:58:55","guid":{"rendered":"https:\/\/sagrinex.com\/produit\/bootskutsche-kaputter-anhaenger-sw1405-zulaessiges-gesamtgewicht-1800-kg-2-achsen\/"},"modified":"2026-04-15T21:12:11","modified_gmt":"2026-04-15T21:12:11","slug":"bootskutsche-kaputter-anhaenger-sw1405-zulaessiges-gesamtgewicht-1800-kg-2-achsen","status":"publish","type":"product","link":"https:\/\/sagrinex.com\/de\/produit\/bootskutsche-kaputter-anhaenger-sw1405-zulaessiges-gesamtgewicht-1800-kg-2-achsen\/","title":{"rendered":"Bootskutsche \u2013 Kaputter Anh\u00e4nger \u2013 SW1405 \u2013 Zul\u00e4ssiges Gesamtgewicht: 1800 Kg \u2013 2 Achsen"},"content":{"rendered":"<p>Der <strong>Sun Way Bootsanh\u00e4nger<\/strong> ist speziell f\u00fcr den sicheren Transport und das einfache Zuwasserlassen von Booten mit starrem oder halbstarrem Rumpf konzipiert. Dank seiner <strong>neigbaren Deichsel<\/strong> und seiner <strong>zentralen Rollenbahn<\/strong> erleichtert er das Man\u00f6vrieren auch auf leicht geneigten Slipanlagen. Es ist vielseitig einsetzbar und eignet sich sowohl f\u00fcr Bootsfahrer als auch f\u00fcr Bootsprofis.<\/p>\n<ul>\n<li><strong>Gesamtes Gesamtgewicht:<\/strong> 1800 \/ 1600 \/ 1500 kg<\/li>\n<li><strong>Urgewicht:<\/strong> 440 kg<\/li>\n<li><strong>Maximale Nutzlast:<\/strong> 1360 kg<\/li>\n<li><strong>Nutzma\u00dfe:<\/strong> zwischen 5,5 und 6,2 m<\/li>\n<li><strong>Gesamtabmessungen:<\/strong> 620 x 181 x H83 cm<\/li>\n<li><strong>Maximale Rumpfl\u00e4nge:<\/strong> 5,90 m<\/li>\n<li><strong>Pfeil:<\/strong> gerade feuerverzinkt<\/li>\n<li><strong>Pinne:<\/strong> neigbar<\/li>\n<li><strong>Fahrgestell:<\/strong> feuerverzinkt<\/li>\n<li><strong>R\u00e4der:<\/strong> 175\/70R13<\/li>\n<\/ul>\n<p>Die <strong>neigbare Deichsel<\/strong> dieses Anh\u00e4ngers ist ein gro\u00dfer Vorteil beim Zuwasserlassen und Herausnehmen Ihres Bootes aus dem Wasser. Durch das einfachere Kippen des Fahrgestells wird der f\u00fcr diese Arbeiten erforderliche Kraftaufwand erheblich reduziert. Dieses System ist besonders bei Griffen mit geringer Neigung n\u00fctzlich und erm\u00f6glicht eine reibungslose und reibungslose Handhabung. Mit diesem genialen Design k\u00f6nnen Bootsbesitzer ihr Boot ganz einfach be- und entladen und minimieren so das Risiko einer Besch\u00e4digung des Rumpfes.<\/p>\n<p>Ausgestattet mit einer <strong>zentralen Rollenschiene<\/strong> sorgt dieser Anh\u00e4nger f\u00fcr eine pr\u00e4zise Ausrichtung des Bootes beim Beladen. Diese Rollen erleichtern das Gleiten des Bootes und reduzieren die Reibung, wodurch eine optimale Positionierung auf dem Fahrgestell gew\u00e4hrleistet wird. Diese Vorrichtung verbessert nicht nur die Stabilit\u00e4t des Bootes w\u00e4hrend des Transports, sondern begrenzt auch das Risiko einer seitlichen Verschiebung, was f\u00fcr die Wahrung der Integrit\u00e4t des Rumpfes unerl\u00e4sslich ist. Auch bei schwierigen Schleppbedingungen garantiert diese Konfiguration einen sicheren Halt des Bootes.<\/p>\n<p>Die <strong>verstellbare Windenhalterung<\/strong> bietet in Kombination mit einer <strong>Standard-Riemenwinde<\/strong> eine gro\u00dfe Einsatzflexibilit\u00e4t zur Anpassung an unterschiedliche Rumpfformen. Mit diesem System k\u00f6nnen H\u00f6he und Spannung der Winde angepasst werden, um einen pr\u00e4zisen und sicheren Transport zu gew\u00e4hrleisten. Dadurch, dass das Boot leichter auf den Anh\u00e4nger gehoben werden kann, wird der f\u00fcr diesen Vorgang erforderliche Kraftaufwand reduziert und die Ladeeffizienz verbessert. Dieser Mechanismus wird besonders von Bootsfahrern gesch\u00e4tzt, die ihr Boot ohne die Hilfe teurer Profiwerkzeuge bedienen m\u00f6chten.<\/p>\n<p>\u00a0<\/p>\n<p>Die am Chassis angeschwei\u00dften Zurrhaken sind so konzipiert, dass sie dem Boot beim Transport optimalen Halt bieten. Ihre strategische Positionierung erm\u00f6glicht eine sichere Befestigung der Sicherheitsgurte und verhindert unerw\u00fcnschte Bewegungen des Bootes. Durch die stabile Stabilisierung des Bootes auf dem Anh\u00e4nger reduzieren diese Haken Vibrationen und Ersch\u00fctterungen und sorgen so f\u00fcr eine sichere Fahrt. Diese zus\u00e4tzliche Robustheit ist ideal, um den Zustand des Bootes zu erhalten und eine zuverl\u00e4ssige Fixierung \u00fcber alle Distanzen zu gew\u00e4hrleisten.<\/p>\n<ul>\n<li>Sp\u00fclset zum Reinigen der Achse nach dem Eintauchen in Wasser, um Korrosion vorzubeugen.<\/li>\n<li>Reserverad mit Halterung f\u00fcr mehr Sicherheit im Pannenfall.<\/li>\n<li>Elektrische Winde mit wasserdichter Aufbewahrungsbox f\u00fcr m\u00fchelose Handhabung.<\/li>\n<\/ul>\n<ul>\n<li>Standardm\u00e4\u00dfig mit <strong>Goliath-Seilwinden<\/strong> und <strong>St\u00fctzr\u00e4dern<\/strong> ausgestattet.<\/li>\n<li><strong>Hochwertige Fertigung<\/strong> f\u00fcr Langlebigkeit und Robustheit.<\/li>\n<li>Chassis aus <strong>feuerverzinktem Stahl<\/strong> f\u00fcr erh\u00f6hte Korrosionsbest\u00e4ndigkeit.<\/li>\n<li><strong>Abnehmbare Lichtplatte<\/strong>aus Kunststoff zur Vermeidung von Rost und vorzeitigem Verschlei\u00df.<\/li>\n<\/ul>\n<p><strong>Sagrinex<\/strong> verf\u00fcgt \u00fcber den gr\u00f6\u00dften Bestand an Anh\u00e4ngern.<\/p>\n<p>Vergleichen Sie und lassen Sie sich von unseren Experten beraten, die Ihnen das ideale Modell f\u00fcr Ihr Boot anbieten k\u00f6nnen.<\/p>\n<p>F\u00fcr die Fahrt auf der Stra\u00dfe ist bei kippbaren Bootsanh\u00e4ngern die Erstellung eines Fahrzeugscheins (zul\u00e4ssiges Gesamtgewicht > 500 kg) erforderlich.<\/p>\n","protected":false},"excerpt":{"rendered":"<p>Mit dem Sun Way-Bootsanh\u00e4nger k\u00f6nnen Sie ein Boot bis zu 5,9 m und 1360 kg transportieren und zu Wasser lassen. Seine kippbare Deichsel und die zentrale Rollenf\u00fchrung sorgen f\u00fcr eine einfache Handhabung. Feuerverzinkter Rahmen f\u00fcr gute Haltbarkeit.<\/p>\n<div class=\"mod_fa_customizablefields_v14_list\">\n<div class=\"mod_fa_champspersonnalisables_v14_titre\"><strong>Zul\u00e4ssiges Gesamtgewicht: <\/strong><span class=\"mod_fa_champspersonnalisables_v14_value\">1800 kg<\/span><\/div>\n<\/div>\n<div class=\"mod_fa_customizablefields_v14_list\">\n<div class=\"mod_fa_champspersonnalisables_v14_titre\"><strong>Leermasse: <\/strong><span class=\"mod_fa_champspersonnalisables_v14_value\">440 kg<\/span><\/div>\n<\/div>\n<div class=\"mod_fa_customizablefields_v14_list\">\n<div class=\"mod_fa_champspersonnalisables_v14_titre\"><strong>Nutzlast: <\/strong><span class=\"mod_fa_champspersonnalisables_v14_value\">maximal 1360 kg<\/span><\/div>\n<\/div>\n<div class=\"mod_fa_customizablefields_v14_list\">\n<div class=\"mod_fa_champspersonnalisables_v14_titre\"><strong>N\u00fctzliche Abmessungen: <\/strong><span class=\"mod_fa_champspersonnalisables_v14_value\">Zwischen 5,5 und 6,2 m<\/span><\/div>\n<\/div>\n<div class=\"mod_fa_customizablefields_v14_list\">\n<div class=\"mod_fa_champspersonnalisables_v14_titre\"><strong>Gesamtabmessungen: <\/strong><span class=\"mod_fa_champspersonnalisables_v14_value\">620 x 181 x H83 cm<\/span><\/div>\n<\/div>\n<div class=\"mod_fa_customizablefields_v14_list\">\n<div class=\"mod_fa_champspersonnalisables_v14_titre\"><strong>Maximale L\u00e4nge des Bootes: <\/strong><span class=\"mod_fa_champspersonnalisables_v14_valeur\">5,90 m Rumpf<\/span><\/div>\n<\/div>\n<div class=\"mod_fa_customizablefields_v14_list\">\n<div class=\"mod_fa_champspersonnalisables_v14_title\"><strong>Pfeil: <\/strong><span class=\"mod_fa_champspersonnalisables_v14_value\">Rechts feuerverzinkt<\/span><\/div>\n<\/div>\n<div class=\"mod_fa_customizablefields_v14_list\">\n<div class=\"mod_fa_champspersonnalisables_v14_title\"><strong>Schublade: <\/strong><span class=\"mod_fa_champspersonnalisables_v14_value\">Kippbar<\/span><\/div>\n<\/div>\n<div class=\"mod_fa_customizablefields_v14_list\">\n<div class=\"mod_fa_champspersonnalisables_v14_titre\"><strong>Rahmentyp: <\/strong><span class=\"mod_fa_champspersonnalisables_v14_value\">Feuerverzinkt<\/span><\/div>\n<\/div>\n<div class=\"mod_fa_customizablefields_v14_list\">\n<div class=\"mod_fa_champspersonnalisables_v14_titre\"><strong>R\u00e4der: <\/strong><span class=\"mod_fa_champspersonnalisables_v14_valeur\">175\/70R13<\/span><\/div>\n<\/div>\n<div class=\"mod_fa_customizablefields_v14_list\">\n<div class=\"mod_fa_champspersonnalisables_v14_titre\"><strong>Ausstattung: <\/strong><span class=\"mod_fa_champspersonnalisables_v14_valeur\">Windenhalterung + Standard-Gurtwinde \/ Standard-R\u00fccklichtplatte aus Kunststoff \/ An das Chassis geschwei\u00dfte Zurrhaken<\/span><\/div>\n<\/div>\n","protected":false},"featured_media":16458,"comment_status":"open","ping_status":"closed","template":"","meta":[],"product_brand":[],"product_cat":[357,352],"product_tag":[],"class_list":{"0":"post-14170","1":"product","2":"type-product","3":"status-publish","4":"has-post-thumbnail","6":"product_cat-nautische-anhaenger","7":"product_cat-unsere-trailer","9":"first","10":"instock","11":"shipping-taxable","12":"purchasable","13":"product-type-simple"},"yoast_head":"<!-- This site is optimized with the Yoast SEO plugin v27.5 - https:\/\/yoast.com\/product\/yoast-seo-wordpress\/ -->\n<title>Bootskutsche \u2013 kaputter Anh\u00e4nger \u2013 SW1405 \u2013 zul\u00e4ssiges Gesamtgewicht: 1800 kg \u2013 2 Achsen<\/title>\n<meta name=\"description\" content=\"Mit dem Sun Way-Bootsanh\u00e4nger k\u00f6nnen Sie ein Boot bis zu 5,9 m und 1360 kg transportieren und zu Wasser lassen. Seine kippbare Deichsel und die zentrale Rollenf\u00fchrung sorgen f\u00fcr eine einfache Handhabung. Feuerverzinkter Rahmen f\u00fcr gute Haltbarkeit.\" \/>\n<meta name=\"robots\" content=\"index, follow, max-snippet:-1, max-image-preview:large, max-video-preview:-1\" \/>\n<link rel=\"canonical\" href=\"https:\/\/sagrinex.com\/produit\/porte-bateau-remorque-cassante-sw1405-ptac-1800kg-2-essieux\/\" \/>\n<meta property=\"og:locale\" content=\"de_DE\" \/>\n<meta property=\"og:type\" content=\"article\" \/>\n<meta property=\"og:title\" content=\"Bootskutsche \u2013 kaputter Anh\u00e4nger \u2013 SW1405 \u2013 zul\u00e4ssiges Gesamtgewicht: 1800 kg \u2013 2 Achsen\" \/>\n<meta property=\"og:description\" content=\"Mit dem Sun Way-Bootsanh\u00e4nger k\u00f6nnen Sie ein Boot bis zu 5,9 m und 1360 kg transportieren und zu Wasser lassen. Seine kippbare Deichsel und die zentrale Rollenf\u00fchrung sorgen f\u00fcr eine einfache Handhabung. Feuerverzinkter Rahmen f\u00fcr gute Haltbarkeit.\" \/>\n<meta property=\"og:url\" content=\"https:\/\/sagrinex.com\/produit\/porte-bateau-remorque-cassante-sw1405-ptac-1800kg-2-essieux\/\" \/>\n<meta property=\"og:site_name\" content=\"Sagrinex \u2013 Anhaenger, Container &amp; Landtechnik \ud83c\udf3e\ud83d\ude9c\" \/>\n<meta property=\"article:modified_time\" content=\"2026-04-15T21:12:11+00:00\" \/>\n<meta property=\"og:image\" content=\"https:\/\/sagrinex.com\/wp-content\/uploads\/2026\/03\/Image-444-1.jpeg\" \/>\n\t<meta property=\"og:image:width\" content=\"1024\" \/>\n\t<meta property=\"og:image:height\" content=\"570\" \/>\n\t<meta property=\"og:image:type\" content=\"image\/jpeg\" \/>\n<meta name=\"twitter:card\" content=\"summary_large_image\" \/>\n<meta name=\"twitter:label1\" content=\"Gesch\u00e4tzte Lesezeit\" \/>\n\t<meta name=\"twitter:data1\" content=\"3\u00a0Minuten\" \/>\n<script type=\"application\/ld+json\" class=\"yoast-schema-graph\">{\"@context\":\"https:\\\/\\\/schema.org\",\"@graph\":[{\"@type\":\"WebPage\",\"@id\":\"https:\\\/\\\/sagrinex.com\\\/produit\\\/porte-bateau-remorque-cassante-sw1405-ptac-1800kg-2-essieux\\\/\",\"url\":\"https:\\\/\\\/sagrinex.com\\\/produit\\\/porte-bateau-remorque-cassante-sw1405-ptac-1800kg-2-essieux\\\/\",\"name\":\"Bootskutsche \u2013 kaputter Anh\u00e4nger \u2013 SW1405 \u2013 zul\u00e4ssiges Gesamtgewicht: 1800 kg \u2013 2 Achsen\",\"isPartOf\":{\"@id\":\"https:\\\/\\\/sagrinex.com\\\/#website\"},\"primaryImageOfPage\":{\"@id\":\"https:\\\/\\\/sagrinex.com\\\/produit\\\/porte-bateau-remorque-cassante-sw1405-ptac-1800kg-2-essieux\\\/#primaryimage\"},\"image\":{\"@id\":\"https:\\\/\\\/sagrinex.com\\\/produit\\\/porte-bateau-remorque-cassante-sw1405-ptac-1800kg-2-essieux\\\/#primaryimage\"},\"thumbnailUrl\":\"https:\\\/\\\/sagrinex.com\\\/wp-content\\\/uploads\\\/2026\\\/03\\\/Image-444-1.jpeg\",\"datePublished\":\"2026-03-16T21:58:55+00:00\",\"dateModified\":\"2026-04-15T21:12:11+00:00\",\"description\":\"Mit dem Sun Way-Bootsanh\u00e4nger k\u00f6nnen Sie ein Boot bis zu 5,9 m und 1360 kg transportieren und zu Wasser lassen. Seine kippbare Deichsel und die zentrale Rollenf\u00fchrung sorgen f\u00fcr eine einfache Handhabung. Feuerverzinkter Rahmen f\u00fcr gute Haltbarkeit.\",\"breadcrumb\":{\"@id\":\"https:\\\/\\\/sagrinex.com\\\/produit\\\/porte-bateau-remorque-cassante-sw1405-ptac-1800kg-2-essieux\\\/#breadcrumb\"},\"inLanguage\":\"de\",\"potentialAction\":[{\"@type\":\"ReadAction\",\"target\":[\"https:\\\/\\\/sagrinex.com\\\/produit\\\/porte-bateau-remorque-cassante-sw1405-ptac-1800kg-2-essieux\\\/\"]}]},{\"@type\":\"ImageObject\",\"inLanguage\":\"de\",\"@id\":\"https:\\\/\\\/sagrinex.com\\\/produit\\\/porte-bateau-remorque-cassante-sw1405-ptac-1800kg-2-essieux\\\/#primaryimage\",\"url\":\"https:\\\/\\\/sagrinex.com\\\/wp-content\\\/uploads\\\/2026\\\/03\\\/Image-444-1.jpeg\",\"contentUrl\":\"https:\\\/\\\/sagrinex.com\\\/wp-content\\\/uploads\\\/2026\\\/03\\\/Image-444-1.jpeg\",\"width\":1024,\"height\":570},{\"@type\":\"BreadcrumbList\",\"@id\":\"https:\\\/\\\/sagrinex.com\\\/produit\\\/porte-bateau-remorque-cassante-sw1405-ptac-1800kg-2-essieux\\\/#breadcrumb\",\"itemListElement\":[{\"@type\":\"ListItem\",\"position\":1,\"name\":\"Accueil\",\"item\":\"https:\\\/\\\/sagrinex.com\\\/?lang=de\"},{\"@type\":\"ListItem\",\"position\":2,\"name\":\"Shop\",\"item\":\"https:\\\/\\\/sagrinex.com\\\/shop\\\/\"},{\"@type\":\"ListItem\",\"position\":3,\"name\":\"Bootskutsche \u2013 Kaputter Anh\u00e4nger \u2013 SW1405 \u2013 Zul\u00e4ssiges Gesamtgewicht: 1800 Kg \u2013 2 Achsen\"}]},{\"@type\":\"WebSite\",\"@id\":\"https:\\\/\\\/sagrinex.com\\\/#website\",\"url\":\"https:\\\/\\\/sagrinex.com\\\/\",\"name\":\"Sagrinex \u2013 Spezialist f\u00fcr Anh\u00e4nger, Container & Landtechnik\",\"description\":\"Anhaenger, Container &amp; Landtechnik \u2014 Online-Verkauf &amp; kostenloses Angebot\",\"publisher\":{\"@id\":\"https:\\\/\\\/sagrinex.com\\\/#organization\"},\"potentialAction\":[{\"@type\":\"SearchAction\",\"target\":{\"@type\":\"EntryPoint\",\"urlTemplate\":\"https:\\\/\\\/sagrinex.com\\\/?s={search_term_string}\"},\"query-input\":{\"@type\":\"PropertyValueSpecification\",\"valueRequired\":true,\"valueName\":\"search_term_string\"}}],\"inLanguage\":\"de\"},{\"@type\":\"Organization\",\"@id\":\"https:\\\/\\\/sagrinex.com\\\/#organization\",\"name\":\"Sagrinex \u2013 Remorques, Conteneurs & Mat\u00e9riel Agricole\",\"url\":\"https:\\\/\\\/sagrinex.com\\\/\",\"logo\":{\"@type\":\"ImageObject\",\"inLanguage\":\"de\",\"@id\":\"https:\\\/\\\/sagrinex.com\\\/#\\\/schema\\\/logo\\\/image\\\/\",\"url\":\"https:\\\/\\\/sagrinex.com\\\/wp-content\\\/uploads\\\/2026\\\/03\\\/7f1ac463-ef5a-425d-bdd6-a5da03a334a9-1024x683.png\",\"contentUrl\":\"https:\\\/\\\/sagrinex.com\\\/wp-content\\\/uploads\\\/2026\\\/03\\\/7f1ac463-ef5a-425d-bdd6-a5da03a334a9-1024x683.png\",\"width\":1024,\"height\":683,\"caption\":\"Sagrinex \u2013 Remorques, Conteneurs & Mat\u00e9riel Agricole\"},\"image\":{\"@id\":\"https:\\\/\\\/sagrinex.com\\\/#\\\/schema\\\/logo\\\/image\\\/\"}}]}<\/script>\n<!-- \/ Yoast SEO plugin. -->","yoast_head_json":{"title":"Bootskutsche \u2013 kaputter Anh\u00e4nger \u2013 SW1405 \u2013 zul\u00e4ssiges Gesamtgewicht: 1800 kg \u2013 2 Achsen","description":"Mit dem Sun Way-Bootsanh\u00e4nger k\u00f6nnen Sie ein Boot bis zu 5,9 m und 1360 kg transportieren und zu Wasser lassen. Seine kippbare Deichsel und die zentrale Rollenf\u00fchrung sorgen f\u00fcr eine einfache Handhabung. Feuerverzinkter Rahmen f\u00fcr gute Haltbarkeit.","robots":{"index":"index","follow":"follow","max-snippet":"max-snippet:-1","max-image-preview":"max-image-preview:large","max-video-preview":"max-video-preview:-1"},"canonical":"https:\/\/sagrinex.com\/produit\/porte-bateau-remorque-cassante-sw1405-ptac-1800kg-2-essieux\/","og_locale":"de_DE","og_type":"article","og_title":"Bootskutsche \u2013 kaputter Anh\u00e4nger \u2013 SW1405 \u2013 zul\u00e4ssiges Gesamtgewicht: 1800 kg \u2013 2 Achsen","og_description":"Mit dem Sun Way-Bootsanh\u00e4nger k\u00f6nnen Sie ein Boot bis zu 5,9 m und 1360 kg transportieren und zu Wasser lassen. Seine kippbare Deichsel und die zentrale Rollenf\u00fchrung sorgen f\u00fcr eine einfache Handhabung. Feuerverzinkter Rahmen f\u00fcr gute Haltbarkeit.","og_url":"https:\/\/sagrinex.com\/produit\/porte-bateau-remorque-cassante-sw1405-ptac-1800kg-2-essieux\/","og_site_name":"Sagrinex \u2013 Anhaenger, Container &amp; Landtechnik \ud83c\udf3e\ud83d\ude9c","article_modified_time":"2026-04-15T21:12:11+00:00","og_image":[{"width":1024,"height":570,"url":"https:\/\/sagrinex.com\/wp-content\/uploads\/2026\/03\/Image-444-1.jpeg","type":"image\/jpeg"}],"twitter_card":"summary_large_image","twitter_misc":{"Gesch\u00e4tzte Lesezeit":"3\u00a0Minuten"},"schema":{"@context":"https:\/\/schema.org","@graph":[{"@type":"WebPage","@id":"https:\/\/sagrinex.com\/produit\/porte-bateau-remorque-cassante-sw1405-ptac-1800kg-2-essieux\/","url":"https:\/\/sagrinex.com\/produit\/porte-bateau-remorque-cassante-sw1405-ptac-1800kg-2-essieux\/","name":"Bootskutsche \u2013 kaputter Anh\u00e4nger \u2013 SW1405 \u2013 zul\u00e4ssiges Gesamtgewicht: 1800 kg \u2013 2 Achsen","isPartOf":{"@id":"https:\/\/sagrinex.com\/#website"},"primaryImageOfPage":{"@id":"https:\/\/sagrinex.com\/produit\/porte-bateau-remorque-cassante-sw1405-ptac-1800kg-2-essieux\/#primaryimage"},"image":{"@id":"https:\/\/sagrinex.com\/produit\/porte-bateau-remorque-cassante-sw1405-ptac-1800kg-2-essieux\/#primaryimage"},"thumbnailUrl":"https:\/\/sagrinex.com\/wp-content\/uploads\/2026\/03\/Image-444-1.jpeg","datePublished":"2026-03-16T21:58:55+00:00","dateModified":"2026-04-15T21:12:11+00:00","description":"Mit dem Sun Way-Bootsanh\u00e4nger k\u00f6nnen Sie ein Boot bis zu 5,9 m und 1360 kg transportieren und zu Wasser lassen. Seine kippbare Deichsel und die zentrale Rollenf\u00fchrung sorgen f\u00fcr eine einfache Handhabung. Feuerverzinkter Rahmen f\u00fcr gute Haltbarkeit.","breadcrumb":{"@id":"https:\/\/sagrinex.com\/produit\/porte-bateau-remorque-cassante-sw1405-ptac-1800kg-2-essieux\/#breadcrumb"},"inLanguage":"de","potentialAction":[{"@type":"ReadAction","target":["https:\/\/sagrinex.com\/produit\/porte-bateau-remorque-cassante-sw1405-ptac-1800kg-2-essieux\/"]}]},{"@type":"ImageObject","inLanguage":"de","@id":"https:\/\/sagrinex.com\/produit\/porte-bateau-remorque-cassante-sw1405-ptac-1800kg-2-essieux\/#primaryimage","url":"https:\/\/sagrinex.com\/wp-content\/uploads\/2026\/03\/Image-444-1.jpeg","contentUrl":"https:\/\/sagrinex.com\/wp-content\/uploads\/2026\/03\/Image-444-1.jpeg","width":1024,"height":570},{"@type":"BreadcrumbList","@id":"https:\/\/sagrinex.com\/produit\/porte-bateau-remorque-cassante-sw1405-ptac-1800kg-2-essieux\/#breadcrumb","itemListElement":[{"@type":"ListItem","position":1,"name":"Accueil","item":"https:\/\/sagrinex.com\/?lang=de"},{"@type":"ListItem","position":2,"name":"Shop","item":"https:\/\/sagrinex.com\/shop\/"},{"@type":"ListItem","position":3,"name":"Bootskutsche \u2013 Kaputter Anh\u00e4nger \u2013 SW1405 \u2013 Zul\u00e4ssiges Gesamtgewicht: 1800 Kg \u2013 2 Achsen"}]},{"@type":"WebSite","@id":"https:\/\/sagrinex.com\/#website","url":"https:\/\/sagrinex.com\/","name":"Sagrinex \u2013 Spezialist f\u00fcr Anh\u00e4nger, Container & Landtechnik","description":"Anhaenger, Container &amp; Landtechnik \u2014 Online-Verkauf &amp; kostenloses Angebot","publisher":{"@id":"https:\/\/sagrinex.com\/#organization"},"potentialAction":[{"@type":"SearchAction","target":{"@type":"EntryPoint","urlTemplate":"https:\/\/sagrinex.com\/?s={search_term_string}"},"query-input":{"@type":"PropertyValueSpecification","valueRequired":true,"valueName":"search_term_string"}}],"inLanguage":"de"},{"@type":"Organization","@id":"https:\/\/sagrinex.com\/#organization","name":"Sagrinex \u2013 Remorques, Conteneurs & Mat\u00e9riel Agricole","url":"https:\/\/sagrinex.com\/","logo":{"@type":"ImageObject","inLanguage":"de","@id":"https:\/\/sagrinex.com\/#\/schema\/logo\/image\/","url":"https:\/\/sagrinex.com\/wp-content\/uploads\/2026\/03\/7f1ac463-ef5a-425d-bdd6-a5da03a334a9-1024x683.png","contentUrl":"https:\/\/sagrinex.com\/wp-content\/uploads\/2026\/03\/7f1ac463-ef5a-425d-bdd6-a5da03a334a9-1024x683.png","width":1024,"height":683,"caption":"Sagrinex \u2013 Remorques, Conteneurs & Mat\u00e9riel Agricole"},"image":{"@id":"https:\/\/sagrinex.com\/#\/schema\/logo\/image\/"}}]}},"jetpack_sharing_enabled":true,"_links":{"self":[{"href":"https:\/\/sagrinex.com\/de\/wp-json\/wp\/v2\/product\/14170","targetHints":{"allow":["GET"]}}],"collection":[{"href":"https:\/\/sagrinex.com\/de\/wp-json\/wp\/v2\/product"}],"about":[{"href":"https:\/\/sagrinex.com\/de\/wp-json\/wp\/v2\/types\/product"}],"replies":[{"embeddable":true,"href":"https:\/\/sagrinex.com\/de\/wp-json\/wp\/v2\/comments?post=14170"}],"version-history":[{"count":0,"href":"https:\/\/sagrinex.com\/de\/wp-json\/wp\/v2\/product\/14170\/revisions"}],"wp:featuredmedia":[{"embeddable":true,"href":"https:\/\/sagrinex.com\/de\/wp-json\/wp\/v2\/media\/16458"}],"wp:attachment":[{"href":"https:\/\/sagrinex.com\/de\/wp-json\/wp\/v2\/media?parent=14170"}],"wp:term":[{"taxonomy":"product_brand","embeddable":true,"href":"https:\/\/sagrinex.com\/de\/wp-json\/wp\/v2\/product_brand?post=14170"},{"taxonomy":"product_cat","embeddable":true,"href":"https:\/\/sagrinex.com\/de\/wp-json\/wp\/v2\/product_cat?post=14170"},{"taxonomy":"product_tag","embeddable":true,"href":"https:\/\/sagrinex.com\/de\/wp-json\/wp\/v2\/product_tag?post=14170"}],"curies":[{"name":"wp","href":"https:\/\/api.w.org\/{rel}","templated":true}]}}