{"id":14172,"date":"2026-03-16T19:51:26","date_gmt":"2026-03-16T19:51:26","guid":{"rendered":"https:\/\/sagrinex.com\/produit\/galaxy-mehrrollen-boottraeger-zulaessiges-gesamtgewicht-1350-kg-1-achse\/"},"modified":"2026-04-15T21:12:11","modified_gmt":"2026-04-15T21:12:11","slug":"galaxy-mehrrollen-boottraeger-zulaessiges-gesamtgewicht-1350-kg-1-achse","status":"publish","type":"product","link":"https:\/\/sagrinex.com\/de\/produit\/galaxy-mehrrollen-boottraeger-zulaessiges-gesamtgewicht-1350-kg-1-achse\/","title":{"rendered":"Galaxy-mehrrollen-boottr\u00c4ger \u2013 Zul\u00e4ssiges Gesamtgewicht: 1350 Kg \u2013 1 Achse"},"content":{"rendered":"<p>Der <strong>SUN WAY Bootsanh\u00e4nger<\/strong> mit <strong>Multi-Roller-Kit<\/strong> ist f\u00fcr den sicheren Transport von Booten bis 5,57 Meter L\u00e4nge konzipiert. Es ist ideal f\u00fcr Bootsfahrer, die eine zuverl\u00e4ssige, wirtschaftliche und praktische L\u00f6sung suchen, und eignet sich sowohl f\u00fcr den privaten als auch f\u00fcr den professionellen Einsatz.<\/p>\n<ul>\n<li><strong>M\u00f6gliches zul\u00e4ssiges Gesamtgewicht:<\/strong> 1350 \/ 1200 \/ 1100 kg<\/li>\n<li><strong>Urgewicht:<\/strong> 335 kg<\/li>\n<li><strong>Maximale Nutzlast:<\/strong> 1015 kg<\/li>\n<li><strong>R\u00e4der:<\/strong> 165R13C<\/li>\n<li><strong>Fahrgestelll\u00e4nge:<\/strong> 6,20 m<\/li>\n<li><strong>Maximale Rumpfl\u00e4nge:<\/strong> 5,57 m<\/li>\n<\/ul>\n<p>Der Anh\u00e4nger ist mit <strong>wasserdichten LED-Festleuchten<\/strong> ausgestattet, die optimale Sicht und erh\u00f6hte Haltbarkeit auch bei nassen Bedingungen am Meer garantieren. Seine <strong>1350 kg schwere ALKO-Bremsachse<\/strong> sorgt f\u00fcr mehr Stabilit\u00e4t und Sicherheit beim Transport.<\/p>\n<p>Sein Design mit <strong>Stringern<\/strong> bietet au\u00dfergew\u00f6hnliche Robustheit und Steifigkeit und erm\u00f6glicht eine bessere Stra\u00dfenlage. Die <strong>verstellbare Windenhalterung<\/strong> erleichtert das Be- und Entladen des Bootes und passt sich verschiedenen Rumpfkonfigurationen an.<\/p>\n<p>Der Anh\u00e4nger ist mit einem <strong>St\u00fctzrad mit 48 mm Durchmesser<\/strong> ausgestattet, das das Man\u00f6vrieren im Stand und die pr\u00e4zise Positionierung des Anh\u00e4ngers erleichtert. Die serienm\u00e4\u00dfige Windenhalterung dieses ECO-Modells passt sich problemlos an die Abmessungen Ihres Bootes an und bietet gleichzeitig eine solide und widerstandsf\u00e4hige Unterst\u00fctzung f\u00fcr den Bug.<\/p>\n<ul>\n<li>Reduzierung des zul\u00e4ssigen Gesamtgewichts (1350\/1200\/1100)<\/li>\n<li>Ersatzrad<\/li>\n<li>Ersatzrad-Flanschhalterung<\/li>\n<li>Diebstahlschutz<\/li>\n<li>Gurt 9 m \u2013 4 T<\/li>\n<\/ul>\n<p>Neben einem praktischen und modularen Design wird dieser <strong>sparsame Bootstr\u00e4ger<\/strong> mit mehreren Rollen, der standardm\u00e4\u00dfig mit <strong>wasserdichten LED-Leuchten<\/strong> und einer <strong>verstellbaren Windenhalterung<\/strong> ausgestattet ist, zu einem attraktiven Preis verkauft!<\/p>\n<p>Wenn Sie sich f\u00fcr Sagrinex entscheiden, profitieren Sie von einer <strong>gro\u00dfen Auswahl an personalisierten Optionen<\/strong> und einem <strong>reaktionsschnellen Kundendienst<\/strong>, der ein qualitativ hochwertiges Kundenerlebnis gew\u00e4hrleistet. Wir verf\u00fcgen das ganze Jahr \u00fcber \u00fcber eine gro\u00dfe Auswahl an Bootsanh\u00e4ngern.<\/p>\n<p>Dieses Modell ist f\u00fcr den Stra\u00dfenverkehr zugelassen, mit <strong>Grauer Karte<\/strong> und eigenem Kennzeichen.<\/p>\n<p>Es ist unbedingt erforderlich, die <strong>Nutzungsbeschr\u00e4nkungen<\/strong> im Stra\u00dfenverkehr zu pr\u00fcfen und sicherzustellen, dass der Anh\u00e4nger den geltenden Vorschriften entspricht.<\/p>\n","protected":false},"excerpt":{"rendered":"<p>Der SUN WAY Bootsanh\u00e4nger ist ein wirtschaftliches Modell, das f\u00fcr den sicheren Transport von Booten bis zu 5,57 Metern konzipiert ist. Es ist ideal f\u00fcr V-R\u00fcmpfe und Boote mit flachem Boden und verf\u00fcgt \u00fcber wasserdichte LED-Leuchten und halbstarre PVC-Kotfl\u00fcgel.<\/p>\n<div class=\"mod_fa_customizablefields_v14_list\">\n<div class=\"mod_fa_champspersonnalisables_v14_title\"><strong>TAC: <\/strong><span class=\"mod_fa_champspersonnalisables_v14_value\">1350 \/ 1200 \/ 1100 kg<\/span><\/div>\n<\/div>\n<div class=\"mod_fa_customizablefields_v14_list\">\n<div class=\"mod_fa_champspersonnalisables_v14_titre\"><strong>Leermasse: <\/strong><span class=\"mod_fa_champspersonnalisables_v14_value\">335 kg<\/span><\/div>\n<\/div>\n<div class=\"mod_fa_customizablefields_v14_list\">\n<div class=\"mod_fa_champspersonnalisables_v14_titre\"><strong>Nutzlast: <\/strong><span class=\"mod_fa_champspersonnalisables_v14_value\">1015 kg<\/span><\/div>\n<\/div>\n<div class=\"mod_fa_customizablefields_v14_list\">\n<div class=\"mod_fa_champspersonnalisables_v14_titre\"><strong>Gesamtabmessungen: <\/strong><span class=\"mod_fa_champspersonnalisables_v14_value\">6,20 m<\/span><\/div>\n<\/div>\n<div class=\"mod_fa_customizablefields_v14_list\">\n<div class=\"mod_fa_champspersonnalisables_v14_titre\"><strong>Maximale L\u00e4nge des Bootes: <\/strong><span class=\"mod_fa_champspersonnalisables_v14_valeur\">Rumpf 5,57 m<\/span><\/div>\n<\/div>\n<div class=\"mod_fa_customizablefields_v14_list\">\n<div class=\"mod_fa_champspersonnalisables_v14_titre\"><strong>Achswiderstand(e): <\/strong><span class=\"mod_fa_champspersonnalisables_v14_value\">1350 kg<\/span><\/div>\n<\/div>\n<div class=\"mod_fa_customizablefields_v14_list\">\n<div class=\"mod_fa_personalisablefields_v14_title\"><strong>Timon: <\/strong><span class=\"mod_fa_personalisablefields_v14_value\">V<\/span><\/div>\n<\/div>\n<div class=\"mod_fa_customizablefields_v14_list\">\n<div class=\"mod_fa_champspersonnalisables_v14_titre\"><strong>Rahmentyp: <\/strong><span class=\"mod_fa_champspersonnalisables_v14_value\">Feuerverzinkt<\/span><\/div>\n<\/div>\n<div class=\"mod_fa_customizablefields_v14_list\">\n<div class=\"mod_fa_champspersonnalisables_v14_titre\"><strong>R\u00e4der: <\/strong><span class=\"mod_fa_champspersonnalisables_v14_valeur\">165R13C 5T112<\/span><\/div>\n<\/div>\n<div class=\"mod_fa_customizablefields_v14_list\">\n<div class=\"mod_fa_champspersonnalisables_v14_titre\"><strong>Ausstattung: <\/strong><span class=\"mod_fa_champspersonnalisables_v14_valeur\">Wasserdichte LED-Leuchten, verstellbare Windenunterst\u00fctzung<\/span><\/div>\n<\/div>\n","protected":false},"featured_media":16432,"comment_status":"open","ping_status":"closed","template":"","meta":[],"product_brand":[],"product_cat":[357,352],"product_tag":[],"class_list":{"0":"post-14172","1":"product","2":"type-product","3":"status-publish","4":"has-post-thumbnail","6":"product_cat-nautische-anhaenger","7":"product_cat-unsere-trailer","9":"first","10":"instock","11":"shipping-taxable","12":"purchasable","13":"product-type-simple"},"yoast_head":"<!-- This site is optimized with the Yoast SEO plugin v27.4 - https:\/\/yoast.com\/product\/yoast-seo-wordpress\/ -->\n<title>GALAXY-MEHRROLLEN-BOOTTR\u00c4GER \u2013 zul\u00e4ssiges Gesamtgewicht: 1350 kg \u2013 1 Achse<\/title>\n<meta name=\"description\" content=\"Der SUN WAY Bootsanh\u00e4nger ist ein wirtschaftliches Modell, das f\u00fcr den sicheren Transport von Booten bis zu 5,57 Metern konzipiert ist. Es ist ideal f\u00fcr V-R\u00fcmpfe und Boote mit flachem Boden und verf\u00fcgt \u00fcber wasserdichte LED-Leuchten und halbstarre PVC-Kotfl\u00fcgel.\" \/>\n<meta name=\"robots\" content=\"index, follow, max-snippet:-1, max-image-preview:large, max-video-preview:-1\" \/>\n<link rel=\"canonical\" href=\"https:\/\/sagrinex.com\/produit\/porte-bateau-multi-rouleaux-galaxy-ge13-ptac-1350kg-1-essieu\/\" \/>\n<meta property=\"og:locale\" content=\"de_DE\" \/>\n<meta property=\"og:type\" content=\"article\" \/>\n<meta property=\"og:title\" content=\"GALAXY-MEHRROLLEN-BOOTTR\u00c4GER \u2013 zul\u00e4ssiges Gesamtgewicht: 1350 kg \u2013 1 Achse\" \/>\n<meta property=\"og:description\" content=\"Der SUN WAY Bootsanh\u00e4nger ist ein wirtschaftliches Modell, das f\u00fcr den sicheren Transport von Booten bis zu 5,57 Metern konzipiert ist. Es ist ideal f\u00fcr V-R\u00fcmpfe und Boote mit flachem Boden und verf\u00fcgt \u00fcber wasserdichte LED-Leuchten und halbstarre PVC-Kotfl\u00fcgel.\" \/>\n<meta property=\"og:url\" content=\"https:\/\/sagrinex.com\/produit\/porte-bateau-multi-rouleaux-galaxy-ge13-ptac-1350kg-1-essieu\/\" \/>\n<meta property=\"og:site_name\" content=\"Sagrinex \u2013 Anhaenger, Container &amp; Landtechnik \ud83c\udf3e\ud83d\ude9c\" \/>\n<meta property=\"article:modified_time\" content=\"2026-04-15T21:12:11+00:00\" \/>\n<meta property=\"og:image\" content=\"https:\/\/sagrinex.com\/wp-content\/uploads\/2026\/03\/Image-407-3.jpeg\" \/>\n\t<meta property=\"og:image:width\" content=\"1080\" \/>\n\t<meta property=\"og:image:height\" content=\"810\" \/>\n\t<meta property=\"og:image:type\" content=\"image\/jpeg\" \/>\n<meta name=\"twitter:card\" content=\"summary_large_image\" \/>\n<meta name=\"twitter:label1\" content=\"Gesch\u00e4tzte Lesezeit\" \/>\n\t<meta name=\"twitter:data1\" content=\"2\u00a0Minuten\" \/>\n<script type=\"application\/ld+json\" class=\"yoast-schema-graph\">{\"@context\":\"https:\\\/\\\/schema.org\",\"@graph\":[{\"@type\":\"WebPage\",\"@id\":\"https:\\\/\\\/sagrinex.com\\\/produit\\\/porte-bateau-multi-rouleaux-galaxy-ge13-ptac-1350kg-1-essieu\\\/\",\"url\":\"https:\\\/\\\/sagrinex.com\\\/produit\\\/porte-bateau-multi-rouleaux-galaxy-ge13-ptac-1350kg-1-essieu\\\/\",\"name\":\"GALAXY-MEHRROLLEN-BOOTTR\u00c4GER \u2013 zul\u00e4ssiges Gesamtgewicht: 1350 kg \u2013 1 Achse\",\"isPartOf\":{\"@id\":\"https:\\\/\\\/sagrinex.com\\\/#website\"},\"primaryImageOfPage\":{\"@id\":\"https:\\\/\\\/sagrinex.com\\\/produit\\\/porte-bateau-multi-rouleaux-galaxy-ge13-ptac-1350kg-1-essieu\\\/#primaryimage\"},\"image\":{\"@id\":\"https:\\\/\\\/sagrinex.com\\\/produit\\\/porte-bateau-multi-rouleaux-galaxy-ge13-ptac-1350kg-1-essieu\\\/#primaryimage\"},\"thumbnailUrl\":\"https:\\\/\\\/sagrinex.com\\\/wp-content\\\/uploads\\\/2026\\\/03\\\/Image-407-3.jpeg\",\"datePublished\":\"2026-03-16T19:51:26+00:00\",\"dateModified\":\"2026-04-15T21:12:11+00:00\",\"description\":\"Der SUN WAY Bootsanh\u00e4nger ist ein wirtschaftliches Modell, das f\u00fcr den sicheren Transport von Booten bis zu 5,57 Metern konzipiert ist. Es ist ideal f\u00fcr V-R\u00fcmpfe und Boote mit flachem Boden und verf\u00fcgt \u00fcber wasserdichte LED-Leuchten und halbstarre PVC-Kotfl\u00fcgel.\",\"breadcrumb\":{\"@id\":\"https:\\\/\\\/sagrinex.com\\\/produit\\\/porte-bateau-multi-rouleaux-galaxy-ge13-ptac-1350kg-1-essieu\\\/#breadcrumb\"},\"inLanguage\":\"de\",\"potentialAction\":[{\"@type\":\"ReadAction\",\"target\":[\"https:\\\/\\\/sagrinex.com\\\/produit\\\/porte-bateau-multi-rouleaux-galaxy-ge13-ptac-1350kg-1-essieu\\\/\"]}]},{\"@type\":\"ImageObject\",\"inLanguage\":\"de\",\"@id\":\"https:\\\/\\\/sagrinex.com\\\/produit\\\/porte-bateau-multi-rouleaux-galaxy-ge13-ptac-1350kg-1-essieu\\\/#primaryimage\",\"url\":\"https:\\\/\\\/sagrinex.com\\\/wp-content\\\/uploads\\\/2026\\\/03\\\/Image-407-3.jpeg\",\"contentUrl\":\"https:\\\/\\\/sagrinex.com\\\/wp-content\\\/uploads\\\/2026\\\/03\\\/Image-407-3.jpeg\",\"width\":1080,\"height\":810},{\"@type\":\"BreadcrumbList\",\"@id\":\"https:\\\/\\\/sagrinex.com\\\/produit\\\/porte-bateau-multi-rouleaux-galaxy-ge13-ptac-1350kg-1-essieu\\\/#breadcrumb\",\"itemListElement\":[{\"@type\":\"ListItem\",\"position\":1,\"name\":\"Accueil\",\"item\":\"https:\\\/\\\/sagrinex.com\\\/?lang=de\"},{\"@type\":\"ListItem\",\"position\":2,\"name\":\"Shop\",\"item\":\"https:\\\/\\\/sagrinex.com\\\/shop\\\/\"},{\"@type\":\"ListItem\",\"position\":3,\"name\":\"Galaxy-mehrrollen-boottr\u00c4ger \u2013 Zul\u00e4ssiges Gesamtgewicht: 1350 Kg \u2013 1 Achse\"}]},{\"@type\":\"WebSite\",\"@id\":\"https:\\\/\\\/sagrinex.com\\\/#website\",\"url\":\"https:\\\/\\\/sagrinex.com\\\/\",\"name\":\"Sagrinex \u2013 Spezialist f\u00fcr Anh\u00e4nger, Container & Landtechnik\",\"description\":\"Anhaenger, Container &amp; Landtechnik \u2014 Online-Verkauf &amp; kostenloses Angebot\",\"publisher\":{\"@id\":\"https:\\\/\\\/sagrinex.com\\\/#organization\"},\"potentialAction\":[{\"@type\":\"SearchAction\",\"target\":{\"@type\":\"EntryPoint\",\"urlTemplate\":\"https:\\\/\\\/sagrinex.com\\\/?s={search_term_string}\"},\"query-input\":{\"@type\":\"PropertyValueSpecification\",\"valueRequired\":true,\"valueName\":\"search_term_string\"}}],\"inLanguage\":\"de\"},{\"@type\":\"Organization\",\"@id\":\"https:\\\/\\\/sagrinex.com\\\/#organization\",\"name\":\"Sagrinex \u2013 Remorques, Conteneurs & Mat\u00e9riel Agricole\",\"url\":\"https:\\\/\\\/sagrinex.com\\\/\",\"logo\":{\"@type\":\"ImageObject\",\"inLanguage\":\"de\",\"@id\":\"https:\\\/\\\/sagrinex.com\\\/#\\\/schema\\\/logo\\\/image\\\/\",\"url\":\"https:\\\/\\\/sagrinex.com\\\/wp-content\\\/uploads\\\/2026\\\/03\\\/7f1ac463-ef5a-425d-bdd6-a5da03a334a9-1024x683.png\",\"contentUrl\":\"https:\\\/\\\/sagrinex.com\\\/wp-content\\\/uploads\\\/2026\\\/03\\\/7f1ac463-ef5a-425d-bdd6-a5da03a334a9-1024x683.png\",\"width\":1024,\"height\":683,\"caption\":\"Sagrinex \u2013 Remorques, Conteneurs & Mat\u00e9riel Agricole\"},\"image\":{\"@id\":\"https:\\\/\\\/sagrinex.com\\\/#\\\/schema\\\/logo\\\/image\\\/\"}}]}<\/script>\n<!-- \/ Yoast SEO plugin. -->","yoast_head_json":{"title":"GALAXY-MEHRROLLEN-BOOTTR\u00c4GER \u2013 zul\u00e4ssiges Gesamtgewicht: 1350 kg \u2013 1 Achse","description":"Der SUN WAY Bootsanh\u00e4nger ist ein wirtschaftliches Modell, das f\u00fcr den sicheren Transport von Booten bis zu 5,57 Metern konzipiert ist. Es ist ideal f\u00fcr V-R\u00fcmpfe und Boote mit flachem Boden und verf\u00fcgt \u00fcber wasserdichte LED-Leuchten und halbstarre PVC-Kotfl\u00fcgel.","robots":{"index":"index","follow":"follow","max-snippet":"max-snippet:-1","max-image-preview":"max-image-preview:large","max-video-preview":"max-video-preview:-1"},"canonical":"https:\/\/sagrinex.com\/produit\/porte-bateau-multi-rouleaux-galaxy-ge13-ptac-1350kg-1-essieu\/","og_locale":"de_DE","og_type":"article","og_title":"GALAXY-MEHRROLLEN-BOOTTR\u00c4GER \u2013 zul\u00e4ssiges Gesamtgewicht: 1350 kg \u2013 1 Achse","og_description":"Der SUN WAY Bootsanh\u00e4nger ist ein wirtschaftliches Modell, das f\u00fcr den sicheren Transport von Booten bis zu 5,57 Metern konzipiert ist. Es ist ideal f\u00fcr V-R\u00fcmpfe und Boote mit flachem Boden und verf\u00fcgt \u00fcber wasserdichte LED-Leuchten und halbstarre PVC-Kotfl\u00fcgel.","og_url":"https:\/\/sagrinex.com\/produit\/porte-bateau-multi-rouleaux-galaxy-ge13-ptac-1350kg-1-essieu\/","og_site_name":"Sagrinex \u2013 Anhaenger, Container &amp; Landtechnik \ud83c\udf3e\ud83d\ude9c","article_modified_time":"2026-04-15T21:12:11+00:00","og_image":[{"width":1080,"height":810,"url":"https:\/\/sagrinex.com\/wp-content\/uploads\/2026\/03\/Image-407-3.jpeg","type":"image\/jpeg"}],"twitter_card":"summary_large_image","twitter_misc":{"Gesch\u00e4tzte Lesezeit":"2\u00a0Minuten"},"schema":{"@context":"https:\/\/schema.org","@graph":[{"@type":"WebPage","@id":"https:\/\/sagrinex.com\/produit\/porte-bateau-multi-rouleaux-galaxy-ge13-ptac-1350kg-1-essieu\/","url":"https:\/\/sagrinex.com\/produit\/porte-bateau-multi-rouleaux-galaxy-ge13-ptac-1350kg-1-essieu\/","name":"GALAXY-MEHRROLLEN-BOOTTR\u00c4GER \u2013 zul\u00e4ssiges Gesamtgewicht: 1350 kg \u2013 1 Achse","isPartOf":{"@id":"https:\/\/sagrinex.com\/#website"},"primaryImageOfPage":{"@id":"https:\/\/sagrinex.com\/produit\/porte-bateau-multi-rouleaux-galaxy-ge13-ptac-1350kg-1-essieu\/#primaryimage"},"image":{"@id":"https:\/\/sagrinex.com\/produit\/porte-bateau-multi-rouleaux-galaxy-ge13-ptac-1350kg-1-essieu\/#primaryimage"},"thumbnailUrl":"https:\/\/sagrinex.com\/wp-content\/uploads\/2026\/03\/Image-407-3.jpeg","datePublished":"2026-03-16T19:51:26+00:00","dateModified":"2026-04-15T21:12:11+00:00","description":"Der SUN WAY Bootsanh\u00e4nger ist ein wirtschaftliches Modell, das f\u00fcr den sicheren Transport von Booten bis zu 5,57 Metern konzipiert ist. Es ist ideal f\u00fcr V-R\u00fcmpfe und Boote mit flachem Boden und verf\u00fcgt \u00fcber wasserdichte LED-Leuchten und halbstarre PVC-Kotfl\u00fcgel.","breadcrumb":{"@id":"https:\/\/sagrinex.com\/produit\/porte-bateau-multi-rouleaux-galaxy-ge13-ptac-1350kg-1-essieu\/#breadcrumb"},"inLanguage":"de","potentialAction":[{"@type":"ReadAction","target":["https:\/\/sagrinex.com\/produit\/porte-bateau-multi-rouleaux-galaxy-ge13-ptac-1350kg-1-essieu\/"]}]},{"@type":"ImageObject","inLanguage":"de","@id":"https:\/\/sagrinex.com\/produit\/porte-bateau-multi-rouleaux-galaxy-ge13-ptac-1350kg-1-essieu\/#primaryimage","url":"https:\/\/sagrinex.com\/wp-content\/uploads\/2026\/03\/Image-407-3.jpeg","contentUrl":"https:\/\/sagrinex.com\/wp-content\/uploads\/2026\/03\/Image-407-3.jpeg","width":1080,"height":810},{"@type":"BreadcrumbList","@id":"https:\/\/sagrinex.com\/produit\/porte-bateau-multi-rouleaux-galaxy-ge13-ptac-1350kg-1-essieu\/#breadcrumb","itemListElement":[{"@type":"ListItem","position":1,"name":"Accueil","item":"https:\/\/sagrinex.com\/?lang=de"},{"@type":"ListItem","position":2,"name":"Shop","item":"https:\/\/sagrinex.com\/shop\/"},{"@type":"ListItem","position":3,"name":"Galaxy-mehrrollen-boottr\u00c4ger \u2013 Zul\u00e4ssiges Gesamtgewicht: 1350 Kg \u2013 1 Achse"}]},{"@type":"WebSite","@id":"https:\/\/sagrinex.com\/#website","url":"https:\/\/sagrinex.com\/","name":"Sagrinex \u2013 Spezialist f\u00fcr Anh\u00e4nger, Container & Landtechnik","description":"Anhaenger, Container &amp; Landtechnik \u2014 Online-Verkauf &amp; kostenloses Angebot","publisher":{"@id":"https:\/\/sagrinex.com\/#organization"},"potentialAction":[{"@type":"SearchAction","target":{"@type":"EntryPoint","urlTemplate":"https:\/\/sagrinex.com\/?s={search_term_string}"},"query-input":{"@type":"PropertyValueSpecification","valueRequired":true,"valueName":"search_term_string"}}],"inLanguage":"de"},{"@type":"Organization","@id":"https:\/\/sagrinex.com\/#organization","name":"Sagrinex \u2013 Remorques, Conteneurs & Mat\u00e9riel Agricole","url":"https:\/\/sagrinex.com\/","logo":{"@type":"ImageObject","inLanguage":"de","@id":"https:\/\/sagrinex.com\/#\/schema\/logo\/image\/","url":"https:\/\/sagrinex.com\/wp-content\/uploads\/2026\/03\/7f1ac463-ef5a-425d-bdd6-a5da03a334a9-1024x683.png","contentUrl":"https:\/\/sagrinex.com\/wp-content\/uploads\/2026\/03\/7f1ac463-ef5a-425d-bdd6-a5da03a334a9-1024x683.png","width":1024,"height":683,"caption":"Sagrinex \u2013 Remorques, Conteneurs & Mat\u00e9riel Agricole"},"image":{"@id":"https:\/\/sagrinex.com\/#\/schema\/logo\/image\/"}}]}},"jetpack_sharing_enabled":true,"_links":{"self":[{"href":"https:\/\/sagrinex.com\/de\/wp-json\/wp\/v2\/product\/14172","targetHints":{"allow":["GET"]}}],"collection":[{"href":"https:\/\/sagrinex.com\/de\/wp-json\/wp\/v2\/product"}],"about":[{"href":"https:\/\/sagrinex.com\/de\/wp-json\/wp\/v2\/types\/product"}],"replies":[{"embeddable":true,"href":"https:\/\/sagrinex.com\/de\/wp-json\/wp\/v2\/comments?post=14172"}],"version-history":[{"count":0,"href":"https:\/\/sagrinex.com\/de\/wp-json\/wp\/v2\/product\/14172\/revisions"}],"wp:featuredmedia":[{"embeddable":true,"href":"https:\/\/sagrinex.com\/de\/wp-json\/wp\/v2\/media\/16432"}],"wp:attachment":[{"href":"https:\/\/sagrinex.com\/de\/wp-json\/wp\/v2\/media?parent=14172"}],"wp:term":[{"taxonomy":"product_brand","embeddable":true,"href":"https:\/\/sagrinex.com\/de\/wp-json\/wp\/v2\/product_brand?post=14172"},{"taxonomy":"product_cat","embeddable":true,"href":"https:\/\/sagrinex.com\/de\/wp-json\/wp\/v2\/product_cat?post=14172"},{"taxonomy":"product_tag","embeddable":true,"href":"https:\/\/sagrinex.com\/de\/wp-json\/wp\/v2\/product_tag?post=14172"}],"curies":[{"name":"wp","href":"https:\/\/api.w.org\/{rel}","templated":true}]}}