{"id":14173,"date":"2026-03-16T16:51:51","date_gmt":"2026-03-16T16:51:51","guid":{"rendered":"https:\/\/sagrinex.com\/produit\/galaxy-mehrrollen-boottraeger-gs18-g1340-zulaessiges-gesamtgewicht-1800-kg-1-achse\/"},"modified":"2026-04-15T21:12:11","modified_gmt":"2026-04-15T21:12:11","slug":"galaxy-mehrrollen-boottraeger-gs18-g1340-zulaessiges-gesamtgewicht-1800-kg-1-achse","status":"publish","type":"product","link":"https:\/\/sagrinex.com\/de\/produit\/galaxy-mehrrollen-boottraeger-gs18-g1340-zulaessiges-gesamtgewicht-1800-kg-1-achse\/","title":{"rendered":"Galaxy-mehrrollen-boottr\u00c4ger \u2013 GS18 \/ G1340 \u2013 Zul\u00e4ssiges Gesamtgewicht: 1800 Kg \u2013 1 Achse"},"content":{"rendered":"<p>Dieser Mehrrollen-Bootstr\u00e4ger ist f\u00fcr den Stra\u00dfentransport von Booten mit einer Rumpfl\u00e4nge von bis zu 6,02 m und einem maximalen Gewicht von 1380 kg konzipiert. Es eignet sich f\u00fcr V-R\u00fcmpfe, halbstarre R\u00fcmpfe, Integralboote und Schnellr\u00fcmpfe. Die wasserdichten LED-Leuchten erm\u00f6glichen das Zuwasserlassen ohne vorheriges Abnehmen und vereinfachen so den nautischen Betrieb.<\/p>\n<ul>\n<li><strong>Zul\u00e4ssiges Gesamtgewicht:<\/strong> 1800 kg<\/li>\n<li><strong>Leermasse:<\/strong> 440 kg<\/li>\n<li><strong>Nutzlast:<\/strong> 1360kg<\/li>\n<li><strong>Nutzma\u00dfe:<\/strong> L\u00e4nge: 670\u2013734 cm | Breite: 230 cm<\/li>\n<li><strong>Gesamtabmessungen:<\/strong> L\u00e4nge: 6,74 m | Breite: 2,17 m<\/li>\n<li><strong>Maximale L\u00e4nge des Bootes:<\/strong> 6,02 m Rumpf<\/li>\n<li><strong>Pfeil:<\/strong> Feuerverzinkt in V<\/li>\n<li><strong>Kopf gebremst:<\/strong> Ja<\/li>\n<li><strong>Fahrgestell:<\/strong> Feuerverzinkt<\/li>\n<li><strong>R\u00e4der:<\/strong> 195R14C<\/li>\n<li><strong>Ausstattung:<\/strong> Trommelbremsachse,<\/li>\n<li>Integrierte wasserdichte LED-Leuchten, selbstbremsende 2-Gang-Winde, verstellbare Windenhalterung und 3D-verstellbarer Buganschlag, St\u00fctzraddurchmesser 60.<\/li>\n<\/ul>\n<p>Der Anh\u00e4nger ist mit einem <strong>Rollenkippsystem<\/strong> ausgestattet, das das Boot beim Zu- und Absetzen begleitet und so diese Vorg\u00e4nge erleichtert. Dar\u00fcber hinaus sorgt das <strong>Dyneema-Windenseil<\/strong>, ein elastisches und reibungsbest\u00e4ndiges Material, f\u00fcr optimale Sicherheit bei Man\u00f6vern. Die <strong>abgeschr\u00e4gten, verst\u00e4rkten Rollen<\/strong> an den Seiten erleichtern die Durchfahrt der Planken, w\u00e4hrend die <strong>Gussstahl-Rollenst\u00fctzen<\/strong> eine h\u00f6here Robustheit als Blechst\u00fctzen bieten. Schlie\u00dflich erm\u00f6glicht der <strong>vom Fahrgestell unabh\u00e4ngige Achsrahmen<\/strong> eine einfache Einstellung und verbessert die Steifigkeit der Struktur.<\/p>\n<ul>\n<li>Elektrische Winde mit wasserdichtem Batterie-Aufbewahrungskasten<\/li>\n<li>Ersatzrad mit Halterung<\/li>\n<li>Sp\u00fclset zum Reinigen der Achse nach dem Start<\/li>\n<li>Gateway-Kit am Chassis<\/li>\n<\/ul>\n<ul>\n<li>Robustheit und Benutzerfreundlichkeit<\/li>\n<li>Langlebige Walzen mit guter UV-Best\u00e4ndigkeit<\/li>\n<li>Lichtplatte aus rostfreiem Kunststoff<\/li>\n<li>Standard-Bandwinde<\/li>\n<li>Wasserdichte Voll-LED-Leuchten<\/li>\n<li>Verst\u00e4rkte hintere Rollen mit rostfreien Kunststoffst\u00fctzen<\/li>\n<li>Hochbelastbare Rollenst\u00fctzen aus Gusseisen<\/li>\n<li>Kabelbaum im Geh\u00e4use gesch\u00fctzt<\/li>\n<\/ul>\n<p>Wenn Sie sich f\u00fcr Sagrinex entscheiden, profitieren Sie von einem Anh\u00e4nger, der nach hohen Qualit\u00e4tsanforderungen hergestellt wird. Die gro\u00dfen Rollen mit 120 mm Durchmesser erleichtern das Man\u00f6vrieren und der vom Fahrgestell unabh\u00e4ngige Achsrahmen sorgt f\u00fcr eine einfache Einstellung und eine bessere Steifigkeit der Struktur.<\/p>\n<p>Mehrroller-Bootsanh\u00e4nger mit einem zul\u00e4ssigen Gesamtgewicht von mehr als 500 kg erfordern f\u00fcr die Fahrt auf \u00f6ffentlichen Stra\u00dfen die Erstellung eines Zulassungsdokuments.<\/p>\n","protected":false},"excerpt":{"rendered":"<p>Dieser Mehrrollen-Bootstr\u00e4ger ist f\u00fcr den Stra\u00dfentransport von Booten bis 6,02 m Rumpfl\u00e4nge und 1.380 kg konzipiert. Sein robustes, feuerverzinktes Chassis, das Kipprollensystem und die wasserdichten LED-Leuchten erleichtern das Zu- und Aussteigen aus dem Boot.<\/p>\n<div class=\"mod_fa_customizablefields_v14_list\">\n<div class=\"mod_fa_champspersonnalisables_v14_titre\"><strong>Zul\u00e4ssiges Gesamtgewicht: <\/strong><span class=\"mod_fa_champspersonnalisables_v14_value\">1800\/1600 kg<\/span><\/div>\n<\/div>\n<div class=\"mod_fa_customizablefields_v14_list\">\n<div class=\"mod_fa_champspersonnalisables_v14_titre\"><strong>Leermasse: <\/strong><span class=\"mod_fa_champspersonnalisables_v14_value\">440 kg<\/span><\/div>\n<\/div>\n<div class=\"mod_fa_customizablefields_v14_list\">\n<div class=\"mod_fa_champspersonnalisables_v14_titre\"><strong>Nutzlast: <\/strong><span class=\"mod_fa_champspersonnalisables_v14_value\">maximal 1380 kg<\/span><\/div>\n<\/div>\n<div class=\"mod_fa_customizablefields_v14_list\">\n<div class=\"mod_fa_champspersonnalisables_v14_titre\"><strong>Nutzma\u00dfe: <\/strong><span class=\"mod_fa_champspersonnalisables_v14_value\">L\u00e4nge: 670-734 cm | Breite: 230 cm<\/span><\/div>\n<\/div>\n<div class=\"mod_fa_customizablefields_v14_list\">\n<div class=\"mod_fa_champspersonnalisables_v14_titre\"><strong>Gesamtabmessungen: <\/strong><span class=\"mod_fa_champspersonnalisables_v14_valeur\">2,17 m L x 6,74 m B (Tisch mit Zurrring)<\/span><\/div>\n<\/div>\n<div class=\"mod_fa_customizablefields_v14_list\">\n<div class=\"mod_fa_champspersonnalisables_v14_titre\"><strong>Maximale L\u00e4nge des Bootes: <\/strong><span class=\"mod_fa_champspersonnalisables_v14_valeur\">6,02 m Rumpf<\/span><\/div>\n<\/div>\n<div class=\"mod_fa_customizablefields_v14_list\">\n<div class=\"mod_fa_champspersonnalisables_v14_title\"><strong>Pfeil: <\/strong><span class=\"mod_fa_champspersonnalisables_v14_value\">Feuerverzinkt in V<\/span><\/div>\n<\/div>\n<div class=\"mod_fa_customizablefields_v14_list\">\n<div class=\"mod_fa_champspersonnalisables_v14_titre\"><strong>Rahmentyp: <\/strong><span class=\"mod_fa_champspersonnalisables_v14_value\">Feuerverzinkt<\/span><\/div>\n<\/div>\n<div class=\"mod_fa_customizablefields_v14_list\">\n<div class=\"mod_fa_champspersonnalisables_v14_titre\"><strong>R\u00e4der: <\/strong><span class=\"mod_fa_champspersonnalisables_v14_valeur\">195R14C<\/span><\/div>\n<\/div>\n<div class=\"mod_fa_customizablefields_v14_list\">\n<div class=\"mod_fa_champspersonnalisables_v14_titre\"><strong>Ausstattung: <\/strong><span class=\"mod_fa_champspersonnalisables_v14_valeur\">Trommelbremsachse | Integrierte wasserdichte LED-Leuchten | Selbstbremsende 2-Gang-Winde | Verstellbare Windenhalterung und 3D-verstellbarer Buganschlag | St\u00fctzraddurchmesser 60<\/span><\/div>\n<\/div>\n","protected":false},"featured_media":16354,"comment_status":"open","ping_status":"closed","template":"","meta":[],"product_brand":[],"product_cat":[357,352],"product_tag":[],"class_list":{"0":"post-14173","1":"product","2":"type-product","3":"status-publish","4":"has-post-thumbnail","6":"product_cat-nautische-anhaenger","7":"product_cat-unsere-trailer","9":"first","10":"instock","11":"shipping-taxable","12":"purchasable","13":"product-type-simple"},"yoast_head":"<!-- This site is optimized with the Yoast SEO plugin v27.5 - https:\/\/yoast.com\/product\/yoast-seo-wordpress\/ -->\n<title>GALAXY-MEHRROLLEN-BOOTTR\u00c4GER \u2013 GS18 \/ G1340 \u2013 zul\u00e4ssiges Gesamtgewicht: 1800 kg \u2013 1 Achse<\/title>\n<meta name=\"description\" content=\"Dieser Mehrrollen-Bootstr\u00e4ger ist f\u00fcr den Stra\u00dfentransport von Booten bis 6,02 m Rumpfl\u00e4nge und 1.380 kg konzipiert. Sein robustes, feuerverzinktes Chassis, das Kipprollensystem und die wasserdichten LED-Leuchten erleichtern das Zu- und Aussteigen aus dem Boot.\" \/>\n<meta name=\"robots\" content=\"index, follow, max-snippet:-1, max-image-preview:large, max-video-preview:-1\" \/>\n<link rel=\"canonical\" href=\"https:\/\/sagrinex.com\/produit\/porte-bateau-multi-rouleaux-galaxy-gs18-g1340-ptac-1800kg-1-essieu\/\" \/>\n<meta property=\"og:locale\" content=\"de_DE\" \/>\n<meta property=\"og:type\" content=\"article\" \/>\n<meta property=\"og:title\" content=\"GALAXY-MEHRROLLEN-BOOTTR\u00c4GER \u2013 GS18 \/ G1340 \u2013 zul\u00e4ssiges Gesamtgewicht: 1800 kg \u2013 1 Achse\" \/>\n<meta property=\"og:description\" content=\"Dieser Mehrrollen-Bootstr\u00e4ger ist f\u00fcr den Stra\u00dfentransport von Booten bis 6,02 m Rumpfl\u00e4nge und 1.380 kg konzipiert. Sein robustes, feuerverzinktes Chassis, das Kipprollensystem und die wasserdichten LED-Leuchten erleichtern das Zu- und Aussteigen aus dem Boot.\" \/>\n<meta property=\"og:url\" content=\"https:\/\/sagrinex.com\/produit\/porte-bateau-multi-rouleaux-galaxy-gs18-g1340-ptac-1800kg-1-essieu\/\" \/>\n<meta property=\"og:site_name\" content=\"Sagrinex \u2013 Anhaenger, Container &amp; Landtechnik \ud83c\udf3e\ud83d\ude9c\" \/>\n<meta property=\"article:modified_time\" content=\"2026-04-15T21:12:11+00:00\" \/>\n<meta property=\"og:image\" content=\"https:\/\/sagrinex.com\/wp-content\/uploads\/2026\/03\/Image-322-2.jpeg\" \/>\n\t<meta property=\"og:image:width\" content=\"1000\" \/>\n\t<meta property=\"og:image:height\" content=\"1200\" \/>\n\t<meta property=\"og:image:type\" content=\"image\/jpeg\" \/>\n<meta name=\"twitter:card\" content=\"summary_large_image\" \/>\n<meta name=\"twitter:label1\" content=\"Gesch\u00e4tzte Lesezeit\" \/>\n\t<meta name=\"twitter:data1\" content=\"2\u00a0Minuten\" \/>\n<script type=\"application\/ld+json\" class=\"yoast-schema-graph\">{\"@context\":\"https:\\\/\\\/schema.org\",\"@graph\":[{\"@type\":\"WebPage\",\"@id\":\"https:\\\/\\\/sagrinex.com\\\/produit\\\/porte-bateau-multi-rouleaux-galaxy-gs18-g1340-ptac-1800kg-1-essieu\\\/\",\"url\":\"https:\\\/\\\/sagrinex.com\\\/produit\\\/porte-bateau-multi-rouleaux-galaxy-gs18-g1340-ptac-1800kg-1-essieu\\\/\",\"name\":\"GALAXY-MEHRROLLEN-BOOTTR\u00c4GER \u2013 GS18 \\\/ G1340 \u2013 zul\u00e4ssiges Gesamtgewicht: 1800 kg \u2013 1 Achse\",\"isPartOf\":{\"@id\":\"https:\\\/\\\/sagrinex.com\\\/#website\"},\"primaryImageOfPage\":{\"@id\":\"https:\\\/\\\/sagrinex.com\\\/produit\\\/porte-bateau-multi-rouleaux-galaxy-gs18-g1340-ptac-1800kg-1-essieu\\\/#primaryimage\"},\"image\":{\"@id\":\"https:\\\/\\\/sagrinex.com\\\/produit\\\/porte-bateau-multi-rouleaux-galaxy-gs18-g1340-ptac-1800kg-1-essieu\\\/#primaryimage\"},\"thumbnailUrl\":\"https:\\\/\\\/sagrinex.com\\\/wp-content\\\/uploads\\\/2026\\\/03\\\/Image-322-2.jpeg\",\"datePublished\":\"2026-03-16T16:51:51+00:00\",\"dateModified\":\"2026-04-15T21:12:11+00:00\",\"description\":\"Dieser Mehrrollen-Bootstr\u00e4ger ist f\u00fcr den Stra\u00dfentransport von Booten bis 6,02 m Rumpfl\u00e4nge und 1.380 kg konzipiert. Sein robustes, feuerverzinktes Chassis, das Kipprollensystem und die wasserdichten LED-Leuchten erleichtern das Zu- und Aussteigen aus dem Boot.\",\"breadcrumb\":{\"@id\":\"https:\\\/\\\/sagrinex.com\\\/produit\\\/porte-bateau-multi-rouleaux-galaxy-gs18-g1340-ptac-1800kg-1-essieu\\\/#breadcrumb\"},\"inLanguage\":\"de\",\"potentialAction\":[{\"@type\":\"ReadAction\",\"target\":[\"https:\\\/\\\/sagrinex.com\\\/produit\\\/porte-bateau-multi-rouleaux-galaxy-gs18-g1340-ptac-1800kg-1-essieu\\\/\"]}]},{\"@type\":\"ImageObject\",\"inLanguage\":\"de\",\"@id\":\"https:\\\/\\\/sagrinex.com\\\/produit\\\/porte-bateau-multi-rouleaux-galaxy-gs18-g1340-ptac-1800kg-1-essieu\\\/#primaryimage\",\"url\":\"https:\\\/\\\/sagrinex.com\\\/wp-content\\\/uploads\\\/2026\\\/03\\\/Image-322-2.jpeg\",\"contentUrl\":\"https:\\\/\\\/sagrinex.com\\\/wp-content\\\/uploads\\\/2026\\\/03\\\/Image-322-2.jpeg\",\"width\":1000,\"height\":1200},{\"@type\":\"BreadcrumbList\",\"@id\":\"https:\\\/\\\/sagrinex.com\\\/produit\\\/porte-bateau-multi-rouleaux-galaxy-gs18-g1340-ptac-1800kg-1-essieu\\\/#breadcrumb\",\"itemListElement\":[{\"@type\":\"ListItem\",\"position\":1,\"name\":\"Accueil\",\"item\":\"https:\\\/\\\/sagrinex.com\\\/?lang=de\"},{\"@type\":\"ListItem\",\"position\":2,\"name\":\"Shop\",\"item\":\"https:\\\/\\\/sagrinex.com\\\/shop\\\/\"},{\"@type\":\"ListItem\",\"position\":3,\"name\":\"Galaxy-mehrrollen-boottr\u00c4ger \u2013 GS18 \\\/ G1340 \u2013 Zul\u00e4ssiges Gesamtgewicht: 1800 Kg \u2013 1 Achse\"}]},{\"@type\":\"WebSite\",\"@id\":\"https:\\\/\\\/sagrinex.com\\\/#website\",\"url\":\"https:\\\/\\\/sagrinex.com\\\/\",\"name\":\"Sagrinex \u2013 Spezialist f\u00fcr Anh\u00e4nger, Container & Landtechnik\",\"description\":\"Anhaenger, Container &amp; Landtechnik \u2014 Online-Verkauf &amp; kostenloses Angebot\",\"publisher\":{\"@id\":\"https:\\\/\\\/sagrinex.com\\\/#organization\"},\"potentialAction\":[{\"@type\":\"SearchAction\",\"target\":{\"@type\":\"EntryPoint\",\"urlTemplate\":\"https:\\\/\\\/sagrinex.com\\\/?s={search_term_string}\"},\"query-input\":{\"@type\":\"PropertyValueSpecification\",\"valueRequired\":true,\"valueName\":\"search_term_string\"}}],\"inLanguage\":\"de\"},{\"@type\":\"Organization\",\"@id\":\"https:\\\/\\\/sagrinex.com\\\/#organization\",\"name\":\"Sagrinex \u2013 Remorques, Conteneurs & Mat\u00e9riel Agricole\",\"url\":\"https:\\\/\\\/sagrinex.com\\\/\",\"logo\":{\"@type\":\"ImageObject\",\"inLanguage\":\"de\",\"@id\":\"https:\\\/\\\/sagrinex.com\\\/#\\\/schema\\\/logo\\\/image\\\/\",\"url\":\"https:\\\/\\\/sagrinex.com\\\/wp-content\\\/uploads\\\/2026\\\/03\\\/7f1ac463-ef5a-425d-bdd6-a5da03a334a9-1024x683.png\",\"contentUrl\":\"https:\\\/\\\/sagrinex.com\\\/wp-content\\\/uploads\\\/2026\\\/03\\\/7f1ac463-ef5a-425d-bdd6-a5da03a334a9-1024x683.png\",\"width\":1024,\"height\":683,\"caption\":\"Sagrinex \u2013 Remorques, Conteneurs & Mat\u00e9riel Agricole\"},\"image\":{\"@id\":\"https:\\\/\\\/sagrinex.com\\\/#\\\/schema\\\/logo\\\/image\\\/\"}}]}<\/script>\n<!-- \/ Yoast SEO plugin. -->","yoast_head_json":{"title":"GALAXY-MEHRROLLEN-BOOTTR\u00c4GER \u2013 GS18 \/ G1340 \u2013 zul\u00e4ssiges Gesamtgewicht: 1800 kg \u2013 1 Achse","description":"Dieser Mehrrollen-Bootstr\u00e4ger ist f\u00fcr den Stra\u00dfentransport von Booten bis 6,02 m Rumpfl\u00e4nge und 1.380 kg konzipiert. Sein robustes, feuerverzinktes Chassis, das Kipprollensystem und die wasserdichten LED-Leuchten erleichtern das Zu- und Aussteigen aus dem Boot.","robots":{"index":"index","follow":"follow","max-snippet":"max-snippet:-1","max-image-preview":"max-image-preview:large","max-video-preview":"max-video-preview:-1"},"canonical":"https:\/\/sagrinex.com\/produit\/porte-bateau-multi-rouleaux-galaxy-gs18-g1340-ptac-1800kg-1-essieu\/","og_locale":"de_DE","og_type":"article","og_title":"GALAXY-MEHRROLLEN-BOOTTR\u00c4GER \u2013 GS18 \/ G1340 \u2013 zul\u00e4ssiges Gesamtgewicht: 1800 kg \u2013 1 Achse","og_description":"Dieser Mehrrollen-Bootstr\u00e4ger ist f\u00fcr den Stra\u00dfentransport von Booten bis 6,02 m Rumpfl\u00e4nge und 1.380 kg konzipiert. Sein robustes, feuerverzinktes Chassis, das Kipprollensystem und die wasserdichten LED-Leuchten erleichtern das Zu- und Aussteigen aus dem Boot.","og_url":"https:\/\/sagrinex.com\/produit\/porte-bateau-multi-rouleaux-galaxy-gs18-g1340-ptac-1800kg-1-essieu\/","og_site_name":"Sagrinex \u2013 Anhaenger, Container &amp; Landtechnik \ud83c\udf3e\ud83d\ude9c","article_modified_time":"2026-04-15T21:12:11+00:00","og_image":[{"width":1000,"height":1200,"url":"https:\/\/sagrinex.com\/wp-content\/uploads\/2026\/03\/Image-322-2.jpeg","type":"image\/jpeg"}],"twitter_card":"summary_large_image","twitter_misc":{"Gesch\u00e4tzte Lesezeit":"2\u00a0Minuten"},"schema":{"@context":"https:\/\/schema.org","@graph":[{"@type":"WebPage","@id":"https:\/\/sagrinex.com\/produit\/porte-bateau-multi-rouleaux-galaxy-gs18-g1340-ptac-1800kg-1-essieu\/","url":"https:\/\/sagrinex.com\/produit\/porte-bateau-multi-rouleaux-galaxy-gs18-g1340-ptac-1800kg-1-essieu\/","name":"GALAXY-MEHRROLLEN-BOOTTR\u00c4GER \u2013 GS18 \/ G1340 \u2013 zul\u00e4ssiges Gesamtgewicht: 1800 kg \u2013 1 Achse","isPartOf":{"@id":"https:\/\/sagrinex.com\/#website"},"primaryImageOfPage":{"@id":"https:\/\/sagrinex.com\/produit\/porte-bateau-multi-rouleaux-galaxy-gs18-g1340-ptac-1800kg-1-essieu\/#primaryimage"},"image":{"@id":"https:\/\/sagrinex.com\/produit\/porte-bateau-multi-rouleaux-galaxy-gs18-g1340-ptac-1800kg-1-essieu\/#primaryimage"},"thumbnailUrl":"https:\/\/sagrinex.com\/wp-content\/uploads\/2026\/03\/Image-322-2.jpeg","datePublished":"2026-03-16T16:51:51+00:00","dateModified":"2026-04-15T21:12:11+00:00","description":"Dieser Mehrrollen-Bootstr\u00e4ger ist f\u00fcr den Stra\u00dfentransport von Booten bis 6,02 m Rumpfl\u00e4nge und 1.380 kg konzipiert. Sein robustes, feuerverzinktes Chassis, das Kipprollensystem und die wasserdichten LED-Leuchten erleichtern das Zu- und Aussteigen aus dem Boot.","breadcrumb":{"@id":"https:\/\/sagrinex.com\/produit\/porte-bateau-multi-rouleaux-galaxy-gs18-g1340-ptac-1800kg-1-essieu\/#breadcrumb"},"inLanguage":"de","potentialAction":[{"@type":"ReadAction","target":["https:\/\/sagrinex.com\/produit\/porte-bateau-multi-rouleaux-galaxy-gs18-g1340-ptac-1800kg-1-essieu\/"]}]},{"@type":"ImageObject","inLanguage":"de","@id":"https:\/\/sagrinex.com\/produit\/porte-bateau-multi-rouleaux-galaxy-gs18-g1340-ptac-1800kg-1-essieu\/#primaryimage","url":"https:\/\/sagrinex.com\/wp-content\/uploads\/2026\/03\/Image-322-2.jpeg","contentUrl":"https:\/\/sagrinex.com\/wp-content\/uploads\/2026\/03\/Image-322-2.jpeg","width":1000,"height":1200},{"@type":"BreadcrumbList","@id":"https:\/\/sagrinex.com\/produit\/porte-bateau-multi-rouleaux-galaxy-gs18-g1340-ptac-1800kg-1-essieu\/#breadcrumb","itemListElement":[{"@type":"ListItem","position":1,"name":"Accueil","item":"https:\/\/sagrinex.com\/?lang=de"},{"@type":"ListItem","position":2,"name":"Shop","item":"https:\/\/sagrinex.com\/shop\/"},{"@type":"ListItem","position":3,"name":"Galaxy-mehrrollen-boottr\u00c4ger \u2013 GS18 \/ G1340 \u2013 Zul\u00e4ssiges Gesamtgewicht: 1800 Kg \u2013 1 Achse"}]},{"@type":"WebSite","@id":"https:\/\/sagrinex.com\/#website","url":"https:\/\/sagrinex.com\/","name":"Sagrinex \u2013 Spezialist f\u00fcr Anh\u00e4nger, Container & Landtechnik","description":"Anhaenger, Container &amp; Landtechnik \u2014 Online-Verkauf &amp; kostenloses Angebot","publisher":{"@id":"https:\/\/sagrinex.com\/#organization"},"potentialAction":[{"@type":"SearchAction","target":{"@type":"EntryPoint","urlTemplate":"https:\/\/sagrinex.com\/?s={search_term_string}"},"query-input":{"@type":"PropertyValueSpecification","valueRequired":true,"valueName":"search_term_string"}}],"inLanguage":"de"},{"@type":"Organization","@id":"https:\/\/sagrinex.com\/#organization","name":"Sagrinex \u2013 Remorques, Conteneurs & Mat\u00e9riel Agricole","url":"https:\/\/sagrinex.com\/","logo":{"@type":"ImageObject","inLanguage":"de","@id":"https:\/\/sagrinex.com\/#\/schema\/logo\/image\/","url":"https:\/\/sagrinex.com\/wp-content\/uploads\/2026\/03\/7f1ac463-ef5a-425d-bdd6-a5da03a334a9-1024x683.png","contentUrl":"https:\/\/sagrinex.com\/wp-content\/uploads\/2026\/03\/7f1ac463-ef5a-425d-bdd6-a5da03a334a9-1024x683.png","width":1024,"height":683,"caption":"Sagrinex \u2013 Remorques, Conteneurs & Mat\u00e9riel Agricole"},"image":{"@id":"https:\/\/sagrinex.com\/#\/schema\/logo\/image\/"}}]}},"jetpack_sharing_enabled":true,"_links":{"self":[{"href":"https:\/\/sagrinex.com\/de\/wp-json\/wp\/v2\/product\/14173","targetHints":{"allow":["GET"]}}],"collection":[{"href":"https:\/\/sagrinex.com\/de\/wp-json\/wp\/v2\/product"}],"about":[{"href":"https:\/\/sagrinex.com\/de\/wp-json\/wp\/v2\/types\/product"}],"replies":[{"embeddable":true,"href":"https:\/\/sagrinex.com\/de\/wp-json\/wp\/v2\/comments?post=14173"}],"version-history":[{"count":0,"href":"https:\/\/sagrinex.com\/de\/wp-json\/wp\/v2\/product\/14173\/revisions"}],"wp:featuredmedia":[{"embeddable":true,"href":"https:\/\/sagrinex.com\/de\/wp-json\/wp\/v2\/media\/16354"}],"wp:attachment":[{"href":"https:\/\/sagrinex.com\/de\/wp-json\/wp\/v2\/media?parent=14173"}],"wp:term":[{"taxonomy":"product_brand","embeddable":true,"href":"https:\/\/sagrinex.com\/de\/wp-json\/wp\/v2\/product_brand?post=14173"},{"taxonomy":"product_cat","embeddable":true,"href":"https:\/\/sagrinex.com\/de\/wp-json\/wp\/v2\/product_cat?post=14173"},{"taxonomy":"product_tag","embeddable":true,"href":"https:\/\/sagrinex.com\/de\/wp-json\/wp\/v2\/product_tag?post=14173"}],"curies":[{"name":"wp","href":"https:\/\/api.w.org\/{rel}","templated":true}]}}