{"id":14175,"date":"2026-03-16T21:30:55","date_gmt":"2026-03-16T21:30:55","guid":{"rendered":"https:\/\/sagrinex.com\/produit\/bootswagen-kaputter-anhaenger-sw1265-zulaessiges-gesamtgewicht-1600-kg-1-achse\/"},"modified":"2026-04-15T21:12:11","modified_gmt":"2026-04-15T21:12:11","slug":"bootswagen-kaputter-anhaenger-sw1265-zulaessiges-gesamtgewicht-1600-kg-1-achse","status":"publish","type":"product","link":"https:\/\/sagrinex.com\/de\/produit\/bootswagen-kaputter-anhaenger-sw1265-zulaessiges-gesamtgewicht-1600-kg-1-achse\/","title":{"rendered":"Bootswagen \u2013 Kaputter Anh\u00c4nger \u2013 SW1265 \u2013 Zul\u00e4ssiges Gesamtgewicht: 1600 Kg \u2013 1 Achse"},"content":{"rendered":"<p>Der <strong>Sun Way<\/strong>-Bootsanh\u00e4nger ist speziell f\u00fcr den Transport und das Zuwasserlassen von Festrumpf-, Langkiel- oder Halbstarrbooten konzipiert. Dank seiner <strong>neigbaren Deichsel<\/strong> und seiner <strong>zentralen Rollenbahn<\/strong> erleichtert er das Be- und Entladen erheblich, auch auf leicht geneigten Slipanlagen.<\/p>\n<ul>\n<li><strong>Zul\u00e4ssiges Gesamtgewicht:<\/strong> 1300\/1400\/1500\/1600 kg<\/li>\n<li><strong>Leermasse:<\/strong> 360 kg<\/li>\n<li><strong>Nutzlast:<\/strong> bis zu 1240 kg<\/li>\n<li><strong>Chassisabmessungen:<\/strong> 525 x 160 x H83 cm<\/li>\n<li><strong>Maximale Rumpfl\u00e4nge:<\/strong> 5,20 m<\/li>\n<li><strong>R\u00e4der:<\/strong> 185R14C<\/li>\n<\/ul>\n<p>Die <strong>neigbare Deichsel<\/strong> des SW1265M16-Anh\u00e4ngers erm\u00f6glicht ein vereinfachtes Zu- und Aussteigen aus dem Wasser und reduziert so den Kraftaufwand bei diesen Arbeiten. Diese Funktion ist besonders bei Bootsrampen mit leichter Neigung von Vorteil.<\/p>\n<p>Ausgestattet mit einer <strong>zentralen Rollenschiene<\/strong> sorgt dieser Anh\u00e4nger f\u00fcr eine optimale Zentrierung des Bootes w\u00e4hrend der Be- und Entladephase. Die Rollen erleichtern das Gleiten des Rumpfes und minimieren so das Risiko einer Besch\u00e4digung.<\/p>\n<p>Die selbstbremsende Single-Speed-Winde, montiert auf einer verstellbaren Halterung, garantiert ein sicheres Handling des Bootes beim Beladen. Der feste Buganschlag sorgt f\u00fcr eine pr\u00e4zise Positionierung des Bootes auf dem Anh\u00e4nger.<\/p>\n<p>Das <strong>St\u00fctzrad mit 48 mm Durchmesser<\/strong> erleichtert das Man\u00f6vrieren des Anh\u00e4ngers im Stand und erm\u00f6glicht eine einfache Bewegung, ohne dass ein Zugfahrzeug erforderlich ist. Diese Ausr\u00fcstung ist f\u00fcr die Einstellung der Position des Anh\u00e4ngers beim Ankuppeln oder Parken unerl\u00e4sslich.<\/p>\n<ul>\n<li><strong>Sp\u00fclset:<\/strong> erm\u00f6glicht die Reinigung der Achse nach dem Eintauchen, verhindert so Korrosion und sorgt f\u00fcr eine l\u00e4ngere Lebensdauer des Anh\u00e4ngers.<\/li>\n<li><strong>Reserverad mit Halterung:<\/strong> Unverzichtbar, um unvorhergesehene Umst\u00e4nde w\u00e4hrend der Fahrt zu bew\u00e4ltigen und die Kontinuit\u00e4t der Nutzung im Falle einer Reifenpanne zu gew\u00e4hrleisten.<\/li>\n<li><strong>Elektrische Winde mit wasserdichtem Batteriespeicher:<\/strong> bietet motorisierte Unterst\u00fctzung beim Starten und Verlassen und reduziert so den erforderlichen k\u00f6rperlichen Aufwand.<\/li>\n<\/ul>\n<ul>\n<li>Standardausr\u00fcstung mit <strong>Goliath-Seilwinden<\/strong> und <strong>St\u00fctzr\u00e4dern<\/strong>, die einen zuverl\u00e4ssigen und langlebigen Einsatz gew\u00e4hrleisten.<\/li>\n<li>Hochwertige Fertigung mit einem <strong>feuerverzinkten Stahlrahmen<\/strong>, der Robustheit und Korrosionsbest\u00e4ndigkeit garantiert.<\/li>\n<li><strong>Lichtplatte aus Kunststoff<\/strong>, um Rost und Abnutzung zu verhindern, auch nach l\u00e4ngerem Gebrauch oder Lagerung im Freien.<\/li>\n<li>Zulassung f\u00fcr den Stra\u00dfentransport, Gew\u00e4hrleistung der Einhaltung gesetzlicher Vorschriften und optimaler Sicherheit beim Reisen.<\/li>\n<\/ul>\n<p>Bei <strong>Sagrinex<\/strong> verf\u00fcgen wir \u00fcber einen gro\u00dfen Bestand an Sun Way SW1265M16-Anh\u00e4ngern. Unsere Experten stehen Ihnen zur Verf\u00fcgung, um Sie zu beraten und Sie bei der Suche nach dem Modell zu unterst\u00fctzen, das am besten zu Ihrem Boot passt, und garantieren so einen sicheren Kauf.<\/p>\n<p>Sun Way SW1265M19-Bootsanh\u00e4nger mit einem zul\u00e4ssigen Gesamtgewicht von mehr als 500 kg erfordern eine Registrierung, um auf \u00f6ffentlichen Stra\u00dfen fahren zu d\u00fcrfen.<\/p>\n","protected":false},"excerpt":{"rendered":"<p>Der mit einer neigbaren Deichsel ausgestattete Sun Way-Bootsanh\u00e4nger erm\u00f6glicht den einfachen Transport und das Zuwasserlassen eines Bootes bis zu 5,20 m und 1240 kg. Sein verzinkter Rahmen, die Gurtwinde und die zentralen Rollen sorgen f\u00fcr Stabilit\u00e4t und Vielseitigkeit.<\/p>\n<div class=\"mod_fa_customizablefields_v14_list\">\n<div class=\"mod_fa_champspersonnalisables_v14_title\"><strong>Gesamtgewicht: <\/strong><span class=\"mod_fa_champspersonnalisables_v14_value\">1300\/1400\/1500\/1600 kg<\/span><\/div>\n<\/div>\n<div class=\"mod_fa_customizablefields_v14_list\">\n<div class=\"mod_fa_champspersonnalisables_v14_titre\"><strong>Leermasse: <\/strong><span class=\"mod_fa_champspersonnalisables_v14_value\">360 kg<\/span><\/div>\n<\/div>\n<div class=\"mod_fa_customizablefields_v14_list\">\n<div class=\"mod_fa_champspersonnalisables_v14_titre\"><strong>Nutzlast: <\/strong><span class=\"mod_fa_champspersonnalisables_v14_value\">maximal 1240 kg<\/span><\/div>\n<\/div>\n<div class=\"mod_fa_customizablefields_v14_list\">\n<div class=\"mod_fa_champspersonnalisables_v14_titre\"><strong>N\u00fctzliche Abmessungen: <\/strong><span class=\"mod_fa_champspersonnalisables_v14_value\">Zwischen 4,75 und 5,25 m<\/span><\/div>\n<\/div>\n<div class=\"mod_fa_customizablefields_v14_list\">\n<div class=\"mod_fa_champspersonnalisables_v14_titre\"><strong>Gesamtabmessungen: <\/strong><span class=\"mod_fa_champspersonnalisables_v14_valeur\">525 x 160 x H83 cm<\/span><\/div>\n<\/div>\n<div class=\"mod_fa_customizablefields_v14_list\">\n<div class=\"mod_fa_champspersonnalisables_v14_titre\"><strong>Maximale L\u00e4nge des Bootes: <\/strong><span class=\"mod_fa_champspersonnalisables_v14_value\">5,20 Rumpf<\/span><\/div>\n<\/div>\n<div class=\"mod_fa_customizablefields_v14_list\">\n<div class=\"mod_fa_champspersonnalisables_v14_title\"><strong>Pfeil: <\/strong><span class=\"mod_fa_champspersonnalisables_v14_value\">Rechts feuerverzinkt<\/span><\/div>\n<\/div>\n<div class=\"mod_fa_customizablefields_v14_list\">\n<div class=\"mod_fa_champspersonnalisables_v14_title\"><strong>Schublade: <\/strong><span class=\"mod_fa_champspersonnalisables_v14_value\">Kippbar<\/span><\/div>\n<\/div>\n<div class=\"mod_fa_customizablefields_v14_list\">\n<div class=\"mod_fa_champspersonnalisables_v14_titre\"><strong>Rahmentyp: <\/strong><span class=\"mod_fa_champspersonnalisables_v14_value\">Feuerverzinkt<\/span><\/div>\n<\/div>\n<div class=\"mod_fa_customizablefields_v14_list\">\n<div class=\"mod_fa_champspersonnalisables_v14_titre\"><strong>R\u00e4der: <\/strong><span class=\"mod_fa_champspersonnalisables_v14_valeur\">185R14C<\/span><\/div>\n<\/div>\n<div class=\"mod_fa_customizablefields_v14_list\">\n<div class=\"mod_fa_champspersonnalisables_v14_titre\"><strong>Ausstattung: <\/strong><span class=\"mod_fa_champspersonnalisables_v14_valeur\">Windenhalterung + Standard-Gurtwinde \/ Standard-R\u00fccklichtplatte aus Kunststoff \/ An das Chassis geschwei\u00dfte Zurrhaken<\/span><\/div>\n<\/div>\n","protected":false},"featured_media":16448,"comment_status":"open","ping_status":"closed","template":"","meta":[],"product_brand":[],"product_cat":[357,352],"product_tag":[],"class_list":{"0":"post-14175","1":"product","2":"type-product","3":"status-publish","4":"has-post-thumbnail","6":"product_cat-nautische-anhaenger","7":"product_cat-unsere-trailer","9":"first","10":"instock","11":"shipping-taxable","12":"purchasable","13":"product-type-simple"},"yoast_head":"<!-- This site is optimized with the Yoast SEO plugin v27.4 - https:\/\/yoast.com\/product\/yoast-seo-wordpress\/ -->\n<title>BOOTSWAGEN \u2013 KAPUTTER ANH\u00c4NGER \u2013 SW1265 \u2013 zul\u00e4ssiges Gesamtgewicht: 1600 kg \u2013 1 Achse<\/title>\n<meta name=\"description\" content=\"Mit dem Bootsanh\u00e4nger Sun Way SW1265M16, der mit einer neigbaren Deichsel ausgestattet ist, k\u00f6nnen Sie ein Boot bis zu 5,20 m und 1240 kg problemlos transportieren und zu Wasser lassen. Sein verzinkter Rahmen, die Gurtwinde und die zentralen Rollen sorgen f\u00fcr Stabilit\u00e4t und Vielseitigkeit.\" \/>\n<meta name=\"robots\" content=\"index, follow, max-snippet:-1, max-image-preview:large, max-video-preview:-1\" \/>\n<link rel=\"canonical\" href=\"https:\/\/sagrinex.com\/produit\/porte-bateau-remorque-cassante-sw1265-ptac-1600kg-1-essieu\/\" \/>\n<meta property=\"og:locale\" content=\"de_DE\" \/>\n<meta property=\"og:type\" content=\"article\" \/>\n<meta property=\"og:title\" content=\"BOOTSWAGEN \u2013 KAPUTTER ANH\u00c4NGER \u2013 SW1265 \u2013 zul\u00e4ssiges Gesamtgewicht: 1600 kg \u2013 1 Achse\" \/>\n<meta property=\"og:description\" content=\"Mit dem Bootsanh\u00e4nger Sun Way SW1265M16, der mit einer neigbaren Deichsel ausgestattet ist, k\u00f6nnen Sie ein Boot bis zu 5,20 m und 1240 kg problemlos transportieren und zu Wasser lassen. Sein verzinkter Rahmen, die Gurtwinde und die zentralen Rollen sorgen f\u00fcr Stabilit\u00e4t und Vielseitigkeit.\" \/>\n<meta property=\"og:url\" content=\"https:\/\/sagrinex.com\/produit\/porte-bateau-remorque-cassante-sw1265-ptac-1600kg-1-essieu\/\" \/>\n<meta property=\"og:site_name\" content=\"Sagrinex \u2013 Anhaenger, Container &amp; Landtechnik \ud83c\udf3e\ud83d\ude9c\" \/>\n<meta property=\"article:modified_time\" content=\"2026-04-15T21:12:11+00:00\" \/>\n<meta property=\"og:image\" content=\"https:\/\/sagrinex.com\/wp-content\/uploads\/2026\/03\/Image-441.jpeg\" \/>\n\t<meta property=\"og:image:width\" content=\"800\" \/>\n\t<meta property=\"og:image:height\" content=\"931\" \/>\n\t<meta property=\"og:image:type\" content=\"image\/jpeg\" \/>\n<meta name=\"twitter:card\" content=\"summary_large_image\" \/>\n<meta name=\"twitter:label1\" content=\"Gesch\u00e4tzte Lesezeit\" \/>\n\t<meta name=\"twitter:data1\" content=\"2\u00a0Minuten\" \/>\n<script type=\"application\/ld+json\" class=\"yoast-schema-graph\">{\"@context\":\"https:\\\/\\\/schema.org\",\"@graph\":[{\"@type\":\"WebPage\",\"@id\":\"https:\\\/\\\/sagrinex.com\\\/produit\\\/porte-bateau-remorque-cassante-sw1265-ptac-1600kg-1-essieu\\\/\",\"url\":\"https:\\\/\\\/sagrinex.com\\\/produit\\\/porte-bateau-remorque-cassante-sw1265-ptac-1600kg-1-essieu\\\/\",\"name\":\"BOOTSWAGEN \u2013 KAPUTTER ANH\u00c4NGER \u2013 SW1265 \u2013 zul\u00e4ssiges Gesamtgewicht: 1600 kg \u2013 1 Achse\",\"isPartOf\":{\"@id\":\"https:\\\/\\\/sagrinex.com\\\/#website\"},\"primaryImageOfPage\":{\"@id\":\"https:\\\/\\\/sagrinex.com\\\/produit\\\/porte-bateau-remorque-cassante-sw1265-ptac-1600kg-1-essieu\\\/#primaryimage\"},\"image\":{\"@id\":\"https:\\\/\\\/sagrinex.com\\\/produit\\\/porte-bateau-remorque-cassante-sw1265-ptac-1600kg-1-essieu\\\/#primaryimage\"},\"thumbnailUrl\":\"https:\\\/\\\/sagrinex.com\\\/wp-content\\\/uploads\\\/2026\\\/03\\\/Image-441.jpeg\",\"datePublished\":\"2026-03-16T21:30:55+00:00\",\"dateModified\":\"2026-04-15T21:12:11+00:00\",\"description\":\"Mit dem Bootsanh\u00e4nger Sun Way SW1265M16, der mit einer neigbaren Deichsel ausgestattet ist, k\u00f6nnen Sie ein Boot bis zu 5,20 m und 1240 kg problemlos transportieren und zu Wasser lassen. Sein verzinkter Rahmen, die Gurtwinde und die zentralen Rollen sorgen f\u00fcr Stabilit\u00e4t und Vielseitigkeit.\",\"breadcrumb\":{\"@id\":\"https:\\\/\\\/sagrinex.com\\\/produit\\\/porte-bateau-remorque-cassante-sw1265-ptac-1600kg-1-essieu\\\/#breadcrumb\"},\"inLanguage\":\"de\",\"potentialAction\":[{\"@type\":\"ReadAction\",\"target\":[\"https:\\\/\\\/sagrinex.com\\\/produit\\\/porte-bateau-remorque-cassante-sw1265-ptac-1600kg-1-essieu\\\/\"]}]},{\"@type\":\"ImageObject\",\"inLanguage\":\"de\",\"@id\":\"https:\\\/\\\/sagrinex.com\\\/produit\\\/porte-bateau-remorque-cassante-sw1265-ptac-1600kg-1-essieu\\\/#primaryimage\",\"url\":\"https:\\\/\\\/sagrinex.com\\\/wp-content\\\/uploads\\\/2026\\\/03\\\/Image-441.jpeg\",\"contentUrl\":\"https:\\\/\\\/sagrinex.com\\\/wp-content\\\/uploads\\\/2026\\\/03\\\/Image-441.jpeg\",\"width\":800,\"height\":931},{\"@type\":\"BreadcrumbList\",\"@id\":\"https:\\\/\\\/sagrinex.com\\\/produit\\\/porte-bateau-remorque-cassante-sw1265-ptac-1600kg-1-essieu\\\/#breadcrumb\",\"itemListElement\":[{\"@type\":\"ListItem\",\"position\":1,\"name\":\"Accueil\",\"item\":\"https:\\\/\\\/sagrinex.com\\\/?lang=de\"},{\"@type\":\"ListItem\",\"position\":2,\"name\":\"Shop\",\"item\":\"https:\\\/\\\/sagrinex.com\\\/shop\\\/\"},{\"@type\":\"ListItem\",\"position\":3,\"name\":\"Bootswagen \u2013 Kaputter Anh\u00c4nger \u2013 SW1265 \u2013 Zul\u00e4ssiges Gesamtgewicht: 1600 Kg \u2013 1 Achse\"}]},{\"@type\":\"WebSite\",\"@id\":\"https:\\\/\\\/sagrinex.com\\\/#website\",\"url\":\"https:\\\/\\\/sagrinex.com\\\/\",\"name\":\"Sagrinex \u2013 Spezialist f\u00fcr Anh\u00e4nger, Container & Landtechnik\",\"description\":\"Anhaenger, Container &amp; Landtechnik \u2014 Online-Verkauf &amp; kostenloses Angebot\",\"publisher\":{\"@id\":\"https:\\\/\\\/sagrinex.com\\\/#organization\"},\"potentialAction\":[{\"@type\":\"SearchAction\",\"target\":{\"@type\":\"EntryPoint\",\"urlTemplate\":\"https:\\\/\\\/sagrinex.com\\\/?s={search_term_string}\"},\"query-input\":{\"@type\":\"PropertyValueSpecification\",\"valueRequired\":true,\"valueName\":\"search_term_string\"}}],\"inLanguage\":\"de\"},{\"@type\":\"Organization\",\"@id\":\"https:\\\/\\\/sagrinex.com\\\/#organization\",\"name\":\"Sagrinex \u2013 Remorques, Conteneurs & Mat\u00e9riel Agricole\",\"url\":\"https:\\\/\\\/sagrinex.com\\\/\",\"logo\":{\"@type\":\"ImageObject\",\"inLanguage\":\"de\",\"@id\":\"https:\\\/\\\/sagrinex.com\\\/#\\\/schema\\\/logo\\\/image\\\/\",\"url\":\"https:\\\/\\\/sagrinex.com\\\/wp-content\\\/uploads\\\/2026\\\/03\\\/7f1ac463-ef5a-425d-bdd6-a5da03a334a9-1024x683.png\",\"contentUrl\":\"https:\\\/\\\/sagrinex.com\\\/wp-content\\\/uploads\\\/2026\\\/03\\\/7f1ac463-ef5a-425d-bdd6-a5da03a334a9-1024x683.png\",\"width\":1024,\"height\":683,\"caption\":\"Sagrinex \u2013 Remorques, Conteneurs & Mat\u00e9riel Agricole\"},\"image\":{\"@id\":\"https:\\\/\\\/sagrinex.com\\\/#\\\/schema\\\/logo\\\/image\\\/\"}}]}<\/script>\n<!-- \/ Yoast SEO plugin. -->","yoast_head_json":{"title":"BOOTSWAGEN \u2013 KAPUTTER ANH\u00c4NGER \u2013 SW1265 \u2013 zul\u00e4ssiges Gesamtgewicht: 1600 kg \u2013 1 Achse","description":"Mit dem Bootsanh\u00e4nger Sun Way SW1265M16, der mit einer neigbaren Deichsel ausgestattet ist, k\u00f6nnen Sie ein Boot bis zu 5,20 m und 1240 kg problemlos transportieren und zu Wasser lassen. Sein verzinkter Rahmen, die Gurtwinde und die zentralen Rollen sorgen f\u00fcr Stabilit\u00e4t und Vielseitigkeit.","robots":{"index":"index","follow":"follow","max-snippet":"max-snippet:-1","max-image-preview":"max-image-preview:large","max-video-preview":"max-video-preview:-1"},"canonical":"https:\/\/sagrinex.com\/produit\/porte-bateau-remorque-cassante-sw1265-ptac-1600kg-1-essieu\/","og_locale":"de_DE","og_type":"article","og_title":"BOOTSWAGEN \u2013 KAPUTTER ANH\u00c4NGER \u2013 SW1265 \u2013 zul\u00e4ssiges Gesamtgewicht: 1600 kg \u2013 1 Achse","og_description":"Mit dem Bootsanh\u00e4nger Sun Way SW1265M16, der mit einer neigbaren Deichsel ausgestattet ist, k\u00f6nnen Sie ein Boot bis zu 5,20 m und 1240 kg problemlos transportieren und zu Wasser lassen. Sein verzinkter Rahmen, die Gurtwinde und die zentralen Rollen sorgen f\u00fcr Stabilit\u00e4t und Vielseitigkeit.","og_url":"https:\/\/sagrinex.com\/produit\/porte-bateau-remorque-cassante-sw1265-ptac-1600kg-1-essieu\/","og_site_name":"Sagrinex \u2013 Anhaenger, Container &amp; Landtechnik \ud83c\udf3e\ud83d\ude9c","article_modified_time":"2026-04-15T21:12:11+00:00","og_image":[{"width":800,"height":931,"url":"https:\/\/sagrinex.com\/wp-content\/uploads\/2026\/03\/Image-441.jpeg","type":"image\/jpeg"}],"twitter_card":"summary_large_image","twitter_misc":{"Gesch\u00e4tzte Lesezeit":"2\u00a0Minuten"},"schema":{"@context":"https:\/\/schema.org","@graph":[{"@type":"WebPage","@id":"https:\/\/sagrinex.com\/produit\/porte-bateau-remorque-cassante-sw1265-ptac-1600kg-1-essieu\/","url":"https:\/\/sagrinex.com\/produit\/porte-bateau-remorque-cassante-sw1265-ptac-1600kg-1-essieu\/","name":"BOOTSWAGEN \u2013 KAPUTTER ANH\u00c4NGER \u2013 SW1265 \u2013 zul\u00e4ssiges Gesamtgewicht: 1600 kg \u2013 1 Achse","isPartOf":{"@id":"https:\/\/sagrinex.com\/#website"},"primaryImageOfPage":{"@id":"https:\/\/sagrinex.com\/produit\/porte-bateau-remorque-cassante-sw1265-ptac-1600kg-1-essieu\/#primaryimage"},"image":{"@id":"https:\/\/sagrinex.com\/produit\/porte-bateau-remorque-cassante-sw1265-ptac-1600kg-1-essieu\/#primaryimage"},"thumbnailUrl":"https:\/\/sagrinex.com\/wp-content\/uploads\/2026\/03\/Image-441.jpeg","datePublished":"2026-03-16T21:30:55+00:00","dateModified":"2026-04-15T21:12:11+00:00","description":"Mit dem Bootsanh\u00e4nger Sun Way SW1265M16, der mit einer neigbaren Deichsel ausgestattet ist, k\u00f6nnen Sie ein Boot bis zu 5,20 m und 1240 kg problemlos transportieren und zu Wasser lassen. Sein verzinkter Rahmen, die Gurtwinde und die zentralen Rollen sorgen f\u00fcr Stabilit\u00e4t und Vielseitigkeit.","breadcrumb":{"@id":"https:\/\/sagrinex.com\/produit\/porte-bateau-remorque-cassante-sw1265-ptac-1600kg-1-essieu\/#breadcrumb"},"inLanguage":"de","potentialAction":[{"@type":"ReadAction","target":["https:\/\/sagrinex.com\/produit\/porte-bateau-remorque-cassante-sw1265-ptac-1600kg-1-essieu\/"]}]},{"@type":"ImageObject","inLanguage":"de","@id":"https:\/\/sagrinex.com\/produit\/porte-bateau-remorque-cassante-sw1265-ptac-1600kg-1-essieu\/#primaryimage","url":"https:\/\/sagrinex.com\/wp-content\/uploads\/2026\/03\/Image-441.jpeg","contentUrl":"https:\/\/sagrinex.com\/wp-content\/uploads\/2026\/03\/Image-441.jpeg","width":800,"height":931},{"@type":"BreadcrumbList","@id":"https:\/\/sagrinex.com\/produit\/porte-bateau-remorque-cassante-sw1265-ptac-1600kg-1-essieu\/#breadcrumb","itemListElement":[{"@type":"ListItem","position":1,"name":"Accueil","item":"https:\/\/sagrinex.com\/?lang=de"},{"@type":"ListItem","position":2,"name":"Shop","item":"https:\/\/sagrinex.com\/shop\/"},{"@type":"ListItem","position":3,"name":"Bootswagen \u2013 Kaputter Anh\u00c4nger \u2013 SW1265 \u2013 Zul\u00e4ssiges Gesamtgewicht: 1600 Kg \u2013 1 Achse"}]},{"@type":"WebSite","@id":"https:\/\/sagrinex.com\/#website","url":"https:\/\/sagrinex.com\/","name":"Sagrinex \u2013 Spezialist f\u00fcr Anh\u00e4nger, Container & Landtechnik","description":"Anhaenger, Container &amp; Landtechnik \u2014 Online-Verkauf &amp; kostenloses Angebot","publisher":{"@id":"https:\/\/sagrinex.com\/#organization"},"potentialAction":[{"@type":"SearchAction","target":{"@type":"EntryPoint","urlTemplate":"https:\/\/sagrinex.com\/?s={search_term_string}"},"query-input":{"@type":"PropertyValueSpecification","valueRequired":true,"valueName":"search_term_string"}}],"inLanguage":"de"},{"@type":"Organization","@id":"https:\/\/sagrinex.com\/#organization","name":"Sagrinex \u2013 Remorques, Conteneurs & Mat\u00e9riel Agricole","url":"https:\/\/sagrinex.com\/","logo":{"@type":"ImageObject","inLanguage":"de","@id":"https:\/\/sagrinex.com\/#\/schema\/logo\/image\/","url":"https:\/\/sagrinex.com\/wp-content\/uploads\/2026\/03\/7f1ac463-ef5a-425d-bdd6-a5da03a334a9-1024x683.png","contentUrl":"https:\/\/sagrinex.com\/wp-content\/uploads\/2026\/03\/7f1ac463-ef5a-425d-bdd6-a5da03a334a9-1024x683.png","width":1024,"height":683,"caption":"Sagrinex \u2013 Remorques, Conteneurs & Mat\u00e9riel Agricole"},"image":{"@id":"https:\/\/sagrinex.com\/#\/schema\/logo\/image\/"}}]}},"jetpack_sharing_enabled":true,"_links":{"self":[{"href":"https:\/\/sagrinex.com\/de\/wp-json\/wp\/v2\/product\/14175","targetHints":{"allow":["GET"]}}],"collection":[{"href":"https:\/\/sagrinex.com\/de\/wp-json\/wp\/v2\/product"}],"about":[{"href":"https:\/\/sagrinex.com\/de\/wp-json\/wp\/v2\/types\/product"}],"replies":[{"embeddable":true,"href":"https:\/\/sagrinex.com\/de\/wp-json\/wp\/v2\/comments?post=14175"}],"version-history":[{"count":0,"href":"https:\/\/sagrinex.com\/de\/wp-json\/wp\/v2\/product\/14175\/revisions"}],"wp:featuredmedia":[{"embeddable":true,"href":"https:\/\/sagrinex.com\/de\/wp-json\/wp\/v2\/media\/16448"}],"wp:attachment":[{"href":"https:\/\/sagrinex.com\/de\/wp-json\/wp\/v2\/media?parent=14175"}],"wp:term":[{"taxonomy":"product_brand","embeddable":true,"href":"https:\/\/sagrinex.com\/de\/wp-json\/wp\/v2\/product_brand?post=14175"},{"taxonomy":"product_cat","embeddable":true,"href":"https:\/\/sagrinex.com\/de\/wp-json\/wp\/v2\/product_cat?post=14175"},{"taxonomy":"product_tag","embeddable":true,"href":"https:\/\/sagrinex.com\/de\/wp-json\/wp\/v2\/product_tag?post=14175"}],"curies":[{"name":"wp","href":"https:\/\/api.w.org\/{rel}","templated":true}]}}