{"id":14178,"date":"2026-03-16T20:07:33","date_gmt":"2026-03-16T20:07:33","guid":{"rendered":"https:\/\/sagrinex.com\/produit\/dreiachsiger-bootsanhaenger-3x1600-kg-zulaessiges-gesamtgewicht-35-t\/"},"modified":"2026-04-15T21:12:11","modified_gmt":"2026-04-15T21:12:11","slug":"dreiachsiger-bootsanhaenger-3x1600-kg-zulaessiges-gesamtgewicht-35-t","status":"publish","type":"product","link":"https:\/\/sagrinex.com\/de\/produit\/dreiachsiger-bootsanhaenger-3x1600-kg-zulaessiges-gesamtgewicht-35-t\/","title":{"rendered":"Dreiachsiger Bootsanh\u00c4nger 3X1600 Kg \u2013 Zul\u00e4ssiges Gesamtgewicht 3,5 T"},"content":{"rendered":"<p>Der <strong>Sun Way<\/strong>-Anh\u00e4nger wurde speziell f\u00fcr den sicheren Transport gro\u00dfer <strong>Vergn\u00fcgungsboote<\/strong> entwickelt und bietet eine vielseitige L\u00f6sung f\u00fcr maritime Profis und erfahrene Bootsfahrer gleicherma\u00dfen. Dieses Modell eignet sich perfekt f\u00fcr h\u00e4ufiges Zu- und Aussteigen aus dem Wasser, insbesondere f\u00fcr starre R\u00fcmpfe, die eine L\u00e4nge von bis zu <strong>8,55 Metern<\/strong> erreichen k\u00f6nnen. Seine Robustheit und sein auf den intensiven Einsatz im maritimen Umfeld ausgerichtetes Design machen es zur Ausr\u00fcstung der Wahl f\u00fcr Wartungs-, Lager- oder Transporteins\u00e4tze \u00fcber gro\u00dfe Entfernungen.<\/p>\n<ul>\n<li>Modell: <strong>Bootsanh\u00e4nger<\/strong> Sun Way<\/li>\n<li>Maximale L\u00e4nge des Bootes: <strong>8,55 Meter<\/strong><\/li>\n<li>Aufh\u00e4ngungstyp: <strong>Drei gebremste Achsen<\/strong><\/li>\n<li>Belastbarkeit pro Achse: jeweils <strong>1.600 kg<\/strong>\n<li>Maximale Nutzlast (CU): <strong>2.610 kg<\/strong><\/li>\n<li>Rahmentyp: <strong>Hei\u00dfverzinkter Stahl<\/strong><\/li>\n<li>Beleuchtung: <strong>Wasserdichte LED-Leuchten<\/strong><\/li>\n<li>Reifen: <strong>185R14C-R\u00e4der<\/strong><\/li>\n<li>Standardausr\u00fcstung: <strong>Selbstbremsende Winde<\/strong>, 3D-Buganschlag, \u00d860-St\u00fctzrad<\/li>\n<\/ul>\n<p>Das Fahrgestelldesign basiert auf einer vollst\u00e4ndig feuerverzinkten Struktur, eine wesentliche Behandlung, um maximale Langlebigkeit zu gew\u00e4hrleisten, insbesondere in einer salzhaltigen Umgebung. Diese Art des Korrosionsschutzes ist f\u00fcr den Transport und die Lagerung von <strong>Booten<\/strong> unerl\u00e4sslich. Die Verwendung einer <strong>dreiachsigen<\/strong> Konfiguration verleiht diesem <strong>Sun Way-Anh\u00e4nger<\/strong> eine hervorragende Lastverteilung und gro\u00dfe Stabilit\u00e4t auf der Stra\u00dfe, selbst bei maximaler Beladung. Diese mechanische Architektur sorgt f\u00fcr ein hohes Ma\u00df an Sicherheit beim <strong>Stra\u00dfentransport<\/strong>.<\/p>\n<p>Zur Serienausstattung geh\u00f6rt ein besonders effektives Starthilfesystem. Der <strong>zentrale Weg<\/strong> in Verbindung mit einem <strong>kippbaren Heckspiegel<\/strong> erm\u00f6glicht ein bemerkenswert einfaches Eintauchen und Bergen des Bootes, wodurch der Kraft- und Zeitaufwand f\u00fcr diese Man\u00f6ver reduziert wird. Diese Funktionen sind f\u00fcr Benutzer, die das Starten regelm\u00e4\u00dfig \u00fcben, von entscheidender Bedeutung, da sie den Vorgang sicherer und schneller machen. Dar\u00fcber hinaus verf\u00fcgt der Anh\u00e4nger \u00fcber eine <strong>selbstbremsende Winde<\/strong> an einer verstellbaren Halterung, die f\u00fcr mehr Sicherheit und eine einfache Handhabung des Rumpfes sorgt.<\/p>\n<p>Die Pr\u00e4zision der Einstellung ist ein gro\u00dfer Vorteil des <strong>Sun Way<\/strong>. Dank eines <strong>dreidimensional verstellbaren Buganschlags<\/strong> kann sich der Anh\u00e4nger perfekt an die spezifische Form verschiedener Bootsr\u00fcmpfe anpassen und garantiert so eine optimale Unterst\u00fctzung w\u00e4hrend der Fahrt. In Kombination mit den zahlreichen \u00fcber die Quertr\u00e4ger verteilten <strong>Gurtbandringen<\/strong> sorgt diese Anpassungsf\u00e4higkeit f\u00fcr eine feste und stabile Verkeilung und eliminiert jegliche Bewegungsgefahr. Diese Feinanpassung ist unerl\u00e4sslich, um Sch\u00e4den beim <strong>Transport<\/strong> zu vermeiden.<\/p>\n<p>Um Sicherheit und Sicht zu optimieren, ist dieser <strong>gebremste Anh\u00e4nger<\/strong> mit einem leistungsstarken <strong>wasserdichten LED-Beleuchtungssystem<\/strong> ausgestattet. Im Gegensatz zu herk\u00f6mmlichen Leuchten sind <strong>LED-Leuchten<\/strong> best\u00e4ndig gegen Eintauchen und bieten eine l\u00e4ngere Lebensdauer, wodurch die elektrischen Probleme, die h\u00e4ufig bei Anh\u00e4ngern auftreten, die in Gew\u00e4ssern eingesetzt werden, deutlich reduziert werden. Das Vorhandensein von zwei originalen <strong>Seitenstufen<\/strong> erleichtert den Zugang zum Boot zum Anschnallen und f\u00fcr Kontrollen und verbessert so die Ergonomie und die Sicherheit des Benutzers.<\/p>\n<p>Der <strong>Anh\u00e4nger<\/strong> ist hochgradig modular aufgebaut, um spezifischen Anforderungen gerecht zu werden. Optionen wie das <strong>Multi-Roller-Kit<\/strong> oder das <strong>Stufen-Rumpf-Kit<\/strong> bieten eine an unterschiedliche Rumpfformen angepasste Unterst\u00fctzung. F\u00fcr die anspruchsvollsten Benutzer vereinfacht der Zusatz einer <strong>elektrischen Winde<\/strong> die Transportvorg\u00e4nge erheblich. Bei der Wartung ist der <strong>Sp\u00fclsatz<\/strong> pro Achse ein wesentliches Hilfsmittel, um Bremssysteme vor Salzangriff zu sch\u00fctzen. Weitere praktische Verbesserungen, wie der Einbau einer <strong>WLAN-Kamera<\/strong> oder die Montage von <strong>Aluminiumfelgen<\/strong>, stehen zur Verf\u00fcgung, um das Benutzererlebnis und die \u00c4sthetik Ihres <strong>Stra\u00dfenkonvois<\/strong> zu optimieren.<\/p>\n<ul>\n<li><strong>Maximale Sicherheit<\/strong>: Drei <strong>gebremste Achsen<\/strong> und eine gro\u00dfe <strong>Nutzlast<\/strong> f\u00fcr den sorgenfreien Transport gro\u00dfer Boote.<\/li>\n<li><strong>Au\u00dfergew\u00f6hnliche Haltbarkeit<\/strong>: <strong>feuerverzinktes Chassis<\/strong> f\u00fcr hervorragende Best\u00e4ndigkeit gegen Meereskorrosion.<\/li>\n<li><strong>Benutzerfreundlichkeit<\/strong>: Ausgestattet mit einem <strong>kippbaren Heckspiegel<\/strong> und einer <strong>selbstbremsenden Winde<\/strong> f\u00fcr einfacheres Zuwasserlassen.<\/li>\n<li><strong>Optimale Anpassungsf\u00e4higkeit<\/strong>: <strong>3D-verstellbarer Buganschlag<\/strong> f\u00fcr pr\u00e4zise Rumpfausrichtung.<\/li>\n<li><strong>Elektrische Zuverl\u00e4ssigkeit<\/strong>: <strong>Wasserdichte LED-Beleuchtung<\/strong> f\u00fcr weniger Wartung und l\u00e4ngere Lebensdauer.<\/li>\n<\/ul>\n<p>Mit der Wahl Ihres <strong>Sun Way<\/strong>-Anh\u00e4ngers von <strong>Sagrinex<\/strong> profitieren Sie von der Expertise eines anerkannten Spezialisten im Bereich <strong>Anh\u00e4nger<\/strong> und deren Zubeh\u00f6r. Wir garantieren die Verf\u00fcgbarkeit vieler Modelle und Ersatzteile auf Lager und sorgen so f\u00fcr eine schnelle Lieferung und einen reaktionsschnellen Kundendienst. Unser Team aus qualifizierten Fachleuten steht Ihnen zur Verf\u00fcgung, um Sie bei der Wahl der Optionen (<strong>Multi-Rollen-Kit<\/strong>, <strong>elektrische Winde<\/strong> usw.) zu beraten und Sie bei allen Registrierungsverfahren f\u00fcr Ihren <strong>Bootsanh\u00e4nger<\/strong> zu unterst\u00fctzen. Der Kauf bei <strong>Sagrinex<\/strong> ist die Gewissheit, ein konformes Produkt, einen qualitativ hochwertigen Service und einen zuverl\u00e4ssigen Partner f\u00fcr alle Ihre <strong>Transport<\/strong>-Bed\u00fcrfnisse zu erhalten.<\/p>\n","protected":false},"excerpt":{"rendered":"<p>Sun Way Bootsanh\u00e4nger. 3 Achsen 1600 kg. Nutzlast 2610 kg. Ausgestattet mit wasserdichter LED, selbstbremsender Winde und feuerverzinktem Fahrgestell.<\/p>\n<div class=\"mod_fa_customizablefields_v14_list\">\n<div class=\"mod_fa_champspersonnalisables_v14_title\"><strong>PTAC: <\/strong><span class=\"mod_fa_champspersonnalisables_v14_value\">3500<\/span><\/div>\n<\/div>\n<div class=\"mod_fa_customizablefields_v14_list\">\n<div class=\"mod_fa_champspersonnalisables_v14_titre\"><strong>Leermasse: <\/strong><span class=\"mod_fa_champspersonnalisables_v14_value\">890<\/span><\/div>\n<\/div>\n<div class=\"mod_fa_customizablefields_v14_list\">\n<div class=\"mod_fa_personalisablefields_v14_title\"><strong>Nutzlast: <\/strong><span class=\"mod_fa_personalisablefields_v14_value\">2610<\/span><\/div>\n<\/div>\n<div class=\"mod_fa_customizablefields_v14_list\">\n<div class=\"mod_fa_champspersonnalisables_v14_title\"><strong>Gesamtabmessungen: <\/strong><span class=\"mod_fa_champspersonnalisables_v14_value\">9.192.32<\/span><\/div>\n<\/div>\n<div class=\"mod_fa_customizablefields_v14_list\">\n<div class=\"mod_fa_champspersonnalisables_v14_titre\"><strong>Nutzh\u00f6he\/Boden: <\/strong><span class=\"mod_fa_champspersonnalisables_v14_value\">39<\/span><\/div>\n<\/div>\n<div class=\"mod_fa_customizablefields_v14_list\">\n<div class=\"mod_fa_champspersonnalisables_v14_titre\"><strong>Kerzenh\u00f6he: <\/strong><span class=\"mod_fa_champspersonnalisables_v14_value\">EINSTELLBAR<\/span><\/div>\n<\/div>\n<div class=\"mod_fa_customizablefields_v14_list\">\n<div class=\"mod_fa_champspersonnalisables_v14_titre\"><strong>Maximale L\u00e4nge des Bootes: <\/strong><span class=\"mod_fa_champspersonnalisables_v14_value\">8,55 Rumpf<\/span><\/div>\n<\/div>\n<div class=\"mod_fa_customizablefields_v14_list\">\n<div class=\"mod_fa_champspersonnalisables_v14_titre\"><strong>Achswiderstand(e): <\/strong><span class=\"mod_fa_champspersonnalisables_v14_value\">3&#215;1600<\/span><\/div>\n<\/div>\n","protected":false},"featured_media":16442,"comment_status":"open","ping_status":"closed","template":"","meta":[],"product_brand":[],"product_cat":[357,352],"product_tag":[],"class_list":{"0":"post-14178","1":"product","2":"type-product","3":"status-publish","4":"has-post-thumbnail","6":"product_cat-nautische-anhaenger","7":"product_cat-unsere-trailer","9":"first","10":"instock","11":"shipping-taxable","12":"purchasable","13":"product-type-simple"},"yoast_head":"<!-- This site is optimized with the Yoast SEO plugin v27.4 - https:\/\/yoast.com\/product\/yoast-seo-wordpress\/ -->\n<title>DREIACHSIGER BOOTSANH\u00c4NGER 3X1600 KG \u2013 zul\u00e4ssiges Gesamtgewicht 3,5 t<\/title>\n<meta name=\"description\" content=\"Sun Way Bootsanh\u00e4nger. 3 Achsen 1600 kg. Nutzlast 2610 kg. Ausgestattet mit wasserdichter LED, selbstbremsender Winde und feuerverzinktem Fahrgestell.\" \/>\n<meta name=\"robots\" content=\"index, follow, max-snippet:-1, max-image-preview:large, max-video-preview:-1\" \/>\n<link rel=\"canonical\" href=\"https:\/\/sagrinex.com\/produit\/remorque-bateau-triple-essieux-3x1600-kgs-ptac-35t\/\" \/>\n<meta property=\"og:locale\" content=\"de_DE\" \/>\n<meta property=\"og:type\" content=\"article\" \/>\n<meta property=\"og:title\" content=\"DREIACHSIGER BOOTSANH\u00c4NGER 3X1600 KG \u2013 zul\u00e4ssiges Gesamtgewicht 3,5 t\" \/>\n<meta property=\"og:description\" content=\"Sun Way Bootsanh\u00e4nger. 3 Achsen 1600 kg. Nutzlast 2610 kg. Ausgestattet mit wasserdichter LED, selbstbremsender Winde und feuerverzinktem Fahrgestell.\" \/>\n<meta property=\"og:url\" content=\"https:\/\/sagrinex.com\/produit\/remorque-bateau-triple-essieux-3x1600-kgs-ptac-35t\/\" \/>\n<meta property=\"og:site_name\" content=\"Sagrinex \u2013 Anhaenger, Container &amp; Landtechnik \ud83c\udf3e\ud83d\ude9c\" \/>\n<meta property=\"article:modified_time\" content=\"2026-04-15T21:12:11+00:00\" \/>\n<meta property=\"og:image\" content=\"https:\/\/sagrinex.com\/wp-content\/uploads\/2026\/03\/Image-418-1.jpeg\" \/>\n\t<meta property=\"og:image:width\" content=\"1215\" \/>\n\t<meta property=\"og:image:height\" content=\"911\" \/>\n\t<meta property=\"og:image:type\" content=\"image\/jpeg\" \/>\n<meta name=\"twitter:card\" content=\"summary_large_image\" \/>\n<meta name=\"twitter:label1\" content=\"Gesch\u00e4tzte Lesezeit\" \/>\n\t<meta name=\"twitter:data1\" content=\"4\u00a0Minuten\" \/>\n<script type=\"application\/ld+json\" class=\"yoast-schema-graph\">{\"@context\":\"https:\\\/\\\/schema.org\",\"@graph\":[{\"@type\":\"WebPage\",\"@id\":\"https:\\\/\\\/sagrinex.com\\\/produit\\\/remorque-bateau-triple-essieux-3x1600-kgs-ptac-35t\\\/\",\"url\":\"https:\\\/\\\/sagrinex.com\\\/produit\\\/remorque-bateau-triple-essieux-3x1600-kgs-ptac-35t\\\/\",\"name\":\"DREIACHSIGER BOOTSANH\u00c4NGER 3X1600 KG \u2013 zul\u00e4ssiges Gesamtgewicht 3,5 t\",\"isPartOf\":{\"@id\":\"https:\\\/\\\/sagrinex.com\\\/#website\"},\"primaryImageOfPage\":{\"@id\":\"https:\\\/\\\/sagrinex.com\\\/produit\\\/remorque-bateau-triple-essieux-3x1600-kgs-ptac-35t\\\/#primaryimage\"},\"image\":{\"@id\":\"https:\\\/\\\/sagrinex.com\\\/produit\\\/remorque-bateau-triple-essieux-3x1600-kgs-ptac-35t\\\/#primaryimage\"},\"thumbnailUrl\":\"https:\\\/\\\/sagrinex.com\\\/wp-content\\\/uploads\\\/2026\\\/03\\\/Image-418-1.jpeg\",\"datePublished\":\"2026-03-16T20:07:33+00:00\",\"dateModified\":\"2026-04-15T21:12:11+00:00\",\"description\":\"Sun Way Bootsanh\u00e4nger. 3 Achsen 1600 kg. Nutzlast 2610 kg. Ausgestattet mit wasserdichter LED, selbstbremsender Winde und feuerverzinktem Fahrgestell.\",\"breadcrumb\":{\"@id\":\"https:\\\/\\\/sagrinex.com\\\/produit\\\/remorque-bateau-triple-essieux-3x1600-kgs-ptac-35t\\\/#breadcrumb\"},\"inLanguage\":\"de\",\"potentialAction\":[{\"@type\":\"ReadAction\",\"target\":[\"https:\\\/\\\/sagrinex.com\\\/produit\\\/remorque-bateau-triple-essieux-3x1600-kgs-ptac-35t\\\/\"]}]},{\"@type\":\"ImageObject\",\"inLanguage\":\"de\",\"@id\":\"https:\\\/\\\/sagrinex.com\\\/produit\\\/remorque-bateau-triple-essieux-3x1600-kgs-ptac-35t\\\/#primaryimage\",\"url\":\"https:\\\/\\\/sagrinex.com\\\/wp-content\\\/uploads\\\/2026\\\/03\\\/Image-418-1.jpeg\",\"contentUrl\":\"https:\\\/\\\/sagrinex.com\\\/wp-content\\\/uploads\\\/2026\\\/03\\\/Image-418-1.jpeg\",\"width\":1215,\"height\":911},{\"@type\":\"BreadcrumbList\",\"@id\":\"https:\\\/\\\/sagrinex.com\\\/produit\\\/remorque-bateau-triple-essieux-3x1600-kgs-ptac-35t\\\/#breadcrumb\",\"itemListElement\":[{\"@type\":\"ListItem\",\"position\":1,\"name\":\"Accueil\",\"item\":\"https:\\\/\\\/sagrinex.com\\\/?lang=de\"},{\"@type\":\"ListItem\",\"position\":2,\"name\":\"Shop\",\"item\":\"https:\\\/\\\/sagrinex.com\\\/shop\\\/\"},{\"@type\":\"ListItem\",\"position\":3,\"name\":\"Dreiachsiger Bootsanh\u00c4nger 3X1600 Kg \u2013 Zul\u00e4ssiges Gesamtgewicht 3,5 T\"}]},{\"@type\":\"WebSite\",\"@id\":\"https:\\\/\\\/sagrinex.com\\\/#website\",\"url\":\"https:\\\/\\\/sagrinex.com\\\/\",\"name\":\"Sagrinex \u2013 Spezialist f\u00fcr Anh\u00e4nger, Container & Landtechnik\",\"description\":\"Anhaenger, Container &amp; Landtechnik \u2014 Online-Verkauf &amp; kostenloses Angebot\",\"publisher\":{\"@id\":\"https:\\\/\\\/sagrinex.com\\\/#organization\"},\"potentialAction\":[{\"@type\":\"SearchAction\",\"target\":{\"@type\":\"EntryPoint\",\"urlTemplate\":\"https:\\\/\\\/sagrinex.com\\\/?s={search_term_string}\"},\"query-input\":{\"@type\":\"PropertyValueSpecification\",\"valueRequired\":true,\"valueName\":\"search_term_string\"}}],\"inLanguage\":\"de\"},{\"@type\":\"Organization\",\"@id\":\"https:\\\/\\\/sagrinex.com\\\/#organization\",\"name\":\"Sagrinex \u2013 Remorques, Conteneurs & Mat\u00e9riel Agricole\",\"url\":\"https:\\\/\\\/sagrinex.com\\\/\",\"logo\":{\"@type\":\"ImageObject\",\"inLanguage\":\"de\",\"@id\":\"https:\\\/\\\/sagrinex.com\\\/#\\\/schema\\\/logo\\\/image\\\/\",\"url\":\"https:\\\/\\\/sagrinex.com\\\/wp-content\\\/uploads\\\/2026\\\/03\\\/7f1ac463-ef5a-425d-bdd6-a5da03a334a9-1024x683.png\",\"contentUrl\":\"https:\\\/\\\/sagrinex.com\\\/wp-content\\\/uploads\\\/2026\\\/03\\\/7f1ac463-ef5a-425d-bdd6-a5da03a334a9-1024x683.png\",\"width\":1024,\"height\":683,\"caption\":\"Sagrinex \u2013 Remorques, Conteneurs & Mat\u00e9riel Agricole\"},\"image\":{\"@id\":\"https:\\\/\\\/sagrinex.com\\\/#\\\/schema\\\/logo\\\/image\\\/\"}}]}<\/script>\n<!-- \/ Yoast SEO plugin. -->","yoast_head_json":{"title":"DREIACHSIGER BOOTSANH\u00c4NGER 3X1600 KG \u2013 zul\u00e4ssiges Gesamtgewicht 3,5 t","description":"Sun Way Bootsanh\u00e4nger. 3 Achsen 1600 kg. Nutzlast 2610 kg. Ausgestattet mit wasserdichter LED, selbstbremsender Winde und feuerverzinktem Fahrgestell.","robots":{"index":"index","follow":"follow","max-snippet":"max-snippet:-1","max-image-preview":"max-image-preview:large","max-video-preview":"max-video-preview:-1"},"canonical":"https:\/\/sagrinex.com\/produit\/remorque-bateau-triple-essieux-3x1600-kgs-ptac-35t\/","og_locale":"de_DE","og_type":"article","og_title":"DREIACHSIGER BOOTSANH\u00c4NGER 3X1600 KG \u2013 zul\u00e4ssiges Gesamtgewicht 3,5 t","og_description":"Sun Way Bootsanh\u00e4nger. 3 Achsen 1600 kg. Nutzlast 2610 kg. Ausgestattet mit wasserdichter LED, selbstbremsender Winde und feuerverzinktem Fahrgestell.","og_url":"https:\/\/sagrinex.com\/produit\/remorque-bateau-triple-essieux-3x1600-kgs-ptac-35t\/","og_site_name":"Sagrinex \u2013 Anhaenger, Container &amp; Landtechnik \ud83c\udf3e\ud83d\ude9c","article_modified_time":"2026-04-15T21:12:11+00:00","og_image":[{"width":1215,"height":911,"url":"https:\/\/sagrinex.com\/wp-content\/uploads\/2026\/03\/Image-418-1.jpeg","type":"image\/jpeg"}],"twitter_card":"summary_large_image","twitter_misc":{"Gesch\u00e4tzte Lesezeit":"4\u00a0Minuten"},"schema":{"@context":"https:\/\/schema.org","@graph":[{"@type":"WebPage","@id":"https:\/\/sagrinex.com\/produit\/remorque-bateau-triple-essieux-3x1600-kgs-ptac-35t\/","url":"https:\/\/sagrinex.com\/produit\/remorque-bateau-triple-essieux-3x1600-kgs-ptac-35t\/","name":"DREIACHSIGER BOOTSANH\u00c4NGER 3X1600 KG \u2013 zul\u00e4ssiges Gesamtgewicht 3,5 t","isPartOf":{"@id":"https:\/\/sagrinex.com\/#website"},"primaryImageOfPage":{"@id":"https:\/\/sagrinex.com\/produit\/remorque-bateau-triple-essieux-3x1600-kgs-ptac-35t\/#primaryimage"},"image":{"@id":"https:\/\/sagrinex.com\/produit\/remorque-bateau-triple-essieux-3x1600-kgs-ptac-35t\/#primaryimage"},"thumbnailUrl":"https:\/\/sagrinex.com\/wp-content\/uploads\/2026\/03\/Image-418-1.jpeg","datePublished":"2026-03-16T20:07:33+00:00","dateModified":"2026-04-15T21:12:11+00:00","description":"Sun Way Bootsanh\u00e4nger. 3 Achsen 1600 kg. Nutzlast 2610 kg. Ausgestattet mit wasserdichter LED, selbstbremsender Winde und feuerverzinktem Fahrgestell.","breadcrumb":{"@id":"https:\/\/sagrinex.com\/produit\/remorque-bateau-triple-essieux-3x1600-kgs-ptac-35t\/#breadcrumb"},"inLanguage":"de","potentialAction":[{"@type":"ReadAction","target":["https:\/\/sagrinex.com\/produit\/remorque-bateau-triple-essieux-3x1600-kgs-ptac-35t\/"]}]},{"@type":"ImageObject","inLanguage":"de","@id":"https:\/\/sagrinex.com\/produit\/remorque-bateau-triple-essieux-3x1600-kgs-ptac-35t\/#primaryimage","url":"https:\/\/sagrinex.com\/wp-content\/uploads\/2026\/03\/Image-418-1.jpeg","contentUrl":"https:\/\/sagrinex.com\/wp-content\/uploads\/2026\/03\/Image-418-1.jpeg","width":1215,"height":911},{"@type":"BreadcrumbList","@id":"https:\/\/sagrinex.com\/produit\/remorque-bateau-triple-essieux-3x1600-kgs-ptac-35t\/#breadcrumb","itemListElement":[{"@type":"ListItem","position":1,"name":"Accueil","item":"https:\/\/sagrinex.com\/?lang=de"},{"@type":"ListItem","position":2,"name":"Shop","item":"https:\/\/sagrinex.com\/shop\/"},{"@type":"ListItem","position":3,"name":"Dreiachsiger Bootsanh\u00c4nger 3X1600 Kg \u2013 Zul\u00e4ssiges Gesamtgewicht 3,5 T"}]},{"@type":"WebSite","@id":"https:\/\/sagrinex.com\/#website","url":"https:\/\/sagrinex.com\/","name":"Sagrinex \u2013 Spezialist f\u00fcr Anh\u00e4nger, Container & Landtechnik","description":"Anhaenger, Container &amp; Landtechnik \u2014 Online-Verkauf &amp; kostenloses Angebot","publisher":{"@id":"https:\/\/sagrinex.com\/#organization"},"potentialAction":[{"@type":"SearchAction","target":{"@type":"EntryPoint","urlTemplate":"https:\/\/sagrinex.com\/?s={search_term_string}"},"query-input":{"@type":"PropertyValueSpecification","valueRequired":true,"valueName":"search_term_string"}}],"inLanguage":"de"},{"@type":"Organization","@id":"https:\/\/sagrinex.com\/#organization","name":"Sagrinex \u2013 Remorques, Conteneurs & Mat\u00e9riel Agricole","url":"https:\/\/sagrinex.com\/","logo":{"@type":"ImageObject","inLanguage":"de","@id":"https:\/\/sagrinex.com\/#\/schema\/logo\/image\/","url":"https:\/\/sagrinex.com\/wp-content\/uploads\/2026\/03\/7f1ac463-ef5a-425d-bdd6-a5da03a334a9-1024x683.png","contentUrl":"https:\/\/sagrinex.com\/wp-content\/uploads\/2026\/03\/7f1ac463-ef5a-425d-bdd6-a5da03a334a9-1024x683.png","width":1024,"height":683,"caption":"Sagrinex \u2013 Remorques, Conteneurs & Mat\u00e9riel Agricole"},"image":{"@id":"https:\/\/sagrinex.com\/#\/schema\/logo\/image\/"}}]}},"jetpack_sharing_enabled":true,"_links":{"self":[{"href":"https:\/\/sagrinex.com\/de\/wp-json\/wp\/v2\/product\/14178","targetHints":{"allow":["GET"]}}],"collection":[{"href":"https:\/\/sagrinex.com\/de\/wp-json\/wp\/v2\/product"}],"about":[{"href":"https:\/\/sagrinex.com\/de\/wp-json\/wp\/v2\/types\/product"}],"replies":[{"embeddable":true,"href":"https:\/\/sagrinex.com\/de\/wp-json\/wp\/v2\/comments?post=14178"}],"version-history":[{"count":0,"href":"https:\/\/sagrinex.com\/de\/wp-json\/wp\/v2\/product\/14178\/revisions"}],"wp:featuredmedia":[{"embeddable":true,"href":"https:\/\/sagrinex.com\/de\/wp-json\/wp\/v2\/media\/16442"}],"wp:attachment":[{"href":"https:\/\/sagrinex.com\/de\/wp-json\/wp\/v2\/media?parent=14178"}],"wp:term":[{"taxonomy":"product_brand","embeddable":true,"href":"https:\/\/sagrinex.com\/de\/wp-json\/wp\/v2\/product_brand?post=14178"},{"taxonomy":"product_cat","embeddable":true,"href":"https:\/\/sagrinex.com\/de\/wp-json\/wp\/v2\/product_cat?post=14178"},{"taxonomy":"product_tag","embeddable":true,"href":"https:\/\/sagrinex.com\/de\/wp-json\/wp\/v2\/product_tag?post=14178"}],"curies":[{"name":"wp","href":"https:\/\/api.w.org\/{rel}","templated":true}]}}