{"id":14179,"date":"2026-03-17T17:30:52","date_gmt":"2026-03-17T17:30:52","guid":{"rendered":"https:\/\/sagrinex.com\/produit\/sun-way-schneller-tauchboottraeger-d2416-gesamtgewicht-1600-kg-skates-kit-1-achse\/"},"modified":"2026-04-15T21:12:11","modified_gmt":"2026-04-15T21:12:11","slug":"sun-way-schneller-tauchboottraeger-d2416-gesamtgewicht-1600-kg-skates-kit-1-achse","status":"publish","type":"product","link":"https:\/\/sagrinex.com\/de\/produit\/sun-way-schneller-tauchboottraeger-d2416-gesamtgewicht-1600-kg-skates-kit-1-achse\/","title":{"rendered":"Sun Way Schneller Tauchboottr\u00c4ger \u2013 D2416 \u2013 Gesamtgewicht: 1600 Kg \u2013 Skates-kit \u2013 1 Achse"},"content":{"rendered":"<p>Der <strong>SUN WAY D1616 Tauchbootanh\u00e4nger<\/strong> wurde entwickelt, um das Zuwasserlassen und Entfernen Ihres Bootes aus dem Wasser zu erleichtern. Es eignet sich f\u00fcr <strong>V-R\u00fcmpfe<\/strong>, <strong>Jollen<\/strong> und <strong>halbstarre R\u00fcmpfe<\/strong> und bietet Platz f\u00fcr Boote mit einer L\u00e4nge von bis zu <strong>6,8 Metern<\/strong>. Sein zul\u00e4ssiges Gesamtgewicht l\u00e4sst sich von 1.600 kg bis 1.300 kg verstellen und bietet so gro\u00dfe Flexibilit\u00e4t je nach Bedarf.<\/p>\n<ul>\n<li><strong>Zul\u00e4ssiges Gesamtgewicht:<\/strong> 1300\/1400\/1500\/1600 kg<\/li>\n<li><strong>Leermasse:<\/strong> 440 kg<\/li>\n<li><strong>Nutzlast:<\/strong> bis zu 1160 kg<\/li>\n<li><strong>Gesamtabmessungen:<\/strong> 657 x 221 x H76 cm<\/li>\n<li><strong>Maximale Bootsl\u00e4nge:<\/strong> 6,8 m<\/li>\n<li><strong>Pfeil:<\/strong> V-f\u00f6rmig, feuerverzinkt<\/li>\n<li><strong>Kopf gebremst:<\/strong> Ja<\/li>\n<li><strong>Fahrgestell:<\/strong> feuerverzinkt<\/li>\n<li><strong>R\u00e4der:<\/strong> 195\/70R15C<\/li>\n<li><strong>Skate-Ausr\u00fcstung<\/strong><\/li>\n<\/ul>\n<p>Dieser <strong>Anh\u00e4nger<\/strong> ist mit einer <strong>wasserfest gebremsten Autoflex-Achse<\/strong> mit abgedichteten Trommeln und Naben im <strong>Fettbad<\/strong> ausgestattet, was eine hervorragende Zuverl\u00e4ssigkeit und vereinfachte Wartung gew\u00e4hrleistet.<\/p>\n<p>Die <strong>wasserdichten LED-Leuchten<\/strong> sorgen unter allen Umst\u00e4nden f\u00fcr optimale Sichtbarkeit und erh\u00f6hte Haltbarkeit. Ihr wasserdichtes Design erm\u00f6glicht ein vollst\u00e4ndiges Eintauchen beim Start, ohne dass die Gefahr einer Besch\u00e4digung besteht.<\/p>\n<p>Die <strong>Kotfl\u00fcgel<\/strong> und <strong>Hardware<\/strong> aus Edelstahl bieten eine au\u00dfergew\u00f6hnliche Korrosionsbest\u00e4ndigkeit und verl\u00e4ngern so die Lebensdauer des Anh\u00e4ngers, selbst in einer Meeresumgebung. Diese Robustheit garantiert einen ruhigen und langen Einsatz.<\/p>\n<p>Die selbstbremsende Zwei-Gang-Winde in Kombination mit einer verstellbaren Windenhalterung und einem Buganschlag mit 3D-Verstellung erleichtert das Be- und Entladen vom Boot erheblich. Diese Konfiguration erm\u00f6glicht eine pr\u00e4zise Anpassung an verschiedene Geh\u00e4use.<\/p>\n<ul>\n<li>Mehrrollen-Kit<\/li>\n<li>Stufenrumpf-Bausatz<\/li>\n<li>Ersatzrad<\/li>\n<li>Reserveradhalterung (am Holm oder seitlich am Holm)<\/li>\n<li>Gateway-Kit<\/li>\n<li>Elektrische Winde mit Aluminiumgeh\u00e4use<\/li>\n<li>Aluminiumfelgensatz<\/li>\n<\/ul>\n<ul>\n<li>Wasserdichte LED-Leuchten<\/li>\n<li>Abgedichtete \u00d6lbadnaben<\/li>\n<li>Wasserdichte Scheibenbremsen<\/li>\n<li>F\u00fcr den Stra\u00dfenverkehr zugelassen<\/li>\n<\/ul>\n<p>Wenn Sie sich f\u00fcr Sagrinex entscheiden, profitieren Sie von anerkannter Fachkompetenz und engagiertem Kundenservice. Wir bieten Anpassungsoptionen, um den Anh\u00e4nger an Ihre spezifischen Bed\u00fcrfnisse anzupassen, und bieten einen reaktionsschnellen Kundendienst, damit Sie beruhigt sein k\u00f6nnen.<\/p>\n<p>Dieser Anh\u00e4nger ist f\u00fcr den Stra\u00dfenverkehr zugelassen. Nach geltender Gesetzgebung muss ein Anh\u00e4nger mit einem zul\u00e4ssigen Gesamtgewicht von mehr als 500 kg zugelassen sein und \u00fcber ein eigenes Zulassungsdokument verf\u00fcgen. Beachten Sie unbedingt die \u00f6rtlichen Vorschriften, wenn Sie diesen Anh\u00e4nger verwenden.<\/p>\n","protected":false},"excerpt":{"rendered":"<p>Der Sun Way-Tauchbootanh\u00e4nger mit Rollenoptionen erm\u00f6glicht das vereinfachte Zu- und Absetzen eines Beiboots mit V-Rumpf und einer maximalen L\u00e4nge von 6,8 m.<\/p>\n<div class=\"mod_fa_customizablefields_v14_list\">\n<div class=\"mod_fa_champspersonnalisables_v14_title\"><strong>Gesamtgewicht: <\/strong><span class=\"mod_fa_champspersonnalisables_v14_value\">1300\/1400\/1500\/1600 kg<\/span><\/div>\n<\/div>\n<div class=\"mod_fa_customizablefields_v14_list\">\n<div class=\"mod_fa_champspersonnalisables_v14_titre\"><strong>Leermasse: <\/strong><span class=\"mod_fa_champspersonnalisables_v14_value\">440 kg<\/span><\/div>\n<\/div>\n<div class=\"mod_fa_customizablefields_v14_list\">\n<div class=\"mod_fa_champspersonnalisables_v14_titre\"><strong>Nutzlast: <\/strong><span class=\"mod_fa_champspersonnalisables_v14_value\">maximal 1160 kg<\/span><\/div>\n<\/div>\n<div class=\"mod_fa_customizablefields_v14_list\">\n<div class=\"mod_fa_champspersonnalisables_v14_titre\"><strong>Gesamtabmessungen: <\/strong><span class=\"mod_fa_champspersonnalisables_v14_value\">657 x 221 x H76 cm<\/span><\/div>\n<\/div>\n<div class=\"mod_fa_customizablefields_v14_list\">\n<div class=\"mod_fa_champspersonnalisables_v14_titre\"><strong>Maximale L\u00e4nge des Bootes: <\/strong><span class=\"mod_fa_champspersonnalisables_v14_value\">6,8 m<\/span><\/div>\n<\/div>\n<div class=\"mod_fa_customizablefields_v14_list\">\n<div class=\"mod_fa_champspersonnalisables_v14_title\"><strong>Pfeil: <\/strong><span class=\"mod_fa_champspersonnalisables_v14_value\">Feuerverzinkt in V<\/span><\/div>\n<\/div>\n<div class=\"mod_fa_customizablefields_v14_list\">\n<div class=\"mod_fa_champspersonnalisables_v14_titre\"><strong>Rahmentyp: <\/strong><span class=\"mod_fa_champspersonnalisables_v14_value\">Feuerverzinkt<\/span><\/div>\n<\/div>\n<div class=\"mod_fa_customizablefields_v14_list\">\n<div class=\"mod_fa_champspersonnalisables_v14_titre\"><strong>R\u00e4der: <\/strong><span class=\"mod_fa_champspersonnalisables_v14_valeur\">195\/70R15C<\/span><\/div>\n<\/div>\n<div class=\"mod_fa_customizablefields_v14_list\">\n<div class=\"mod_fa_champspersonnalisables_v14_titre\"><strong>Ausstattung: <\/strong><span class=\"mod_fa_champspersonnalisables_v14_valeur\">Wasserdichte gebremste Autoflex-Achse mit versiegelten Trommeln und Naben im Fettbad \/ Wasserdichte LED-Leuchten \/ Kotfl\u00fcgel und Armaturen aus Edelstahl \/ Selbstbremsende 2-Gang-Winde \/ Einstellbare Windenhalterung und -stopp 3D-Einstellbogen \/ St\u00fctzraddurchmesser 60 \/ Goliath-Winde 1200 kg<\/span><\/div>\n<\/div>\n","protected":false},"featured_media":16616,"comment_status":"open","ping_status":"closed","template":"","meta":[],"product_brand":[],"product_cat":[357,352],"product_tag":[],"class_list":{"0":"post-14179","1":"product","2":"type-product","3":"status-publish","4":"has-post-thumbnail","6":"product_cat-nautische-anhaenger","7":"product_cat-unsere-trailer","9":"first","10":"instock","11":"shipping-taxable","12":"purchasable","13":"product-type-simple"},"yoast_head":"<!-- This site is optimized with the Yoast SEO plugin v27.4 - https:\/\/yoast.com\/product\/yoast-seo-wordpress\/ -->\n<title>SUN WAY SCHNELLER TAUCHBOOTTR\u00c4GER \u2013 D2416 \u2013 Gesamtgewicht: 1600 kg \u2013 SKATES-KIT \u2013 1 ACHSE<\/title>\n<meta name=\"description\" content=\"Der Sun Way-Tauchbootanh\u00e4nger mit Rollenoptionen erm\u00f6glicht das vereinfachte Zu- und Absetzen eines V-Rumpf-Boots oder Beiboots mit einer maximalen L\u00e4nge von 6,8 m.\" \/>\n<meta name=\"robots\" content=\"index, follow, max-snippet:-1, max-image-preview:large, max-video-preview:-1\" \/>\n<link rel=\"canonical\" href=\"https:\/\/sagrinex.com\/produit\/porte-bateau-immergeable-sun-way-fast-d2416-ptac-1600kg-kit-patins-1-essieu\/\" \/>\n<meta property=\"og:locale\" content=\"de_DE\" \/>\n<meta property=\"og:type\" content=\"article\" \/>\n<meta property=\"og:title\" content=\"SUN WAY SCHNELLER TAUCHBOOTTR\u00c4GER \u2013 D2416 \u2013 Gesamtgewicht: 1600 kg \u2013 SKATES-KIT \u2013 1 ACHSE\" \/>\n<meta property=\"og:description\" content=\"Der Sun Way-Tauchbootanh\u00e4nger mit Rollenoptionen erm\u00f6glicht das vereinfachte Zu- und Absetzen eines V-Rumpf-Boots oder Beiboots mit einer maximalen L\u00e4nge von 6,8 m.\" \/>\n<meta property=\"og:url\" content=\"https:\/\/sagrinex.com\/produit\/porte-bateau-immergeable-sun-way-fast-d2416-ptac-1600kg-kit-patins-1-essieu\/\" \/>\n<meta property=\"og:site_name\" content=\"Sagrinex \u2013 Anhaenger, Container &amp; Landtechnik \ud83c\udf3e\ud83d\ude9c\" \/>\n<meta property=\"article:modified_time\" content=\"2026-04-15T21:12:11+00:00\" \/>\n<meta property=\"og:image\" content=\"https:\/\/sagrinex.com\/wp-content\/uploads\/2026\/03\/Image-87-3.jpeg\" \/>\n\t<meta property=\"og:image:width\" content=\"1000\" \/>\n\t<meta property=\"og:image:height\" content=\"427\" \/>\n\t<meta property=\"og:image:type\" content=\"image\/jpeg\" \/>\n<meta name=\"twitter:card\" content=\"summary_large_image\" \/>\n<meta name=\"twitter:label1\" content=\"Gesch\u00e4tzte Lesezeit\" \/>\n\t<meta name=\"twitter:data1\" content=\"2\u00a0Minuten\" \/>\n<script type=\"application\/ld+json\" class=\"yoast-schema-graph\">{\"@context\":\"https:\\\/\\\/schema.org\",\"@graph\":[{\"@type\":\"WebPage\",\"@id\":\"https:\\\/\\\/sagrinex.com\\\/produit\\\/porte-bateau-immergeable-sun-way-fast-d2416-ptac-1600kg-kit-patins-1-essieu\\\/\",\"url\":\"https:\\\/\\\/sagrinex.com\\\/produit\\\/porte-bateau-immergeable-sun-way-fast-d2416-ptac-1600kg-kit-patins-1-essieu\\\/\",\"name\":\"SUN WAY SCHNELLER TAUCHBOOTTR\u00c4GER \u2013 D2416 \u2013 Gesamtgewicht: 1600 kg \u2013 SKATES-KIT \u2013 1 ACHSE\",\"isPartOf\":{\"@id\":\"https:\\\/\\\/sagrinex.com\\\/#website\"},\"primaryImageOfPage\":{\"@id\":\"https:\\\/\\\/sagrinex.com\\\/produit\\\/porte-bateau-immergeable-sun-way-fast-d2416-ptac-1600kg-kit-patins-1-essieu\\\/#primaryimage\"},\"image\":{\"@id\":\"https:\\\/\\\/sagrinex.com\\\/produit\\\/porte-bateau-immergeable-sun-way-fast-d2416-ptac-1600kg-kit-patins-1-essieu\\\/#primaryimage\"},\"thumbnailUrl\":\"https:\\\/\\\/sagrinex.com\\\/wp-content\\\/uploads\\\/2026\\\/03\\\/Image-87-3.jpeg\",\"datePublished\":\"2026-03-17T17:30:52+00:00\",\"dateModified\":\"2026-04-15T21:12:11+00:00\",\"description\":\"Der Sun Way-Tauchbootanh\u00e4nger mit Rollenoptionen erm\u00f6glicht das vereinfachte Zu- und Absetzen eines V-Rumpf-Boots oder Beiboots mit einer maximalen L\u00e4nge von 6,8 m.\",\"breadcrumb\":{\"@id\":\"https:\\\/\\\/sagrinex.com\\\/produit\\\/porte-bateau-immergeable-sun-way-fast-d2416-ptac-1600kg-kit-patins-1-essieu\\\/#breadcrumb\"},\"inLanguage\":\"de\",\"potentialAction\":[{\"@type\":\"ReadAction\",\"target\":[\"https:\\\/\\\/sagrinex.com\\\/produit\\\/porte-bateau-immergeable-sun-way-fast-d2416-ptac-1600kg-kit-patins-1-essieu\\\/\"]}]},{\"@type\":\"ImageObject\",\"inLanguage\":\"de\",\"@id\":\"https:\\\/\\\/sagrinex.com\\\/produit\\\/porte-bateau-immergeable-sun-way-fast-d2416-ptac-1600kg-kit-patins-1-essieu\\\/#primaryimage\",\"url\":\"https:\\\/\\\/sagrinex.com\\\/wp-content\\\/uploads\\\/2026\\\/03\\\/Image-87-3.jpeg\",\"contentUrl\":\"https:\\\/\\\/sagrinex.com\\\/wp-content\\\/uploads\\\/2026\\\/03\\\/Image-87-3.jpeg\",\"width\":1000,\"height\":427},{\"@type\":\"BreadcrumbList\",\"@id\":\"https:\\\/\\\/sagrinex.com\\\/produit\\\/porte-bateau-immergeable-sun-way-fast-d2416-ptac-1600kg-kit-patins-1-essieu\\\/#breadcrumb\",\"itemListElement\":[{\"@type\":\"ListItem\",\"position\":1,\"name\":\"Accueil\",\"item\":\"https:\\\/\\\/sagrinex.com\\\/?lang=de\"},{\"@type\":\"ListItem\",\"position\":2,\"name\":\"Shop\",\"item\":\"https:\\\/\\\/sagrinex.com\\\/shop\\\/\"},{\"@type\":\"ListItem\",\"position\":3,\"name\":\"Sun Way Schneller Tauchboottr\u00c4ger \u2013 D2416 \u2013 Gesamtgewicht: 1600 Kg \u2013 Skates-kit \u2013 1 Achse\"}]},{\"@type\":\"WebSite\",\"@id\":\"https:\\\/\\\/sagrinex.com\\\/#website\",\"url\":\"https:\\\/\\\/sagrinex.com\\\/\",\"name\":\"Sagrinex \u2013 Spezialist f\u00fcr Anh\u00e4nger, Container & Landtechnik\",\"description\":\"Anhaenger, Container &amp; Landtechnik \u2014 Online-Verkauf &amp; kostenloses Angebot\",\"publisher\":{\"@id\":\"https:\\\/\\\/sagrinex.com\\\/#organization\"},\"potentialAction\":[{\"@type\":\"SearchAction\",\"target\":{\"@type\":\"EntryPoint\",\"urlTemplate\":\"https:\\\/\\\/sagrinex.com\\\/?s={search_term_string}\"},\"query-input\":{\"@type\":\"PropertyValueSpecification\",\"valueRequired\":true,\"valueName\":\"search_term_string\"}}],\"inLanguage\":\"de\"},{\"@type\":\"Organization\",\"@id\":\"https:\\\/\\\/sagrinex.com\\\/#organization\",\"name\":\"Sagrinex \u2013 Remorques, Conteneurs & Mat\u00e9riel Agricole\",\"url\":\"https:\\\/\\\/sagrinex.com\\\/\",\"logo\":{\"@type\":\"ImageObject\",\"inLanguage\":\"de\",\"@id\":\"https:\\\/\\\/sagrinex.com\\\/#\\\/schema\\\/logo\\\/image\\\/\",\"url\":\"https:\\\/\\\/sagrinex.com\\\/wp-content\\\/uploads\\\/2026\\\/03\\\/7f1ac463-ef5a-425d-bdd6-a5da03a334a9-1024x683.png\",\"contentUrl\":\"https:\\\/\\\/sagrinex.com\\\/wp-content\\\/uploads\\\/2026\\\/03\\\/7f1ac463-ef5a-425d-bdd6-a5da03a334a9-1024x683.png\",\"width\":1024,\"height\":683,\"caption\":\"Sagrinex \u2013 Remorques, Conteneurs & Mat\u00e9riel Agricole\"},\"image\":{\"@id\":\"https:\\\/\\\/sagrinex.com\\\/#\\\/schema\\\/logo\\\/image\\\/\"}}]}<\/script>\n<!-- \/ Yoast SEO plugin. -->","yoast_head_json":{"title":"SUN WAY SCHNELLER TAUCHBOOTTR\u00c4GER \u2013 D2416 \u2013 Gesamtgewicht: 1600 kg \u2013 SKATES-KIT \u2013 1 ACHSE","description":"Der Sun Way-Tauchbootanh\u00e4nger mit Rollenoptionen erm\u00f6glicht das vereinfachte Zu- und Absetzen eines V-Rumpf-Boots oder Beiboots mit einer maximalen L\u00e4nge von 6,8 m.","robots":{"index":"index","follow":"follow","max-snippet":"max-snippet:-1","max-image-preview":"max-image-preview:large","max-video-preview":"max-video-preview:-1"},"canonical":"https:\/\/sagrinex.com\/produit\/porte-bateau-immergeable-sun-way-fast-d2416-ptac-1600kg-kit-patins-1-essieu\/","og_locale":"de_DE","og_type":"article","og_title":"SUN WAY SCHNELLER TAUCHBOOTTR\u00c4GER \u2013 D2416 \u2013 Gesamtgewicht: 1600 kg \u2013 SKATES-KIT \u2013 1 ACHSE","og_description":"Der Sun Way-Tauchbootanh\u00e4nger mit Rollenoptionen erm\u00f6glicht das vereinfachte Zu- und Absetzen eines V-Rumpf-Boots oder Beiboots mit einer maximalen L\u00e4nge von 6,8 m.","og_url":"https:\/\/sagrinex.com\/produit\/porte-bateau-immergeable-sun-way-fast-d2416-ptac-1600kg-kit-patins-1-essieu\/","og_site_name":"Sagrinex \u2013 Anhaenger, Container &amp; Landtechnik \ud83c\udf3e\ud83d\ude9c","article_modified_time":"2026-04-15T21:12:11+00:00","og_image":[{"width":1000,"height":427,"url":"https:\/\/sagrinex.com\/wp-content\/uploads\/2026\/03\/Image-87-3.jpeg","type":"image\/jpeg"}],"twitter_card":"summary_large_image","twitter_misc":{"Gesch\u00e4tzte Lesezeit":"2\u00a0Minuten"},"schema":{"@context":"https:\/\/schema.org","@graph":[{"@type":"WebPage","@id":"https:\/\/sagrinex.com\/produit\/porte-bateau-immergeable-sun-way-fast-d2416-ptac-1600kg-kit-patins-1-essieu\/","url":"https:\/\/sagrinex.com\/produit\/porte-bateau-immergeable-sun-way-fast-d2416-ptac-1600kg-kit-patins-1-essieu\/","name":"SUN WAY SCHNELLER TAUCHBOOTTR\u00c4GER \u2013 D2416 \u2013 Gesamtgewicht: 1600 kg \u2013 SKATES-KIT \u2013 1 ACHSE","isPartOf":{"@id":"https:\/\/sagrinex.com\/#website"},"primaryImageOfPage":{"@id":"https:\/\/sagrinex.com\/produit\/porte-bateau-immergeable-sun-way-fast-d2416-ptac-1600kg-kit-patins-1-essieu\/#primaryimage"},"image":{"@id":"https:\/\/sagrinex.com\/produit\/porte-bateau-immergeable-sun-way-fast-d2416-ptac-1600kg-kit-patins-1-essieu\/#primaryimage"},"thumbnailUrl":"https:\/\/sagrinex.com\/wp-content\/uploads\/2026\/03\/Image-87-3.jpeg","datePublished":"2026-03-17T17:30:52+00:00","dateModified":"2026-04-15T21:12:11+00:00","description":"Der Sun Way-Tauchbootanh\u00e4nger mit Rollenoptionen erm\u00f6glicht das vereinfachte Zu- und Absetzen eines V-Rumpf-Boots oder Beiboots mit einer maximalen L\u00e4nge von 6,8 m.","breadcrumb":{"@id":"https:\/\/sagrinex.com\/produit\/porte-bateau-immergeable-sun-way-fast-d2416-ptac-1600kg-kit-patins-1-essieu\/#breadcrumb"},"inLanguage":"de","potentialAction":[{"@type":"ReadAction","target":["https:\/\/sagrinex.com\/produit\/porte-bateau-immergeable-sun-way-fast-d2416-ptac-1600kg-kit-patins-1-essieu\/"]}]},{"@type":"ImageObject","inLanguage":"de","@id":"https:\/\/sagrinex.com\/produit\/porte-bateau-immergeable-sun-way-fast-d2416-ptac-1600kg-kit-patins-1-essieu\/#primaryimage","url":"https:\/\/sagrinex.com\/wp-content\/uploads\/2026\/03\/Image-87-3.jpeg","contentUrl":"https:\/\/sagrinex.com\/wp-content\/uploads\/2026\/03\/Image-87-3.jpeg","width":1000,"height":427},{"@type":"BreadcrumbList","@id":"https:\/\/sagrinex.com\/produit\/porte-bateau-immergeable-sun-way-fast-d2416-ptac-1600kg-kit-patins-1-essieu\/#breadcrumb","itemListElement":[{"@type":"ListItem","position":1,"name":"Accueil","item":"https:\/\/sagrinex.com\/?lang=de"},{"@type":"ListItem","position":2,"name":"Shop","item":"https:\/\/sagrinex.com\/shop\/"},{"@type":"ListItem","position":3,"name":"Sun Way Schneller Tauchboottr\u00c4ger \u2013 D2416 \u2013 Gesamtgewicht: 1600 Kg \u2013 Skates-kit \u2013 1 Achse"}]},{"@type":"WebSite","@id":"https:\/\/sagrinex.com\/#website","url":"https:\/\/sagrinex.com\/","name":"Sagrinex \u2013 Spezialist f\u00fcr Anh\u00e4nger, Container & Landtechnik","description":"Anhaenger, Container &amp; Landtechnik \u2014 Online-Verkauf &amp; kostenloses Angebot","publisher":{"@id":"https:\/\/sagrinex.com\/#organization"},"potentialAction":[{"@type":"SearchAction","target":{"@type":"EntryPoint","urlTemplate":"https:\/\/sagrinex.com\/?s={search_term_string}"},"query-input":{"@type":"PropertyValueSpecification","valueRequired":true,"valueName":"search_term_string"}}],"inLanguage":"de"},{"@type":"Organization","@id":"https:\/\/sagrinex.com\/#organization","name":"Sagrinex \u2013 Remorques, Conteneurs & Mat\u00e9riel Agricole","url":"https:\/\/sagrinex.com\/","logo":{"@type":"ImageObject","inLanguage":"de","@id":"https:\/\/sagrinex.com\/#\/schema\/logo\/image\/","url":"https:\/\/sagrinex.com\/wp-content\/uploads\/2026\/03\/7f1ac463-ef5a-425d-bdd6-a5da03a334a9-1024x683.png","contentUrl":"https:\/\/sagrinex.com\/wp-content\/uploads\/2026\/03\/7f1ac463-ef5a-425d-bdd6-a5da03a334a9-1024x683.png","width":1024,"height":683,"caption":"Sagrinex \u2013 Remorques, Conteneurs & Mat\u00e9riel Agricole"},"image":{"@id":"https:\/\/sagrinex.com\/#\/schema\/logo\/image\/"}}]}},"jetpack_sharing_enabled":true,"_links":{"self":[{"href":"https:\/\/sagrinex.com\/de\/wp-json\/wp\/v2\/product\/14179","targetHints":{"allow":["GET"]}}],"collection":[{"href":"https:\/\/sagrinex.com\/de\/wp-json\/wp\/v2\/product"}],"about":[{"href":"https:\/\/sagrinex.com\/de\/wp-json\/wp\/v2\/types\/product"}],"replies":[{"embeddable":true,"href":"https:\/\/sagrinex.com\/de\/wp-json\/wp\/v2\/comments?post=14179"}],"version-history":[{"count":0,"href":"https:\/\/sagrinex.com\/de\/wp-json\/wp\/v2\/product\/14179\/revisions"}],"wp:featuredmedia":[{"embeddable":true,"href":"https:\/\/sagrinex.com\/de\/wp-json\/wp\/v2\/media\/16616"}],"wp:attachment":[{"href":"https:\/\/sagrinex.com\/de\/wp-json\/wp\/v2\/media?parent=14179"}],"wp:term":[{"taxonomy":"product_brand","embeddable":true,"href":"https:\/\/sagrinex.com\/de\/wp-json\/wp\/v2\/product_brand?post=14179"},{"taxonomy":"product_cat","embeddable":true,"href":"https:\/\/sagrinex.com\/de\/wp-json\/wp\/v2\/product_cat?post=14179"},{"taxonomy":"product_tag","embeddable":true,"href":"https:\/\/sagrinex.com\/de\/wp-json\/wp\/v2\/product_tag?post=14179"}],"curies":[{"name":"wp","href":"https:\/\/api.w.org\/{rel}","templated":true}]}}