{"id":14180,"date":"2026-03-16T11:26:12","date_gmt":"2026-03-16T11:26:12","guid":{"rendered":"https:\/\/sagrinex.com\/produit\/40-fuss-kuehlcontainer-gebraucht\/"},"modified":"2026-04-15T21:12:11","modified_gmt":"2026-04-15T21:12:11","slug":"40-fuss-kuehlcontainer-gebraucht","status":"publish","type":"product","link":"https:\/\/sagrinex.com\/de\/produit\/40-fuss-kuehlcontainer-gebraucht\/","title":{"rendered":"40 Fu\u00df K\u00dchlcontainer \u2013 Gebraucht"},"content":{"rendered":"<h1 data-start=\"256\" data-end=\"309\">40 Fu\u00df K\u00fchlcontainer \u2013 gebraucht (Reefer)<\/h1>\n<p data-start=\"328\" data-end=\"838\">Der gebrauchte 40-Fu\u00df-K\u00fchlcontainer, auch K\u00fchlcontainer genannt, ist die ideale L\u00f6sung f\u00fcr die Lagerung oder den Transport gro\u00dfer Produktmengen unter kontrollierter Temperatur und zu einem wettbewerbsf\u00e4higen Preis.<br data-start=\"559\" data-end=\"562\" \/>Dieses Modell stammt aus einer fr\u00fcheren Verwendung, wurde jedoch vollst\u00e4ndig \u00fcberarbeitet und kontrolliert und bietet eine sehr gro\u00dfe K\u00fchllagerkapazit\u00e4t, die sich perfekt f\u00fcr Lebensmittel, Arzneimittel oder andere Produkte eignet empfindliche G\u00fcter, die eine kontrollierte Temperatur erfordern.<\/p>\n<hr data-start=\"840\" data-end=\"843\" \/>\n<h2 data-start=\"845\" data-end=\"871\">Design und Struktur<\/h2>\n<p data-start=\"873\" data-end=\"1059\">Der 40-Fu\u00df-K\u00fchlcontainer basiert auf einem robusten Rahmen aus vollverschwei\u00dften Stahlprofilen, der eine hervorragende mechanische Best\u00e4ndigkeit und eine lange Lebensdauer garantiert.<\/p>\n<ul data-start=\"1061\" data-end=\"1454\">\n<li data-start=\"1061\" data-end=\"1216\">\n<p data-start=\"1063\" data-end=\"1216\">W\u00e4nde, Decke und T\u00fcren: isolierende Sandwichpaneele aus hochdichtem Polyurethan (80 bis 100 mm) sorgen f\u00fcr eine optimale Temperaturerhaltung.<\/p>\n<\/li>\n<li data-start=\"1217\" data-end=\"1372\">\n<p data-start=\"1219\" data-end=\"1372\">Boden: Boden aus verzinktem Stahl oder geripptem Aluminium, entworfen, um schwere Lasten zu tragen und die Zirkulation kalter Luft zu erleichtern.<\/p>\n<\/li>\n<li data-start=\"1373\" data-end=\"1454\">\n<p data-start=\"1375\" data-end=\"1454\">Au\u00dfenfarbe: Wei\u00df RAL 9010 oder Anthrazitgrau RAL 7016 (nach Wahl).<\/p>\n<\/li>\n<\/ul>\n<hr data-start=\"1456\" data-end=\"1459\" \/>\n<h2 data-start=\"1461\" data-end=\"1484\">K\u00fchlsystem<\/h2>\n<p data-start=\"1486\" data-end=\"1732\">Der Container ist mit einer autonomen oder reversiblen K\u00fchleinheit ausgestattet, die einen typischen Betriebsbereich zwischen \u201325 \u00b0C und +25 \u00b0C gew\u00e4hrleistet und die Kapazit\u00e4t je nach Art des zu lagernden Produkts pr\u00e4zise reguliert.<\/p>\n<p data-start=\"1734\" data-end=\"1789\">Im allgemeinen Gebrauch erlaubt das System insbesondere:<\/p>\n<ul data-start=\"1791\" data-end=\"1965\">\n<li data-start=\"1791\" data-end=\"1883\">\n<p data-start=\"1793\" data-end=\"1883\">Positive Temperatur: +2\u00b0C bis +12\u00b0C, geeignet f\u00fcr frische und pharmazeutische Produkte<\/p>\n<\/li>\n<li data-start=\"1884\" data-end=\"1965\">\n<p data-start=\"1886\" data-end=\"1965\">Negativtemperatur: \u201318 \u00b0C bis \u201325 \u00b0C, ideal f\u00fcr Tiefk\u00fchlprodukte<\/p>\n<\/li>\n<\/ul>\n<p data-start=\"1967\" data-end=\"2243\">Ein digitales Bedienfeld erm\u00f6glicht die Regulierung, \u00dcberwachung und pr\u00e4zise Einstellung der Temperatur.<br data-start=\"2076\" data-end=\"2079\" \/>Die forcierte Luftzirkulation garantiert eine homogene K\u00e4lteverteilung im gesamten Innenraum und sorgt so f\u00fcr eine optimale Konservierung der Waren.<\/p>\n<hr data-start=\"2245\" data-end=\"2248\" \/>\n<h2 data-start=\"2250\" data-end=\"2275\">Sicherheit und Wasserdichtigkeit<\/h2>\n<ul data-start=\"2277\" data-end=\"2525\">\n<li data-start=\"2277\" data-end=\"2359\">\n<p data-start=\"2279\" data-end=\"2359\"><strong data-start=\"2279\" data-end=\"2315\">Wasserdichte zweifl\u00fcgelige T\u00fcren<\/strong>, ausgestattet mit verst\u00e4rkten Gummidichtungen.<\/p>\n<\/li>\n<li data-start=\"2360\" data-end=\"2438\">\n<p data-start=\"2362\" data-end=\"2438\"><strong data-start=\"2362\" data-end=\"2398\">Schutzverschluss f\u00fcr Vorh\u00e4ngeschloss<\/strong>, der die Sicherheit der Ware gew\u00e4hrleistet.<\/p>\n<\/li>\n<li data-start=\"2439\" data-end=\"2525\">\n<p data-start=\"2441\" data-end=\"2525\">Hochleistungsf\u00e4hige W\u00e4rmed\u00e4mmung zur Begrenzung von Energieverlusten und Kondensation.<\/p>\n<\/li>\n<\/ul>\n<hr data-start=\"2527\" data-end=\"2530\" \/>\n<h2 data-start=\"2532\" data-end=\"2561\">Handhabung und Umzug<\/h2>\n<ul data-start=\"2563\" data-end=\"2799\">\n<li data-start=\"2563\" data-end=\"2629\">\n<p data-start=\"2565\" data-end=\"2629\"><strong data-start=\"2565\" data-end=\"2577\">Per Kran<\/strong>: 4 ISO-Ecken f\u00fcr Hebehaken oder Schlingen<\/p>\n<\/li>\n<li data-start=\"2630\" data-end=\"2710\">\n<p data-start=\"2632\" data-end=\"2710\"><strong data-start=\"2632\" data-end=\"2657\">Mit dem Gabelstapler<\/strong>: Gabeldurchfahrt je nach Konfiguration m\u00f6glich<\/p>\n<\/li>\n<li data-start=\"2711\" data-end=\"2799\">\n<p data-start=\"2713\" data-end=\"2799\"><strong data-start=\"2713\" data-end=\"2729\">Leergewicht<\/strong>: ca. <strong data-start=\"2740\" data-end=\"2760\">4.800 bis 5.200 kg<\/strong>, abh\u00e4ngig von der verbauten K\u00fchleinheit<\/p>\n<\/li>\n<\/ul>\n<hr data-start=\"2801\" data-end=\"2804\" \/>\n<h2 data-start=\"2806\" data-end=\"2865\">Abmessungen des 40-Fu\u00df-K\u00fchlcontainers \u2013 verwendet<\/h2>\n<div class=\"TyagGW_tableContainer\">\n<div class=\"group TyagGW_tableWrapper flex flex-col-reverse w-fit\">\n<table class=\"w-fit min-w-(--thread-content-width)\" data-start=\"2867\" data-end=\"3248\">\n<thead data-start=\"2867\" data-end=\"2914\">\n<tr data-start=\"2867\" data-end=\"2914\">\n<th data-start=\"2867\" data-end=\"2885\" data-col-size=\"sm\">FEATURE<\/th>\n<th data-start=\"2885\" data-end=\"2914\" data-col-size=\"sm\">UNGEF\u00c4HRE ABMESSUNGEN<\/th>\n<\/tr>\n<\/thead>\n<tbody data-start=\"2962\" data-end=\"3248\">\n<tr data-start=\"2962\" data-end=\"2995\">\n<td data-start=\"2962\" data-end=\"2984\" data-col-size=\"sm\">Innenl\u00e4nge<\/td>\n<td data-start=\"2984\" data-end=\"2995\" data-col-size=\"sm\">11,55 m<\/td>\n<\/tr>\n<tr data-start=\"2996\" data-end=\"3029\">\n<td data-start=\"2996\" data-end=\"3018\" data-col-size=\"sm\">\u00c4u\u00dfere L\u00e4nge<\/td>\n<td data-start=\"3018\" data-end=\"3029\" data-col-size=\"sm\">12,19 m<\/td>\n<\/tr>\n<tr data-start=\"3030\" data-end=\"3061\">\n<td data-start=\"3030\" data-end=\"3051\" data-col-size=\"sm\">Innenbreite<\/td>\n<td data-start=\"3051\" data-end=\"3061\" data-col-size=\"sm\">2,29 m<\/td>\n<\/tr>\n<tr data-start=\"3062\" data-end=\"3093\">\n<td data-start=\"3062\" data-end=\"3083\" data-col-size=\"sm\">Au\u00dfenbreite<\/td>\n<td data-start=\"3083\" data-end=\"3093\" data-col-size=\"sm\">2,44 m<\/td>\n<\/tr>\n<tr data-start=\"3094\" data-end=\"3125\">\n<td data-start=\"3094\" data-end=\"3115\" data-col-size=\"sm\">Innenh\u00f6he<\/td>\n<td data-start=\"3115\" data-end=\"3125\" data-col-size=\"sm\">2,25 m<\/td>\n<\/tr>\n<tr data-start=\"3126\" data-end=\"3157\">\n<td data-start=\"3126\" data-end=\"3147\" data-col-size=\"sm\">Au\u00dfenh\u00f6he<\/td>\n<td data-start=\"3147\" data-end=\"3157\" data-col-size=\"sm\">2,59 m<\/td>\n<\/tr>\n<tr data-start=\"3158\" data-end=\"3190\">\n<td data-start=\"3158\" data-end=\"3179\" data-col-size=\"sm\">Innenfl\u00e4che<\/td>\n<td data-start=\"3179\" data-end=\"3190\" data-col-size=\"sm\">26,5 m\u00b2<\/td>\n<\/tr>\n<tr data-start=\"3191\" data-end=\"3219\">\n<td data-start=\"3191\" data-end=\"3208\" data-col-size=\"sm\">Grundfl\u00e4che<\/td>\n<td data-col-size=\"sm\" data-start=\"3208\" data-end=\"3219\">29,8 m\u00b2<\/td>\n<\/tr>\n<tr data-start=\"3220\" data-end=\"3248\">\n<td data-start=\"3220\" data-end=\"3239\" data-col-size=\"sm\">Innenvolumen<\/td>\n<td data-start=\"3239\" data-end=\"3248\" data-col-size=\"sm\">67 m\u00b3<\/td>\n<\/tr>\n<\/tbody>\n<\/table>\n<\/div>\n<\/div>\n<hr data-start=\"3250\" data-end=\"3253\" \/>\n<h2 data-start=\"3255\" data-end=\"3266\">Kapazit\u00e4t<\/h2>\n<ul data-start=\"3268\" data-end=\"3399\">\n<li data-start=\"3268\" data-end=\"3326\">\n<p data-start=\"3270\" data-end=\"3326\"><strong data-start=\"3270\" data-end=\"3289\">Maximale Belastung<\/strong>: 27\u201329 Tonnen (je nach Konfiguration)<\/p>\n<\/li>\n<li data-start=\"3327\" data-end=\"3369\">\n<p data-start=\"3329\" data-end=\"3369\"><strong data-start=\"3329\" data-end=\"3358\">Nutzbares K\u00fchlvolumen<\/strong>: 65\u201367 m\u00b3<\/p>\n<\/li>\n<li data-start=\"3370\" data-end=\"3399\">\n<p data-start=\"3372\" data-end=\"3399\"><strong data-start=\"3372\" data-end=\"3391\">Europapaletten<\/strong>: 22\u201324<\/p>\n<\/li>\n<\/ul>\n<hr data-start=\"3401\" data-end=\"3404\" \/>\n<h2 data-start=\"3406\" data-end=\"3428\">Verf\u00fcgbare Optionen<\/h2>\n<ul data-start=\"3430\" data-end=\"3704\">\n<li data-start=\"3430\" data-end=\"3471\">\n<p data-start=\"3432\" data-end=\"3471\">Autonome oder externe K\u00fchleinheit<\/p>\n<\/li>\n<li data-start=\"3472\" data-end=\"3528\">\n<p data-start=\"3474\" data-end=\"3528\">Digitale Temperatur\u00fcberwachung und -aufzeichnung<\/p>\n<\/li>\n<li data-start=\"3529\" data-end=\"3566\">\n<p data-start=\"3531\" data-end=\"3566\">Edelstahl- oder verst\u00e4rkter Aluminiumboden<\/p>\n<\/li>\n<li data-start=\"3567\" data-end=\"3613\">\n<p data-start=\"3569\" data-end=\"3613\">Seitent\u00fcren oder spezifische Beschl\u00e4ge<\/p>\n<\/li>\n<li data-start=\"3614\" data-end=\"3660\">\n<p data-start=\"3616\" data-end=\"3660\">Benutzerdefinierte Farben gem\u00e4\u00df der RAL-Palette<\/p>\n<\/li>\n<li data-start=\"3661\" data-end=\"3704\">\n<p data-start=\"3663\" data-end=\"3704\">Vorh\u00e4ngeschl\u00f6sser und verst\u00e4rkte Sicherheitssysteme<\/p>\n<\/li>\n<\/ul>\n","protected":false},"excerpt":{"rendered":"<p>Gebrauchter 40-Fu\u00df-K\u00fchlcontainer (Reefer), komplett \u00fcberholt, konzipiert f\u00fcr die Lagerung oder den Transport von G\u00fctern unter kontrollierter Temperatur. Ausgestattet mit einem leistungsstarken K\u00fchlaggregat mit einem typischen Betriebsbereich von \u201325 \u00b0C bis +25 \u00b0C garantiert es eine optimale Konservierung von frischen, gefrorenen, Lebensmitteln oder pharmazeutischen Produkten zu einem hervorragenden Preis-Leistungs-Verh\u00e4ltnis.<\/p>\n","protected":false},"featured_media":16348,"comment_status":"open","ping_status":"closed","template":"","meta":[],"product_brand":[],"product_cat":[349,347],"product_tag":[],"class_list":{"0":"post-14180","1":"product","2":"type-product","3":"status-publish","4":"has-post-thumbnail","6":"product_cat-kuehllager","7":"product_cat-unsere-container","9":"first","10":"instock","11":"shipping-taxable","12":"purchasable","13":"product-type-simple"},"yoast_head":"<!-- This site is optimized with the Yoast SEO plugin v27.5 - https:\/\/yoast.com\/product\/yoast-seo-wordpress\/ -->\n<title>40 Fu\u00df K\u00dcHLCONTAINER \u2013 GEBRAUCHT<\/title>\n<meta name=\"description\" content=\"Gebrauchter 40-Fu\u00df-K\u00fchlcontainer (Reefer), komplett \u00fcberholt, konzipiert f\u00fcr die Lagerung oder den Transport von G\u00fctern unter kontrollierter Temperatur. Ausgestattet mit einem leistungsstarken K\u00fchlaggregat mit einem typischen Betriebsbereich von \u201325 \u00b0C bis +25 \u00b0C garantiert es eine optimale Konservierung von frischen, gefrorenen, Lebensmitteln oder pharmazeutischen Produkten zu einem hervorragenden Preis-Leistungs-Verh\u00e4ltnis.\" \/>\n<meta name=\"robots\" content=\"index, follow, max-snippet:-1, max-image-preview:large, max-video-preview:-1\" \/>\n<link rel=\"canonical\" href=\"https:\/\/sagrinex.com\/produit\/conteneur-frigorifique-40-pieds-occasions\/\" \/>\n<meta property=\"og:locale\" content=\"de_DE\" \/>\n<meta property=\"og:type\" content=\"article\" \/>\n<meta property=\"og:title\" content=\"40 Fu\u00df K\u00dcHLCONTAINER \u2013 GEBRAUCHT\" \/>\n<meta property=\"og:description\" content=\"Gebrauchter 40-Fu\u00df-K\u00fchlcontainer (Reefer), komplett \u00fcberholt, konzipiert f\u00fcr die Lagerung oder den Transport von G\u00fctern unter kontrollierter Temperatur. Ausgestattet mit einem leistungsstarken K\u00fchlaggregat mit einem typischen Betriebsbereich von \u201325 \u00b0C bis +25 \u00b0C garantiert es eine optimale Konservierung von frischen, gefrorenen, Lebensmitteln oder pharmazeutischen Produkten zu einem hervorragenden Preis-Leistungs-Verh\u00e4ltnis.\" \/>\n<meta property=\"og:url\" content=\"https:\/\/sagrinex.com\/produit\/conteneur-frigorifique-40-pieds-occasions\/\" \/>\n<meta property=\"og:site_name\" content=\"Sagrinex \u2013 Anhaenger, Container &amp; Landtechnik \ud83c\udf3e\ud83d\ude9c\" \/>\n<meta property=\"article:modified_time\" content=\"2026-04-15T21:12:11+00:00\" \/>\n<meta property=\"og:image\" content=\"https:\/\/sagrinex.com\/wp-content\/uploads\/2026\/03\/Image-309-2.jpeg\" \/>\n\t<meta property=\"og:image:width\" content=\"1024\" \/>\n\t<meta property=\"og:image:height\" content=\"768\" \/>\n\t<meta property=\"og:image:type\" content=\"image\/jpeg\" \/>\n<meta name=\"twitter:card\" content=\"summary_large_image\" \/>\n<meta name=\"twitter:label1\" content=\"Gesch\u00e4tzte Lesezeit\" \/>\n\t<meta name=\"twitter:data1\" content=\"2\u00a0Minuten\" \/>\n<script type=\"application\/ld+json\" class=\"yoast-schema-graph\">{\"@context\":\"https:\\\/\\\/schema.org\",\"@graph\":[{\"@type\":\"WebPage\",\"@id\":\"https:\\\/\\\/sagrinex.com\\\/produit\\\/conteneur-frigorifique-40-pieds-occasions\\\/\",\"url\":\"https:\\\/\\\/sagrinex.com\\\/produit\\\/conteneur-frigorifique-40-pieds-occasions\\\/\",\"name\":\"40 Fu\u00df K\u00dcHLCONTAINER \u2013 GEBRAUCHT\",\"isPartOf\":{\"@id\":\"https:\\\/\\\/sagrinex.com\\\/#website\"},\"primaryImageOfPage\":{\"@id\":\"https:\\\/\\\/sagrinex.com\\\/produit\\\/conteneur-frigorifique-40-pieds-occasions\\\/#primaryimage\"},\"image\":{\"@id\":\"https:\\\/\\\/sagrinex.com\\\/produit\\\/conteneur-frigorifique-40-pieds-occasions\\\/#primaryimage\"},\"thumbnailUrl\":\"https:\\\/\\\/sagrinex.com\\\/wp-content\\\/uploads\\\/2026\\\/03\\\/Image-309-2.jpeg\",\"datePublished\":\"2026-03-16T11:26:12+00:00\",\"dateModified\":\"2026-04-15T21:12:11+00:00\",\"description\":\"Gebrauchter 40-Fu\u00df-K\u00fchlcontainer (Reefer), komplett \u00fcberholt, konzipiert f\u00fcr die Lagerung oder den Transport von G\u00fctern unter kontrollierter Temperatur. Ausgestattet mit einem leistungsstarken K\u00fchlaggregat mit einem typischen Betriebsbereich von \u201325 \u00b0C bis +25 \u00b0C garantiert es eine optimale Konservierung von frischen, gefrorenen, Lebensmitteln oder pharmazeutischen Produkten zu einem hervorragenden Preis-Leistungs-Verh\u00e4ltnis.\",\"breadcrumb\":{\"@id\":\"https:\\\/\\\/sagrinex.com\\\/produit\\\/conteneur-frigorifique-40-pieds-occasions\\\/#breadcrumb\"},\"inLanguage\":\"de\",\"potentialAction\":[{\"@type\":\"ReadAction\",\"target\":[\"https:\\\/\\\/sagrinex.com\\\/produit\\\/conteneur-frigorifique-40-pieds-occasions\\\/\"]}]},{\"@type\":\"ImageObject\",\"inLanguage\":\"de\",\"@id\":\"https:\\\/\\\/sagrinex.com\\\/produit\\\/conteneur-frigorifique-40-pieds-occasions\\\/#primaryimage\",\"url\":\"https:\\\/\\\/sagrinex.com\\\/wp-content\\\/uploads\\\/2026\\\/03\\\/Image-309-2.jpeg\",\"contentUrl\":\"https:\\\/\\\/sagrinex.com\\\/wp-content\\\/uploads\\\/2026\\\/03\\\/Image-309-2.jpeg\",\"width\":1024,\"height\":768},{\"@type\":\"BreadcrumbList\",\"@id\":\"https:\\\/\\\/sagrinex.com\\\/produit\\\/conteneur-frigorifique-40-pieds-occasions\\\/#breadcrumb\",\"itemListElement\":[{\"@type\":\"ListItem\",\"position\":1,\"name\":\"Accueil\",\"item\":\"https:\\\/\\\/sagrinex.com\\\/?lang=de\"},{\"@type\":\"ListItem\",\"position\":2,\"name\":\"Shop\",\"item\":\"https:\\\/\\\/sagrinex.com\\\/shop\\\/\"},{\"@type\":\"ListItem\",\"position\":3,\"name\":\"40 Fu\u00df K\u00dchlcontainer \u2013 Gebraucht\"}]},{\"@type\":\"WebSite\",\"@id\":\"https:\\\/\\\/sagrinex.com\\\/#website\",\"url\":\"https:\\\/\\\/sagrinex.com\\\/\",\"name\":\"Sagrinex \u2013 Spezialist f\u00fcr Anh\u00e4nger, Container & Landtechnik\",\"description\":\"Anhaenger, Container &amp; Landtechnik \u2014 Online-Verkauf &amp; kostenloses Angebot\",\"publisher\":{\"@id\":\"https:\\\/\\\/sagrinex.com\\\/#organization\"},\"potentialAction\":[{\"@type\":\"SearchAction\",\"target\":{\"@type\":\"EntryPoint\",\"urlTemplate\":\"https:\\\/\\\/sagrinex.com\\\/?s={search_term_string}\"},\"query-input\":{\"@type\":\"PropertyValueSpecification\",\"valueRequired\":true,\"valueName\":\"search_term_string\"}}],\"inLanguage\":\"de\"},{\"@type\":\"Organization\",\"@id\":\"https:\\\/\\\/sagrinex.com\\\/#organization\",\"name\":\"Sagrinex \u2013 Remorques, Conteneurs & Mat\u00e9riel Agricole\",\"url\":\"https:\\\/\\\/sagrinex.com\\\/\",\"logo\":{\"@type\":\"ImageObject\",\"inLanguage\":\"de\",\"@id\":\"https:\\\/\\\/sagrinex.com\\\/#\\\/schema\\\/logo\\\/image\\\/\",\"url\":\"https:\\\/\\\/sagrinex.com\\\/wp-content\\\/uploads\\\/2026\\\/03\\\/7f1ac463-ef5a-425d-bdd6-a5da03a334a9-1024x683.png\",\"contentUrl\":\"https:\\\/\\\/sagrinex.com\\\/wp-content\\\/uploads\\\/2026\\\/03\\\/7f1ac463-ef5a-425d-bdd6-a5da03a334a9-1024x683.png\",\"width\":1024,\"height\":683,\"caption\":\"Sagrinex \u2013 Remorques, Conteneurs & Mat\u00e9riel Agricole\"},\"image\":{\"@id\":\"https:\\\/\\\/sagrinex.com\\\/#\\\/schema\\\/logo\\\/image\\\/\"}}]}<\/script>\n<!-- \/ Yoast SEO plugin. -->","yoast_head_json":{"title":"40 Fu\u00df K\u00dcHLCONTAINER \u2013 GEBRAUCHT","description":"Gebrauchter 40-Fu\u00df-K\u00fchlcontainer (Reefer), komplett \u00fcberholt, konzipiert f\u00fcr die Lagerung oder den Transport von G\u00fctern unter kontrollierter Temperatur. Ausgestattet mit einem leistungsstarken K\u00fchlaggregat mit einem typischen Betriebsbereich von \u201325 \u00b0C bis +25 \u00b0C garantiert es eine optimale Konservierung von frischen, gefrorenen, Lebensmitteln oder pharmazeutischen Produkten zu einem hervorragenden Preis-Leistungs-Verh\u00e4ltnis.","robots":{"index":"index","follow":"follow","max-snippet":"max-snippet:-1","max-image-preview":"max-image-preview:large","max-video-preview":"max-video-preview:-1"},"canonical":"https:\/\/sagrinex.com\/produit\/conteneur-frigorifique-40-pieds-occasions\/","og_locale":"de_DE","og_type":"article","og_title":"40 Fu\u00df K\u00dcHLCONTAINER \u2013 GEBRAUCHT","og_description":"Gebrauchter 40-Fu\u00df-K\u00fchlcontainer (Reefer), komplett \u00fcberholt, konzipiert f\u00fcr die Lagerung oder den Transport von G\u00fctern unter kontrollierter Temperatur. Ausgestattet mit einem leistungsstarken K\u00fchlaggregat mit einem typischen Betriebsbereich von \u201325 \u00b0C bis +25 \u00b0C garantiert es eine optimale Konservierung von frischen, gefrorenen, Lebensmitteln oder pharmazeutischen Produkten zu einem hervorragenden Preis-Leistungs-Verh\u00e4ltnis.","og_url":"https:\/\/sagrinex.com\/produit\/conteneur-frigorifique-40-pieds-occasions\/","og_site_name":"Sagrinex \u2013 Anhaenger, Container &amp; Landtechnik \ud83c\udf3e\ud83d\ude9c","article_modified_time":"2026-04-15T21:12:11+00:00","og_image":[{"width":1024,"height":768,"url":"https:\/\/sagrinex.com\/wp-content\/uploads\/2026\/03\/Image-309-2.jpeg","type":"image\/jpeg"}],"twitter_card":"summary_large_image","twitter_misc":{"Gesch\u00e4tzte Lesezeit":"2\u00a0Minuten"},"schema":{"@context":"https:\/\/schema.org","@graph":[{"@type":"WebPage","@id":"https:\/\/sagrinex.com\/produit\/conteneur-frigorifique-40-pieds-occasions\/","url":"https:\/\/sagrinex.com\/produit\/conteneur-frigorifique-40-pieds-occasions\/","name":"40 Fu\u00df K\u00dcHLCONTAINER \u2013 GEBRAUCHT","isPartOf":{"@id":"https:\/\/sagrinex.com\/#website"},"primaryImageOfPage":{"@id":"https:\/\/sagrinex.com\/produit\/conteneur-frigorifique-40-pieds-occasions\/#primaryimage"},"image":{"@id":"https:\/\/sagrinex.com\/produit\/conteneur-frigorifique-40-pieds-occasions\/#primaryimage"},"thumbnailUrl":"https:\/\/sagrinex.com\/wp-content\/uploads\/2026\/03\/Image-309-2.jpeg","datePublished":"2026-03-16T11:26:12+00:00","dateModified":"2026-04-15T21:12:11+00:00","description":"Gebrauchter 40-Fu\u00df-K\u00fchlcontainer (Reefer), komplett \u00fcberholt, konzipiert f\u00fcr die Lagerung oder den Transport von G\u00fctern unter kontrollierter Temperatur. Ausgestattet mit einem leistungsstarken K\u00fchlaggregat mit einem typischen Betriebsbereich von \u201325 \u00b0C bis +25 \u00b0C garantiert es eine optimale Konservierung von frischen, gefrorenen, Lebensmitteln oder pharmazeutischen Produkten zu einem hervorragenden Preis-Leistungs-Verh\u00e4ltnis.","breadcrumb":{"@id":"https:\/\/sagrinex.com\/produit\/conteneur-frigorifique-40-pieds-occasions\/#breadcrumb"},"inLanguage":"de","potentialAction":[{"@type":"ReadAction","target":["https:\/\/sagrinex.com\/produit\/conteneur-frigorifique-40-pieds-occasions\/"]}]},{"@type":"ImageObject","inLanguage":"de","@id":"https:\/\/sagrinex.com\/produit\/conteneur-frigorifique-40-pieds-occasions\/#primaryimage","url":"https:\/\/sagrinex.com\/wp-content\/uploads\/2026\/03\/Image-309-2.jpeg","contentUrl":"https:\/\/sagrinex.com\/wp-content\/uploads\/2026\/03\/Image-309-2.jpeg","width":1024,"height":768},{"@type":"BreadcrumbList","@id":"https:\/\/sagrinex.com\/produit\/conteneur-frigorifique-40-pieds-occasions\/#breadcrumb","itemListElement":[{"@type":"ListItem","position":1,"name":"Accueil","item":"https:\/\/sagrinex.com\/?lang=de"},{"@type":"ListItem","position":2,"name":"Shop","item":"https:\/\/sagrinex.com\/shop\/"},{"@type":"ListItem","position":3,"name":"40 Fu\u00df K\u00dchlcontainer \u2013 Gebraucht"}]},{"@type":"WebSite","@id":"https:\/\/sagrinex.com\/#website","url":"https:\/\/sagrinex.com\/","name":"Sagrinex \u2013 Spezialist f\u00fcr Anh\u00e4nger, Container & Landtechnik","description":"Anhaenger, Container &amp; Landtechnik \u2014 Online-Verkauf &amp; kostenloses Angebot","publisher":{"@id":"https:\/\/sagrinex.com\/#organization"},"potentialAction":[{"@type":"SearchAction","target":{"@type":"EntryPoint","urlTemplate":"https:\/\/sagrinex.com\/?s={search_term_string}"},"query-input":{"@type":"PropertyValueSpecification","valueRequired":true,"valueName":"search_term_string"}}],"inLanguage":"de"},{"@type":"Organization","@id":"https:\/\/sagrinex.com\/#organization","name":"Sagrinex \u2013 Remorques, Conteneurs & Mat\u00e9riel Agricole","url":"https:\/\/sagrinex.com\/","logo":{"@type":"ImageObject","inLanguage":"de","@id":"https:\/\/sagrinex.com\/#\/schema\/logo\/image\/","url":"https:\/\/sagrinex.com\/wp-content\/uploads\/2026\/03\/7f1ac463-ef5a-425d-bdd6-a5da03a334a9-1024x683.png","contentUrl":"https:\/\/sagrinex.com\/wp-content\/uploads\/2026\/03\/7f1ac463-ef5a-425d-bdd6-a5da03a334a9-1024x683.png","width":1024,"height":683,"caption":"Sagrinex \u2013 Remorques, Conteneurs & Mat\u00e9riel Agricole"},"image":{"@id":"https:\/\/sagrinex.com\/#\/schema\/logo\/image\/"}}]}},"jetpack_sharing_enabled":true,"_links":{"self":[{"href":"https:\/\/sagrinex.com\/de\/wp-json\/wp\/v2\/product\/14180","targetHints":{"allow":["GET"]}}],"collection":[{"href":"https:\/\/sagrinex.com\/de\/wp-json\/wp\/v2\/product"}],"about":[{"href":"https:\/\/sagrinex.com\/de\/wp-json\/wp\/v2\/types\/product"}],"replies":[{"embeddable":true,"href":"https:\/\/sagrinex.com\/de\/wp-json\/wp\/v2\/comments?post=14180"}],"version-history":[{"count":0,"href":"https:\/\/sagrinex.com\/de\/wp-json\/wp\/v2\/product\/14180\/revisions"}],"wp:featuredmedia":[{"embeddable":true,"href":"https:\/\/sagrinex.com\/de\/wp-json\/wp\/v2\/media\/16348"}],"wp:attachment":[{"href":"https:\/\/sagrinex.com\/de\/wp-json\/wp\/v2\/media?parent=14180"}],"wp:term":[{"taxonomy":"product_brand","embeddable":true,"href":"https:\/\/sagrinex.com\/de\/wp-json\/wp\/v2\/product_brand?post=14180"},{"taxonomy":"product_cat","embeddable":true,"href":"https:\/\/sagrinex.com\/de\/wp-json\/wp\/v2\/product_cat?post=14180"},{"taxonomy":"product_tag","embeddable":true,"href":"https:\/\/sagrinex.com\/de\/wp-json\/wp\/v2\/product_tag?post=14180"}],"curies":[{"name":"wp","href":"https:\/\/api.w.org\/{rel}","templated":true}]}}