{"id":14182,"date":"2026-03-16T11:03:54","date_gmt":"2026-03-16T11:03:54","guid":{"rendered":"https:\/\/sagrinex.com\/produit\/20-fuss-lagercontainer-offene-seite-gebraucht\/"},"modified":"2026-04-15T21:12:11","modified_gmt":"2026-04-15T21:12:11","slug":"20-fuss-lagercontainer-offene-seite-gebraucht","status":"publish","type":"product","link":"https:\/\/sagrinex.com\/de\/produit\/20-fuss-lagercontainer-offene-seite-gebraucht\/","title":{"rendered":"20 Fu\u00df Lagercontainer \u2013 Offene Seite \u2013 Gebraucht"},"content":{"rendered":"<h1 data-start=\"186\" data-end=\"241\">20 Fu\u00df Lagercontainer \u2013 offene Seite \u2013 gebraucht<\/h1>\n<p data-start=\"243\" data-end=\"694\">Unsere gebrauchten 20-Fu\u00df-Open-Side-Lagercontainer sind so konzipiert, dass sie die Anforderungen an eine sichere Lagerung auf Baustellen, in Lagerhallen, in Au\u00dfendepots, auf landwirtschaftlichen Fl\u00e4chen oder sogar zu Hause effektiv erf\u00fcllen.<br data-start=\"490\" data-end=\"493\" \/>Es handelt sich um ausgew\u00e4hlte und \u00fcberarbeitete gebrauchte Container, die Robustheit, Sicherheit und Wasserdichtigkeit garantieren und gleichzeitig eine wirtschaftliche L\u00f6sung f\u00fcr den professionellen und privaten Einsatz bieten verwendet.<\/p>\n<hr data-start=\"696\" data-end=\"699\" \/>\n<h2 data-start=\"701\" data-end=\"749\">Voller seitlicher Zugriff: der Open Side-Vorteil<\/h2>\n<p data-start=\"751\" data-end=\"1316\">Der Hauptvorteil des 20-Fu\u00df-Open-Side-Lagercontainers liegt in seiner vollst\u00e4ndigen seitlichen \u00d6ffnung \u00fcber die gesamte L\u00e4nge durch 4-fl\u00fcgelige T\u00fcren in L\u00e4ngsrichtung.<br data-start=\"956\" data-end=\"959\" \/>Diese Konfiguration erleichtert das Be- und Entladen, da die Gegenst\u00e4nde nebeneinander und nicht hintereinander angeordnet werden k\u00f6nnen.<br data-start=\"1133\" data-end=\"1136\" \/>Es ist daher nicht mehr notwendig, den vorderen Teil zu entfernen, um an die unten liegende Ware zu gelangen, was eine Zeitersparnis und optimale Ergonomie bedeutet.<\/p>\n<p data-start=\"1318\" data-end=\"1473\">Dar\u00fcber hinaus beh\u00e4lt der Beh\u00e4lter eine klassische doppelfl\u00fcgelige Front\u00f6ffnung bei, die eine gro\u00dfe Flexibilit\u00e4t bei der Verwendung je nach Bedarf bietet.<\/p>\n<hr data-start=\"1475\" data-end=\"1478\" \/>\n<h2 data-start=\"1480\" data-end=\"1518\">Vielseitige und vielseitige Verwendungsm\u00f6glichkeiten<\/h2>\n<p data-start=\"1520\" data-end=\"1698\">\u00dcber die klassische Lagerung hinaus erfreut sich der gebrauchte 20-Fu\u00df-Open-Side-Container gro\u00dfer Beliebtheit f\u00fcr kreative und funktionale Projekte:<br data-start=\"1663\" data-end=\"1666\" \/>Unsere Kunden haben ihn verwendet f\u00fcr:<\/p>\n<ul data-start=\"1699\" data-end=\"1965\">\n<li data-start=\"1699\" data-end=\"1767\">\n<p data-start=\"1701\" data-end=\"1767\">die Schaffung von Au\u00dfenk\u00fcchen oder Bars f\u00fcr Restaurants,<\/p>\n<\/li>\n<li data-start=\"1768\" data-end=\"1827\">\n<p data-start=\"1770\" data-end=\"1827\">die Gestaltung von Ausstellungsr\u00e4umen oder Ausstellungsr\u00e4umen<\/p>\n<\/li>\n<li data-start=\"1828\" data-end=\"1873\">\n<p data-start=\"1830\" data-end=\"1873\">steht f\u00fcr Messen und Events,<\/p>\n<\/li>\n<li data-start=\"1874\" data-end=\"1908\">\n<p data-start=\"1876\" data-end=\"1908\">Schwimmbadh\u00e4user,<\/p>\n<\/li>\n<li data-start=\"1909\" data-end=\"1965\">\n<p data-start=\"1911\" data-end=\"1965\">oder als Basis f\u00fcr Werkst\u00e4tten oder technische R\u00e4ume.<\/p>\n<\/li>\n<\/ul>\n<p data-start=\"1967\" data-end=\"2073\">Seine gro\u00dfe seitliche \u00d6ffnung macht es zu einer praktischen und modularen L\u00f6sung, die f\u00fcr viele Anwendungen geeignet ist.<\/p>\n<hr data-start=\"2075\" data-end=\"2078\" \/>\n<h2 data-start=\"2080\" data-end=\"2106\">Design und Struktur<\/h2>\n<p data-start=\"2108\" data-end=\"2328\">Der gebrauchte 20-Fu\u00df-Open-Side-Lagercontainer basiert auf einem robusten Rahmen aus vollverschwei\u00dften Stahlprofilen mit einer Dicke von 3 mm, der Stabilit\u00e4t und Haltbarkeit auch nach vorherigem Gebrauch gew\u00e4hrleistet.<\/p>\n<ul data-start=\"2330\" data-end=\"2625\">\n<li data-start=\"2330\" data-end=\"2440\">\n<p data-start=\"2332\" data-end=\"2440\">W\u00e4nde und Decke: 1,5 mm laminiertes Stahlblech, f\u00fcr Stabilit\u00e4t und Schutz vor schlechtem Wetter<\/p>\n<\/li>\n<li data-start=\"2441\" data-end=\"2530\">\n<p data-start=\"2443\" data-end=\"2530\">Boden: 25 mm Massivholz, feuchtigkeitsbest\u00e4ndig, f\u00fcr schwere Lasten geeignet<\/p>\n<\/li>\n<li data-start=\"2531\" data-end=\"2625\">\n<p data-start=\"2533\" data-end=\"2625\">Verst\u00e4rkte Struktur: speziell entwickelt, um eine vollst\u00e4ndige seitliche \u00d6ffnung zu unterst\u00fctzen<\/p>\n<\/li>\n<\/ul>\n<p data-start=\"2627\" data-end=\"2731\">Es ist au\u00dferdem mit einer Vorh\u00e4ngeschloss-Schutzklappe ausgestattet, die die Sicherheit vor Diebstahl erh\u00f6ht.<\/p>\n<hr data-start=\"2733\" data-end=\"2736\" \/>\n<h2 data-start=\"2738\" data-end=\"2763\">Sicherheit und Wasserdichtigkeit<\/h2>\n<ul data-start=\"2765\" data-end=\"3035\">\n<li data-start=\"2765\" data-end=\"2875\">\n<p data-start=\"2767\" data-end=\"2875\">4-fl\u00fcgelige Seitent\u00fcren und wasserdichte Vordert\u00fcren, mit hochfesten Gummidichtungen<\/p>\n<\/li>\n<li data-start=\"2876\" data-end=\"2965\">\n<p data-start=\"2878\" data-end=\"2965\">Mehrfachverriegelungssysteme f\u00fcr optimalen Warenschutz<\/p>\n<\/li>\n<li data-start=\"2966\" data-end=\"3035\">\n<p data-start=\"2968\" data-end=\"3035\">Effektive Abdichtung gegen Staub, Wasser und schlechtes Wetter<\/p>\n<\/li>\n<\/ul>\n<hr data-start=\"3037\" data-end=\"3040\" \/>\n<h2 data-start=\"3042\" data-end=\"3071\">Handhabung und Umzug<\/h2>\n<p data-start=\"3073\" data-end=\"3152\">Der gebrauchte 20-Fu\u00df-Open-Side-Lagercontainer ist einfach zu handhaben:<\/p>\n<ul data-start=\"3154\" data-end=\"3466\">\n<li data-start=\"3154\" data-end=\"3232\">\n<p data-start=\"3156\" data-end=\"3232\">Mit dem Kran: 4 Steckdosen auf dem Dach f\u00fcr Hebehaken oder Schlingen<\/p>\n<\/li>\n<li data-start=\"3233\" data-end=\"3364\">\n<p data-start=\"3235\" data-end=\"3364\">Mit dem Gabelstapler: im Sockel integrierter Gabeldurchlass, vorne angeordnet, mit einem Achsabstand von 90 cm<\/p>\n<\/li>\n<li data-start=\"3365\" data-end=\"3466\">\n<p data-start=\"3367\" data-end=\"3466\">Kompatibel mit Stra\u00dfentransport und Logistik, gem\u00e4\u00df professionellen Standards<\/p>\n<\/li>\n<\/ul>\n<hr data-start=\"3468\" data-end=\"3471\" \/>\n<h2 data-start=\"3473\" data-end=\"3541\">Abmessungen des 20 Fu\u00df offenen seitlichen Lagercontainers \u2013 verwendet<\/h2>\n<div class=\"TyagGW_tableContainer\">\n<div class=\"group TyagGW_tableWrapper flex flex-col-reverse w-fit\">\n<table class=\"w-fit min-w-(--thread-content-width)\" data-start=\"3543\" data-end=\"3895\">\n<thead data-start=\"3543\" data-end=\"3590\">\n<tr data-start=\"3543\" data-end=\"3590\">\n<th data-start=\"3543\" data-end=\"3561\" data-col-size=\"sm\">FEATURE<\/th>\n<th data-start=\"3561\" data-end=\"3590\" data-col-size=\"sm\">UNGEF\u00c4HRE ABMESSUNGEN<\/th>\n<\/tr>\n<\/thead>\n<tbody data-start=\"3638\" data-end=\"3895\">\n<tr data-start=\"3638\" data-end=\"3670\">\n<td data-start=\"3638\" data-end=\"3660\" data-col-size=\"sm\">\u00c4u\u00dfere L\u00e4nge<\/td>\n<td data-start=\"3660\" data-end=\"3670\" data-col-size=\"sm\">6,06 m<\/td>\n<\/tr>\n<tr data-start=\"3671\" data-end=\"3702\">\n<td data-start=\"3671\" data-end=\"3692\" data-col-size=\"sm\">Au\u00dfenbreite<\/td>\n<td data-start=\"3692\" data-end=\"3702\" data-col-size=\"sm\">2,44 m<\/td>\n<\/tr>\n<tr data-start=\"3703\" data-end=\"3734\">\n<td data-start=\"3703\" data-end=\"3724\" data-col-size=\"sm\">Au\u00dfenh\u00f6he<\/td>\n<td data-start=\"3724\" data-end=\"3734\" data-col-size=\"sm\">2,59 m<\/td>\n<\/tr>\n<tr data-start=\"3735\" data-end=\"3767\">\n<td data-start=\"3735\" data-end=\"3757\" data-col-size=\"sm\">Innenl\u00e4nge<\/td>\n<td data-col-size=\"sm\" data-start=\"3757\" data-end=\"3767\">5,90 m<\/td>\n<\/tr>\n<tr data-start=\"3768\" data-end=\"3799\">\n<td data-start=\"3768\" data-end=\"3789\" data-col-size=\"sm\">Innenbreite<\/td>\n<td data-col-size=\"sm\" data-start=\"3789\" data-end=\"3799\">2,35 m<\/td>\n<\/tr>\n<tr data-start=\"3800\" data-end=\"3831\">\n<td data-start=\"3800\" data-end=\"3821\" data-col-size=\"sm\">Innenh\u00f6he<\/td>\n<td data-start=\"3821\" data-end=\"3831\" data-col-size=\"sm\">2,39 m<\/td>\n<\/tr>\n<tr data-start=\"3832\" data-end=\"3865\">\n<td data-start=\"3832\" data-end=\"3853\" data-col-size=\"sm\">Innenfl\u00e4che<\/td>\n<td data-start=\"3853\" data-end=\"3865\" data-col-size=\"sm\">~13,8 m\u00b2<\/td>\n<\/tr>\n<tr data-start=\"3866\" data-end=\"3895\">\n<td data-start=\"3866\" data-end=\"3885\" data-col-size=\"sm\">Innenvolumen<\/td>\n<td data-start=\"3885\" data-end=\"3895\" data-col-size=\"sm\">~33 m\u00b3<\/td>\n<\/tr>\n<\/tbody>\n<\/table>\n<\/div>\n<\/div>\n<hr data-start=\"3897\" data-end=\"3900\" \/>\n<h2 data-start=\"3902\" data-end=\"3913\">Kapazit\u00e4t<\/h2>\n<ul data-start=\"3915\" data-end=\"4110\">\n<li data-start=\"3915\" data-end=\"3968\">\n<p data-start=\"3917\" data-end=\"3968\"><strong data-start=\"3917\" data-end=\"3942\">Maximale Nutzlast<\/strong>: ca. <strong data-start=\"3953\" data-end=\"3966\">28 Tonnen<\/strong><\/p>\n<\/li>\n<li data-start=\"3969\" data-end=\"4020\">\n<p data-start=\"3971\" data-end=\"4020\"><strong data-start=\"3971\" data-end=\"3987\">Leergewicht<\/strong>: ca. <strong data-start=\"3998\" data-end=\"4018\">3.000 bis 3.200 kg<\/strong><\/p>\n<\/li>\n<li data-start=\"4021\" data-end=\"4110\">\n<p data-start=\"4023\" data-end=\"4110\"><strong data-start=\"4023\" data-end=\"4042\">Europapaletten<\/strong>: bis zu <strong data-start=\"4053\" data-end=\"4071\">11\u201312 Paletten<\/strong>, direkt von der Seite zug\u00e4nglich<\/p>\n<\/li>\n<\/ul>\n<hr data-start=\"4112\" data-end=\"4115\" \/>\n<h2 data-start=\"4117\" data-end=\"4139\">Verf\u00fcgbare Optionen<\/h2>\n<ul data-start=\"4141\" data-end=\"4378\">\n<li data-start=\"4141\" data-end=\"4181\">\n<p data-start=\"4143\" data-end=\"4181\">Benutzerdefinierte Farbe (RAL-Palette)<\/p>\n<\/li>\n<li data-start=\"4182\" data-end=\"4209\">\n<p data-start=\"4184\" data-end=\"4209\">Verst\u00e4rkter Stahlboden<\/p>\n<\/li>\n<li data-start=\"4210\" data-end=\"4258\">\n<p data-start=\"4212\" data-end=\"4258\">Verst\u00e4rktes Diebstahlschutzsystem (Schlie\u00dffach, Vorh\u00e4ngeschloss)<\/p>\n<\/li>\n<li data-start=\"4259\" data-end=\"4288\">\n<p data-start=\"4261\" data-end=\"4288\">Zus\u00e4tzliche Bel\u00fcftungs\u00f6ffnungen<\/p>\n<\/li>\n<li data-start=\"4289\" data-end=\"4336\">\n<p data-start=\"4291\" data-end=\"4336\">Elektroinstallation (Beleuchtung, Steckdosen)<\/p>\n<\/li>\n<li data-start=\"4337\" data-end=\"4378\">\n<p data-start=\"4339\" data-end=\"4378\">Regale und Innenausstattung<\/p>\n<\/li>\n<\/ul>\n","protected":false},"excerpt":{"rendered":"<p>Der gebrauchte 20-Fu\u00df-Open-Side-Container bietet eine modulare und sichere Lagerl\u00f6sung, ideal f\u00fcr Baustellen, Lagerhallen, Au\u00dfendepots oder kreative Projekte. Seine vollst\u00e4ndige seitliche \u00d6ffnung \u00fcber die gesamte L\u00e4nge erm\u00f6glicht ein schnelles Be- und Entladen mit direktem Zugriff auf das gesamte Innenvolumen.<br data-start=\"545\" data-end=\"548\" \/>Robust, \u00fcberarbeitet und wasserdicht eignet es sich f\u00fcr die Lagerung von palettierten G\u00fctern, sperrigen Ger\u00e4ten oder modularen Einbauten.<\/p>\n","protected":false},"featured_media":16335,"comment_status":"open","ping_status":"closed","template":"","meta":[],"product_brand":[],"product_cat":[350,347],"product_tag":[],"class_list":{"0":"post-14182","1":"product","2":"type-product","3":"status-publish","4":"has-post-thumbnail","6":"product_cat-spezifischer-speicher","7":"product_cat-unsere-container","9":"first","10":"instock","11":"shipping-taxable","12":"purchasable","13":"product-type-simple"},"yoast_head":"<!-- This site is optimized with the Yoast SEO plugin v27.4 - https:\/\/yoast.com\/product\/yoast-seo-wordpress\/ -->\n<title>20 Fu\u00df LAGERCONTAINER \u2013 OFFENE SEITE \u2013 GEBRAUCHT<\/title>\n<meta name=\"description\" content=\"Der gebrauchte 20-Fu\u00df-Open-Side-Container bietet eine modulare und sichere Lagerl\u00f6sung, ideal f\u00fcr Baustellen, Lagerhallen, Au\u00dfendepots oder kreative Projekte. Seine vollst\u00e4ndige seitliche \u00d6ffnung \u00fcber die gesamte L\u00e4nge erm\u00f6glicht ein schnelles Be- und Entladen mit direktem Zugriff auf das gesamte Innenraumvolumen. Robust, \u00fcberarbeitet und wasserdicht eignet es sich f\u00fcr die Lagerung palettierter G\u00fcter, sperriger Ger\u00e4te oder modularer Anordnungen.\" \/>\n<meta name=\"robots\" content=\"index, follow, max-snippet:-1, max-image-preview:large, max-video-preview:-1\" \/>\n<link rel=\"canonical\" href=\"https:\/\/sagrinex.com\/produit\/conteneur-de-stockage-20-pieds-open-side-occasions\/\" \/>\n<meta property=\"og:locale\" content=\"de_DE\" \/>\n<meta property=\"og:type\" content=\"article\" \/>\n<meta property=\"og:title\" content=\"20 Fu\u00df LAGERCONTAINER \u2013 OFFENE SEITE \u2013 GEBRAUCHT\" \/>\n<meta property=\"og:description\" content=\"Der gebrauchte 20-Fu\u00df-Open-Side-Container bietet eine modulare und sichere Lagerl\u00f6sung, ideal f\u00fcr Baustellen, Lagerhallen, Au\u00dfendepots oder kreative Projekte. Seine vollst\u00e4ndige seitliche \u00d6ffnung \u00fcber die gesamte L\u00e4nge erm\u00f6glicht ein schnelles Be- und Entladen mit direktem Zugriff auf das gesamte Innenraumvolumen. Robust, \u00fcberarbeitet und wasserdicht eignet es sich f\u00fcr die Lagerung palettierter G\u00fcter, sperriger Ger\u00e4te oder modularer Anordnungen.\" \/>\n<meta property=\"og:url\" content=\"https:\/\/sagrinex.com\/produit\/conteneur-de-stockage-20-pieds-open-side-occasions\/\" \/>\n<meta property=\"og:site_name\" content=\"Sagrinex \u2013 Anhaenger, Container &amp; Landtechnik \ud83c\udf3e\ud83d\ude9c\" \/>\n<meta property=\"article:modified_time\" content=\"2026-04-15T21:12:11+00:00\" \/>\n<meta property=\"og:image\" content=\"https:\/\/sagrinex.com\/wp-content\/uploads\/2026\/03\/Image-290-2.jpeg\" \/>\n\t<meta property=\"og:image:width\" content=\"577\" \/>\n\t<meta property=\"og:image:height\" content=\"433\" \/>\n\t<meta property=\"og:image:type\" content=\"image\/jpeg\" \/>\n<meta name=\"twitter:card\" content=\"summary_large_image\" \/>\n<meta name=\"twitter:label1\" content=\"Gesch\u00e4tzte Lesezeit\" \/>\n\t<meta name=\"twitter:data1\" content=\"3\u00a0Minuten\" \/>\n<script type=\"application\/ld+json\" class=\"yoast-schema-graph\">{\"@context\":\"https:\\\/\\\/schema.org\",\"@graph\":[{\"@type\":\"WebPage\",\"@id\":\"https:\\\/\\\/sagrinex.com\\\/produit\\\/conteneur-de-stockage-20-pieds-open-side-occasions\\\/\",\"url\":\"https:\\\/\\\/sagrinex.com\\\/produit\\\/conteneur-de-stockage-20-pieds-open-side-occasions\\\/\",\"name\":\"20 Fu\u00df LAGERCONTAINER \u2013 OFFENE SEITE \u2013 GEBRAUCHT\",\"isPartOf\":{\"@id\":\"https:\\\/\\\/sagrinex.com\\\/#website\"},\"primaryImageOfPage\":{\"@id\":\"https:\\\/\\\/sagrinex.com\\\/produit\\\/conteneur-de-stockage-20-pieds-open-side-occasions\\\/#primaryimage\"},\"image\":{\"@id\":\"https:\\\/\\\/sagrinex.com\\\/produit\\\/conteneur-de-stockage-20-pieds-open-side-occasions\\\/#primaryimage\"},\"thumbnailUrl\":\"https:\\\/\\\/sagrinex.com\\\/wp-content\\\/uploads\\\/2026\\\/03\\\/Image-290-2.jpeg\",\"datePublished\":\"2026-03-16T11:03:54+00:00\",\"dateModified\":\"2026-04-15T21:12:11+00:00\",\"description\":\"Der gebrauchte 20-Fu\u00df-Open-Side-Container bietet eine modulare und sichere Lagerl\u00f6sung, ideal f\u00fcr Baustellen, Lagerhallen, Au\u00dfendepots oder kreative Projekte. Seine vollst\u00e4ndige seitliche \u00d6ffnung \u00fcber die gesamte L\u00e4nge erm\u00f6glicht ein schnelles Be- und Entladen mit direktem Zugriff auf das gesamte Innenraumvolumen. Robust, \u00fcberarbeitet und wasserdicht eignet es sich f\u00fcr die Lagerung palettierter G\u00fcter, sperriger Ger\u00e4te oder modularer Anordnungen.\",\"breadcrumb\":{\"@id\":\"https:\\\/\\\/sagrinex.com\\\/produit\\\/conteneur-de-stockage-20-pieds-open-side-occasions\\\/#breadcrumb\"},\"inLanguage\":\"de\",\"potentialAction\":[{\"@type\":\"ReadAction\",\"target\":[\"https:\\\/\\\/sagrinex.com\\\/produit\\\/conteneur-de-stockage-20-pieds-open-side-occasions\\\/\"]}]},{\"@type\":\"ImageObject\",\"inLanguage\":\"de\",\"@id\":\"https:\\\/\\\/sagrinex.com\\\/produit\\\/conteneur-de-stockage-20-pieds-open-side-occasions\\\/#primaryimage\",\"url\":\"https:\\\/\\\/sagrinex.com\\\/wp-content\\\/uploads\\\/2026\\\/03\\\/Image-290-2.jpeg\",\"contentUrl\":\"https:\\\/\\\/sagrinex.com\\\/wp-content\\\/uploads\\\/2026\\\/03\\\/Image-290-2.jpeg\",\"width\":577,\"height\":433},{\"@type\":\"BreadcrumbList\",\"@id\":\"https:\\\/\\\/sagrinex.com\\\/produit\\\/conteneur-de-stockage-20-pieds-open-side-occasions\\\/#breadcrumb\",\"itemListElement\":[{\"@type\":\"ListItem\",\"position\":1,\"name\":\"Accueil\",\"item\":\"https:\\\/\\\/sagrinex.com\\\/?lang=de\"},{\"@type\":\"ListItem\",\"position\":2,\"name\":\"Shop\",\"item\":\"https:\\\/\\\/sagrinex.com\\\/shop\\\/\"},{\"@type\":\"ListItem\",\"position\":3,\"name\":\"20 Fu\u00df Lagercontainer \u2013 Offene Seite \u2013 Gebraucht\"}]},{\"@type\":\"WebSite\",\"@id\":\"https:\\\/\\\/sagrinex.com\\\/#website\",\"url\":\"https:\\\/\\\/sagrinex.com\\\/\",\"name\":\"Sagrinex \u2013 Spezialist f\u00fcr Anh\u00e4nger, Container & Landtechnik\",\"description\":\"Anhaenger, Container &amp; Landtechnik \u2014 Online-Verkauf &amp; kostenloses Angebot\",\"publisher\":{\"@id\":\"https:\\\/\\\/sagrinex.com\\\/#organization\"},\"potentialAction\":[{\"@type\":\"SearchAction\",\"target\":{\"@type\":\"EntryPoint\",\"urlTemplate\":\"https:\\\/\\\/sagrinex.com\\\/?s={search_term_string}\"},\"query-input\":{\"@type\":\"PropertyValueSpecification\",\"valueRequired\":true,\"valueName\":\"search_term_string\"}}],\"inLanguage\":\"de\"},{\"@type\":\"Organization\",\"@id\":\"https:\\\/\\\/sagrinex.com\\\/#organization\",\"name\":\"Sagrinex \u2013 Remorques, Conteneurs & Mat\u00e9riel Agricole\",\"url\":\"https:\\\/\\\/sagrinex.com\\\/\",\"logo\":{\"@type\":\"ImageObject\",\"inLanguage\":\"de\",\"@id\":\"https:\\\/\\\/sagrinex.com\\\/#\\\/schema\\\/logo\\\/image\\\/\",\"url\":\"https:\\\/\\\/sagrinex.com\\\/wp-content\\\/uploads\\\/2026\\\/03\\\/7f1ac463-ef5a-425d-bdd6-a5da03a334a9-1024x683.png\",\"contentUrl\":\"https:\\\/\\\/sagrinex.com\\\/wp-content\\\/uploads\\\/2026\\\/03\\\/7f1ac463-ef5a-425d-bdd6-a5da03a334a9-1024x683.png\",\"width\":1024,\"height\":683,\"caption\":\"Sagrinex \u2013 Remorques, Conteneurs & Mat\u00e9riel Agricole\"},\"image\":{\"@id\":\"https:\\\/\\\/sagrinex.com\\\/#\\\/schema\\\/logo\\\/image\\\/\"}}]}<\/script>\n<!-- \/ Yoast SEO plugin. -->","yoast_head_json":{"title":"20 Fu\u00df LAGERCONTAINER \u2013 OFFENE SEITE \u2013 GEBRAUCHT","description":"Der gebrauchte 20-Fu\u00df-Open-Side-Container bietet eine modulare und sichere Lagerl\u00f6sung, ideal f\u00fcr Baustellen, Lagerhallen, Au\u00dfendepots oder kreative Projekte. Seine vollst\u00e4ndige seitliche \u00d6ffnung \u00fcber die gesamte L\u00e4nge erm\u00f6glicht ein schnelles Be- und Entladen mit direktem Zugriff auf das gesamte Innenraumvolumen. Robust, \u00fcberarbeitet und wasserdicht eignet es sich f\u00fcr die Lagerung palettierter G\u00fcter, sperriger Ger\u00e4te oder modularer Anordnungen.","robots":{"index":"index","follow":"follow","max-snippet":"max-snippet:-1","max-image-preview":"max-image-preview:large","max-video-preview":"max-video-preview:-1"},"canonical":"https:\/\/sagrinex.com\/produit\/conteneur-de-stockage-20-pieds-open-side-occasions\/","og_locale":"de_DE","og_type":"article","og_title":"20 Fu\u00df LAGERCONTAINER \u2013 OFFENE SEITE \u2013 GEBRAUCHT","og_description":"Der gebrauchte 20-Fu\u00df-Open-Side-Container bietet eine modulare und sichere Lagerl\u00f6sung, ideal f\u00fcr Baustellen, Lagerhallen, Au\u00dfendepots oder kreative Projekte. Seine vollst\u00e4ndige seitliche \u00d6ffnung \u00fcber die gesamte L\u00e4nge erm\u00f6glicht ein schnelles Be- und Entladen mit direktem Zugriff auf das gesamte Innenraumvolumen. Robust, \u00fcberarbeitet und wasserdicht eignet es sich f\u00fcr die Lagerung palettierter G\u00fcter, sperriger Ger\u00e4te oder modularer Anordnungen.","og_url":"https:\/\/sagrinex.com\/produit\/conteneur-de-stockage-20-pieds-open-side-occasions\/","og_site_name":"Sagrinex \u2013 Anhaenger, Container &amp; Landtechnik \ud83c\udf3e\ud83d\ude9c","article_modified_time":"2026-04-15T21:12:11+00:00","og_image":[{"width":577,"height":433,"url":"https:\/\/sagrinex.com\/wp-content\/uploads\/2026\/03\/Image-290-2.jpeg","type":"image\/jpeg"}],"twitter_card":"summary_large_image","twitter_misc":{"Gesch\u00e4tzte Lesezeit":"3\u00a0Minuten"},"schema":{"@context":"https:\/\/schema.org","@graph":[{"@type":"WebPage","@id":"https:\/\/sagrinex.com\/produit\/conteneur-de-stockage-20-pieds-open-side-occasions\/","url":"https:\/\/sagrinex.com\/produit\/conteneur-de-stockage-20-pieds-open-side-occasions\/","name":"20 Fu\u00df LAGERCONTAINER \u2013 OFFENE SEITE \u2013 GEBRAUCHT","isPartOf":{"@id":"https:\/\/sagrinex.com\/#website"},"primaryImageOfPage":{"@id":"https:\/\/sagrinex.com\/produit\/conteneur-de-stockage-20-pieds-open-side-occasions\/#primaryimage"},"image":{"@id":"https:\/\/sagrinex.com\/produit\/conteneur-de-stockage-20-pieds-open-side-occasions\/#primaryimage"},"thumbnailUrl":"https:\/\/sagrinex.com\/wp-content\/uploads\/2026\/03\/Image-290-2.jpeg","datePublished":"2026-03-16T11:03:54+00:00","dateModified":"2026-04-15T21:12:11+00:00","description":"Der gebrauchte 20-Fu\u00df-Open-Side-Container bietet eine modulare und sichere Lagerl\u00f6sung, ideal f\u00fcr Baustellen, Lagerhallen, Au\u00dfendepots oder kreative Projekte. Seine vollst\u00e4ndige seitliche \u00d6ffnung \u00fcber die gesamte L\u00e4nge erm\u00f6glicht ein schnelles Be- und Entladen mit direktem Zugriff auf das gesamte Innenraumvolumen. Robust, \u00fcberarbeitet und wasserdicht eignet es sich f\u00fcr die Lagerung palettierter G\u00fcter, sperriger Ger\u00e4te oder modularer Anordnungen.","breadcrumb":{"@id":"https:\/\/sagrinex.com\/produit\/conteneur-de-stockage-20-pieds-open-side-occasions\/#breadcrumb"},"inLanguage":"de","potentialAction":[{"@type":"ReadAction","target":["https:\/\/sagrinex.com\/produit\/conteneur-de-stockage-20-pieds-open-side-occasions\/"]}]},{"@type":"ImageObject","inLanguage":"de","@id":"https:\/\/sagrinex.com\/produit\/conteneur-de-stockage-20-pieds-open-side-occasions\/#primaryimage","url":"https:\/\/sagrinex.com\/wp-content\/uploads\/2026\/03\/Image-290-2.jpeg","contentUrl":"https:\/\/sagrinex.com\/wp-content\/uploads\/2026\/03\/Image-290-2.jpeg","width":577,"height":433},{"@type":"BreadcrumbList","@id":"https:\/\/sagrinex.com\/produit\/conteneur-de-stockage-20-pieds-open-side-occasions\/#breadcrumb","itemListElement":[{"@type":"ListItem","position":1,"name":"Accueil","item":"https:\/\/sagrinex.com\/?lang=de"},{"@type":"ListItem","position":2,"name":"Shop","item":"https:\/\/sagrinex.com\/shop\/"},{"@type":"ListItem","position":3,"name":"20 Fu\u00df Lagercontainer \u2013 Offene Seite \u2013 Gebraucht"}]},{"@type":"WebSite","@id":"https:\/\/sagrinex.com\/#website","url":"https:\/\/sagrinex.com\/","name":"Sagrinex \u2013 Spezialist f\u00fcr Anh\u00e4nger, Container & Landtechnik","description":"Anhaenger, Container &amp; Landtechnik \u2014 Online-Verkauf &amp; kostenloses Angebot","publisher":{"@id":"https:\/\/sagrinex.com\/#organization"},"potentialAction":[{"@type":"SearchAction","target":{"@type":"EntryPoint","urlTemplate":"https:\/\/sagrinex.com\/?s={search_term_string}"},"query-input":{"@type":"PropertyValueSpecification","valueRequired":true,"valueName":"search_term_string"}}],"inLanguage":"de"},{"@type":"Organization","@id":"https:\/\/sagrinex.com\/#organization","name":"Sagrinex \u2013 Remorques, Conteneurs & Mat\u00e9riel Agricole","url":"https:\/\/sagrinex.com\/","logo":{"@type":"ImageObject","inLanguage":"de","@id":"https:\/\/sagrinex.com\/#\/schema\/logo\/image\/","url":"https:\/\/sagrinex.com\/wp-content\/uploads\/2026\/03\/7f1ac463-ef5a-425d-bdd6-a5da03a334a9-1024x683.png","contentUrl":"https:\/\/sagrinex.com\/wp-content\/uploads\/2026\/03\/7f1ac463-ef5a-425d-bdd6-a5da03a334a9-1024x683.png","width":1024,"height":683,"caption":"Sagrinex \u2013 Remorques, Conteneurs & Mat\u00e9riel Agricole"},"image":{"@id":"https:\/\/sagrinex.com\/#\/schema\/logo\/image\/"}}]}},"jetpack_sharing_enabled":true,"_links":{"self":[{"href":"https:\/\/sagrinex.com\/de\/wp-json\/wp\/v2\/product\/14182","targetHints":{"allow":["GET"]}}],"collection":[{"href":"https:\/\/sagrinex.com\/de\/wp-json\/wp\/v2\/product"}],"about":[{"href":"https:\/\/sagrinex.com\/de\/wp-json\/wp\/v2\/types\/product"}],"replies":[{"embeddable":true,"href":"https:\/\/sagrinex.com\/de\/wp-json\/wp\/v2\/comments?post=14182"}],"version-history":[{"count":0,"href":"https:\/\/sagrinex.com\/de\/wp-json\/wp\/v2\/product\/14182\/revisions"}],"wp:featuredmedia":[{"embeddable":true,"href":"https:\/\/sagrinex.com\/de\/wp-json\/wp\/v2\/media\/16335"}],"wp:attachment":[{"href":"https:\/\/sagrinex.com\/de\/wp-json\/wp\/v2\/media?parent=14182"}],"wp:term":[{"taxonomy":"product_brand","embeddable":true,"href":"https:\/\/sagrinex.com\/de\/wp-json\/wp\/v2\/product_brand?post=14182"},{"taxonomy":"product_cat","embeddable":true,"href":"https:\/\/sagrinex.com\/de\/wp-json\/wp\/v2\/product_cat?post=14182"},{"taxonomy":"product_tag","embeddable":true,"href":"https:\/\/sagrinex.com\/de\/wp-json\/wp\/v2\/product_tag?post=14182"}],"curies":[{"name":"wp","href":"https:\/\/api.w.org\/{rel}","templated":true}]}}