{"id":14183,"date":"2026-03-16T19:42:43","date_gmt":"2026-03-16T19:42:43","guid":{"rendered":"https:\/\/sagrinex.com\/produit\/bootsanhaenger-ge75-sun-way-1-achse-ungebremst-gesamtgewicht-750-kg\/"},"modified":"2026-04-15T21:12:11","modified_gmt":"2026-04-15T21:12:11","slug":"bootsanhaenger-ge75-sun-way-1-achse-ungebremst-gesamtgewicht-750-kg","status":"publish","type":"product","link":"https:\/\/sagrinex.com\/de\/produit\/bootsanhaenger-ge75-sun-way-1-achse-ungebremst-gesamtgewicht-750-kg\/","title":{"rendered":"Bootsanh\u00c4nger GE75 Sun Way 1 Achse Ungebremst Gesamtgewicht 750 Kg"},"content":{"rendered":"<p>Der Anh\u00e4nger <strong>SUN WAY GE75<\/strong> ist f\u00fcr den Transport von Booten mit einer L\u00e4nge von <strong>4,60 Metern<\/strong> konzipiert. Ideal f\u00fcr Bootsfahrer, sorgt er f\u00fcr einen sicheren und effizienten Transport Ihres Bootes. Dies ist das wirtschaftliche Modell des GS75, dieses ist nicht mit \u00d6lbadnaben ausgestattet. Daher ist bei gelegentlicher Nutzung ein h\u00f6herer Wartungsaufwand erforderlich.<\/p>\n<ul>\n<li><strong>Rumpfl\u00e4nge:<\/strong> 4,60 m<\/li>\n<li><strong>Fahrgestellabmessungen:<\/strong> 5,00 x 1,89 m<\/li>\n<li><strong>Zul\u00e4ssiges Gesamtgewicht:<\/strong> 500\/600\/650\/750 kg (Standard)<\/li>\n<li><strong>Maximale Nutzlast:<\/strong> 590 kg<\/li>\n<li><strong>R\u00e4der:<\/strong> 155\/70R13 4T100<\/li>\n<li><strong>Auflaufbremsung:<\/strong> Nein<\/li>\n<\/ul>\n<p>Ausgestattet mit <strong>festen wasserdichten LED-Leuchten<\/strong> garantiert der GE75-Anh\u00e4nger optimale Sicht unter allen Umst\u00e4nden und reduziert das Risiko von Fehlfunktionen aufgrund von Feuchtigkeit.<\/p>\n<p>Seine <strong>l\u00e4ngenverstellbare Deichsel<\/strong> erm\u00f6glicht Ihnen die Anpassung des Anh\u00e4ngers an die Gr\u00f6\u00dfe Ihres Bootes und sorgt so f\u00fcr eine perfekte Anpassung und erh\u00f6hte Stabilit\u00e4t beim Transport.<\/p>\n<p>Das <strong>Multi-Rollen<\/strong>-System erleichtert das Be- und Entladen Ihres Bootes, reduziert den Kraftaufwand und sch\u00fctzt den Rumpf vor m\u00f6glichen Sch\u00e4den.<\/p>\n<p>Der GE75 wurde ohne Tr\u00e4gheitsbremssystem entwickelt und bietet Benutzern, die einen leichten und funktionalen Anh\u00e4nger suchen, eine vereinfachte Wartung und eine einfachere Verwendung.<\/p>\n<ul>\n<li>Ersatzrad<\/li>\n<li>Verstellbare Windenhalterung<\/li>\n<li>Verst\u00e4rkte Kotfl\u00fcgel<\/li>\n<li>Befestigungsgurt-Set<\/li>\n<li>Riemen<\/li>\n<li>Kopfsperre<\/li>\n<\/ul>\n<ul>\n<li>Feuerverzinkte Struktur f\u00fcr gute Korrosionsbest\u00e4ndigkeit<\/li>\n<li>Eine preiswerte Variante zum attraktiven Preis<\/li>\n<li>Aufh\u00e4ngung f\u00fcr reibungslosen Transport optimiert<\/li>\n<li>Modularer Aufbau erm\u00f6glicht Anpassungen an spezifische Bed\u00fcrfnisse<\/li>\n<\/ul>\n<p>Wenn Sie sich f\u00fcr Sagrinex entscheiden, profitieren Sie von einer pers\u00f6nlichen Beratung, einem reaktionsschnellen Kundendienst und der M\u00f6glichkeit, Ihren Anh\u00e4nger an Ihre spezifischen Bed\u00fcrfnisse anzupassen.<\/p>\n<p>F\u00fcr das Ziehen des GE75-Anh\u00e4ngers mit einem zul\u00e4ssigen Gesamtgewicht von maximal 750 kg ist keine besondere Genehmigung erforderlich. Dieser Anh\u00e4nger mit einem zul\u00e4ssigen Gesamtgewicht von 750 kg ist zugelassen und verf\u00fcgt \u00fcber ein eigenes Zulassungspapier.<\/p>\n","protected":false},"excerpt":{"rendered":"<p>Sun Way GE75 Bootsanh\u00e4nger, einzelne ungebremste Achse, f\u00fcr halbstarre Boote, Flachrumpf oder V-Rumpf bis 4,5 m. Feuerverzinktes Fahrgestell, wasserdichte LED-Leuchten, St\u00fctzrad, schwarzer PVC-Kotfl\u00fcgel, manuelle Winde und drehbare Plattenhalterung. Wirtschaftlich, leicht und einfach zu man\u00f6vrieren.<\/p>\n<div class=\"mod_fa_customizablefields_v14_list\">\n<div class=\"mod_fa_champspersonnalisables_v14_titre\"><strong>Zul\u00e4ssiges Gesamtgewicht: <\/strong><span class=\"mod_fa_champspersonnalisables_v14_value\">500\/600\/750 kg (Standard)<\/span><\/div>\n<\/div>\n<div class=\"mod_fa_customizablefields_v14_list\">\n<div class=\"mod_fa_champspersonnalisables_v14_titre\"><strong>Leermasse: <\/strong><span class=\"mod_fa_champspersonnalisables_v14_value\">160 kg<\/span><\/div>\n<\/div>\n<div class=\"mod_fa_customizablefields_v14_list\">\n<div class=\"mod_fa_champspersonnalisables_v14_titre\"><strong>Nutzlast: <\/strong><span class=\"mod_fa_champspersonnalisables_v14_value\">590 kg<\/span><\/div>\n<\/div>\n<div class=\"mod_fa_customizablefields_v14_list\">\n<div class=\"mod_fa_champspersonnalisables_v14_titre\"><strong>Gesamtabmessungen: <\/strong><span class=\"mod_fa_champspersonnalisables_v14_value\">500 x 183 cm<\/span><\/div>\n<\/div>\n<div class=\"mod_fa_customizablefields_v14_list\">\n<div class=\"mod_fa_champspersonnalisables_v14_titre\"><strong>Maximale L\u00e4nge des Bootes: <\/strong><span class=\"mod_fa_champspersonnalisables_v14_value\">4,5 m<\/span><\/div>\n<\/div>\n<div class=\"mod_fa_customizablefields_v14_list\">\n<div class=\"mod_fa_champspersonnalisables_v14_titre\"><strong>Achswiderstand(e): <\/strong><span class=\"mod_fa_champspersonnalisables_v14_value\">750 kg<\/span><\/div>\n<\/div>\n<div class=\"mod_fa_customizablefields_v14_list\">\n<div class=\"mod_fa_customizablefields_v14_title\"><strong>Pfeil: <\/strong><span class=\"mod_fa_customizablefields_v14_value\">v<\/span><\/div>\n<\/div>\n<div class=\"mod_fa_customizablefields_v14_list\">\n<div class=\"mod_fa_customizablefields_v14_title\"><strong>Band: <\/strong><span class=\"mod_fa_customizablefields_v14_value\">Behoben<\/span><\/div>\n<\/div>\n<div class=\"mod_fa_customizablefields_v14_list\">\n<div class=\"mod_fa_champspersonnalisables_v14_titre\"><strong>Rahmentyp: <\/strong><span class=\"mod_fa_champspersonnalisables_v14_value\">Feuerverzinkt<\/span><\/div>\n<\/div>\n<div class=\"mod_fa_customizablefields_v14_list\">\n<div class=\"mod_fa_champspersonnalisables_v14_title\"><strong>R\u00e4der: <\/strong><span class=\"mod_fa_champspersonnalisables_v14_valeur\">155&#215;70 R13<\/span><\/div>\n<\/div>\n<div class=\"mod_fa_customizablefields_v14_list\">\n<div class=\"mod_fa_champspersonnalisables_v14_titre\"><strong>Ausstattung: <\/strong><span class=\"mod_fa_champspersonnalisables_v14_valeur\">Wasserdichte LED-Leuchten und drehbarer Nummernschildhalter, Standard-St\u00fctzrad, schwarzer halbstarrer PVC-Kotfl\u00fcgel, manuelle Winde und Windenunterst\u00fctzung.<\/span><\/div>\n<\/div>\n","protected":false},"featured_media":16428,"comment_status":"open","ping_status":"closed","template":"","meta":[],"product_brand":[],"product_cat":[357,352],"product_tag":[],"class_list":{"0":"post-14183","1":"product","2":"type-product","3":"status-publish","4":"has-post-thumbnail","6":"product_cat-nautische-anhaenger","7":"product_cat-unsere-trailer","9":"first","10":"instock","11":"shipping-taxable","12":"purchasable","13":"product-type-simple"},"yoast_head":"<!-- This site is optimized with the Yoast SEO plugin v27.5 - https:\/\/yoast.com\/product\/yoast-seo-wordpress\/ -->\n<title>BOOTSANH\u00c4NGER GE75 SUN WAY 1 ACHSE UNGEBREMST Gesamtgewicht 750 KG<\/title>\n<meta name=\"description\" content=\"Sun Way GE75 Bootsanh\u00e4nger, einzelne ungebremste Achse, f\u00fcr halbstarre Boote, Flachrumpf oder V-Rumpf bis 4,5 m. Feuerverzinktes Fahrgestell, wasserdichte LED-Leuchten, St\u00fctzrad, schwarzer PVC-Kotfl\u00fcgel, manuelle Winde und drehbare Plattenhalterung. Wirtschaftlich, leicht und einfach zu man\u00f6vrieren.\" \/>\n<meta name=\"robots\" content=\"index, follow, max-snippet:-1, max-image-preview:large, max-video-preview:-1\" \/>\n<link rel=\"canonical\" href=\"https:\/\/sagrinex.com\/produit\/remorque-bateau-ge75-sun-way-1-essieu-non-freinee-ptac-750-kg\/\" \/>\n<meta property=\"og:locale\" content=\"de_DE\" \/>\n<meta property=\"og:type\" content=\"article\" \/>\n<meta property=\"og:title\" content=\"BOOTSANH\u00c4NGER GE75 SUN WAY 1 ACHSE UNGEBREMST Gesamtgewicht 750 KG\" \/>\n<meta property=\"og:description\" content=\"Sun Way GE75 Bootsanh\u00e4nger, einzelne ungebremste Achse, f\u00fcr halbstarre Boote, Flachrumpf oder V-Rumpf bis 4,5 m. Feuerverzinktes Fahrgestell, wasserdichte LED-Leuchten, St\u00fctzrad, schwarzer PVC-Kotfl\u00fcgel, manuelle Winde und drehbare Plattenhalterung. Wirtschaftlich, leicht und einfach zu man\u00f6vrieren.\" \/>\n<meta property=\"og:url\" content=\"https:\/\/sagrinex.com\/produit\/remorque-bateau-ge75-sun-way-1-essieu-non-freinee-ptac-750-kg\/\" \/>\n<meta property=\"og:site_name\" content=\"Sagrinex \u2013 Anhaenger, Container &amp; Landtechnik \ud83c\udf3e\ud83d\ude9c\" \/>\n<meta property=\"article:modified_time\" content=\"2026-04-15T21:12:11+00:00\" \/>\n<meta property=\"og:image\" content=\"https:\/\/sagrinex.com\/wp-content\/uploads\/2026\/03\/Image-401-2.jpeg\" \/>\n\t<meta property=\"og:image:width\" content=\"900\" \/>\n\t<meta property=\"og:image:height\" content=\"1063\" \/>\n\t<meta property=\"og:image:type\" content=\"image\/jpeg\" \/>\n<meta name=\"twitter:card\" content=\"summary_large_image\" \/>\n<meta name=\"twitter:label1\" content=\"Gesch\u00e4tzte Lesezeit\" \/>\n\t<meta name=\"twitter:data1\" content=\"1\u00a0Minute\" \/>\n<script type=\"application\/ld+json\" class=\"yoast-schema-graph\">{\"@context\":\"https:\\\/\\\/schema.org\",\"@graph\":[{\"@type\":\"WebPage\",\"@id\":\"https:\\\/\\\/sagrinex.com\\\/produit\\\/remorque-bateau-ge75-sun-way-1-essieu-non-freinee-ptac-750-kg\\\/\",\"url\":\"https:\\\/\\\/sagrinex.com\\\/produit\\\/remorque-bateau-ge75-sun-way-1-essieu-non-freinee-ptac-750-kg\\\/\",\"name\":\"BOOTSANH\u00c4NGER GE75 SUN WAY 1 ACHSE UNGEBREMST Gesamtgewicht 750 KG\",\"isPartOf\":{\"@id\":\"https:\\\/\\\/sagrinex.com\\\/#website\"},\"primaryImageOfPage\":{\"@id\":\"https:\\\/\\\/sagrinex.com\\\/produit\\\/remorque-bateau-ge75-sun-way-1-essieu-non-freinee-ptac-750-kg\\\/#primaryimage\"},\"image\":{\"@id\":\"https:\\\/\\\/sagrinex.com\\\/produit\\\/remorque-bateau-ge75-sun-way-1-essieu-non-freinee-ptac-750-kg\\\/#primaryimage\"},\"thumbnailUrl\":\"https:\\\/\\\/sagrinex.com\\\/wp-content\\\/uploads\\\/2026\\\/03\\\/Image-401-2.jpeg\",\"datePublished\":\"2026-03-16T19:42:43+00:00\",\"dateModified\":\"2026-04-15T21:12:11+00:00\",\"description\":\"Sun Way GE75 Bootsanh\u00e4nger, einzelne ungebremste Achse, f\u00fcr halbstarre Boote, Flachrumpf oder V-Rumpf bis 4,5 m. Feuerverzinktes Fahrgestell, wasserdichte LED-Leuchten, St\u00fctzrad, schwarzer PVC-Kotfl\u00fcgel, manuelle Winde und drehbare Plattenhalterung. Wirtschaftlich, leicht und einfach zu man\u00f6vrieren.\",\"breadcrumb\":{\"@id\":\"https:\\\/\\\/sagrinex.com\\\/produit\\\/remorque-bateau-ge75-sun-way-1-essieu-non-freinee-ptac-750-kg\\\/#breadcrumb\"},\"inLanguage\":\"de\",\"potentialAction\":[{\"@type\":\"ReadAction\",\"target\":[\"https:\\\/\\\/sagrinex.com\\\/produit\\\/remorque-bateau-ge75-sun-way-1-essieu-non-freinee-ptac-750-kg\\\/\"]}]},{\"@type\":\"ImageObject\",\"inLanguage\":\"de\",\"@id\":\"https:\\\/\\\/sagrinex.com\\\/produit\\\/remorque-bateau-ge75-sun-way-1-essieu-non-freinee-ptac-750-kg\\\/#primaryimage\",\"url\":\"https:\\\/\\\/sagrinex.com\\\/wp-content\\\/uploads\\\/2026\\\/03\\\/Image-401-2.jpeg\",\"contentUrl\":\"https:\\\/\\\/sagrinex.com\\\/wp-content\\\/uploads\\\/2026\\\/03\\\/Image-401-2.jpeg\",\"width\":900,\"height\":1063},{\"@type\":\"BreadcrumbList\",\"@id\":\"https:\\\/\\\/sagrinex.com\\\/produit\\\/remorque-bateau-ge75-sun-way-1-essieu-non-freinee-ptac-750-kg\\\/#breadcrumb\",\"itemListElement\":[{\"@type\":\"ListItem\",\"position\":1,\"name\":\"Accueil\",\"item\":\"https:\\\/\\\/sagrinex.com\\\/?lang=de\"},{\"@type\":\"ListItem\",\"position\":2,\"name\":\"Shop\",\"item\":\"https:\\\/\\\/sagrinex.com\\\/shop\\\/\"},{\"@type\":\"ListItem\",\"position\":3,\"name\":\"Bootsanh\u00c4nger GE75 Sun Way 1 Achse Ungebremst Gesamtgewicht 750 Kg\"}]},{\"@type\":\"WebSite\",\"@id\":\"https:\\\/\\\/sagrinex.com\\\/#website\",\"url\":\"https:\\\/\\\/sagrinex.com\\\/\",\"name\":\"Sagrinex \u2013 Spezialist f\u00fcr Anh\u00e4nger, Container & Landtechnik\",\"description\":\"Anhaenger, Container &amp; Landtechnik \u2014 Online-Verkauf &amp; kostenloses Angebot\",\"publisher\":{\"@id\":\"https:\\\/\\\/sagrinex.com\\\/#organization\"},\"potentialAction\":[{\"@type\":\"SearchAction\",\"target\":{\"@type\":\"EntryPoint\",\"urlTemplate\":\"https:\\\/\\\/sagrinex.com\\\/?s={search_term_string}\"},\"query-input\":{\"@type\":\"PropertyValueSpecification\",\"valueRequired\":true,\"valueName\":\"search_term_string\"}}],\"inLanguage\":\"de\"},{\"@type\":\"Organization\",\"@id\":\"https:\\\/\\\/sagrinex.com\\\/#organization\",\"name\":\"Sagrinex \u2013 Remorques, Conteneurs & Mat\u00e9riel Agricole\",\"url\":\"https:\\\/\\\/sagrinex.com\\\/\",\"logo\":{\"@type\":\"ImageObject\",\"inLanguage\":\"de\",\"@id\":\"https:\\\/\\\/sagrinex.com\\\/#\\\/schema\\\/logo\\\/image\\\/\",\"url\":\"https:\\\/\\\/sagrinex.com\\\/wp-content\\\/uploads\\\/2026\\\/03\\\/7f1ac463-ef5a-425d-bdd6-a5da03a334a9-1024x683.png\",\"contentUrl\":\"https:\\\/\\\/sagrinex.com\\\/wp-content\\\/uploads\\\/2026\\\/03\\\/7f1ac463-ef5a-425d-bdd6-a5da03a334a9-1024x683.png\",\"width\":1024,\"height\":683,\"caption\":\"Sagrinex \u2013 Remorques, Conteneurs & Mat\u00e9riel Agricole\"},\"image\":{\"@id\":\"https:\\\/\\\/sagrinex.com\\\/#\\\/schema\\\/logo\\\/image\\\/\"}}]}<\/script>\n<!-- \/ Yoast SEO plugin. -->","yoast_head_json":{"title":"BOOTSANH\u00c4NGER GE75 SUN WAY 1 ACHSE UNGEBREMST Gesamtgewicht 750 KG","description":"Sun Way GE75 Bootsanh\u00e4nger, einzelne ungebremste Achse, f\u00fcr halbstarre Boote, Flachrumpf oder V-Rumpf bis 4,5 m. Feuerverzinktes Fahrgestell, wasserdichte LED-Leuchten, St\u00fctzrad, schwarzer PVC-Kotfl\u00fcgel, manuelle Winde und drehbare Plattenhalterung. Wirtschaftlich, leicht und einfach zu man\u00f6vrieren.","robots":{"index":"index","follow":"follow","max-snippet":"max-snippet:-1","max-image-preview":"max-image-preview:large","max-video-preview":"max-video-preview:-1"},"canonical":"https:\/\/sagrinex.com\/produit\/remorque-bateau-ge75-sun-way-1-essieu-non-freinee-ptac-750-kg\/","og_locale":"de_DE","og_type":"article","og_title":"BOOTSANH\u00c4NGER GE75 SUN WAY 1 ACHSE UNGEBREMST Gesamtgewicht 750 KG","og_description":"Sun Way GE75 Bootsanh\u00e4nger, einzelne ungebremste Achse, f\u00fcr halbstarre Boote, Flachrumpf oder V-Rumpf bis 4,5 m. Feuerverzinktes Fahrgestell, wasserdichte LED-Leuchten, St\u00fctzrad, schwarzer PVC-Kotfl\u00fcgel, manuelle Winde und drehbare Plattenhalterung. Wirtschaftlich, leicht und einfach zu man\u00f6vrieren.","og_url":"https:\/\/sagrinex.com\/produit\/remorque-bateau-ge75-sun-way-1-essieu-non-freinee-ptac-750-kg\/","og_site_name":"Sagrinex \u2013 Anhaenger, Container &amp; Landtechnik \ud83c\udf3e\ud83d\ude9c","article_modified_time":"2026-04-15T21:12:11+00:00","og_image":[{"width":900,"height":1063,"url":"https:\/\/sagrinex.com\/wp-content\/uploads\/2026\/03\/Image-401-2.jpeg","type":"image\/jpeg"}],"twitter_card":"summary_large_image","twitter_misc":{"Gesch\u00e4tzte Lesezeit":"1\u00a0Minute"},"schema":{"@context":"https:\/\/schema.org","@graph":[{"@type":"WebPage","@id":"https:\/\/sagrinex.com\/produit\/remorque-bateau-ge75-sun-way-1-essieu-non-freinee-ptac-750-kg\/","url":"https:\/\/sagrinex.com\/produit\/remorque-bateau-ge75-sun-way-1-essieu-non-freinee-ptac-750-kg\/","name":"BOOTSANH\u00c4NGER GE75 SUN WAY 1 ACHSE UNGEBREMST Gesamtgewicht 750 KG","isPartOf":{"@id":"https:\/\/sagrinex.com\/#website"},"primaryImageOfPage":{"@id":"https:\/\/sagrinex.com\/produit\/remorque-bateau-ge75-sun-way-1-essieu-non-freinee-ptac-750-kg\/#primaryimage"},"image":{"@id":"https:\/\/sagrinex.com\/produit\/remorque-bateau-ge75-sun-way-1-essieu-non-freinee-ptac-750-kg\/#primaryimage"},"thumbnailUrl":"https:\/\/sagrinex.com\/wp-content\/uploads\/2026\/03\/Image-401-2.jpeg","datePublished":"2026-03-16T19:42:43+00:00","dateModified":"2026-04-15T21:12:11+00:00","description":"Sun Way GE75 Bootsanh\u00e4nger, einzelne ungebremste Achse, f\u00fcr halbstarre Boote, Flachrumpf oder V-Rumpf bis 4,5 m. Feuerverzinktes Fahrgestell, wasserdichte LED-Leuchten, St\u00fctzrad, schwarzer PVC-Kotfl\u00fcgel, manuelle Winde und drehbare Plattenhalterung. Wirtschaftlich, leicht und einfach zu man\u00f6vrieren.","breadcrumb":{"@id":"https:\/\/sagrinex.com\/produit\/remorque-bateau-ge75-sun-way-1-essieu-non-freinee-ptac-750-kg\/#breadcrumb"},"inLanguage":"de","potentialAction":[{"@type":"ReadAction","target":["https:\/\/sagrinex.com\/produit\/remorque-bateau-ge75-sun-way-1-essieu-non-freinee-ptac-750-kg\/"]}]},{"@type":"ImageObject","inLanguage":"de","@id":"https:\/\/sagrinex.com\/produit\/remorque-bateau-ge75-sun-way-1-essieu-non-freinee-ptac-750-kg\/#primaryimage","url":"https:\/\/sagrinex.com\/wp-content\/uploads\/2026\/03\/Image-401-2.jpeg","contentUrl":"https:\/\/sagrinex.com\/wp-content\/uploads\/2026\/03\/Image-401-2.jpeg","width":900,"height":1063},{"@type":"BreadcrumbList","@id":"https:\/\/sagrinex.com\/produit\/remorque-bateau-ge75-sun-way-1-essieu-non-freinee-ptac-750-kg\/#breadcrumb","itemListElement":[{"@type":"ListItem","position":1,"name":"Accueil","item":"https:\/\/sagrinex.com\/?lang=de"},{"@type":"ListItem","position":2,"name":"Shop","item":"https:\/\/sagrinex.com\/shop\/"},{"@type":"ListItem","position":3,"name":"Bootsanh\u00c4nger GE75 Sun Way 1 Achse Ungebremst Gesamtgewicht 750 Kg"}]},{"@type":"WebSite","@id":"https:\/\/sagrinex.com\/#website","url":"https:\/\/sagrinex.com\/","name":"Sagrinex \u2013 Spezialist f\u00fcr Anh\u00e4nger, Container & Landtechnik","description":"Anhaenger, Container &amp; Landtechnik \u2014 Online-Verkauf &amp; kostenloses Angebot","publisher":{"@id":"https:\/\/sagrinex.com\/#organization"},"potentialAction":[{"@type":"SearchAction","target":{"@type":"EntryPoint","urlTemplate":"https:\/\/sagrinex.com\/?s={search_term_string}"},"query-input":{"@type":"PropertyValueSpecification","valueRequired":true,"valueName":"search_term_string"}}],"inLanguage":"de"},{"@type":"Organization","@id":"https:\/\/sagrinex.com\/#organization","name":"Sagrinex \u2013 Remorques, Conteneurs & Mat\u00e9riel Agricole","url":"https:\/\/sagrinex.com\/","logo":{"@type":"ImageObject","inLanguage":"de","@id":"https:\/\/sagrinex.com\/#\/schema\/logo\/image\/","url":"https:\/\/sagrinex.com\/wp-content\/uploads\/2026\/03\/7f1ac463-ef5a-425d-bdd6-a5da03a334a9-1024x683.png","contentUrl":"https:\/\/sagrinex.com\/wp-content\/uploads\/2026\/03\/7f1ac463-ef5a-425d-bdd6-a5da03a334a9-1024x683.png","width":1024,"height":683,"caption":"Sagrinex \u2013 Remorques, Conteneurs & Mat\u00e9riel Agricole"},"image":{"@id":"https:\/\/sagrinex.com\/#\/schema\/logo\/image\/"}}]}},"jetpack_sharing_enabled":true,"_links":{"self":[{"href":"https:\/\/sagrinex.com\/de\/wp-json\/wp\/v2\/product\/14183","targetHints":{"allow":["GET"]}}],"collection":[{"href":"https:\/\/sagrinex.com\/de\/wp-json\/wp\/v2\/product"}],"about":[{"href":"https:\/\/sagrinex.com\/de\/wp-json\/wp\/v2\/types\/product"}],"replies":[{"embeddable":true,"href":"https:\/\/sagrinex.com\/de\/wp-json\/wp\/v2\/comments?post=14183"}],"version-history":[{"count":0,"href":"https:\/\/sagrinex.com\/de\/wp-json\/wp\/v2\/product\/14183\/revisions"}],"wp:featuredmedia":[{"embeddable":true,"href":"https:\/\/sagrinex.com\/de\/wp-json\/wp\/v2\/media\/16428"}],"wp:attachment":[{"href":"https:\/\/sagrinex.com\/de\/wp-json\/wp\/v2\/media?parent=14183"}],"wp:term":[{"taxonomy":"product_brand","embeddable":true,"href":"https:\/\/sagrinex.com\/de\/wp-json\/wp\/v2\/product_brand?post=14183"},{"taxonomy":"product_cat","embeddable":true,"href":"https:\/\/sagrinex.com\/de\/wp-json\/wp\/v2\/product_cat?post=14183"},{"taxonomy":"product_tag","embeddable":true,"href":"https:\/\/sagrinex.com\/de\/wp-json\/wp\/v2\/product_tag?post=14183"}],"curies":[{"name":"wp","href":"https:\/\/api.w.org\/{rel}","templated":true}]}}