{"id":14185,"date":"2026-03-16T22:31:46","date_gmt":"2026-03-16T22:31:46","guid":{"rendered":"https:\/\/sagrinex.com\/produit\/bootswagen-anhaenger-buerschbar-sw1665-gesamtgewicht-2120-kg-2-achsen\/"},"modified":"2026-04-15T21:12:11","modified_gmt":"2026-04-15T21:12:11","slug":"bootswagen-anhaenger-buerschbar-sw1665-gesamtgewicht-2120-kg-2-achsen","status":"publish","type":"product","link":"https:\/\/sagrinex.com\/de\/produit\/bootswagen-anhaenger-buerschbar-sw1665-gesamtgewicht-2120-kg-2-achsen\/","title":{"rendered":"Bootswagen \u2013 Anh\u00c4nger \u2013 B\u00dcrschbar \u2013 SW1665 \u2013 Gesamtgewicht: 2120 Kg \u2013 2 Achsen"},"content":{"rendered":"<p>Der <strong>Sun Way<\/strong>-Bootsanh\u00e4nger ist speziell f\u00fcr den sicheren Transport von Festrumpf-, Langkiel-Steuermann- oder Halbstarrbooten konzipiert. Dank seiner <strong>neigbaren Deichsel<\/strong> und seiner zentralen Rollenbahn erleichtert es das Zu- und Aussteigen aus dem Wasser, auch an flachen H\u00e4ngen. Dieses Modell ist ideal f\u00fcr Besitzer, die eine zuverl\u00e4ssige L\u00f6sung suchen, um ihr Boot problemlos legal auf der Stra\u00dfe zu bewegen.<\/p>\n<ul>\n<li><strong>Zul\u00e4ssiges Gesamtgewicht<\/strong>: 2120\/2000\/1800 kg (je nach Bedarf deklassierbar)<\/li>\n<li><strong>Leermasse<\/strong>: 510 kg<\/li>\n<li><strong>Maximale Nutzlast<\/strong>: 1610 kg<\/li>\n<li><strong>Nutzma\u00dfe<\/strong>: Fahrgestelll\u00e4nge zwischen 5,80 m und 6,50 m<\/li>\n<li><strong>Gesamtabmessungen<\/strong>: 6,50 m (L) x 2,04 m (B) x 0,89 m (H)<\/li>\n<li><strong>Maximale L\u00e4nge des Bootes<\/strong>: 6,40 m Rumpf<\/li>\n<li><strong>Pfeil<\/strong>: gerade feuerverzinkt<\/li>\n<li><strong>Pinne<\/strong>: kippbar<\/li>\n<li><strong>Fahrgestell<\/strong>: feuerverzinkt<\/li>\n<li><strong>R\u00e4der<\/strong>: 185\/70R13<\/li>\n<li><strong>Ausstattung<\/strong>: Windenhalterung mit Standard-Bandwinde, abnehmbare Lichtplatte aus Kunststoff, drehbare Kennzeichenhalterung, am Fahrgestell angeschwei\u00dfte Zurrhaken<\/li>\n<\/ul>\n<p>Der <strong>Sun Way<\/strong> ist mit einer <strong>neigbaren Deichsel<\/strong> ausgestattet, die ein vereinfachtes Zuwasserlassen Ihres Bootes auch auf Slipanlagen mit leichter Neigung erm\u00f6glicht. Diese Funktion reduziert den Kraftaufwand bei Man\u00f6vern und sorgt f\u00fcr eine einfache Handhabung des Bootes.<\/p>\n<p>Das Anh\u00e4ngerchassis besteht aus feuerverzinktem Stahl, der eine erh\u00f6hte Korrosionsbest\u00e4ndigkeit und eine au\u00dfergew\u00f6hnliche Haltbarkeit gew\u00e4hrleistet. Dieses robuste Design gew\u00e4hrleistet eine optimale Langlebigkeit, selbst in anspruchsvollen Meeresumgebungen.<\/p>\n<p>Um das Be- und Entladen zu erleichtern, verf\u00fcgt der Anh\u00e4nger \u00fcber eine <strong>zentrale Rollenschiene<\/strong>. Dieses System gew\u00e4hrleistet eine optimale Unterst\u00fctzung des Rumpfes beim Zuwasserlassen und Aussteigen und verringert so das Risiko einer Besch\u00e4digung des Bootes.<\/p>\n<p>Die integrierten <strong>wasserdichten LED-Leuchten<\/strong> und der schwenkbare Kennzeichenhalter erm\u00f6glichen eine sichere Nutzung im Stra\u00dfenverkehr und vereinfachen gleichzeitig den Startvorgang, ohne dass die Leuchten demontiert werden m\u00fcssen.<\/p>\n<ul>\n<li>Sp\u00fclset: Zum effektiven Reinigen der Achsen nach dem Eintauchen in Salzwasser, um Korrosion vorzubeugen und eine l\u00e4ngere Lebensdauer zu gew\u00e4hrleisten.<\/li>\n<li>Reserverad mit Halterung: unerl\u00e4sslich, um auf Ihren Reisen mit unvorhergesehenen Umst\u00e4nden umzugehen.<\/li>\n<li>Elektrische Winde mit wasserdichter Aufbewahrungsbox f\u00fcr die Batterie: erleichtert das Starten und Verlassen ohne manuellen Aufwand.<\/li>\n<li>Riemen<\/li>\n<li>Diebstahlschutz<\/li>\n<\/ul>\n<ul>\n<li>Standardm\u00e4\u00dfig mit Goliath-Winden und St\u00fctzr\u00e4dern ausgestattet, um einen zuverl\u00e4ssigen und effizienten Einsatz zu gew\u00e4hrleisten.<\/li>\n<li>Hochwertige Fertigung garantiert au\u00dfergew\u00f6hnliche Robustheit und Langlebigkeit.<\/li>\n<li>Hei\u00dfverzinkter Stahlrahmen f\u00fcr optimale Korrosionsbest\u00e4ndigkeit.<\/li>\n<li>Lichtplatte aus Kunststoff, um Rost und Abnutzung nach l\u00e4ngerem Gebrauch oder Lagerung im Freien zu verhindern.<\/li>\n<li>Genehmigung f\u00fcr den legalen Stra\u00dfentransport.<\/li>\n<li>Innovationen seit 2016: LED-Leuchten<\/li>\n<\/ul>\n<p><strong>Sagrinex<\/strong> verf\u00fcgt \u00fcber den gr\u00f6\u00dften Bestand an Anh\u00e4ngern.<\/p>\n<p>Vergleichen Sie und lassen Sie sich von unseren Experten beraten, die Ihnen das ideale Modell f\u00fcr Ihr Boot anbieten k\u00f6nnen.<\/p>\n","protected":false},"excerpt":{"rendered":"<p>Der Sun Way-Anh\u00e4nger ist f\u00fcr den Transport von Festrumpfbooten, Langkiel-Steuerm\u00e4nnern und Halbstarrbooten bis zu 6,40 m Rumpfl\u00e4nge konzipiert. Seine kippbare Deichsel und der feuerverzinkte Rahmen garantieren Robustheit und einfaches Einsetzen.<\/p>\n<div class=\"mod_fa_customizablefields_v14_list\">\n<div class=\"mod_fa_champspersonnalisables_v14_title\"><strong>Zul\u00e4ssiges Gesamtgewicht: <\/strong><span class=\"mod_fa_champspersonnalisables_v14_value\">2120\/2000\/1800 kg<\/span><\/div>\n<\/div>\n<div class=\"mod_fa_customizablefields_v14_list\">\n<div class=\"mod_fa_champspersonnalisables_v14_titre\"><strong>Leermasse: <\/strong><span class=\"mod_fa_champspersonnalisables_v14_value\">510 kg<\/span><\/div>\n<\/div>\n<div class=\"mod_fa_customizablefields_v14_list\">\n<div class=\"mod_fa_champspersonnalisables_v14_titre\"><strong>Nutzlast: <\/strong><span class=\"mod_fa_champspersonnalisables_v14_value\">maximal 1610 kg<\/span><\/div>\n<\/div>\n<div class=\"mod_fa_customizablefields_v14_list\">\n<div class=\"mod_fa_champspersonnalisables_v14_titre\"><strong>N\u00fctzliche Abmessungen: <\/strong><span class=\"mod_fa_champspersonnalisables_v14_value\">Zwischen 5,80 und 6,50 m<\/span><\/div>\n<\/div>\n<div class=\"mod_fa_customizablefields_v14_list\">\n<div class=\"mod_fa_champspersonnalisables_v14_titre\"><strong>Gesamtabmessungen: <\/strong><span class=\"mod_fa_champspersonnalisables_v14_value\">650 x 204 x H89 cm<\/span><\/div>\n<\/div>\n<div class=\"mod_fa_customizablefields_v14_list\">\n<div class=\"mod_fa_champspersonnalisables_v14_titre\"><strong>Maximale L\u00e4nge des Bootes: <\/strong><span class=\"mod_fa_champspersonnalisables_v14_valeur\">6,40 m Rumpf<\/span><\/div>\n<\/div>\n<div class=\"mod_fa_customizablefields_v14_list\">\n<div class=\"mod_fa_champspersonnalisables_v14_title\"><strong>Pfeil: <\/strong><span class=\"mod_fa_champspersonnalisables_v14_value\">Rechts feuerverzinkt<\/span><\/div>\n<\/div>\n<div class=\"mod_fa_customizablefields_v14_list\">\n<div class=\"mod_fa_champspersonnalisables_v14_title\"><strong>Schublade: <\/strong><span class=\"mod_fa_champspersonnalisables_v14_value\">Kippbar<\/span><\/div>\n<\/div>\n<div class=\"mod_fa_customizablefields_v14_list\">\n<div class=\"mod_fa_champspersonnalisables_v14_titre\"><strong>Rahmentyp: <\/strong><span class=\"mod_fa_champspersonnalisables_v14_value\">Feuerverzinkt<\/span><\/div>\n<\/div>\n<div class=\"mod_fa_customizablefields_v14_list\">\n<div class=\"mod_fa_champspersonnalisables_v14_titre\"><strong>R\u00e4der: <\/strong><span class=\"mod_fa_champspersonnalisables_v14_valeur\">185\/70R13<\/span><\/div>\n<\/div>\n<div class=\"mod_fa_customizablefields_v14_list\">\n<div class=\"mod_fa_champspersonnalisables_v14_titre\"><strong>Ausstattung: <\/strong><span class=\"mod_fa_champspersonnalisables_v14_valeur\">Windenhalterung + Standard-Bandwinde \/ Abnehmbare Lichtplatte aus Kunststoff \/ An das Fahrgestell geschwei\u00dfte Zurrhaken<\/span><\/div>\n<\/div>\n","protected":false},"featured_media":16469,"comment_status":"open","ping_status":"closed","template":"","meta":[],"product_brand":[],"product_cat":[357,352],"product_tag":[],"class_list":{"0":"post-14185","1":"product","2":"type-product","3":"status-publish","4":"has-post-thumbnail","6":"product_cat-nautische-anhaenger","7":"product_cat-unsere-trailer","9":"first","10":"instock","11":"shipping-taxable","12":"purchasable","13":"product-type-simple"},"yoast_head":"<!-- This site is optimized with the Yoast SEO plugin v27.4 - https:\/\/yoast.com\/product\/yoast-seo-wordpress\/ -->\n<title>BOOTSWAGEN \u2013 ANH\u00c4NGER \u2013 B\u00dcRSCHBAR \u2013 SW1665 \u2013 Gesamtgewicht: 2120 kg \u2013 2 ACHSEN<\/title>\n<meta name=\"description\" content=\"Der Sun Way-Anh\u00e4nger ist f\u00fcr den Transport von Festrumpfbooten, Langkiel-Steuerm\u00e4nnern und Halbstarrbooten bis zu 6,40 m Rumpfl\u00e4nge konzipiert. Seine kippbare Deichsel und der feuerverzinkte Rahmen garantieren Robustheit und einfaches Einsetzen.\" \/>\n<meta name=\"robots\" content=\"index, follow, max-snippet:-1, max-image-preview:large, max-video-preview:-1\" \/>\n<link rel=\"canonical\" href=\"https:\/\/sagrinex.com\/produit\/porte-bateau-remorque-cassante-sw1665-ptac-2120kg-2-essieux\/\" \/>\n<meta property=\"og:locale\" content=\"de_DE\" \/>\n<meta property=\"og:type\" content=\"article\" \/>\n<meta property=\"og:title\" content=\"BOOTSWAGEN \u2013 ANH\u00c4NGER \u2013 B\u00dcRSCHBAR \u2013 SW1665 \u2013 Gesamtgewicht: 2120 kg \u2013 2 ACHSEN\" \/>\n<meta property=\"og:description\" content=\"Der Sun Way-Anh\u00e4nger ist f\u00fcr den Transport von Festrumpfbooten, Langkiel-Steuerm\u00e4nnern und Halbstarrbooten bis zu 6,40 m Rumpfl\u00e4nge konzipiert. Seine kippbare Deichsel und der feuerverzinkte Rahmen garantieren Robustheit und einfaches Einsetzen.\" \/>\n<meta property=\"og:url\" content=\"https:\/\/sagrinex.com\/produit\/porte-bateau-remorque-cassante-sw1665-ptac-2120kg-2-essieux\/\" \/>\n<meta property=\"og:site_name\" content=\"Sagrinex \u2013 Anhaenger, Container &amp; Landtechnik \ud83c\udf3e\ud83d\ude9c\" \/>\n<meta property=\"article:modified_time\" content=\"2026-04-15T21:12:11+00:00\" \/>\n<meta property=\"og:image\" content=\"https:\/\/sagrinex.com\/wp-content\/uploads\/2026\/03\/Image-455-1.jpeg\" \/>\n\t<meta property=\"og:image:width\" content=\"587\" \/>\n\t<meta property=\"og:image:height\" content=\"298\" \/>\n\t<meta property=\"og:image:type\" content=\"image\/jpeg\" \/>\n<meta name=\"twitter:card\" content=\"summary_large_image\" \/>\n<meta name=\"twitter:label1\" content=\"Gesch\u00e4tzte Lesezeit\" \/>\n\t<meta name=\"twitter:data1\" content=\"2\u00a0Minuten\" \/>\n<script type=\"application\/ld+json\" class=\"yoast-schema-graph\">{\"@context\":\"https:\\\/\\\/schema.org\",\"@graph\":[{\"@type\":\"WebPage\",\"@id\":\"https:\\\/\\\/sagrinex.com\\\/produit\\\/porte-bateau-remorque-cassante-sw1665-ptac-2120kg-2-essieux\\\/\",\"url\":\"https:\\\/\\\/sagrinex.com\\\/produit\\\/porte-bateau-remorque-cassante-sw1665-ptac-2120kg-2-essieux\\\/\",\"name\":\"BOOTSWAGEN \u2013 ANH\u00c4NGER \u2013 B\u00dcRSCHBAR \u2013 SW1665 \u2013 Gesamtgewicht: 2120 kg \u2013 2 ACHSEN\",\"isPartOf\":{\"@id\":\"https:\\\/\\\/sagrinex.com\\\/#website\"},\"primaryImageOfPage\":{\"@id\":\"https:\\\/\\\/sagrinex.com\\\/produit\\\/porte-bateau-remorque-cassante-sw1665-ptac-2120kg-2-essieux\\\/#primaryimage\"},\"image\":{\"@id\":\"https:\\\/\\\/sagrinex.com\\\/produit\\\/porte-bateau-remorque-cassante-sw1665-ptac-2120kg-2-essieux\\\/#primaryimage\"},\"thumbnailUrl\":\"https:\\\/\\\/sagrinex.com\\\/wp-content\\\/uploads\\\/2026\\\/03\\\/Image-455-1.jpeg\",\"datePublished\":\"2026-03-16T22:31:46+00:00\",\"dateModified\":\"2026-04-15T21:12:11+00:00\",\"description\":\"Der Sun Way-Anh\u00e4nger ist f\u00fcr den Transport von Festrumpfbooten, Langkiel-Steuerm\u00e4nnern und Halbstarrbooten bis zu 6,40 m Rumpfl\u00e4nge konzipiert. Seine kippbare Deichsel und der feuerverzinkte Rahmen garantieren Robustheit und einfaches Einsetzen.\",\"breadcrumb\":{\"@id\":\"https:\\\/\\\/sagrinex.com\\\/produit\\\/porte-bateau-remorque-cassante-sw1665-ptac-2120kg-2-essieux\\\/#breadcrumb\"},\"inLanguage\":\"de\",\"potentialAction\":[{\"@type\":\"ReadAction\",\"target\":[\"https:\\\/\\\/sagrinex.com\\\/produit\\\/porte-bateau-remorque-cassante-sw1665-ptac-2120kg-2-essieux\\\/\"]}]},{\"@type\":\"ImageObject\",\"inLanguage\":\"de\",\"@id\":\"https:\\\/\\\/sagrinex.com\\\/produit\\\/porte-bateau-remorque-cassante-sw1665-ptac-2120kg-2-essieux\\\/#primaryimage\",\"url\":\"https:\\\/\\\/sagrinex.com\\\/wp-content\\\/uploads\\\/2026\\\/03\\\/Image-455-1.jpeg\",\"contentUrl\":\"https:\\\/\\\/sagrinex.com\\\/wp-content\\\/uploads\\\/2026\\\/03\\\/Image-455-1.jpeg\",\"width\":587,\"height\":298},{\"@type\":\"BreadcrumbList\",\"@id\":\"https:\\\/\\\/sagrinex.com\\\/produit\\\/porte-bateau-remorque-cassante-sw1665-ptac-2120kg-2-essieux\\\/#breadcrumb\",\"itemListElement\":[{\"@type\":\"ListItem\",\"position\":1,\"name\":\"Accueil\",\"item\":\"https:\\\/\\\/sagrinex.com\\\/?lang=de\"},{\"@type\":\"ListItem\",\"position\":2,\"name\":\"Shop\",\"item\":\"https:\\\/\\\/sagrinex.com\\\/shop\\\/\"},{\"@type\":\"ListItem\",\"position\":3,\"name\":\"Bootswagen \u2013 Anh\u00c4nger \u2013 B\u00dcrschbar \u2013 SW1665 \u2013 Gesamtgewicht: 2120 Kg \u2013 2 Achsen\"}]},{\"@type\":\"WebSite\",\"@id\":\"https:\\\/\\\/sagrinex.com\\\/#website\",\"url\":\"https:\\\/\\\/sagrinex.com\\\/\",\"name\":\"Sagrinex \u2013 Spezialist f\u00fcr Anh\u00e4nger, Container & Landtechnik\",\"description\":\"Anhaenger, Container &amp; Landtechnik \u2014 Online-Verkauf &amp; kostenloses Angebot\",\"publisher\":{\"@id\":\"https:\\\/\\\/sagrinex.com\\\/#organization\"},\"potentialAction\":[{\"@type\":\"SearchAction\",\"target\":{\"@type\":\"EntryPoint\",\"urlTemplate\":\"https:\\\/\\\/sagrinex.com\\\/?s={search_term_string}\"},\"query-input\":{\"@type\":\"PropertyValueSpecification\",\"valueRequired\":true,\"valueName\":\"search_term_string\"}}],\"inLanguage\":\"de\"},{\"@type\":\"Organization\",\"@id\":\"https:\\\/\\\/sagrinex.com\\\/#organization\",\"name\":\"Sagrinex \u2013 Remorques, Conteneurs & Mat\u00e9riel Agricole\",\"url\":\"https:\\\/\\\/sagrinex.com\\\/\",\"logo\":{\"@type\":\"ImageObject\",\"inLanguage\":\"de\",\"@id\":\"https:\\\/\\\/sagrinex.com\\\/#\\\/schema\\\/logo\\\/image\\\/\",\"url\":\"https:\\\/\\\/sagrinex.com\\\/wp-content\\\/uploads\\\/2026\\\/03\\\/7f1ac463-ef5a-425d-bdd6-a5da03a334a9-1024x683.png\",\"contentUrl\":\"https:\\\/\\\/sagrinex.com\\\/wp-content\\\/uploads\\\/2026\\\/03\\\/7f1ac463-ef5a-425d-bdd6-a5da03a334a9-1024x683.png\",\"width\":1024,\"height\":683,\"caption\":\"Sagrinex \u2013 Remorques, Conteneurs & Mat\u00e9riel Agricole\"},\"image\":{\"@id\":\"https:\\\/\\\/sagrinex.com\\\/#\\\/schema\\\/logo\\\/image\\\/\"}}]}<\/script>\n<!-- \/ Yoast SEO plugin. -->","yoast_head_json":{"title":"BOOTSWAGEN \u2013 ANH\u00c4NGER \u2013 B\u00dcRSCHBAR \u2013 SW1665 \u2013 Gesamtgewicht: 2120 kg \u2013 2 ACHSEN","description":"Der Sun Way-Anh\u00e4nger ist f\u00fcr den Transport von Festrumpfbooten, Langkiel-Steuerm\u00e4nnern und Halbstarrbooten bis zu 6,40 m Rumpfl\u00e4nge konzipiert. Seine kippbare Deichsel und der feuerverzinkte Rahmen garantieren Robustheit und einfaches Einsetzen.","robots":{"index":"index","follow":"follow","max-snippet":"max-snippet:-1","max-image-preview":"max-image-preview:large","max-video-preview":"max-video-preview:-1"},"canonical":"https:\/\/sagrinex.com\/produit\/porte-bateau-remorque-cassante-sw1665-ptac-2120kg-2-essieux\/","og_locale":"de_DE","og_type":"article","og_title":"BOOTSWAGEN \u2013 ANH\u00c4NGER \u2013 B\u00dcRSCHBAR \u2013 SW1665 \u2013 Gesamtgewicht: 2120 kg \u2013 2 ACHSEN","og_description":"Der Sun Way-Anh\u00e4nger ist f\u00fcr den Transport von Festrumpfbooten, Langkiel-Steuerm\u00e4nnern und Halbstarrbooten bis zu 6,40 m Rumpfl\u00e4nge konzipiert. Seine kippbare Deichsel und der feuerverzinkte Rahmen garantieren Robustheit und einfaches Einsetzen.","og_url":"https:\/\/sagrinex.com\/produit\/porte-bateau-remorque-cassante-sw1665-ptac-2120kg-2-essieux\/","og_site_name":"Sagrinex \u2013 Anhaenger, Container &amp; Landtechnik \ud83c\udf3e\ud83d\ude9c","article_modified_time":"2026-04-15T21:12:11+00:00","og_image":[{"width":587,"height":298,"url":"https:\/\/sagrinex.com\/wp-content\/uploads\/2026\/03\/Image-455-1.jpeg","type":"image\/jpeg"}],"twitter_card":"summary_large_image","twitter_misc":{"Gesch\u00e4tzte Lesezeit":"2\u00a0Minuten"},"schema":{"@context":"https:\/\/schema.org","@graph":[{"@type":"WebPage","@id":"https:\/\/sagrinex.com\/produit\/porte-bateau-remorque-cassante-sw1665-ptac-2120kg-2-essieux\/","url":"https:\/\/sagrinex.com\/produit\/porte-bateau-remorque-cassante-sw1665-ptac-2120kg-2-essieux\/","name":"BOOTSWAGEN \u2013 ANH\u00c4NGER \u2013 B\u00dcRSCHBAR \u2013 SW1665 \u2013 Gesamtgewicht: 2120 kg \u2013 2 ACHSEN","isPartOf":{"@id":"https:\/\/sagrinex.com\/#website"},"primaryImageOfPage":{"@id":"https:\/\/sagrinex.com\/produit\/porte-bateau-remorque-cassante-sw1665-ptac-2120kg-2-essieux\/#primaryimage"},"image":{"@id":"https:\/\/sagrinex.com\/produit\/porte-bateau-remorque-cassante-sw1665-ptac-2120kg-2-essieux\/#primaryimage"},"thumbnailUrl":"https:\/\/sagrinex.com\/wp-content\/uploads\/2026\/03\/Image-455-1.jpeg","datePublished":"2026-03-16T22:31:46+00:00","dateModified":"2026-04-15T21:12:11+00:00","description":"Der Sun Way-Anh\u00e4nger ist f\u00fcr den Transport von Festrumpfbooten, Langkiel-Steuerm\u00e4nnern und Halbstarrbooten bis zu 6,40 m Rumpfl\u00e4nge konzipiert. Seine kippbare Deichsel und der feuerverzinkte Rahmen garantieren Robustheit und einfaches Einsetzen.","breadcrumb":{"@id":"https:\/\/sagrinex.com\/produit\/porte-bateau-remorque-cassante-sw1665-ptac-2120kg-2-essieux\/#breadcrumb"},"inLanguage":"de","potentialAction":[{"@type":"ReadAction","target":["https:\/\/sagrinex.com\/produit\/porte-bateau-remorque-cassante-sw1665-ptac-2120kg-2-essieux\/"]}]},{"@type":"ImageObject","inLanguage":"de","@id":"https:\/\/sagrinex.com\/produit\/porte-bateau-remorque-cassante-sw1665-ptac-2120kg-2-essieux\/#primaryimage","url":"https:\/\/sagrinex.com\/wp-content\/uploads\/2026\/03\/Image-455-1.jpeg","contentUrl":"https:\/\/sagrinex.com\/wp-content\/uploads\/2026\/03\/Image-455-1.jpeg","width":587,"height":298},{"@type":"BreadcrumbList","@id":"https:\/\/sagrinex.com\/produit\/porte-bateau-remorque-cassante-sw1665-ptac-2120kg-2-essieux\/#breadcrumb","itemListElement":[{"@type":"ListItem","position":1,"name":"Accueil","item":"https:\/\/sagrinex.com\/?lang=de"},{"@type":"ListItem","position":2,"name":"Shop","item":"https:\/\/sagrinex.com\/shop\/"},{"@type":"ListItem","position":3,"name":"Bootswagen \u2013 Anh\u00c4nger \u2013 B\u00dcrschbar \u2013 SW1665 \u2013 Gesamtgewicht: 2120 Kg \u2013 2 Achsen"}]},{"@type":"WebSite","@id":"https:\/\/sagrinex.com\/#website","url":"https:\/\/sagrinex.com\/","name":"Sagrinex \u2013 Spezialist f\u00fcr Anh\u00e4nger, Container & Landtechnik","description":"Anhaenger, Container &amp; Landtechnik \u2014 Online-Verkauf &amp; kostenloses Angebot","publisher":{"@id":"https:\/\/sagrinex.com\/#organization"},"potentialAction":[{"@type":"SearchAction","target":{"@type":"EntryPoint","urlTemplate":"https:\/\/sagrinex.com\/?s={search_term_string}"},"query-input":{"@type":"PropertyValueSpecification","valueRequired":true,"valueName":"search_term_string"}}],"inLanguage":"de"},{"@type":"Organization","@id":"https:\/\/sagrinex.com\/#organization","name":"Sagrinex \u2013 Remorques, Conteneurs & Mat\u00e9riel Agricole","url":"https:\/\/sagrinex.com\/","logo":{"@type":"ImageObject","inLanguage":"de","@id":"https:\/\/sagrinex.com\/#\/schema\/logo\/image\/","url":"https:\/\/sagrinex.com\/wp-content\/uploads\/2026\/03\/7f1ac463-ef5a-425d-bdd6-a5da03a334a9-1024x683.png","contentUrl":"https:\/\/sagrinex.com\/wp-content\/uploads\/2026\/03\/7f1ac463-ef5a-425d-bdd6-a5da03a334a9-1024x683.png","width":1024,"height":683,"caption":"Sagrinex \u2013 Remorques, Conteneurs & Mat\u00e9riel Agricole"},"image":{"@id":"https:\/\/sagrinex.com\/#\/schema\/logo\/image\/"}}]}},"jetpack_sharing_enabled":true,"_links":{"self":[{"href":"https:\/\/sagrinex.com\/de\/wp-json\/wp\/v2\/product\/14185","targetHints":{"allow":["GET"]}}],"collection":[{"href":"https:\/\/sagrinex.com\/de\/wp-json\/wp\/v2\/product"}],"about":[{"href":"https:\/\/sagrinex.com\/de\/wp-json\/wp\/v2\/types\/product"}],"replies":[{"embeddable":true,"href":"https:\/\/sagrinex.com\/de\/wp-json\/wp\/v2\/comments?post=14185"}],"version-history":[{"count":0,"href":"https:\/\/sagrinex.com\/de\/wp-json\/wp\/v2\/product\/14185\/revisions"}],"wp:featuredmedia":[{"embeddable":true,"href":"https:\/\/sagrinex.com\/de\/wp-json\/wp\/v2\/media\/16469"}],"wp:attachment":[{"href":"https:\/\/sagrinex.com\/de\/wp-json\/wp\/v2\/media?parent=14185"}],"wp:term":[{"taxonomy":"product_brand","embeddable":true,"href":"https:\/\/sagrinex.com\/de\/wp-json\/wp\/v2\/product_brand?post=14185"},{"taxonomy":"product_cat","embeddable":true,"href":"https:\/\/sagrinex.com\/de\/wp-json\/wp\/v2\/product_cat?post=14185"},{"taxonomy":"product_tag","embeddable":true,"href":"https:\/\/sagrinex.com\/de\/wp-json\/wp\/v2\/product_tag?post=14185"}],"curies":[{"name":"wp","href":"https:\/\/api.w.org\/{rel}","templated":true}]}}