{"id":14187,"date":"2026-03-16T22:52:04","date_gmt":"2026-03-16T22:52:04","guid":{"rendered":"https:\/\/sagrinex.com\/produit\/kaputter-bootsanhaenger-sw535-zulaessiges-gesamtgewicht-750-kg-1-achse\/"},"modified":"2026-04-15T21:12:11","modified_gmt":"2026-04-15T21:12:11","slug":"kaputter-bootsanhaenger-sw535-zulaessiges-gesamtgewicht-750-kg-1-achse","status":"publish","type":"product","link":"https:\/\/sagrinex.com\/de\/produit\/kaputter-bootsanhaenger-sw535-zulaessiges-gesamtgewicht-750-kg-1-achse\/","title":{"rendered":"Kaputter Bootsanh\u00e4nger \u2013 SW535 \u2013 Zul\u00e4ssiges Gesamtgewicht: 750 Kg \u2013 1 Achse"},"content":{"rendered":"<p>Dieser Anh\u00e4nger von Sun Way eignet sich ideal f\u00fcr den <strong>Stra\u00dfentransport<\/strong> und <strong>das Zuwasserlassen<\/strong> von Booten bis zu 4,6 Metern und eignet sich f\u00fcr <strong>Rippen<\/strong>, <strong>Langkiel-Steuerm\u00e4nner<\/strong> oder <strong>starre R\u00fcmpfe<\/strong>. Dank seiner <strong>neigbaren Deichsel<\/strong> erleichtert er das Man\u00f6vrieren auf leicht geneigten Ladefl\u00e4chen, ohne dass ein Tauchanh\u00e4nger erforderlich ist.<\/p>\n<ul>\n<li><strong>Zul\u00e4ssiges Gesamtgewicht:<\/strong> 500 \/ 600 \/ 650 \/ 700 \/ 750 kg (je nach Bedarf deklassierbar)<\/li>\n<li><strong>Leermasse:<\/strong> 190 kg<\/li>\n<li><strong>Nutzlast:<\/strong> Bis zu 560 kg<\/li>\n<li><strong>Nutzma\u00dfe:<\/strong> Von 4,10 m bis 4,60 m<\/li>\n<li><strong>Gesamtabmessungen:<\/strong> 460 x 160 x H73 cm<\/li>\n<li><strong>Maximale Bootsl\u00e4nge:<\/strong> 4,6 m<\/li>\n<li><strong>Chassis:<\/strong> Feuerverzinkter Stahl<\/li>\n<li><strong>Fr\u00e4se:<\/strong> Kippbar mit verzinktem geradem Ausleger<\/li>\n<li><strong>R\u00e4der:<\/strong> 155\/70R13<\/li>\n<li><strong>Standardausr\u00fcstung:<\/strong> Riemenwinde auf St\u00fctze, abnehmbare R\u00fccklichtplatte aus Kunststoff, angeschwei\u00dfte Zurrhaken<\/li>\n<\/ul>\n<p>Die <strong>neigbare Deichsel<\/strong> erm\u00f6glicht einen einfacheren Ein- und Ausstieg aus dem Wasser, ohne nennenswerte k\u00f6rperliche Anstrengung. Dieses System begrenzt die manuelle Handhabung und ist besonders auf Rampen mit geringer Neigung n\u00fctzlich, w\u00e4hrend es gleichzeitig die <strong>Nutzungssicherheit<\/strong> erh\u00f6ht.<\/p>\n<p>Das <strong>feuerverzinkte Chassis<\/strong> gew\u00e4hrleistet eine hervorragende <strong>Widerstandsf\u00e4higkeit gegen \u00e4u\u00dfere Einfl\u00fcsse<\/strong> wie Feuchtigkeit, Salz und Spritzwasser. Diese Ausf\u00fchrung eignet sich besonders f\u00fcr den h\u00e4ufigen Einsatz am Meer oder in Binnengew\u00e4ssern.<\/p>\n<p>Dank seiner <strong>verschwei\u00dften Zurrhaken<\/strong> direkt am Fahrgestell gew\u00e4hrleistet dieser Anh\u00e4nger eine effektive Unterst\u00fctzung des Bootes w\u00e4hrend der Fahrt. Diese L\u00f6sung verhindert unbeabsichtigte Bewegungen und verbessert die <strong>Ladungsstabilit\u00e4t<\/strong>.<\/p>\n<p>Die <strong>abnehmbare R\u00fccklichtplatte aus Kunststoff<\/strong> ist so konzipiert, dass sie nassen Bedingungen standh\u00e4lt. Zur Wartung oder Sp\u00fclung l\u00e4sst es sich leicht demontieren, wodurch das Korrosionsrisiko begrenzt und die <strong>Sicht auf der Stra\u00dfe<\/strong> gewahrt bleibt.<\/p>\n<ul>\n<li><strong>Ersatzrad<\/strong> mit Montagehalterung<\/li>\n<li><strong>Elektrische Winde<\/strong> mit wasserdichtem Batteriekasten<\/li>\n<li><strong>Ratschengurt-Set<\/strong> zur verst\u00e4rkten Bootsbefestigung<\/li>\n<\/ul>\n<ul>\n<li>Standardausr\u00fcstung: <strong>Goliath-Winde<\/strong> und <strong>St\u00fctzrad<\/strong><\/li>\n<li><strong>Robustes Design<\/strong> und lange Lebensdauer<\/li>\n<li><strong>Verzinktes Chassis<\/strong>, geeignet f\u00fcr Meeresumgebungen<\/li>\n<li><strong>Zugelassener Anh\u00e4nger<\/strong> f\u00fcr den Stra\u00dfenverkehr<\/li>\n<li><strong>Abnehmbare Elemente<\/strong> f\u00fcr eine vereinfachte Wartung<\/li>\n<\/ul>\n<p><strong>Sagrinex<\/strong> bietet die gr\u00f6\u00dfte Auswahl an Anh\u00e4ngern. Unsere Fachberater helfen Ihnen bei der Auswahl des Modells, das am besten zu Ihrem Boot, Kajak oder Jetski passt.<\/p>\n<p>Die Erstellung einer <strong>Graukarte<\/strong> ist f\u00fcr jedes <strong>zul\u00e4ssige Gesamtgewicht \u00fcber 500 kg<\/strong> obligatorisch. Dieser Anh\u00e4nger ist daher zulassungspflichtig, um legal im Stra\u00dfenverkehr fahren zu k\u00f6nnen.<\/p>\n","protected":false},"excerpt":{"rendered":"<p>Sun Way-Anh\u00e4nger mit kippbarer Deichsel zum Transport und Zuwasserlassen von Booten bis zu 4,6 m. Verzinktes Fahrgestell, angeschwei\u00dfte Zurrhaken, abnehmbare Lichtplatte. Abnehmbar zul\u00e4ssiges Gesamtgewicht bis 750 kg.<\/p>\n<div class=\"mod_fa_customizablefields_v14_list\">\n<div class=\"mod_fa_champspersonnalisables_v14_title\"><strong>Zul\u00e4ssiges Gesamtgewicht: <\/strong><span class=\"mod_fa_champspersonnalisables_v14_value\">500\/600\/650\/700\/750 kg<\/span><\/div>\n<\/div>\n<div class=\"mod_fa_customizablefields_v14_list\">\n<div class=\"mod_fa_champspersonnalisables_v14_titre\"><strong>Leermasse: <\/strong><span class=\"mod_fa_champspersonnalisables_v14_value\">190 kg<\/span><\/div>\n<\/div>\n<div class=\"mod_fa_customizablefields_v14_list\">\n<div class=\"mod_fa_champspersonnalisables_v14_titre\"><strong>Nutzlast: <\/strong><span class=\"mod_fa_champspersonnalisables_v14_value\">maximal 560 kg<\/span><\/div>\n<\/div>\n<div class=\"mod_fa_customizablefields_v14_list\">\n<div class=\"mod_fa_champspersonnalisables_v14_titre\"><strong>N\u00fctzliche Abmessungen: <\/strong><span class=\"mod_fa_champspersonnalisables_v14_value\">Zwischen 4,10 und 4,60 m<\/span><\/div>\n<\/div>\n<div class=\"mod_fa_customizablefields_v14_list\">\n<div class=\"mod_fa_champspersonnalisables_v14_titre\"><strong>Gesamtabmessungen: <\/strong><span class=\"mod_fa_champspersonnalisables_v14_valeur\">460 x 160 x H73 cm<\/span><\/div>\n<\/div>\n<div class=\"mod_fa_customizablefields_v14_list\">\n<div class=\"mod_fa_champspersonnalisables_v14_titre\"><strong>Maximale L\u00e4nge des Bootes: <\/strong><span class=\"mod_fa_champspersonnalisables_v14_value\">4,6 m<\/span><\/div>\n<\/div>\n<div class=\"mod_fa_customizablefields_v14_list\">\n<div class=\"mod_fa_champspersonnalisables_v14_title\"><strong>Pfeil: <\/strong><span class=\"mod_fa_champspersonnalisables_v14_value\">Rechts feuerverzinkt<\/span><\/div>\n<\/div>\n<div class=\"mod_fa_customizablefields_v14_list\">\n<div class=\"mod_fa_champspersonnalisables_v14_title\"><strong>Schublade: <\/strong><span class=\"mod_fa_champspersonnalisables_v14_value\">Kippbar<\/span><\/div>\n<\/div>\n<div class=\"mod_fa_customizablefields_v14_list\">\n<div class=\"mod_fa_champspersonnalisables_v14_titre\"><strong>Rahmentyp: <\/strong><span class=\"mod_fa_champspersonnalisables_v14_value\">Feuerverzinkt<\/span><\/div>\n<\/div>\n<div class=\"mod_fa_customizablefields_v14_list\">\n<div class=\"mod_fa_champspersonnalisables_v14_title\"><strong>R\u00e4der: <\/strong><span class=\"mod_fa_champspersonnalisables_v14_valeur\">155\/70R13<\/span><\/div>\n<\/div>\n<div class=\"mod_fa_customizablefields_v14_list\">\n<div class=\"mod_fa_champspersonnalisables_v14_titre\"><strong>Ausstattung: <\/strong><span class=\"mod_fa_champspersonnalisables_v14_valeur\">Seilwindenhalterung + Riemenwinde serienm\u00e4\u00dfig \/ Abnehmbare R\u00fccklichtplatte aus Kunststoff serienm\u00e4\u00dfig \/ Zurrhaken am Fahrgestell angeschwei\u00dft<\/span><\/div>\n<\/div>\n","protected":false},"featured_media":16489,"comment_status":"open","ping_status":"closed","template":"","meta":[],"product_brand":[],"product_cat":[357,352],"product_tag":[],"class_list":{"0":"post-14187","1":"product","2":"type-product","3":"status-publish","4":"has-post-thumbnail","6":"product_cat-nautische-anhaenger","7":"product_cat-unsere-trailer","9":"first","10":"instock","11":"shipping-taxable","12":"purchasable","13":"product-type-simple"},"yoast_head":"<!-- This site is optimized with the Yoast SEO plugin v27.4 - https:\/\/yoast.com\/product\/yoast-seo-wordpress\/ -->\n<title>Kaputter Bootsanh\u00e4nger \u2013 SW535 \u2013 zul\u00e4ssiges Gesamtgewicht: 750 kg \u2013 1 Achse<\/title>\n<meta name=\"description\" content=\"Sun Way-Anh\u00e4nger mit kippbarer Deichsel zum Transport und Zuwasserlassen von Booten bis zu 4,6 m. Verzinktes Fahrgestell, angeschwei\u00dfte Zurrhaken, abnehmbare Lichtplatte. Abnehmbar zul\u00e4ssiges Gesamtgewicht bis 750 kg.\" \/>\n<meta name=\"robots\" content=\"index, follow, max-snippet:-1, max-image-preview:large, max-video-preview:-1\" \/>\n<link rel=\"canonical\" href=\"https:\/\/sagrinex.com\/produit\/remorque-bateau-cassante-sw535-ptac-750kg-1-essieu\/\" \/>\n<meta property=\"og:locale\" content=\"de_DE\" \/>\n<meta property=\"og:type\" content=\"article\" \/>\n<meta property=\"og:title\" content=\"Kaputter Bootsanh\u00e4nger \u2013 SW535 \u2013 zul\u00e4ssiges Gesamtgewicht: 750 kg \u2013 1 Achse\" \/>\n<meta property=\"og:description\" content=\"Sun Way-Anh\u00e4nger mit kippbarer Deichsel zum Transport und Zuwasserlassen von Booten bis zu 4,6 m. Verzinktes Fahrgestell, angeschwei\u00dfte Zurrhaken, abnehmbare Lichtplatte. Abnehmbar zul\u00e4ssiges Gesamtgewicht bis 750 kg.\" \/>\n<meta property=\"og:url\" content=\"https:\/\/sagrinex.com\/produit\/remorque-bateau-cassante-sw535-ptac-750kg-1-essieu\/\" \/>\n<meta property=\"og:site_name\" content=\"Sagrinex \u2013 Anhaenger, Container &amp; Landtechnik \ud83c\udf3e\ud83d\ude9c\" \/>\n<meta property=\"article:modified_time\" content=\"2026-04-15T21:12:11+00:00\" \/>\n<meta property=\"og:image\" content=\"https:\/\/sagrinex.com\/wp-content\/uploads\/2026\/03\/Image-476-1.jpeg\" \/>\n\t<meta property=\"og:image:width\" content=\"750\" \/>\n\t<meta property=\"og:image:height\" content=\"867\" \/>\n\t<meta property=\"og:image:type\" content=\"image\/jpeg\" \/>\n<meta name=\"twitter:card\" content=\"summary_large_image\" \/>\n<meta name=\"twitter:label1\" content=\"Gesch\u00e4tzte Lesezeit\" \/>\n\t<meta name=\"twitter:data1\" content=\"2\u00a0Minuten\" \/>\n<script type=\"application\/ld+json\" class=\"yoast-schema-graph\">{\"@context\":\"https:\\\/\\\/schema.org\",\"@graph\":[{\"@type\":\"WebPage\",\"@id\":\"https:\\\/\\\/sagrinex.com\\\/produit\\\/remorque-bateau-cassante-sw535-ptac-750kg-1-essieu\\\/\",\"url\":\"https:\\\/\\\/sagrinex.com\\\/produit\\\/remorque-bateau-cassante-sw535-ptac-750kg-1-essieu\\\/\",\"name\":\"Kaputter Bootsanh\u00e4nger \u2013 SW535 \u2013 zul\u00e4ssiges Gesamtgewicht: 750 kg \u2013 1 Achse\",\"isPartOf\":{\"@id\":\"https:\\\/\\\/sagrinex.com\\\/#website\"},\"primaryImageOfPage\":{\"@id\":\"https:\\\/\\\/sagrinex.com\\\/produit\\\/remorque-bateau-cassante-sw535-ptac-750kg-1-essieu\\\/#primaryimage\"},\"image\":{\"@id\":\"https:\\\/\\\/sagrinex.com\\\/produit\\\/remorque-bateau-cassante-sw535-ptac-750kg-1-essieu\\\/#primaryimage\"},\"thumbnailUrl\":\"https:\\\/\\\/sagrinex.com\\\/wp-content\\\/uploads\\\/2026\\\/03\\\/Image-476-1.jpeg\",\"datePublished\":\"2026-03-16T22:52:04+00:00\",\"dateModified\":\"2026-04-15T21:12:11+00:00\",\"description\":\"Sun Way-Anh\u00e4nger mit kippbarer Deichsel zum Transport und Zuwasserlassen von Booten bis zu 4,6 m. Verzinktes Fahrgestell, angeschwei\u00dfte Zurrhaken, abnehmbare Lichtplatte. Abnehmbar zul\u00e4ssiges Gesamtgewicht bis 750 kg.\",\"breadcrumb\":{\"@id\":\"https:\\\/\\\/sagrinex.com\\\/produit\\\/remorque-bateau-cassante-sw535-ptac-750kg-1-essieu\\\/#breadcrumb\"},\"inLanguage\":\"de\",\"potentialAction\":[{\"@type\":\"ReadAction\",\"target\":[\"https:\\\/\\\/sagrinex.com\\\/produit\\\/remorque-bateau-cassante-sw535-ptac-750kg-1-essieu\\\/\"]}]},{\"@type\":\"ImageObject\",\"inLanguage\":\"de\",\"@id\":\"https:\\\/\\\/sagrinex.com\\\/produit\\\/remorque-bateau-cassante-sw535-ptac-750kg-1-essieu\\\/#primaryimage\",\"url\":\"https:\\\/\\\/sagrinex.com\\\/wp-content\\\/uploads\\\/2026\\\/03\\\/Image-476-1.jpeg\",\"contentUrl\":\"https:\\\/\\\/sagrinex.com\\\/wp-content\\\/uploads\\\/2026\\\/03\\\/Image-476-1.jpeg\",\"width\":750,\"height\":867},{\"@type\":\"BreadcrumbList\",\"@id\":\"https:\\\/\\\/sagrinex.com\\\/produit\\\/remorque-bateau-cassante-sw535-ptac-750kg-1-essieu\\\/#breadcrumb\",\"itemListElement\":[{\"@type\":\"ListItem\",\"position\":1,\"name\":\"Accueil\",\"item\":\"https:\\\/\\\/sagrinex.com\\\/?lang=de\"},{\"@type\":\"ListItem\",\"position\":2,\"name\":\"Shop\",\"item\":\"https:\\\/\\\/sagrinex.com\\\/shop\\\/\"},{\"@type\":\"ListItem\",\"position\":3,\"name\":\"Kaputter Bootsanh\u00e4nger \u2013 SW535 \u2013 Zul\u00e4ssiges Gesamtgewicht: 750 Kg \u2013 1 Achse\"}]},{\"@type\":\"WebSite\",\"@id\":\"https:\\\/\\\/sagrinex.com\\\/#website\",\"url\":\"https:\\\/\\\/sagrinex.com\\\/\",\"name\":\"Sagrinex \u2013 Spezialist f\u00fcr Anh\u00e4nger, Container & Landtechnik\",\"description\":\"Anhaenger, Container &amp; Landtechnik \u2014 Online-Verkauf &amp; kostenloses Angebot\",\"publisher\":{\"@id\":\"https:\\\/\\\/sagrinex.com\\\/#organization\"},\"potentialAction\":[{\"@type\":\"SearchAction\",\"target\":{\"@type\":\"EntryPoint\",\"urlTemplate\":\"https:\\\/\\\/sagrinex.com\\\/?s={search_term_string}\"},\"query-input\":{\"@type\":\"PropertyValueSpecification\",\"valueRequired\":true,\"valueName\":\"search_term_string\"}}],\"inLanguage\":\"de\"},{\"@type\":\"Organization\",\"@id\":\"https:\\\/\\\/sagrinex.com\\\/#organization\",\"name\":\"Sagrinex \u2013 Remorques, Conteneurs & Mat\u00e9riel Agricole\",\"url\":\"https:\\\/\\\/sagrinex.com\\\/\",\"logo\":{\"@type\":\"ImageObject\",\"inLanguage\":\"de\",\"@id\":\"https:\\\/\\\/sagrinex.com\\\/#\\\/schema\\\/logo\\\/image\\\/\",\"url\":\"https:\\\/\\\/sagrinex.com\\\/wp-content\\\/uploads\\\/2026\\\/03\\\/7f1ac463-ef5a-425d-bdd6-a5da03a334a9-1024x683.png\",\"contentUrl\":\"https:\\\/\\\/sagrinex.com\\\/wp-content\\\/uploads\\\/2026\\\/03\\\/7f1ac463-ef5a-425d-bdd6-a5da03a334a9-1024x683.png\",\"width\":1024,\"height\":683,\"caption\":\"Sagrinex \u2013 Remorques, Conteneurs & Mat\u00e9riel Agricole\"},\"image\":{\"@id\":\"https:\\\/\\\/sagrinex.com\\\/#\\\/schema\\\/logo\\\/image\\\/\"}}]}<\/script>\n<!-- \/ Yoast SEO plugin. -->","yoast_head_json":{"title":"Kaputter Bootsanh\u00e4nger \u2013 SW535 \u2013 zul\u00e4ssiges Gesamtgewicht: 750 kg \u2013 1 Achse","description":"Sun Way-Anh\u00e4nger mit kippbarer Deichsel zum Transport und Zuwasserlassen von Booten bis zu 4,6 m. Verzinktes Fahrgestell, angeschwei\u00dfte Zurrhaken, abnehmbare Lichtplatte. Abnehmbar zul\u00e4ssiges Gesamtgewicht bis 750 kg.","robots":{"index":"index","follow":"follow","max-snippet":"max-snippet:-1","max-image-preview":"max-image-preview:large","max-video-preview":"max-video-preview:-1"},"canonical":"https:\/\/sagrinex.com\/produit\/remorque-bateau-cassante-sw535-ptac-750kg-1-essieu\/","og_locale":"de_DE","og_type":"article","og_title":"Kaputter Bootsanh\u00e4nger \u2013 SW535 \u2013 zul\u00e4ssiges Gesamtgewicht: 750 kg \u2013 1 Achse","og_description":"Sun Way-Anh\u00e4nger mit kippbarer Deichsel zum Transport und Zuwasserlassen von Booten bis zu 4,6 m. Verzinktes Fahrgestell, angeschwei\u00dfte Zurrhaken, abnehmbare Lichtplatte. Abnehmbar zul\u00e4ssiges Gesamtgewicht bis 750 kg.","og_url":"https:\/\/sagrinex.com\/produit\/remorque-bateau-cassante-sw535-ptac-750kg-1-essieu\/","og_site_name":"Sagrinex \u2013 Anhaenger, Container &amp; Landtechnik \ud83c\udf3e\ud83d\ude9c","article_modified_time":"2026-04-15T21:12:11+00:00","og_image":[{"width":750,"height":867,"url":"https:\/\/sagrinex.com\/wp-content\/uploads\/2026\/03\/Image-476-1.jpeg","type":"image\/jpeg"}],"twitter_card":"summary_large_image","twitter_misc":{"Gesch\u00e4tzte Lesezeit":"2\u00a0Minuten"},"schema":{"@context":"https:\/\/schema.org","@graph":[{"@type":"WebPage","@id":"https:\/\/sagrinex.com\/produit\/remorque-bateau-cassante-sw535-ptac-750kg-1-essieu\/","url":"https:\/\/sagrinex.com\/produit\/remorque-bateau-cassante-sw535-ptac-750kg-1-essieu\/","name":"Kaputter Bootsanh\u00e4nger \u2013 SW535 \u2013 zul\u00e4ssiges Gesamtgewicht: 750 kg \u2013 1 Achse","isPartOf":{"@id":"https:\/\/sagrinex.com\/#website"},"primaryImageOfPage":{"@id":"https:\/\/sagrinex.com\/produit\/remorque-bateau-cassante-sw535-ptac-750kg-1-essieu\/#primaryimage"},"image":{"@id":"https:\/\/sagrinex.com\/produit\/remorque-bateau-cassante-sw535-ptac-750kg-1-essieu\/#primaryimage"},"thumbnailUrl":"https:\/\/sagrinex.com\/wp-content\/uploads\/2026\/03\/Image-476-1.jpeg","datePublished":"2026-03-16T22:52:04+00:00","dateModified":"2026-04-15T21:12:11+00:00","description":"Sun Way-Anh\u00e4nger mit kippbarer Deichsel zum Transport und Zuwasserlassen von Booten bis zu 4,6 m. Verzinktes Fahrgestell, angeschwei\u00dfte Zurrhaken, abnehmbare Lichtplatte. Abnehmbar zul\u00e4ssiges Gesamtgewicht bis 750 kg.","breadcrumb":{"@id":"https:\/\/sagrinex.com\/produit\/remorque-bateau-cassante-sw535-ptac-750kg-1-essieu\/#breadcrumb"},"inLanguage":"de","potentialAction":[{"@type":"ReadAction","target":["https:\/\/sagrinex.com\/produit\/remorque-bateau-cassante-sw535-ptac-750kg-1-essieu\/"]}]},{"@type":"ImageObject","inLanguage":"de","@id":"https:\/\/sagrinex.com\/produit\/remorque-bateau-cassante-sw535-ptac-750kg-1-essieu\/#primaryimage","url":"https:\/\/sagrinex.com\/wp-content\/uploads\/2026\/03\/Image-476-1.jpeg","contentUrl":"https:\/\/sagrinex.com\/wp-content\/uploads\/2026\/03\/Image-476-1.jpeg","width":750,"height":867},{"@type":"BreadcrumbList","@id":"https:\/\/sagrinex.com\/produit\/remorque-bateau-cassante-sw535-ptac-750kg-1-essieu\/#breadcrumb","itemListElement":[{"@type":"ListItem","position":1,"name":"Accueil","item":"https:\/\/sagrinex.com\/?lang=de"},{"@type":"ListItem","position":2,"name":"Shop","item":"https:\/\/sagrinex.com\/shop\/"},{"@type":"ListItem","position":3,"name":"Kaputter Bootsanh\u00e4nger \u2013 SW535 \u2013 Zul\u00e4ssiges Gesamtgewicht: 750 Kg \u2013 1 Achse"}]},{"@type":"WebSite","@id":"https:\/\/sagrinex.com\/#website","url":"https:\/\/sagrinex.com\/","name":"Sagrinex \u2013 Spezialist f\u00fcr Anh\u00e4nger, Container & Landtechnik","description":"Anhaenger, Container &amp; Landtechnik \u2014 Online-Verkauf &amp; kostenloses Angebot","publisher":{"@id":"https:\/\/sagrinex.com\/#organization"},"potentialAction":[{"@type":"SearchAction","target":{"@type":"EntryPoint","urlTemplate":"https:\/\/sagrinex.com\/?s={search_term_string}"},"query-input":{"@type":"PropertyValueSpecification","valueRequired":true,"valueName":"search_term_string"}}],"inLanguage":"de"},{"@type":"Organization","@id":"https:\/\/sagrinex.com\/#organization","name":"Sagrinex \u2013 Remorques, Conteneurs & Mat\u00e9riel Agricole","url":"https:\/\/sagrinex.com\/","logo":{"@type":"ImageObject","inLanguage":"de","@id":"https:\/\/sagrinex.com\/#\/schema\/logo\/image\/","url":"https:\/\/sagrinex.com\/wp-content\/uploads\/2026\/03\/7f1ac463-ef5a-425d-bdd6-a5da03a334a9-1024x683.png","contentUrl":"https:\/\/sagrinex.com\/wp-content\/uploads\/2026\/03\/7f1ac463-ef5a-425d-bdd6-a5da03a334a9-1024x683.png","width":1024,"height":683,"caption":"Sagrinex \u2013 Remorques, Conteneurs & Mat\u00e9riel Agricole"},"image":{"@id":"https:\/\/sagrinex.com\/#\/schema\/logo\/image\/"}}]}},"jetpack_sharing_enabled":true,"_links":{"self":[{"href":"https:\/\/sagrinex.com\/de\/wp-json\/wp\/v2\/product\/14187","targetHints":{"allow":["GET"]}}],"collection":[{"href":"https:\/\/sagrinex.com\/de\/wp-json\/wp\/v2\/product"}],"about":[{"href":"https:\/\/sagrinex.com\/de\/wp-json\/wp\/v2\/types\/product"}],"replies":[{"embeddable":true,"href":"https:\/\/sagrinex.com\/de\/wp-json\/wp\/v2\/comments?post=14187"}],"version-history":[{"count":0,"href":"https:\/\/sagrinex.com\/de\/wp-json\/wp\/v2\/product\/14187\/revisions"}],"wp:featuredmedia":[{"embeddable":true,"href":"https:\/\/sagrinex.com\/de\/wp-json\/wp\/v2\/media\/16489"}],"wp:attachment":[{"href":"https:\/\/sagrinex.com\/de\/wp-json\/wp\/v2\/media?parent=14187"}],"wp:term":[{"taxonomy":"product_brand","embeddable":true,"href":"https:\/\/sagrinex.com\/de\/wp-json\/wp\/v2\/product_brand?post=14187"},{"taxonomy":"product_cat","embeddable":true,"href":"https:\/\/sagrinex.com\/de\/wp-json\/wp\/v2\/product_cat?post=14187"},{"taxonomy":"product_tag","embeddable":true,"href":"https:\/\/sagrinex.com\/de\/wp-json\/wp\/v2\/product_tag?post=14187"}],"curies":[{"name":"wp","href":"https:\/\/api.w.org\/{rel}","templated":true}]}}