{"id":14188,"date":"2026-03-16T11:14:02","date_gmt":"2026-03-16T11:14:02","guid":{"rendered":"https:\/\/sagrinex.com\/produit\/40-fuss-lagercontainer-offene-seite-gebraucht\/"},"modified":"2026-04-15T21:12:12","modified_gmt":"2026-04-15T21:12:12","slug":"40-fuss-lagercontainer-offene-seite-gebraucht","status":"publish","type":"product","link":"https:\/\/sagrinex.com\/de\/produit\/40-fuss-lagercontainer-offene-seite-gebraucht\/","title":{"rendered":"40 Fu\u00df Lagercontainer \u2013 Offene Seite \u2013 Gebraucht"},"content":{"rendered":"<h1 data-start=\"185\" data-end=\"240\">40 Fu\u00df Lagercontainer \u2013 offene Seite \u2013 gebraucht<\/h1>\n<p data-start=\"242\" data-end=\"711\">Unsere gebrauchten 40-Fu\u00df-Open-Side-Lagercontainer sind so konzipiert, dass sie die Anforderungen an eine sichere Lagerung auf Baustellen, in Lagerhallen, in Au\u00dfendepots, auf landwirtschaftlichen Fl\u00e4chen oder zu Hause effektiv erf\u00fcllen.<br data-start=\"482\" data-end=\"485\" \/>Dabei handelt es sich um sorgf\u00e4ltig ausgew\u00e4hlte und \u00fcberarbeitete Gebrauchtcontainer, die Robustheit, Sicherheit und Wasserdichtigkeit garantieren und gleichzeitig eine wirtschaftliche und langlebige L\u00f6sung f\u00fcr Beruf und Privat bieten verwendet.<\/p>\n<hr data-start=\"713\" data-end=\"716\" \/>\n<h2 data-start=\"718\" data-end=\"768\">Vollst\u00e4ndiger Seitenzugriff: der Open Side-Vorteil<\/h2>\n<p data-start=\"770\" data-end=\"1329\">Der Hauptvorteil des 40-Fu\u00df-Open-Side-Containers liegt in seiner vollst\u00e4ndigen seitlichen \u00d6ffnung \u00fcber die gesamte L\u00e4nge durch 4-fl\u00fcgelige T\u00fcren an der L\u00e4ngsseite.<br data-start=\"961\" data-end=\"964\" \/>Diese Konfiguration erleichtert das Be- und Entladen erheblich, da die G\u00fcter nebeneinander und nicht hintereinander platziert werden k\u00f6nnen.<br data-start=\"1161\" data-end=\"1164\" \/>Es ist daher nicht mehr notwendig, die Vorderseite zu verschieben, um an die Unterseite zu gelangen, was Zeit spart und eine optimale Ergonomie gew\u00e4hrleistet.<\/p>\n<p data-start=\"1331\" data-end=\"1498\">Der Container verf\u00fcgt au\u00dferdem \u00fcber eine klassische zweifl\u00fcgelige Front\u00f6ffnung, die eine gro\u00dfe Flexibilit\u00e4t bei der Verwendung je nach Standortbeschr\u00e4nkungen gew\u00e4hrleistet.<\/p>\n<hr data-start=\"1500\" data-end=\"1503\" \/>\n<h2 data-start=\"1505\" data-end=\"1540\">Mehrfache und kreative Verwendungsm\u00f6glichkeiten<\/h2>\n<p data-start=\"1542\" data-end=\"1721\">\u00dcber die herk\u00f6mmliche Lagerung hinaus ist der gebrauchte 40-Fu\u00df-Open-Side-Container sehr beliebt f\u00fcr modulare und innovative Projekte.<br data-start=\"1686\" data-end=\"1689\" \/>Unsere Kunden haben ihn verwendet f\u00fcr:<\/p>\n<ul data-start=\"1722\" data-end=\"1947\">\n<li data-start=\"1722\" data-end=\"1774\">\n<p data-start=\"1724\" data-end=\"1774\">Au\u00dfenk\u00fcchen oder Bars f\u00fcr Restaurants<\/p>\n<\/li>\n<li data-start=\"1775\" data-end=\"1816\">\n<p data-start=\"1777\" data-end=\"1816\">Showrooms oder Ausstellungsr\u00e4ume<\/p>\n<\/li>\n<li data-start=\"1817\" data-end=\"1857\">\n<p data-start=\"1819\" data-end=\"1857\">St\u00e4nde f\u00fcr Messen und Events<\/p>\n<\/li>\n<li data-start=\"1858\" data-end=\"1898\">\n<p data-start=\"1860\" data-end=\"1898\">Poolh\u00e4user oder Poolanh\u00e4nge<\/p>\n<\/li>\n<li data-start=\"1899\" data-end=\"1947\">\n<p data-start=\"1901\" data-end=\"1947\">Tempor\u00e4re Werkst\u00e4tten oder technische R\u00e4ume<\/p>\n<\/li>\n<\/ul>\n<p data-start=\"1949\" data-end=\"2082\">Seine gro\u00dfe seitliche \u00d6ffnung macht ihn zu einer praktischen und vielseitigen L\u00f6sung, die f\u00fcr viele berufliche oder private Anwendungen geeignet ist.<\/p>\n<hr data-start=\"2084\" data-end=\"2087\" \/>\n<h2 data-start=\"2089\" data-end=\"2115\">Design und Struktur<\/h2>\n<p data-start=\"2117\" data-end=\"2328\">Der gebrauchte 40-Fu\u00df-Open-Side-Container basiert auf einem robusten Rahmen aus vollverschwei\u00dften Stahlprofilen mit einer Dicke von 3 mm, der trotz fr\u00fcherer Nutzung Stabilit\u00e4t und Haltbarkeit gew\u00e4hrleistet.<\/p>\n<ul data-start=\"2330\" data-end=\"2668\">\n<li data-start=\"2330\" data-end=\"2452\">\n<p data-start=\"2332\" data-end=\"2452\">W\u00e4nde und Decke: 1,5 mm laminiertes Stahlblech, das Stabilit\u00e4t und Schutz vor schlechtem Wetter garantiert<\/p>\n<\/li>\n<li data-start=\"2453\" data-end=\"2566\">\n<p data-start=\"2455\" data-end=\"2566\">Boden: feuchtigkeitsbest\u00e4ndig behandeltes Massivholz, 25 mm dick, f\u00fcr schwere Lasten geeignet<\/p>\n<\/li>\n<li data-start=\"2567\" data-end=\"2668\">\n<p data-start=\"2569\" data-end=\"2668\">Verst\u00e4rkte Struktur: Entwickelt, um die Steifigkeit auch bei vollst\u00e4ndiger seitlicher \u00d6ffnung aufrechtzuerhalten<\/p>\n<\/li>\n<\/ul>\n<p data-start=\"2670\" data-end=\"2774\">Der Container ist mit einer Vorh\u00e4ngeschloss-Schutzklappe ausgestattet, die die Sicherheit vor Diebstahl erh\u00f6ht.<\/p>\n<hr data-start=\"2776\" data-end=\"2779\" \/>\n<h2 data-start=\"2781\" data-end=\"2806\">Sicherheit und Wasserdichtigkeit<\/h2>\n<ul data-start=\"2808\" data-end=\"3032\">\n<li data-start=\"2808\" data-end=\"2898\">\n<p data-start=\"2810\" data-end=\"2898\">Wasserdichte Seiten- und Vordert\u00fcren mit hochfesten Gummidichtungen<\/p>\n<\/li>\n<li data-start=\"2899\" data-end=\"2962\">\n<p data-start=\"2901\" data-end=\"2962\">Robuste Schlie\u00dfsysteme an allen \u00d6ffnungen<\/p>\n<\/li>\n<li data-start=\"2963\" data-end=\"3032\">\n<p data-start=\"2965\" data-end=\"3032\">Wirksamer Schutz vor Wasser, Staub und schlechtem Wetter<\/p>\n<\/li>\n<\/ul>\n<hr data-start=\"3034\" data-end=\"3037\" \/>\n<h2 data-start=\"3039\" data-end=\"3068\">Handhabung und Umzug<\/h2>\n<p data-start=\"3070\" data-end=\"3171\">Der gebrauchte 40-Fu\u00df-Open-Side-Container ist f\u00fcr eine einfache und vielseitige Handhabung konzipiert:<\/p>\n<ul data-start=\"3173\" data-end=\"3466\">\n<li data-start=\"3173\" data-end=\"3251\">\n<p data-start=\"3175\" data-end=\"3251\">Mit dem Kran: 4 Steckdosen auf dem Dach f\u00fcr Hebehaken oder Schlingen<\/p>\n<\/li>\n<li data-start=\"3252\" data-end=\"3379\">\n<p data-start=\"3254\" data-end=\"3379\">Mit dem Gabelstapler: im Sockel integrierter Gabeldurchlass, vorne angeordnet, mit einem Achsabstand von 90 cm<\/p>\n<\/li>\n<li data-start=\"3380\" data-end=\"3466\">\n<p data-start=\"3382\" data-end=\"3466\">Kompatibel mit Stra\u00dfentransport und Logistik, konform mit ISO-Standards<\/p>\n<\/li>\n<\/ul>\n<hr data-start=\"3468\" data-end=\"3471\" \/>\n<h2 data-start=\"3473\" data-end=\"3529\">Abmessungen des 40 Fu\u00df offenen Seitencontainers \u2013 verwendet<\/h2>\n<div class=\"TyagGW_tableContainer\">\n<div class=\"group TyagGW_tableWrapper flex flex-col-reverse w-fit\">\n<table class=\"w-fit min-w-(--thread-content-width)\" data-start=\"3531\" data-end=\"3883\">\n<thead data-start=\"3531\" data-end=\"3578\">\n<tr data-start=\"3531\" data-end=\"3578\">\n<th data-start=\"3531\" data-end=\"3549\" data-col-size=\"sm\">FUNKTION<\/th>\n<th data-start=\"3549\" data-end=\"3578\" data-col-size=\"sm\">UNGEF\u00c4HRE ABMESSUNGEN<\/th>\n<\/tr>\n<\/thead>\n<tbody data-start=\"3626\" data-end=\"3883\">\n<tr data-start=\"3626\" data-end=\"3659\">\n<td data-start=\"3626\" data-end=\"3648\" data-col-size=\"sm\">\u00c4u\u00dfere L\u00e4nge<\/td>\n<td data-start=\"3648\" data-end=\"3659\" data-col-size=\"sm\">12,19 m<\/td>\n<\/tr>\n<tr data-start=\"3660\" data-end=\"3691\">\n<td data-start=\"3660\" data-end=\"3681\" data-col-size=\"sm\">Au\u00dfenbreite<\/td>\n<td data-start=\"3681\" data-end=\"3691\" data-col-size=\"sm\">2,44 m<\/td>\n<\/tr>\n<tr data-start=\"3692\" data-end=\"3723\">\n<td data-start=\"3692\" data-end=\"3713\" data-col-size=\"sm\">Au\u00dfenh\u00f6he<\/td>\n<td data-start=\"3713\" data-end=\"3723\" data-col-size=\"sm\">2,59 m<\/td>\n<\/tr>\n<tr data-start=\"3724\" data-end=\"3757\">\n<td data-start=\"3724\" data-end=\"3746\" data-col-size=\"sm\">Innenl\u00e4nge<\/td>\n<td data-col-size=\"sm\" data-start=\"3746\" data-end=\"3757\">12,03 m<\/td>\n<\/tr>\n<tr data-start=\"3758\" data-end=\"3789\">\n<td data-start=\"3758\" data-end=\"3779\" data-col-size=\"sm\">Innenbreite<\/td>\n<td data-start=\"3779\" data-end=\"3789\" data-col-size=\"sm\">2,35 m<\/td>\n<\/tr>\n<tr data-start=\"3790\" data-end=\"3821\">\n<td data-start=\"3790\" data-end=\"3811\" data-col-size=\"sm\">Innenh\u00f6he<\/td>\n<td data-col-size=\"sm\" data-start=\"3811\" data-end=\"3821\">2,39 m<\/td>\n<\/tr>\n<tr data-start=\"3822\" data-end=\"3853\">\n<td data-start=\"3822\" data-end=\"3843\" data-col-size=\"sm\">Innenfl\u00e4che<\/td>\n<td data-start=\"3843\" data-end=\"3853\" data-col-size=\"sm\">~28 m\u00b2<\/td>\n<\/tr>\n<tr data-start=\"3854\" data-end=\"3883\">\n<td data-start=\"3854\" data-end=\"3873\" data-col-size=\"sm\">Innenvolumen<\/td>\n<td data-col-size=\"sm\" data-start=\"3873\" data-end=\"3883\">~67 m\u00b3<\/td>\n<\/tr>\n<\/tbody>\n<\/table>\n<\/div>\n<\/div>\n<hr data-start=\"3885\" data-end=\"3888\" \/>\n<h2 data-start=\"3890\" data-end=\"3901\">Kapazit\u00e4t<\/h2>\n<ul data-start=\"3903\" data-end=\"4101\">\n<li data-start=\"3903\" data-end=\"3959\">\n<p data-start=\"3905\" data-end=\"3959\"><strong data-start=\"3905\" data-end=\"3930\">Maximale Nutzlast<\/strong>: ca. <strong data-start=\"3941\" data-end=\"3957\">26\u201328 Tonnen<\/strong><\/p>\n<\/li>\n<li data-start=\"3960\" data-end=\"4011\">\n<p data-start=\"3962\" data-end=\"4011\"><strong data-start=\"3962\" data-end=\"3978\">Leergewicht<\/strong>: ca. <strong data-start=\"3989\" data-end=\"4009\">3.700 bis 3.900 kg<\/strong><\/p>\n<\/li>\n<li data-start=\"4012\" data-end=\"4101\">\n<p data-start=\"4014\" data-end=\"4101\"><strong data-start=\"4014\" data-end=\"4033\">Europapaletten<\/strong>: bis zu <strong data-start=\"4044\" data-end=\"4062\">25\u201326 Paletten<\/strong>, direkt von der Seite zug\u00e4nglich<\/p>\n<\/li>\n<\/ul>\n<hr data-start=\"4103\" data-end=\"4106\" \/>\n<h2 data-start=\"4108\" data-end=\"4130\">Verf\u00fcgbare Optionen<\/h2>\n<ul data-start=\"4132\" data-end=\"4369\">\n<li data-start=\"4132\" data-end=\"4172\">\n<p data-start=\"4134\" data-end=\"4172\">Benutzerdefinierte Farbe (RAL-Palette)<\/p>\n<\/li>\n<li data-start=\"4173\" data-end=\"4200\">\n<p data-start=\"4175\" data-end=\"4200\">Verst\u00e4rkter Stahlboden<\/p>\n<\/li>\n<li data-start=\"4201\" data-end=\"4249\">\n<p data-start=\"4203\" data-end=\"4249\">Verst\u00e4rktes Diebstahlschutzsystem (Schlie\u00dffach, Vorh\u00e4ngeschloss)<\/p>\n<\/li>\n<li data-start=\"4250\" data-end=\"4279\">\n<p data-start=\"4252\" data-end=\"4279\">Zus\u00e4tzliche Bel\u00fcftungs\u00f6ffnungen<\/p>\n<\/li>\n<li data-start=\"4280\" data-end=\"4327\">\n<p data-start=\"4282\" data-end=\"4327\">Elektroinstallation (Beleuchtung, Steckdosen)<\/p>\n<\/li>\n<li data-start=\"4328\" data-end=\"4369\">\n<p data-start=\"4330\" data-end=\"4369\">Regale und Innenausstattung<\/p>\n<\/li>\n<\/ul>\n","protected":false},"excerpt":{"rendered":"<p>Der gebrauchte 40-Fu\u00df-Open-Side-Container bietet eine modulare und sichere Lagerl\u00f6sung, ideal f\u00fcr Baustellen, Lagerhallen, Au\u00dfendepots oder kreative Projekte. Seine vollst\u00e4ndige seitliche \u00d6ffnung \u00fcber die gesamte L\u00e4nge erm\u00f6glicht ein schnelles Be- und Entladen mit direktem Zugriff auf das gesamte Innenraumvolumen. Robust, \u00fcberarbeitet und wasserdicht eignet es sich f\u00fcr die Lagerung palettierter G\u00fcter, sperriger Ger\u00e4te oder modularer Anordnungen.<\/p>\n","protected":false},"featured_media":16343,"comment_status":"open","ping_status":"closed","template":"","meta":[],"product_brand":[],"product_cat":[350,347],"product_tag":[],"class_list":{"0":"post-14188","1":"product","2":"type-product","3":"status-publish","4":"has-post-thumbnail","6":"product_cat-spezifischer-speicher","7":"product_cat-unsere-container","9":"first","10":"instock","11":"shipping-taxable","12":"purchasable","13":"product-type-simple"},"yoast_head":"<!-- This site is optimized with the Yoast SEO plugin v27.4 - https:\/\/yoast.com\/product\/yoast-seo-wordpress\/ -->\n<title>40 Fu\u00df LAGERCONTAINER \u2013 OFFENE SEITE \u2013 GEBRAUCHT<\/title>\n<meta name=\"description\" content=\"Der gebrauchte 40-Fu\u00df-Open-Side-Container bietet eine modulare und sichere Lagerl\u00f6sung, ideal f\u00fcr Baustellen, Lagerhallen, Au\u00dfendepots oder kreative Projekte. Seine vollst\u00e4ndige seitliche \u00d6ffnung \u00fcber die gesamte L\u00e4nge erm\u00f6glicht ein schnelles Be- und Entladen mit direktem Zugriff auf das gesamte Innenraumvolumen. Robust, \u00fcberarbeitet und wasserdicht eignet es sich f\u00fcr die Lagerung palettierter G\u00fcter, sperriger Ger\u00e4te oder modularer Anordnungen.\" \/>\n<meta name=\"robots\" content=\"index, follow, max-snippet:-1, max-image-preview:large, max-video-preview:-1\" \/>\n<link rel=\"canonical\" href=\"https:\/\/sagrinex.com\/produit\/conteneur-de-stockage-40-pieds-open-side-occasions\/\" \/>\n<meta property=\"og:locale\" content=\"de_DE\" \/>\n<meta property=\"og:type\" content=\"article\" \/>\n<meta property=\"og:title\" content=\"40 Fu\u00df LAGERCONTAINER \u2013 OFFENE SEITE \u2013 GEBRAUCHT\" \/>\n<meta property=\"og:description\" content=\"Der gebrauchte 40-Fu\u00df-Open-Side-Container bietet eine modulare und sichere Lagerl\u00f6sung, ideal f\u00fcr Baustellen, Lagerhallen, Au\u00dfendepots oder kreative Projekte. Seine vollst\u00e4ndige seitliche \u00d6ffnung \u00fcber die gesamte L\u00e4nge erm\u00f6glicht ein schnelles Be- und Entladen mit direktem Zugriff auf das gesamte Innenraumvolumen. Robust, \u00fcberarbeitet und wasserdicht eignet es sich f\u00fcr die Lagerung palettierter G\u00fcter, sperriger Ger\u00e4te oder modularer Anordnungen.\" \/>\n<meta property=\"og:url\" content=\"https:\/\/sagrinex.com\/produit\/conteneur-de-stockage-40-pieds-open-side-occasions\/\" \/>\n<meta property=\"og:site_name\" content=\"Sagrinex \u2013 Anhaenger, Container &amp; Landtechnik \ud83c\udf3e\ud83d\ude9c\" \/>\n<meta property=\"article:modified_time\" content=\"2026-04-15T21:12:12+00:00\" \/>\n<meta property=\"og:image\" content=\"https:\/\/sagrinex.com\/wp-content\/uploads\/2026\/03\/Image-299-2.jpeg\" \/>\n\t<meta property=\"og:image:width\" content=\"450\" \/>\n\t<meta property=\"og:image:height\" content=\"600\" \/>\n\t<meta property=\"og:image:type\" content=\"image\/jpeg\" \/>\n<meta name=\"twitter:card\" content=\"summary_large_image\" \/>\n<meta name=\"twitter:label1\" content=\"Gesch\u00e4tzte Lesezeit\" \/>\n\t<meta name=\"twitter:data1\" content=\"3\u00a0Minuten\" \/>\n<script type=\"application\/ld+json\" class=\"yoast-schema-graph\">{\"@context\":\"https:\\\/\\\/schema.org\",\"@graph\":[{\"@type\":\"WebPage\",\"@id\":\"https:\\\/\\\/sagrinex.com\\\/produit\\\/conteneur-de-stockage-40-pieds-open-side-occasions\\\/\",\"url\":\"https:\\\/\\\/sagrinex.com\\\/produit\\\/conteneur-de-stockage-40-pieds-open-side-occasions\\\/\",\"name\":\"40 Fu\u00df LAGERCONTAINER \u2013 OFFENE SEITE \u2013 GEBRAUCHT\",\"isPartOf\":{\"@id\":\"https:\\\/\\\/sagrinex.com\\\/#website\"},\"primaryImageOfPage\":{\"@id\":\"https:\\\/\\\/sagrinex.com\\\/produit\\\/conteneur-de-stockage-40-pieds-open-side-occasions\\\/#primaryimage\"},\"image\":{\"@id\":\"https:\\\/\\\/sagrinex.com\\\/produit\\\/conteneur-de-stockage-40-pieds-open-side-occasions\\\/#primaryimage\"},\"thumbnailUrl\":\"https:\\\/\\\/sagrinex.com\\\/wp-content\\\/uploads\\\/2026\\\/03\\\/Image-299-2.jpeg\",\"datePublished\":\"2026-03-16T11:14:02+00:00\",\"dateModified\":\"2026-04-15T21:12:12+00:00\",\"description\":\"Der gebrauchte 40-Fu\u00df-Open-Side-Container bietet eine modulare und sichere Lagerl\u00f6sung, ideal f\u00fcr Baustellen, Lagerhallen, Au\u00dfendepots oder kreative Projekte. Seine vollst\u00e4ndige seitliche \u00d6ffnung \u00fcber die gesamte L\u00e4nge erm\u00f6glicht ein schnelles Be- und Entladen mit direktem Zugriff auf das gesamte Innenraumvolumen. Robust, \u00fcberarbeitet und wasserdicht eignet es sich f\u00fcr die Lagerung palettierter G\u00fcter, sperriger Ger\u00e4te oder modularer Anordnungen.\",\"breadcrumb\":{\"@id\":\"https:\\\/\\\/sagrinex.com\\\/produit\\\/conteneur-de-stockage-40-pieds-open-side-occasions\\\/#breadcrumb\"},\"inLanguage\":\"de\",\"potentialAction\":[{\"@type\":\"ReadAction\",\"target\":[\"https:\\\/\\\/sagrinex.com\\\/produit\\\/conteneur-de-stockage-40-pieds-open-side-occasions\\\/\"]}]},{\"@type\":\"ImageObject\",\"inLanguage\":\"de\",\"@id\":\"https:\\\/\\\/sagrinex.com\\\/produit\\\/conteneur-de-stockage-40-pieds-open-side-occasions\\\/#primaryimage\",\"url\":\"https:\\\/\\\/sagrinex.com\\\/wp-content\\\/uploads\\\/2026\\\/03\\\/Image-299-2.jpeg\",\"contentUrl\":\"https:\\\/\\\/sagrinex.com\\\/wp-content\\\/uploads\\\/2026\\\/03\\\/Image-299-2.jpeg\",\"width\":450,\"height\":600},{\"@type\":\"BreadcrumbList\",\"@id\":\"https:\\\/\\\/sagrinex.com\\\/produit\\\/conteneur-de-stockage-40-pieds-open-side-occasions\\\/#breadcrumb\",\"itemListElement\":[{\"@type\":\"ListItem\",\"position\":1,\"name\":\"Accueil\",\"item\":\"https:\\\/\\\/sagrinex.com\\\/?lang=de\"},{\"@type\":\"ListItem\",\"position\":2,\"name\":\"Shop\",\"item\":\"https:\\\/\\\/sagrinex.com\\\/shop\\\/\"},{\"@type\":\"ListItem\",\"position\":3,\"name\":\"40 Fu\u00df Lagercontainer \u2013 Offene Seite \u2013 Gebraucht\"}]},{\"@type\":\"WebSite\",\"@id\":\"https:\\\/\\\/sagrinex.com\\\/#website\",\"url\":\"https:\\\/\\\/sagrinex.com\\\/\",\"name\":\"Sagrinex \u2013 Spezialist f\u00fcr Anh\u00e4nger, Container & Landtechnik\",\"description\":\"Anhaenger, Container &amp; Landtechnik \u2014 Online-Verkauf &amp; kostenloses Angebot\",\"publisher\":{\"@id\":\"https:\\\/\\\/sagrinex.com\\\/#organization\"},\"potentialAction\":[{\"@type\":\"SearchAction\",\"target\":{\"@type\":\"EntryPoint\",\"urlTemplate\":\"https:\\\/\\\/sagrinex.com\\\/?s={search_term_string}\"},\"query-input\":{\"@type\":\"PropertyValueSpecification\",\"valueRequired\":true,\"valueName\":\"search_term_string\"}}],\"inLanguage\":\"de\"},{\"@type\":\"Organization\",\"@id\":\"https:\\\/\\\/sagrinex.com\\\/#organization\",\"name\":\"Sagrinex \u2013 Remorques, Conteneurs & Mat\u00e9riel Agricole\",\"url\":\"https:\\\/\\\/sagrinex.com\\\/\",\"logo\":{\"@type\":\"ImageObject\",\"inLanguage\":\"de\",\"@id\":\"https:\\\/\\\/sagrinex.com\\\/#\\\/schema\\\/logo\\\/image\\\/\",\"url\":\"https:\\\/\\\/sagrinex.com\\\/wp-content\\\/uploads\\\/2026\\\/03\\\/7f1ac463-ef5a-425d-bdd6-a5da03a334a9-1024x683.png\",\"contentUrl\":\"https:\\\/\\\/sagrinex.com\\\/wp-content\\\/uploads\\\/2026\\\/03\\\/7f1ac463-ef5a-425d-bdd6-a5da03a334a9-1024x683.png\",\"width\":1024,\"height\":683,\"caption\":\"Sagrinex \u2013 Remorques, Conteneurs & Mat\u00e9riel Agricole\"},\"image\":{\"@id\":\"https:\\\/\\\/sagrinex.com\\\/#\\\/schema\\\/logo\\\/image\\\/\"}}]}<\/script>\n<!-- \/ Yoast SEO plugin. -->","yoast_head_json":{"title":"40 Fu\u00df LAGERCONTAINER \u2013 OFFENE SEITE \u2013 GEBRAUCHT","description":"Der gebrauchte 40-Fu\u00df-Open-Side-Container bietet eine modulare und sichere Lagerl\u00f6sung, ideal f\u00fcr Baustellen, Lagerhallen, Au\u00dfendepots oder kreative Projekte. Seine vollst\u00e4ndige seitliche \u00d6ffnung \u00fcber die gesamte L\u00e4nge erm\u00f6glicht ein schnelles Be- und Entladen mit direktem Zugriff auf das gesamte Innenraumvolumen. Robust, \u00fcberarbeitet und wasserdicht eignet es sich f\u00fcr die Lagerung palettierter G\u00fcter, sperriger Ger\u00e4te oder modularer Anordnungen.","robots":{"index":"index","follow":"follow","max-snippet":"max-snippet:-1","max-image-preview":"max-image-preview:large","max-video-preview":"max-video-preview:-1"},"canonical":"https:\/\/sagrinex.com\/produit\/conteneur-de-stockage-40-pieds-open-side-occasions\/","og_locale":"de_DE","og_type":"article","og_title":"40 Fu\u00df LAGERCONTAINER \u2013 OFFENE SEITE \u2013 GEBRAUCHT","og_description":"Der gebrauchte 40-Fu\u00df-Open-Side-Container bietet eine modulare und sichere Lagerl\u00f6sung, ideal f\u00fcr Baustellen, Lagerhallen, Au\u00dfendepots oder kreative Projekte. Seine vollst\u00e4ndige seitliche \u00d6ffnung \u00fcber die gesamte L\u00e4nge erm\u00f6glicht ein schnelles Be- und Entladen mit direktem Zugriff auf das gesamte Innenraumvolumen. Robust, \u00fcberarbeitet und wasserdicht eignet es sich f\u00fcr die Lagerung palettierter G\u00fcter, sperriger Ger\u00e4te oder modularer Anordnungen.","og_url":"https:\/\/sagrinex.com\/produit\/conteneur-de-stockage-40-pieds-open-side-occasions\/","og_site_name":"Sagrinex \u2013 Anhaenger, Container &amp; Landtechnik \ud83c\udf3e\ud83d\ude9c","article_modified_time":"2026-04-15T21:12:12+00:00","og_image":[{"width":450,"height":600,"url":"https:\/\/sagrinex.com\/wp-content\/uploads\/2026\/03\/Image-299-2.jpeg","type":"image\/jpeg"}],"twitter_card":"summary_large_image","twitter_misc":{"Gesch\u00e4tzte Lesezeit":"3\u00a0Minuten"},"schema":{"@context":"https:\/\/schema.org","@graph":[{"@type":"WebPage","@id":"https:\/\/sagrinex.com\/produit\/conteneur-de-stockage-40-pieds-open-side-occasions\/","url":"https:\/\/sagrinex.com\/produit\/conteneur-de-stockage-40-pieds-open-side-occasions\/","name":"40 Fu\u00df LAGERCONTAINER \u2013 OFFENE SEITE \u2013 GEBRAUCHT","isPartOf":{"@id":"https:\/\/sagrinex.com\/#website"},"primaryImageOfPage":{"@id":"https:\/\/sagrinex.com\/produit\/conteneur-de-stockage-40-pieds-open-side-occasions\/#primaryimage"},"image":{"@id":"https:\/\/sagrinex.com\/produit\/conteneur-de-stockage-40-pieds-open-side-occasions\/#primaryimage"},"thumbnailUrl":"https:\/\/sagrinex.com\/wp-content\/uploads\/2026\/03\/Image-299-2.jpeg","datePublished":"2026-03-16T11:14:02+00:00","dateModified":"2026-04-15T21:12:12+00:00","description":"Der gebrauchte 40-Fu\u00df-Open-Side-Container bietet eine modulare und sichere Lagerl\u00f6sung, ideal f\u00fcr Baustellen, Lagerhallen, Au\u00dfendepots oder kreative Projekte. Seine vollst\u00e4ndige seitliche \u00d6ffnung \u00fcber die gesamte L\u00e4nge erm\u00f6glicht ein schnelles Be- und Entladen mit direktem Zugriff auf das gesamte Innenraumvolumen. Robust, \u00fcberarbeitet und wasserdicht eignet es sich f\u00fcr die Lagerung palettierter G\u00fcter, sperriger Ger\u00e4te oder modularer Anordnungen.","breadcrumb":{"@id":"https:\/\/sagrinex.com\/produit\/conteneur-de-stockage-40-pieds-open-side-occasions\/#breadcrumb"},"inLanguage":"de","potentialAction":[{"@type":"ReadAction","target":["https:\/\/sagrinex.com\/produit\/conteneur-de-stockage-40-pieds-open-side-occasions\/"]}]},{"@type":"ImageObject","inLanguage":"de","@id":"https:\/\/sagrinex.com\/produit\/conteneur-de-stockage-40-pieds-open-side-occasions\/#primaryimage","url":"https:\/\/sagrinex.com\/wp-content\/uploads\/2026\/03\/Image-299-2.jpeg","contentUrl":"https:\/\/sagrinex.com\/wp-content\/uploads\/2026\/03\/Image-299-2.jpeg","width":450,"height":600},{"@type":"BreadcrumbList","@id":"https:\/\/sagrinex.com\/produit\/conteneur-de-stockage-40-pieds-open-side-occasions\/#breadcrumb","itemListElement":[{"@type":"ListItem","position":1,"name":"Accueil","item":"https:\/\/sagrinex.com\/?lang=de"},{"@type":"ListItem","position":2,"name":"Shop","item":"https:\/\/sagrinex.com\/shop\/"},{"@type":"ListItem","position":3,"name":"40 Fu\u00df Lagercontainer \u2013 Offene Seite \u2013 Gebraucht"}]},{"@type":"WebSite","@id":"https:\/\/sagrinex.com\/#website","url":"https:\/\/sagrinex.com\/","name":"Sagrinex \u2013 Spezialist f\u00fcr Anh\u00e4nger, Container & Landtechnik","description":"Anhaenger, Container &amp; Landtechnik \u2014 Online-Verkauf &amp; kostenloses Angebot","publisher":{"@id":"https:\/\/sagrinex.com\/#organization"},"potentialAction":[{"@type":"SearchAction","target":{"@type":"EntryPoint","urlTemplate":"https:\/\/sagrinex.com\/?s={search_term_string}"},"query-input":{"@type":"PropertyValueSpecification","valueRequired":true,"valueName":"search_term_string"}}],"inLanguage":"de"},{"@type":"Organization","@id":"https:\/\/sagrinex.com\/#organization","name":"Sagrinex \u2013 Remorques, Conteneurs & Mat\u00e9riel Agricole","url":"https:\/\/sagrinex.com\/","logo":{"@type":"ImageObject","inLanguage":"de","@id":"https:\/\/sagrinex.com\/#\/schema\/logo\/image\/","url":"https:\/\/sagrinex.com\/wp-content\/uploads\/2026\/03\/7f1ac463-ef5a-425d-bdd6-a5da03a334a9-1024x683.png","contentUrl":"https:\/\/sagrinex.com\/wp-content\/uploads\/2026\/03\/7f1ac463-ef5a-425d-bdd6-a5da03a334a9-1024x683.png","width":1024,"height":683,"caption":"Sagrinex \u2013 Remorques, Conteneurs & Mat\u00e9riel Agricole"},"image":{"@id":"https:\/\/sagrinex.com\/#\/schema\/logo\/image\/"}}]}},"jetpack_sharing_enabled":true,"_links":{"self":[{"href":"https:\/\/sagrinex.com\/de\/wp-json\/wp\/v2\/product\/14188","targetHints":{"allow":["GET"]}}],"collection":[{"href":"https:\/\/sagrinex.com\/de\/wp-json\/wp\/v2\/product"}],"about":[{"href":"https:\/\/sagrinex.com\/de\/wp-json\/wp\/v2\/types\/product"}],"replies":[{"embeddable":true,"href":"https:\/\/sagrinex.com\/de\/wp-json\/wp\/v2\/comments?post=14188"}],"version-history":[{"count":0,"href":"https:\/\/sagrinex.com\/de\/wp-json\/wp\/v2\/product\/14188\/revisions"}],"wp:featuredmedia":[{"embeddable":true,"href":"https:\/\/sagrinex.com\/de\/wp-json\/wp\/v2\/media\/16343"}],"wp:attachment":[{"href":"https:\/\/sagrinex.com\/de\/wp-json\/wp\/v2\/media?parent=14188"}],"wp:term":[{"taxonomy":"product_brand","embeddable":true,"href":"https:\/\/sagrinex.com\/de\/wp-json\/wp\/v2\/product_brand?post=14188"},{"taxonomy":"product_cat","embeddable":true,"href":"https:\/\/sagrinex.com\/de\/wp-json\/wp\/v2\/product_cat?post=14188"},{"taxonomy":"product_tag","embeddable":true,"href":"https:\/\/sagrinex.com\/de\/wp-json\/wp\/v2\/product_tag?post=14188"}],"curies":[{"name":"wp","href":"https:\/\/api.w.org\/{rel}","templated":true}]}}