{"id":14189,"date":"2026-03-17T15:21:02","date_gmt":"2026-03-17T15:21:02","guid":{"rendered":"https:\/\/sagrinex.com\/produit\/anhaenger-fuer-kajaks-bretter-2-plaetze-zulaessiges-gesamtgewicht-340-kg\/"},"modified":"2026-04-15T21:12:12","modified_gmt":"2026-04-15T21:12:12","slug":"anhaenger-fuer-kajaks-bretter-2-plaetze-zulaessiges-gesamtgewicht-340-kg","status":"publish","type":"product","link":"https:\/\/sagrinex.com\/de\/produit\/anhaenger-fuer-kajaks-bretter-2-plaetze-zulaessiges-gesamtgewicht-340-kg\/","title":{"rendered":"Anh\u00c4nger F\u00dcr Kajaks &amp; Bretter &#8211; 2 Pl\u00c4tze &#8211; Zul\u00c4ssiges Gesamtgewicht: 340 Kg"},"content":{"rendered":"<p>Dieser<strong> zugelassene Anh\u00e4nger<\/strong> erm\u00f6glicht den <strong>Stra\u00dfentransport<\/strong> von 2 <strong>Kajaks <\/strong>f\u00fcr <strong>Meer <\/strong>und<strong> S\u00fc\u00dfwasser<\/strong>, oder von <strong>Surfbrettern<\/strong>, <strong>Paddles<\/strong> und <strong>Windsurfbrettern<\/strong> mit einer maximalen L\u00e4nge von <strong>5 Metern <\/strong>und einem maximalen Gewicht von<strong> 225 Kg<\/strong>.<\/p>\n<p>Dieser <strong>modulare Anh\u00e4nger<\/strong> passt sich leicht an <strong>alle Arten von Brettern<\/strong> und <strong>Kajaks <\/strong>an, indem der Abstand zwischen den beiden Strukturen, die die Ausr\u00fcstung tragen, ver\u00e4ndert wird. Diese <strong>feuerverzinkten Stahlstrukturen<\/strong> werden mit Hilfe von <strong>Schellen<\/strong> befestigt, die nur gelockert werden m\u00fcssen, um <strong>den Anh\u00e4nger<\/strong> perfekt an Ihre Nutzung <strong>anzupassen<\/strong>.<\/p>\n<p>Ausgestattet mit einer <strong>feuerverzinkten Stahlr\u00fccklichtplatte<\/strong>, halbstarren Kunststoff-Kotfl\u00fcgeln, <strong>10&#8243;-R\u00e4dern<\/strong> und einer Anh\u00e4ngerkupplung, die mit allen Standard-Fahrzeugkupplungen kompatibel ist, ist dieser<strong> leichte<\/strong> und <strong>praktische <\/strong>Anh\u00e4nger ideal f\u00fcr kurze und lange Strecken.<\/p>\n<p>St\u00fctzrad optional<\/p>\n<p>Dieser Anh\u00e4nger ist auch in 8\/10\/12 Pl\u00e4tzen auf Anfrage erh\u00e4ltlich, indem Sie uns eine E-Mail an folgende Adresse senden: <a href=\"mailto:support@sagrinex.com\">support@sagrinex.com<\/a><\/p>\n<p>Mit dem <strong>gr\u00f6\u00dften Lagerbestand an Bootsanh\u00e4ngern<\/strong> etabliert sich <strong>Sagrinex<\/strong> heute als der <strong>unverzichtbare Spezialist<\/strong><\/p>\n","protected":false},"excerpt":{"rendered":"<p>Kayak- oder Brettertransportanh\u00e4nger zugelassen f\u00fcr das Fahren auf Nationalstra\u00dfen, Schnellstra\u00dfen und Autobahnen. 2 Pl\u00e4tze.<\/p>\n<div class=\"mod_fa_champspersonnalisables_v14_liste\">\n<div class=\"mod_fa_champspersonnalisables_v14_titre\"><strong>zGG: <\/strong><span class=\"mod_fa_champspersonnalisables_v14_valeur\">340 Kg<\/span><\/div>\n<\/div>\n<div class=\"mod_fa_champspersonnalisables_v14_liste\">\n<div class=\"mod_fa_champspersonnalisables_v14_titre\"><strong>Leergewicht: <\/strong><span class=\"mod_fa_champspersonnalisables_v14_valeur\">115 Kg<\/span><\/div>\n<\/div>\n<div class=\"mod_fa_champspersonnalisables_v14_liste\">\n<div class=\"mod_fa_champspersonnalisables_v14_titre\"><strong>Nutzlast: <\/strong><span class=\"mod_fa_champspersonnalisables_v14_valeur\">225 Kg<\/span><\/div>\n<\/div>\n<div class=\"mod_fa_champspersonnalisables_v14_liste\">\n<div class=\"mod_fa_champspersonnalisables_v14_titre\"><strong>Au\u00dfenabmessungen: <\/strong><span class=\"mod_fa_champspersonnalisables_v14_valeur\">421 x 160 cm<\/span><\/div>\n<\/div>\n<div class=\"mod_fa_champspersonnalisables_v14_liste\">\n<div class=\"mod_fa_champspersonnalisables_v14_titre\"><strong>Achslast: <\/strong><span class=\"mod_fa_champspersonnalisables_v14_valeur\">340 Kg<\/span><\/div>\n<\/div>\n<div class=\"mod_fa_champspersonnalisables_v14_liste\">\n<div class=\"mod_fa_champspersonnalisables_v14_titre\"><strong>Deichsel gebremst: <\/strong><span class=\"mod_fa_champspersonnalisables_v14_valeur\">gerade feuerverzinkt<\/span><\/div>\n<\/div>\n<div class=\"mod_fa_champspersonnalisables_v14_liste\">\n<div class=\"mod_fa_champspersonnalisables_v14_titre\"><strong>Fahrgestelltyp: <\/strong><span class=\"mod_fa_champspersonnalisables_v14_valeur\">Feuerverzinkt<\/span><\/div>\n<\/div>\n<div class=\"mod_fa_champspersonnalisables_v14_liste\">\n<div class=\"mod_fa_champspersonnalisables_v14_titre\"><strong>R\u00e4der: <\/strong><span class=\"mod_fa_champspersonnalisables_v14_valeur\">450 x 10<\/span><\/div>\n<\/div>\n<div class=\"mod_fa_champspersonnalisables_v14_liste\">\n<div class=\"mod_fa_champspersonnalisables_v14_titre\"><strong>Ausstattung: <\/strong><span class=\"mod_fa_champspersonnalisables_v14_valeur\">Feuerverzinkte Stahlkonstruktion f\u00fcr die Halterung von 2 Ein- oder Zweisitzer-Kayaks oder Brettern \/ hinteres Kennzeichenschild<\/span><\/div>\n<\/div>\n","protected":false},"featured_media":16575,"comment_status":"open","ping_status":"closed","template":"","meta":[],"product_brand":[],"product_cat":[357,352],"product_tag":[],"class_list":{"0":"post-14189","1":"product","2":"type-product","3":"status-publish","4":"has-post-thumbnail","6":"product_cat-nautische-anhaenger","7":"product_cat-unsere-trailer","9":"first","10":"instock","11":"shipping-taxable","12":"purchasable","13":"product-type-simple"},"yoast_head":"<!-- This site is optimized with the Yoast SEO plugin v27.4 - https:\/\/yoast.com\/product\/yoast-seo-wordpress\/ -->\n<title>ANH\u00c4NGER F\u00dcR KAJAKS &amp; BRETTER - 2 PL\u00c4TZE - ZUL\u00c4SSIGES GESAMTGEWICHT: 340 KG<\/title>\n<meta name=\"description\" content=\"Anh\u00e4nger f\u00fcr Kajaks oder Bretter, zugelassen f\u00fcr das Fahren auf Nationalstra\u00dfen, Schnellstra\u00dfen und Autobahnen. 2 Pl\u00e4tze.\" \/>\n<meta name=\"robots\" content=\"index, follow, max-snippet:-1, max-image-preview:large, max-video-preview:-1\" \/>\n<link rel=\"canonical\" href=\"https:\/\/sagrinex.com\/produit\/remorque-porte-kayaks-planches-2-places-ptac-340-kg\/\" \/>\n<meta property=\"og:locale\" content=\"de_DE\" \/>\n<meta property=\"og:type\" content=\"article\" \/>\n<meta property=\"og:title\" content=\"ANH\u00c4NGER F\u00dcR KAJAKS &amp; BRETTER - 2 PL\u00c4TZE - ZUL\u00c4SSIGES GESAMTGEWICHT: 340 KG\" \/>\n<meta property=\"og:description\" content=\"Anh\u00e4nger f\u00fcr Kajaks oder Bretter, zugelassen f\u00fcr das Fahren auf Nationalstra\u00dfen, Schnellstra\u00dfen und Autobahnen. 2 Pl\u00e4tze.\" \/>\n<meta property=\"og:url\" content=\"https:\/\/sagrinex.com\/produit\/remorque-porte-kayaks-planches-2-places-ptac-340-kg\/\" \/>\n<meta property=\"og:site_name\" content=\"Sagrinex \u2013 Anhaenger, Container &amp; Landtechnik \ud83c\udf3e\ud83d\ude9c\" \/>\n<meta property=\"article:modified_time\" content=\"2026-04-15T21:12:12+00:00\" \/>\n<meta property=\"og:image\" content=\"https:\/\/sagrinex.com\/wp-content\/uploads\/2026\/03\/Image-36-3.jpeg\" \/>\n\t<meta property=\"og:image:width\" content=\"1000\" \/>\n\t<meta property=\"og:image:height\" content=\"372\" \/>\n\t<meta property=\"og:image:type\" content=\"image\/jpeg\" \/>\n<meta name=\"twitter:card\" content=\"summary_large_image\" \/>\n<meta name=\"twitter:label1\" content=\"Gesch\u00e4tzte Lesezeit\" \/>\n\t<meta name=\"twitter:data1\" content=\"1\u00a0Minute\" \/>\n<script type=\"application\/ld+json\" class=\"yoast-schema-graph\">{\"@context\":\"https:\\\/\\\/schema.org\",\"@graph\":[{\"@type\":\"WebPage\",\"@id\":\"https:\\\/\\\/sagrinex.com\\\/produit\\\/remorque-porte-kayaks-planches-2-places-ptac-340-kg\\\/\",\"url\":\"https:\\\/\\\/sagrinex.com\\\/produit\\\/remorque-porte-kayaks-planches-2-places-ptac-340-kg\\\/\",\"name\":\"ANH\u00c4NGER F\u00dcR KAJAKS & BRETTER - 2 PL\u00c4TZE - ZUL\u00c4SSIGES GESAMTGEWICHT: 340 KG\",\"isPartOf\":{\"@id\":\"https:\\\/\\\/sagrinex.com\\\/#website\"},\"primaryImageOfPage\":{\"@id\":\"https:\\\/\\\/sagrinex.com\\\/produit\\\/remorque-porte-kayaks-planches-2-places-ptac-340-kg\\\/#primaryimage\"},\"image\":{\"@id\":\"https:\\\/\\\/sagrinex.com\\\/produit\\\/remorque-porte-kayaks-planches-2-places-ptac-340-kg\\\/#primaryimage\"},\"thumbnailUrl\":\"https:\\\/\\\/sagrinex.com\\\/wp-content\\\/uploads\\\/2026\\\/03\\\/Image-36-3.jpeg\",\"datePublished\":\"2026-03-17T15:21:02+00:00\",\"dateModified\":\"2026-04-15T21:12:12+00:00\",\"description\":\"Anh\u00e4nger f\u00fcr Kajaks oder Bretter, zugelassen f\u00fcr das Fahren auf Nationalstra\u00dfen, Schnellstra\u00dfen und Autobahnen. 2 Pl\u00e4tze.\",\"breadcrumb\":{\"@id\":\"https:\\\/\\\/sagrinex.com\\\/produit\\\/remorque-porte-kayaks-planches-2-places-ptac-340-kg\\\/#breadcrumb\"},\"inLanguage\":\"de\",\"potentialAction\":[{\"@type\":\"ReadAction\",\"target\":[\"https:\\\/\\\/sagrinex.com\\\/produit\\\/remorque-porte-kayaks-planches-2-places-ptac-340-kg\\\/\"]}]},{\"@type\":\"ImageObject\",\"inLanguage\":\"de\",\"@id\":\"https:\\\/\\\/sagrinex.com\\\/produit\\\/remorque-porte-kayaks-planches-2-places-ptac-340-kg\\\/#primaryimage\",\"url\":\"https:\\\/\\\/sagrinex.com\\\/wp-content\\\/uploads\\\/2026\\\/03\\\/Image-36-3.jpeg\",\"contentUrl\":\"https:\\\/\\\/sagrinex.com\\\/wp-content\\\/uploads\\\/2026\\\/03\\\/Image-36-3.jpeg\",\"width\":1000,\"height\":372},{\"@type\":\"BreadcrumbList\",\"@id\":\"https:\\\/\\\/sagrinex.com\\\/produit\\\/remorque-porte-kayaks-planches-2-places-ptac-340-kg\\\/#breadcrumb\",\"itemListElement\":[{\"@type\":\"ListItem\",\"position\":1,\"name\":\"Accueil\",\"item\":\"https:\\\/\\\/sagrinex.com\\\/?lang=de\"},{\"@type\":\"ListItem\",\"position\":2,\"name\":\"Shop\",\"item\":\"https:\\\/\\\/sagrinex.com\\\/shop\\\/\"},{\"@type\":\"ListItem\",\"position\":3,\"name\":\"Anh\u00c4nger F\u00dcr Kajaks &amp; Bretter &#8211; 2 Pl\u00c4tze &#8211; Zul\u00c4ssiges Gesamtgewicht: 340 Kg\"}]},{\"@type\":\"WebSite\",\"@id\":\"https:\\\/\\\/sagrinex.com\\\/#website\",\"url\":\"https:\\\/\\\/sagrinex.com\\\/\",\"name\":\"Sagrinex \u2013 Spezialist f\u00fcr Anh\u00e4nger, Container & Landtechnik\",\"description\":\"Anhaenger, Container &amp; Landtechnik \u2014 Online-Verkauf &amp; kostenloses Angebot\",\"publisher\":{\"@id\":\"https:\\\/\\\/sagrinex.com\\\/#organization\"},\"potentialAction\":[{\"@type\":\"SearchAction\",\"target\":{\"@type\":\"EntryPoint\",\"urlTemplate\":\"https:\\\/\\\/sagrinex.com\\\/?s={search_term_string}\"},\"query-input\":{\"@type\":\"PropertyValueSpecification\",\"valueRequired\":true,\"valueName\":\"search_term_string\"}}],\"inLanguage\":\"de\"},{\"@type\":\"Organization\",\"@id\":\"https:\\\/\\\/sagrinex.com\\\/#organization\",\"name\":\"Sagrinex \u2013 Remorques, Conteneurs & Mat\u00e9riel Agricole\",\"url\":\"https:\\\/\\\/sagrinex.com\\\/\",\"logo\":{\"@type\":\"ImageObject\",\"inLanguage\":\"de\",\"@id\":\"https:\\\/\\\/sagrinex.com\\\/#\\\/schema\\\/logo\\\/image\\\/\",\"url\":\"https:\\\/\\\/sagrinex.com\\\/wp-content\\\/uploads\\\/2026\\\/03\\\/7f1ac463-ef5a-425d-bdd6-a5da03a334a9-1024x683.png\",\"contentUrl\":\"https:\\\/\\\/sagrinex.com\\\/wp-content\\\/uploads\\\/2026\\\/03\\\/7f1ac463-ef5a-425d-bdd6-a5da03a334a9-1024x683.png\",\"width\":1024,\"height\":683,\"caption\":\"Sagrinex \u2013 Remorques, Conteneurs & Mat\u00e9riel Agricole\"},\"image\":{\"@id\":\"https:\\\/\\\/sagrinex.com\\\/#\\\/schema\\\/logo\\\/image\\\/\"}}]}<\/script>\n<!-- \/ Yoast SEO plugin. -->","yoast_head_json":{"title":"ANH\u00c4NGER F\u00dcR KAJAKS & BRETTER - 2 PL\u00c4TZE - ZUL\u00c4SSIGES GESAMTGEWICHT: 340 KG","description":"Anh\u00e4nger f\u00fcr Kajaks oder Bretter, zugelassen f\u00fcr das Fahren auf Nationalstra\u00dfen, Schnellstra\u00dfen und Autobahnen. 2 Pl\u00e4tze.","robots":{"index":"index","follow":"follow","max-snippet":"max-snippet:-1","max-image-preview":"max-image-preview:large","max-video-preview":"max-video-preview:-1"},"canonical":"https:\/\/sagrinex.com\/produit\/remorque-porte-kayaks-planches-2-places-ptac-340-kg\/","og_locale":"de_DE","og_type":"article","og_title":"ANH\u00c4NGER F\u00dcR KAJAKS & BRETTER - 2 PL\u00c4TZE - ZUL\u00c4SSIGES GESAMTGEWICHT: 340 KG","og_description":"Anh\u00e4nger f\u00fcr Kajaks oder Bretter, zugelassen f\u00fcr das Fahren auf Nationalstra\u00dfen, Schnellstra\u00dfen und Autobahnen. 2 Pl\u00e4tze.","og_url":"https:\/\/sagrinex.com\/produit\/remorque-porte-kayaks-planches-2-places-ptac-340-kg\/","og_site_name":"Sagrinex \u2013 Anhaenger, Container &amp; Landtechnik \ud83c\udf3e\ud83d\ude9c","article_modified_time":"2026-04-15T21:12:12+00:00","og_image":[{"width":1000,"height":372,"url":"https:\/\/sagrinex.com\/wp-content\/uploads\/2026\/03\/Image-36-3.jpeg","type":"image\/jpeg"}],"twitter_card":"summary_large_image","twitter_misc":{"Gesch\u00e4tzte Lesezeit":"1\u00a0Minute"},"schema":{"@context":"https:\/\/schema.org","@graph":[{"@type":"WebPage","@id":"https:\/\/sagrinex.com\/produit\/remorque-porte-kayaks-planches-2-places-ptac-340-kg\/","url":"https:\/\/sagrinex.com\/produit\/remorque-porte-kayaks-planches-2-places-ptac-340-kg\/","name":"ANH\u00c4NGER F\u00dcR KAJAKS & BRETTER - 2 PL\u00c4TZE - ZUL\u00c4SSIGES GESAMTGEWICHT: 340 KG","isPartOf":{"@id":"https:\/\/sagrinex.com\/#website"},"primaryImageOfPage":{"@id":"https:\/\/sagrinex.com\/produit\/remorque-porte-kayaks-planches-2-places-ptac-340-kg\/#primaryimage"},"image":{"@id":"https:\/\/sagrinex.com\/produit\/remorque-porte-kayaks-planches-2-places-ptac-340-kg\/#primaryimage"},"thumbnailUrl":"https:\/\/sagrinex.com\/wp-content\/uploads\/2026\/03\/Image-36-3.jpeg","datePublished":"2026-03-17T15:21:02+00:00","dateModified":"2026-04-15T21:12:12+00:00","description":"Anh\u00e4nger f\u00fcr Kajaks oder Bretter, zugelassen f\u00fcr das Fahren auf Nationalstra\u00dfen, Schnellstra\u00dfen und Autobahnen. 2 Pl\u00e4tze.","breadcrumb":{"@id":"https:\/\/sagrinex.com\/produit\/remorque-porte-kayaks-planches-2-places-ptac-340-kg\/#breadcrumb"},"inLanguage":"de","potentialAction":[{"@type":"ReadAction","target":["https:\/\/sagrinex.com\/produit\/remorque-porte-kayaks-planches-2-places-ptac-340-kg\/"]}]},{"@type":"ImageObject","inLanguage":"de","@id":"https:\/\/sagrinex.com\/produit\/remorque-porte-kayaks-planches-2-places-ptac-340-kg\/#primaryimage","url":"https:\/\/sagrinex.com\/wp-content\/uploads\/2026\/03\/Image-36-3.jpeg","contentUrl":"https:\/\/sagrinex.com\/wp-content\/uploads\/2026\/03\/Image-36-3.jpeg","width":1000,"height":372},{"@type":"BreadcrumbList","@id":"https:\/\/sagrinex.com\/produit\/remorque-porte-kayaks-planches-2-places-ptac-340-kg\/#breadcrumb","itemListElement":[{"@type":"ListItem","position":1,"name":"Accueil","item":"https:\/\/sagrinex.com\/?lang=de"},{"@type":"ListItem","position":2,"name":"Shop","item":"https:\/\/sagrinex.com\/shop\/"},{"@type":"ListItem","position":3,"name":"Anh\u00c4nger F\u00dcr Kajaks &amp; Bretter &#8211; 2 Pl\u00c4tze &#8211; Zul\u00c4ssiges Gesamtgewicht: 340 Kg"}]},{"@type":"WebSite","@id":"https:\/\/sagrinex.com\/#website","url":"https:\/\/sagrinex.com\/","name":"Sagrinex \u2013 Spezialist f\u00fcr Anh\u00e4nger, Container & Landtechnik","description":"Anhaenger, Container &amp; Landtechnik \u2014 Online-Verkauf &amp; kostenloses Angebot","publisher":{"@id":"https:\/\/sagrinex.com\/#organization"},"potentialAction":[{"@type":"SearchAction","target":{"@type":"EntryPoint","urlTemplate":"https:\/\/sagrinex.com\/?s={search_term_string}"},"query-input":{"@type":"PropertyValueSpecification","valueRequired":true,"valueName":"search_term_string"}}],"inLanguage":"de"},{"@type":"Organization","@id":"https:\/\/sagrinex.com\/#organization","name":"Sagrinex \u2013 Remorques, Conteneurs & Mat\u00e9riel Agricole","url":"https:\/\/sagrinex.com\/","logo":{"@type":"ImageObject","inLanguage":"de","@id":"https:\/\/sagrinex.com\/#\/schema\/logo\/image\/","url":"https:\/\/sagrinex.com\/wp-content\/uploads\/2026\/03\/7f1ac463-ef5a-425d-bdd6-a5da03a334a9-1024x683.png","contentUrl":"https:\/\/sagrinex.com\/wp-content\/uploads\/2026\/03\/7f1ac463-ef5a-425d-bdd6-a5da03a334a9-1024x683.png","width":1024,"height":683,"caption":"Sagrinex \u2013 Remorques, Conteneurs & Mat\u00e9riel Agricole"},"image":{"@id":"https:\/\/sagrinex.com\/#\/schema\/logo\/image\/"}}]}},"jetpack_sharing_enabled":true,"_links":{"self":[{"href":"https:\/\/sagrinex.com\/de\/wp-json\/wp\/v2\/product\/14189","targetHints":{"allow":["GET"]}}],"collection":[{"href":"https:\/\/sagrinex.com\/de\/wp-json\/wp\/v2\/product"}],"about":[{"href":"https:\/\/sagrinex.com\/de\/wp-json\/wp\/v2\/types\/product"}],"replies":[{"embeddable":true,"href":"https:\/\/sagrinex.com\/de\/wp-json\/wp\/v2\/comments?post=14189"}],"version-history":[{"count":0,"href":"https:\/\/sagrinex.com\/de\/wp-json\/wp\/v2\/product\/14189\/revisions"}],"wp:featuredmedia":[{"embeddable":true,"href":"https:\/\/sagrinex.com\/de\/wp-json\/wp\/v2\/media\/16575"}],"wp:attachment":[{"href":"https:\/\/sagrinex.com\/de\/wp-json\/wp\/v2\/media?parent=14189"}],"wp:term":[{"taxonomy":"product_brand","embeddable":true,"href":"https:\/\/sagrinex.com\/de\/wp-json\/wp\/v2\/product_brand?post=14189"},{"taxonomy":"product_cat","embeddable":true,"href":"https:\/\/sagrinex.com\/de\/wp-json\/wp\/v2\/product_cat?post=14189"},{"taxonomy":"product_tag","embeddable":true,"href":"https:\/\/sagrinex.com\/de\/wp-json\/wp\/v2\/product_tag?post=14189"}],"curies":[{"name":"wp","href":"https:\/\/api.w.org\/{rel}","templated":true}]}}