{"id":14190,"date":"2026-03-16T18:57:55","date_gmt":"2026-03-16T18:57:55","guid":{"rendered":"https:\/\/sagrinex.com\/produit\/pneumatischer-bootstraeger-mit-mehrrollen-sw345-zulaessiges-gesamtgewicht-500-kg-1-achse\/"},"modified":"2026-04-15T21:12:12","modified_gmt":"2026-04-15T21:12:12","slug":"pneumatischer-bootstraeger-mit-mehrrollen-sw345-zulaessiges-gesamtgewicht-500-kg-1-achse","status":"publish","type":"product","link":"https:\/\/sagrinex.com\/de\/produit\/pneumatischer-bootstraeger-mit-mehrrollen-sw345-zulaessiges-gesamtgewicht-500-kg-1-achse\/","title":{"rendered":"Pneumatischer Bootstr\u00c4ger mit Mehrrollen \u2013 SW345 \u2013 Zul\u00e4ssiges Gesamtgewicht: 500 Kg \u2013 1 Achse"},"content":{"rendered":"<p>Dieser Multi-Roller-Bootsanh\u00e4nger ist f\u00fcr den Stra\u00dfentransport von Booten wie V-R\u00fcmpfen, Halbstarrr\u00fcmpfen, Integral-Jollen oder Schnellr\u00fcmpfen mit einer maximalen L\u00e4nge von 4,50 Metern und einem Gewicht von bis zu 360 kg konzipiert.<\/p>\n<ul>\n<li><strong>Zul\u00e4ssiges Gesamtgewicht:<\/strong> 500 kg<\/li>\n<li><strong>Leermasse:<\/strong> 165 kg<\/li>\n<li><strong>Nutzlast:<\/strong> 335 kg<\/li>\n<li><strong>Maximale L\u00e4nge des Bootes:<\/strong> 4,50 Meter Rumpf<\/li>\n<li><strong>Achse:<\/strong> 500 kg Tragf\u00e4higkeit<\/li>\n<li><strong>Fahrgestell:<\/strong> feuerverzinkt<\/li>\n<li><strong>R\u00e4der:<\/strong> erh\u00e4ltlich in 500&#215;10 oder 135R13<\/li>\n<li><strong>Ausstattung:<\/strong> St\u00fctzrad, Rollen, abnehmbares Lichtband, Naben im \u00d6lbad<\/li>\n<\/ul>\n<p><strong>Robustheit und Langlebigkeit:<\/strong> Das feuerverzinkte Fahrgestell bietet optimalen Korrosionsschutz und verl\u00e4ngert so die Lebensdauer des Anh\u00e4ngers.<\/p>\n<p><strong>Einfache Handhabung:<\/strong> Die Rollen mit gro\u00dfem Durchmesser (120 mm) erleichtern das Be- und Entladen des Bootes und erleichtern so das Man\u00f6vrieren.<\/p>\n<p><strong>Praktisches Beleuchtungssystem:<\/strong> Die hintere Kunststoffleiste ist weniger zerbrechlich und leichter zu handhaben als eine Metallleiste und vereinfacht so die Bedienung beim Ein- und Ausstieg ins Wasser.<\/p>\n<p><strong>Einstellbare Achse:<\/strong> Die unabh\u00e4ngige Achse des Fahrgestells erm\u00f6glicht eine pr\u00e4zise Anpassung an die Gewichtsverteilung des Bootes und verbessert so die Stabilit\u00e4t und Sicherheit beim Transport.<\/p>\n<ul>\n<li>Elektrische Winde mit wasserdichtem Batterie-Aufbewahrungskasten<\/li>\n<li>Ersatzrad mit Halterung<\/li>\n<li>Achssp\u00fclsatz<\/li>\n<li>Riemen<\/li>\n<li>Diebstahlschutz<\/li>\n<\/ul>\n<ul>\n<li>UV-best\u00e4ndige Rollen f\u00fcr l\u00e4ngere Haltbarkeit<\/li>\n<li>Standard-Bandwinde f\u00fcr vereinfachte Handhabung<\/li>\n<\/ul>\n<p>Wenn Sie sich f\u00fcr Sagrinex entscheiden, profitieren Sie von einer Reihe von Anh\u00e4ngern, die nach hohen Qualit\u00e4tsanforderungen hergestellt werden. Dar\u00fcber hinaus bieten wir ma\u00dfgeschneiderte Optionen und einen reaktionsschnellen Kundendienst, um Ihren spezifischen Anforderungen gerecht zu werden.<\/p>\n<p>Bootsanh\u00e4nger mit einem zul\u00e4ssigen Gesamtgewicht von mehr als 500 kg erfordern die Erstellung eines Zulassungsdokuments. Daher ist die Einhaltung dieser Vorschriften f\u00fcr den legalen Einsatz im Stra\u00dfenverkehr zwingend erforderlich.<\/p>\n","protected":false},"excerpt":{"rendered":"<p>Sun Way Mehrrollenanh\u00e4nger f\u00fcr Boote bis 4,50 m. Zul\u00e4ssiges Gesamtgewicht 500 kg, verzinktes Fahrgestell, zul\u00e4ssiges Gesamtgewicht 500 kg. Ausgestattet mit Rollen mit gro\u00dfem Durchmesser und \u00d6lbadnaben f\u00fcr zuverl\u00e4ssigen Transport und einfaches Starten<\/p>\n<div class=\"mod_fa_customizablefields_v14_list\">\n<div class=\"mod_fa_champspersonnalisables_v14_titre\"><strong>Zul\u00e4ssiges Gesamtgewicht: <\/strong><span class=\"mod_fa_champspersonnalisables_v14_value\">500 kg<\/span><\/div>\n<\/div>\n<div class=\"mod_fa_customizablefields_v14_list\">\n<div class=\"mod_fa_champspersonnalisables_v14_titre\"><strong>Leermasse: <\/strong><span class=\"mod_fa_champspersonnalisables_v14_value\">165 kg<\/span><\/div>\n<\/div>\n<div class=\"mod_fa_customizablefields_v14_list\">\n<div class=\"mod_fa_champspersonnalisables_v14_titre\"><strong>Nutzlast: <\/strong><span class=\"mod_fa_champspersonnalisables_v14_value\">335 kg<\/span><\/div>\n<\/div>\n<div class=\"mod_fa_customizablefields_v14_list\">\n<div class=\"mod_fa_champspersonnalisables_v14_titre\"><strong>Maximale L\u00e4nge des Bootes: <\/strong><span class=\"mod_fa_champspersonnalisables_v14_valeur\">4,20 Meter Rumpf<\/span><\/div>\n<\/div>\n<div class=\"mod_fa_customizablefields_v14_list\">\n<div class=\"mod_fa_champspersonnalisables_v14_titre\"><strong>Achswiderstand(e): <\/strong><span class=\"mod_fa_champspersonnalisables_v14_value\">500 kg<\/span><\/div>\n<\/div>\n<div class=\"mod_fa_customizablefields_v14_list\">\n<div class=\"mod_fa_champspersonnalisables_v14_titre\"><strong>Rahmentyp: <\/strong><span class=\"mod_fa_champspersonnalisables_v14_value\">Feuerverzinkt<\/span><\/div>\n<\/div>\n<div class=\"mod_fa_customizablefields_v14_list\">\n<div class=\"mod_fa_champspersonnalisables_v14_titre\"><strong>R\u00e4der: <\/strong><span class=\"mod_fa_champspersonnalisables_v14_valeur\">500 x10\/135R13<\/span><\/div>\n<\/div>\n<div class=\"mod_fa_customizablefields_v14_list\">\n<div class=\"mod_fa_champspersonnalisables_v14_titre\"><strong>Ausstattung: <\/strong><span class=\"mod_fa_champspersonnalisables_v14_valeur\">St\u00fctzrad \/ Rollen \/ Abnehmbarer Lichtstreifen \/ \u00d6lbadnaben<\/span><\/div>\n<\/div>\n","protected":false},"featured_media":16417,"comment_status":"open","ping_status":"closed","template":"","meta":[],"product_brand":[],"product_cat":[357,352],"product_tag":[],"class_list":{"0":"post-14190","1":"product","2":"type-product","3":"status-publish","4":"has-post-thumbnail","6":"product_cat-nautische-anhaenger","7":"product_cat-unsere-trailer","9":"first","10":"instock","11":"shipping-taxable","12":"purchasable","13":"product-type-simple"},"yoast_head":"<!-- This site is optimized with the Yoast SEO plugin v27.4 - https:\/\/yoast.com\/product\/yoast-seo-wordpress\/ -->\n<title>PNEUMATISCHER BOOTSTR\u00c4GER MIT MEHRROLLEN \u2013 SW345 \u2013 zul\u00e4ssiges Gesamtgewicht: 500 kg \u2013 1 Achse<\/title>\n<meta name=\"description\" content=\"Sun Way Mehrrollenanh\u00e4nger f\u00fcr Boote bis 4,50 m. Zul\u00e4ssiges Gesamtgewicht 500 kg, verzinktes Fahrgestell, zul\u00e4ssiges Gesamtgewicht 500 kg. Ausgestattet mit Rollen mit gro\u00dfem Durchmesser und \u00d6lbadnaben f\u00fcr zuverl\u00e4ssigen Transport und einfaches Starten\" \/>\n<meta name=\"robots\" content=\"index, follow, max-snippet:-1, max-image-preview:large, max-video-preview:-1\" \/>\n<link rel=\"canonical\" href=\"https:\/\/sagrinex.com\/produit\/porte-bateau-pneumatique-multirouleaux-sw345-ptac-500kg-1-essieu\/\" \/>\n<meta property=\"og:locale\" content=\"de_DE\" \/>\n<meta property=\"og:type\" content=\"article\" \/>\n<meta property=\"og:title\" content=\"PNEUMATISCHER BOOTSTR\u00c4GER MIT MEHRROLLEN \u2013 SW345 \u2013 zul\u00e4ssiges Gesamtgewicht: 500 kg \u2013 1 Achse\" \/>\n<meta property=\"og:description\" content=\"Sun Way Mehrrollenanh\u00e4nger f\u00fcr Boote bis 4,50 m. Zul\u00e4ssiges Gesamtgewicht 500 kg, verzinktes Fahrgestell, zul\u00e4ssiges Gesamtgewicht 500 kg. Ausgestattet mit Rollen mit gro\u00dfem Durchmesser und \u00d6lbadnaben f\u00fcr zuverl\u00e4ssigen Transport und einfaches Starten\" \/>\n<meta property=\"og:url\" content=\"https:\/\/sagrinex.com\/produit\/porte-bateau-pneumatique-multirouleaux-sw345-ptac-500kg-1-essieu\/\" \/>\n<meta property=\"og:site_name\" content=\"Sagrinex \u2013 Anhaenger, Container &amp; Landtechnik \ud83c\udf3e\ud83d\ude9c\" \/>\n<meta property=\"article:modified_time\" content=\"2026-04-15T21:12:12+00:00\" \/>\n<meta property=\"og:image\" content=\"https:\/\/sagrinex.com\/wp-content\/uploads\/2026\/03\/Image-386-2.jpeg\" \/>\n\t<meta property=\"og:image:width\" content=\"410\" \/>\n\t<meta property=\"og:image:height\" content=\"256\" \/>\n\t<meta property=\"og:image:type\" content=\"image\/jpeg\" \/>\n<meta name=\"twitter:card\" content=\"summary_large_image\" \/>\n<meta name=\"twitter:label1\" content=\"Gesch\u00e4tzte Lesezeit\" \/>\n\t<meta name=\"twitter:data1\" content=\"1\u00a0Minute\" \/>\n<script type=\"application\/ld+json\" class=\"yoast-schema-graph\">{\"@context\":\"https:\\\/\\\/schema.org\",\"@graph\":[{\"@type\":\"WebPage\",\"@id\":\"https:\\\/\\\/sagrinex.com\\\/produit\\\/porte-bateau-pneumatique-multirouleaux-sw345-ptac-500kg-1-essieu\\\/\",\"url\":\"https:\\\/\\\/sagrinex.com\\\/produit\\\/porte-bateau-pneumatique-multirouleaux-sw345-ptac-500kg-1-essieu\\\/\",\"name\":\"PNEUMATISCHER BOOTSTR\u00c4GER MIT MEHRROLLEN \u2013 SW345 \u2013 zul\u00e4ssiges Gesamtgewicht: 500 kg \u2013 1 Achse\",\"isPartOf\":{\"@id\":\"https:\\\/\\\/sagrinex.com\\\/#website\"},\"primaryImageOfPage\":{\"@id\":\"https:\\\/\\\/sagrinex.com\\\/produit\\\/porte-bateau-pneumatique-multirouleaux-sw345-ptac-500kg-1-essieu\\\/#primaryimage\"},\"image\":{\"@id\":\"https:\\\/\\\/sagrinex.com\\\/produit\\\/porte-bateau-pneumatique-multirouleaux-sw345-ptac-500kg-1-essieu\\\/#primaryimage\"},\"thumbnailUrl\":\"https:\\\/\\\/sagrinex.com\\\/wp-content\\\/uploads\\\/2026\\\/03\\\/Image-386-2.jpeg\",\"datePublished\":\"2026-03-16T18:57:55+00:00\",\"dateModified\":\"2026-04-15T21:12:12+00:00\",\"description\":\"Sun Way Mehrrollenanh\u00e4nger f\u00fcr Boote bis 4,50 m. Zul\u00e4ssiges Gesamtgewicht 500 kg, verzinktes Fahrgestell, zul\u00e4ssiges Gesamtgewicht 500 kg. Ausgestattet mit Rollen mit gro\u00dfem Durchmesser und \u00d6lbadnaben f\u00fcr zuverl\u00e4ssigen Transport und einfaches Starten\",\"breadcrumb\":{\"@id\":\"https:\\\/\\\/sagrinex.com\\\/produit\\\/porte-bateau-pneumatique-multirouleaux-sw345-ptac-500kg-1-essieu\\\/#breadcrumb\"},\"inLanguage\":\"de\",\"potentialAction\":[{\"@type\":\"ReadAction\",\"target\":[\"https:\\\/\\\/sagrinex.com\\\/produit\\\/porte-bateau-pneumatique-multirouleaux-sw345-ptac-500kg-1-essieu\\\/\"]}]},{\"@type\":\"ImageObject\",\"inLanguage\":\"de\",\"@id\":\"https:\\\/\\\/sagrinex.com\\\/produit\\\/porte-bateau-pneumatique-multirouleaux-sw345-ptac-500kg-1-essieu\\\/#primaryimage\",\"url\":\"https:\\\/\\\/sagrinex.com\\\/wp-content\\\/uploads\\\/2026\\\/03\\\/Image-386-2.jpeg\",\"contentUrl\":\"https:\\\/\\\/sagrinex.com\\\/wp-content\\\/uploads\\\/2026\\\/03\\\/Image-386-2.jpeg\",\"width\":410,\"height\":256},{\"@type\":\"BreadcrumbList\",\"@id\":\"https:\\\/\\\/sagrinex.com\\\/produit\\\/porte-bateau-pneumatique-multirouleaux-sw345-ptac-500kg-1-essieu\\\/#breadcrumb\",\"itemListElement\":[{\"@type\":\"ListItem\",\"position\":1,\"name\":\"Accueil\",\"item\":\"https:\\\/\\\/sagrinex.com\\\/?lang=de\"},{\"@type\":\"ListItem\",\"position\":2,\"name\":\"Shop\",\"item\":\"https:\\\/\\\/sagrinex.com\\\/shop\\\/\"},{\"@type\":\"ListItem\",\"position\":3,\"name\":\"Pneumatischer Bootstr\u00c4ger mit Mehrrollen \u2013 SW345 \u2013 Zul\u00e4ssiges Gesamtgewicht: 500 Kg \u2013 1 Achse\"}]},{\"@type\":\"WebSite\",\"@id\":\"https:\\\/\\\/sagrinex.com\\\/#website\",\"url\":\"https:\\\/\\\/sagrinex.com\\\/\",\"name\":\"Sagrinex \u2013 Spezialist f\u00fcr Anh\u00e4nger, Container & Landtechnik\",\"description\":\"Anhaenger, Container &amp; Landtechnik \u2014 Online-Verkauf &amp; kostenloses Angebot\",\"publisher\":{\"@id\":\"https:\\\/\\\/sagrinex.com\\\/#organization\"},\"potentialAction\":[{\"@type\":\"SearchAction\",\"target\":{\"@type\":\"EntryPoint\",\"urlTemplate\":\"https:\\\/\\\/sagrinex.com\\\/?s={search_term_string}\"},\"query-input\":{\"@type\":\"PropertyValueSpecification\",\"valueRequired\":true,\"valueName\":\"search_term_string\"}}],\"inLanguage\":\"de\"},{\"@type\":\"Organization\",\"@id\":\"https:\\\/\\\/sagrinex.com\\\/#organization\",\"name\":\"Sagrinex \u2013 Remorques, Conteneurs & Mat\u00e9riel Agricole\",\"url\":\"https:\\\/\\\/sagrinex.com\\\/\",\"logo\":{\"@type\":\"ImageObject\",\"inLanguage\":\"de\",\"@id\":\"https:\\\/\\\/sagrinex.com\\\/#\\\/schema\\\/logo\\\/image\\\/\",\"url\":\"https:\\\/\\\/sagrinex.com\\\/wp-content\\\/uploads\\\/2026\\\/03\\\/7f1ac463-ef5a-425d-bdd6-a5da03a334a9-1024x683.png\",\"contentUrl\":\"https:\\\/\\\/sagrinex.com\\\/wp-content\\\/uploads\\\/2026\\\/03\\\/7f1ac463-ef5a-425d-bdd6-a5da03a334a9-1024x683.png\",\"width\":1024,\"height\":683,\"caption\":\"Sagrinex \u2013 Remorques, Conteneurs & Mat\u00e9riel Agricole\"},\"image\":{\"@id\":\"https:\\\/\\\/sagrinex.com\\\/#\\\/schema\\\/logo\\\/image\\\/\"}}]}<\/script>\n<!-- \/ Yoast SEO plugin. -->","yoast_head_json":{"title":"PNEUMATISCHER BOOTSTR\u00c4GER MIT MEHRROLLEN \u2013 SW345 \u2013 zul\u00e4ssiges Gesamtgewicht: 500 kg \u2013 1 Achse","description":"Sun Way Mehrrollenanh\u00e4nger f\u00fcr Boote bis 4,50 m. Zul\u00e4ssiges Gesamtgewicht 500 kg, verzinktes Fahrgestell, zul\u00e4ssiges Gesamtgewicht 500 kg. Ausgestattet mit Rollen mit gro\u00dfem Durchmesser und \u00d6lbadnaben f\u00fcr zuverl\u00e4ssigen Transport und einfaches Starten","robots":{"index":"index","follow":"follow","max-snippet":"max-snippet:-1","max-image-preview":"max-image-preview:large","max-video-preview":"max-video-preview:-1"},"canonical":"https:\/\/sagrinex.com\/produit\/porte-bateau-pneumatique-multirouleaux-sw345-ptac-500kg-1-essieu\/","og_locale":"de_DE","og_type":"article","og_title":"PNEUMATISCHER BOOTSTR\u00c4GER MIT MEHRROLLEN \u2013 SW345 \u2013 zul\u00e4ssiges Gesamtgewicht: 500 kg \u2013 1 Achse","og_description":"Sun Way Mehrrollenanh\u00e4nger f\u00fcr Boote bis 4,50 m. Zul\u00e4ssiges Gesamtgewicht 500 kg, verzinktes Fahrgestell, zul\u00e4ssiges Gesamtgewicht 500 kg. Ausgestattet mit Rollen mit gro\u00dfem Durchmesser und \u00d6lbadnaben f\u00fcr zuverl\u00e4ssigen Transport und einfaches Starten","og_url":"https:\/\/sagrinex.com\/produit\/porte-bateau-pneumatique-multirouleaux-sw345-ptac-500kg-1-essieu\/","og_site_name":"Sagrinex \u2013 Anhaenger, Container &amp; Landtechnik \ud83c\udf3e\ud83d\ude9c","article_modified_time":"2026-04-15T21:12:12+00:00","og_image":[{"width":410,"height":256,"url":"https:\/\/sagrinex.com\/wp-content\/uploads\/2026\/03\/Image-386-2.jpeg","type":"image\/jpeg"}],"twitter_card":"summary_large_image","twitter_misc":{"Gesch\u00e4tzte Lesezeit":"1\u00a0Minute"},"schema":{"@context":"https:\/\/schema.org","@graph":[{"@type":"WebPage","@id":"https:\/\/sagrinex.com\/produit\/porte-bateau-pneumatique-multirouleaux-sw345-ptac-500kg-1-essieu\/","url":"https:\/\/sagrinex.com\/produit\/porte-bateau-pneumatique-multirouleaux-sw345-ptac-500kg-1-essieu\/","name":"PNEUMATISCHER BOOTSTR\u00c4GER MIT MEHRROLLEN \u2013 SW345 \u2013 zul\u00e4ssiges Gesamtgewicht: 500 kg \u2013 1 Achse","isPartOf":{"@id":"https:\/\/sagrinex.com\/#website"},"primaryImageOfPage":{"@id":"https:\/\/sagrinex.com\/produit\/porte-bateau-pneumatique-multirouleaux-sw345-ptac-500kg-1-essieu\/#primaryimage"},"image":{"@id":"https:\/\/sagrinex.com\/produit\/porte-bateau-pneumatique-multirouleaux-sw345-ptac-500kg-1-essieu\/#primaryimage"},"thumbnailUrl":"https:\/\/sagrinex.com\/wp-content\/uploads\/2026\/03\/Image-386-2.jpeg","datePublished":"2026-03-16T18:57:55+00:00","dateModified":"2026-04-15T21:12:12+00:00","description":"Sun Way Mehrrollenanh\u00e4nger f\u00fcr Boote bis 4,50 m. Zul\u00e4ssiges Gesamtgewicht 500 kg, verzinktes Fahrgestell, zul\u00e4ssiges Gesamtgewicht 500 kg. Ausgestattet mit Rollen mit gro\u00dfem Durchmesser und \u00d6lbadnaben f\u00fcr zuverl\u00e4ssigen Transport und einfaches Starten","breadcrumb":{"@id":"https:\/\/sagrinex.com\/produit\/porte-bateau-pneumatique-multirouleaux-sw345-ptac-500kg-1-essieu\/#breadcrumb"},"inLanguage":"de","potentialAction":[{"@type":"ReadAction","target":["https:\/\/sagrinex.com\/produit\/porte-bateau-pneumatique-multirouleaux-sw345-ptac-500kg-1-essieu\/"]}]},{"@type":"ImageObject","inLanguage":"de","@id":"https:\/\/sagrinex.com\/produit\/porte-bateau-pneumatique-multirouleaux-sw345-ptac-500kg-1-essieu\/#primaryimage","url":"https:\/\/sagrinex.com\/wp-content\/uploads\/2026\/03\/Image-386-2.jpeg","contentUrl":"https:\/\/sagrinex.com\/wp-content\/uploads\/2026\/03\/Image-386-2.jpeg","width":410,"height":256},{"@type":"BreadcrumbList","@id":"https:\/\/sagrinex.com\/produit\/porte-bateau-pneumatique-multirouleaux-sw345-ptac-500kg-1-essieu\/#breadcrumb","itemListElement":[{"@type":"ListItem","position":1,"name":"Accueil","item":"https:\/\/sagrinex.com\/?lang=de"},{"@type":"ListItem","position":2,"name":"Shop","item":"https:\/\/sagrinex.com\/shop\/"},{"@type":"ListItem","position":3,"name":"Pneumatischer Bootstr\u00c4ger mit Mehrrollen \u2013 SW345 \u2013 Zul\u00e4ssiges Gesamtgewicht: 500 Kg \u2013 1 Achse"}]},{"@type":"WebSite","@id":"https:\/\/sagrinex.com\/#website","url":"https:\/\/sagrinex.com\/","name":"Sagrinex \u2013 Spezialist f\u00fcr Anh\u00e4nger, Container & Landtechnik","description":"Anhaenger, Container &amp; Landtechnik \u2014 Online-Verkauf &amp; kostenloses Angebot","publisher":{"@id":"https:\/\/sagrinex.com\/#organization"},"potentialAction":[{"@type":"SearchAction","target":{"@type":"EntryPoint","urlTemplate":"https:\/\/sagrinex.com\/?s={search_term_string}"},"query-input":{"@type":"PropertyValueSpecification","valueRequired":true,"valueName":"search_term_string"}}],"inLanguage":"de"},{"@type":"Organization","@id":"https:\/\/sagrinex.com\/#organization","name":"Sagrinex \u2013 Remorques, Conteneurs & Mat\u00e9riel Agricole","url":"https:\/\/sagrinex.com\/","logo":{"@type":"ImageObject","inLanguage":"de","@id":"https:\/\/sagrinex.com\/#\/schema\/logo\/image\/","url":"https:\/\/sagrinex.com\/wp-content\/uploads\/2026\/03\/7f1ac463-ef5a-425d-bdd6-a5da03a334a9-1024x683.png","contentUrl":"https:\/\/sagrinex.com\/wp-content\/uploads\/2026\/03\/7f1ac463-ef5a-425d-bdd6-a5da03a334a9-1024x683.png","width":1024,"height":683,"caption":"Sagrinex \u2013 Remorques, Conteneurs & Mat\u00e9riel Agricole"},"image":{"@id":"https:\/\/sagrinex.com\/#\/schema\/logo\/image\/"}}]}},"jetpack_sharing_enabled":true,"_links":{"self":[{"href":"https:\/\/sagrinex.com\/de\/wp-json\/wp\/v2\/product\/14190","targetHints":{"allow":["GET"]}}],"collection":[{"href":"https:\/\/sagrinex.com\/de\/wp-json\/wp\/v2\/product"}],"about":[{"href":"https:\/\/sagrinex.com\/de\/wp-json\/wp\/v2\/types\/product"}],"replies":[{"embeddable":true,"href":"https:\/\/sagrinex.com\/de\/wp-json\/wp\/v2\/comments?post=14190"}],"version-history":[{"count":0,"href":"https:\/\/sagrinex.com\/de\/wp-json\/wp\/v2\/product\/14190\/revisions"}],"wp:featuredmedia":[{"embeddable":true,"href":"https:\/\/sagrinex.com\/de\/wp-json\/wp\/v2\/media\/16417"}],"wp:attachment":[{"href":"https:\/\/sagrinex.com\/de\/wp-json\/wp\/v2\/media?parent=14190"}],"wp:term":[{"taxonomy":"product_brand","embeddable":true,"href":"https:\/\/sagrinex.com\/de\/wp-json\/wp\/v2\/product_brand?post=14190"},{"taxonomy":"product_cat","embeddable":true,"href":"https:\/\/sagrinex.com\/de\/wp-json\/wp\/v2\/product_cat?post=14190"},{"taxonomy":"product_tag","embeddable":true,"href":"https:\/\/sagrinex.com\/de\/wp-json\/wp\/v2\/product_tag?post=14190"}],"curies":[{"name":"wp","href":"https:\/\/api.w.org\/{rel}","templated":true}]}}