{"id":14191,"date":"2026-03-16T23:16:03","date_gmt":"2026-03-16T23:16:03","guid":{"rendered":"https:\/\/sagrinex.com\/produit\/bootswagen-rollenbahn-mit-zentralbremse-sw845-zulaessiges-gesamtgewicht-1300-kg-1-gebremste-achse\/"},"modified":"2026-04-15T21:12:12","modified_gmt":"2026-04-15T21:12:12","slug":"bootswagen-rollenbahn-mit-zentralbremse-sw845-zulaessiges-gesamtgewicht-1300-kg-1-gebremste-achse","status":"publish","type":"product","link":"https:\/\/sagrinex.com\/de\/produit\/bootswagen-rollenbahn-mit-zentralbremse-sw845-zulaessiges-gesamtgewicht-1300-kg-1-gebremste-achse\/","title":{"rendered":"Bootswagen \u2013 Rollenbahn mit Zentralbremse \u2013 SW845 \u2013 Zul\u00e4ssiges Gesamtgewicht: 1300 Kg \u2013 1 Gebremste Achse"},"content":{"rendered":"<p>Der Abrei\u00dfanh\u00e4nger <strong>Sun Way SW845<\/strong> ist speziell f\u00fcr den Transport und das Zuwasserlassen von Starrrumpf-, Langkiel-Steuerm\u00e4nnern oder halbstarren Booten konzipiert. Dank seiner <strong>neigbaren Deichsel<\/strong> und seiner zentralen Rollenbahn erleichtert es das Man\u00f6vrieren auch auf leicht geneigten Slipanlagen erheblich.<\/p>\n<ul>\n<li><strong>Gesamtes Gesamtgewicht:<\/strong> 1000 \/ 1100 \/ 1200 kg<\/li>\n<li><strong>Leermasse:<\/strong> 300 kg<\/li>\n<li><strong>Nutzlast:<\/strong> bis 900 kg<\/li>\n<li><strong>Nutzma\u00dfe:<\/strong> zwischen 4,35 und 4,80 m<\/li>\n<li><strong>Gesamtabmessungen:<\/strong> 570 x 204 x H73 cm<\/li>\n<li><strong>Maximale L\u00e4nge des Bootes:<\/strong> 4,70 m (vom Rumpf bis zum Zurrring)<\/li>\n<li><strong>Pfeil:<\/strong> gerade feuerverzinkt<\/li>\n<li><strong>Pinne:<\/strong> neigbar<\/li>\n<li><strong>Fahrgestell:<\/strong> feuerverzinkt<\/li>\n<li><strong>R\u00e4der:<\/strong> 165R14C<\/li>\n<\/ul>\n<p>Die <strong>neigbare Deichsel<\/strong> des SW845-Anh\u00e4ngers erm\u00f6glicht ein einfaches Zu- und Aussteigen aus dem Wasser und reduziert so den Kraftaufwand bei diesen Arbeiten. Diese Eigenschaft ist besonders f\u00fcr Boote mit starrem Rumpf oder langem Kiel von Vorteil.<\/p>\n<p>Ausgestattet mit einer <strong>zentralen Rollenschiene<\/strong> gew\u00e4hrleistet dieser Anh\u00e4nger eine optimale Unterst\u00fctzung des Bootes w\u00e4hrend des Transports, minimiert das Risiko einer Besch\u00e4digung des Rumpfes und garantiert eine erh\u00f6hte Stabilit\u00e4t auf der Stra\u00dfe.<\/p>\n<p>Die <strong>abnehmbare Kunststoff-R\u00fccklichtplatte<\/strong> ist so konzipiert, dass sie vor dem Start leicht entfernt werden kann, um das Beleuchtungssystem vor Feuchtigkeit zu sch\u00fctzen und seine Lebensdauer zu verl\u00e4ngern.<\/p>\n<p>Die am Chassis angeschwei\u00dften Zurrhaken bieten robuste Befestigungspunkte zur Sicherung des Bootes w\u00e4hrend des Transports und sorgen so f\u00fcr eine zuverl\u00e4ssige und stabile Befestigung.<\/p>\n<ul>\n<li><strong>Sp\u00fclset:<\/strong> erm\u00f6glicht die Reinigung der Achse nach jedem Gebrauch in Salzwasser und beugt so Korrosion vor.<\/li>\n<li><strong>Reserverad mit Halterung:<\/strong> unerl\u00e4sslich, um auf Ihren Reisen mit unvorhergesehenen Umst\u00e4nden umzugehen.<\/li>\n<li><strong>Elektrische Winde mit wasserdichtem Batteriespeicher:<\/strong> erleichtert das m\u00fchelose Zu- und Aussteigen aus dem Wasser.<\/li>\n<\/ul>\n<ul>\n<li>Standardm\u00e4\u00dfig mit <strong>Goliath-Winden<\/strong> und <strong>St\u00fctzr\u00e4dern<\/strong> f\u00fcr eine einfache Bedienung ausgestattet.<\/li>\n<li>Hochwertige Fertigung gew\u00e4hrleistet <strong>Haltbarkeit<\/strong> und <strong>Zuverl\u00e4ssigkeit<\/strong>.<\/li>\n<li><strong>Feuerverzinktes Chassis<\/strong> bietet verbesserten Korrosionsschutz.<\/li>\n<li><strong>Abnehmbare Lichtplatte<\/strong>, um Verschlei\u00df durch l\u00e4ngere Einwirkung von Feuchtigkeit zu verhindern.<\/li>\n<\/ul>\n<p><strong>Sagrinex<\/strong> verf\u00fcgt \u00fcber den gr\u00f6\u00dften Bestand an zerbrechlichen Anh\u00e4ngern mit kippbarer Deichsel.<\/p>\n<p>Vergleichen Sie und lassen Sie sich von unseren Experten beraten, die Ihnen das ideale Modell f\u00fcr Ihr Boot anbieten k\u00f6nnen.<\/p>\n<p>F\u00fcr zerbrechliche Bootsanh\u00e4nger (mit kippbarer Deichsel) ist die Erstellung einer Graukarte erforderlich (zul\u00e4ssiges Gesamtgewicht > 500 kg)<\/p>\n","protected":false},"excerpt":{"rendered":"<p>Der Sun Way SW845 Bootsanh\u00e4nger mit neigbarer Deichsel erm\u00f6glicht den einfachen Transport und das Zuwasserlassen von Booten bis zu 4,7 m und 900 kg. Sein verzinkter Rahmen, die zentralen Rollen und die abnehmbare Lichtplatte garantieren Zuverl\u00e4ssigkeit und Praktikabilit\u00e4t.<\/p>\n<div class=\"mod_fa_customizablefields_v14_list\">\n<div class=\"mod_fa_champspersonnalisables_v14_title\"><strong>Gesamtgewicht: <\/strong><span class=\"mod_fa_champspersonnalisables_v14_value\">1000\/1100\/1200\/13000 kg<\/span><\/div>\n<\/div>\n<div class=\"mod_fa_customizablefields_v14_list\">\n<div class=\"mod_fa_champspersonnalisables_v14_titre\"><strong>Leermasse: <\/strong><span class=\"mod_fa_champspersonnalisables_v14_value\">300 kg<\/span><\/div>\n<\/div>\n<div class=\"mod_fa_customizablefields_v14_list\">\n<div class=\"mod_fa_champspersonnalisables_v14_titre\"><strong>Nutzlast: <\/strong><span class=\"mod_fa_champspersonnalisables_v14_value\">maximal 900 kg<\/span><\/div>\n<\/div>\n<div class=\"mod_fa_customizablefields_v14_list\">\n<div class=\"mod_fa_champspersonnalisables_v14_titre\"><strong>N\u00fctzliche Abmessungen: <\/strong><span class=\"mod_fa_champspersonnalisables_v14_value\">Zwischen 4,35 und 4,80 m<\/span><\/div>\n<\/div>\n<div class=\"mod_fa_customizablefields_v14_list\">\n<div class=\"mod_fa_champspersonnalisables_v14_titre\"><strong>Gesamtabmessungen: <\/strong><span class=\"mod_fa_champspersonnalisables_v14_value\">570 x 204 x H73 cm<\/span><\/div>\n<\/div>\n<div class=\"mod_fa_customizablefields_v14_list\">\n<div class=\"mod_fa_champspersonnalisables_v14_titre\"><strong>Maximale L\u00e4nge des Bootes: <\/strong><span class=\"mod_fa_champspersonnalisables_v14_valeur\">4,70 m Rumpf (Sch\u00fcrze mit Zurrring)<\/span><\/div>\n<\/div>\n<div class=\"mod_fa_customizablefields_v14_list\">\n<div class=\"mod_fa_champspersonnalisables_v14_title\"><strong>Pfeil: <\/strong><span class=\"mod_fa_champspersonnalisables_v14_value\">gerade feuerverzinkt<\/span><\/div>\n<\/div>\n<div class=\"mod_fa_customizablefields_v14_list\">\n<div class=\"mod_fa_champspersonnalisables_v14_title\"><strong>Schublade: <\/strong><span class=\"mod_fa_champspersonnalisables_v14_value\">Kippbar<\/span><\/div>\n<\/div>\n<div class=\"mod_fa_customizablefields_v14_list\">\n<div class=\"mod_fa_champspersonnalisables_v14_titre\"><strong>Rahmentyp: <\/strong><span class=\"mod_fa_champspersonnalisables_v14_value\">Feuerverzinkt<\/span><\/div>\n<\/div>\n<div class=\"mod_fa_customizablefields_v14_list\">\n<div class=\"mod_fa_champspersonnalisables_v14_titre\"><strong>R\u00e4der: <\/strong><span class=\"mod_fa_champspersonnalisables_v14_valeur\">165R14C<\/span><\/div>\n<\/div>\n<div class=\"mod_fa_customizablefields_v14_list\">\n<div class=\"mod_fa_champspersonnalisables_v14_titre\"><strong>Ausstattung: <\/strong><span class=\"mod_fa_champspersonnalisables_v14_valeur\">Seilwindenhalterung + Riemenwinde serienm\u00e4\u00dfig \/ Abnehmbare R\u00fccklichtplatte aus Kunststoff serienm\u00e4\u00dfig \/ Zurrhaken am Fahrgestell angeschwei\u00dft<\/span><\/div>\n<\/div>\n","protected":false},"featured_media":16505,"comment_status":"open","ping_status":"closed","template":"","meta":[],"product_brand":[],"product_cat":[357,352],"product_tag":[],"class_list":{"0":"post-14191","1":"product","2":"type-product","3":"status-publish","4":"has-post-thumbnail","6":"product_cat-nautische-anhaenger","7":"product_cat-unsere-trailer","9":"first","10":"instock","11":"shipping-taxable","12":"purchasable","13":"product-type-simple"},"yoast_head":"<!-- This site is optimized with the Yoast SEO plugin v27.4 - https:\/\/yoast.com\/product\/yoast-seo-wordpress\/ -->\n<title>BOOTSWAGEN \u2013 ROLLENBAHN MIT ZENTRALBREMSE \u2013 SW845 \u2013 zul\u00e4ssiges Gesamtgewicht: 1300 kg \u2013 1 gebremste Achse<\/title>\n<meta name=\"description\" content=\"Der Sun Way SW845 Bootsanh\u00e4nger mit neigbarer Deichsel erm\u00f6glicht den einfachen Transport und das Zuwasserlassen von Booten bis zu 4,7 m und 900 kg. Sein verzinkter Rahmen, die zentralen Rollen und die abnehmbare Lichtplatte garantieren Zuverl\u00e4ssigkeit und Praktikabilit\u00e4t.\" \/>\n<meta name=\"robots\" content=\"index, follow, max-snippet:-1, max-image-preview:large, max-video-preview:-1\" \/>\n<link rel=\"canonical\" href=\"https:\/\/sagrinex.com\/produit\/porte-bateau-chemin-de-rouleau-cerntral-cassante-sw845-ptac-1300kg-1-essieu-freine\/\" \/>\n<meta property=\"og:locale\" content=\"de_DE\" \/>\n<meta property=\"og:type\" content=\"article\" \/>\n<meta property=\"og:title\" content=\"BOOTSWAGEN \u2013 ROLLENBAHN MIT ZENTRALBREMSE \u2013 SW845 \u2013 zul\u00e4ssiges Gesamtgewicht: 1300 kg \u2013 1 gebremste Achse\" \/>\n<meta property=\"og:description\" content=\"Der Sun Way SW845 Bootsanh\u00e4nger mit neigbarer Deichsel erm\u00f6glicht den einfachen Transport und das Zuwasserlassen von Booten bis zu 4,7 m und 900 kg. Sein verzinkter Rahmen, die zentralen Rollen und die abnehmbare Lichtplatte garantieren Zuverl\u00e4ssigkeit und Praktikabilit\u00e4t.\" \/>\n<meta property=\"og:url\" content=\"https:\/\/sagrinex.com\/produit\/porte-bateau-chemin-de-rouleau-cerntral-cassante-sw845-ptac-1300kg-1-essieu-freine\/\" \/>\n<meta property=\"og:site_name\" content=\"Sagrinex \u2013 Anhaenger, Container &amp; Landtechnik \ud83c\udf3e\ud83d\ude9c\" \/>\n<meta property=\"article:modified_time\" content=\"2026-04-15T21:12:12+00:00\" \/>\n<meta property=\"og:image\" content=\"https:\/\/sagrinex.com\/wp-content\/uploads\/2026\/03\/Image-494-1.jpeg\" \/>\n\t<meta property=\"og:image:width\" content=\"1000\" \/>\n\t<meta property=\"og:image:height\" content=\"653\" \/>\n\t<meta property=\"og:image:type\" content=\"image\/jpeg\" \/>\n<meta name=\"twitter:card\" content=\"summary_large_image\" \/>\n<meta name=\"twitter:label1\" content=\"Gesch\u00e4tzte Lesezeit\" \/>\n\t<meta name=\"twitter:data1\" content=\"2\u00a0Minuten\" \/>\n<script type=\"application\/ld+json\" class=\"yoast-schema-graph\">{\"@context\":\"https:\\\/\\\/schema.org\",\"@graph\":[{\"@type\":\"WebPage\",\"@id\":\"https:\\\/\\\/sagrinex.com\\\/produit\\\/porte-bateau-chemin-de-rouleau-cerntral-cassante-sw845-ptac-1300kg-1-essieu-freine\\\/\",\"url\":\"https:\\\/\\\/sagrinex.com\\\/produit\\\/porte-bateau-chemin-de-rouleau-cerntral-cassante-sw845-ptac-1300kg-1-essieu-freine\\\/\",\"name\":\"BOOTSWAGEN \u2013 ROLLENBAHN MIT ZENTRALBREMSE \u2013 SW845 \u2013 zul\u00e4ssiges Gesamtgewicht: 1300 kg \u2013 1 gebremste Achse\",\"isPartOf\":{\"@id\":\"https:\\\/\\\/sagrinex.com\\\/#website\"},\"primaryImageOfPage\":{\"@id\":\"https:\\\/\\\/sagrinex.com\\\/produit\\\/porte-bateau-chemin-de-rouleau-cerntral-cassante-sw845-ptac-1300kg-1-essieu-freine\\\/#primaryimage\"},\"image\":{\"@id\":\"https:\\\/\\\/sagrinex.com\\\/produit\\\/porte-bateau-chemin-de-rouleau-cerntral-cassante-sw845-ptac-1300kg-1-essieu-freine\\\/#primaryimage\"},\"thumbnailUrl\":\"https:\\\/\\\/sagrinex.com\\\/wp-content\\\/uploads\\\/2026\\\/03\\\/Image-494-1.jpeg\",\"datePublished\":\"2026-03-16T23:16:03+00:00\",\"dateModified\":\"2026-04-15T21:12:12+00:00\",\"description\":\"Der Sun Way SW845 Bootsanh\u00e4nger mit neigbarer Deichsel erm\u00f6glicht den einfachen Transport und das Zuwasserlassen von Booten bis zu 4,7 m und 900 kg. Sein verzinkter Rahmen, die zentralen Rollen und die abnehmbare Lichtplatte garantieren Zuverl\u00e4ssigkeit und Praktikabilit\u00e4t.\",\"breadcrumb\":{\"@id\":\"https:\\\/\\\/sagrinex.com\\\/produit\\\/porte-bateau-chemin-de-rouleau-cerntral-cassante-sw845-ptac-1300kg-1-essieu-freine\\\/#breadcrumb\"},\"inLanguage\":\"de\",\"potentialAction\":[{\"@type\":\"ReadAction\",\"target\":[\"https:\\\/\\\/sagrinex.com\\\/produit\\\/porte-bateau-chemin-de-rouleau-cerntral-cassante-sw845-ptac-1300kg-1-essieu-freine\\\/\"]}]},{\"@type\":\"ImageObject\",\"inLanguage\":\"de\",\"@id\":\"https:\\\/\\\/sagrinex.com\\\/produit\\\/porte-bateau-chemin-de-rouleau-cerntral-cassante-sw845-ptac-1300kg-1-essieu-freine\\\/#primaryimage\",\"url\":\"https:\\\/\\\/sagrinex.com\\\/wp-content\\\/uploads\\\/2026\\\/03\\\/Image-494-1.jpeg\",\"contentUrl\":\"https:\\\/\\\/sagrinex.com\\\/wp-content\\\/uploads\\\/2026\\\/03\\\/Image-494-1.jpeg\",\"width\":1000,\"height\":653},{\"@type\":\"BreadcrumbList\",\"@id\":\"https:\\\/\\\/sagrinex.com\\\/produit\\\/porte-bateau-chemin-de-rouleau-cerntral-cassante-sw845-ptac-1300kg-1-essieu-freine\\\/#breadcrumb\",\"itemListElement\":[{\"@type\":\"ListItem\",\"position\":1,\"name\":\"Accueil\",\"item\":\"https:\\\/\\\/sagrinex.com\\\/?lang=de\"},{\"@type\":\"ListItem\",\"position\":2,\"name\":\"Shop\",\"item\":\"https:\\\/\\\/sagrinex.com\\\/shop\\\/\"},{\"@type\":\"ListItem\",\"position\":3,\"name\":\"Bootswagen \u2013 Rollenbahn mit Zentralbremse \u2013 SW845 \u2013 Zul\u00e4ssiges Gesamtgewicht: 1300 Kg \u2013 1 Gebremste Achse\"}]},{\"@type\":\"WebSite\",\"@id\":\"https:\\\/\\\/sagrinex.com\\\/#website\",\"url\":\"https:\\\/\\\/sagrinex.com\\\/\",\"name\":\"Sagrinex \u2013 Spezialist f\u00fcr Anh\u00e4nger, Container & Landtechnik\",\"description\":\"Anhaenger, Container &amp; Landtechnik \u2014 Online-Verkauf &amp; kostenloses Angebot\",\"publisher\":{\"@id\":\"https:\\\/\\\/sagrinex.com\\\/#organization\"},\"potentialAction\":[{\"@type\":\"SearchAction\",\"target\":{\"@type\":\"EntryPoint\",\"urlTemplate\":\"https:\\\/\\\/sagrinex.com\\\/?s={search_term_string}\"},\"query-input\":{\"@type\":\"PropertyValueSpecification\",\"valueRequired\":true,\"valueName\":\"search_term_string\"}}],\"inLanguage\":\"de\"},{\"@type\":\"Organization\",\"@id\":\"https:\\\/\\\/sagrinex.com\\\/#organization\",\"name\":\"Sagrinex \u2013 Remorques, Conteneurs & Mat\u00e9riel Agricole\",\"url\":\"https:\\\/\\\/sagrinex.com\\\/\",\"logo\":{\"@type\":\"ImageObject\",\"inLanguage\":\"de\",\"@id\":\"https:\\\/\\\/sagrinex.com\\\/#\\\/schema\\\/logo\\\/image\\\/\",\"url\":\"https:\\\/\\\/sagrinex.com\\\/wp-content\\\/uploads\\\/2026\\\/03\\\/7f1ac463-ef5a-425d-bdd6-a5da03a334a9-1024x683.png\",\"contentUrl\":\"https:\\\/\\\/sagrinex.com\\\/wp-content\\\/uploads\\\/2026\\\/03\\\/7f1ac463-ef5a-425d-bdd6-a5da03a334a9-1024x683.png\",\"width\":1024,\"height\":683,\"caption\":\"Sagrinex \u2013 Remorques, Conteneurs & Mat\u00e9riel Agricole\"},\"image\":{\"@id\":\"https:\\\/\\\/sagrinex.com\\\/#\\\/schema\\\/logo\\\/image\\\/\"}}]}<\/script>\n<!-- \/ Yoast SEO plugin. -->","yoast_head_json":{"title":"BOOTSWAGEN \u2013 ROLLENBAHN MIT ZENTRALBREMSE \u2013 SW845 \u2013 zul\u00e4ssiges Gesamtgewicht: 1300 kg \u2013 1 gebremste Achse","description":"Der Sun Way SW845 Bootsanh\u00e4nger mit neigbarer Deichsel erm\u00f6glicht den einfachen Transport und das Zuwasserlassen von Booten bis zu 4,7 m und 900 kg. Sein verzinkter Rahmen, die zentralen Rollen und die abnehmbare Lichtplatte garantieren Zuverl\u00e4ssigkeit und Praktikabilit\u00e4t.","robots":{"index":"index","follow":"follow","max-snippet":"max-snippet:-1","max-image-preview":"max-image-preview:large","max-video-preview":"max-video-preview:-1"},"canonical":"https:\/\/sagrinex.com\/produit\/porte-bateau-chemin-de-rouleau-cerntral-cassante-sw845-ptac-1300kg-1-essieu-freine\/","og_locale":"de_DE","og_type":"article","og_title":"BOOTSWAGEN \u2013 ROLLENBAHN MIT ZENTRALBREMSE \u2013 SW845 \u2013 zul\u00e4ssiges Gesamtgewicht: 1300 kg \u2013 1 gebremste Achse","og_description":"Der Sun Way SW845 Bootsanh\u00e4nger mit neigbarer Deichsel erm\u00f6glicht den einfachen Transport und das Zuwasserlassen von Booten bis zu 4,7 m und 900 kg. Sein verzinkter Rahmen, die zentralen Rollen und die abnehmbare Lichtplatte garantieren Zuverl\u00e4ssigkeit und Praktikabilit\u00e4t.","og_url":"https:\/\/sagrinex.com\/produit\/porte-bateau-chemin-de-rouleau-cerntral-cassante-sw845-ptac-1300kg-1-essieu-freine\/","og_site_name":"Sagrinex \u2013 Anhaenger, Container &amp; Landtechnik \ud83c\udf3e\ud83d\ude9c","article_modified_time":"2026-04-15T21:12:12+00:00","og_image":[{"width":1000,"height":653,"url":"https:\/\/sagrinex.com\/wp-content\/uploads\/2026\/03\/Image-494-1.jpeg","type":"image\/jpeg"}],"twitter_card":"summary_large_image","twitter_misc":{"Gesch\u00e4tzte Lesezeit":"2\u00a0Minuten"},"schema":{"@context":"https:\/\/schema.org","@graph":[{"@type":"WebPage","@id":"https:\/\/sagrinex.com\/produit\/porte-bateau-chemin-de-rouleau-cerntral-cassante-sw845-ptac-1300kg-1-essieu-freine\/","url":"https:\/\/sagrinex.com\/produit\/porte-bateau-chemin-de-rouleau-cerntral-cassante-sw845-ptac-1300kg-1-essieu-freine\/","name":"BOOTSWAGEN \u2013 ROLLENBAHN MIT ZENTRALBREMSE \u2013 SW845 \u2013 zul\u00e4ssiges Gesamtgewicht: 1300 kg \u2013 1 gebremste Achse","isPartOf":{"@id":"https:\/\/sagrinex.com\/#website"},"primaryImageOfPage":{"@id":"https:\/\/sagrinex.com\/produit\/porte-bateau-chemin-de-rouleau-cerntral-cassante-sw845-ptac-1300kg-1-essieu-freine\/#primaryimage"},"image":{"@id":"https:\/\/sagrinex.com\/produit\/porte-bateau-chemin-de-rouleau-cerntral-cassante-sw845-ptac-1300kg-1-essieu-freine\/#primaryimage"},"thumbnailUrl":"https:\/\/sagrinex.com\/wp-content\/uploads\/2026\/03\/Image-494-1.jpeg","datePublished":"2026-03-16T23:16:03+00:00","dateModified":"2026-04-15T21:12:12+00:00","description":"Der Sun Way SW845 Bootsanh\u00e4nger mit neigbarer Deichsel erm\u00f6glicht den einfachen Transport und das Zuwasserlassen von Booten bis zu 4,7 m und 900 kg. Sein verzinkter Rahmen, die zentralen Rollen und die abnehmbare Lichtplatte garantieren Zuverl\u00e4ssigkeit und Praktikabilit\u00e4t.","breadcrumb":{"@id":"https:\/\/sagrinex.com\/produit\/porte-bateau-chemin-de-rouleau-cerntral-cassante-sw845-ptac-1300kg-1-essieu-freine\/#breadcrumb"},"inLanguage":"de","potentialAction":[{"@type":"ReadAction","target":["https:\/\/sagrinex.com\/produit\/porte-bateau-chemin-de-rouleau-cerntral-cassante-sw845-ptac-1300kg-1-essieu-freine\/"]}]},{"@type":"ImageObject","inLanguage":"de","@id":"https:\/\/sagrinex.com\/produit\/porte-bateau-chemin-de-rouleau-cerntral-cassante-sw845-ptac-1300kg-1-essieu-freine\/#primaryimage","url":"https:\/\/sagrinex.com\/wp-content\/uploads\/2026\/03\/Image-494-1.jpeg","contentUrl":"https:\/\/sagrinex.com\/wp-content\/uploads\/2026\/03\/Image-494-1.jpeg","width":1000,"height":653},{"@type":"BreadcrumbList","@id":"https:\/\/sagrinex.com\/produit\/porte-bateau-chemin-de-rouleau-cerntral-cassante-sw845-ptac-1300kg-1-essieu-freine\/#breadcrumb","itemListElement":[{"@type":"ListItem","position":1,"name":"Accueil","item":"https:\/\/sagrinex.com\/?lang=de"},{"@type":"ListItem","position":2,"name":"Shop","item":"https:\/\/sagrinex.com\/shop\/"},{"@type":"ListItem","position":3,"name":"Bootswagen \u2013 Rollenbahn mit Zentralbremse \u2013 SW845 \u2013 Zul\u00e4ssiges Gesamtgewicht: 1300 Kg \u2013 1 Gebremste Achse"}]},{"@type":"WebSite","@id":"https:\/\/sagrinex.com\/#website","url":"https:\/\/sagrinex.com\/","name":"Sagrinex \u2013 Spezialist f\u00fcr Anh\u00e4nger, Container & Landtechnik","description":"Anhaenger, Container &amp; Landtechnik \u2014 Online-Verkauf &amp; kostenloses Angebot","publisher":{"@id":"https:\/\/sagrinex.com\/#organization"},"potentialAction":[{"@type":"SearchAction","target":{"@type":"EntryPoint","urlTemplate":"https:\/\/sagrinex.com\/?s={search_term_string}"},"query-input":{"@type":"PropertyValueSpecification","valueRequired":true,"valueName":"search_term_string"}}],"inLanguage":"de"},{"@type":"Organization","@id":"https:\/\/sagrinex.com\/#organization","name":"Sagrinex \u2013 Remorques, Conteneurs & Mat\u00e9riel Agricole","url":"https:\/\/sagrinex.com\/","logo":{"@type":"ImageObject","inLanguage":"de","@id":"https:\/\/sagrinex.com\/#\/schema\/logo\/image\/","url":"https:\/\/sagrinex.com\/wp-content\/uploads\/2026\/03\/7f1ac463-ef5a-425d-bdd6-a5da03a334a9-1024x683.png","contentUrl":"https:\/\/sagrinex.com\/wp-content\/uploads\/2026\/03\/7f1ac463-ef5a-425d-bdd6-a5da03a334a9-1024x683.png","width":1024,"height":683,"caption":"Sagrinex \u2013 Remorques, Conteneurs & Mat\u00e9riel Agricole"},"image":{"@id":"https:\/\/sagrinex.com\/#\/schema\/logo\/image\/"}}]}},"jetpack_sharing_enabled":true,"_links":{"self":[{"href":"https:\/\/sagrinex.com\/de\/wp-json\/wp\/v2\/product\/14191","targetHints":{"allow":["GET"]}}],"collection":[{"href":"https:\/\/sagrinex.com\/de\/wp-json\/wp\/v2\/product"}],"about":[{"href":"https:\/\/sagrinex.com\/de\/wp-json\/wp\/v2\/types\/product"}],"replies":[{"embeddable":true,"href":"https:\/\/sagrinex.com\/de\/wp-json\/wp\/v2\/comments?post=14191"}],"version-history":[{"count":0,"href":"https:\/\/sagrinex.com\/de\/wp-json\/wp\/v2\/product\/14191\/revisions"}],"wp:featuredmedia":[{"embeddable":true,"href":"https:\/\/sagrinex.com\/de\/wp-json\/wp\/v2\/media\/16505"}],"wp:attachment":[{"href":"https:\/\/sagrinex.com\/de\/wp-json\/wp\/v2\/media?parent=14191"}],"wp:term":[{"taxonomy":"product_brand","embeddable":true,"href":"https:\/\/sagrinex.com\/de\/wp-json\/wp\/v2\/product_brand?post=14191"},{"taxonomy":"product_cat","embeddable":true,"href":"https:\/\/sagrinex.com\/de\/wp-json\/wp\/v2\/product_cat?post=14191"},{"taxonomy":"product_tag","embeddable":true,"href":"https:\/\/sagrinex.com\/de\/wp-json\/wp\/v2\/product_tag?post=14191"}],"curies":[{"name":"wp","href":"https:\/\/api.w.org\/{rel}","templated":true}]}}