{"id":14193,"date":"2026-03-16T23:34:48","date_gmt":"2026-03-16T23:34:48","guid":{"rendered":"https:\/\/sagrinex.com\/produit\/bootswagen-kaputter-anhaenger-sw385-zulaessiges-gesamtgewicht-500-kg-1-achse\/"},"modified":"2026-04-15T21:12:12","modified_gmt":"2026-04-15T21:12:12","slug":"bootswagen-kaputter-anhaenger-sw385-zulaessiges-gesamtgewicht-500-kg-1-achse","status":"publish","type":"product","link":"https:\/\/sagrinex.com\/de\/produit\/bootswagen-kaputter-anhaenger-sw385-zulaessiges-gesamtgewicht-500-kg-1-achse\/","title":{"rendered":"Bootswagen \u2013 Kaputter Anh\u00c4nger \u2013 SW385 \u2013 Zul\u00e4ssiges Gesamtgewicht: 500 Kg \u2013 1 Achse"},"content":{"rendered":"<p>Der <strong>Sun Way Bootsanh\u00e4nger<\/strong> ist speziell f\u00fcr den Transport und das Zuwasserlassen von kleinen Festrumpfbooten, Langkiel-Steuerm\u00e4nnern oder Halbstarrbooten mit einer maximalen Rumpfl\u00e4nge von 4,6 Metern und einem Maximalgewicht von 350 kg konzipiert. Dank seiner <strong>neigbaren Deichsel<\/strong> und seiner <strong>zentralen Rollenschiene<\/strong> erleichtert er das Man\u00f6vrieren auch auf Slipanlagen erheblich. Leicht steile Startpl\u00e4tze.<\/p>\n<ul>\n<li><strong>Zul\u00e4ssiges Gesamtgewicht:<\/strong> 500 kg<\/li>\n<li><strong>Leermasse:<\/strong> 150 kg<\/li>\n<li><strong>Nutzlast:<\/strong> bis 350 kg<\/li>\n<li><strong>N\u00fctzliche Abmessungen:<\/strong> geeignet f\u00fcr R\u00fcmpfe von 3,90 bis 4,60 m<\/li>\n<li><strong>Gesamtabmessungen:<\/strong> 460 x 160 x H73 cm<\/li>\n<li><strong>Maximale Bootsl\u00e4nge:<\/strong> 4,6 m<\/li>\n<li><strong>Pfeil:<\/strong> gerade feuerverzinkt<\/li>\n<li><strong>Pinne:<\/strong> neigbar<\/li>\n<li><strong>Fahrgestell:<\/strong> feuerverzinkt<\/li>\n<li><strong>R\u00e4der:<\/strong> 500 x 10<\/li>\n<li><strong>Ausstattung:<\/strong> Windenhalterung mit Bandwinde serienm\u00e4\u00dfig, Kunststoff-R\u00fccklichtplatte, verzinkte und lackierte Kotfl\u00fcgel, am Fahrgestell angeschwei\u00dfte Zurrhaken<\/li>\n<\/ul>\n<p>Die <strong>neigbare Deichsel<\/strong> dieses Anh\u00e4ngers erm\u00f6glicht ein m\u00fcheloses Zuwasserlassen und Bergen des Bootes, selbst auf Slipanlagen mit leichter Neigung. Diese Funktion wird besonders von Bootsfahrern gesch\u00e4tzt, die Wert auf Einfachheit und Effizienz legen.<\/p>\n<p>Die <strong>zentrale Rollenbahn<\/strong> sorgt f\u00fcr eine gleichm\u00e4\u00dfige Gewichtsverteilung des Bootes beim Transport, reduziert Druckstellen und sorgt f\u00fcr optimale Stabilit\u00e4t auf der Stra\u00dfe.<\/p>\n<p>Ausgestattet mit einer <strong>selbstbremsenden Winde<\/strong> mit Riemen erleichtert der Anh\u00e4nger das sichere Schleppen des Bootes. Durch die verstellbare Windenhalterung und den festen Buganschlag l\u00e4sst sich die Position des Bootes pr\u00e4zise einstellen.<\/p>\n<p>Die <strong>abnehmbaren LED-R\u00fccklichter<\/strong> sorgen f\u00fcr bessere Sicht und \u00fcberragende Haltbarkeit. Ihr wasserdichtes, abnehmbares Design vereinfacht die Wartung und verhindert Sch\u00e4den durch Eintauchen.<\/p>\n<ul>\n<li>Ersatzrad 500 x 10<\/li>\n<li>Reserveradhalterung<\/li>\n<li>Diebstahlschutz<\/li>\n<li>Automatikgurt 3 m \u2013 550 kg<\/li>\n<li>Gurt 9 m \u2013 4 T<\/li>\n<\/ul>\n<ul>\n<li>Standardm\u00e4\u00dfig mit Goliath-Winden und St\u00fctzr\u00e4dern ausgestattet<\/li>\n<li>Hochwertige Fertigung mit feuerverzinktem Stahlrahmen f\u00fcr eine lange Lebensdauer<\/li>\n<li>Einfache Bedienung und l\u00e4ngere Haltbarkeit<\/li>\n<li>Gro\u00dfe Vielseitigkeit und gro\u00dfe Produktpalette<\/li>\n<li>Lichtplatte aus Kunststoff zur Vermeidung von Rost und Verschlei\u00df<\/li>\n<li>Zugelassen f\u00fcr den legalen Stra\u00dfentransport<\/li>\n<\/ul>\n<p><strong>Sagrinex<\/strong> verf\u00fcgt \u00fcber den gr\u00f6\u00dften Bestand an Kippdeichselanh\u00e4ngern.<\/p>\n<p>Vergleichen Sie und lassen Sie sich von unseren Experten beraten, die Ihnen das ideale Modell f\u00fcr Ihr Boot anbieten k\u00f6nnen.<\/p>\n<p>F\u00fcr die Fahrt auf der Stra\u00dfe ist bei kippbaren Deichselanh\u00e4ngern die Erstellung eines Fahrzeugscheins (zul\u00e4ssiges Gesamtgewicht > 500 kg) erforderlich.<\/p>\n<p>Stellen Sie sicher, dass Sie die geltenden Vorschriften f\u00fcr den Transport Ihres Bootes einhalten.<\/p>\n","protected":false},"excerpt":{"rendered":"<p>Der Sun Way-Bootsanh\u00e4nger erm\u00f6glicht dank seiner kippbaren Deichsel und der zentralen Rollenschiene einen sicheren Transport und ein einfaches Zuwasserlassen. Das verzinkte Fahrgestell, die selbstbremsende Winde und die abnehmbaren Lichter garantieren Zuverl\u00e4ssigkeit und Langlebigkeit.<\/p>\n<div class=\"mod_fa_customizablefields_v14_list\">\n<div class=\"mod_fa_champspersonnalisables_v14_title\"><strong>Zul\u00e4ssiges Gesamtgewicht: <\/strong><span class=\"mod_fa_champspersonnalisables_v14_value\">400\/500 kg<\/span><\/div>\n<\/div>\n<div class=\"mod_fa_customizablefields_v14_list\">\n<div class=\"mod_fa_champspersonnalisables_v14_titre\"><strong>Leermasse: <\/strong><span class=\"mod_fa_champspersonnalisables_v14_value\">150 kg<\/span><\/div>\n<\/div>\n<div class=\"mod_fa_customizablefields_v14_list\">\n<div class=\"mod_fa_champspersonnalisables_v14_titre\"><strong>Nutzlast: <\/strong><span class=\"mod_fa_champspersonnalisables_v14_value\">maximal 350 kg<\/span><\/div>\n<\/div>\n<div class=\"mod_fa_customizablefields_v14_list\">\n<div class=\"mod_fa_champspersonnalisables_v14_titre\"><strong>N\u00fctzliche Abmessungen: <\/strong><span class=\"mod_fa_champspersonnalisables_v14_value\">Zwischen 3,90 und 4,60 m<\/span><\/div>\n<\/div>\n<div class=\"mod_fa_customizablefields_v14_list\">\n<div class=\"mod_fa_champspersonnalisables_v14_titre\"><strong>Gesamtabmessungen: <\/strong><span class=\"mod_fa_champspersonnalisables_v14_valeur\">460 x 160 x H73 cm<\/span><\/div>\n<\/div>\n<div class=\"mod_fa_customizablefields_v14_list\">\n<div class=\"mod_fa_champspersonnalisables_v14_titre\"><strong>Maximale L\u00e4nge des Bootes: <\/strong><span class=\"mod_fa_champspersonnalisables_v14_valeur\">4,6 m Rumpf<\/span><\/div>\n<\/div>\n<div class=\"mod_fa_customizablefields_v14_list\">\n<div class=\"mod_fa_champspersonnalisables_v14_title\"><strong>Pfeil: <\/strong><span class=\"mod_fa_champspersonnalisables_v14_value\">Rechts feuerverzinkt<\/span><\/div>\n<\/div>\n<div class=\"mod_fa_customizablefields_v14_list\">\n<div class=\"mod_fa_champspersonnalisables_v14_title\"><strong>Schublade: <\/strong><span class=\"mod_fa_champspersonnalisables_v14_value\">Kippbar<\/span><\/div>\n<\/div>\n<div class=\"mod_fa_customizablefields_v14_list\">\n<div class=\"mod_fa_champspersonnalisables_v14_titre\"><strong>Rahmentyp: <\/strong><span class=\"mod_fa_champspersonnalisables_v14_value\">Feuerverzinkt<\/span><\/div>\n<\/div>\n<div class=\"mod_fa_customizablefields_v14_list\">\n<div class=\"mod_fa_champspersonnalisables_v14_title\"><strong>R\u00e4der: <\/strong><span class=\"mod_fa_champspersonnalisables_v14_value\">500 x 10<\/span><\/div>\n<\/div>\n<div class=\"mod_fa_customizablefields_v14_list\">\n<div class=\"mod_fa_champspersonnalisables_v14_titre\"><strong>Ausstattung: <\/strong><span class=\"mod_fa_champspersonnalisables_v14_valeur\">Windenhalterung + Standard-Bandwinde \/ R\u00fccklichtplatte aus Kunststoff und verzinkter und lackierter Kotfl\u00fcgel \/ Zurrhaken am Fahrgestell angeschwei\u00dft<\/span><\/div>\n<\/div>\n","protected":false},"featured_media":16532,"comment_status":"open","ping_status":"closed","template":"","meta":[],"product_brand":[],"product_cat":[357,352],"product_tag":[],"class_list":{"0":"post-14193","1":"product","2":"type-product","3":"status-publish","4":"has-post-thumbnail","6":"product_cat-nautische-anhaenger","7":"product_cat-unsere-trailer","9":"first","10":"instock","11":"shipping-taxable","12":"purchasable","13":"product-type-simple"},"yoast_head":"<!-- This site is optimized with the Yoast SEO plugin v27.4 - https:\/\/yoast.com\/product\/yoast-seo-wordpress\/ -->\n<title>BOOTSWAGEN \u2013 KAPUTTER ANH\u00c4NGER \u2013 SW385 \u2013 zul\u00e4ssiges Gesamtgewicht: 500 kg \u2013 1 Achse<\/title>\n<meta name=\"description\" content=\"Der Sun Way-Bootsanh\u00e4nger erm\u00f6glicht dank seiner kippbaren Deichsel und der zentralen Rollenschiene einen sicheren Transport und ein einfaches Zuwasserlassen. Das verzinkte Fahrgestell, die selbstbremsende Winde und die abnehmbaren Lichter garantieren Zuverl\u00e4ssigkeit und Langlebigkeit.\" \/>\n<meta name=\"robots\" content=\"index, follow, max-snippet:-1, max-image-preview:large, max-video-preview:-1\" \/>\n<link rel=\"canonical\" href=\"https:\/\/sagrinex.com\/produit\/porte-bateau-remorque-cassante-sw385-ptac-500-kg-1-essieu\/\" \/>\n<meta property=\"og:locale\" content=\"de_DE\" \/>\n<meta property=\"og:type\" content=\"article\" \/>\n<meta property=\"og:title\" content=\"BOOTSWAGEN \u2013 KAPUTTER ANH\u00c4NGER \u2013 SW385 \u2013 zul\u00e4ssiges Gesamtgewicht: 500 kg \u2013 1 Achse\" \/>\n<meta property=\"og:description\" content=\"Der Sun Way-Bootsanh\u00e4nger erm\u00f6glicht dank seiner kippbaren Deichsel und der zentralen Rollenschiene einen sicheren Transport und ein einfaches Zuwasserlassen. Das verzinkte Fahrgestell, die selbstbremsende Winde und die abnehmbaren Lichter garantieren Zuverl\u00e4ssigkeit und Langlebigkeit.\" \/>\n<meta property=\"og:url\" content=\"https:\/\/sagrinex.com\/produit\/porte-bateau-remorque-cassante-sw385-ptac-500-kg-1-essieu\/\" \/>\n<meta property=\"og:site_name\" content=\"Sagrinex \u2013 Anhaenger, Container &amp; Landtechnik \ud83c\udf3e\ud83d\ude9c\" \/>\n<meta property=\"article:modified_time\" content=\"2026-04-15T21:12:12+00:00\" \/>\n<meta property=\"og:image\" content=\"https:\/\/sagrinex.com\/wp-content\/uploads\/2026\/03\/Image-519-1.jpeg\" \/>\n\t<meta property=\"og:image:width\" content=\"1000\" \/>\n\t<meta property=\"og:image:height\" content=\"652\" \/>\n\t<meta property=\"og:image:type\" content=\"image\/jpeg\" \/>\n<meta name=\"twitter:card\" content=\"summary_large_image\" \/>\n<meta name=\"twitter:label1\" content=\"Gesch\u00e4tzte Lesezeit\" \/>\n\t<meta name=\"twitter:data1\" content=\"2\u00a0Minuten\" \/>\n<script type=\"application\/ld+json\" class=\"yoast-schema-graph\">{\"@context\":\"https:\\\/\\\/schema.org\",\"@graph\":[{\"@type\":\"WebPage\",\"@id\":\"https:\\\/\\\/sagrinex.com\\\/produit\\\/porte-bateau-remorque-cassante-sw385-ptac-500-kg-1-essieu\\\/\",\"url\":\"https:\\\/\\\/sagrinex.com\\\/produit\\\/porte-bateau-remorque-cassante-sw385-ptac-500-kg-1-essieu\\\/\",\"name\":\"BOOTSWAGEN \u2013 KAPUTTER ANH\u00c4NGER \u2013 SW385 \u2013 zul\u00e4ssiges Gesamtgewicht: 500 kg \u2013 1 Achse\",\"isPartOf\":{\"@id\":\"https:\\\/\\\/sagrinex.com\\\/#website\"},\"primaryImageOfPage\":{\"@id\":\"https:\\\/\\\/sagrinex.com\\\/produit\\\/porte-bateau-remorque-cassante-sw385-ptac-500-kg-1-essieu\\\/#primaryimage\"},\"image\":{\"@id\":\"https:\\\/\\\/sagrinex.com\\\/produit\\\/porte-bateau-remorque-cassante-sw385-ptac-500-kg-1-essieu\\\/#primaryimage\"},\"thumbnailUrl\":\"https:\\\/\\\/sagrinex.com\\\/wp-content\\\/uploads\\\/2026\\\/03\\\/Image-519-1.jpeg\",\"datePublished\":\"2026-03-16T23:34:48+00:00\",\"dateModified\":\"2026-04-15T21:12:12+00:00\",\"description\":\"Der Sun Way-Bootsanh\u00e4nger erm\u00f6glicht dank seiner kippbaren Deichsel und der zentralen Rollenschiene einen sicheren Transport und ein einfaches Zuwasserlassen. Das verzinkte Fahrgestell, die selbstbremsende Winde und die abnehmbaren Lichter garantieren Zuverl\u00e4ssigkeit und Langlebigkeit.\",\"breadcrumb\":{\"@id\":\"https:\\\/\\\/sagrinex.com\\\/produit\\\/porte-bateau-remorque-cassante-sw385-ptac-500-kg-1-essieu\\\/#breadcrumb\"},\"inLanguage\":\"de\",\"potentialAction\":[{\"@type\":\"ReadAction\",\"target\":[\"https:\\\/\\\/sagrinex.com\\\/produit\\\/porte-bateau-remorque-cassante-sw385-ptac-500-kg-1-essieu\\\/\"]}]},{\"@type\":\"ImageObject\",\"inLanguage\":\"de\",\"@id\":\"https:\\\/\\\/sagrinex.com\\\/produit\\\/porte-bateau-remorque-cassante-sw385-ptac-500-kg-1-essieu\\\/#primaryimage\",\"url\":\"https:\\\/\\\/sagrinex.com\\\/wp-content\\\/uploads\\\/2026\\\/03\\\/Image-519-1.jpeg\",\"contentUrl\":\"https:\\\/\\\/sagrinex.com\\\/wp-content\\\/uploads\\\/2026\\\/03\\\/Image-519-1.jpeg\",\"width\":1000,\"height\":652},{\"@type\":\"BreadcrumbList\",\"@id\":\"https:\\\/\\\/sagrinex.com\\\/produit\\\/porte-bateau-remorque-cassante-sw385-ptac-500-kg-1-essieu\\\/#breadcrumb\",\"itemListElement\":[{\"@type\":\"ListItem\",\"position\":1,\"name\":\"Accueil\",\"item\":\"https:\\\/\\\/sagrinex.com\\\/?lang=de\"},{\"@type\":\"ListItem\",\"position\":2,\"name\":\"Shop\",\"item\":\"https:\\\/\\\/sagrinex.com\\\/shop\\\/\"},{\"@type\":\"ListItem\",\"position\":3,\"name\":\"Bootswagen \u2013 Kaputter Anh\u00c4nger \u2013 SW385 \u2013 Zul\u00e4ssiges Gesamtgewicht: 500 Kg \u2013 1 Achse\"}]},{\"@type\":\"WebSite\",\"@id\":\"https:\\\/\\\/sagrinex.com\\\/#website\",\"url\":\"https:\\\/\\\/sagrinex.com\\\/\",\"name\":\"Sagrinex \u2013 Spezialist f\u00fcr Anh\u00e4nger, Container & Landtechnik\",\"description\":\"Anhaenger, Container &amp; Landtechnik \u2014 Online-Verkauf &amp; kostenloses Angebot\",\"publisher\":{\"@id\":\"https:\\\/\\\/sagrinex.com\\\/#organization\"},\"potentialAction\":[{\"@type\":\"SearchAction\",\"target\":{\"@type\":\"EntryPoint\",\"urlTemplate\":\"https:\\\/\\\/sagrinex.com\\\/?s={search_term_string}\"},\"query-input\":{\"@type\":\"PropertyValueSpecification\",\"valueRequired\":true,\"valueName\":\"search_term_string\"}}],\"inLanguage\":\"de\"},{\"@type\":\"Organization\",\"@id\":\"https:\\\/\\\/sagrinex.com\\\/#organization\",\"name\":\"Sagrinex \u2013 Remorques, Conteneurs & Mat\u00e9riel Agricole\",\"url\":\"https:\\\/\\\/sagrinex.com\\\/\",\"logo\":{\"@type\":\"ImageObject\",\"inLanguage\":\"de\",\"@id\":\"https:\\\/\\\/sagrinex.com\\\/#\\\/schema\\\/logo\\\/image\\\/\",\"url\":\"https:\\\/\\\/sagrinex.com\\\/wp-content\\\/uploads\\\/2026\\\/03\\\/7f1ac463-ef5a-425d-bdd6-a5da03a334a9-1024x683.png\",\"contentUrl\":\"https:\\\/\\\/sagrinex.com\\\/wp-content\\\/uploads\\\/2026\\\/03\\\/7f1ac463-ef5a-425d-bdd6-a5da03a334a9-1024x683.png\",\"width\":1024,\"height\":683,\"caption\":\"Sagrinex \u2013 Remorques, Conteneurs & Mat\u00e9riel Agricole\"},\"image\":{\"@id\":\"https:\\\/\\\/sagrinex.com\\\/#\\\/schema\\\/logo\\\/image\\\/\"}}]}<\/script>\n<!-- \/ Yoast SEO plugin. -->","yoast_head_json":{"title":"BOOTSWAGEN \u2013 KAPUTTER ANH\u00c4NGER \u2013 SW385 \u2013 zul\u00e4ssiges Gesamtgewicht: 500 kg \u2013 1 Achse","description":"Der Sun Way-Bootsanh\u00e4nger erm\u00f6glicht dank seiner kippbaren Deichsel und der zentralen Rollenschiene einen sicheren Transport und ein einfaches Zuwasserlassen. Das verzinkte Fahrgestell, die selbstbremsende Winde und die abnehmbaren Lichter garantieren Zuverl\u00e4ssigkeit und Langlebigkeit.","robots":{"index":"index","follow":"follow","max-snippet":"max-snippet:-1","max-image-preview":"max-image-preview:large","max-video-preview":"max-video-preview:-1"},"canonical":"https:\/\/sagrinex.com\/produit\/porte-bateau-remorque-cassante-sw385-ptac-500-kg-1-essieu\/","og_locale":"de_DE","og_type":"article","og_title":"BOOTSWAGEN \u2013 KAPUTTER ANH\u00c4NGER \u2013 SW385 \u2013 zul\u00e4ssiges Gesamtgewicht: 500 kg \u2013 1 Achse","og_description":"Der Sun Way-Bootsanh\u00e4nger erm\u00f6glicht dank seiner kippbaren Deichsel und der zentralen Rollenschiene einen sicheren Transport und ein einfaches Zuwasserlassen. Das verzinkte Fahrgestell, die selbstbremsende Winde und die abnehmbaren Lichter garantieren Zuverl\u00e4ssigkeit und Langlebigkeit.","og_url":"https:\/\/sagrinex.com\/produit\/porte-bateau-remorque-cassante-sw385-ptac-500-kg-1-essieu\/","og_site_name":"Sagrinex \u2013 Anhaenger, Container &amp; Landtechnik \ud83c\udf3e\ud83d\ude9c","article_modified_time":"2026-04-15T21:12:12+00:00","og_image":[{"width":1000,"height":652,"url":"https:\/\/sagrinex.com\/wp-content\/uploads\/2026\/03\/Image-519-1.jpeg","type":"image\/jpeg"}],"twitter_card":"summary_large_image","twitter_misc":{"Gesch\u00e4tzte Lesezeit":"2\u00a0Minuten"},"schema":{"@context":"https:\/\/schema.org","@graph":[{"@type":"WebPage","@id":"https:\/\/sagrinex.com\/produit\/porte-bateau-remorque-cassante-sw385-ptac-500-kg-1-essieu\/","url":"https:\/\/sagrinex.com\/produit\/porte-bateau-remorque-cassante-sw385-ptac-500-kg-1-essieu\/","name":"BOOTSWAGEN \u2013 KAPUTTER ANH\u00c4NGER \u2013 SW385 \u2013 zul\u00e4ssiges Gesamtgewicht: 500 kg \u2013 1 Achse","isPartOf":{"@id":"https:\/\/sagrinex.com\/#website"},"primaryImageOfPage":{"@id":"https:\/\/sagrinex.com\/produit\/porte-bateau-remorque-cassante-sw385-ptac-500-kg-1-essieu\/#primaryimage"},"image":{"@id":"https:\/\/sagrinex.com\/produit\/porte-bateau-remorque-cassante-sw385-ptac-500-kg-1-essieu\/#primaryimage"},"thumbnailUrl":"https:\/\/sagrinex.com\/wp-content\/uploads\/2026\/03\/Image-519-1.jpeg","datePublished":"2026-03-16T23:34:48+00:00","dateModified":"2026-04-15T21:12:12+00:00","description":"Der Sun Way-Bootsanh\u00e4nger erm\u00f6glicht dank seiner kippbaren Deichsel und der zentralen Rollenschiene einen sicheren Transport und ein einfaches Zuwasserlassen. Das verzinkte Fahrgestell, die selbstbremsende Winde und die abnehmbaren Lichter garantieren Zuverl\u00e4ssigkeit und Langlebigkeit.","breadcrumb":{"@id":"https:\/\/sagrinex.com\/produit\/porte-bateau-remorque-cassante-sw385-ptac-500-kg-1-essieu\/#breadcrumb"},"inLanguage":"de","potentialAction":[{"@type":"ReadAction","target":["https:\/\/sagrinex.com\/produit\/porte-bateau-remorque-cassante-sw385-ptac-500-kg-1-essieu\/"]}]},{"@type":"ImageObject","inLanguage":"de","@id":"https:\/\/sagrinex.com\/produit\/porte-bateau-remorque-cassante-sw385-ptac-500-kg-1-essieu\/#primaryimage","url":"https:\/\/sagrinex.com\/wp-content\/uploads\/2026\/03\/Image-519-1.jpeg","contentUrl":"https:\/\/sagrinex.com\/wp-content\/uploads\/2026\/03\/Image-519-1.jpeg","width":1000,"height":652},{"@type":"BreadcrumbList","@id":"https:\/\/sagrinex.com\/produit\/porte-bateau-remorque-cassante-sw385-ptac-500-kg-1-essieu\/#breadcrumb","itemListElement":[{"@type":"ListItem","position":1,"name":"Accueil","item":"https:\/\/sagrinex.com\/?lang=de"},{"@type":"ListItem","position":2,"name":"Shop","item":"https:\/\/sagrinex.com\/shop\/"},{"@type":"ListItem","position":3,"name":"Bootswagen \u2013 Kaputter Anh\u00c4nger \u2013 SW385 \u2013 Zul\u00e4ssiges Gesamtgewicht: 500 Kg \u2013 1 Achse"}]},{"@type":"WebSite","@id":"https:\/\/sagrinex.com\/#website","url":"https:\/\/sagrinex.com\/","name":"Sagrinex \u2013 Spezialist f\u00fcr Anh\u00e4nger, Container & Landtechnik","description":"Anhaenger, Container &amp; Landtechnik \u2014 Online-Verkauf &amp; kostenloses Angebot","publisher":{"@id":"https:\/\/sagrinex.com\/#organization"},"potentialAction":[{"@type":"SearchAction","target":{"@type":"EntryPoint","urlTemplate":"https:\/\/sagrinex.com\/?s={search_term_string}"},"query-input":{"@type":"PropertyValueSpecification","valueRequired":true,"valueName":"search_term_string"}}],"inLanguage":"de"},{"@type":"Organization","@id":"https:\/\/sagrinex.com\/#organization","name":"Sagrinex \u2013 Remorques, Conteneurs & Mat\u00e9riel Agricole","url":"https:\/\/sagrinex.com\/","logo":{"@type":"ImageObject","inLanguage":"de","@id":"https:\/\/sagrinex.com\/#\/schema\/logo\/image\/","url":"https:\/\/sagrinex.com\/wp-content\/uploads\/2026\/03\/7f1ac463-ef5a-425d-bdd6-a5da03a334a9-1024x683.png","contentUrl":"https:\/\/sagrinex.com\/wp-content\/uploads\/2026\/03\/7f1ac463-ef5a-425d-bdd6-a5da03a334a9-1024x683.png","width":1024,"height":683,"caption":"Sagrinex \u2013 Remorques, Conteneurs & Mat\u00e9riel Agricole"},"image":{"@id":"https:\/\/sagrinex.com\/#\/schema\/logo\/image\/"}}]}},"jetpack_sharing_enabled":true,"_links":{"self":[{"href":"https:\/\/sagrinex.com\/de\/wp-json\/wp\/v2\/product\/14193","targetHints":{"allow":["GET"]}}],"collection":[{"href":"https:\/\/sagrinex.com\/de\/wp-json\/wp\/v2\/product"}],"about":[{"href":"https:\/\/sagrinex.com\/de\/wp-json\/wp\/v2\/types\/product"}],"replies":[{"embeddable":true,"href":"https:\/\/sagrinex.com\/de\/wp-json\/wp\/v2\/comments?post=14193"}],"version-history":[{"count":0,"href":"https:\/\/sagrinex.com\/de\/wp-json\/wp\/v2\/product\/14193\/revisions"}],"wp:featuredmedia":[{"embeddable":true,"href":"https:\/\/sagrinex.com\/de\/wp-json\/wp\/v2\/media\/16532"}],"wp:attachment":[{"href":"https:\/\/sagrinex.com\/de\/wp-json\/wp\/v2\/media?parent=14193"}],"wp:term":[{"taxonomy":"product_brand","embeddable":true,"href":"https:\/\/sagrinex.com\/de\/wp-json\/wp\/v2\/product_brand?post=14193"},{"taxonomy":"product_cat","embeddable":true,"href":"https:\/\/sagrinex.com\/de\/wp-json\/wp\/v2\/product_cat?post=14193"},{"taxonomy":"product_tag","embeddable":true,"href":"https:\/\/sagrinex.com\/de\/wp-json\/wp\/v2\/product_tag?post=14193"}],"curies":[{"name":"wp","href":"https:\/\/api.w.org\/{rel}","templated":true}]}}