{"id":14195,"date":"2026-03-16T17:24:10","date_gmt":"2026-03-16T17:24:10","guid":{"rendered":"https:\/\/sagrinex.com\/produit\/galaxy-mehrrollen-boottraeger-gd12-g1602-zulaessiges-gesamtgewicht-2400-kg-2-achsen\/"},"modified":"2026-04-15T21:12:12","modified_gmt":"2026-04-15T21:12:12","slug":"galaxy-mehrrollen-boottraeger-gd12-g1602-zulaessiges-gesamtgewicht-2400-kg-2-achsen","status":"publish","type":"product","link":"https:\/\/sagrinex.com\/de\/produit\/galaxy-mehrrollen-boottraeger-gd12-g1602-zulaessiges-gesamtgewicht-2400-kg-2-achsen\/","title":{"rendered":"Galaxy-mehrrollen-boottr\u00c4ger \u2013 GD12 \/ G1602 \u2013 Zul\u00e4ssiges Gesamtgewicht: 2400 Kg \u2013 2 Achsen"},"content":{"rendered":"<p>Der <strong>Mehrrollen-Bootstr\u00e4ger GALAXY &#8211; GD12 \/ G1602<\/strong> ist f\u00fcr den Stra\u00dfentransport von Booten bis <strong>6,45 Meter Rumpfl\u00e4nge<\/strong> und einem Maximalgewicht von <strong>1860 kg<\/strong> konzipiert. Es eignet sich f\u00fcr V-R\u00fcmpfe, halbstarre R\u00fcmpfe, Integral-Jollen und Schnellr\u00fcmpfe und bietet eine zuverl\u00e4ssige L\u00f6sung f\u00fcr anspruchsvolle Bootsfahrer.<\/p>\n<ul>\n<li><strong>Zul\u00e4ssiges Gesamtgewicht:<\/strong> 2400 kg (auf 1800 kg deklassierbar)<\/li>\n<li><strong>Leermasse:<\/strong> 540 kg<\/li>\n<li><strong>Nutzlast:<\/strong> 1860 kg<\/li>\n<li><strong>Nutzma\u00dfe:<\/strong> L\u00e4nge: 728 &#8211; 792 cm | Breite: 231 cm<\/li>\n<li><strong>Gesamtabmessungen:<\/strong> 7,72 m (L\u00e4nge) x 2,33 m (Breite) \/ 8,25 m (L\u00e4nge) x 2,33 m (Breite) (Zurringtisch)<\/li>\n<li><strong>Maximale L\u00e4nge des Bootes:<\/strong> 6,45 m Rumpf<\/li>\n<li><strong>Pfeil:<\/strong> Feuerverzinkt in V<\/li>\n<li><strong>Rahmentyp:<\/strong> Feuerverzinkt<\/li>\n<li><strong>R\u00e4der:<\/strong> 165R14C<\/li>\n<li><strong>Ausstattung:<\/strong> 2 Trommelbremsachsen,<\/li>\n<li>Wasserdichte LED-Leuchten und drehbarer Nummernschildhalter, selbstbremsende 2-Gang-Winde, verstellbarer Windenhalter und 3D-verstellbarer Buganschlag, St\u00fctzraddurchmesser 60.<\/li>\n<\/ul>\n<p>Das <strong>Rollenkippsystem<\/strong> erleichtert das Ein- und Aussteigen des Bootes ins Wasser erheblich. Die Quertr\u00e4ger begleiten das Boot w\u00e4hrend dieser Man\u00f6ver und sorgen f\u00fcr einen reibungslosen und sicheren Betrieb.<\/p>\n<p>Dank der <strong>wasserdichten LED-Leuchten<\/strong> kann das Boot zu Wasser gelassen oder herausgenommen werden, ohne dass es vorher ausgebaut werden muss. Diese Funktion vereinfacht die Bedienung und verringert das Risiko einer Besch\u00e4digung der Leuchten.<\/p>\n<p>Die <strong>Standard-Bandwinde<\/strong> ist <strong>selbstbremsend und in drei Dimensionen verstellbar<\/strong> und bietet so gro\u00dfe Flexibilit\u00e4t bei der Anpassung an unterschiedliche Bootskonfigurationen. Es sorgt f\u00fcr eine sichere Handhabung beim Be- und Entladen.<\/p>\n<p>Die <strong>verst\u00e4rkten Rollen<\/strong>, die an den Seiten <strong>abgeschr\u00e4gt<\/strong> sind, erleichtern den Durchtritt der Planken und verbessern die Haltbarkeit. <strong>Rollenst\u00fctzen aus Stahlguss<\/strong> bieten im Vergleich zu Blechst\u00fctzen eine h\u00f6here Festigkeit und sorgen so f\u00fcr eine l\u00e4ngere Lebensdauer.<\/p>\n<ul>\n<li><strong>Elektrische Winde<\/strong> mit wasserdichter Batterieaufbewahrungsbox<\/li>\n<li><strong>Ersatzrad<\/strong> mit Halterung<\/li>\n<li><strong>Sp\u00fclset<\/strong> zum Reinigen und Sp\u00fclen der Achsen nach dem Stapellauf<\/li>\n<li><strong>Riemen<\/strong><\/li>\n<li><strong>Diebstahlschutz<\/strong><\/li>\n<\/ul>\n<ul>\n<li>Robustheit und Benutzerfreundlichkeit<\/li>\n<li>Rollen mit guter Haltbarkeit und UV-Best\u00e4ndigkeit<\/li>\n<li>Standard-Bandwinde<\/li>\n<\/ul>\n<p>Das Sortiment der <strong>Galaxy-Bootstr\u00e4ger<\/strong> wird nach <strong>h\u00f6chsten Qualit\u00e4tsanforderungen<\/strong> hergestellt. Die gro\u00dfen Rollen mit einem Durchmesser von 120 mm erleichtern das Man\u00f6vrieren. Der schwenkbare Kennzeichenhalter ist weniger zerbrechlich und einfacher zu handhaben als ein R\u00fccklichtband aus Metall oder PVC. Die Achsen ihres Rahmens sind vom Fahrgestell unabh\u00e4ngig, was eine einfachere Einstellung und eine bessere Steifigkeit der Struktur erm\u00f6glicht.<\/p>\n<p>F\u00fcr Bootsanh\u00e4nger mit mehreren Rollen ist ab einem zul\u00e4ssigen Gesamtgewicht von mehr als 500 kg die Erstellung eines Fahrzeugscheins erforderlich.<\/p>\n<p>Es ist wichtig, die geltenden Vorschriften f\u00fcr den Stra\u00dfentransport von Booten einzuhalten.<\/p>\n","protected":false},"excerpt":{"rendered":"<p>Dieser Mehrrollen-Bootstr\u00e4ger ist f\u00fcr den Transport eines Bootes mit bis zu 6,45 m Rumpfl\u00e4nge und 1860 kg Gewicht konzipiert. Es verf\u00fcgt \u00fcber zwei gebremste Achsen, ein verzinktes Fahrgestell, wasserdichte LED-Leuchten und eine selbstbremsende 2-Gang-Winde. Seine 165R14C-R\u00e4der sorgen f\u00fcr Stabilit\u00e4t und Zuverl\u00e4ssigkeit auf der Stra\u00dfe.<\/p>\n<div class=\"mod_fa_customizablefields_v14_list\">\n<div class=\"mod_fa_champspersonnalisables_v14_titre\"><strong>Zul\u00e4ssiges Gesamtgewicht: <\/strong><span class=\"mod_fa_champspersonnalisables_v14_value\">2400 kg<\/span><\/div>\n<\/div>\n<div class=\"mod_fa_customizablefields_v14_list\">\n<div class=\"mod_fa_champspersonnalisables_v14_titre\"><strong>Leermasse: <\/strong><span class=\"mod_fa_champspersonnalisables_v14_value\">540 kg<\/span><\/div>\n<\/div>\n<div class=\"mod_fa_customizablefields_v14_list\">\n<div class=\"mod_fa_champspersonnalisables_v14_titre\"><strong>Nutzlast: <\/strong><span class=\"mod_fa_champspersonnalisables_v14_value\">1860 kg<\/span><\/div>\n<\/div>\n<div class=\"mod_fa_customizablefields_v14_list\">\n<div class=\"mod_fa_champspersonnalisables_v14_titre\"><strong>Nutzma\u00dfe: <\/strong><span class=\"mod_fa_champspersonnalisables_v14_valeur\">L\u00e4nge: 728 &#8211; 792 cm | Breite: 231 cm<\/span><\/div>\n<\/div>\n<div class=\"mod_fa_customizablefields_v14_list\">\n<div class=\"mod_fa_champspersonnalisables_v14_titre\"><strong>Gesamtabmessungen: <\/strong><span class=\"mod_fa_champspersonnalisables_v14_valeur\">7,72 l x 2,33 L \/ 8,25 l x 2,33 L (Lasche mit Zurrring)<\/span><\/div>\n<\/div>\n<div class=\"mod_fa_customizablefields_v14_list\">\n<div class=\"mod_fa_champspersonnalisables_v14_titre\"><strong>Maximale L\u00e4nge des Bootes: <\/strong><span class=\"mod_fa_champspersonnalisables_v14_valeur\">6,45 m Rumpf<\/span><\/div>\n<\/div>\n<div class=\"mod_fa_customizablefields_v14_list\">\n<div class=\"mod_fa_champspersonnalisables_v14_title\"><strong>Pfeil: <\/strong><span class=\"mod_fa_champspersonnalisables_v14_value\">Feuerverzinkt in V<\/span><\/div>\n<\/div>\n<div class=\"mod_fa_customizablefields_v14_list\">\n<div class=\"mod_fa_champspersonnalisables_v14_titre\"><strong>Rahmentyp: <\/strong><span class=\"mod_fa_champspersonnalisables_v14_value\">Feuerverzinkt<\/span><\/div>\n<\/div>\n<div class=\"mod_fa_customizablefields_v14_list\">\n<div class=\"mod_fa_champspersonnalisables_v14_titre\"><strong>R\u00e4der: <\/strong><span class=\"mod_fa_champspersonnalisables_v14_valeur\">165R14C<\/span><\/div>\n<\/div>\n<div class=\"mod_fa_customizablefields_v14_list\">\n<div class=\"mod_fa_champspersonnalisables_v14_titre\"><strong>Ausstattung: <\/strong><span class=\"mod_fa_champspersonnalisables_v14_valeur\">2 Achsen mit Trommelbremsen, wasserdichten LED-Leuchten und schwenkbarem Kennzeichenhalter, selbstbremsende 2-Gang-Winde, verstellbare Windenhalterung und 3D-verstellbarer Buganschlag, Durchmesser St\u00fctzrad 60<\/span><\/div>\n<\/div>\n","protected":false},"featured_media":16367,"comment_status":"open","ping_status":"closed","template":"","meta":[],"product_brand":[],"product_cat":[357,352],"product_tag":[],"class_list":{"0":"post-14195","1":"product","2":"type-product","3":"status-publish","4":"has-post-thumbnail","6":"product_cat-nautische-anhaenger","7":"product_cat-unsere-trailer","9":"first","10":"instock","11":"shipping-taxable","12":"purchasable","13":"product-type-simple"},"yoast_head":"<!-- This site is optimized with the Yoast SEO plugin v27.4 - https:\/\/yoast.com\/product\/yoast-seo-wordpress\/ -->\n<title>GALAXY-MEHRROLLEN-BOOTTR\u00c4GER \u2013 GD12 \/ G1602 \u2013 zul\u00e4ssiges Gesamtgewicht: 2400 kg \u2013 2 Achsen<\/title>\n<meta name=\"description\" content=\"Dieser Mehrrollen-Bootstr\u00e4ger ist f\u00fcr den Transport eines Bootes mit bis zu 6,45 m Rumpfl\u00e4nge und 1860 kg Gewicht konzipiert. Es verf\u00fcgt \u00fcber zwei gebremste Achsen, ein verzinktes Fahrgestell, wasserdichte LED-Leuchten und eine selbstbremsende 2-Gang-Winde. Seine 165R14C-R\u00e4der sorgen f\u00fcr Stabilit\u00e4t und Zuverl\u00e4ssigkeit auf der Stra\u00dfe.\" \/>\n<meta name=\"robots\" content=\"index, follow, max-snippet:-1, max-image-preview:large, max-video-preview:-1\" \/>\n<link rel=\"canonical\" href=\"https:\/\/sagrinex.com\/produit\/porte-bateau-multi-rouleaux-galaxy-gd12-g1602-ptac-2400kg-2-essieux\/\" \/>\n<meta property=\"og:locale\" content=\"de_DE\" \/>\n<meta property=\"og:type\" content=\"article\" \/>\n<meta property=\"og:title\" content=\"GALAXY-MEHRROLLEN-BOOTTR\u00c4GER \u2013 GD12 \/ G1602 \u2013 zul\u00e4ssiges Gesamtgewicht: 2400 kg \u2013 2 Achsen\" \/>\n<meta property=\"og:description\" content=\"Dieser Mehrrollen-Bootstr\u00e4ger ist f\u00fcr den Transport eines Bootes mit bis zu 6,45 m Rumpfl\u00e4nge und 1860 kg Gewicht konzipiert. Es verf\u00fcgt \u00fcber zwei gebremste Achsen, ein verzinktes Fahrgestell, wasserdichte LED-Leuchten und eine selbstbremsende 2-Gang-Winde. Seine 165R14C-R\u00e4der sorgen f\u00fcr Stabilit\u00e4t und Zuverl\u00e4ssigkeit auf der Stra\u00dfe.\" \/>\n<meta property=\"og:url\" content=\"https:\/\/sagrinex.com\/produit\/porte-bateau-multi-rouleaux-galaxy-gd12-g1602-ptac-2400kg-2-essieux\/\" \/>\n<meta property=\"og:site_name\" content=\"Sagrinex \u2013 Anhaenger, Container &amp; Landtechnik \ud83c\udf3e\ud83d\ude9c\" \/>\n<meta property=\"article:modified_time\" content=\"2026-04-15T21:12:12+00:00\" \/>\n<meta property=\"og:image\" content=\"https:\/\/sagrinex.com\/wp-content\/uploads\/2026\/03\/Image-343-2.jpeg\" \/>\n\t<meta property=\"og:image:width\" content=\"1000\" \/>\n\t<meta property=\"og:image:height\" content=\"450\" \/>\n\t<meta property=\"og:image:type\" content=\"image\/jpeg\" \/>\n<meta name=\"twitter:card\" content=\"summary_large_image\" \/>\n<meta name=\"twitter:label1\" content=\"Gesch\u00e4tzte Lesezeit\" \/>\n\t<meta name=\"twitter:data1\" content=\"2\u00a0Minuten\" \/>\n<script type=\"application\/ld+json\" class=\"yoast-schema-graph\">{\"@context\":\"https:\\\/\\\/schema.org\",\"@graph\":[{\"@type\":\"WebPage\",\"@id\":\"https:\\\/\\\/sagrinex.com\\\/produit\\\/porte-bateau-multi-rouleaux-galaxy-gd12-g1602-ptac-2400kg-2-essieux\\\/\",\"url\":\"https:\\\/\\\/sagrinex.com\\\/produit\\\/porte-bateau-multi-rouleaux-galaxy-gd12-g1602-ptac-2400kg-2-essieux\\\/\",\"name\":\"GALAXY-MEHRROLLEN-BOOTTR\u00c4GER \u2013 GD12 \\\/ G1602 \u2013 zul\u00e4ssiges Gesamtgewicht: 2400 kg \u2013 2 Achsen\",\"isPartOf\":{\"@id\":\"https:\\\/\\\/sagrinex.com\\\/#website\"},\"primaryImageOfPage\":{\"@id\":\"https:\\\/\\\/sagrinex.com\\\/produit\\\/porte-bateau-multi-rouleaux-galaxy-gd12-g1602-ptac-2400kg-2-essieux\\\/#primaryimage\"},\"image\":{\"@id\":\"https:\\\/\\\/sagrinex.com\\\/produit\\\/porte-bateau-multi-rouleaux-galaxy-gd12-g1602-ptac-2400kg-2-essieux\\\/#primaryimage\"},\"thumbnailUrl\":\"https:\\\/\\\/sagrinex.com\\\/wp-content\\\/uploads\\\/2026\\\/03\\\/Image-343-2.jpeg\",\"datePublished\":\"2026-03-16T17:24:10+00:00\",\"dateModified\":\"2026-04-15T21:12:12+00:00\",\"description\":\"Dieser Mehrrollen-Bootstr\u00e4ger ist f\u00fcr den Transport eines Bootes mit bis zu 6,45 m Rumpfl\u00e4nge und 1860 kg Gewicht konzipiert. Es verf\u00fcgt \u00fcber zwei gebremste Achsen, ein verzinktes Fahrgestell, wasserdichte LED-Leuchten und eine selbstbremsende 2-Gang-Winde. Seine 165R14C-R\u00e4der sorgen f\u00fcr Stabilit\u00e4t und Zuverl\u00e4ssigkeit auf der Stra\u00dfe.\",\"breadcrumb\":{\"@id\":\"https:\\\/\\\/sagrinex.com\\\/produit\\\/porte-bateau-multi-rouleaux-galaxy-gd12-g1602-ptac-2400kg-2-essieux\\\/#breadcrumb\"},\"inLanguage\":\"de\",\"potentialAction\":[{\"@type\":\"ReadAction\",\"target\":[\"https:\\\/\\\/sagrinex.com\\\/produit\\\/porte-bateau-multi-rouleaux-galaxy-gd12-g1602-ptac-2400kg-2-essieux\\\/\"]}]},{\"@type\":\"ImageObject\",\"inLanguage\":\"de\",\"@id\":\"https:\\\/\\\/sagrinex.com\\\/produit\\\/porte-bateau-multi-rouleaux-galaxy-gd12-g1602-ptac-2400kg-2-essieux\\\/#primaryimage\",\"url\":\"https:\\\/\\\/sagrinex.com\\\/wp-content\\\/uploads\\\/2026\\\/03\\\/Image-343-2.jpeg\",\"contentUrl\":\"https:\\\/\\\/sagrinex.com\\\/wp-content\\\/uploads\\\/2026\\\/03\\\/Image-343-2.jpeg\",\"width\":1000,\"height\":450},{\"@type\":\"BreadcrumbList\",\"@id\":\"https:\\\/\\\/sagrinex.com\\\/produit\\\/porte-bateau-multi-rouleaux-galaxy-gd12-g1602-ptac-2400kg-2-essieux\\\/#breadcrumb\",\"itemListElement\":[{\"@type\":\"ListItem\",\"position\":1,\"name\":\"Accueil\",\"item\":\"https:\\\/\\\/sagrinex.com\\\/?lang=de\"},{\"@type\":\"ListItem\",\"position\":2,\"name\":\"Shop\",\"item\":\"https:\\\/\\\/sagrinex.com\\\/shop\\\/\"},{\"@type\":\"ListItem\",\"position\":3,\"name\":\"Galaxy-mehrrollen-boottr\u00c4ger \u2013 GD12 \\\/ G1602 \u2013 Zul\u00e4ssiges Gesamtgewicht: 2400 Kg \u2013 2 Achsen\"}]},{\"@type\":\"WebSite\",\"@id\":\"https:\\\/\\\/sagrinex.com\\\/#website\",\"url\":\"https:\\\/\\\/sagrinex.com\\\/\",\"name\":\"Sagrinex \u2013 Spezialist f\u00fcr Anh\u00e4nger, Container & Landtechnik\",\"description\":\"Anhaenger, Container &amp; Landtechnik \u2014 Online-Verkauf &amp; kostenloses Angebot\",\"publisher\":{\"@id\":\"https:\\\/\\\/sagrinex.com\\\/#organization\"},\"potentialAction\":[{\"@type\":\"SearchAction\",\"target\":{\"@type\":\"EntryPoint\",\"urlTemplate\":\"https:\\\/\\\/sagrinex.com\\\/?s={search_term_string}\"},\"query-input\":{\"@type\":\"PropertyValueSpecification\",\"valueRequired\":true,\"valueName\":\"search_term_string\"}}],\"inLanguage\":\"de\"},{\"@type\":\"Organization\",\"@id\":\"https:\\\/\\\/sagrinex.com\\\/#organization\",\"name\":\"Sagrinex \u2013 Remorques, Conteneurs & Mat\u00e9riel Agricole\",\"url\":\"https:\\\/\\\/sagrinex.com\\\/\",\"logo\":{\"@type\":\"ImageObject\",\"inLanguage\":\"de\",\"@id\":\"https:\\\/\\\/sagrinex.com\\\/#\\\/schema\\\/logo\\\/image\\\/\",\"url\":\"https:\\\/\\\/sagrinex.com\\\/wp-content\\\/uploads\\\/2026\\\/03\\\/7f1ac463-ef5a-425d-bdd6-a5da03a334a9-1024x683.png\",\"contentUrl\":\"https:\\\/\\\/sagrinex.com\\\/wp-content\\\/uploads\\\/2026\\\/03\\\/7f1ac463-ef5a-425d-bdd6-a5da03a334a9-1024x683.png\",\"width\":1024,\"height\":683,\"caption\":\"Sagrinex \u2013 Remorques, Conteneurs & Mat\u00e9riel Agricole\"},\"image\":{\"@id\":\"https:\\\/\\\/sagrinex.com\\\/#\\\/schema\\\/logo\\\/image\\\/\"}}]}<\/script>\n<!-- \/ Yoast SEO plugin. -->","yoast_head_json":{"title":"GALAXY-MEHRROLLEN-BOOTTR\u00c4GER \u2013 GD12 \/ G1602 \u2013 zul\u00e4ssiges Gesamtgewicht: 2400 kg \u2013 2 Achsen","description":"Dieser Mehrrollen-Bootstr\u00e4ger ist f\u00fcr den Transport eines Bootes mit bis zu 6,45 m Rumpfl\u00e4nge und 1860 kg Gewicht konzipiert. Es verf\u00fcgt \u00fcber zwei gebremste Achsen, ein verzinktes Fahrgestell, wasserdichte LED-Leuchten und eine selbstbremsende 2-Gang-Winde. Seine 165R14C-R\u00e4der sorgen f\u00fcr Stabilit\u00e4t und Zuverl\u00e4ssigkeit auf der Stra\u00dfe.","robots":{"index":"index","follow":"follow","max-snippet":"max-snippet:-1","max-image-preview":"max-image-preview:large","max-video-preview":"max-video-preview:-1"},"canonical":"https:\/\/sagrinex.com\/produit\/porte-bateau-multi-rouleaux-galaxy-gd12-g1602-ptac-2400kg-2-essieux\/","og_locale":"de_DE","og_type":"article","og_title":"GALAXY-MEHRROLLEN-BOOTTR\u00c4GER \u2013 GD12 \/ G1602 \u2013 zul\u00e4ssiges Gesamtgewicht: 2400 kg \u2013 2 Achsen","og_description":"Dieser Mehrrollen-Bootstr\u00e4ger ist f\u00fcr den Transport eines Bootes mit bis zu 6,45 m Rumpfl\u00e4nge und 1860 kg Gewicht konzipiert. Es verf\u00fcgt \u00fcber zwei gebremste Achsen, ein verzinktes Fahrgestell, wasserdichte LED-Leuchten und eine selbstbremsende 2-Gang-Winde. Seine 165R14C-R\u00e4der sorgen f\u00fcr Stabilit\u00e4t und Zuverl\u00e4ssigkeit auf der Stra\u00dfe.","og_url":"https:\/\/sagrinex.com\/produit\/porte-bateau-multi-rouleaux-galaxy-gd12-g1602-ptac-2400kg-2-essieux\/","og_site_name":"Sagrinex \u2013 Anhaenger, Container &amp; Landtechnik \ud83c\udf3e\ud83d\ude9c","article_modified_time":"2026-04-15T21:12:12+00:00","og_image":[{"width":1000,"height":450,"url":"https:\/\/sagrinex.com\/wp-content\/uploads\/2026\/03\/Image-343-2.jpeg","type":"image\/jpeg"}],"twitter_card":"summary_large_image","twitter_misc":{"Gesch\u00e4tzte Lesezeit":"2\u00a0Minuten"},"schema":{"@context":"https:\/\/schema.org","@graph":[{"@type":"WebPage","@id":"https:\/\/sagrinex.com\/produit\/porte-bateau-multi-rouleaux-galaxy-gd12-g1602-ptac-2400kg-2-essieux\/","url":"https:\/\/sagrinex.com\/produit\/porte-bateau-multi-rouleaux-galaxy-gd12-g1602-ptac-2400kg-2-essieux\/","name":"GALAXY-MEHRROLLEN-BOOTTR\u00c4GER \u2013 GD12 \/ G1602 \u2013 zul\u00e4ssiges Gesamtgewicht: 2400 kg \u2013 2 Achsen","isPartOf":{"@id":"https:\/\/sagrinex.com\/#website"},"primaryImageOfPage":{"@id":"https:\/\/sagrinex.com\/produit\/porte-bateau-multi-rouleaux-galaxy-gd12-g1602-ptac-2400kg-2-essieux\/#primaryimage"},"image":{"@id":"https:\/\/sagrinex.com\/produit\/porte-bateau-multi-rouleaux-galaxy-gd12-g1602-ptac-2400kg-2-essieux\/#primaryimage"},"thumbnailUrl":"https:\/\/sagrinex.com\/wp-content\/uploads\/2026\/03\/Image-343-2.jpeg","datePublished":"2026-03-16T17:24:10+00:00","dateModified":"2026-04-15T21:12:12+00:00","description":"Dieser Mehrrollen-Bootstr\u00e4ger ist f\u00fcr den Transport eines Bootes mit bis zu 6,45 m Rumpfl\u00e4nge und 1860 kg Gewicht konzipiert. Es verf\u00fcgt \u00fcber zwei gebremste Achsen, ein verzinktes Fahrgestell, wasserdichte LED-Leuchten und eine selbstbremsende 2-Gang-Winde. Seine 165R14C-R\u00e4der sorgen f\u00fcr Stabilit\u00e4t und Zuverl\u00e4ssigkeit auf der Stra\u00dfe.","breadcrumb":{"@id":"https:\/\/sagrinex.com\/produit\/porte-bateau-multi-rouleaux-galaxy-gd12-g1602-ptac-2400kg-2-essieux\/#breadcrumb"},"inLanguage":"de","potentialAction":[{"@type":"ReadAction","target":["https:\/\/sagrinex.com\/produit\/porte-bateau-multi-rouleaux-galaxy-gd12-g1602-ptac-2400kg-2-essieux\/"]}]},{"@type":"ImageObject","inLanguage":"de","@id":"https:\/\/sagrinex.com\/produit\/porte-bateau-multi-rouleaux-galaxy-gd12-g1602-ptac-2400kg-2-essieux\/#primaryimage","url":"https:\/\/sagrinex.com\/wp-content\/uploads\/2026\/03\/Image-343-2.jpeg","contentUrl":"https:\/\/sagrinex.com\/wp-content\/uploads\/2026\/03\/Image-343-2.jpeg","width":1000,"height":450},{"@type":"BreadcrumbList","@id":"https:\/\/sagrinex.com\/produit\/porte-bateau-multi-rouleaux-galaxy-gd12-g1602-ptac-2400kg-2-essieux\/#breadcrumb","itemListElement":[{"@type":"ListItem","position":1,"name":"Accueil","item":"https:\/\/sagrinex.com\/?lang=de"},{"@type":"ListItem","position":2,"name":"Shop","item":"https:\/\/sagrinex.com\/shop\/"},{"@type":"ListItem","position":3,"name":"Galaxy-mehrrollen-boottr\u00c4ger \u2013 GD12 \/ G1602 \u2013 Zul\u00e4ssiges Gesamtgewicht: 2400 Kg \u2013 2 Achsen"}]},{"@type":"WebSite","@id":"https:\/\/sagrinex.com\/#website","url":"https:\/\/sagrinex.com\/","name":"Sagrinex \u2013 Spezialist f\u00fcr Anh\u00e4nger, Container & Landtechnik","description":"Anhaenger, Container &amp; Landtechnik \u2014 Online-Verkauf &amp; kostenloses Angebot","publisher":{"@id":"https:\/\/sagrinex.com\/#organization"},"potentialAction":[{"@type":"SearchAction","target":{"@type":"EntryPoint","urlTemplate":"https:\/\/sagrinex.com\/?s={search_term_string}"},"query-input":{"@type":"PropertyValueSpecification","valueRequired":true,"valueName":"search_term_string"}}],"inLanguage":"de"},{"@type":"Organization","@id":"https:\/\/sagrinex.com\/#organization","name":"Sagrinex \u2013 Remorques, Conteneurs & Mat\u00e9riel Agricole","url":"https:\/\/sagrinex.com\/","logo":{"@type":"ImageObject","inLanguage":"de","@id":"https:\/\/sagrinex.com\/#\/schema\/logo\/image\/","url":"https:\/\/sagrinex.com\/wp-content\/uploads\/2026\/03\/7f1ac463-ef5a-425d-bdd6-a5da03a334a9-1024x683.png","contentUrl":"https:\/\/sagrinex.com\/wp-content\/uploads\/2026\/03\/7f1ac463-ef5a-425d-bdd6-a5da03a334a9-1024x683.png","width":1024,"height":683,"caption":"Sagrinex \u2013 Remorques, Conteneurs & Mat\u00e9riel Agricole"},"image":{"@id":"https:\/\/sagrinex.com\/#\/schema\/logo\/image\/"}}]}},"jetpack_sharing_enabled":true,"_links":{"self":[{"href":"https:\/\/sagrinex.com\/de\/wp-json\/wp\/v2\/product\/14195","targetHints":{"allow":["GET"]}}],"collection":[{"href":"https:\/\/sagrinex.com\/de\/wp-json\/wp\/v2\/product"}],"about":[{"href":"https:\/\/sagrinex.com\/de\/wp-json\/wp\/v2\/types\/product"}],"replies":[{"embeddable":true,"href":"https:\/\/sagrinex.com\/de\/wp-json\/wp\/v2\/comments?post=14195"}],"version-history":[{"count":0,"href":"https:\/\/sagrinex.com\/de\/wp-json\/wp\/v2\/product\/14195\/revisions"}],"wp:featuredmedia":[{"embeddable":true,"href":"https:\/\/sagrinex.com\/de\/wp-json\/wp\/v2\/media\/16367"}],"wp:attachment":[{"href":"https:\/\/sagrinex.com\/de\/wp-json\/wp\/v2\/media?parent=14195"}],"wp:term":[{"taxonomy":"product_brand","embeddable":true,"href":"https:\/\/sagrinex.com\/de\/wp-json\/wp\/v2\/product_brand?post=14195"},{"taxonomy":"product_cat","embeddable":true,"href":"https:\/\/sagrinex.com\/de\/wp-json\/wp\/v2\/product_cat?post=14195"},{"taxonomy":"product_tag","embeddable":true,"href":"https:\/\/sagrinex.com\/de\/wp-json\/wp\/v2\/product_tag?post=14195"}],"curies":[{"name":"wp","href":"https:\/\/api.w.org\/{rel}","templated":true}]}}