{"id":14196,"date":"2026-03-16T17:37:39","date_gmt":"2026-03-16T17:37:39","guid":{"rendered":"https:\/\/sagrinex.com\/produit\/galaxy-mehrrollen-boottraeger-gd16-g2572-zulaessiges-gesamtgewicht-3200-kg-2-achsen\/"},"modified":"2026-04-15T21:12:12","modified_gmt":"2026-04-15T21:12:12","slug":"galaxy-mehrrollen-boottraeger-gd16-g2572-zulaessiges-gesamtgewicht-3200-kg-2-achsen","status":"publish","type":"product","link":"https:\/\/sagrinex.com\/de\/produit\/galaxy-mehrrollen-boottraeger-gd16-g2572-zulaessiges-gesamtgewicht-3200-kg-2-achsen\/","title":{"rendered":"Galaxy-mehrrollen-boottr\u00c4ger \u2013 GD16 \/ G2572 \u2013 Zul\u00e4ssiges Gesamtgewicht 3200 Kg \u2013 2 Achsen"},"content":{"rendered":"<p>Der GALAXY-Mehrrollen-Bootstr\u00e4ger \u2013 GD16\/G2572 ist f\u00fcr den sicheren Transport von Booten auf der Stra\u00dfe konzipiert. Mit einem zul\u00e4ssigen Gesamtgewicht von 2500\/3000\/3200 kg und einer maximalen Nutzlast von 2560 kg ist es ideal f\u00fcr den Transport von Booten mit V-Rumpf, halbstarren Integraljollen oder Schnellr\u00fcmpfen mit einer maximalen L\u00e4nge von 6,95 m.<\/p>\n<ul>\n<li><strong>Zul\u00e4ssiges Gesamtgewicht:<\/strong> 3200\/3000\/2500 kg<\/li>\n<li><strong>Leermasse:<\/strong> 640 kg<\/li>\n<li><strong>Nutzlast:<\/strong> bis zu 2560 kg<\/li>\n<li><strong>Nutzma\u00dfe:<\/strong> L\u00e4nge: 7,69 m | Breite: 2,33 m<\/li>\n<li><strong>Gesamtabmessungen:<\/strong> L\u00e4nge: 8,25 m | Breite: 2,33 m<\/li>\n<li><strong>Maximale Bootsl\u00e4nge:<\/strong> 6,95 m<\/li>\n<li><strong>Pfeil:<\/strong> Feuerverzinkt in V<\/li>\n<li><strong>Fahrgestell:<\/strong> Feuerverzinkt<\/li>\n<li><strong>R\u00e4der:<\/strong> 185R14C<\/li>\n<li><strong>Ausstattung:<\/strong> 2 trommelgebremste Achsen, wasserdichte LED-Leuchten und drehbarer Kennzeichenhalter, selbstbremsende 2-Gang-Winde, verstellbare Windenhalterung, 3D-verstellbarer Buganschlag, St\u00fctzrad mit 60 mm Durchmesser<\/li>\n<\/ul>\n<p>Mit den <strong>wasserdichten LED-Leuchten<\/strong> k\u00f6nnen Sie Ihr Boot zu Wasser lassen oder herausnehmen, ohne sie vorher abnehmen zu m\u00fcssen, was Man\u00f6ver vereinfacht und eine erh\u00f6hte Sicherheit gew\u00e4hrleistet.<\/p>\n<p>Das <strong>Rollenkippsystem<\/strong> erleichtert das Zu- und Aussteigen aus Ihrem Boot. Die Schwellen begleiten das Boot w\u00e4hrend dieser Arbeiten, reduzieren den Kraftaufwand und sch\u00fctzen den Rumpf.<\/p>\n<p>Ausgestattet mit einem <strong>Dyneema-Windenseil<\/strong>, einem Material, das f\u00fcr seine geringe Elastizit\u00e4t und Abriebfestigkeit bekannt ist, sorgt dieser Bootstr\u00e4ger f\u00fcr optimale Sicherheit w\u00e4hrend der Windenphasen.<\/p>\n<p>Die <strong>verst\u00e4rkten hinteren Rollen<\/strong> mit rostfreien Kunststoffst\u00fctzen und die hochbelastbaren Rollenst\u00fctzen aus Gusseisen sorgen f\u00fcr au\u00dfergew\u00f6hnliche Haltbarkeit, selbst unter anspruchsvollen Meeresbedingungen.<\/p>\n<ul>\n<li>Elektrische Winde mit wasserdichtem Batterie-Aufbewahrungskasten<\/li>\n<li>Ersatzrad mit Halterung<\/li>\n<li>Achssp\u00fclsatz<\/li>\n<li>Robustheit und Benutzerfreundlichkeit<\/li>\n<li>UV-best\u00e4ndige Walzen<\/li>\n<li>Standard-Bandwinde<\/li>\n<li>Wasserdichte LED-Leuchten<\/li>\n<li>Hochbelastbare Rollenst\u00fctzen aus Gusseisen<\/li>\n<\/ul>\n<p><strong>Mehrrollen-Bootsanh\u00e4nger erfordern die Erstellung eines Zulassungsdokuments f\u00fcr ein zul\u00e4ssiges Gesamtgewicht von mehr als 500 kg.<\/strong><\/p>\n","protected":false},"excerpt":{"rendered":"<p>Dieser Mehrrollen-Bootstr\u00e4ger ist f\u00fcr den Transport eines Bootes mit bis zu 6,95 m Rumpfl\u00e4nge und 2560 kg ausgelegt. Es ist mit zwei gebremsten Achsen, einem verzinkten Fahrgestell, wasserdichten LED-Leuchten und einer selbstbremsenden 2-Gang-Winde ausgestattet. Nutzlast 2560 kg, 185R14C-R\u00e4der.<\/p>\n<div class=\"mod_fa_customizablefields_v14_list\">\n<div class=\"mod_fa_champspersonnalisables_v14_title\"><strong>Zul\u00e4ssiges Gesamtgewicht: <\/strong><span class=\"mod_fa_champspersonnalisables_v14_value\">3200\/3000\/2500 kg<\/span><\/div>\n<\/div>\n<div class=\"mod_fa_customizablefields_v14_list\">\n<div class=\"mod_fa_champspersonnalisables_v14_titre\"><strong>Leermasse: <\/strong><span class=\"mod_fa_champspersonnalisables_v14_value\">640 kg<\/span><\/div>\n<\/div>\n<div class=\"mod_fa_customizablefields_v14_list\">\n<div class=\"mod_fa_champspersonnalisables_v14_titre\"><strong>Nutzlast: <\/strong><span class=\"mod_fa_champspersonnalisables_v14_value\">maximal 2560 kg<\/span><\/div>\n<\/div>\n<div class=\"mod_fa_customizablefields_v14_list\">\n<div class=\"mod_fa_champspersonnalisables_v14_title\"><strong>N\u00fctzliche Abmessungen: <\/strong><span class=\"mod_fa_champspersonnalisables_v14_value\">L\u00e4nge: 7,69 | Breite ;6,95<\/span><\/div>\n<\/div>\n<div class=\"mod_fa_customizablefields_v14_list\">\n<div class=\"mod_fa_champspersonnalisables_v14_titre\"><strong>Gesamtabmessungen: <\/strong><span class=\"mod_fa_champspersonnalisables_v14_valeur\">L\u00e4nge: 825 cm | Breite: 233 cm<\/span><\/div>\n<\/div>\n<div class=\"mod_fa_customizablefields_v14_list\">\n<div class=\"mod_fa_champspersonnalisables_v14_titre\"><strong>Maximale L\u00e4nge des Bootes: <\/strong><span class=\"mod_fa_champspersonnalisables_v14_value\">6,95 m<\/span><\/div>\n<\/div>\n<div class=\"mod_fa_customizablefields_v14_list\">\n<div class=\"mod_fa_champspersonnalisables_v14_title\"><strong>Pfeil: <\/strong><span class=\"mod_fa_champspersonnalisables_v14_value\">Feuerverzinkt in V<\/span><\/div>\n<\/div>\n<div class=\"mod_fa_customizablefields_v14_list\">\n<div class=\"mod_fa_champspersonnalisables_v14_titre\"><strong>Rahmentyp: <\/strong><span class=\"mod_fa_champspersonnalisables_v14_value\">Feuerverzinkt<\/span><\/div>\n<\/div>\n<div class=\"mod_fa_customizablefields_v14_list\">\n<div class=\"mod_fa_champspersonnalisables_v14_titre\"><strong>R\u00e4der: <\/strong><span class=\"mod_fa_champspersonnalisables_v14_valeur\">185R14C<\/span><\/div>\n<\/div>\n<div class=\"mod_fa_customizablefields_v14_list\">\n<div class=\"mod_fa_champspersonnalisables_v14_titre\"><strong>Ausstattung: <\/strong><span class=\"mod_fa_champspersonnalisables_v14_valeur\">2 Achsen mit Trommelbremsen, wasserdichten LED-Leuchten und schwenkbarem Kennzeichenhalter, selbstbremsende 2-Gang-Winde, verstellbare Windenhalterung und 3D-verstellbarer Buganschlag, Durchmesser St\u00fctzrad 60<\/span><\/div>\n<\/div>\n","protected":false},"featured_media":16377,"comment_status":"open","ping_status":"closed","template":"","meta":[],"product_brand":[],"product_cat":[357,352],"product_tag":[],"class_list":{"0":"post-14196","1":"product","2":"type-product","3":"status-publish","4":"has-post-thumbnail","6":"product_cat-nautische-anhaenger","7":"product_cat-unsere-trailer","9":"first","10":"instock","11":"shipping-taxable","12":"purchasable","13":"product-type-simple"},"yoast_head":"<!-- This site is optimized with the Yoast SEO plugin v27.5 - https:\/\/yoast.com\/product\/yoast-seo-wordpress\/ -->\n<title>GALAXY-MEHRROLLEN-BOOTTR\u00c4GER \u2013 GD16 \/ G2572 \u2013 zul\u00e4ssiges Gesamtgewicht 3200 kg \u2013 2 Achsen<\/title>\n<meta name=\"description\" content=\"Dieser Mehrrollen-Bootstr\u00e4ger ist f\u00fcr den Transport eines Bootes mit bis zu 6,95 m Rumpfl\u00e4nge und 2560 kg ausgelegt. Es ist mit zwei gebremsten Achsen, einem verzinkten Fahrgestell, wasserdichten LED-Leuchten und einer selbstbremsenden 2-Gang-Winde ausgestattet. Nutzlast 2560 kg, 185R14C-R\u00e4der.\" \/>\n<meta name=\"robots\" content=\"index, follow, max-snippet:-1, max-image-preview:large, max-video-preview:-1\" \/>\n<link rel=\"canonical\" href=\"https:\/\/sagrinex.com\/produit\/porte-bateau-multi-rouleaux-galaxy-gd16-g2572-ptac-3200kg-2-essieux\/\" \/>\n<meta property=\"og:locale\" content=\"de_DE\" \/>\n<meta property=\"og:type\" content=\"article\" \/>\n<meta property=\"og:title\" content=\"GALAXY-MEHRROLLEN-BOOTTR\u00c4GER \u2013 GD16 \/ G2572 \u2013 zul\u00e4ssiges Gesamtgewicht 3200 kg \u2013 2 Achsen\" \/>\n<meta property=\"og:description\" content=\"Dieser Mehrrollen-Bootstr\u00e4ger ist f\u00fcr den Transport eines Bootes mit bis zu 6,95 m Rumpfl\u00e4nge und 2560 kg ausgelegt. Es ist mit zwei gebremsten Achsen, einem verzinkten Fahrgestell, wasserdichten LED-Leuchten und einer selbstbremsenden 2-Gang-Winde ausgestattet. Nutzlast 2560 kg, 185R14C-R\u00e4der.\" \/>\n<meta property=\"og:url\" content=\"https:\/\/sagrinex.com\/produit\/porte-bateau-multi-rouleaux-galaxy-gd16-g2572-ptac-3200kg-2-essieux\/\" \/>\n<meta property=\"og:site_name\" content=\"Sagrinex \u2013 Anhaenger, Container &amp; Landtechnik \ud83c\udf3e\ud83d\ude9c\" \/>\n<meta property=\"article:modified_time\" content=\"2026-04-15T21:12:12+00:00\" \/>\n<meta property=\"og:image\" content=\"https:\/\/sagrinex.com\/wp-content\/uploads\/2026\/03\/Image-347-2.jpeg\" \/>\n\t<meta property=\"og:image:width\" content=\"1469\" \/>\n\t<meta property=\"og:image:height\" content=\"1822\" \/>\n\t<meta property=\"og:image:type\" content=\"image\/jpeg\" \/>\n<meta name=\"twitter:card\" content=\"summary_large_image\" \/>\n<meta name=\"twitter:label1\" content=\"Gesch\u00e4tzte Lesezeit\" \/>\n\t<meta name=\"twitter:data1\" content=\"1\u00a0Minute\" \/>\n<script type=\"application\/ld+json\" class=\"yoast-schema-graph\">{\"@context\":\"https:\\\/\\\/schema.org\",\"@graph\":[{\"@type\":\"WebPage\",\"@id\":\"https:\\\/\\\/sagrinex.com\\\/produit\\\/porte-bateau-multi-rouleaux-galaxy-gd16-g2572-ptac-3200kg-2-essieux\\\/\",\"url\":\"https:\\\/\\\/sagrinex.com\\\/produit\\\/porte-bateau-multi-rouleaux-galaxy-gd16-g2572-ptac-3200kg-2-essieux\\\/\",\"name\":\"GALAXY-MEHRROLLEN-BOOTTR\u00c4GER \u2013 GD16 \\\/ G2572 \u2013 zul\u00e4ssiges Gesamtgewicht 3200 kg \u2013 2 Achsen\",\"isPartOf\":{\"@id\":\"https:\\\/\\\/sagrinex.com\\\/#website\"},\"primaryImageOfPage\":{\"@id\":\"https:\\\/\\\/sagrinex.com\\\/produit\\\/porte-bateau-multi-rouleaux-galaxy-gd16-g2572-ptac-3200kg-2-essieux\\\/#primaryimage\"},\"image\":{\"@id\":\"https:\\\/\\\/sagrinex.com\\\/produit\\\/porte-bateau-multi-rouleaux-galaxy-gd16-g2572-ptac-3200kg-2-essieux\\\/#primaryimage\"},\"thumbnailUrl\":\"https:\\\/\\\/sagrinex.com\\\/wp-content\\\/uploads\\\/2026\\\/03\\\/Image-347-2.jpeg\",\"datePublished\":\"2026-03-16T17:37:39+00:00\",\"dateModified\":\"2026-04-15T21:12:12+00:00\",\"description\":\"Dieser Mehrrollen-Bootstr\u00e4ger ist f\u00fcr den Transport eines Bootes mit bis zu 6,95 m Rumpfl\u00e4nge und 2560 kg ausgelegt. Es ist mit zwei gebremsten Achsen, einem verzinkten Fahrgestell, wasserdichten LED-Leuchten und einer selbstbremsenden 2-Gang-Winde ausgestattet. Nutzlast 2560 kg, 185R14C-R\u00e4der.\",\"breadcrumb\":{\"@id\":\"https:\\\/\\\/sagrinex.com\\\/produit\\\/porte-bateau-multi-rouleaux-galaxy-gd16-g2572-ptac-3200kg-2-essieux\\\/#breadcrumb\"},\"inLanguage\":\"de\",\"potentialAction\":[{\"@type\":\"ReadAction\",\"target\":[\"https:\\\/\\\/sagrinex.com\\\/produit\\\/porte-bateau-multi-rouleaux-galaxy-gd16-g2572-ptac-3200kg-2-essieux\\\/\"]}]},{\"@type\":\"ImageObject\",\"inLanguage\":\"de\",\"@id\":\"https:\\\/\\\/sagrinex.com\\\/produit\\\/porte-bateau-multi-rouleaux-galaxy-gd16-g2572-ptac-3200kg-2-essieux\\\/#primaryimage\",\"url\":\"https:\\\/\\\/sagrinex.com\\\/wp-content\\\/uploads\\\/2026\\\/03\\\/Image-347-2.jpeg\",\"contentUrl\":\"https:\\\/\\\/sagrinex.com\\\/wp-content\\\/uploads\\\/2026\\\/03\\\/Image-347-2.jpeg\",\"width\":1469,\"height\":1822},{\"@type\":\"BreadcrumbList\",\"@id\":\"https:\\\/\\\/sagrinex.com\\\/produit\\\/porte-bateau-multi-rouleaux-galaxy-gd16-g2572-ptac-3200kg-2-essieux\\\/#breadcrumb\",\"itemListElement\":[{\"@type\":\"ListItem\",\"position\":1,\"name\":\"Accueil\",\"item\":\"https:\\\/\\\/sagrinex.com\\\/?lang=de\"},{\"@type\":\"ListItem\",\"position\":2,\"name\":\"Shop\",\"item\":\"https:\\\/\\\/sagrinex.com\\\/shop\\\/\"},{\"@type\":\"ListItem\",\"position\":3,\"name\":\"Galaxy-mehrrollen-boottr\u00c4ger \u2013 GD16 \\\/ G2572 \u2013 Zul\u00e4ssiges Gesamtgewicht 3200 Kg \u2013 2 Achsen\"}]},{\"@type\":\"WebSite\",\"@id\":\"https:\\\/\\\/sagrinex.com\\\/#website\",\"url\":\"https:\\\/\\\/sagrinex.com\\\/\",\"name\":\"Sagrinex \u2013 Spezialist f\u00fcr Anh\u00e4nger, Container & Landtechnik\",\"description\":\"Anhaenger, Container &amp; Landtechnik \u2014 Online-Verkauf &amp; kostenloses Angebot\",\"publisher\":{\"@id\":\"https:\\\/\\\/sagrinex.com\\\/#organization\"},\"potentialAction\":[{\"@type\":\"SearchAction\",\"target\":{\"@type\":\"EntryPoint\",\"urlTemplate\":\"https:\\\/\\\/sagrinex.com\\\/?s={search_term_string}\"},\"query-input\":{\"@type\":\"PropertyValueSpecification\",\"valueRequired\":true,\"valueName\":\"search_term_string\"}}],\"inLanguage\":\"de\"},{\"@type\":\"Organization\",\"@id\":\"https:\\\/\\\/sagrinex.com\\\/#organization\",\"name\":\"Sagrinex \u2013 Remorques, Conteneurs & Mat\u00e9riel Agricole\",\"url\":\"https:\\\/\\\/sagrinex.com\\\/\",\"logo\":{\"@type\":\"ImageObject\",\"inLanguage\":\"de\",\"@id\":\"https:\\\/\\\/sagrinex.com\\\/#\\\/schema\\\/logo\\\/image\\\/\",\"url\":\"https:\\\/\\\/sagrinex.com\\\/wp-content\\\/uploads\\\/2026\\\/03\\\/7f1ac463-ef5a-425d-bdd6-a5da03a334a9-1024x683.png\",\"contentUrl\":\"https:\\\/\\\/sagrinex.com\\\/wp-content\\\/uploads\\\/2026\\\/03\\\/7f1ac463-ef5a-425d-bdd6-a5da03a334a9-1024x683.png\",\"width\":1024,\"height\":683,\"caption\":\"Sagrinex \u2013 Remorques, Conteneurs & Mat\u00e9riel Agricole\"},\"image\":{\"@id\":\"https:\\\/\\\/sagrinex.com\\\/#\\\/schema\\\/logo\\\/image\\\/\"}}]}<\/script>\n<!-- \/ Yoast SEO plugin. -->","yoast_head_json":{"title":"GALAXY-MEHRROLLEN-BOOTTR\u00c4GER \u2013 GD16 \/ G2572 \u2013 zul\u00e4ssiges Gesamtgewicht 3200 kg \u2013 2 Achsen","description":"Dieser Mehrrollen-Bootstr\u00e4ger ist f\u00fcr den Transport eines Bootes mit bis zu 6,95 m Rumpfl\u00e4nge und 2560 kg ausgelegt. Es ist mit zwei gebremsten Achsen, einem verzinkten Fahrgestell, wasserdichten LED-Leuchten und einer selbstbremsenden 2-Gang-Winde ausgestattet. Nutzlast 2560 kg, 185R14C-R\u00e4der.","robots":{"index":"index","follow":"follow","max-snippet":"max-snippet:-1","max-image-preview":"max-image-preview:large","max-video-preview":"max-video-preview:-1"},"canonical":"https:\/\/sagrinex.com\/produit\/porte-bateau-multi-rouleaux-galaxy-gd16-g2572-ptac-3200kg-2-essieux\/","og_locale":"de_DE","og_type":"article","og_title":"GALAXY-MEHRROLLEN-BOOTTR\u00c4GER \u2013 GD16 \/ G2572 \u2013 zul\u00e4ssiges Gesamtgewicht 3200 kg \u2013 2 Achsen","og_description":"Dieser Mehrrollen-Bootstr\u00e4ger ist f\u00fcr den Transport eines Bootes mit bis zu 6,95 m Rumpfl\u00e4nge und 2560 kg ausgelegt. Es ist mit zwei gebremsten Achsen, einem verzinkten Fahrgestell, wasserdichten LED-Leuchten und einer selbstbremsenden 2-Gang-Winde ausgestattet. Nutzlast 2560 kg, 185R14C-R\u00e4der.","og_url":"https:\/\/sagrinex.com\/produit\/porte-bateau-multi-rouleaux-galaxy-gd16-g2572-ptac-3200kg-2-essieux\/","og_site_name":"Sagrinex \u2013 Anhaenger, Container &amp; Landtechnik \ud83c\udf3e\ud83d\ude9c","article_modified_time":"2026-04-15T21:12:12+00:00","og_image":[{"width":1469,"height":1822,"url":"https:\/\/sagrinex.com\/wp-content\/uploads\/2026\/03\/Image-347-2.jpeg","type":"image\/jpeg"}],"twitter_card":"summary_large_image","twitter_misc":{"Gesch\u00e4tzte Lesezeit":"1\u00a0Minute"},"schema":{"@context":"https:\/\/schema.org","@graph":[{"@type":"WebPage","@id":"https:\/\/sagrinex.com\/produit\/porte-bateau-multi-rouleaux-galaxy-gd16-g2572-ptac-3200kg-2-essieux\/","url":"https:\/\/sagrinex.com\/produit\/porte-bateau-multi-rouleaux-galaxy-gd16-g2572-ptac-3200kg-2-essieux\/","name":"GALAXY-MEHRROLLEN-BOOTTR\u00c4GER \u2013 GD16 \/ G2572 \u2013 zul\u00e4ssiges Gesamtgewicht 3200 kg \u2013 2 Achsen","isPartOf":{"@id":"https:\/\/sagrinex.com\/#website"},"primaryImageOfPage":{"@id":"https:\/\/sagrinex.com\/produit\/porte-bateau-multi-rouleaux-galaxy-gd16-g2572-ptac-3200kg-2-essieux\/#primaryimage"},"image":{"@id":"https:\/\/sagrinex.com\/produit\/porte-bateau-multi-rouleaux-galaxy-gd16-g2572-ptac-3200kg-2-essieux\/#primaryimage"},"thumbnailUrl":"https:\/\/sagrinex.com\/wp-content\/uploads\/2026\/03\/Image-347-2.jpeg","datePublished":"2026-03-16T17:37:39+00:00","dateModified":"2026-04-15T21:12:12+00:00","description":"Dieser Mehrrollen-Bootstr\u00e4ger ist f\u00fcr den Transport eines Bootes mit bis zu 6,95 m Rumpfl\u00e4nge und 2560 kg ausgelegt. Es ist mit zwei gebremsten Achsen, einem verzinkten Fahrgestell, wasserdichten LED-Leuchten und einer selbstbremsenden 2-Gang-Winde ausgestattet. Nutzlast 2560 kg, 185R14C-R\u00e4der.","breadcrumb":{"@id":"https:\/\/sagrinex.com\/produit\/porte-bateau-multi-rouleaux-galaxy-gd16-g2572-ptac-3200kg-2-essieux\/#breadcrumb"},"inLanguage":"de","potentialAction":[{"@type":"ReadAction","target":["https:\/\/sagrinex.com\/produit\/porte-bateau-multi-rouleaux-galaxy-gd16-g2572-ptac-3200kg-2-essieux\/"]}]},{"@type":"ImageObject","inLanguage":"de","@id":"https:\/\/sagrinex.com\/produit\/porte-bateau-multi-rouleaux-galaxy-gd16-g2572-ptac-3200kg-2-essieux\/#primaryimage","url":"https:\/\/sagrinex.com\/wp-content\/uploads\/2026\/03\/Image-347-2.jpeg","contentUrl":"https:\/\/sagrinex.com\/wp-content\/uploads\/2026\/03\/Image-347-2.jpeg","width":1469,"height":1822},{"@type":"BreadcrumbList","@id":"https:\/\/sagrinex.com\/produit\/porte-bateau-multi-rouleaux-galaxy-gd16-g2572-ptac-3200kg-2-essieux\/#breadcrumb","itemListElement":[{"@type":"ListItem","position":1,"name":"Accueil","item":"https:\/\/sagrinex.com\/?lang=de"},{"@type":"ListItem","position":2,"name":"Shop","item":"https:\/\/sagrinex.com\/shop\/"},{"@type":"ListItem","position":3,"name":"Galaxy-mehrrollen-boottr\u00c4ger \u2013 GD16 \/ G2572 \u2013 Zul\u00e4ssiges Gesamtgewicht 3200 Kg \u2013 2 Achsen"}]},{"@type":"WebSite","@id":"https:\/\/sagrinex.com\/#website","url":"https:\/\/sagrinex.com\/","name":"Sagrinex \u2013 Spezialist f\u00fcr Anh\u00e4nger, Container & Landtechnik","description":"Anhaenger, Container &amp; Landtechnik \u2014 Online-Verkauf &amp; kostenloses Angebot","publisher":{"@id":"https:\/\/sagrinex.com\/#organization"},"potentialAction":[{"@type":"SearchAction","target":{"@type":"EntryPoint","urlTemplate":"https:\/\/sagrinex.com\/?s={search_term_string}"},"query-input":{"@type":"PropertyValueSpecification","valueRequired":true,"valueName":"search_term_string"}}],"inLanguage":"de"},{"@type":"Organization","@id":"https:\/\/sagrinex.com\/#organization","name":"Sagrinex \u2013 Remorques, Conteneurs & Mat\u00e9riel Agricole","url":"https:\/\/sagrinex.com\/","logo":{"@type":"ImageObject","inLanguage":"de","@id":"https:\/\/sagrinex.com\/#\/schema\/logo\/image\/","url":"https:\/\/sagrinex.com\/wp-content\/uploads\/2026\/03\/7f1ac463-ef5a-425d-bdd6-a5da03a334a9-1024x683.png","contentUrl":"https:\/\/sagrinex.com\/wp-content\/uploads\/2026\/03\/7f1ac463-ef5a-425d-bdd6-a5da03a334a9-1024x683.png","width":1024,"height":683,"caption":"Sagrinex \u2013 Remorques, Conteneurs & Mat\u00e9riel Agricole"},"image":{"@id":"https:\/\/sagrinex.com\/#\/schema\/logo\/image\/"}}]}},"jetpack_sharing_enabled":true,"_links":{"self":[{"href":"https:\/\/sagrinex.com\/de\/wp-json\/wp\/v2\/product\/14196","targetHints":{"allow":["GET"]}}],"collection":[{"href":"https:\/\/sagrinex.com\/de\/wp-json\/wp\/v2\/product"}],"about":[{"href":"https:\/\/sagrinex.com\/de\/wp-json\/wp\/v2\/types\/product"}],"replies":[{"embeddable":true,"href":"https:\/\/sagrinex.com\/de\/wp-json\/wp\/v2\/comments?post=14196"}],"version-history":[{"count":0,"href":"https:\/\/sagrinex.com\/de\/wp-json\/wp\/v2\/product\/14196\/revisions"}],"wp:featuredmedia":[{"embeddable":true,"href":"https:\/\/sagrinex.com\/de\/wp-json\/wp\/v2\/media\/16377"}],"wp:attachment":[{"href":"https:\/\/sagrinex.com\/de\/wp-json\/wp\/v2\/media?parent=14196"}],"wp:term":[{"taxonomy":"product_brand","embeddable":true,"href":"https:\/\/sagrinex.com\/de\/wp-json\/wp\/v2\/product_brand?post=14196"},{"taxonomy":"product_cat","embeddable":true,"href":"https:\/\/sagrinex.com\/de\/wp-json\/wp\/v2\/product_cat?post=14196"},{"taxonomy":"product_tag","embeddable":true,"href":"https:\/\/sagrinex.com\/de\/wp-json\/wp\/v2\/product_tag?post=14196"}],"curies":[{"name":"wp","href":"https:\/\/api.w.org\/{rel}","templated":true}]}}