{"id":14198,"date":"2026-03-17T16:06:59","date_gmt":"2026-03-17T16:06:59","guid":{"rendered":"https:\/\/sagrinex.com\/produit\/versenkbare-bootsrampe-sun-way-d1857-zulaessiges-gesamtgewicht-750kg-rollen-kit-1-achse\/"},"modified":"2026-04-15T21:12:12","modified_gmt":"2026-04-15T21:12:12","slug":"versenkbare-bootsrampe-sun-way-d1857-zulaessiges-gesamtgewicht-750kg-rollen-kit-1-achse","status":"publish","type":"product","link":"https:\/\/sagrinex.com\/de\/produit\/versenkbare-bootsrampe-sun-way-d1857-zulaessiges-gesamtgewicht-750kg-rollen-kit-1-achse\/","title":{"rendered":"Versenkbare Bootsrampe Sun Way &#8211; D1857 &#8211; Zul\u00c4ssiges Gesamtgewicht: 750KG &#8211; Rollen-kit &#8211; 1 Achse"},"content":{"rendered":"<p>Dieser<strong> tauchbare Bootsanh\u00e4nger<\/strong><strong> <\/strong>mit einem <strong>abstufbaren zGG<\/strong> von 2835\/3000\/3500 Kg erm\u00f6glicht das Zu-Wasser-Lassen und Aus-dem-Wasser-Holen Ihres Bootes (V-Rumpf, Jolle, Schlauchboot etc.) im Handumdrehen.<br \/>\nBeachten Sie jedoch, dass dieser tauchbare Anh\u00e4nger (<strong>wasserdichte Beleuchtung, Naben und Bremsscheiben<\/strong>) Sie nicht davon befreit, ihn zu pflegen und im Gegenteil viel Wartung nach der Nutzung erfordert.<\/p>\n<ul>\n<li>Tauchbar<\/li>\n<li>Kotfl\u00fcgel und Beschl\u00e4ge aus EDELSTAHL<\/li>\n<li>Wasserdichte LED-Festbeleuchtung<\/li>\n<li>\u00d6lbad-Naben<\/li>\n<li>Verstellbare Windenhalterung<\/li>\n<li>2 Trittbretter<\/li>\n<li>Zurr\u00f6sen an den Traversen<\/li>\n<li>Konstruktion mit L\u00e4ngstr\u00e4gern f\u00fcr bessere Stabilit\u00e4t auf der Stra\u00dfe<\/li>\n<\/ul>\n<p>Mit einer gro\u00dfen Auswahl an Bootsanh\u00e4ngern auf Lager und auf Bestellung kann<strong> Sagrinex <\/strong>Sie bei Ihrem Kauf entsprechend<strong> Ihren Erwartungen<\/strong> in Bezug auf<strong> Nutzung<\/strong>, <strong>Qualit\u00e4t <\/strong>und<strong> Budget <\/strong>beraten.<\/p>\n<p>&nbsp;<\/p>\n","protected":false},"excerpt":{"rendered":"<p>Der versenkbare Bootsanh\u00e4nger mit Rollen-Option Sun Way erm\u00f6glicht das vereinfachte Zu-Wasser-Lassen und Aus-dem-Wasser-Holen eines Bootes vom Typ V-Rumpf, Jolle mit einer maximalen Rumpfl\u00e4nge von 4,3 m.<\/p>\n<div class=\"mod_fa_champspersonnalisables_v14_liste\">\n<div class=\"mod_fa_champspersonnalisables_v14_titre\"><strong>zGG: <\/strong><span class=\"mod_fa_champspersonnalisables_v14_valeur\">750 Kg<\/span><\/div>\n<\/div>\n<div class=\"mod_fa_champspersonnalisables_v14_liste\">\n<div class=\"mod_fa_champspersonnalisables_v14_titre\"><strong>Leergewicht: <\/strong><span class=\"mod_fa_champspersonnalisables_v14_valeur\">200 Kg<\/span><\/div>\n<\/div>\n<div class=\"mod_fa_champspersonnalisables_v14_liste\">\n<div class=\"mod_fa_champspersonnalisables_v14_titre\"><strong>Nutzlast: <\/strong><span class=\"mod_fa_champspersonnalisables_v14_valeur\">max. 550 Kg<\/span><\/div>\n<\/div>\n<div class=\"mod_fa_champspersonnalisables_v14_liste\">\n<div class=\"mod_fa_champspersonnalisables_v14_titre\"><strong>Au\u00dfenabmessungen: <\/strong><span class=\"mod_fa_champspersonnalisables_v14_valeur\">533 x 185 x H74 cm<\/span><\/div>\n<\/div>\n<div class=\"mod_fa_champspersonnalisables_v14_liste\">\n<div class=\"mod_fa_champspersonnalisables_v14_titre\"><strong>Max. Bootsl\u00e4nge: <\/strong><span class=\"mod_fa_champspersonnalisables_v14_valeur\">4,30 m Rumpf<\/span><\/div>\n<\/div>\n<div class=\"mod_fa_champspersonnalisables_v14_liste\">\n<div class=\"mod_fa_champspersonnalisables_v14_titre\"><strong>Deichsel: <\/strong><span class=\"mod_fa_champspersonnalisables_v14_valeur\">Hei\u00dfverzinkt in V-Form<\/span><\/div>\n<\/div>\n<div class=\"mod_fa_champspersonnalisables_v14_liste\">\n<div class=\"mod_fa_champspersonnalisables_v14_titre\"><strong>Fahrgestelltyp: <\/strong><span class=\"mod_fa_champspersonnalisables_v14_valeur\">Hei\u00dfverzinkt<\/span><\/div>\n<\/div>\n<div class=\"mod_fa_champspersonnalisables_v14_liste\">\n<div class=\"mod_fa_champspersonnalisables_v14_titre\"><strong>R\u00e4der: <\/strong><span class=\"mod_fa_champspersonnalisables_v14_valeur\">155\/70R13<\/span><\/div>\n<\/div>\n<div class=\"mod_fa_champspersonnalisables_v14_liste\">\n<div class=\"mod_fa_champspersonnalisables_v14_titre\"><strong>Ausstattung: <\/strong><span class=\"mod_fa_champspersonnalisables_v14_valeur\">Ungebremste Achse mit \u00d6lbadnabe \/ Wasserdichte LED-Leuchten \/ Kotfl\u00fcgel und Beschl\u00e4ge EDELSTAHL \/ Winde 1 Gang \/ Feste Windenhalterung und Bugauflage \/ St\u00fctzrad Durchmesser 48<\/span><\/div>\n<\/div>\n","protected":false},"featured_media":16601,"comment_status":"open","ping_status":"closed","template":"","meta":[],"product_brand":[],"product_cat":[357,352],"product_tag":[],"class_list":{"0":"post-14198","1":"product","2":"type-product","3":"status-publish","4":"has-post-thumbnail","6":"product_cat-nautische-anhaenger","7":"product_cat-unsere-trailer","9":"first","10":"instock","11":"shipping-taxable","12":"purchasable","13":"product-type-simple"},"yoast_head":"<!-- This site is optimized with the Yoast SEO plugin v27.4 - https:\/\/yoast.com\/product\/yoast-seo-wordpress\/ -->\n<title>VERSENKBARE BOOTSRAMPE SUN WAY - D1857 - ZUL\u00c4SSIGES GESAMTGEWICHT: 750KG - ROLLEN-KIT - 1 ACHSE<\/title>\n<meta name=\"description\" content=\"Der versenkbare Bootstrailer mit Rollenoption Sun Way erm\u00f6glicht das vereinfachte Zu-Wasser-Lassen und Aus-dem-Wasser-Holen eines Bootes vom Typ V-Rumpf, Jolle mit einer maximalen Rumpfl\u00e4nge von 4,3 m.\" \/>\n<meta name=\"robots\" content=\"index, follow, max-snippet:-1, max-image-preview:large, max-video-preview:-1\" \/>\n<link rel=\"canonical\" href=\"https:\/\/sagrinex.com\/produit\/porte-bateau-immergeable-sun-way-d1857-ptac-750kg-kit-rouleaux-1-essieu\/\" \/>\n<meta property=\"og:locale\" content=\"de_DE\" \/>\n<meta property=\"og:type\" content=\"article\" \/>\n<meta property=\"og:title\" content=\"VERSENKBARE BOOTSRAMPE SUN WAY - D1857 - ZUL\u00c4SSIGES GESAMTGEWICHT: 750KG - ROLLEN-KIT - 1 ACHSE\" \/>\n<meta property=\"og:description\" content=\"Der versenkbare Bootstrailer mit Rollenoption Sun Way erm\u00f6glicht das vereinfachte Zu-Wasser-Lassen und Aus-dem-Wasser-Holen eines Bootes vom Typ V-Rumpf, Jolle mit einer maximalen Rumpfl\u00e4nge von 4,3 m.\" \/>\n<meta property=\"og:url\" content=\"https:\/\/sagrinex.com\/produit\/porte-bateau-immergeable-sun-way-d1857-ptac-750kg-kit-rouleaux-1-essieu\/\" \/>\n<meta property=\"og:site_name\" content=\"Sagrinex \u2013 Anhaenger, Container &amp; Landtechnik \ud83c\udf3e\ud83d\ude9c\" \/>\n<meta property=\"article:modified_time\" content=\"2026-04-15T21:12:12+00:00\" \/>\n<meta property=\"og:image\" content=\"https:\/\/sagrinex.com\/wp-content\/uploads\/2026\/03\/Image-63-4.jpeg\" \/>\n\t<meta property=\"og:image:width\" content=\"1000\" \/>\n\t<meta property=\"og:image:height\" content=\"652\" \/>\n\t<meta property=\"og:image:type\" content=\"image\/jpeg\" \/>\n<meta name=\"twitter:card\" content=\"summary_large_image\" \/>\n<meta name=\"twitter:label1\" content=\"Gesch\u00e4tzte Lesezeit\" \/>\n\t<meta name=\"twitter:data1\" content=\"1\u00a0Minute\" \/>\n<script type=\"application\/ld+json\" class=\"yoast-schema-graph\">{\"@context\":\"https:\\\/\\\/schema.org\",\"@graph\":[{\"@type\":\"WebPage\",\"@id\":\"https:\\\/\\\/sagrinex.com\\\/produit\\\/porte-bateau-immergeable-sun-way-d1857-ptac-750kg-kit-rouleaux-1-essieu\\\/\",\"url\":\"https:\\\/\\\/sagrinex.com\\\/produit\\\/porte-bateau-immergeable-sun-way-d1857-ptac-750kg-kit-rouleaux-1-essieu\\\/\",\"name\":\"VERSENKBARE BOOTSRAMPE SUN WAY - D1857 - ZUL\u00c4SSIGES GESAMTGEWICHT: 750KG - ROLLEN-KIT - 1 ACHSE\",\"isPartOf\":{\"@id\":\"https:\\\/\\\/sagrinex.com\\\/#website\"},\"primaryImageOfPage\":{\"@id\":\"https:\\\/\\\/sagrinex.com\\\/produit\\\/porte-bateau-immergeable-sun-way-d1857-ptac-750kg-kit-rouleaux-1-essieu\\\/#primaryimage\"},\"image\":{\"@id\":\"https:\\\/\\\/sagrinex.com\\\/produit\\\/porte-bateau-immergeable-sun-way-d1857-ptac-750kg-kit-rouleaux-1-essieu\\\/#primaryimage\"},\"thumbnailUrl\":\"https:\\\/\\\/sagrinex.com\\\/wp-content\\\/uploads\\\/2026\\\/03\\\/Image-63-4.jpeg\",\"datePublished\":\"2026-03-17T16:06:59+00:00\",\"dateModified\":\"2026-04-15T21:12:12+00:00\",\"description\":\"Der versenkbare Bootstrailer mit Rollenoption Sun Way erm\u00f6glicht das vereinfachte Zu-Wasser-Lassen und Aus-dem-Wasser-Holen eines Bootes vom Typ V-Rumpf, Jolle mit einer maximalen Rumpfl\u00e4nge von 4,3 m.\",\"breadcrumb\":{\"@id\":\"https:\\\/\\\/sagrinex.com\\\/produit\\\/porte-bateau-immergeable-sun-way-d1857-ptac-750kg-kit-rouleaux-1-essieu\\\/#breadcrumb\"},\"inLanguage\":\"de\",\"potentialAction\":[{\"@type\":\"ReadAction\",\"target\":[\"https:\\\/\\\/sagrinex.com\\\/produit\\\/porte-bateau-immergeable-sun-way-d1857-ptac-750kg-kit-rouleaux-1-essieu\\\/\"]}]},{\"@type\":\"ImageObject\",\"inLanguage\":\"de\",\"@id\":\"https:\\\/\\\/sagrinex.com\\\/produit\\\/porte-bateau-immergeable-sun-way-d1857-ptac-750kg-kit-rouleaux-1-essieu\\\/#primaryimage\",\"url\":\"https:\\\/\\\/sagrinex.com\\\/wp-content\\\/uploads\\\/2026\\\/03\\\/Image-63-4.jpeg\",\"contentUrl\":\"https:\\\/\\\/sagrinex.com\\\/wp-content\\\/uploads\\\/2026\\\/03\\\/Image-63-4.jpeg\",\"width\":1000,\"height\":652},{\"@type\":\"BreadcrumbList\",\"@id\":\"https:\\\/\\\/sagrinex.com\\\/produit\\\/porte-bateau-immergeable-sun-way-d1857-ptac-750kg-kit-rouleaux-1-essieu\\\/#breadcrumb\",\"itemListElement\":[{\"@type\":\"ListItem\",\"position\":1,\"name\":\"Accueil\",\"item\":\"https:\\\/\\\/sagrinex.com\\\/?lang=de\"},{\"@type\":\"ListItem\",\"position\":2,\"name\":\"Shop\",\"item\":\"https:\\\/\\\/sagrinex.com\\\/shop\\\/\"},{\"@type\":\"ListItem\",\"position\":3,\"name\":\"Versenkbare Bootsrampe Sun Way &#8211; D1857 &#8211; Zul\u00c4ssiges Gesamtgewicht: 750KG &#8211; Rollen-kit &#8211; 1 Achse\"}]},{\"@type\":\"WebSite\",\"@id\":\"https:\\\/\\\/sagrinex.com\\\/#website\",\"url\":\"https:\\\/\\\/sagrinex.com\\\/\",\"name\":\"Sagrinex \u2013 Spezialist f\u00fcr Anh\u00e4nger, Container & Landtechnik\",\"description\":\"Anhaenger, Container &amp; Landtechnik \u2014 Online-Verkauf &amp; kostenloses Angebot\",\"publisher\":{\"@id\":\"https:\\\/\\\/sagrinex.com\\\/#organization\"},\"potentialAction\":[{\"@type\":\"SearchAction\",\"target\":{\"@type\":\"EntryPoint\",\"urlTemplate\":\"https:\\\/\\\/sagrinex.com\\\/?s={search_term_string}\"},\"query-input\":{\"@type\":\"PropertyValueSpecification\",\"valueRequired\":true,\"valueName\":\"search_term_string\"}}],\"inLanguage\":\"de\"},{\"@type\":\"Organization\",\"@id\":\"https:\\\/\\\/sagrinex.com\\\/#organization\",\"name\":\"Sagrinex \u2013 Remorques, Conteneurs & Mat\u00e9riel Agricole\",\"url\":\"https:\\\/\\\/sagrinex.com\\\/\",\"logo\":{\"@type\":\"ImageObject\",\"inLanguage\":\"de\",\"@id\":\"https:\\\/\\\/sagrinex.com\\\/#\\\/schema\\\/logo\\\/image\\\/\",\"url\":\"https:\\\/\\\/sagrinex.com\\\/wp-content\\\/uploads\\\/2026\\\/03\\\/7f1ac463-ef5a-425d-bdd6-a5da03a334a9-1024x683.png\",\"contentUrl\":\"https:\\\/\\\/sagrinex.com\\\/wp-content\\\/uploads\\\/2026\\\/03\\\/7f1ac463-ef5a-425d-bdd6-a5da03a334a9-1024x683.png\",\"width\":1024,\"height\":683,\"caption\":\"Sagrinex \u2013 Remorques, Conteneurs & Mat\u00e9riel Agricole\"},\"image\":{\"@id\":\"https:\\\/\\\/sagrinex.com\\\/#\\\/schema\\\/logo\\\/image\\\/\"}}]}<\/script>\n<!-- \/ Yoast SEO plugin. -->","yoast_head_json":{"title":"VERSENKBARE BOOTSRAMPE SUN WAY - D1857 - ZUL\u00c4SSIGES GESAMTGEWICHT: 750KG - ROLLEN-KIT - 1 ACHSE","description":"Der versenkbare Bootstrailer mit Rollenoption Sun Way erm\u00f6glicht das vereinfachte Zu-Wasser-Lassen und Aus-dem-Wasser-Holen eines Bootes vom Typ V-Rumpf, Jolle mit einer maximalen Rumpfl\u00e4nge von 4,3 m.","robots":{"index":"index","follow":"follow","max-snippet":"max-snippet:-1","max-image-preview":"max-image-preview:large","max-video-preview":"max-video-preview:-1"},"canonical":"https:\/\/sagrinex.com\/produit\/porte-bateau-immergeable-sun-way-d1857-ptac-750kg-kit-rouleaux-1-essieu\/","og_locale":"de_DE","og_type":"article","og_title":"VERSENKBARE BOOTSRAMPE SUN WAY - D1857 - ZUL\u00c4SSIGES GESAMTGEWICHT: 750KG - ROLLEN-KIT - 1 ACHSE","og_description":"Der versenkbare Bootstrailer mit Rollenoption Sun Way erm\u00f6glicht das vereinfachte Zu-Wasser-Lassen und Aus-dem-Wasser-Holen eines Bootes vom Typ V-Rumpf, Jolle mit einer maximalen Rumpfl\u00e4nge von 4,3 m.","og_url":"https:\/\/sagrinex.com\/produit\/porte-bateau-immergeable-sun-way-d1857-ptac-750kg-kit-rouleaux-1-essieu\/","og_site_name":"Sagrinex \u2013 Anhaenger, Container &amp; Landtechnik \ud83c\udf3e\ud83d\ude9c","article_modified_time":"2026-04-15T21:12:12+00:00","og_image":[{"width":1000,"height":652,"url":"https:\/\/sagrinex.com\/wp-content\/uploads\/2026\/03\/Image-63-4.jpeg","type":"image\/jpeg"}],"twitter_card":"summary_large_image","twitter_misc":{"Gesch\u00e4tzte Lesezeit":"1\u00a0Minute"},"schema":{"@context":"https:\/\/schema.org","@graph":[{"@type":"WebPage","@id":"https:\/\/sagrinex.com\/produit\/porte-bateau-immergeable-sun-way-d1857-ptac-750kg-kit-rouleaux-1-essieu\/","url":"https:\/\/sagrinex.com\/produit\/porte-bateau-immergeable-sun-way-d1857-ptac-750kg-kit-rouleaux-1-essieu\/","name":"VERSENKBARE BOOTSRAMPE SUN WAY - D1857 - ZUL\u00c4SSIGES GESAMTGEWICHT: 750KG - ROLLEN-KIT - 1 ACHSE","isPartOf":{"@id":"https:\/\/sagrinex.com\/#website"},"primaryImageOfPage":{"@id":"https:\/\/sagrinex.com\/produit\/porte-bateau-immergeable-sun-way-d1857-ptac-750kg-kit-rouleaux-1-essieu\/#primaryimage"},"image":{"@id":"https:\/\/sagrinex.com\/produit\/porte-bateau-immergeable-sun-way-d1857-ptac-750kg-kit-rouleaux-1-essieu\/#primaryimage"},"thumbnailUrl":"https:\/\/sagrinex.com\/wp-content\/uploads\/2026\/03\/Image-63-4.jpeg","datePublished":"2026-03-17T16:06:59+00:00","dateModified":"2026-04-15T21:12:12+00:00","description":"Der versenkbare Bootstrailer mit Rollenoption Sun Way erm\u00f6glicht das vereinfachte Zu-Wasser-Lassen und Aus-dem-Wasser-Holen eines Bootes vom Typ V-Rumpf, Jolle mit einer maximalen Rumpfl\u00e4nge von 4,3 m.","breadcrumb":{"@id":"https:\/\/sagrinex.com\/produit\/porte-bateau-immergeable-sun-way-d1857-ptac-750kg-kit-rouleaux-1-essieu\/#breadcrumb"},"inLanguage":"de","potentialAction":[{"@type":"ReadAction","target":["https:\/\/sagrinex.com\/produit\/porte-bateau-immergeable-sun-way-d1857-ptac-750kg-kit-rouleaux-1-essieu\/"]}]},{"@type":"ImageObject","inLanguage":"de","@id":"https:\/\/sagrinex.com\/produit\/porte-bateau-immergeable-sun-way-d1857-ptac-750kg-kit-rouleaux-1-essieu\/#primaryimage","url":"https:\/\/sagrinex.com\/wp-content\/uploads\/2026\/03\/Image-63-4.jpeg","contentUrl":"https:\/\/sagrinex.com\/wp-content\/uploads\/2026\/03\/Image-63-4.jpeg","width":1000,"height":652},{"@type":"BreadcrumbList","@id":"https:\/\/sagrinex.com\/produit\/porte-bateau-immergeable-sun-way-d1857-ptac-750kg-kit-rouleaux-1-essieu\/#breadcrumb","itemListElement":[{"@type":"ListItem","position":1,"name":"Accueil","item":"https:\/\/sagrinex.com\/?lang=de"},{"@type":"ListItem","position":2,"name":"Shop","item":"https:\/\/sagrinex.com\/shop\/"},{"@type":"ListItem","position":3,"name":"Versenkbare Bootsrampe Sun Way &#8211; D1857 &#8211; Zul\u00c4ssiges Gesamtgewicht: 750KG &#8211; Rollen-kit &#8211; 1 Achse"}]},{"@type":"WebSite","@id":"https:\/\/sagrinex.com\/#website","url":"https:\/\/sagrinex.com\/","name":"Sagrinex \u2013 Spezialist f\u00fcr Anh\u00e4nger, Container & Landtechnik","description":"Anhaenger, Container &amp; Landtechnik \u2014 Online-Verkauf &amp; kostenloses Angebot","publisher":{"@id":"https:\/\/sagrinex.com\/#organization"},"potentialAction":[{"@type":"SearchAction","target":{"@type":"EntryPoint","urlTemplate":"https:\/\/sagrinex.com\/?s={search_term_string}"},"query-input":{"@type":"PropertyValueSpecification","valueRequired":true,"valueName":"search_term_string"}}],"inLanguage":"de"},{"@type":"Organization","@id":"https:\/\/sagrinex.com\/#organization","name":"Sagrinex \u2013 Remorques, Conteneurs & Mat\u00e9riel Agricole","url":"https:\/\/sagrinex.com\/","logo":{"@type":"ImageObject","inLanguage":"de","@id":"https:\/\/sagrinex.com\/#\/schema\/logo\/image\/","url":"https:\/\/sagrinex.com\/wp-content\/uploads\/2026\/03\/7f1ac463-ef5a-425d-bdd6-a5da03a334a9-1024x683.png","contentUrl":"https:\/\/sagrinex.com\/wp-content\/uploads\/2026\/03\/7f1ac463-ef5a-425d-bdd6-a5da03a334a9-1024x683.png","width":1024,"height":683,"caption":"Sagrinex \u2013 Remorques, Conteneurs & Mat\u00e9riel Agricole"},"image":{"@id":"https:\/\/sagrinex.com\/#\/schema\/logo\/image\/"}}]}},"jetpack_sharing_enabled":true,"_links":{"self":[{"href":"https:\/\/sagrinex.com\/de\/wp-json\/wp\/v2\/product\/14198","targetHints":{"allow":["GET"]}}],"collection":[{"href":"https:\/\/sagrinex.com\/de\/wp-json\/wp\/v2\/product"}],"about":[{"href":"https:\/\/sagrinex.com\/de\/wp-json\/wp\/v2\/types\/product"}],"replies":[{"embeddable":true,"href":"https:\/\/sagrinex.com\/de\/wp-json\/wp\/v2\/comments?post=14198"}],"version-history":[{"count":0,"href":"https:\/\/sagrinex.com\/de\/wp-json\/wp\/v2\/product\/14198\/revisions"}],"wp:featuredmedia":[{"embeddable":true,"href":"https:\/\/sagrinex.com\/de\/wp-json\/wp\/v2\/media\/16601"}],"wp:attachment":[{"href":"https:\/\/sagrinex.com\/de\/wp-json\/wp\/v2\/media?parent=14198"}],"wp:term":[{"taxonomy":"product_brand","embeddable":true,"href":"https:\/\/sagrinex.com\/de\/wp-json\/wp\/v2\/product_brand?post=14198"},{"taxonomy":"product_cat","embeddable":true,"href":"https:\/\/sagrinex.com\/de\/wp-json\/wp\/v2\/product_cat?post=14198"},{"taxonomy":"product_tag","embeddable":true,"href":"https:\/\/sagrinex.com\/de\/wp-json\/wp\/v2\/product_tag?post=14198"}],"curies":[{"name":"wp","href":"https:\/\/api.w.org\/{rel}","templated":true}]}}