{"id":14200,"date":"2026-03-16T23:05:13","date_gmt":"2026-03-16T23:05:13","guid":{"rendered":"https:\/\/sagrinex.com\/produit\/bootswagen-kaputter-anhaenger-sw655-zulaessiges-gesamtgewicht-900-kg-1-achse\/"},"modified":"2026-04-15T21:12:12","modified_gmt":"2026-04-15T21:12:12","slug":"bootswagen-kaputter-anhaenger-sw655-zulaessiges-gesamtgewicht-900-kg-1-achse","status":"publish","type":"product","link":"https:\/\/sagrinex.com\/de\/produit\/bootswagen-kaputter-anhaenger-sw655-zulaessiges-gesamtgewicht-900-kg-1-achse\/","title":{"rendered":"Bootswagen \u2013 Kaputter Anh\u00c4nger \u2013 SW655 \u2013 Zul\u00e4ssiges Gesamtgewicht: 900 Kg \u2013 1 Achse"},"content":{"rendered":"<p>Der <strong>Sun Way Bootsanh\u00e4nger<\/strong> ist speziell f\u00fcr den <strong>sicheren Transport<\/strong> und das <strong>einfache Zuwasserlassen<\/strong> von Festrumpf-, Langkiel- oder Halbstarrbooten konzipiert. Dank seiner <strong>neigbaren Deichsel<\/strong> und seiner <strong>zentralen Rollenbahn<\/strong> erleichtert er das Man\u00f6vrieren auch auf leicht geneigten Slipanlagen erheblich.<\/p>\n<ul>\n<li><strong>Zul\u00e4ssiges Gesamtgewicht:<\/strong> 900 kg (auf 750 kg deklassierbar)<\/li>\n<li><strong>Leermasse:<\/strong> 250 kg<\/li>\n<li><strong>Maximale Nutzlast:<\/strong> 650 kg<\/li>\n<li><strong>Maximale Rumpfl\u00e4nge:<\/strong> 6,40 m<\/li>\n<li><strong>Gesamtabmessungen:<\/strong> 740 x 160 x 73 cm<\/li>\n<li><strong>Pfeil:<\/strong> Gerade feuerverzinkt<\/li>\n<li><strong>Fahrgestell:<\/strong> Feuerverzinkt<\/li>\n<li><strong>R\u00e4der:<\/strong> 185\/70 R13<\/li>\n<\/ul>\n<p>Die <strong>neigbare Deichsel<\/strong> dieses Anh\u00e4ngers erleichtert das Zuwasserlassen und Bergen des Bootes erheblich, selbst auf leicht geneigten Slipanlagen. Diese Funktion reduziert den erforderlichen k\u00f6rperlichen Aufwand und minimiert das Risiko einer Besch\u00e4digung des Rumpfes. Es eignet sich besonders f\u00fcr <strong>Festrumpfboote<\/strong>, <strong>Halbstarrrumpfboote<\/strong> und <strong>Langkiel-Steuerm\u00e4nner<\/strong>.<\/p>\n<p>Dank seiner <strong>zentralen Rollenschiene<\/strong> sorgt dieser Anh\u00e4nger f\u00fcr eine <strong>pr\u00e4zise Ausrichtung<\/strong> des Bootes beim Beladen und verringert so die Gefahr eines seitlichen Umkippens. Dieses System ist ideal f\u00fcr Boote mit einer maximalen L\u00e4nge von <strong>6,40 m<\/strong> und garantiert sicheren Halt beim Transport, auch auf Langstreckenfahrten.<\/p>\n<p>Der <strong>feuerverzinkte Stahlrahmen<\/strong> bietet <strong>optimalen Schutz vor Korrosion<\/strong>, ein entscheidendes Element f\u00fcr den Einsatz im Meeresumfeld. Um seine Lebensdauer zu verl\u00e4ngern, wird empfohlen, den Anh\u00e4nger nach jedem Eintauchen zu sp\u00fclen, um Salzr\u00fcckst\u00e4nde zu entfernen und einen vorzeitigen Verschlei\u00df der Metallkomponenten zu vermeiden.<\/p>\n<p>Ausgestattet mit <strong>185\/70 R13-R\u00e4dern<\/strong> garantiert dieser Anh\u00e4nger <strong>hervorragende Stra\u00dfenlage<\/strong> und <strong>optimale Stabilit\u00e4t<\/strong>, auch bei schwerer Beladung. F\u00fcr eine optimale Wartung wird empfohlen, den Reifendruck und den Zustand der Lager regelm\u00e4\u00dfig zu \u00fcberpr\u00fcfen, um maximale Sicherheit im Stra\u00dfenverkehr zu gew\u00e4hrleisten.<\/p>\n<ul>\n<li>Achssp\u00fclsatz<\/li>\n<li>Ersatzrad mit Halterung<\/li>\n<li>Elektrische Winde mit wasserdichtem Batterie-Aufbewahrungskasten<\/li>\n<\/ul>\n<ul>\n<li>Standardm\u00e4\u00dfig mit <strong>Goliath-Seilwinden<\/strong> und St\u00fctzr\u00e4dern ausgestattet<\/li>\n<li>Hochwertige Fertigung f\u00fcr<strong>gute Haltbarkeit<\/strong> bei h\u00e4ufigem Gebrauch<\/li>\n<li>Einfach zu verwenden und h\u00e4lt im Laufe der Zeit<\/li>\n<li>Hei\u00dfverzinkter Stahlrahmen<\/li>\n<li><strong>Lichtplatte<\/strong> <strong>abnehmbar<\/strong> aus Kunststoff zum Schutz vor Rost<\/li>\n<li><strong>Zugelassen<\/strong> f\u00fcr den legalen Stra\u00dfentransport<\/li>\n<\/ul>\n<p>Sagrinex verf\u00fcgt \u00fcber den gr\u00f6\u00dften Bestand an Kippdeichselanh\u00e4ngern. Vergleichen Sie und fragen Sie unsere Experten um Rat, um das ideale Modell f\u00fcr Ihr Boot zu finden.<\/p>\n<p>F\u00fcr die Fahrt auf der Stra\u00dfe ist bei kippbaren Bootsanh\u00e4ngern die Erstellung eines Fahrzeugscheins (zul\u00e4ssiges Gesamtgewicht > 500 kg) erforderlich.<\/p>\n","protected":false},"excerpt":{"rendered":"<p>Der Sun Way-Bootsanh\u00e4nger ist f\u00fcr den sicheren Transport und das vereinfachte Zuwasserlassen von Festrumpf- und Halbstarrbooten konzipiert. Seine kippbare Deichsel erleichtert das Beladen, w\u00e4hrend sein verzinkter Rahmen eine gute Korrosionsbest\u00e4ndigkeit bietet.<\/p>\n<div class=\"mod_fa_customizablefields_v14_list\">\n<div class=\"mod_fa_champspersonnalisables_v14_titre\"><strong>Zul\u00e4ssiges Gesamtgewicht: <\/strong><span class=\"mod_fa_champspersonnalisables_v14_value\">900 kg<\/span><\/div>\n<\/div>\n<div class=\"mod_fa_customizablefields_v14_list\">\n<div class=\"mod_fa_champspersonnalisables_v14_titre\"><strong>Leermasse: <\/strong><span class=\"mod_fa_champspersonnalisables_v14_value\">250 kg<\/span><\/div>\n<\/div>\n<div class=\"mod_fa_customizablefields_v14_list\">\n<div class=\"mod_fa_champspersonnalisables_v14_titre\"><strong>Nutzlast: <\/strong><span class=\"mod_fa_champspersonnalisables_v14_value\">maximal 650 kg<\/span><\/div>\n<\/div>\n<div class=\"mod_fa_customizablefields_v14_list\">\n<div class=\"mod_fa_champspersonnalisables_v14_titre\"><strong>N\u00fctzliche Abmessungen: <\/strong><span class=\"mod_fa_champspersonnalisables_v14_value\">Zwischen 4,20 und 4,70 m<\/span><\/div>\n<\/div>\n<div class=\"mod_fa_customizablefields_v14_list\">\n<div class=\"mod_fa_champspersonnalisables_v14_titre\"><strong>Gesamtabmessungen: <\/strong><span class=\"mod_fa_champspersonnalisables_v14_value\">470 x 160 x H73 cm<\/span><\/div>\n<\/div>\n<div class=\"mod_fa_customizablefields_v14_list\">\n<div class=\"mod_fa_champspersonnalisables_v14_titre\"><strong>Maximale L\u00e4nge des Bootes: <\/strong><span class=\"mod_fa_champspersonnalisables_v14_valeur\">4,70 m Rumpf<\/span><\/div>\n<\/div>\n<div class=\"mod_fa_customizablefields_v14_list\">\n<div class=\"mod_fa_champspersonnalisables_v14_title\"><strong>Pfeil: <\/strong><span class=\"mod_fa_champspersonnalisables_v14_value\">Rechts feuerverzinkt<\/span><\/div>\n<\/div>\n<div class=\"mod_fa_customizablefields_v14_list\">\n<div class=\"mod_fa_champspersonnalisables_v14_title\"><strong>Schublade: <\/strong><span class=\"mod_fa_champspersonnalisables_v14_value\">Kippbar<\/span><\/div>\n<\/div>\n<div class=\"mod_fa_customizablefields_v14_list\">\n<div class=\"mod_fa_champspersonnalisables_v14_titre\"><strong>Rahmentyp: <\/strong><span class=\"mod_fa_champspersonnalisables_v14_value\">Feuerverzinkt<\/span><\/div>\n<\/div>\n<div class=\"mod_fa_customizablefields_v14_list\">\n<div class=\"mod_fa_champspersonnalisables_v14_titre\"><strong>R\u00e4der: <\/strong><span class=\"mod_fa_champspersonnalisables_v14_valeur\">175\/70R13<\/span><\/div>\n<\/div>\n<div class=\"mod_fa_customizablefields_v14_list\">\n<div class=\"mod_fa_champspersonnalisables_v14_titre\"><strong>Ausstattung: <\/strong><span class=\"mod_fa_champspersonnalisables_v14_valeur\">Windenhalterung + Standard-Gurtwinde \/ Standard-R\u00fccklichtplatte aus Kunststoff \/ An das Chassis geschwei\u00dfte Zurrhaken<\/span><\/div>\n<\/div>\n","protected":false},"featured_media":16495,"comment_status":"open","ping_status":"closed","template":"","meta":[],"product_brand":[],"product_cat":[357,352],"product_tag":[],"class_list":{"0":"post-14200","1":"product","2":"type-product","3":"status-publish","4":"has-post-thumbnail","6":"product_cat-nautische-anhaenger","7":"product_cat-unsere-trailer","9":"first","10":"instock","11":"shipping-taxable","12":"purchasable","13":"product-type-simple"},"yoast_head":"<!-- This site is optimized with the Yoast SEO plugin v27.4 - https:\/\/yoast.com\/product\/yoast-seo-wordpress\/ -->\n<title>BOOTSWAGEN \u2013 KAPUTTER ANH\u00c4NGER \u2013 SW655 \u2013 zul\u00e4ssiges Gesamtgewicht: 900 kg \u2013 1 Achse<\/title>\n<meta name=\"description\" content=\"Der Sun Way-Bootsanh\u00e4nger ist f\u00fcr den sicheren Transport und das vereinfachte Zuwasserlassen von Festrumpf- und Halbstarrbooten konzipiert. Seine kippbare Deichsel erleichtert das Beladen, w\u00e4hrend sein verzinkter Rahmen eine gute Korrosionsbest\u00e4ndigkeit bietet.\" \/>\n<meta name=\"robots\" content=\"index, follow, max-snippet:-1, max-image-preview:large, max-video-preview:-1\" \/>\n<link rel=\"canonical\" href=\"https:\/\/sagrinex.com\/produit\/porte-bateau-remorque-cassante-sw655-ptac-900kg-1-essieu\/\" \/>\n<meta property=\"og:locale\" content=\"de_DE\" \/>\n<meta property=\"og:type\" content=\"article\" \/>\n<meta property=\"og:title\" content=\"BOOTSWAGEN \u2013 KAPUTTER ANH\u00c4NGER \u2013 SW655 \u2013 zul\u00e4ssiges Gesamtgewicht: 900 kg \u2013 1 Achse\" \/>\n<meta property=\"og:description\" content=\"Der Sun Way-Bootsanh\u00e4nger ist f\u00fcr den sicheren Transport und das vereinfachte Zuwasserlassen von Festrumpf- und Halbstarrbooten konzipiert. Seine kippbare Deichsel erleichtert das Beladen, w\u00e4hrend sein verzinkter Rahmen eine gute Korrosionsbest\u00e4ndigkeit bietet.\" \/>\n<meta property=\"og:url\" content=\"https:\/\/sagrinex.com\/produit\/porte-bateau-remorque-cassante-sw655-ptac-900kg-1-essieu\/\" \/>\n<meta property=\"og:site_name\" content=\"Sagrinex \u2013 Anhaenger, Container &amp; Landtechnik \ud83c\udf3e\ud83d\ude9c\" \/>\n<meta property=\"article:modified_time\" content=\"2026-04-15T21:12:12+00:00\" \/>\n<meta property=\"og:image\" content=\"https:\/\/sagrinex.com\/wp-content\/uploads\/2026\/03\/Image-482-1.jpeg\" \/>\n\t<meta property=\"og:image:width\" content=\"1000\" \/>\n\t<meta property=\"og:image:height\" content=\"653\" \/>\n\t<meta property=\"og:image:type\" content=\"image\/jpeg\" \/>\n<meta name=\"twitter:card\" content=\"summary_large_image\" \/>\n<meta name=\"twitter:label1\" content=\"Gesch\u00e4tzte Lesezeit\" \/>\n\t<meta name=\"twitter:data1\" content=\"2\u00a0Minuten\" \/>\n<script type=\"application\/ld+json\" class=\"yoast-schema-graph\">{\"@context\":\"https:\\\/\\\/schema.org\",\"@graph\":[{\"@type\":\"WebPage\",\"@id\":\"https:\\\/\\\/sagrinex.com\\\/produit\\\/porte-bateau-remorque-cassante-sw655-ptac-900kg-1-essieu\\\/\",\"url\":\"https:\\\/\\\/sagrinex.com\\\/produit\\\/porte-bateau-remorque-cassante-sw655-ptac-900kg-1-essieu\\\/\",\"name\":\"BOOTSWAGEN \u2013 KAPUTTER ANH\u00c4NGER \u2013 SW655 \u2013 zul\u00e4ssiges Gesamtgewicht: 900 kg \u2013 1 Achse\",\"isPartOf\":{\"@id\":\"https:\\\/\\\/sagrinex.com\\\/#website\"},\"primaryImageOfPage\":{\"@id\":\"https:\\\/\\\/sagrinex.com\\\/produit\\\/porte-bateau-remorque-cassante-sw655-ptac-900kg-1-essieu\\\/#primaryimage\"},\"image\":{\"@id\":\"https:\\\/\\\/sagrinex.com\\\/produit\\\/porte-bateau-remorque-cassante-sw655-ptac-900kg-1-essieu\\\/#primaryimage\"},\"thumbnailUrl\":\"https:\\\/\\\/sagrinex.com\\\/wp-content\\\/uploads\\\/2026\\\/03\\\/Image-482-1.jpeg\",\"datePublished\":\"2026-03-16T23:05:13+00:00\",\"dateModified\":\"2026-04-15T21:12:12+00:00\",\"description\":\"Der Sun Way-Bootsanh\u00e4nger ist f\u00fcr den sicheren Transport und das vereinfachte Zuwasserlassen von Festrumpf- und Halbstarrbooten konzipiert. Seine kippbare Deichsel erleichtert das Beladen, w\u00e4hrend sein verzinkter Rahmen eine gute Korrosionsbest\u00e4ndigkeit bietet.\",\"breadcrumb\":{\"@id\":\"https:\\\/\\\/sagrinex.com\\\/produit\\\/porte-bateau-remorque-cassante-sw655-ptac-900kg-1-essieu\\\/#breadcrumb\"},\"inLanguage\":\"de\",\"potentialAction\":[{\"@type\":\"ReadAction\",\"target\":[\"https:\\\/\\\/sagrinex.com\\\/produit\\\/porte-bateau-remorque-cassante-sw655-ptac-900kg-1-essieu\\\/\"]}]},{\"@type\":\"ImageObject\",\"inLanguage\":\"de\",\"@id\":\"https:\\\/\\\/sagrinex.com\\\/produit\\\/porte-bateau-remorque-cassante-sw655-ptac-900kg-1-essieu\\\/#primaryimage\",\"url\":\"https:\\\/\\\/sagrinex.com\\\/wp-content\\\/uploads\\\/2026\\\/03\\\/Image-482-1.jpeg\",\"contentUrl\":\"https:\\\/\\\/sagrinex.com\\\/wp-content\\\/uploads\\\/2026\\\/03\\\/Image-482-1.jpeg\",\"width\":1000,\"height\":653},{\"@type\":\"BreadcrumbList\",\"@id\":\"https:\\\/\\\/sagrinex.com\\\/produit\\\/porte-bateau-remorque-cassante-sw655-ptac-900kg-1-essieu\\\/#breadcrumb\",\"itemListElement\":[{\"@type\":\"ListItem\",\"position\":1,\"name\":\"Accueil\",\"item\":\"https:\\\/\\\/sagrinex.com\\\/?lang=de\"},{\"@type\":\"ListItem\",\"position\":2,\"name\":\"Shop\",\"item\":\"https:\\\/\\\/sagrinex.com\\\/shop\\\/\"},{\"@type\":\"ListItem\",\"position\":3,\"name\":\"Bootswagen \u2013 Kaputter Anh\u00c4nger \u2013 SW655 \u2013 Zul\u00e4ssiges Gesamtgewicht: 900 Kg \u2013 1 Achse\"}]},{\"@type\":\"WebSite\",\"@id\":\"https:\\\/\\\/sagrinex.com\\\/#website\",\"url\":\"https:\\\/\\\/sagrinex.com\\\/\",\"name\":\"Sagrinex \u2013 Spezialist f\u00fcr Anh\u00e4nger, Container & Landtechnik\",\"description\":\"Anhaenger, Container &amp; Landtechnik \u2014 Online-Verkauf &amp; kostenloses Angebot\",\"publisher\":{\"@id\":\"https:\\\/\\\/sagrinex.com\\\/#organization\"},\"potentialAction\":[{\"@type\":\"SearchAction\",\"target\":{\"@type\":\"EntryPoint\",\"urlTemplate\":\"https:\\\/\\\/sagrinex.com\\\/?s={search_term_string}\"},\"query-input\":{\"@type\":\"PropertyValueSpecification\",\"valueRequired\":true,\"valueName\":\"search_term_string\"}}],\"inLanguage\":\"de\"},{\"@type\":\"Organization\",\"@id\":\"https:\\\/\\\/sagrinex.com\\\/#organization\",\"name\":\"Sagrinex \u2013 Remorques, Conteneurs & Mat\u00e9riel Agricole\",\"url\":\"https:\\\/\\\/sagrinex.com\\\/\",\"logo\":{\"@type\":\"ImageObject\",\"inLanguage\":\"de\",\"@id\":\"https:\\\/\\\/sagrinex.com\\\/#\\\/schema\\\/logo\\\/image\\\/\",\"url\":\"https:\\\/\\\/sagrinex.com\\\/wp-content\\\/uploads\\\/2026\\\/03\\\/7f1ac463-ef5a-425d-bdd6-a5da03a334a9-1024x683.png\",\"contentUrl\":\"https:\\\/\\\/sagrinex.com\\\/wp-content\\\/uploads\\\/2026\\\/03\\\/7f1ac463-ef5a-425d-bdd6-a5da03a334a9-1024x683.png\",\"width\":1024,\"height\":683,\"caption\":\"Sagrinex \u2013 Remorques, Conteneurs & Mat\u00e9riel Agricole\"},\"image\":{\"@id\":\"https:\\\/\\\/sagrinex.com\\\/#\\\/schema\\\/logo\\\/image\\\/\"}}]}<\/script>\n<!-- \/ Yoast SEO plugin. -->","yoast_head_json":{"title":"BOOTSWAGEN \u2013 KAPUTTER ANH\u00c4NGER \u2013 SW655 \u2013 zul\u00e4ssiges Gesamtgewicht: 900 kg \u2013 1 Achse","description":"Der Sun Way-Bootsanh\u00e4nger ist f\u00fcr den sicheren Transport und das vereinfachte Zuwasserlassen von Festrumpf- und Halbstarrbooten konzipiert. Seine kippbare Deichsel erleichtert das Beladen, w\u00e4hrend sein verzinkter Rahmen eine gute Korrosionsbest\u00e4ndigkeit bietet.","robots":{"index":"index","follow":"follow","max-snippet":"max-snippet:-1","max-image-preview":"max-image-preview:large","max-video-preview":"max-video-preview:-1"},"canonical":"https:\/\/sagrinex.com\/produit\/porte-bateau-remorque-cassante-sw655-ptac-900kg-1-essieu\/","og_locale":"de_DE","og_type":"article","og_title":"BOOTSWAGEN \u2013 KAPUTTER ANH\u00c4NGER \u2013 SW655 \u2013 zul\u00e4ssiges Gesamtgewicht: 900 kg \u2013 1 Achse","og_description":"Der Sun Way-Bootsanh\u00e4nger ist f\u00fcr den sicheren Transport und das vereinfachte Zuwasserlassen von Festrumpf- und Halbstarrbooten konzipiert. Seine kippbare Deichsel erleichtert das Beladen, w\u00e4hrend sein verzinkter Rahmen eine gute Korrosionsbest\u00e4ndigkeit bietet.","og_url":"https:\/\/sagrinex.com\/produit\/porte-bateau-remorque-cassante-sw655-ptac-900kg-1-essieu\/","og_site_name":"Sagrinex \u2013 Anhaenger, Container &amp; Landtechnik \ud83c\udf3e\ud83d\ude9c","article_modified_time":"2026-04-15T21:12:12+00:00","og_image":[{"width":1000,"height":653,"url":"https:\/\/sagrinex.com\/wp-content\/uploads\/2026\/03\/Image-482-1.jpeg","type":"image\/jpeg"}],"twitter_card":"summary_large_image","twitter_misc":{"Gesch\u00e4tzte Lesezeit":"2\u00a0Minuten"},"schema":{"@context":"https:\/\/schema.org","@graph":[{"@type":"WebPage","@id":"https:\/\/sagrinex.com\/produit\/porte-bateau-remorque-cassante-sw655-ptac-900kg-1-essieu\/","url":"https:\/\/sagrinex.com\/produit\/porte-bateau-remorque-cassante-sw655-ptac-900kg-1-essieu\/","name":"BOOTSWAGEN \u2013 KAPUTTER ANH\u00c4NGER \u2013 SW655 \u2013 zul\u00e4ssiges Gesamtgewicht: 900 kg \u2013 1 Achse","isPartOf":{"@id":"https:\/\/sagrinex.com\/#website"},"primaryImageOfPage":{"@id":"https:\/\/sagrinex.com\/produit\/porte-bateau-remorque-cassante-sw655-ptac-900kg-1-essieu\/#primaryimage"},"image":{"@id":"https:\/\/sagrinex.com\/produit\/porte-bateau-remorque-cassante-sw655-ptac-900kg-1-essieu\/#primaryimage"},"thumbnailUrl":"https:\/\/sagrinex.com\/wp-content\/uploads\/2026\/03\/Image-482-1.jpeg","datePublished":"2026-03-16T23:05:13+00:00","dateModified":"2026-04-15T21:12:12+00:00","description":"Der Sun Way-Bootsanh\u00e4nger ist f\u00fcr den sicheren Transport und das vereinfachte Zuwasserlassen von Festrumpf- und Halbstarrbooten konzipiert. Seine kippbare Deichsel erleichtert das Beladen, w\u00e4hrend sein verzinkter Rahmen eine gute Korrosionsbest\u00e4ndigkeit bietet.","breadcrumb":{"@id":"https:\/\/sagrinex.com\/produit\/porte-bateau-remorque-cassante-sw655-ptac-900kg-1-essieu\/#breadcrumb"},"inLanguage":"de","potentialAction":[{"@type":"ReadAction","target":["https:\/\/sagrinex.com\/produit\/porte-bateau-remorque-cassante-sw655-ptac-900kg-1-essieu\/"]}]},{"@type":"ImageObject","inLanguage":"de","@id":"https:\/\/sagrinex.com\/produit\/porte-bateau-remorque-cassante-sw655-ptac-900kg-1-essieu\/#primaryimage","url":"https:\/\/sagrinex.com\/wp-content\/uploads\/2026\/03\/Image-482-1.jpeg","contentUrl":"https:\/\/sagrinex.com\/wp-content\/uploads\/2026\/03\/Image-482-1.jpeg","width":1000,"height":653},{"@type":"BreadcrumbList","@id":"https:\/\/sagrinex.com\/produit\/porte-bateau-remorque-cassante-sw655-ptac-900kg-1-essieu\/#breadcrumb","itemListElement":[{"@type":"ListItem","position":1,"name":"Accueil","item":"https:\/\/sagrinex.com\/?lang=de"},{"@type":"ListItem","position":2,"name":"Shop","item":"https:\/\/sagrinex.com\/shop\/"},{"@type":"ListItem","position":3,"name":"Bootswagen \u2013 Kaputter Anh\u00c4nger \u2013 SW655 \u2013 Zul\u00e4ssiges Gesamtgewicht: 900 Kg \u2013 1 Achse"}]},{"@type":"WebSite","@id":"https:\/\/sagrinex.com\/#website","url":"https:\/\/sagrinex.com\/","name":"Sagrinex \u2013 Spezialist f\u00fcr Anh\u00e4nger, Container & Landtechnik","description":"Anhaenger, Container &amp; Landtechnik \u2014 Online-Verkauf &amp; kostenloses Angebot","publisher":{"@id":"https:\/\/sagrinex.com\/#organization"},"potentialAction":[{"@type":"SearchAction","target":{"@type":"EntryPoint","urlTemplate":"https:\/\/sagrinex.com\/?s={search_term_string}"},"query-input":{"@type":"PropertyValueSpecification","valueRequired":true,"valueName":"search_term_string"}}],"inLanguage":"de"},{"@type":"Organization","@id":"https:\/\/sagrinex.com\/#organization","name":"Sagrinex \u2013 Remorques, Conteneurs & Mat\u00e9riel Agricole","url":"https:\/\/sagrinex.com\/","logo":{"@type":"ImageObject","inLanguage":"de","@id":"https:\/\/sagrinex.com\/#\/schema\/logo\/image\/","url":"https:\/\/sagrinex.com\/wp-content\/uploads\/2026\/03\/7f1ac463-ef5a-425d-bdd6-a5da03a334a9-1024x683.png","contentUrl":"https:\/\/sagrinex.com\/wp-content\/uploads\/2026\/03\/7f1ac463-ef5a-425d-bdd6-a5da03a334a9-1024x683.png","width":1024,"height":683,"caption":"Sagrinex \u2013 Remorques, Conteneurs & Mat\u00e9riel Agricole"},"image":{"@id":"https:\/\/sagrinex.com\/#\/schema\/logo\/image\/"}}]}},"jetpack_sharing_enabled":true,"_links":{"self":[{"href":"https:\/\/sagrinex.com\/de\/wp-json\/wp\/v2\/product\/14200","targetHints":{"allow":["GET"]}}],"collection":[{"href":"https:\/\/sagrinex.com\/de\/wp-json\/wp\/v2\/product"}],"about":[{"href":"https:\/\/sagrinex.com\/de\/wp-json\/wp\/v2\/types\/product"}],"replies":[{"embeddable":true,"href":"https:\/\/sagrinex.com\/de\/wp-json\/wp\/v2\/comments?post=14200"}],"version-history":[{"count":0,"href":"https:\/\/sagrinex.com\/de\/wp-json\/wp\/v2\/product\/14200\/revisions"}],"wp:featuredmedia":[{"embeddable":true,"href":"https:\/\/sagrinex.com\/de\/wp-json\/wp\/v2\/media\/16495"}],"wp:attachment":[{"href":"https:\/\/sagrinex.com\/de\/wp-json\/wp\/v2\/media?parent=14200"}],"wp:term":[{"taxonomy":"product_brand","embeddable":true,"href":"https:\/\/sagrinex.com\/de\/wp-json\/wp\/v2\/product_brand?post=14200"},{"taxonomy":"product_cat","embeddable":true,"href":"https:\/\/sagrinex.com\/de\/wp-json\/wp\/v2\/product_cat?post=14200"},{"taxonomy":"product_tag","embeddable":true,"href":"https:\/\/sagrinex.com\/de\/wp-json\/wp\/v2\/product_tag?post=14200"}],"curies":[{"name":"wp","href":"https:\/\/api.w.org\/{rel}","templated":true}]}}