{"id":14201,"date":"2026-03-17T14:46:32","date_gmt":"2026-03-17T14:46:32","guid":{"rendered":"https:\/\/sagrinex.com\/produit\/anhaenger-g500j-1-achse-gesamtgewicht-650-kg\/"},"modified":"2026-04-15T21:12:12","modified_gmt":"2026-04-15T21:12:12","slug":"anhaenger-g500j-1-achse-gesamtgewicht-650-kg","status":"publish","type":"product","link":"https:\/\/sagrinex.com\/de\/produit\/anhaenger-g500j-1-achse-gesamtgewicht-650-kg\/","title":{"rendered":"Anh\u00c4nger G500J 1 Achse &#8211; Gesamtgewicht: 650 Kg"},"content":{"rendered":"<p>Der Anh\u00e4nger <strong>Sun Way G500J<\/strong> ist speziell f\u00fcr den <strong>Transport eines Standard-Jetskis<\/strong> konzipiert. Ideal f\u00fcr den regelm\u00e4\u00dfigen Zuwasserlassen, aber auch f\u00fcr den Transport eines <strong>Fischerboots oder eines Anbaus<\/strong> geeignet. Sein <strong>feuerverzinktes Fahrgestell<\/strong> und sein V-f\u00f6rmiger Ausleger bieten optimale Korrosionsbest\u00e4ndigkeit, auch im maritimen Einsatz. Es ist f\u00fcr den Stra\u00dfenverkehr zugelassen und erm\u00f6glicht den sicheren und vorschriftsm\u00e4\u00dfigen Transport Ihres Freizeitbootes.<\/p>\n<ul>\n<li><strong>Zul\u00e4ssiges Gesamtgewicht:<\/strong> 650 kg<\/li>\n<li><strong>Leermasse:<\/strong> 150 kg<\/li>\n<li><strong>Nutzlast:<\/strong> 500 kg<\/li>\n<li><strong>Nutzma\u00dfe:<\/strong> 427 x 160 cm<\/li>\n<li><strong>Maximale Rumpfl\u00e4nge:<\/strong> 3,40 m<\/li>\n<li><strong>Achse:<\/strong> ungebremst 650 Kg mit \u00d6lbadnabe<\/li>\n<li><strong>Fahrgestell:<\/strong> feuerverzinkt<\/li>\n<li><strong>Pfeil:<\/strong> V-f\u00f6rmig verzinkt<\/li>\n<li><strong>R\u00e4der:<\/strong> 155\/70R13<\/li>\n<li><strong>St\u00fctzrad:<\/strong> Durchmesser 48 mm<\/li>\n<li><strong>Winde:<\/strong> 1 Gang mit Schleppunterst\u00fctzung<\/li>\n<li><strong>Lichtleiste:<\/strong> abnehmbar<\/li>\n<\/ul>\n<p>Die an der Achse vorhandene <strong>\u00d6lbadnabe<\/strong> erm\u00f6glicht eine bessere Schmierung und eine l\u00e4ngere Lebensdauer, auch bei intensiver Nutzung im Salzwasser. Dies ist ein echter Gewinn f\u00fcr Vielnutzer im Meeresumfeld.<\/p>\n<p>Der <strong>abnehmbare Lichtstreifen<\/strong> erleichtert den Startvorgang, ohne das Risiko einer Besch\u00e4digung des Beleuchtungssystems einzugehen und gleichzeitig die Verkehrssicherheitsstandards einzuhalten.<\/p>\n<p>Dank seiner <strong>vollverzinkten Struktur<\/strong> ist der Anh\u00e4nger wirksam korrosionsbest\u00e4ndig und eignet sich daher besonders f\u00fcr den regelm\u00e4\u00dfigen K\u00fcsteneinsatz.<\/p>\n<p>Das <strong>48-mm-St\u00fctzrad<\/strong> erm\u00f6glicht ein einfaches Man\u00f6vrieren des Anh\u00e4ngers im leeren oder beladenen Zustand und verbessert die Stabilit\u00e4t beim Parken oder Ankuppeln.<\/p>\n<ul>\n<li>Reserveradhalterung<\/li>\n<li>13-Zoll-Ersatzrad<\/li>\n<li>Pfeilsperre<\/li>\n<li>Haltegurt-Set<\/li>\n<li>Zentrierhilfe f\u00fcr Jetski<\/li>\n<\/ul>\n<ul>\n<li>Robustes und tauchf\u00e4higes Chassis, geeignet f\u00fcr den Einsatz auf See<\/li>\n<li>Design kompatibel mit den meisten Jetskis auf dem Markt<\/li>\n<li>Vereinfachte Wartung durch integrierte Verzinkung<\/li>\n<li>Effizientes und einstellbares Windensystem<\/li>\n<\/ul>\n<p>Profitieren Sie von der <strong>gr\u00f6\u00dften Auswahl an Bootsanh\u00e4ngern<\/strong> bei Sagrinex, mit kompetentem Kundenservice und der M\u00f6glichkeit, Ihren Anh\u00e4nger entsprechend Ihren Bed\u00fcrfnissen zu personalisieren (Zubeh\u00f6r, Anpassungen, Wartungsberatung).<\/p>\n","protected":false},"excerpt":{"rendered":"<p>Sun Way G500J 1-Sitzer-Jetski-Anh\u00e4nger, stra\u00dfenzugelassen. Zul\u00e4ssiges Gesamtgewicht 650 kg, Nutzlast 500 kg, verzinktes Fahrgestell, ungebremste Achse mit \u00d6lbadnabe. Ideal zum einfachen Zuwasserlassen von Jetskis oder kleinen Booten.<\/p>\n<div class=\"mod_fa_customizablefields_v14_list\">\n<div class=\"mod_fa_champspersonnalisables_v14_titre\"><strong>Zul\u00e4ssiges Gesamtgewicht: <\/strong><span class=\"mod_fa_champspersonnalisables_v14_value\">650 kg<\/span><\/div>\n<\/div>\n<div class=\"mod_fa_customizablefields_v14_list\">\n<div class=\"mod_fa_champspersonnalisables_v14_titre\"><strong>Leermasse: <\/strong><span class=\"mod_fa_champspersonnalisables_v14_value\">150 kg<\/span><\/div>\n<div class=\"mod_fa_champspersonnalisables_v14_valeurs\"><strong>Nutzlast: <\/strong><span class=\"mod_fa_champspersonnalisables_v14_valeur\">500 kg<\/span><\/div>\n<\/div>\n<div class=\"mod_fa_customizablefields_v14_list\">\n<div class=\"mod_fa_champspersonnalisables_v14_titre\"><strong>Nutzma\u00dfe: <\/strong><span class=\"mod_fa_champspersonnalisables_v14_value\">427 x 160 cm<\/span><\/div>\n<\/div>\n<div class=\"mod_fa_customizablefields_v14_list\">\n<div class=\"mod_fa_champspersonnalisables_v14_titre\"><strong>Maximale L\u00e4nge des Bootes: <\/strong><span class=\"mod_fa_champspersonnalisables_v14_valeur\">3,4 Meter Rumpf<\/span><\/div>\n<\/div>\n<div class=\"mod_fa_customizablefields_v14_list\">\n<div class=\"mod_fa_champspersonnalisables_v14_titre\"><strong>Achswiderstand(e): <\/strong><span class=\"mod_fa_champspersonnalisables_v14_value\">650 kg<\/span><\/div>\n<\/div>\n<div class=\"mod_fa_customizablefields_v14_list\">\n<div class=\"mod_fa_champspersonnalisables_v14_title\"><strong>Pfeil: <\/strong><span class=\"mod_fa_champspersonnalisables_v14_value\">Feuerverzinkt in V<\/span><\/div>\n<\/div>\n<div class=\"mod_fa_customizablefields_v14_list\">\n<div class=\"mod_fa_champspersonnalisables_v14_titre\"><strong>Rahmentyp: <\/strong><span class=\"mod_fa_champspersonnalisables_v14_value\">Feuerverzinkt<\/span><\/div>\n<\/div>\n<div class=\"mod_fa_customizablefields_v14_list\">\n<div class=\"mod_fa_champspersonnalisables_v14_title\"><strong>R\u00e4der: <\/strong><span class=\"mod_fa_champspersonnalisables_v14_valeur\">155\/70R13<\/span><\/div>\n<\/div>\n<div class=\"mod_fa_customizablefields_v14_list\">\n<div class=\"mod_fa_champspersonnalisables_v14_titre\"><strong>Ausstattung: <\/strong><span class=\"mod_fa_champspersonalisables_v14_valeur\">Ungebremste Achse mit \u00d6lbadnabe \/ Abnehmbare Lichtleiste \/ 1-Gang-Winde \/ St\u00fctzraddurchmesser 48<\/span><\/div>\n<\/div>\n","protected":false},"featured_media":16566,"comment_status":"open","ping_status":"closed","template":"","meta":[],"product_brand":[],"product_cat":[357,352],"product_tag":[],"class_list":{"0":"post-14201","1":"product","2":"type-product","3":"status-publish","4":"has-post-thumbnail","6":"product_cat-nautische-anhaenger","7":"product_cat-unsere-trailer","9":"first","10":"instock","11":"shipping-taxable","12":"purchasable","13":"product-type-simple"},"yoast_head":"<!-- This site is optimized with the Yoast SEO plugin v27.4 - https:\/\/yoast.com\/product\/yoast-seo-wordpress\/ -->\n<title>ANH\u00c4NGER G500J 1 ACHSE - Gesamtgewicht: 650 kg<\/title>\n<meta name=\"description\" content=\"Sun Way G500J 1-Sitzer-Jetski-Anh\u00e4nger, stra\u00dfenzugelassen. Zul\u00e4ssiges Gesamtgewicht 650 kg, Nutzlast 500 kg, verzinktes Fahrgestell, ungebremste Achse mit \u00d6lbadnabe. Ideal zum einfachen Zuwasserlassen von Jetskis oder kleinen Booten.\" \/>\n<meta name=\"robots\" content=\"index, follow, max-snippet:-1, max-image-preview:large, max-video-preview:-1\" \/>\n<link rel=\"canonical\" href=\"https:\/\/sagrinex.com\/produit\/remorque-g500j-1-essieu-ptac-650kg\/\" \/>\n<meta property=\"og:locale\" content=\"de_DE\" \/>\n<meta property=\"og:type\" content=\"article\" \/>\n<meta property=\"og:title\" content=\"ANH\u00c4NGER G500J 1 ACHSE - Gesamtgewicht: 650 kg\" \/>\n<meta property=\"og:description\" content=\"Sun Way G500J 1-Sitzer-Jetski-Anh\u00e4nger, stra\u00dfenzugelassen. Zul\u00e4ssiges Gesamtgewicht 650 kg, Nutzlast 500 kg, verzinktes Fahrgestell, ungebremste Achse mit \u00d6lbadnabe. Ideal zum einfachen Zuwasserlassen von Jetskis oder kleinen Booten.\" \/>\n<meta property=\"og:url\" content=\"https:\/\/sagrinex.com\/produit\/remorque-g500j-1-essieu-ptac-650kg\/\" \/>\n<meta property=\"og:site_name\" content=\"Sagrinex \u2013 Anhaenger, Container &amp; Landtechnik \ud83c\udf3e\ud83d\ude9c\" \/>\n<meta property=\"article:modified_time\" content=\"2026-04-15T21:12:12+00:00\" \/>\n<meta property=\"og:image\" content=\"https:\/\/sagrinex.com\/wp-content\/uploads\/2026\/03\/Image-27-4.jpeg\" \/>\n\t<meta property=\"og:image:width\" content=\"1000\" \/>\n\t<meta property=\"og:image:height\" content=\"651\" \/>\n\t<meta property=\"og:image:type\" content=\"image\/jpeg\" \/>\n<meta name=\"twitter:card\" content=\"summary_large_image\" \/>\n<meta name=\"twitter:label1\" content=\"Gesch\u00e4tzte Lesezeit\" \/>\n\t<meta name=\"twitter:data1\" content=\"1\u00a0Minute\" \/>\n<script type=\"application\/ld+json\" class=\"yoast-schema-graph\">{\"@context\":\"https:\\\/\\\/schema.org\",\"@graph\":[{\"@type\":\"WebPage\",\"@id\":\"https:\\\/\\\/sagrinex.com\\\/produit\\\/remorque-g500j-1-essieu-ptac-650kg\\\/\",\"url\":\"https:\\\/\\\/sagrinex.com\\\/produit\\\/remorque-g500j-1-essieu-ptac-650kg\\\/\",\"name\":\"ANH\u00c4NGER G500J 1 ACHSE - Gesamtgewicht: 650 kg\",\"isPartOf\":{\"@id\":\"https:\\\/\\\/sagrinex.com\\\/#website\"},\"primaryImageOfPage\":{\"@id\":\"https:\\\/\\\/sagrinex.com\\\/produit\\\/remorque-g500j-1-essieu-ptac-650kg\\\/#primaryimage\"},\"image\":{\"@id\":\"https:\\\/\\\/sagrinex.com\\\/produit\\\/remorque-g500j-1-essieu-ptac-650kg\\\/#primaryimage\"},\"thumbnailUrl\":\"https:\\\/\\\/sagrinex.com\\\/wp-content\\\/uploads\\\/2026\\\/03\\\/Image-27-4.jpeg\",\"datePublished\":\"2026-03-17T14:46:32+00:00\",\"dateModified\":\"2026-04-15T21:12:12+00:00\",\"description\":\"Sun Way G500J 1-Sitzer-Jetski-Anh\u00e4nger, stra\u00dfenzugelassen. Zul\u00e4ssiges Gesamtgewicht 650 kg, Nutzlast 500 kg, verzinktes Fahrgestell, ungebremste Achse mit \u00d6lbadnabe. Ideal zum einfachen Zuwasserlassen von Jetskis oder kleinen Booten.\",\"breadcrumb\":{\"@id\":\"https:\\\/\\\/sagrinex.com\\\/produit\\\/remorque-g500j-1-essieu-ptac-650kg\\\/#breadcrumb\"},\"inLanguage\":\"de\",\"potentialAction\":[{\"@type\":\"ReadAction\",\"target\":[\"https:\\\/\\\/sagrinex.com\\\/produit\\\/remorque-g500j-1-essieu-ptac-650kg\\\/\"]}]},{\"@type\":\"ImageObject\",\"inLanguage\":\"de\",\"@id\":\"https:\\\/\\\/sagrinex.com\\\/produit\\\/remorque-g500j-1-essieu-ptac-650kg\\\/#primaryimage\",\"url\":\"https:\\\/\\\/sagrinex.com\\\/wp-content\\\/uploads\\\/2026\\\/03\\\/Image-27-4.jpeg\",\"contentUrl\":\"https:\\\/\\\/sagrinex.com\\\/wp-content\\\/uploads\\\/2026\\\/03\\\/Image-27-4.jpeg\",\"width\":1000,\"height\":651},{\"@type\":\"BreadcrumbList\",\"@id\":\"https:\\\/\\\/sagrinex.com\\\/produit\\\/remorque-g500j-1-essieu-ptac-650kg\\\/#breadcrumb\",\"itemListElement\":[{\"@type\":\"ListItem\",\"position\":1,\"name\":\"Accueil\",\"item\":\"https:\\\/\\\/sagrinex.com\\\/?lang=de\"},{\"@type\":\"ListItem\",\"position\":2,\"name\":\"Shop\",\"item\":\"https:\\\/\\\/sagrinex.com\\\/shop\\\/\"},{\"@type\":\"ListItem\",\"position\":3,\"name\":\"Anh\u00c4nger G500J 1 Achse &#8211; Gesamtgewicht: 650 Kg\"}]},{\"@type\":\"WebSite\",\"@id\":\"https:\\\/\\\/sagrinex.com\\\/#website\",\"url\":\"https:\\\/\\\/sagrinex.com\\\/\",\"name\":\"Sagrinex \u2013 Spezialist f\u00fcr Anh\u00e4nger, Container & Landtechnik\",\"description\":\"Anhaenger, Container &amp; Landtechnik \u2014 Online-Verkauf &amp; kostenloses Angebot\",\"publisher\":{\"@id\":\"https:\\\/\\\/sagrinex.com\\\/#organization\"},\"potentialAction\":[{\"@type\":\"SearchAction\",\"target\":{\"@type\":\"EntryPoint\",\"urlTemplate\":\"https:\\\/\\\/sagrinex.com\\\/?s={search_term_string}\"},\"query-input\":{\"@type\":\"PropertyValueSpecification\",\"valueRequired\":true,\"valueName\":\"search_term_string\"}}],\"inLanguage\":\"de\"},{\"@type\":\"Organization\",\"@id\":\"https:\\\/\\\/sagrinex.com\\\/#organization\",\"name\":\"Sagrinex \u2013 Remorques, Conteneurs & Mat\u00e9riel Agricole\",\"url\":\"https:\\\/\\\/sagrinex.com\\\/\",\"logo\":{\"@type\":\"ImageObject\",\"inLanguage\":\"de\",\"@id\":\"https:\\\/\\\/sagrinex.com\\\/#\\\/schema\\\/logo\\\/image\\\/\",\"url\":\"https:\\\/\\\/sagrinex.com\\\/wp-content\\\/uploads\\\/2026\\\/03\\\/7f1ac463-ef5a-425d-bdd6-a5da03a334a9-1024x683.png\",\"contentUrl\":\"https:\\\/\\\/sagrinex.com\\\/wp-content\\\/uploads\\\/2026\\\/03\\\/7f1ac463-ef5a-425d-bdd6-a5da03a334a9-1024x683.png\",\"width\":1024,\"height\":683,\"caption\":\"Sagrinex \u2013 Remorques, Conteneurs & Mat\u00e9riel Agricole\"},\"image\":{\"@id\":\"https:\\\/\\\/sagrinex.com\\\/#\\\/schema\\\/logo\\\/image\\\/\"}}]}<\/script>\n<!-- \/ Yoast SEO plugin. -->","yoast_head_json":{"title":"ANH\u00c4NGER G500J 1 ACHSE - Gesamtgewicht: 650 kg","description":"Sun Way G500J 1-Sitzer-Jetski-Anh\u00e4nger, stra\u00dfenzugelassen. Zul\u00e4ssiges Gesamtgewicht 650 kg, Nutzlast 500 kg, verzinktes Fahrgestell, ungebremste Achse mit \u00d6lbadnabe. Ideal zum einfachen Zuwasserlassen von Jetskis oder kleinen Booten.","robots":{"index":"index","follow":"follow","max-snippet":"max-snippet:-1","max-image-preview":"max-image-preview:large","max-video-preview":"max-video-preview:-1"},"canonical":"https:\/\/sagrinex.com\/produit\/remorque-g500j-1-essieu-ptac-650kg\/","og_locale":"de_DE","og_type":"article","og_title":"ANH\u00c4NGER G500J 1 ACHSE - Gesamtgewicht: 650 kg","og_description":"Sun Way G500J 1-Sitzer-Jetski-Anh\u00e4nger, stra\u00dfenzugelassen. Zul\u00e4ssiges Gesamtgewicht 650 kg, Nutzlast 500 kg, verzinktes Fahrgestell, ungebremste Achse mit \u00d6lbadnabe. Ideal zum einfachen Zuwasserlassen von Jetskis oder kleinen Booten.","og_url":"https:\/\/sagrinex.com\/produit\/remorque-g500j-1-essieu-ptac-650kg\/","og_site_name":"Sagrinex \u2013 Anhaenger, Container &amp; Landtechnik \ud83c\udf3e\ud83d\ude9c","article_modified_time":"2026-04-15T21:12:12+00:00","og_image":[{"width":1000,"height":651,"url":"https:\/\/sagrinex.com\/wp-content\/uploads\/2026\/03\/Image-27-4.jpeg","type":"image\/jpeg"}],"twitter_card":"summary_large_image","twitter_misc":{"Gesch\u00e4tzte Lesezeit":"1\u00a0Minute"},"schema":{"@context":"https:\/\/schema.org","@graph":[{"@type":"WebPage","@id":"https:\/\/sagrinex.com\/produit\/remorque-g500j-1-essieu-ptac-650kg\/","url":"https:\/\/sagrinex.com\/produit\/remorque-g500j-1-essieu-ptac-650kg\/","name":"ANH\u00c4NGER G500J 1 ACHSE - Gesamtgewicht: 650 kg","isPartOf":{"@id":"https:\/\/sagrinex.com\/#website"},"primaryImageOfPage":{"@id":"https:\/\/sagrinex.com\/produit\/remorque-g500j-1-essieu-ptac-650kg\/#primaryimage"},"image":{"@id":"https:\/\/sagrinex.com\/produit\/remorque-g500j-1-essieu-ptac-650kg\/#primaryimage"},"thumbnailUrl":"https:\/\/sagrinex.com\/wp-content\/uploads\/2026\/03\/Image-27-4.jpeg","datePublished":"2026-03-17T14:46:32+00:00","dateModified":"2026-04-15T21:12:12+00:00","description":"Sun Way G500J 1-Sitzer-Jetski-Anh\u00e4nger, stra\u00dfenzugelassen. Zul\u00e4ssiges Gesamtgewicht 650 kg, Nutzlast 500 kg, verzinktes Fahrgestell, ungebremste Achse mit \u00d6lbadnabe. Ideal zum einfachen Zuwasserlassen von Jetskis oder kleinen Booten.","breadcrumb":{"@id":"https:\/\/sagrinex.com\/produit\/remorque-g500j-1-essieu-ptac-650kg\/#breadcrumb"},"inLanguage":"de","potentialAction":[{"@type":"ReadAction","target":["https:\/\/sagrinex.com\/produit\/remorque-g500j-1-essieu-ptac-650kg\/"]}]},{"@type":"ImageObject","inLanguage":"de","@id":"https:\/\/sagrinex.com\/produit\/remorque-g500j-1-essieu-ptac-650kg\/#primaryimage","url":"https:\/\/sagrinex.com\/wp-content\/uploads\/2026\/03\/Image-27-4.jpeg","contentUrl":"https:\/\/sagrinex.com\/wp-content\/uploads\/2026\/03\/Image-27-4.jpeg","width":1000,"height":651},{"@type":"BreadcrumbList","@id":"https:\/\/sagrinex.com\/produit\/remorque-g500j-1-essieu-ptac-650kg\/#breadcrumb","itemListElement":[{"@type":"ListItem","position":1,"name":"Accueil","item":"https:\/\/sagrinex.com\/?lang=de"},{"@type":"ListItem","position":2,"name":"Shop","item":"https:\/\/sagrinex.com\/shop\/"},{"@type":"ListItem","position":3,"name":"Anh\u00c4nger G500J 1 Achse &#8211; Gesamtgewicht: 650 Kg"}]},{"@type":"WebSite","@id":"https:\/\/sagrinex.com\/#website","url":"https:\/\/sagrinex.com\/","name":"Sagrinex \u2013 Spezialist f\u00fcr Anh\u00e4nger, Container & Landtechnik","description":"Anhaenger, Container &amp; Landtechnik \u2014 Online-Verkauf &amp; kostenloses Angebot","publisher":{"@id":"https:\/\/sagrinex.com\/#organization"},"potentialAction":[{"@type":"SearchAction","target":{"@type":"EntryPoint","urlTemplate":"https:\/\/sagrinex.com\/?s={search_term_string}"},"query-input":{"@type":"PropertyValueSpecification","valueRequired":true,"valueName":"search_term_string"}}],"inLanguage":"de"},{"@type":"Organization","@id":"https:\/\/sagrinex.com\/#organization","name":"Sagrinex \u2013 Remorques, Conteneurs & Mat\u00e9riel Agricole","url":"https:\/\/sagrinex.com\/","logo":{"@type":"ImageObject","inLanguage":"de","@id":"https:\/\/sagrinex.com\/#\/schema\/logo\/image\/","url":"https:\/\/sagrinex.com\/wp-content\/uploads\/2026\/03\/7f1ac463-ef5a-425d-bdd6-a5da03a334a9-1024x683.png","contentUrl":"https:\/\/sagrinex.com\/wp-content\/uploads\/2026\/03\/7f1ac463-ef5a-425d-bdd6-a5da03a334a9-1024x683.png","width":1024,"height":683,"caption":"Sagrinex \u2013 Remorques, Conteneurs & Mat\u00e9riel Agricole"},"image":{"@id":"https:\/\/sagrinex.com\/#\/schema\/logo\/image\/"}}]}},"jetpack_sharing_enabled":true,"_links":{"self":[{"href":"https:\/\/sagrinex.com\/de\/wp-json\/wp\/v2\/product\/14201","targetHints":{"allow":["GET"]}}],"collection":[{"href":"https:\/\/sagrinex.com\/de\/wp-json\/wp\/v2\/product"}],"about":[{"href":"https:\/\/sagrinex.com\/de\/wp-json\/wp\/v2\/types\/product"}],"replies":[{"embeddable":true,"href":"https:\/\/sagrinex.com\/de\/wp-json\/wp\/v2\/comments?post=14201"}],"version-history":[{"count":0,"href":"https:\/\/sagrinex.com\/de\/wp-json\/wp\/v2\/product\/14201\/revisions"}],"wp:featuredmedia":[{"embeddable":true,"href":"https:\/\/sagrinex.com\/de\/wp-json\/wp\/v2\/media\/16566"}],"wp:attachment":[{"href":"https:\/\/sagrinex.com\/de\/wp-json\/wp\/v2\/media?parent=14201"}],"wp:term":[{"taxonomy":"product_brand","embeddable":true,"href":"https:\/\/sagrinex.com\/de\/wp-json\/wp\/v2\/product_brand?post=14201"},{"taxonomy":"product_cat","embeddable":true,"href":"https:\/\/sagrinex.com\/de\/wp-json\/wp\/v2\/product_cat?post=14201"},{"taxonomy":"product_tag","embeddable":true,"href":"https:\/\/sagrinex.com\/de\/wp-json\/wp\/v2\/product_tag?post=14201"}],"curies":[{"name":"wp","href":"https:\/\/api.w.org\/{rel}","templated":true}]}}