{"id":14202,"date":"2026-03-17T15:34:45","date_gmt":"2026-03-17T15:34:45","guid":{"rendered":"https:\/\/sagrinex.com\/produit\/kajak-und-board-anhaenger-1-und-2-plaetze-ptac-340-kg\/"},"modified":"2026-04-15T21:12:13","modified_gmt":"2026-04-15T21:12:13","slug":"kajak-und-board-anhaenger-1-und-2-plaetze-ptac-340-kg","status":"publish","type":"product","link":"https:\/\/sagrinex.com\/de\/produit\/kajak-und-board-anhaenger-1-und-2-plaetze-ptac-340-kg\/","title":{"rendered":"Kajak- und Board-anh\u00c4nger &#8211; 1 und 2 Pl\u00c4tze &#8211; Zgg: 340 Kg"},"content":{"rendered":"<p>Dieser zugelassene Anh\u00e4nger ist f\u00fcr den Stra\u00dfentransport von ein oder zwei Ein- oder Zweisitzer-Kajaks sowie von Surfbrettern, Paddeln und Windsurfbrettern mit einer maximalen L\u00e4nge von 5 Metern und einem Gesamtgewicht bis zu <strong>225 kg<\/strong> konzipiert.<\/p>\n<ul>\n<li><strong>PTAC:<\/strong> 340 kg<\/li>\n<li><strong>Leergewicht:<\/strong> 115 kg<\/li>\n<li><strong>Nutzlast:<\/strong> 225 kg<\/li>\n<li><strong>Au\u00dfenabmessungen:<\/strong> 421 x 160 cm<\/li>\n<li><strong>Achse:<\/strong> Kapazit\u00e4t von 340 kg<\/li>\n<li><strong>Deichsel:<\/strong> Gerade, hei\u00dfverzinkt<\/li>\n<li><strong>Rahmen:<\/strong> Hei\u00dfverzinkt<\/li>\n<li><strong>Ausstattung:<\/strong> Halterung f\u00fcr ein Kajak oder ein Brett, hintere Kennzeichnungsplatte<\/li>\n<\/ul>\n<p>Der Anh\u00e4nger ist mit einer <strong>Beleuchtungsplatte aus verzinktem Stahl<\/strong>, <strong>halbstarren Kunststoff-Kotfl\u00fcgeln<\/strong> und <strong>10-Zoll-R\u00e4dern<\/strong> ausgestattet, die eine zuverl\u00e4ssige und langlebige Nutzung gew\u00e4hrleisten. Der Kupplungskopf ist mit allen Standard-Fahrzeugkupplungen kompatibel und sorgt f\u00fcr eine sichere und stabile Verbindung beim Transport.<\/p>\n<p>Dank seiner <strong>leichten<\/strong> und <strong>kompakten Bauweise<\/strong> ist dieser Anh\u00e4nger einfach zu man\u00f6vrieren, auch in engen R\u00e4umen. Seine robuste Struktur erm\u00f6glicht den sicheren Transport von Wassersportausr\u00fcstung, sowohl f\u00fcr kurze als auch f\u00fcr lange Strecken.<\/p>\n<p>Der Anh\u00e4nger ist mit <strong>modularen Halterungen<\/strong> ausgestattet, die es erm\u00f6glichen, den <strong>Abstand zwischen den Tr\u00e4gerkonstruktionen anzupassen<\/strong>, um sich an verschiedene Arten von Kajaks und Brettern anzupassen. Diese Flexibilit\u00e4t erleichtert das Be- und Entladen Ihrer Ausr\u00fcstung und verbessert so Ihr Benutzererlebnis.<\/p>\n<p>F\u00fcr erh\u00f6hte Sicherheit sind <strong>Zurrgurte<\/strong> als Option erh\u00e4ltlich, die gew\u00e4hrleisten, dass Ihre Ausr\u00fcstung w\u00e4hrend des Transports gut an Ort und Stelle bleibt. Zus\u00e4tzlich wird ein Kupplungsschloss angeboten, um Ihren Anh\u00e4nger vor Diebstahl zu sch\u00fctzen, wenn er geparkt ist.<\/p>\n<ul>\n<li>St\u00fctzrad Durchmesser 35 mm<\/li>\n<li>Zurrgurte<\/li>\n<li>Kupplungsschloss<\/li>\n<li>Zurr\u00f6sen<\/li>\n<\/ul>\n<ul>\n<li>Robuste Konstruktion aus hei\u00dfverzinktem Stahl f\u00fcr erh\u00f6hte Langlebigkeit<\/li>\n<li>Leichte Bauweise erleichtert die Man\u00f6vrierbarkeit<\/li>\n<li>Kompatibilit\u00e4t mit einer Vielzahl von Wassersportausr\u00fcstung<\/li>\n<\/ul>\n<p>Mit dem gr\u00f6\u00dften Lagerbestand an Bootsanh\u00e4ngern etabliert sich <strong>Sagrinex<\/strong> als der unverzichtbare Spezialist in Frankreich. Wir bieten Verkaufs-, Reparatur- und Wartungsdienstleistungen.<\/p>\n<p>Dieser Anh\u00e4nger ist f\u00fcr das Fahren auf Nationalstra\u00dfen, Schnellstra\u00dfen und Autobahnen zugelassen. F\u00fcr dieses Modell ist kein Fahrzeugschein erforderlich.<\/p>\n","protected":false},"excerpt":{"rendered":"<p>Kajak- oder Paddelbrett-Anh\u00e4nger, zugelassen f\u00fcr das Fahren auf Nationalstra\u00dfen, Schnellstra\u00dfen und Autobahnen. 1 oder 2 Pl\u00e4tze.<\/p>\n<p>&nbsp;<\/p>\n","protected":false},"featured_media":16581,"comment_status":"open","ping_status":"closed","template":"","meta":[],"product_brand":[],"product_cat":[357,352],"product_tag":[],"class_list":{"0":"post-14202","1":"product","2":"type-product","3":"status-publish","4":"has-post-thumbnail","6":"product_cat-nautische-anhaenger","7":"product_cat-unsere-trailer","9":"first","10":"instock","11":"shipping-taxable","12":"purchasable","13":"product-type-simple"},"yoast_head":"<!-- This site is optimized with the Yoast SEO plugin v27.4 - https:\/\/yoast.com\/product\/yoast-seo-wordpress\/ -->\n<title>KAJAK- &amp; BOARD-ANH\u00c4NGER - 1 UND 2 PL\u00c4TZE - ZUL\u00c4SSIGES GESAMTGEWICHT: 340 KG<\/title>\n<meta name=\"description\" content=\"Kajak- oder Surfbrett-Anh\u00e4nger, zugelassen f\u00fcr das Fahren auf Nationalstra\u00dfen, Schnellstra\u00dfen und Autobahnen. 1 oder 2 Pl\u00e4tze.\" \/>\n<meta name=\"robots\" content=\"index, follow, max-snippet:-1, max-image-preview:large, max-video-preview:-1\" \/>\n<link rel=\"canonical\" href=\"https:\/\/sagrinex.com\/produit\/remorque-porte-kayak-planche-1-et-2-places-ptac-340-kg\/\" \/>\n<meta property=\"og:locale\" content=\"de_DE\" \/>\n<meta property=\"og:type\" content=\"article\" \/>\n<meta property=\"og:title\" content=\"KAJAK- &amp; BOARD-ANH\u00c4NGER - 1 UND 2 PL\u00c4TZE - ZUL\u00c4SSIGES GESAMTGEWICHT: 340 KG\" \/>\n<meta property=\"og:description\" content=\"Kajak- oder Surfbrett-Anh\u00e4nger, zugelassen f\u00fcr das Fahren auf Nationalstra\u00dfen, Schnellstra\u00dfen und Autobahnen. 1 oder 2 Pl\u00e4tze.\" \/>\n<meta property=\"og:url\" content=\"https:\/\/sagrinex.com\/produit\/remorque-porte-kayak-planche-1-et-2-places-ptac-340-kg\/\" \/>\n<meta property=\"og:site_name\" content=\"Sagrinex \u2013 Anhaenger, Container &amp; Landtechnik \ud83c\udf3e\ud83d\ude9c\" \/>\n<meta property=\"article:modified_time\" content=\"2026-04-15T21:12:13+00:00\" \/>\n<meta property=\"og:image\" content=\"https:\/\/sagrinex.com\/wp-content\/uploads\/2026\/03\/Image-42-4.jpeg\" \/>\n\t<meta property=\"og:image:width\" content=\"1000\" \/>\n\t<meta property=\"og:image:height\" content=\"474\" \/>\n\t<meta property=\"og:image:type\" content=\"image\/jpeg\" \/>\n<meta name=\"twitter:card\" content=\"summary_large_image\" \/>\n<meta name=\"twitter:label1\" content=\"Gesch\u00e4tzte Lesezeit\" \/>\n\t<meta name=\"twitter:data1\" content=\"2\u00a0Minuten\" \/>\n<script type=\"application\/ld+json\" class=\"yoast-schema-graph\">{\"@context\":\"https:\\\/\\\/schema.org\",\"@graph\":[{\"@type\":\"WebPage\",\"@id\":\"https:\\\/\\\/sagrinex.com\\\/produit\\\/remorque-porte-kayak-planche-1-et-2-places-ptac-340-kg\\\/\",\"url\":\"https:\\\/\\\/sagrinex.com\\\/produit\\\/remorque-porte-kayak-planche-1-et-2-places-ptac-340-kg\\\/\",\"name\":\"KAJAK- & BOARD-ANH\u00c4NGER - 1 UND 2 PL\u00c4TZE - ZUL\u00c4SSIGES GESAMTGEWICHT: 340 KG\",\"isPartOf\":{\"@id\":\"https:\\\/\\\/sagrinex.com\\\/#website\"},\"primaryImageOfPage\":{\"@id\":\"https:\\\/\\\/sagrinex.com\\\/produit\\\/remorque-porte-kayak-planche-1-et-2-places-ptac-340-kg\\\/#primaryimage\"},\"image\":{\"@id\":\"https:\\\/\\\/sagrinex.com\\\/produit\\\/remorque-porte-kayak-planche-1-et-2-places-ptac-340-kg\\\/#primaryimage\"},\"thumbnailUrl\":\"https:\\\/\\\/sagrinex.com\\\/wp-content\\\/uploads\\\/2026\\\/03\\\/Image-42-4.jpeg\",\"datePublished\":\"2026-03-17T15:34:45+00:00\",\"dateModified\":\"2026-04-15T21:12:13+00:00\",\"description\":\"Kajak- oder Surfbrett-Anh\u00e4nger, zugelassen f\u00fcr das Fahren auf Nationalstra\u00dfen, Schnellstra\u00dfen und Autobahnen. 1 oder 2 Pl\u00e4tze.\",\"breadcrumb\":{\"@id\":\"https:\\\/\\\/sagrinex.com\\\/produit\\\/remorque-porte-kayak-planche-1-et-2-places-ptac-340-kg\\\/#breadcrumb\"},\"inLanguage\":\"de\",\"potentialAction\":[{\"@type\":\"ReadAction\",\"target\":[\"https:\\\/\\\/sagrinex.com\\\/produit\\\/remorque-porte-kayak-planche-1-et-2-places-ptac-340-kg\\\/\"]}]},{\"@type\":\"ImageObject\",\"inLanguage\":\"de\",\"@id\":\"https:\\\/\\\/sagrinex.com\\\/produit\\\/remorque-porte-kayak-planche-1-et-2-places-ptac-340-kg\\\/#primaryimage\",\"url\":\"https:\\\/\\\/sagrinex.com\\\/wp-content\\\/uploads\\\/2026\\\/03\\\/Image-42-4.jpeg\",\"contentUrl\":\"https:\\\/\\\/sagrinex.com\\\/wp-content\\\/uploads\\\/2026\\\/03\\\/Image-42-4.jpeg\",\"width\":1000,\"height\":474},{\"@type\":\"BreadcrumbList\",\"@id\":\"https:\\\/\\\/sagrinex.com\\\/produit\\\/remorque-porte-kayak-planche-1-et-2-places-ptac-340-kg\\\/#breadcrumb\",\"itemListElement\":[{\"@type\":\"ListItem\",\"position\":1,\"name\":\"Accueil\",\"item\":\"https:\\\/\\\/sagrinex.com\\\/?lang=de\"},{\"@type\":\"ListItem\",\"position\":2,\"name\":\"Shop\",\"item\":\"https:\\\/\\\/sagrinex.com\\\/shop\\\/\"},{\"@type\":\"ListItem\",\"position\":3,\"name\":\"Kajak- und Board-anh\u00c4nger &#8211; 1 und 2 Pl\u00c4tze &#8211; Zgg: 340 Kg\"}]},{\"@type\":\"WebSite\",\"@id\":\"https:\\\/\\\/sagrinex.com\\\/#website\",\"url\":\"https:\\\/\\\/sagrinex.com\\\/\",\"name\":\"Sagrinex \u2013 Spezialist f\u00fcr Anh\u00e4nger, Container & Landtechnik\",\"description\":\"Anhaenger, Container &amp; Landtechnik \u2014 Online-Verkauf &amp; kostenloses Angebot\",\"publisher\":{\"@id\":\"https:\\\/\\\/sagrinex.com\\\/#organization\"},\"potentialAction\":[{\"@type\":\"SearchAction\",\"target\":{\"@type\":\"EntryPoint\",\"urlTemplate\":\"https:\\\/\\\/sagrinex.com\\\/?s={search_term_string}\"},\"query-input\":{\"@type\":\"PropertyValueSpecification\",\"valueRequired\":true,\"valueName\":\"search_term_string\"}}],\"inLanguage\":\"de\"},{\"@type\":\"Organization\",\"@id\":\"https:\\\/\\\/sagrinex.com\\\/#organization\",\"name\":\"Sagrinex \u2013 Remorques, Conteneurs & Mat\u00e9riel Agricole\",\"url\":\"https:\\\/\\\/sagrinex.com\\\/\",\"logo\":{\"@type\":\"ImageObject\",\"inLanguage\":\"de\",\"@id\":\"https:\\\/\\\/sagrinex.com\\\/#\\\/schema\\\/logo\\\/image\\\/\",\"url\":\"https:\\\/\\\/sagrinex.com\\\/wp-content\\\/uploads\\\/2026\\\/03\\\/7f1ac463-ef5a-425d-bdd6-a5da03a334a9-1024x683.png\",\"contentUrl\":\"https:\\\/\\\/sagrinex.com\\\/wp-content\\\/uploads\\\/2026\\\/03\\\/7f1ac463-ef5a-425d-bdd6-a5da03a334a9-1024x683.png\",\"width\":1024,\"height\":683,\"caption\":\"Sagrinex \u2013 Remorques, Conteneurs & Mat\u00e9riel Agricole\"},\"image\":{\"@id\":\"https:\\\/\\\/sagrinex.com\\\/#\\\/schema\\\/logo\\\/image\\\/\"}}]}<\/script>\n<!-- \/ Yoast SEO plugin. -->","yoast_head_json":{"title":"KAJAK- & BOARD-ANH\u00c4NGER - 1 UND 2 PL\u00c4TZE - ZUL\u00c4SSIGES GESAMTGEWICHT: 340 KG","description":"Kajak- oder Surfbrett-Anh\u00e4nger, zugelassen f\u00fcr das Fahren auf Nationalstra\u00dfen, Schnellstra\u00dfen und Autobahnen. 1 oder 2 Pl\u00e4tze.","robots":{"index":"index","follow":"follow","max-snippet":"max-snippet:-1","max-image-preview":"max-image-preview:large","max-video-preview":"max-video-preview:-1"},"canonical":"https:\/\/sagrinex.com\/produit\/remorque-porte-kayak-planche-1-et-2-places-ptac-340-kg\/","og_locale":"de_DE","og_type":"article","og_title":"KAJAK- & BOARD-ANH\u00c4NGER - 1 UND 2 PL\u00c4TZE - ZUL\u00c4SSIGES GESAMTGEWICHT: 340 KG","og_description":"Kajak- oder Surfbrett-Anh\u00e4nger, zugelassen f\u00fcr das Fahren auf Nationalstra\u00dfen, Schnellstra\u00dfen und Autobahnen. 1 oder 2 Pl\u00e4tze.","og_url":"https:\/\/sagrinex.com\/produit\/remorque-porte-kayak-planche-1-et-2-places-ptac-340-kg\/","og_site_name":"Sagrinex \u2013 Anhaenger, Container &amp; Landtechnik \ud83c\udf3e\ud83d\ude9c","article_modified_time":"2026-04-15T21:12:13+00:00","og_image":[{"width":1000,"height":474,"url":"https:\/\/sagrinex.com\/wp-content\/uploads\/2026\/03\/Image-42-4.jpeg","type":"image\/jpeg"}],"twitter_card":"summary_large_image","twitter_misc":{"Gesch\u00e4tzte Lesezeit":"2\u00a0Minuten"},"schema":{"@context":"https:\/\/schema.org","@graph":[{"@type":"WebPage","@id":"https:\/\/sagrinex.com\/produit\/remorque-porte-kayak-planche-1-et-2-places-ptac-340-kg\/","url":"https:\/\/sagrinex.com\/produit\/remorque-porte-kayak-planche-1-et-2-places-ptac-340-kg\/","name":"KAJAK- & BOARD-ANH\u00c4NGER - 1 UND 2 PL\u00c4TZE - ZUL\u00c4SSIGES GESAMTGEWICHT: 340 KG","isPartOf":{"@id":"https:\/\/sagrinex.com\/#website"},"primaryImageOfPage":{"@id":"https:\/\/sagrinex.com\/produit\/remorque-porte-kayak-planche-1-et-2-places-ptac-340-kg\/#primaryimage"},"image":{"@id":"https:\/\/sagrinex.com\/produit\/remorque-porte-kayak-planche-1-et-2-places-ptac-340-kg\/#primaryimage"},"thumbnailUrl":"https:\/\/sagrinex.com\/wp-content\/uploads\/2026\/03\/Image-42-4.jpeg","datePublished":"2026-03-17T15:34:45+00:00","dateModified":"2026-04-15T21:12:13+00:00","description":"Kajak- oder Surfbrett-Anh\u00e4nger, zugelassen f\u00fcr das Fahren auf Nationalstra\u00dfen, Schnellstra\u00dfen und Autobahnen. 1 oder 2 Pl\u00e4tze.","breadcrumb":{"@id":"https:\/\/sagrinex.com\/produit\/remorque-porte-kayak-planche-1-et-2-places-ptac-340-kg\/#breadcrumb"},"inLanguage":"de","potentialAction":[{"@type":"ReadAction","target":["https:\/\/sagrinex.com\/produit\/remorque-porte-kayak-planche-1-et-2-places-ptac-340-kg\/"]}]},{"@type":"ImageObject","inLanguage":"de","@id":"https:\/\/sagrinex.com\/produit\/remorque-porte-kayak-planche-1-et-2-places-ptac-340-kg\/#primaryimage","url":"https:\/\/sagrinex.com\/wp-content\/uploads\/2026\/03\/Image-42-4.jpeg","contentUrl":"https:\/\/sagrinex.com\/wp-content\/uploads\/2026\/03\/Image-42-4.jpeg","width":1000,"height":474},{"@type":"BreadcrumbList","@id":"https:\/\/sagrinex.com\/produit\/remorque-porte-kayak-planche-1-et-2-places-ptac-340-kg\/#breadcrumb","itemListElement":[{"@type":"ListItem","position":1,"name":"Accueil","item":"https:\/\/sagrinex.com\/?lang=de"},{"@type":"ListItem","position":2,"name":"Shop","item":"https:\/\/sagrinex.com\/shop\/"},{"@type":"ListItem","position":3,"name":"Kajak- und Board-anh\u00c4nger &#8211; 1 und 2 Pl\u00c4tze &#8211; Zgg: 340 Kg"}]},{"@type":"WebSite","@id":"https:\/\/sagrinex.com\/#website","url":"https:\/\/sagrinex.com\/","name":"Sagrinex \u2013 Spezialist f\u00fcr Anh\u00e4nger, Container & Landtechnik","description":"Anhaenger, Container &amp; Landtechnik \u2014 Online-Verkauf &amp; kostenloses Angebot","publisher":{"@id":"https:\/\/sagrinex.com\/#organization"},"potentialAction":[{"@type":"SearchAction","target":{"@type":"EntryPoint","urlTemplate":"https:\/\/sagrinex.com\/?s={search_term_string}"},"query-input":{"@type":"PropertyValueSpecification","valueRequired":true,"valueName":"search_term_string"}}],"inLanguage":"de"},{"@type":"Organization","@id":"https:\/\/sagrinex.com\/#organization","name":"Sagrinex \u2013 Remorques, Conteneurs & Mat\u00e9riel Agricole","url":"https:\/\/sagrinex.com\/","logo":{"@type":"ImageObject","inLanguage":"de","@id":"https:\/\/sagrinex.com\/#\/schema\/logo\/image\/","url":"https:\/\/sagrinex.com\/wp-content\/uploads\/2026\/03\/7f1ac463-ef5a-425d-bdd6-a5da03a334a9-1024x683.png","contentUrl":"https:\/\/sagrinex.com\/wp-content\/uploads\/2026\/03\/7f1ac463-ef5a-425d-bdd6-a5da03a334a9-1024x683.png","width":1024,"height":683,"caption":"Sagrinex \u2013 Remorques, Conteneurs & Mat\u00e9riel Agricole"},"image":{"@id":"https:\/\/sagrinex.com\/#\/schema\/logo\/image\/"}}]}},"jetpack_sharing_enabled":true,"_links":{"self":[{"href":"https:\/\/sagrinex.com\/de\/wp-json\/wp\/v2\/product\/14202","targetHints":{"allow":["GET"]}}],"collection":[{"href":"https:\/\/sagrinex.com\/de\/wp-json\/wp\/v2\/product"}],"about":[{"href":"https:\/\/sagrinex.com\/de\/wp-json\/wp\/v2\/types\/product"}],"replies":[{"embeddable":true,"href":"https:\/\/sagrinex.com\/de\/wp-json\/wp\/v2\/comments?post=14202"}],"version-history":[{"count":0,"href":"https:\/\/sagrinex.com\/de\/wp-json\/wp\/v2\/product\/14202\/revisions"}],"wp:featuredmedia":[{"embeddable":true,"href":"https:\/\/sagrinex.com\/de\/wp-json\/wp\/v2\/media\/16581"}],"wp:attachment":[{"href":"https:\/\/sagrinex.com\/de\/wp-json\/wp\/v2\/media?parent=14202"}],"wp:term":[{"taxonomy":"product_brand","embeddable":true,"href":"https:\/\/sagrinex.com\/de\/wp-json\/wp\/v2\/product_brand?post=14202"},{"taxonomy":"product_cat","embeddable":true,"href":"https:\/\/sagrinex.com\/de\/wp-json\/wp\/v2\/product_cat?post=14202"},{"taxonomy":"product_tag","embeddable":true,"href":"https:\/\/sagrinex.com\/de\/wp-json\/wp\/v2\/product_tag?post=14202"}],"curies":[{"name":"wp","href":"https:\/\/api.w.org\/{rel}","templated":true}]}}