{"id":14203,"date":"2026-03-16T19:22:11","date_gmt":"2026-03-16T19:22:11","guid":{"rendered":"https:\/\/sagrinex.com\/produit\/galaxy-mehrrollen-boottraeger-gd18-g2702-zulaessiges-gesamtgewicht-3500-kg-2-achsen\/"},"modified":"2026-04-15T21:12:13","modified_gmt":"2026-04-15T21:12:13","slug":"galaxy-mehrrollen-boottraeger-gd18-g2702-zulaessiges-gesamtgewicht-3500-kg-2-achsen","status":"publish","type":"product","link":"https:\/\/sagrinex.com\/de\/produit\/galaxy-mehrrollen-boottraeger-gd18-g2702-zulaessiges-gesamtgewicht-3500-kg-2-achsen\/","title":{"rendered":"Galaxy-mehrrollen-boottr\u00c4ger \u2013 GD18 \/ G2702 \u2013 Zul\u00e4ssiges Gesamtgewicht: 3500 Kg \u2013 2 Achsen"},"content":{"rendered":"<p>Der Mehrrollen-Bootstr\u00e4ger <strong>GALAXY -GD18 \/ G2702<\/strong> ist f\u00fcr den Stra\u00dfentransport von Booten bis zu einer Rumpfl\u00e4nge von 6,95 Metern und einem Maximalgewicht von 3500 kg konzipiert. Dank seiner robusten Bauweise und hochwertigen Ausstattung gew\u00e4hrleistet er einen sicheren Transport f\u00fcr verschiedene Bootstypen, egal ob V-Rumpf-Boote, Halbstarrboote, Integral-Jollen oder Schnellr\u00fcmpfe.<\/p>\n<ul>\n<li><strong>Zul\u00e4ssiges Gesamtgewicht:<\/strong> 3500 kg<\/li>\n<li><strong>Leermasse:<\/strong> 665 kg<\/li>\n<li><strong>Maximale Nutzlast:<\/strong> 2835 kg<\/li>\n<li><strong>Nutzma\u00dfe:<\/strong> L\u00e4nge: 7,93 &#8211; 8,57 m | Breite: 2,30 m<\/li>\n<li><strong>Gesamtabmessungen:<\/strong> 2,33 m (Breite) x 8,25 m (L\u00e4nge, vom Heck bis zum Zurrring)<\/li>\n<li><strong>Maximale Bootsl\u00e4nge:<\/strong> 6,95 m<\/li>\n<li><strong>Pfeil:<\/strong> V-f\u00f6rmig, feuerverzinkt<\/li>\n<li><strong>Kopf gebremst:<\/strong> Ja<\/li>\n<li><strong>Fahrgestell:<\/strong> Feuerverzinkt<\/li>\n<li><strong>R\u00e4der:<\/strong> 195R14C<\/li>\n<li><strong>Ausstattung:<\/strong> 2 trommelgebremste Achsen, abnehmbares Lichtband, selbstbremsende 2-Gang-Winde, verstellbare Windenhalterung und 3D-verstellbarer Buganschlag, St\u00fctzrad mit 60 mm Durchmesser<\/li>\n<\/ul>\n<p><strong>Robustheit und Haltbarkeit:<\/strong> Der Rahmen und der V-Ausleger des GALAXY -GD18 \/ G2702 sind vollst\u00e4ndig feuerverzinkt und bieten so eine erh\u00f6hte Korrosionsbest\u00e4ndigkeit und au\u00dfergew\u00f6hnliche Langlebigkeit, selbst in einer Meeresumgebung.<\/p>\n<p><strong>Einfache Handhabung:<\/strong> Ausgestattet mit einer selbstbremsenden Winde mit zwei Geschwindigkeiten und einem dreidimensional verstellbaren Buganschlag erleichtert dieser Bootstr\u00e4ger das Zu- und Absetzen erheblich und sorgt f\u00fcr eine pr\u00e4zise Ausrichtung des Bootes.<\/p>\n<p><strong>Leistungsrollensystem:<\/strong> Die Rollen mit gro\u00dfem Durchmesser (120 mm) gew\u00e4hrleisten eine gleichm\u00e4\u00dfige Verteilung des Bootsgewichts, reduzieren Druckpunkte und erleichtern das Man\u00f6vrieren beim Be- und Entladen.<\/p>\n<p><strong>Moderne und sichere Beleuchtung:<\/strong> Seit 2016 verf\u00fcgt das GALAXY -GD18 \/ G2702 \u00fcber Voll-LED-Leuchten, die im Vergleich zu herk\u00f6mmlichen Beleuchtungssystemen f\u00fcr bessere Sichtbarkeit und l\u00e4ngere Haltbarkeit sorgen.<\/p>\n<ul>\n<li>Elektrische Winde mit wasserdichtem Batterie-Aufbewahrungskasten<\/li>\n<li>Ersatzrad mit Halterung<\/li>\n<li>Achssp\u00fclset<\/li>\n<li>Gateway-Kit zur Erleichterung des Zugangs zum Boot<\/li>\n<\/ul>\n<ul>\n<li>Robustes Design und vereinfachte Verwendung<\/li>\n<li>UV-best\u00e4ndige Rollen f\u00fcr l\u00e4ngere Haltbarkeit<\/li>\n<li>Wasserdichte LED-Leuchten und drehbarer Nummernschildhalter<\/li>\n<li>Bandwinde im Lieferumfang enthalten<\/li>\n<\/ul>\n<p>Wenn Sie sich f\u00fcr Sagrinex entscheiden, profitieren Sie von anerkannter Fachkompetenz und engagiertem Kundenservice. Unser Team unterst\u00fctzt Sie bei der Auswahl und Wartung Ihres Anh\u00e4ngers und sorgt so f\u00fcr ein entspanntes Kauferlebnis, das an Ihre spezifischen Bed\u00fcrfnisse angepasst ist.<\/p>\n<p>F\u00fcr Anh\u00e4nger mit einem zul\u00e4ssigen Gesamtgewicht von mehr als 500 kg ist ein Zulassungsdokument obligatorisch.<\/p>\n<p>Beachten Sie beim Transport Ihres Bootes unbedingt die geltenden Vorschriften hinsichtlich der F\u00fchrerscheinpflicht und der geltenden Geschwindigkeitsbegrenzungen.<\/p>\n","protected":false},"excerpt":{"rendered":"<p>GALAXY GD18 \/ G2702 Mehrrollen-Bootstr\u00e4ger f\u00fcr den sicheren Transport von Booten bis 6,95 m und 3500 kg. Sein feuerverzinktes Fahrgestell, die selbstbremsende Winde und die Rollen mit gro\u00dfem Durchmesser erleichtern das Zu- und Aussteigen aus dem Boot.<\/p>\n<div class=\"mod_fa_customizablefields_v14_list\">\n<div class=\"mod_fa_champspersonnalisables_v14_titre\"><strong>Zul\u00e4ssiges Gesamtgewicht: <\/strong><span class=\"mod_fa_champspersonnalisables_v14_value\">3500 kg<\/span><\/div>\n<\/div>\n<div class=\"mod_fa_customizablefields_v14_list\">\n<div class=\"mod_fa_champspersonnalisables_v14_titre\"><strong>Leermasse: <\/strong><span class=\"mod_fa_champspersonnalisables_v14_value\">665 kg<\/span><\/div>\n<\/div>\n<div class=\"mod_fa_customizablefields_v14_list\">\n<div class=\"mod_fa_champspersonnalisables_v14_titre\"><strong>Nutzlast: <\/strong><span class=\"mod_fa_champspersonnalisables_v14_value\">maximal 2835 kg<\/span><\/div>\n<\/div>\n<div class=\"mod_fa_customizablefields_v14_list\">\n<div class=\"mod_fa_champspersonnalisables_v14_titre\"><strong>Nutzma\u00dfe: <\/strong><span class=\"mod_fa_champspersonnalisables_v14_value\">L\u00e4nge: 793 &#8211; 857 cm | Breite: 230 cm<\/span><\/div>\n<\/div>\n<div class=\"mod_fa_customizablefields_v14_list\">\n<div class=\"mod_fa_champspersonnalisables_v14_titre\"><strong>Gesamtabmessungen: <\/strong><span class=\"mod_fa_champspersonnalisables_v14_valeur\">2,33 m L x 8,25 m B (Tisch mit Zurrring)<\/span><\/div>\n<\/div>\n<div class=\"mod_fa_customizablefields_v14_list\">\n<div class=\"mod_fa_champspersonnalisables_v14_titre\"><strong>Maximale L\u00e4nge des Bootes: <\/strong><span class=\"mod_fa_champspersonnalisables_v14_value\">6,95 m<\/span><\/div>\n<\/div>\n<div class=\"mod_fa_customizablefields_v14_list\">\n<div class=\"mod_fa_champspersonnalisables_v14_title\"><strong>Pfeil: <\/strong><span class=\"mod_fa_champspersonnalisables_v14_value\">Feuerverzinkt in V<\/span><\/div>\n<\/div>\n<div class=\"mod_fa_customizablefields_v14_list\">\n<div class=\"mod_fa_champspersonnalisables_v14_titre\"><strong>Rahmentyp: <\/strong><span class=\"mod_fa_champspersonnalisables_v14_value\">Feuerverzinkt<\/span><\/div>\n<\/div>\n<div class=\"mod_fa_customizablefields_v14_list\">\n<div class=\"mod_fa_champspersonnalisables_v14_titre\"><strong>R\u00e4der: <\/strong><span class=\"mod_fa_champspersonnalisables_v14_valeur\">195R14C<\/span><\/div>\n<\/div>\n<div class=\"mod_fa_customizablefields_v14_list\">\n<div class=\"mod_fa_champspersonnalisables_v14_titre\"><strong>Ausstattung: <\/strong><span class=\"mod_fa_champspersonnalisables_v14_valeur\">2 Achsen mit Trommelbremsen, wasserdichten LED-Leuchten und drehbarer Kennzeichenhalterung, selbstbremsende 2-Gang-Winde, einstellbare Windenhalterung und 3D-verstellbarer Buganschlag, Durchmesser St\u00fctzrad 60<\/span><\/div>\n<\/div>\n","protected":false},"featured_media":16422,"comment_status":"open","ping_status":"closed","template":"","meta":[],"product_brand":[],"product_cat":[357,352],"product_tag":[],"class_list":{"0":"post-14203","1":"product","2":"type-product","3":"status-publish","4":"has-post-thumbnail","6":"product_cat-nautische-anhaenger","7":"product_cat-unsere-trailer","9":"first","10":"instock","11":"shipping-taxable","12":"purchasable","13":"product-type-simple"},"yoast_head":"<!-- This site is optimized with the Yoast SEO plugin v27.4 - https:\/\/yoast.com\/product\/yoast-seo-wordpress\/ -->\n<title>GALAXY-MEHRROLLEN-BOOTTR\u00c4GER \u2013 GD18 \/ G2702 \u2013 zul\u00e4ssiges Gesamtgewicht: 3500 kg \u2013 2 Achsen<\/title>\n<meta name=\"description\" content=\"GALAXY GD18 \/ G2702 Mehrrollen-Bootstr\u00e4ger f\u00fcr den sicheren Transport von Booten bis 6,95 m und 3500 kg. Sein feuerverzinktes Fahrgestell, die selbstbremsende Winde und die Rollen mit gro\u00dfem Durchmesser erleichtern das Zu- und Aussteigen aus dem Boot.\" \/>\n<meta name=\"robots\" content=\"index, follow, max-snippet:-1, max-image-preview:large, max-video-preview:-1\" \/>\n<link rel=\"canonical\" href=\"https:\/\/sagrinex.com\/produit\/porte-bateau-multi-rouleaux-galaxy-gd18-g2702-ptac-3500-kg-2-essieux\/\" \/>\n<meta property=\"og:locale\" content=\"de_DE\" \/>\n<meta property=\"og:type\" content=\"article\" \/>\n<meta property=\"og:title\" content=\"GALAXY-MEHRROLLEN-BOOTTR\u00c4GER \u2013 GD18 \/ G2702 \u2013 zul\u00e4ssiges Gesamtgewicht: 3500 kg \u2013 2 Achsen\" \/>\n<meta property=\"og:description\" content=\"GALAXY GD18 \/ G2702 Mehrrollen-Bootstr\u00e4ger f\u00fcr den sicheren Transport von Booten bis 6,95 m und 3500 kg. Sein feuerverzinktes Fahrgestell, die selbstbremsende Winde und die Rollen mit gro\u00dfem Durchmesser erleichtern das Zu- und Aussteigen aus dem Boot.\" \/>\n<meta property=\"og:url\" content=\"https:\/\/sagrinex.com\/produit\/porte-bateau-multi-rouleaux-galaxy-gd18-g2702-ptac-3500-kg-2-essieux\/\" \/>\n<meta property=\"og:site_name\" content=\"Sagrinex \u2013 Anhaenger, Container &amp; Landtechnik \ud83c\udf3e\ud83d\ude9c\" \/>\n<meta property=\"article:modified_time\" content=\"2026-04-15T21:12:13+00:00\" \/>\n<meta property=\"og:image\" content=\"https:\/\/sagrinex.com\/wp-content\/uploads\/2026\/03\/Image-391-2.jpeg\" \/>\n\t<meta property=\"og:image:width\" content=\"1000\" \/>\n\t<meta property=\"og:image:height\" content=\"1197\" \/>\n\t<meta property=\"og:image:type\" content=\"image\/jpeg\" \/>\n<meta name=\"twitter:card\" content=\"summary_large_image\" \/>\n<meta name=\"twitter:label1\" content=\"Gesch\u00e4tzte Lesezeit\" \/>\n\t<meta name=\"twitter:data1\" content=\"2\u00a0Minuten\" \/>\n<script type=\"application\/ld+json\" class=\"yoast-schema-graph\">{\"@context\":\"https:\\\/\\\/schema.org\",\"@graph\":[{\"@type\":\"WebPage\",\"@id\":\"https:\\\/\\\/sagrinex.com\\\/produit\\\/porte-bateau-multi-rouleaux-galaxy-gd18-g2702-ptac-3500-kg-2-essieux\\\/\",\"url\":\"https:\\\/\\\/sagrinex.com\\\/produit\\\/porte-bateau-multi-rouleaux-galaxy-gd18-g2702-ptac-3500-kg-2-essieux\\\/\",\"name\":\"GALAXY-MEHRROLLEN-BOOTTR\u00c4GER \u2013 GD18 \\\/ G2702 \u2013 zul\u00e4ssiges Gesamtgewicht: 3500 kg \u2013 2 Achsen\",\"isPartOf\":{\"@id\":\"https:\\\/\\\/sagrinex.com\\\/#website\"},\"primaryImageOfPage\":{\"@id\":\"https:\\\/\\\/sagrinex.com\\\/produit\\\/porte-bateau-multi-rouleaux-galaxy-gd18-g2702-ptac-3500-kg-2-essieux\\\/#primaryimage\"},\"image\":{\"@id\":\"https:\\\/\\\/sagrinex.com\\\/produit\\\/porte-bateau-multi-rouleaux-galaxy-gd18-g2702-ptac-3500-kg-2-essieux\\\/#primaryimage\"},\"thumbnailUrl\":\"https:\\\/\\\/sagrinex.com\\\/wp-content\\\/uploads\\\/2026\\\/03\\\/Image-391-2.jpeg\",\"datePublished\":\"2026-03-16T19:22:11+00:00\",\"dateModified\":\"2026-04-15T21:12:13+00:00\",\"description\":\"GALAXY GD18 \\\/ G2702 Mehrrollen-Bootstr\u00e4ger f\u00fcr den sicheren Transport von Booten bis 6,95 m und 3500 kg. Sein feuerverzinktes Fahrgestell, die selbstbremsende Winde und die Rollen mit gro\u00dfem Durchmesser erleichtern das Zu- und Aussteigen aus dem Boot.\",\"breadcrumb\":{\"@id\":\"https:\\\/\\\/sagrinex.com\\\/produit\\\/porte-bateau-multi-rouleaux-galaxy-gd18-g2702-ptac-3500-kg-2-essieux\\\/#breadcrumb\"},\"inLanguage\":\"de\",\"potentialAction\":[{\"@type\":\"ReadAction\",\"target\":[\"https:\\\/\\\/sagrinex.com\\\/produit\\\/porte-bateau-multi-rouleaux-galaxy-gd18-g2702-ptac-3500-kg-2-essieux\\\/\"]}]},{\"@type\":\"ImageObject\",\"inLanguage\":\"de\",\"@id\":\"https:\\\/\\\/sagrinex.com\\\/produit\\\/porte-bateau-multi-rouleaux-galaxy-gd18-g2702-ptac-3500-kg-2-essieux\\\/#primaryimage\",\"url\":\"https:\\\/\\\/sagrinex.com\\\/wp-content\\\/uploads\\\/2026\\\/03\\\/Image-391-2.jpeg\",\"contentUrl\":\"https:\\\/\\\/sagrinex.com\\\/wp-content\\\/uploads\\\/2026\\\/03\\\/Image-391-2.jpeg\",\"width\":1000,\"height\":1197},{\"@type\":\"BreadcrumbList\",\"@id\":\"https:\\\/\\\/sagrinex.com\\\/produit\\\/porte-bateau-multi-rouleaux-galaxy-gd18-g2702-ptac-3500-kg-2-essieux\\\/#breadcrumb\",\"itemListElement\":[{\"@type\":\"ListItem\",\"position\":1,\"name\":\"Accueil\",\"item\":\"https:\\\/\\\/sagrinex.com\\\/?lang=de\"},{\"@type\":\"ListItem\",\"position\":2,\"name\":\"Shop\",\"item\":\"https:\\\/\\\/sagrinex.com\\\/shop\\\/\"},{\"@type\":\"ListItem\",\"position\":3,\"name\":\"Galaxy-mehrrollen-boottr\u00c4ger \u2013 GD18 \\\/ G2702 \u2013 Zul\u00e4ssiges Gesamtgewicht: 3500 Kg \u2013 2 Achsen\"}]},{\"@type\":\"WebSite\",\"@id\":\"https:\\\/\\\/sagrinex.com\\\/#website\",\"url\":\"https:\\\/\\\/sagrinex.com\\\/\",\"name\":\"Sagrinex \u2013 Spezialist f\u00fcr Anh\u00e4nger, Container & Landtechnik\",\"description\":\"Anhaenger, Container &amp; Landtechnik \u2014 Online-Verkauf &amp; kostenloses Angebot\",\"publisher\":{\"@id\":\"https:\\\/\\\/sagrinex.com\\\/#organization\"},\"potentialAction\":[{\"@type\":\"SearchAction\",\"target\":{\"@type\":\"EntryPoint\",\"urlTemplate\":\"https:\\\/\\\/sagrinex.com\\\/?s={search_term_string}\"},\"query-input\":{\"@type\":\"PropertyValueSpecification\",\"valueRequired\":true,\"valueName\":\"search_term_string\"}}],\"inLanguage\":\"de\"},{\"@type\":\"Organization\",\"@id\":\"https:\\\/\\\/sagrinex.com\\\/#organization\",\"name\":\"Sagrinex \u2013 Remorques, Conteneurs & Mat\u00e9riel Agricole\",\"url\":\"https:\\\/\\\/sagrinex.com\\\/\",\"logo\":{\"@type\":\"ImageObject\",\"inLanguage\":\"de\",\"@id\":\"https:\\\/\\\/sagrinex.com\\\/#\\\/schema\\\/logo\\\/image\\\/\",\"url\":\"https:\\\/\\\/sagrinex.com\\\/wp-content\\\/uploads\\\/2026\\\/03\\\/7f1ac463-ef5a-425d-bdd6-a5da03a334a9-1024x683.png\",\"contentUrl\":\"https:\\\/\\\/sagrinex.com\\\/wp-content\\\/uploads\\\/2026\\\/03\\\/7f1ac463-ef5a-425d-bdd6-a5da03a334a9-1024x683.png\",\"width\":1024,\"height\":683,\"caption\":\"Sagrinex \u2013 Remorques, Conteneurs & Mat\u00e9riel Agricole\"},\"image\":{\"@id\":\"https:\\\/\\\/sagrinex.com\\\/#\\\/schema\\\/logo\\\/image\\\/\"}}]}<\/script>\n<!-- \/ Yoast SEO plugin. -->","yoast_head_json":{"title":"GALAXY-MEHRROLLEN-BOOTTR\u00c4GER \u2013 GD18 \/ G2702 \u2013 zul\u00e4ssiges Gesamtgewicht: 3500 kg \u2013 2 Achsen","description":"GALAXY GD18 \/ G2702 Mehrrollen-Bootstr\u00e4ger f\u00fcr den sicheren Transport von Booten bis 6,95 m und 3500 kg. Sein feuerverzinktes Fahrgestell, die selbstbremsende Winde und die Rollen mit gro\u00dfem Durchmesser erleichtern das Zu- und Aussteigen aus dem Boot.","robots":{"index":"index","follow":"follow","max-snippet":"max-snippet:-1","max-image-preview":"max-image-preview:large","max-video-preview":"max-video-preview:-1"},"canonical":"https:\/\/sagrinex.com\/produit\/porte-bateau-multi-rouleaux-galaxy-gd18-g2702-ptac-3500-kg-2-essieux\/","og_locale":"de_DE","og_type":"article","og_title":"GALAXY-MEHRROLLEN-BOOTTR\u00c4GER \u2013 GD18 \/ G2702 \u2013 zul\u00e4ssiges Gesamtgewicht: 3500 kg \u2013 2 Achsen","og_description":"GALAXY GD18 \/ G2702 Mehrrollen-Bootstr\u00e4ger f\u00fcr den sicheren Transport von Booten bis 6,95 m und 3500 kg. Sein feuerverzinktes Fahrgestell, die selbstbremsende Winde und die Rollen mit gro\u00dfem Durchmesser erleichtern das Zu- und Aussteigen aus dem Boot.","og_url":"https:\/\/sagrinex.com\/produit\/porte-bateau-multi-rouleaux-galaxy-gd18-g2702-ptac-3500-kg-2-essieux\/","og_site_name":"Sagrinex \u2013 Anhaenger, Container &amp; Landtechnik \ud83c\udf3e\ud83d\ude9c","article_modified_time":"2026-04-15T21:12:13+00:00","og_image":[{"width":1000,"height":1197,"url":"https:\/\/sagrinex.com\/wp-content\/uploads\/2026\/03\/Image-391-2.jpeg","type":"image\/jpeg"}],"twitter_card":"summary_large_image","twitter_misc":{"Gesch\u00e4tzte Lesezeit":"2\u00a0Minuten"},"schema":{"@context":"https:\/\/schema.org","@graph":[{"@type":"WebPage","@id":"https:\/\/sagrinex.com\/produit\/porte-bateau-multi-rouleaux-galaxy-gd18-g2702-ptac-3500-kg-2-essieux\/","url":"https:\/\/sagrinex.com\/produit\/porte-bateau-multi-rouleaux-galaxy-gd18-g2702-ptac-3500-kg-2-essieux\/","name":"GALAXY-MEHRROLLEN-BOOTTR\u00c4GER \u2013 GD18 \/ G2702 \u2013 zul\u00e4ssiges Gesamtgewicht: 3500 kg \u2013 2 Achsen","isPartOf":{"@id":"https:\/\/sagrinex.com\/#website"},"primaryImageOfPage":{"@id":"https:\/\/sagrinex.com\/produit\/porte-bateau-multi-rouleaux-galaxy-gd18-g2702-ptac-3500-kg-2-essieux\/#primaryimage"},"image":{"@id":"https:\/\/sagrinex.com\/produit\/porte-bateau-multi-rouleaux-galaxy-gd18-g2702-ptac-3500-kg-2-essieux\/#primaryimage"},"thumbnailUrl":"https:\/\/sagrinex.com\/wp-content\/uploads\/2026\/03\/Image-391-2.jpeg","datePublished":"2026-03-16T19:22:11+00:00","dateModified":"2026-04-15T21:12:13+00:00","description":"GALAXY GD18 \/ G2702 Mehrrollen-Bootstr\u00e4ger f\u00fcr den sicheren Transport von Booten bis 6,95 m und 3500 kg. Sein feuerverzinktes Fahrgestell, die selbstbremsende Winde und die Rollen mit gro\u00dfem Durchmesser erleichtern das Zu- und Aussteigen aus dem Boot.","breadcrumb":{"@id":"https:\/\/sagrinex.com\/produit\/porte-bateau-multi-rouleaux-galaxy-gd18-g2702-ptac-3500-kg-2-essieux\/#breadcrumb"},"inLanguage":"de","potentialAction":[{"@type":"ReadAction","target":["https:\/\/sagrinex.com\/produit\/porte-bateau-multi-rouleaux-galaxy-gd18-g2702-ptac-3500-kg-2-essieux\/"]}]},{"@type":"ImageObject","inLanguage":"de","@id":"https:\/\/sagrinex.com\/produit\/porte-bateau-multi-rouleaux-galaxy-gd18-g2702-ptac-3500-kg-2-essieux\/#primaryimage","url":"https:\/\/sagrinex.com\/wp-content\/uploads\/2026\/03\/Image-391-2.jpeg","contentUrl":"https:\/\/sagrinex.com\/wp-content\/uploads\/2026\/03\/Image-391-2.jpeg","width":1000,"height":1197},{"@type":"BreadcrumbList","@id":"https:\/\/sagrinex.com\/produit\/porte-bateau-multi-rouleaux-galaxy-gd18-g2702-ptac-3500-kg-2-essieux\/#breadcrumb","itemListElement":[{"@type":"ListItem","position":1,"name":"Accueil","item":"https:\/\/sagrinex.com\/?lang=de"},{"@type":"ListItem","position":2,"name":"Shop","item":"https:\/\/sagrinex.com\/shop\/"},{"@type":"ListItem","position":3,"name":"Galaxy-mehrrollen-boottr\u00c4ger \u2013 GD18 \/ G2702 \u2013 Zul\u00e4ssiges Gesamtgewicht: 3500 Kg \u2013 2 Achsen"}]},{"@type":"WebSite","@id":"https:\/\/sagrinex.com\/#website","url":"https:\/\/sagrinex.com\/","name":"Sagrinex \u2013 Spezialist f\u00fcr Anh\u00e4nger, Container & Landtechnik","description":"Anhaenger, Container &amp; Landtechnik \u2014 Online-Verkauf &amp; kostenloses Angebot","publisher":{"@id":"https:\/\/sagrinex.com\/#organization"},"potentialAction":[{"@type":"SearchAction","target":{"@type":"EntryPoint","urlTemplate":"https:\/\/sagrinex.com\/?s={search_term_string}"},"query-input":{"@type":"PropertyValueSpecification","valueRequired":true,"valueName":"search_term_string"}}],"inLanguage":"de"},{"@type":"Organization","@id":"https:\/\/sagrinex.com\/#organization","name":"Sagrinex \u2013 Remorques, Conteneurs & Mat\u00e9riel Agricole","url":"https:\/\/sagrinex.com\/","logo":{"@type":"ImageObject","inLanguage":"de","@id":"https:\/\/sagrinex.com\/#\/schema\/logo\/image\/","url":"https:\/\/sagrinex.com\/wp-content\/uploads\/2026\/03\/7f1ac463-ef5a-425d-bdd6-a5da03a334a9-1024x683.png","contentUrl":"https:\/\/sagrinex.com\/wp-content\/uploads\/2026\/03\/7f1ac463-ef5a-425d-bdd6-a5da03a334a9-1024x683.png","width":1024,"height":683,"caption":"Sagrinex \u2013 Remorques, Conteneurs & Mat\u00e9riel Agricole"},"image":{"@id":"https:\/\/sagrinex.com\/#\/schema\/logo\/image\/"}}]}},"jetpack_sharing_enabled":true,"_links":{"self":[{"href":"https:\/\/sagrinex.com\/de\/wp-json\/wp\/v2\/product\/14203","targetHints":{"allow":["GET"]}}],"collection":[{"href":"https:\/\/sagrinex.com\/de\/wp-json\/wp\/v2\/product"}],"about":[{"href":"https:\/\/sagrinex.com\/de\/wp-json\/wp\/v2\/types\/product"}],"replies":[{"embeddable":true,"href":"https:\/\/sagrinex.com\/de\/wp-json\/wp\/v2\/comments?post=14203"}],"version-history":[{"count":0,"href":"https:\/\/sagrinex.com\/de\/wp-json\/wp\/v2\/product\/14203\/revisions"}],"wp:featuredmedia":[{"embeddable":true,"href":"https:\/\/sagrinex.com\/de\/wp-json\/wp\/v2\/media\/16422"}],"wp:attachment":[{"href":"https:\/\/sagrinex.com\/de\/wp-json\/wp\/v2\/media?parent=14203"}],"wp:term":[{"taxonomy":"product_brand","embeddable":true,"href":"https:\/\/sagrinex.com\/de\/wp-json\/wp\/v2\/product_brand?post=14203"},{"taxonomy":"product_cat","embeddable":true,"href":"https:\/\/sagrinex.com\/de\/wp-json\/wp\/v2\/product_cat?post=14203"},{"taxonomy":"product_tag","embeddable":true,"href":"https:\/\/sagrinex.com\/de\/wp-json\/wp\/v2\/product_tag?post=14203"}],"curies":[{"name":"wp","href":"https:\/\/api.w.org\/{rel}","templated":true}]}}