{"id":14204,"date":"2026-03-16T18:23:18","date_gmt":"2026-03-16T18:23:18","guid":{"rendered":"https:\/\/sagrinex.com\/produit\/galaxy-mehrrollen-boottraeger-gs12-g820-zulaessiges-gesamtgewicht-1200-kg-1-achse\/"},"modified":"2026-04-15T21:12:13","modified_gmt":"2026-04-15T21:12:13","slug":"galaxy-mehrrollen-boottraeger-gs12-g820-zulaessiges-gesamtgewicht-1200-kg-1-achse","status":"publish","type":"product","link":"https:\/\/sagrinex.com\/de\/produit\/galaxy-mehrrollen-boottraeger-gs12-g820-zulaessiges-gesamtgewicht-1200-kg-1-achse\/","title":{"rendered":"Galaxy-mehrrollen-boottr\u00c4ger \u2013 GS12 \/ G820 \u2013 Zul\u00e4ssiges Gesamtgewicht: 1200 Kg \u2013 1 Achse"},"content":{"rendered":"<p>Der <strong>Mehrrollen-Bootstransporter GALAXY GS12 \/ G820<\/strong> ist f\u00fcr den Stra\u00dfentransport von Booten wie V-R\u00fcmpfen, Halbstarrbooten oder Integralbooten konzipiert. Mit einem deklassierbaren zul\u00e4ssigen Gesamtgewicht von 1000\/1100\/1200 kg und einer maximalen Nutzlast von 850 kg bietet es Platz f\u00fcr Boote mit einer Rumpfl\u00e4nge von bis zu 4,9 Metern. Dieser Anh\u00e4nger ist ideal f\u00fcr Bootsfahrer, die eine zuverl\u00e4ssige L\u00f6sung f\u00fcr den sicheren Transport ihres Bootes suchen.<\/p>\n<ul>\n<li><strong>Zul\u00e4ssiges Gesamtgewicht:<\/strong> 1200 kg<\/li>\n<li><strong>Leermasse:<\/strong> 350 kg<\/li>\n<li><strong>Nutzlast:<\/strong> bis zu 850 kg<\/li>\n<li><strong>Nutzma\u00dfe:<\/strong> L\u00e4nge: 590 \u2013 655 cm | Breite: 204 cm<\/li>\n<li><strong>Gesamtabmessungen:<\/strong> L\u00e4nge: 6,25 m | Breite: 2,17 m<\/li>\n<li><strong>Maximale L\u00e4nge des Bootes:<\/strong> 4,90 m Rumpf<\/li>\n<li><strong>Pfeil:<\/strong> Feuerverzinkt in V<\/li>\n<li><strong>Pinne:<\/strong> Behoben<\/li>\n<li><strong>Fahrgestell:<\/strong> Feuerverzinkt<\/li>\n<li><strong>R\u00e4der:<\/strong> 165R13C<\/li>\n<li><strong>Ausstattung:<\/strong> Trommelbremsachse, wasserdichte LED-Leuchten mit schwenkbarem Kennzeichenhalter, 1-Gang-Winde, verstellbare Windenhalterung und 3D-verstellbarer Buganschlag, St\u00fctzrad mit 60 mm Durchmesser.<\/li>\n<\/ul>\n<p>Der GALAXY GS12 \/ G820-Anh\u00e4nger ist mit einer <strong>neigbaren zentralen Laufbahn<\/strong> ausgestattet, die es dem Boot erm\u00f6glicht, w\u00e4hrend der Start- und Ausstiegsphase aus dem Wasser zentriert auf seinen Rollen zu bleiben. Diese Konstruktion erleichtert das Man\u00f6vrieren erheblich und gew\u00e4hrleistet eine optimale Stabilit\u00e4t des Bootes w\u00e4hrend des Transports.<\/p>\n<p><strong>Feste, wasserdichte LED-Leuchten<\/strong> garantieren im Vergleich zu herk\u00f6mmlichen Beleuchtungssystemen eine bessere Sichtbarkeit und eine l\u00e4ngere Lebensdauer. Ihre Wasserdichtigkeit hilft, feuchtigkeitsbedingte Probleme zu vermeiden, den Wartungsbedarf zu reduzieren und die Zuverl\u00e4ssigkeit des Anh\u00e4ngers zu erh\u00f6hen.<\/p>\n<p>Die <strong>verstellbare Windenhalterung<\/strong> bietet Anpassungsflexibilit\u00e4t f\u00fcr unterschiedliche Bootskonfigurationen. In Verbindung mit einem <strong>3D-verstellbaren Buganschlag<\/strong> sorgt es f\u00fcr einen sicheren Halt des Bootes, reduziert unerw\u00fcnschte Bewegungen beim Transport und gew\u00e4hrleistet einen optimalen Schutz des Rumpfes.<\/p>\n<p>Die <strong>zwei integrierten Trittstufen<\/strong> erleichtern den Zugang zum Boot, wenn es auf dem Anh\u00e4nger steht. Diese Funktion ist besonders bei Bootsvorbereitungs- oder Reinigungsarbeiten n\u00fctzlich und bietet dem Benutzer zus\u00e4tzlichen Komfort.<\/p>\n<ul>\n<li>Elektrische Winde mit wasserdichtem Batterie-Aufbewahrungskasten<\/li>\n<li>Ersatzrad mit Halterung<\/li>\n<li>Achssp\u00fclsatz<\/li>\n<li>Zus\u00e4tzlicher Schritt<\/li>\n<li>Diebstahlschutz<\/li>\n<li>3 m Automatikgurt \u2013 550 kg<\/li>\n<li>9 m Gurt \u2013 4 T<\/li>\n<\/ul>\n<ul>\n<li>Robustheit und Benutzerfreundlichkeit<\/li>\n<li>Rollen mit guter Haltbarkeit und UV-Best\u00e4ndigkeit<\/li>\n<li>Wasserdichte LED-Leuchten und drehbarer Nummernschildhalter<\/li>\n<li>Standard-Bandwinde<\/li>\n<\/ul>\n<p>Wenn Sie sich f\u00fcr den Anh\u00e4nger GALAXY GS12 \/ G820 von Sagrinex entscheiden, profitieren Sie von einer au\u00dfergew\u00f6hnlichen Fertigungsqualit\u00e4t, die h\u00f6chsten Anspr\u00fcchen gerecht wird. Die gro\u00dfen Rollen mit 120 mm Durchmesser erleichtern das Man\u00f6vrieren und die wasserdichten LED-R\u00fccklichter sind praktischer als abnehmbare Lichtleisten.<\/p>\n","protected":false},"excerpt":{"rendered":"<p>Dieser Mehrrollen-Bootstr\u00e4ger erm\u00f6glicht den Stra\u00dfentransport eines Bootes mit einer maximalen Rumpfl\u00e4nge von 4,9 m und einem maximalen Gewicht von 860 kg.<\/p>\n<div class=\"mod_fa_customizablefields_v14_list\">\n<div class=\"mod_fa_champspersonnalisables_v14_titre\"><strong>Zul\u00e4ssiges Gesamtgewicht: <\/strong><span class=\"mod_fa_champspersonnalisables_v14_value\">1200 kg<\/span><\/div>\n<\/div>\n<div class=\"mod_fa_customizablefields_v14_list\">\n<div class=\"mod_fa_champspersonnalisables_v14_titre\"><strong>Leermasse: <\/strong><span class=\"mod_fa_champspersonnalisables_v14_value\">350 kg<\/span><\/div>\n<\/div>\n<div class=\"mod_fa_customizablefields_v14_list\">\n<div class=\"mod_fa_champspersonnalisables_v14_titre\"><strong>Nutzlast: <\/strong><span class=\"mod_fa_champspersonnalisables_v14_value\">maximal 850 kg<\/span><\/div>\n<\/div>\n<div class=\"mod_fa_customizablefields_v14_list\">\n<div class=\"mod_fa_champspersonnalisables_v14_titre\"><strong>Nutzma\u00dfe: <\/strong><span class=\"mod_fa_champspersonnalisables_v14_value\">L\u00e4nge: 590 &#8211; 655 cm | Breite: 204 cm<\/span><\/div>\n<\/div>\n<div class=\"mod_fa_customizablefields_v14_list\">\n<div class=\"mod_fa_champspersonnalisables_v14_titre\"><strong>Gesamtabmessungen: <\/strong><span class=\"mod_fa_champspersonnalisables_v14_valeur\">2,17 m L x 6,25 m B (Tisch mit Zurrring)<\/span><\/div>\n<\/div>\n<div class=\"mod_fa_customizablefields_v14_list\">\n<div class=\"mod_fa_champspersonnalisables_v14_titre\"><strong>Maximale L\u00e4nge des Bootes: <\/strong><span class=\"mod_fa_champspersonnalisables_v14_valeur\">4,90 m Rumpf<\/span><\/div>\n<\/div>\n<div class=\"mod_fa_customizablefields_v14_list\">\n<div class=\"mod_fa_champspersonnalisables_v14_title\"><strong>Pfeil: <\/strong><span class=\"mod_fa_champspersonnalisables_v14_value\">Feuerverzinkt in V<\/span><\/div>\n<\/div>\n<div class=\"mod_fa_customizablefields_v14_list\">\n<div class=\"mod_fa_customizablefields_v14_title\"><strong>Band: <\/strong><span class=\"mod_fa_customizablefields_v14_value\">Behoben<\/span><\/div>\n<\/div>\n<div class=\"mod_fa_customizablefields_v14_list\">\n<div class=\"mod_fa_champspersonnalisables_v14_titre\"><strong>Rahmentyp: <\/strong><span class=\"mod_fa_champspersonnalisables_v14_value\">Feuerverzinkt<\/span><\/div>\n<\/div>\n<div class=\"mod_fa_customizablefields_v14_list\">\n<div class=\"mod_fa_champspersonnalisables_v14_titre\"><strong>R\u00e4der: <\/strong><span class=\"mod_fa_champspersonnalisables_v14_valeur\">165R13C<\/span><\/div>\n<\/div>\n<div class=\"mod_fa_customizablefields_v14_list\">\n<div class=\"mod_fa_champspersonnalisables_v14_titre\"><strong>Ausr\u00fcstung: <\/strong><span class=\"mod_fa_champspersonnalisables_v14_valeur\">Trommelbremsachse | Wasserdichte LED-Leuchten und drehbarer Kennzeichenhalter | 1-Gang-Winde | Verstellbare Windenhalterung und 3D-verstellbarer Buganschlag | St\u00fctzraddurchmesser 6<\/span><\/div>\n<\/div>\n","protected":false},"featured_media":16391,"comment_status":"open","ping_status":"closed","template":"","meta":[],"product_brand":[],"product_cat":[357,352],"product_tag":[],"class_list":{"0":"post-14204","1":"product","2":"type-product","3":"status-publish","4":"has-post-thumbnail","6":"product_cat-nautische-anhaenger","7":"product_cat-unsere-trailer","9":"first","10":"instock","11":"shipping-taxable","12":"purchasable","13":"product-type-simple"},"yoast_head":"<!-- This site is optimized with the Yoast SEO plugin v27.5 - https:\/\/yoast.com\/product\/yoast-seo-wordpress\/ -->\n<title>GALAXY-MEHRROLLEN-BOOTTR\u00c4GER \u2013 GS12 \/ G820 \u2013 zul\u00e4ssiges Gesamtgewicht: 1200 kg \u2013 1 Achse<\/title>\n<meta name=\"description\" content=\"Dieser Mehrrollen-Bootstr\u00e4ger erm\u00f6glicht den Stra\u00dfentransport eines Bootes mit einer maximalen Rumpfl\u00e4nge von 4,9 m und einem maximalen Gewicht von 860 kg.\" \/>\n<meta name=\"robots\" content=\"index, follow, max-snippet:-1, max-image-preview:large, max-video-preview:-1\" \/>\n<link rel=\"canonical\" href=\"https:\/\/sagrinex.com\/produit\/porte-bateau-multi-rouleaux-galaxy-gs12-g820-ptac-1200kg-1-essieu\/\" \/>\n<meta property=\"og:locale\" content=\"de_DE\" \/>\n<meta property=\"og:type\" content=\"article\" \/>\n<meta property=\"og:title\" content=\"GALAXY-MEHRROLLEN-BOOTTR\u00c4GER \u2013 GS12 \/ G820 \u2013 zul\u00e4ssiges Gesamtgewicht: 1200 kg \u2013 1 Achse\" \/>\n<meta property=\"og:description\" content=\"Dieser Mehrrollen-Bootstr\u00e4ger erm\u00f6glicht den Stra\u00dfentransport eines Bootes mit einer maximalen Rumpfl\u00e4nge von 4,9 m und einem maximalen Gewicht von 860 kg.\" \/>\n<meta property=\"og:url\" content=\"https:\/\/sagrinex.com\/produit\/porte-bateau-multi-rouleaux-galaxy-gs12-g820-ptac-1200kg-1-essieu\/\" \/>\n<meta property=\"og:site_name\" content=\"Sagrinex \u2013 Anhaenger, Container &amp; Landtechnik \ud83c\udf3e\ud83d\ude9c\" \/>\n<meta property=\"article:modified_time\" content=\"2026-04-15T21:12:13+00:00\" \/>\n<meta property=\"og:image\" content=\"https:\/\/sagrinex.com\/wp-content\/uploads\/2026\/03\/Image-371-3.jpeg\" \/>\n\t<meta property=\"og:image:width\" content=\"1000\" \/>\n\t<meta property=\"og:image:height\" content=\"657\" \/>\n\t<meta property=\"og:image:type\" content=\"image\/jpeg\" \/>\n<meta name=\"twitter:card\" content=\"summary_large_image\" \/>\n<meta name=\"twitter:label1\" content=\"Gesch\u00e4tzte Lesezeit\" \/>\n\t<meta name=\"twitter:data1\" content=\"2\u00a0Minuten\" \/>\n<script type=\"application\/ld+json\" class=\"yoast-schema-graph\">{\"@context\":\"https:\\\/\\\/schema.org\",\"@graph\":[{\"@type\":\"WebPage\",\"@id\":\"https:\\\/\\\/sagrinex.com\\\/produit\\\/porte-bateau-multi-rouleaux-galaxy-gs12-g820-ptac-1200kg-1-essieu\\\/\",\"url\":\"https:\\\/\\\/sagrinex.com\\\/produit\\\/porte-bateau-multi-rouleaux-galaxy-gs12-g820-ptac-1200kg-1-essieu\\\/\",\"name\":\"GALAXY-MEHRROLLEN-BOOTTR\u00c4GER \u2013 GS12 \\\/ G820 \u2013 zul\u00e4ssiges Gesamtgewicht: 1200 kg \u2013 1 Achse\",\"isPartOf\":{\"@id\":\"https:\\\/\\\/sagrinex.com\\\/#website\"},\"primaryImageOfPage\":{\"@id\":\"https:\\\/\\\/sagrinex.com\\\/produit\\\/porte-bateau-multi-rouleaux-galaxy-gs12-g820-ptac-1200kg-1-essieu\\\/#primaryimage\"},\"image\":{\"@id\":\"https:\\\/\\\/sagrinex.com\\\/produit\\\/porte-bateau-multi-rouleaux-galaxy-gs12-g820-ptac-1200kg-1-essieu\\\/#primaryimage\"},\"thumbnailUrl\":\"https:\\\/\\\/sagrinex.com\\\/wp-content\\\/uploads\\\/2026\\\/03\\\/Image-371-3.jpeg\",\"datePublished\":\"2026-03-16T18:23:18+00:00\",\"dateModified\":\"2026-04-15T21:12:13+00:00\",\"description\":\"Dieser Mehrrollen-Bootstr\u00e4ger erm\u00f6glicht den Stra\u00dfentransport eines Bootes mit einer maximalen Rumpfl\u00e4nge von 4,9 m und einem maximalen Gewicht von 860 kg.\",\"breadcrumb\":{\"@id\":\"https:\\\/\\\/sagrinex.com\\\/produit\\\/porte-bateau-multi-rouleaux-galaxy-gs12-g820-ptac-1200kg-1-essieu\\\/#breadcrumb\"},\"inLanguage\":\"de\",\"potentialAction\":[{\"@type\":\"ReadAction\",\"target\":[\"https:\\\/\\\/sagrinex.com\\\/produit\\\/porte-bateau-multi-rouleaux-galaxy-gs12-g820-ptac-1200kg-1-essieu\\\/\"]}]},{\"@type\":\"ImageObject\",\"inLanguage\":\"de\",\"@id\":\"https:\\\/\\\/sagrinex.com\\\/produit\\\/porte-bateau-multi-rouleaux-galaxy-gs12-g820-ptac-1200kg-1-essieu\\\/#primaryimage\",\"url\":\"https:\\\/\\\/sagrinex.com\\\/wp-content\\\/uploads\\\/2026\\\/03\\\/Image-371-3.jpeg\",\"contentUrl\":\"https:\\\/\\\/sagrinex.com\\\/wp-content\\\/uploads\\\/2026\\\/03\\\/Image-371-3.jpeg\",\"width\":1000,\"height\":657},{\"@type\":\"BreadcrumbList\",\"@id\":\"https:\\\/\\\/sagrinex.com\\\/produit\\\/porte-bateau-multi-rouleaux-galaxy-gs12-g820-ptac-1200kg-1-essieu\\\/#breadcrumb\",\"itemListElement\":[{\"@type\":\"ListItem\",\"position\":1,\"name\":\"Accueil\",\"item\":\"https:\\\/\\\/sagrinex.com\\\/?lang=de\"},{\"@type\":\"ListItem\",\"position\":2,\"name\":\"Shop\",\"item\":\"https:\\\/\\\/sagrinex.com\\\/shop\\\/\"},{\"@type\":\"ListItem\",\"position\":3,\"name\":\"Galaxy-mehrrollen-boottr\u00c4ger \u2013 GS12 \\\/ G820 \u2013 Zul\u00e4ssiges Gesamtgewicht: 1200 Kg \u2013 1 Achse\"}]},{\"@type\":\"WebSite\",\"@id\":\"https:\\\/\\\/sagrinex.com\\\/#website\",\"url\":\"https:\\\/\\\/sagrinex.com\\\/\",\"name\":\"Sagrinex \u2013 Spezialist f\u00fcr Anh\u00e4nger, Container & Landtechnik\",\"description\":\"Anhaenger, Container &amp; Landtechnik \u2014 Online-Verkauf &amp; kostenloses Angebot\",\"publisher\":{\"@id\":\"https:\\\/\\\/sagrinex.com\\\/#organization\"},\"potentialAction\":[{\"@type\":\"SearchAction\",\"target\":{\"@type\":\"EntryPoint\",\"urlTemplate\":\"https:\\\/\\\/sagrinex.com\\\/?s={search_term_string}\"},\"query-input\":{\"@type\":\"PropertyValueSpecification\",\"valueRequired\":true,\"valueName\":\"search_term_string\"}}],\"inLanguage\":\"de\"},{\"@type\":\"Organization\",\"@id\":\"https:\\\/\\\/sagrinex.com\\\/#organization\",\"name\":\"Sagrinex \u2013 Remorques, Conteneurs & Mat\u00e9riel Agricole\",\"url\":\"https:\\\/\\\/sagrinex.com\\\/\",\"logo\":{\"@type\":\"ImageObject\",\"inLanguage\":\"de\",\"@id\":\"https:\\\/\\\/sagrinex.com\\\/#\\\/schema\\\/logo\\\/image\\\/\",\"url\":\"https:\\\/\\\/sagrinex.com\\\/wp-content\\\/uploads\\\/2026\\\/03\\\/7f1ac463-ef5a-425d-bdd6-a5da03a334a9-1024x683.png\",\"contentUrl\":\"https:\\\/\\\/sagrinex.com\\\/wp-content\\\/uploads\\\/2026\\\/03\\\/7f1ac463-ef5a-425d-bdd6-a5da03a334a9-1024x683.png\",\"width\":1024,\"height\":683,\"caption\":\"Sagrinex \u2013 Remorques, Conteneurs & Mat\u00e9riel Agricole\"},\"image\":{\"@id\":\"https:\\\/\\\/sagrinex.com\\\/#\\\/schema\\\/logo\\\/image\\\/\"}}]}<\/script>\n<!-- \/ Yoast SEO plugin. -->","yoast_head_json":{"title":"GALAXY-MEHRROLLEN-BOOTTR\u00c4GER \u2013 GS12 \/ G820 \u2013 zul\u00e4ssiges Gesamtgewicht: 1200 kg \u2013 1 Achse","description":"Dieser Mehrrollen-Bootstr\u00e4ger erm\u00f6glicht den Stra\u00dfentransport eines Bootes mit einer maximalen Rumpfl\u00e4nge von 4,9 m und einem maximalen Gewicht von 860 kg.","robots":{"index":"index","follow":"follow","max-snippet":"max-snippet:-1","max-image-preview":"max-image-preview:large","max-video-preview":"max-video-preview:-1"},"canonical":"https:\/\/sagrinex.com\/produit\/porte-bateau-multi-rouleaux-galaxy-gs12-g820-ptac-1200kg-1-essieu\/","og_locale":"de_DE","og_type":"article","og_title":"GALAXY-MEHRROLLEN-BOOTTR\u00c4GER \u2013 GS12 \/ G820 \u2013 zul\u00e4ssiges Gesamtgewicht: 1200 kg \u2013 1 Achse","og_description":"Dieser Mehrrollen-Bootstr\u00e4ger erm\u00f6glicht den Stra\u00dfentransport eines Bootes mit einer maximalen Rumpfl\u00e4nge von 4,9 m und einem maximalen Gewicht von 860 kg.","og_url":"https:\/\/sagrinex.com\/produit\/porte-bateau-multi-rouleaux-galaxy-gs12-g820-ptac-1200kg-1-essieu\/","og_site_name":"Sagrinex \u2013 Anhaenger, Container &amp; Landtechnik \ud83c\udf3e\ud83d\ude9c","article_modified_time":"2026-04-15T21:12:13+00:00","og_image":[{"width":1000,"height":657,"url":"https:\/\/sagrinex.com\/wp-content\/uploads\/2026\/03\/Image-371-3.jpeg","type":"image\/jpeg"}],"twitter_card":"summary_large_image","twitter_misc":{"Gesch\u00e4tzte Lesezeit":"2\u00a0Minuten"},"schema":{"@context":"https:\/\/schema.org","@graph":[{"@type":"WebPage","@id":"https:\/\/sagrinex.com\/produit\/porte-bateau-multi-rouleaux-galaxy-gs12-g820-ptac-1200kg-1-essieu\/","url":"https:\/\/sagrinex.com\/produit\/porte-bateau-multi-rouleaux-galaxy-gs12-g820-ptac-1200kg-1-essieu\/","name":"GALAXY-MEHRROLLEN-BOOTTR\u00c4GER \u2013 GS12 \/ G820 \u2013 zul\u00e4ssiges Gesamtgewicht: 1200 kg \u2013 1 Achse","isPartOf":{"@id":"https:\/\/sagrinex.com\/#website"},"primaryImageOfPage":{"@id":"https:\/\/sagrinex.com\/produit\/porte-bateau-multi-rouleaux-galaxy-gs12-g820-ptac-1200kg-1-essieu\/#primaryimage"},"image":{"@id":"https:\/\/sagrinex.com\/produit\/porte-bateau-multi-rouleaux-galaxy-gs12-g820-ptac-1200kg-1-essieu\/#primaryimage"},"thumbnailUrl":"https:\/\/sagrinex.com\/wp-content\/uploads\/2026\/03\/Image-371-3.jpeg","datePublished":"2026-03-16T18:23:18+00:00","dateModified":"2026-04-15T21:12:13+00:00","description":"Dieser Mehrrollen-Bootstr\u00e4ger erm\u00f6glicht den Stra\u00dfentransport eines Bootes mit einer maximalen Rumpfl\u00e4nge von 4,9 m und einem maximalen Gewicht von 860 kg.","breadcrumb":{"@id":"https:\/\/sagrinex.com\/produit\/porte-bateau-multi-rouleaux-galaxy-gs12-g820-ptac-1200kg-1-essieu\/#breadcrumb"},"inLanguage":"de","potentialAction":[{"@type":"ReadAction","target":["https:\/\/sagrinex.com\/produit\/porte-bateau-multi-rouleaux-galaxy-gs12-g820-ptac-1200kg-1-essieu\/"]}]},{"@type":"ImageObject","inLanguage":"de","@id":"https:\/\/sagrinex.com\/produit\/porte-bateau-multi-rouleaux-galaxy-gs12-g820-ptac-1200kg-1-essieu\/#primaryimage","url":"https:\/\/sagrinex.com\/wp-content\/uploads\/2026\/03\/Image-371-3.jpeg","contentUrl":"https:\/\/sagrinex.com\/wp-content\/uploads\/2026\/03\/Image-371-3.jpeg","width":1000,"height":657},{"@type":"BreadcrumbList","@id":"https:\/\/sagrinex.com\/produit\/porte-bateau-multi-rouleaux-galaxy-gs12-g820-ptac-1200kg-1-essieu\/#breadcrumb","itemListElement":[{"@type":"ListItem","position":1,"name":"Accueil","item":"https:\/\/sagrinex.com\/?lang=de"},{"@type":"ListItem","position":2,"name":"Shop","item":"https:\/\/sagrinex.com\/shop\/"},{"@type":"ListItem","position":3,"name":"Galaxy-mehrrollen-boottr\u00c4ger \u2013 GS12 \/ G820 \u2013 Zul\u00e4ssiges Gesamtgewicht: 1200 Kg \u2013 1 Achse"}]},{"@type":"WebSite","@id":"https:\/\/sagrinex.com\/#website","url":"https:\/\/sagrinex.com\/","name":"Sagrinex \u2013 Spezialist f\u00fcr Anh\u00e4nger, Container & Landtechnik","description":"Anhaenger, Container &amp; Landtechnik \u2014 Online-Verkauf &amp; kostenloses Angebot","publisher":{"@id":"https:\/\/sagrinex.com\/#organization"},"potentialAction":[{"@type":"SearchAction","target":{"@type":"EntryPoint","urlTemplate":"https:\/\/sagrinex.com\/?s={search_term_string}"},"query-input":{"@type":"PropertyValueSpecification","valueRequired":true,"valueName":"search_term_string"}}],"inLanguage":"de"},{"@type":"Organization","@id":"https:\/\/sagrinex.com\/#organization","name":"Sagrinex \u2013 Remorques, Conteneurs & Mat\u00e9riel Agricole","url":"https:\/\/sagrinex.com\/","logo":{"@type":"ImageObject","inLanguage":"de","@id":"https:\/\/sagrinex.com\/#\/schema\/logo\/image\/","url":"https:\/\/sagrinex.com\/wp-content\/uploads\/2026\/03\/7f1ac463-ef5a-425d-bdd6-a5da03a334a9-1024x683.png","contentUrl":"https:\/\/sagrinex.com\/wp-content\/uploads\/2026\/03\/7f1ac463-ef5a-425d-bdd6-a5da03a334a9-1024x683.png","width":1024,"height":683,"caption":"Sagrinex \u2013 Remorques, Conteneurs & Mat\u00e9riel Agricole"},"image":{"@id":"https:\/\/sagrinex.com\/#\/schema\/logo\/image\/"}}]}},"jetpack_sharing_enabled":true,"_links":{"self":[{"href":"https:\/\/sagrinex.com\/de\/wp-json\/wp\/v2\/product\/14204","targetHints":{"allow":["GET"]}}],"collection":[{"href":"https:\/\/sagrinex.com\/de\/wp-json\/wp\/v2\/product"}],"about":[{"href":"https:\/\/sagrinex.com\/de\/wp-json\/wp\/v2\/types\/product"}],"replies":[{"embeddable":true,"href":"https:\/\/sagrinex.com\/de\/wp-json\/wp\/v2\/comments?post=14204"}],"version-history":[{"count":0,"href":"https:\/\/sagrinex.com\/de\/wp-json\/wp\/v2\/product\/14204\/revisions"}],"wp:featuredmedia":[{"embeddable":true,"href":"https:\/\/sagrinex.com\/de\/wp-json\/wp\/v2\/media\/16391"}],"wp:attachment":[{"href":"https:\/\/sagrinex.com\/de\/wp-json\/wp\/v2\/media?parent=14204"}],"wp:term":[{"taxonomy":"product_brand","embeddable":true,"href":"https:\/\/sagrinex.com\/de\/wp-json\/wp\/v2\/product_brand?post=14204"},{"taxonomy":"product_cat","embeddable":true,"href":"https:\/\/sagrinex.com\/de\/wp-json\/wp\/v2\/product_cat?post=14204"},{"taxonomy":"product_tag","embeddable":true,"href":"https:\/\/sagrinex.com\/de\/wp-json\/wp\/v2\/product_tag?post=14204"}],"curies":[{"name":"wp","href":"https:\/\/api.w.org\/{rel}","templated":true}]}}