{"id":14205,"date":"2026-03-17T16:56:12","date_gmt":"2026-03-17T16:56:12","guid":{"rendered":"https:\/\/sagrinex.com\/produit\/sun-way-tauchboottraeger-d2423-gesamtgewicht-2700-kg-multi-rollen-kit-2-achsen\/"},"modified":"2026-04-15T21:12:13","modified_gmt":"2026-04-15T21:12:13","slug":"sun-way-tauchboottraeger-d2423-gesamtgewicht-2700-kg-multi-rollen-kit-2-achsen","status":"publish","type":"product","link":"https:\/\/sagrinex.com\/de\/produit\/sun-way-tauchboottraeger-d2423-gesamtgewicht-2700-kg-multi-rollen-kit-2-achsen\/","title":{"rendered":"Sun Way Tauchboottr\u00c4ger \u2013 D2423 \u2013 Gesamtgewicht: 2700 Kg \u2013 Multi-rollen-kit \u2013 2 Achsen"},"content":{"rendered":"<p>Dieser Tauchbootanh\u00e4nger aus der Sun Way-Reihe wurde speziell entwickelt, um das Zuwasserlassen und Entfernen Ihres Bootes aus dem Wasser zu erleichtern.<\/p>\n<p>Es eignet sich f\u00fcr V-f\u00f6rmige R\u00fcmpfe, Beiboote und halbstarre R\u00fcmpfe und bietet Platz f\u00fcr Boote mit einer L\u00e4nge von bis zu 7,6 Metern.<\/p>\n<p>Das Immersionssystem vereinfacht nautische Man\u00f6ver erheblich und sorgt f\u00fcr ein optimiertes Benutzererlebnis.<\/p>\n<p><strong>Zul\u00e4ssiges Gesamtgewicht:<\/strong> 2000\/2500\/2700 kg<br \/>\n<strong>Leermasse:<\/strong> 690 kg<br \/>\n<strong>Nutzlast:<\/strong> Bis zu 2010 kg<br \/>\n<strong>Nutzma\u00dfe:<\/strong> Zwischen 5,60 und 6,60 m<br \/>\n<strong>Gesamtabmessungen:<\/strong> 768 x 236 x H79 cm<br \/>\n<strong>Maximale Bootsl\u00e4nge:<\/strong> 7,6 m<br \/>\n<strong>Pfeil:<\/strong> V-f\u00f6rmig, feuerverzinkt<br \/>\n<strong>Kopfbremse:<\/strong> Ja<br \/>\n<strong>Rahmentyp:<\/strong> Feuerverzinkt<br \/>\n<strong>R\u00e4der:<\/strong> 165R14C<br \/>\n<strong>Ausstattung:<\/strong> Zwei wasserdichte Autoflex-Bremsachsen mit versiegelten Fettbadnaben, wasserdichte LED-Leuchten, Kotfl\u00fcgel und Beschl\u00e4ge aus Edelstahl, selbstbremsende 2-Gang-Winde, verstellbare Windenhalterung und Buganschlag mit 3D-Einstellung, St\u00fctzrad mit 60 mm Durchmesser<\/p>\n<p>Der Anh\u00e4nger ist mit <strong>wasserdichten LED-Leuchten<\/strong> ausgestattet, die auch bei N\u00e4sse f\u00fcr optimale Sicht und erh\u00f6hte Haltbarkeit sorgen. Diese Funktion reduziert den Wartungsaufwand im Zusammenhang mit dem Eindringen von Wasser.<\/p>\n<p>Die <strong>abgedichteten \u00d6lbadnaben<\/strong> sorgen f\u00fcr eine st\u00e4ndige Schmierung der Lager und erh\u00f6hen so die Langlebigkeit des Anh\u00e4ngers und reduzieren Wartungseingriffe. Dieses Design ist ideal f\u00fcr den h\u00e4ufigen Einsatz in Gew\u00e4ssern.<\/p>\n<p>Ausgestattet mit <strong>wasserdichten Bremsscheiben<\/strong> bietet dieser Anh\u00e4nger erh\u00f6hte Sicherheit beim Transport Ihres Bootes. Die Bremsen behalten ihre Wirksamkeit auch nach mehrmaligem Eintauchen und sorgen so f\u00fcr zuverl\u00e4ssiges Bremsen unter allen Umst\u00e4nden.<\/p>\n<p>Die <strong>feuerverzinkte Struktur<\/strong> verleiht dem Anh\u00e4nger eine au\u00dfergew\u00f6hnliche Korrosionsbest\u00e4ndigkeit. Diese Behandlung verl\u00e4ngert die Lebensdauer der Ausr\u00fcstung und macht sie besonders f\u00fcr den Einsatz im Meeresumfeld geeignet.<\/p>\n<ul>\n<li>Ersatzrad<\/li>\n<li>Reserveradhalterung am Holm<\/li>\n<li>Elektrische Winde mit abnehmbarem St\u00fctzsatz<\/li>\n<li>Multi-Skate-Kit<\/li>\n<li>Gateway-Kit<\/li>\n<li>Zentrierst\u00e4nder-Kit<\/li>\n<li>Diebstahlschutz<\/li>\n<li>Automatikgurt 3 m \u2013 550 kg<\/li>\n<li>Gurt 9 m \u2013 4 T<\/li>\n<\/ul>\n<ul>\n<li>Wasserdichte LED-Leuchten f\u00fcr l\u00e4ngere Haltbarkeit<\/li>\n<li>Abgedichtete \u00d6lbadnaben reduzieren den Wartungsaufwand<\/li>\n<li>Wasserdichte, doppelt gebremste Autoflex-Achsen mit abgedichteten Naben im Fettbad<\/li>\n<li>Zulassung f\u00fcr den Stra\u00dfenverkehr<\/li>\n<\/ul>\n<p>Sagrinex bietet eine gro\u00dfe Auswahl an Bootsanh\u00e4ngern auf Lager und auf Bestellung. Unsere Experten beraten Sie bedarfsgerecht und vereinen Qualit\u00e4t und Budget f\u00fcr eine garantierte Zufriedenheit.<\/p>\n<p>Obwohl dieser Tauchanh\u00e4nger mit wasserdichten Komponenten wie Lichtern und Tauchnaben ausgestattet ist, erfordert er nach jedem Gebrauch eine gr\u00fcndliche Wartung, um seine Langlebigkeit und Leistung sicherzustellen.<\/p>\n<p>Um einen dauerhaften und sicheren Einsatz zu gew\u00e4hrleisten, ist es unbedingt erforderlich, die spezifischen Wartungsanweisungen f\u00fcr Tauchanh\u00e4nger zu befolgen.<\/p>\n","protected":false},"excerpt":{"rendered":"<p>Mehrrollen-Tauchbootanh\u00e4nger von Sun Way, geeignet f\u00fcr V-R\u00fcmpfe, Beiboote und halbstarre R\u00fcmpfe bis 7,6 m.<br \/>\nGesamtgewicht 2000\/2500\/2700 kg, Leermasse 690 kg, Nutzlast bis 2010 kg. Gesamtma\u00dfe 768 x 236 x H79 cm, feuerverzinkter V-f\u00f6rmiger Rahmen und Ausleger.<br \/>\nAusgestattet mit zwei wasserdichten Autoflex-Bremsachsen mit fettdichten Naben, wasserdichten Scheibenbremsen, tauchf\u00e4higen LED-Leuchten und 165R14C-R\u00e4dern.<br \/>\nSelbstbremsende 2-Gang-Winde, verstellbare St\u00fctze, 3D-Buganschlag und \u00d8 60 mm St\u00fctzrad f\u00fcr einfaches Zuwasserlassen.<\/p>\n<div class=\"mod_fa_customizablefields_v14_list\">\n<div class=\"mod_fa_champspersonnalisables_v14_title\"><strong>Zul\u00e4ssiges Gesamtgewicht: <\/strong><span class=\"mod_fa_champspersonnalisables_v14_value\">2700\/2500\/2000 kg<\/span><\/div>\n<\/div>\n<div class=\"mod_fa_customizablefields_v14_list\">\n<div class=\"mod_fa_champspersonnalisables_v14_titre\"><strong>Leermasse: <\/strong><span class=\"mod_fa_champspersonnalisables_v14_value\">690 kg<\/span><\/div>\n<\/div>\n<div class=\"mod_fa_customizablefields_v14_list\">\n<div class=\"mod_fa_champspersonnalisables_v14_titre\"><strong>Nutzlast: <\/strong><span class=\"mod_fa_champspersonnalisables_v14_value\">2010 kg<\/span><\/div>\n<\/div>\n<div class=\"mod_fa_customizablefields_v14_list\">\n<div class=\"mod_fa_champspersonnalisables_v14_titre\"><strong>N\u00fctzliche Abmessungen: <\/strong><span class=\"mod_fa_champspersonnalisables_v14_value\">Zwischen 5,60 und 6,60 m<\/span><\/div>\n<\/div>\n<div class=\"mod_fa_customizablefields_v14_list\">\n<div class=\"mod_fa_champspersonnalisables_v14_titre\"><strong>Gesamtabmessungen: <\/strong><span class=\"mod_fa_champspersonnalisables_v14_valeur\">768 x 236 x H79 cm<\/span><\/div>\n<\/div>\n<div class=\"mod_fa_customizablefields_v14_list\">\n<div class=\"mod_fa_champspersonnalisables_v14_titre\"><strong>Maximale L\u00e4nge des Bootes: <\/strong><span class=\"mod_fa_champspersonnalisables_v14_value\">7,6 m<\/span><\/div>\n<\/div>\n<div class=\"mod_fa_customizablefields_v14_list\">\n<div class=\"mod_fa_champspersonnalisables_v14_title\"><strong>Pfeil: <\/strong><span class=\"mod_fa_champspersonnalisables_v14_value\">Feuerverzinkt in V<\/span><\/div>\n<\/div>\n<div class=\"mod_fa_customizablefields_v14_list\">\n<div class=\"mod_fa_champspersonnalisables_v14_titre\"><strong>Rahmentyp: <\/strong><span class=\"mod_fa_champspersonnalisables_v14_value\">Feuerverzinkt<\/span><\/div>\n<\/div>\n<div class=\"mod_fa_customizablefields_v14_list\">\n<div class=\"mod_fa_champspersonnalisables_v14_titre\"><strong>R\u00e4der: <\/strong><span class=\"mod_fa_champspersonnalisables_v14_valeur\">165R14C<\/span><\/div>\n<\/div>\n<div class=\"mod_fa_customizablefields_v14_list\">\n<div class=\"mod_fa_champspersonnalisables_v14_titre\"><strong>Ausstattung: <\/strong><span class=\"mod_fa_champspersonalisables_v14_valeur\">2 wasserdichte Autoflex-Bremsachsen mit versiegelten Naben im Fettbad \/ Wasserdichte LED-Leuchten \/ Kotfl\u00fcgel und Beschl\u00e4ge aus Edelstahl \/ selbstbremsende 2-Gang-Winde \/ Einstellbare Windenhalterung und einstellbarer Buganschlag 3D \/ St\u00fctzraddurchmesser 60<\/span><\/div>\n<\/div>\n","protected":false},"featured_media":16610,"comment_status":"open","ping_status":"closed","template":"","meta":[],"product_brand":[],"product_cat":[357,352],"product_tag":[],"class_list":{"0":"post-14205","1":"product","2":"type-product","3":"status-publish","4":"has-post-thumbnail","6":"product_cat-nautische-anhaenger","7":"product_cat-unsere-trailer","9":"first","10":"instock","11":"shipping-taxable","12":"purchasable","13":"product-type-simple"},"yoast_head":"<!-- This site is optimized with the Yoast SEO plugin v27.4 - https:\/\/yoast.com\/product\/yoast-seo-wordpress\/ -->\n<title>SUN WAY TAUCHBOOTTR\u00c4GER \u2013 D2423 \u2013 Gesamtgewicht: 2700 kg \u2013 MULTI-ROLLEN-KIT \u2013 2 ACHSEN<\/title>\n<meta name=\"description\" content=\"Mehrrollen-Tauchbootanh\u00e4nger von Sun Way, geeignet f\u00fcr V-R\u00fcmpfe, Beiboote und halbstarre R\u00fcmpfe bis 7,6 m. Gesamtgewicht 2000\/2500\/2700 kg, Leermasse 690 kg, Nutzlast bis 2010 kg. Gesamtma\u00dfe 768 x 236 x H79 cm, feuerverzinktes Fahrgestell und V-f\u00f6rmiger Ausleger. Ausgestattet mit zwei wasserdichten Autoflex-Bremsachsen mit versiegelten Naben in einem Fettbad, wasserdichten Scheibenbremsen, tauchf\u00e4higen LED-Leuchten und 165R14C-R\u00e4dern. Selbstbremsende 2-Gang-Winde, verstellbare St\u00fctze, 3D-Buganschlag und \u00d8 60 mm St\u00fctzrad zur einfacheren Wasseraktualisierung.\" \/>\n<meta name=\"robots\" content=\"index, follow, max-snippet:-1, max-image-preview:large, max-video-preview:-1\" \/>\n<link rel=\"canonical\" href=\"https:\/\/sagrinex.com\/produit\/porte-bateau-immergeable-sun-way-d2423-ptac-2700kg-kit-multi-rouleaux-2-essieux\/\" \/>\n<meta property=\"og:locale\" content=\"de_DE\" \/>\n<meta property=\"og:type\" content=\"article\" \/>\n<meta property=\"og:title\" content=\"SUN WAY TAUCHBOOTTR\u00c4GER \u2013 D2423 \u2013 Gesamtgewicht: 2700 kg \u2013 MULTI-ROLLEN-KIT \u2013 2 ACHSEN\" \/>\n<meta property=\"og:description\" content=\"Mehrrollen-Tauchbootanh\u00e4nger von Sun Way, geeignet f\u00fcr V-R\u00fcmpfe, Beiboote und halbstarre R\u00fcmpfe bis 7,6 m. Gesamtgewicht 2000\/2500\/2700 kg, Leermasse 690 kg, Nutzlast bis 2010 kg. Gesamtma\u00dfe 768 x 236 x H79 cm, feuerverzinktes Fahrgestell und V-f\u00f6rmiger Ausleger. Ausgestattet mit zwei wasserdichten Autoflex-Bremsachsen mit versiegelten Naben in einem Fettbad, wasserdichten Scheibenbremsen, tauchf\u00e4higen LED-Leuchten und 165R14C-R\u00e4dern. Selbstbremsende 2-Gang-Winde, verstellbare St\u00fctze, 3D-Buganschlag und \u00d8 60 mm St\u00fctzrad zur einfacheren Wasseraktualisierung.\" \/>\n<meta property=\"og:url\" content=\"https:\/\/sagrinex.com\/produit\/porte-bateau-immergeable-sun-way-d2423-ptac-2700kg-kit-multi-rouleaux-2-essieux\/\" \/>\n<meta property=\"og:site_name\" content=\"Sagrinex \u2013 Anhaenger, Container &amp; Landtechnik \ud83c\udf3e\ud83d\ude9c\" \/>\n<meta property=\"article:modified_time\" content=\"2026-04-15T21:12:13+00:00\" \/>\n<meta property=\"og:image\" content=\"https:\/\/sagrinex.com\/wp-content\/uploads\/2026\/03\/Image-71-4.jpeg\" \/>\n\t<meta property=\"og:image:width\" content=\"600\" \/>\n\t<meta property=\"og:image:height\" content=\"650\" \/>\n\t<meta property=\"og:image:type\" content=\"image\/jpeg\" \/>\n<meta name=\"twitter:card\" content=\"summary_large_image\" \/>\n<meta name=\"twitter:label1\" content=\"Gesch\u00e4tzte Lesezeit\" \/>\n\t<meta name=\"twitter:data1\" content=\"2\u00a0Minuten\" \/>\n<script type=\"application\/ld+json\" class=\"yoast-schema-graph\">{\"@context\":\"https:\\\/\\\/schema.org\",\"@graph\":[{\"@type\":\"WebPage\",\"@id\":\"https:\\\/\\\/sagrinex.com\\\/produit\\\/porte-bateau-immergeable-sun-way-d2423-ptac-2700kg-kit-multi-rouleaux-2-essieux\\\/\",\"url\":\"https:\\\/\\\/sagrinex.com\\\/produit\\\/porte-bateau-immergeable-sun-way-d2423-ptac-2700kg-kit-multi-rouleaux-2-essieux\\\/\",\"name\":\"SUN WAY TAUCHBOOTTR\u00c4GER \u2013 D2423 \u2013 Gesamtgewicht: 2700 kg \u2013 MULTI-ROLLEN-KIT \u2013 2 ACHSEN\",\"isPartOf\":{\"@id\":\"https:\\\/\\\/sagrinex.com\\\/#website\"},\"primaryImageOfPage\":{\"@id\":\"https:\\\/\\\/sagrinex.com\\\/produit\\\/porte-bateau-immergeable-sun-way-d2423-ptac-2700kg-kit-multi-rouleaux-2-essieux\\\/#primaryimage\"},\"image\":{\"@id\":\"https:\\\/\\\/sagrinex.com\\\/produit\\\/porte-bateau-immergeable-sun-way-d2423-ptac-2700kg-kit-multi-rouleaux-2-essieux\\\/#primaryimage\"},\"thumbnailUrl\":\"https:\\\/\\\/sagrinex.com\\\/wp-content\\\/uploads\\\/2026\\\/03\\\/Image-71-4.jpeg\",\"datePublished\":\"2026-03-17T16:56:12+00:00\",\"dateModified\":\"2026-04-15T21:12:13+00:00\",\"description\":\"Mehrrollen-Tauchbootanh\u00e4nger von Sun Way, geeignet f\u00fcr V-R\u00fcmpfe, Beiboote und halbstarre R\u00fcmpfe bis 7,6 m. Gesamtgewicht 2000\\\/2500\\\/2700 kg, Leermasse 690 kg, Nutzlast bis 2010 kg. Gesamtma\u00dfe 768 x 236 x H79 cm, feuerverzinktes Fahrgestell und V-f\u00f6rmiger Ausleger. Ausgestattet mit zwei wasserdichten Autoflex-Bremsachsen mit versiegelten Naben in einem Fettbad, wasserdichten Scheibenbremsen, tauchf\u00e4higen LED-Leuchten und 165R14C-R\u00e4dern. Selbstbremsende 2-Gang-Winde, verstellbare St\u00fctze, 3D-Buganschlag und \u00d8 60 mm St\u00fctzrad zur einfacheren Wasseraktualisierung.\",\"breadcrumb\":{\"@id\":\"https:\\\/\\\/sagrinex.com\\\/produit\\\/porte-bateau-immergeable-sun-way-d2423-ptac-2700kg-kit-multi-rouleaux-2-essieux\\\/#breadcrumb\"},\"inLanguage\":\"de\",\"potentialAction\":[{\"@type\":\"ReadAction\",\"target\":[\"https:\\\/\\\/sagrinex.com\\\/produit\\\/porte-bateau-immergeable-sun-way-d2423-ptac-2700kg-kit-multi-rouleaux-2-essieux\\\/\"]}]},{\"@type\":\"ImageObject\",\"inLanguage\":\"de\",\"@id\":\"https:\\\/\\\/sagrinex.com\\\/produit\\\/porte-bateau-immergeable-sun-way-d2423-ptac-2700kg-kit-multi-rouleaux-2-essieux\\\/#primaryimage\",\"url\":\"https:\\\/\\\/sagrinex.com\\\/wp-content\\\/uploads\\\/2026\\\/03\\\/Image-71-4.jpeg\",\"contentUrl\":\"https:\\\/\\\/sagrinex.com\\\/wp-content\\\/uploads\\\/2026\\\/03\\\/Image-71-4.jpeg\",\"width\":600,\"height\":650},{\"@type\":\"BreadcrumbList\",\"@id\":\"https:\\\/\\\/sagrinex.com\\\/produit\\\/porte-bateau-immergeable-sun-way-d2423-ptac-2700kg-kit-multi-rouleaux-2-essieux\\\/#breadcrumb\",\"itemListElement\":[{\"@type\":\"ListItem\",\"position\":1,\"name\":\"Accueil\",\"item\":\"https:\\\/\\\/sagrinex.com\\\/?lang=de\"},{\"@type\":\"ListItem\",\"position\":2,\"name\":\"Shop\",\"item\":\"https:\\\/\\\/sagrinex.com\\\/shop\\\/\"},{\"@type\":\"ListItem\",\"position\":3,\"name\":\"Sun Way Tauchboottr\u00c4ger \u2013 D2423 \u2013 Gesamtgewicht: 2700 Kg \u2013 Multi-rollen-kit \u2013 2 Achsen\"}]},{\"@type\":\"WebSite\",\"@id\":\"https:\\\/\\\/sagrinex.com\\\/#website\",\"url\":\"https:\\\/\\\/sagrinex.com\\\/\",\"name\":\"Sagrinex \u2013 Spezialist f\u00fcr Anh\u00e4nger, Container & Landtechnik\",\"description\":\"Anhaenger, Container &amp; Landtechnik \u2014 Online-Verkauf &amp; kostenloses Angebot\",\"publisher\":{\"@id\":\"https:\\\/\\\/sagrinex.com\\\/#organization\"},\"potentialAction\":[{\"@type\":\"SearchAction\",\"target\":{\"@type\":\"EntryPoint\",\"urlTemplate\":\"https:\\\/\\\/sagrinex.com\\\/?s={search_term_string}\"},\"query-input\":{\"@type\":\"PropertyValueSpecification\",\"valueRequired\":true,\"valueName\":\"search_term_string\"}}],\"inLanguage\":\"de\"},{\"@type\":\"Organization\",\"@id\":\"https:\\\/\\\/sagrinex.com\\\/#organization\",\"name\":\"Sagrinex \u2013 Remorques, Conteneurs & Mat\u00e9riel Agricole\",\"url\":\"https:\\\/\\\/sagrinex.com\\\/\",\"logo\":{\"@type\":\"ImageObject\",\"inLanguage\":\"de\",\"@id\":\"https:\\\/\\\/sagrinex.com\\\/#\\\/schema\\\/logo\\\/image\\\/\",\"url\":\"https:\\\/\\\/sagrinex.com\\\/wp-content\\\/uploads\\\/2026\\\/03\\\/7f1ac463-ef5a-425d-bdd6-a5da03a334a9-1024x683.png\",\"contentUrl\":\"https:\\\/\\\/sagrinex.com\\\/wp-content\\\/uploads\\\/2026\\\/03\\\/7f1ac463-ef5a-425d-bdd6-a5da03a334a9-1024x683.png\",\"width\":1024,\"height\":683,\"caption\":\"Sagrinex \u2013 Remorques, Conteneurs & Mat\u00e9riel Agricole\"},\"image\":{\"@id\":\"https:\\\/\\\/sagrinex.com\\\/#\\\/schema\\\/logo\\\/image\\\/\"}}]}<\/script>\n<!-- \/ Yoast SEO plugin. -->","yoast_head_json":{"title":"SUN WAY TAUCHBOOTTR\u00c4GER \u2013 D2423 \u2013 Gesamtgewicht: 2700 kg \u2013 MULTI-ROLLEN-KIT \u2013 2 ACHSEN","description":"Mehrrollen-Tauchbootanh\u00e4nger von Sun Way, geeignet f\u00fcr V-R\u00fcmpfe, Beiboote und halbstarre R\u00fcmpfe bis 7,6 m. Gesamtgewicht 2000\/2500\/2700 kg, Leermasse 690 kg, Nutzlast bis 2010 kg. Gesamtma\u00dfe 768 x 236 x H79 cm, feuerverzinktes Fahrgestell und V-f\u00f6rmiger Ausleger. Ausgestattet mit zwei wasserdichten Autoflex-Bremsachsen mit versiegelten Naben in einem Fettbad, wasserdichten Scheibenbremsen, tauchf\u00e4higen LED-Leuchten und 165R14C-R\u00e4dern. Selbstbremsende 2-Gang-Winde, verstellbare St\u00fctze, 3D-Buganschlag und \u00d8 60 mm St\u00fctzrad zur einfacheren Wasseraktualisierung.","robots":{"index":"index","follow":"follow","max-snippet":"max-snippet:-1","max-image-preview":"max-image-preview:large","max-video-preview":"max-video-preview:-1"},"canonical":"https:\/\/sagrinex.com\/produit\/porte-bateau-immergeable-sun-way-d2423-ptac-2700kg-kit-multi-rouleaux-2-essieux\/","og_locale":"de_DE","og_type":"article","og_title":"SUN WAY TAUCHBOOTTR\u00c4GER \u2013 D2423 \u2013 Gesamtgewicht: 2700 kg \u2013 MULTI-ROLLEN-KIT \u2013 2 ACHSEN","og_description":"Mehrrollen-Tauchbootanh\u00e4nger von Sun Way, geeignet f\u00fcr V-R\u00fcmpfe, Beiboote und halbstarre R\u00fcmpfe bis 7,6 m. Gesamtgewicht 2000\/2500\/2700 kg, Leermasse 690 kg, Nutzlast bis 2010 kg. Gesamtma\u00dfe 768 x 236 x H79 cm, feuerverzinktes Fahrgestell und V-f\u00f6rmiger Ausleger. Ausgestattet mit zwei wasserdichten Autoflex-Bremsachsen mit versiegelten Naben in einem Fettbad, wasserdichten Scheibenbremsen, tauchf\u00e4higen LED-Leuchten und 165R14C-R\u00e4dern. Selbstbremsende 2-Gang-Winde, verstellbare St\u00fctze, 3D-Buganschlag und \u00d8 60 mm St\u00fctzrad zur einfacheren Wasseraktualisierung.","og_url":"https:\/\/sagrinex.com\/produit\/porte-bateau-immergeable-sun-way-d2423-ptac-2700kg-kit-multi-rouleaux-2-essieux\/","og_site_name":"Sagrinex \u2013 Anhaenger, Container &amp; Landtechnik \ud83c\udf3e\ud83d\ude9c","article_modified_time":"2026-04-15T21:12:13+00:00","og_image":[{"width":600,"height":650,"url":"https:\/\/sagrinex.com\/wp-content\/uploads\/2026\/03\/Image-71-4.jpeg","type":"image\/jpeg"}],"twitter_card":"summary_large_image","twitter_misc":{"Gesch\u00e4tzte Lesezeit":"2\u00a0Minuten"},"schema":{"@context":"https:\/\/schema.org","@graph":[{"@type":"WebPage","@id":"https:\/\/sagrinex.com\/produit\/porte-bateau-immergeable-sun-way-d2423-ptac-2700kg-kit-multi-rouleaux-2-essieux\/","url":"https:\/\/sagrinex.com\/produit\/porte-bateau-immergeable-sun-way-d2423-ptac-2700kg-kit-multi-rouleaux-2-essieux\/","name":"SUN WAY TAUCHBOOTTR\u00c4GER \u2013 D2423 \u2013 Gesamtgewicht: 2700 kg \u2013 MULTI-ROLLEN-KIT \u2013 2 ACHSEN","isPartOf":{"@id":"https:\/\/sagrinex.com\/#website"},"primaryImageOfPage":{"@id":"https:\/\/sagrinex.com\/produit\/porte-bateau-immergeable-sun-way-d2423-ptac-2700kg-kit-multi-rouleaux-2-essieux\/#primaryimage"},"image":{"@id":"https:\/\/sagrinex.com\/produit\/porte-bateau-immergeable-sun-way-d2423-ptac-2700kg-kit-multi-rouleaux-2-essieux\/#primaryimage"},"thumbnailUrl":"https:\/\/sagrinex.com\/wp-content\/uploads\/2026\/03\/Image-71-4.jpeg","datePublished":"2026-03-17T16:56:12+00:00","dateModified":"2026-04-15T21:12:13+00:00","description":"Mehrrollen-Tauchbootanh\u00e4nger von Sun Way, geeignet f\u00fcr V-R\u00fcmpfe, Beiboote und halbstarre R\u00fcmpfe bis 7,6 m. Gesamtgewicht 2000\/2500\/2700 kg, Leermasse 690 kg, Nutzlast bis 2010 kg. Gesamtma\u00dfe 768 x 236 x H79 cm, feuerverzinktes Fahrgestell und V-f\u00f6rmiger Ausleger. Ausgestattet mit zwei wasserdichten Autoflex-Bremsachsen mit versiegelten Naben in einem Fettbad, wasserdichten Scheibenbremsen, tauchf\u00e4higen LED-Leuchten und 165R14C-R\u00e4dern. Selbstbremsende 2-Gang-Winde, verstellbare St\u00fctze, 3D-Buganschlag und \u00d8 60 mm St\u00fctzrad zur einfacheren Wasseraktualisierung.","breadcrumb":{"@id":"https:\/\/sagrinex.com\/produit\/porte-bateau-immergeable-sun-way-d2423-ptac-2700kg-kit-multi-rouleaux-2-essieux\/#breadcrumb"},"inLanguage":"de","potentialAction":[{"@type":"ReadAction","target":["https:\/\/sagrinex.com\/produit\/porte-bateau-immergeable-sun-way-d2423-ptac-2700kg-kit-multi-rouleaux-2-essieux\/"]}]},{"@type":"ImageObject","inLanguage":"de","@id":"https:\/\/sagrinex.com\/produit\/porte-bateau-immergeable-sun-way-d2423-ptac-2700kg-kit-multi-rouleaux-2-essieux\/#primaryimage","url":"https:\/\/sagrinex.com\/wp-content\/uploads\/2026\/03\/Image-71-4.jpeg","contentUrl":"https:\/\/sagrinex.com\/wp-content\/uploads\/2026\/03\/Image-71-4.jpeg","width":600,"height":650},{"@type":"BreadcrumbList","@id":"https:\/\/sagrinex.com\/produit\/porte-bateau-immergeable-sun-way-d2423-ptac-2700kg-kit-multi-rouleaux-2-essieux\/#breadcrumb","itemListElement":[{"@type":"ListItem","position":1,"name":"Accueil","item":"https:\/\/sagrinex.com\/?lang=de"},{"@type":"ListItem","position":2,"name":"Shop","item":"https:\/\/sagrinex.com\/shop\/"},{"@type":"ListItem","position":3,"name":"Sun Way Tauchboottr\u00c4ger \u2013 D2423 \u2013 Gesamtgewicht: 2700 Kg \u2013 Multi-rollen-kit \u2013 2 Achsen"}]},{"@type":"WebSite","@id":"https:\/\/sagrinex.com\/#website","url":"https:\/\/sagrinex.com\/","name":"Sagrinex \u2013 Spezialist f\u00fcr Anh\u00e4nger, Container & Landtechnik","description":"Anhaenger, Container &amp; Landtechnik \u2014 Online-Verkauf &amp; kostenloses Angebot","publisher":{"@id":"https:\/\/sagrinex.com\/#organization"},"potentialAction":[{"@type":"SearchAction","target":{"@type":"EntryPoint","urlTemplate":"https:\/\/sagrinex.com\/?s={search_term_string}"},"query-input":{"@type":"PropertyValueSpecification","valueRequired":true,"valueName":"search_term_string"}}],"inLanguage":"de"},{"@type":"Organization","@id":"https:\/\/sagrinex.com\/#organization","name":"Sagrinex \u2013 Remorques, Conteneurs & Mat\u00e9riel Agricole","url":"https:\/\/sagrinex.com\/","logo":{"@type":"ImageObject","inLanguage":"de","@id":"https:\/\/sagrinex.com\/#\/schema\/logo\/image\/","url":"https:\/\/sagrinex.com\/wp-content\/uploads\/2026\/03\/7f1ac463-ef5a-425d-bdd6-a5da03a334a9-1024x683.png","contentUrl":"https:\/\/sagrinex.com\/wp-content\/uploads\/2026\/03\/7f1ac463-ef5a-425d-bdd6-a5da03a334a9-1024x683.png","width":1024,"height":683,"caption":"Sagrinex \u2013 Remorques, Conteneurs & Mat\u00e9riel Agricole"},"image":{"@id":"https:\/\/sagrinex.com\/#\/schema\/logo\/image\/"}}]}},"jetpack_sharing_enabled":true,"_links":{"self":[{"href":"https:\/\/sagrinex.com\/de\/wp-json\/wp\/v2\/product\/14205","targetHints":{"allow":["GET"]}}],"collection":[{"href":"https:\/\/sagrinex.com\/de\/wp-json\/wp\/v2\/product"}],"about":[{"href":"https:\/\/sagrinex.com\/de\/wp-json\/wp\/v2\/types\/product"}],"replies":[{"embeddable":true,"href":"https:\/\/sagrinex.com\/de\/wp-json\/wp\/v2\/comments?post=14205"}],"version-history":[{"count":0,"href":"https:\/\/sagrinex.com\/de\/wp-json\/wp\/v2\/product\/14205\/revisions"}],"wp:featuredmedia":[{"embeddable":true,"href":"https:\/\/sagrinex.com\/de\/wp-json\/wp\/v2\/media\/16610"}],"wp:attachment":[{"href":"https:\/\/sagrinex.com\/de\/wp-json\/wp\/v2\/media?parent=14205"}],"wp:term":[{"taxonomy":"product_brand","embeddable":true,"href":"https:\/\/sagrinex.com\/de\/wp-json\/wp\/v2\/product_brand?post=14205"},{"taxonomy":"product_cat","embeddable":true,"href":"https:\/\/sagrinex.com\/de\/wp-json\/wp\/v2\/product_cat?post=14205"},{"taxonomy":"product_tag","embeddable":true,"href":"https:\/\/sagrinex.com\/de\/wp-json\/wp\/v2\/product_tag?post=14205"}],"curies":[{"name":"wp","href":"https:\/\/api.w.org\/{rel}","templated":true}]}}