{"id":14206,"date":"2026-03-16T17:02:52","date_gmt":"2026-03-16T17:02:52","guid":{"rendered":"https:\/\/sagrinex.com\/produit\/galaxy-mehrrollen-boottraeger-gd09-g1382-zulaessiges-gesamtgewicht-1800-kg-2-achsen\/"},"modified":"2026-04-15T21:12:13","modified_gmt":"2026-04-15T21:12:13","slug":"galaxy-mehrrollen-boottraeger-gd09-g1382-zulaessiges-gesamtgewicht-1800-kg-2-achsen","status":"publish","type":"product","link":"https:\/\/sagrinex.com\/de\/produit\/galaxy-mehrrollen-boottraeger-gd09-g1382-zulaessiges-gesamtgewicht-1800-kg-2-achsen\/","title":{"rendered":"Galaxy-mehrrollen-boottr\u00c4ger \u2013 GD09 \/ G1382 \u2013 Zul\u00e4ssiges Gesamtgewicht: 1800 Kg \u2013 2 Achsen"},"content":{"rendered":"<p>Der <strong>GALAXY-Mehrrollen-Bootstr\u00e4ger \u2013 GD09 \/ G1382<\/strong> ist f\u00fcr den Stra\u00dfentransport von Booten f\u00fcr den privaten oder professionellen Einsatz konzipiert. Es ist ideal f\u00fcr V-f\u00f6rmige R\u00fcmpfe, halbstarre R\u00fcmpfe, Integral-Jollen oder schnelle R\u00fcmpfe mit einer maximalen L\u00e4nge von 6,05 m und einem Gewicht von bis zu 1320 kg.<\/p>\n<ul>\n<li><strong>Zul\u00e4ssiges Gesamtgewicht:<\/strong> 1800 kg<\/li>\n<li><strong>Leermasse:<\/strong> 480 kg<\/li>\n<li><strong>Nutzlast:<\/strong> 1320 kg<\/li>\n<li><strong>Nutzma\u00dfe:<\/strong> L\u00e4nge: 6,68 m | Breite: 2,18 m<\/li>\n<li><strong>Gesamtabmessungen:<\/strong> L\u00e4nge: 7,76 m | Breite: 2,18 m<\/li>\n<li><strong>Maximale Bootsl\u00e4nge:<\/strong> 6,05 m<\/li>\n<li><strong>Pfeil:<\/strong> Feuerverzinkt in V<\/li>\n<li><strong>Kopf gebremst:<\/strong> Ja<\/li>\n<li><strong>Rahmentyp:<\/strong> Feuerverzinkt<\/li>\n<li><strong>R\u00e4der:<\/strong> 175\/70R13<\/li>\n<li><strong>Ausstattung:<\/strong> 2 Trommelbremsachsen, feste wasserdichte LED-Leuchten, selbstbremsende Winde, verstellbare Windenhalterung, 3D-verstellbarer Buganschlag, St\u00fctzraddurchmesser 60 mm<\/li>\n<\/ul>\n<p>\u00a0<\/p>\n<ul>\n<li><strong>Kippbarer Heckspiegel:<\/strong> Erleichtert das Ein- und Aussteigen des Bootes aus dem Wasser und gew\u00e4hrleistet eine einfache und sichere Handhabung.<\/li>\n<li><strong>Mittlerer Weg:<\/strong> H\u00e4lt das Boot beim Man\u00f6vrieren in der Mitte der Rollen und gew\u00e4hrleistet so eine gute Stabilit\u00e4t beim Transport und Zuwasserlassen.<\/li>\n<li><strong>Verstellbare Windenunterst\u00fctzung:<\/strong> Erm\u00f6glicht Ihnen, die Position der Winde genau an die Gr\u00f6\u00dfe und Form des Bootes anzupassen und so Unterst\u00fctzung und Sicherheit zu optimieren.<\/li>\n<li><strong>An die Spiegel geschwei\u00dfte Gurtringe:<\/strong> Bieten stabile Befestigungspunkte, um das Boot w\u00e4hrend des Transports zu sichern und das Risiko einer Bewegung zu verringern.<\/li>\n<\/ul>\n<ul>\n<li>Elektrische Winde mit Aluminiumgeh\u00e4use<\/li>\n<li>Ersatzrad<\/li>\n<li>Reserveradhalterung (am Holm oder seitlich am Holm)<\/li>\n<li>Sp\u00fclset<\/li>\n<li>Gateway-Kit<\/li>\n<li>Riemen<\/li>\n<li>Diebstahlschutz<\/li>\n<\/ul>\n<ul>\n<li><strong>Robustheit:<\/strong> Feuerverzinktes Chassis f\u00fcr erh\u00f6hte Korrosionsbest\u00e4ndigkeit und l\u00e4ngere Haltbarkeit.<\/li>\n<li><strong>Benutzerfreundlichkeit:<\/strong> Ergonomische Ausstattung wie die neigbare hintere Traverse und der zentrale Weg f\u00fcr vereinfachtes Man\u00f6vrieren.<\/li>\n<li><strong>Sicherheit:<\/strong> Hochleistungsbremssysteme und sichere Befestigungspunkte f\u00fcr sicheren Transport.<\/li>\n<\/ul>\n<ul>\n<li>Personalisierung und Anpassung der Anh\u00e4nger an Ihre spezifischen Bed\u00fcrfnisse und die Abmessungen Ihres Bootes<\/li>\n<li>Reaktiver und verf\u00fcgbarer Kundendienst<\/li>\n<li>Expertenberatung f\u00fcr die Auswahl und Wartung Ihres Anh\u00e4ngers<\/li>\n<\/ul>\n<p>F\u00fcr Mehrroller-Bootsanh\u00e4nger ist ab einem zul\u00e4ssigen Gesamtgewicht von 500 kg die Erstellung eines Zulassungsdokuments erforderlich.<\/p>\n<p>Stellen Sie sicher, dass Sie die geltenden F\u00fchrerschein- und Versicherungsvorschriften f\u00fcr diesen Anh\u00e4ngertyp einhalten.<\/p>\n","protected":false},"excerpt":{"rendered":"<p>Dieser Multirollen-Bootstr\u00e4ger erm\u00f6glicht den sicheren Transport eines Bootes mit einem Rumpf von bis zu 6,05 m und 1320 kg. Es ist mit zwei gebremsten Achsen, einem verzinkten Fahrgestell, wasserdichten LED-Leuchten und einer selbstbremsenden Winde ausgestattet. Seine 175\/70R13-R\u00e4der garantieren eine gute Stabilit\u00e4t auf der Stra\u00dfe.<\/p>\n<div class=\"mod_fa_customizablefields_v14_list\">\n<div class=\"mod_fa_champspersonnalisables_v14_titre\"><strong>Zul\u00e4ssiges Gesamtgewicht: <\/strong><span class=\"mod_fa_champspersonnalisables_v14_value\">1800 kg<\/span><\/div>\n<\/div>\n<div class=\"mod_fa_customizablefields_v14_list\">\n<div class=\"mod_fa_champspersonnalisables_v14_titre\"><strong>Leermasse: <\/strong><span class=\"mod_fa_champspersonnalisables_v14_value\">480 kg<\/span><\/div>\n<\/div>\n<div class=\"mod_fa_customizablefields_v14_list\">\n<div class=\"mod_fa_champspersonnalisables_v14_titre\"><strong>Nutzlast: <\/strong><span class=\"mod_fa_champspersonnalisables_v14_value\">maximal 1320 kg<\/span><\/div>\n<\/div>\n<div class=\"mod_fa_customizablefields_v14_list\">\n<div class=\"mod_fa_champspersonnalisables_v14_titre\"><strong>Nutzma\u00dfe: <\/strong><span class=\"mod_fa_champspersonnalisables_v14_value\">L\u00e4nge: 641 &#8211; 705 cm | Breite: 2,18 m<\/span><\/div>\n<\/div>\n<div class=\"mod_fa_customizablefields_v14_list\">\n<div class=\"mod_fa_champspersonnalisables_v14_titre\"><strong>Gesamtabmessungen: <\/strong><span class=\"mod_fa_champspersonnalisables_v14_valeur\">2,18 m L x 7,24 m B (Lasche mit Zurrringen)<\/span><\/div>\n<\/div>\n<div class=\"mod_fa_customizablefields_v14_list\">\n<div class=\"mod_fa_champspersonnalisables_v14_titre\"><strong>Maximale L\u00e4nge des Bootes: <\/strong><span class=\"mod_fa_champspersonnalisables_v14_valeur\">6,05 m Rumpf<\/span><\/div>\n<\/div>\n<div class=\"mod_fa_customizablefields_v14_list\">\n<div class=\"mod_fa_champspersonnalisables_v14_title\"><strong>Pfeil: <\/strong><span class=\"mod_fa_champspersonnalisables_v14_value\">Feuerverzinkt in V<\/span><\/div>\n<\/div>\n<div class=\"mod_fa_customizablefields_v14_list\">\n<div class=\"mod_fa_champspersonnalisables_v14_titre\"><strong>Rahmentyp: <\/strong><span class=\"mod_fa_champspersonnalisables_v14_value\">Feuerverzinkt<\/span><\/div>\n<\/div>\n<div class=\"mod_fa_customizablefields_v14_list\">\n<div class=\"mod_fa_champspersonnalisables_v14_titre\"><strong>R\u00e4der: <\/strong><span class=\"mod_fa_champspersonnalisables_v14_valeur\">175\/70R13<\/span><\/div>\n<\/div>\n<div class=\"mod_fa_customizablefields_v14_list\">\n<div class=\"mod_fa_champspersonnalisables_v14_titre\"><strong>Ausstattung: <\/strong><span class=\"mod_fa_champspersonnalisables_v14_valeur\">2 Trommelbremsachsen, wasserdichte feste LED-Leuchten, selbstbremsende 2-Gang-Winde, verstellbare Windenhalterung und 3D-verstellbarer Buganschlag, St\u00fctzraddurchmesser 60<\/span><\/div>\n<\/div>\n","protected":false},"featured_media":16358,"comment_status":"open","ping_status":"closed","template":"","meta":[],"product_brand":[],"product_cat":[357,352],"product_tag":[],"class_list":{"0":"post-14206","1":"product","2":"type-product","3":"status-publish","4":"has-post-thumbnail","6":"product_cat-nautische-anhaenger","7":"product_cat-unsere-trailer","9":"first","10":"instock","11":"shipping-taxable","12":"purchasable","13":"product-type-simple"},"yoast_head":"<!-- This site is optimized with the Yoast SEO plugin v27.5 - https:\/\/yoast.com\/product\/yoast-seo-wordpress\/ -->\n<title>GALAXY-MEHRROLLEN-BOOTTR\u00c4GER \u2013 GD09 \/ G1382 \u2013 zul\u00e4ssiges Gesamtgewicht: 1800 kg \u2013 2 Achsen<\/title>\n<meta name=\"description\" content=\"Dieser Multirollen-Bootstr\u00e4ger erm\u00f6glicht den sicheren Transport eines Bootes mit einem Rumpf von bis zu 6,05 m und 1320 kg. Es ist mit zwei gebremsten Achsen, einem verzinkten Fahrgestell, wasserdichten LED-Leuchten und einer selbstbremsenden Winde ausgestattet. Seine 175\/70R13-R\u00e4der garantieren eine gute Stabilit\u00e4t auf der Stra\u00dfe.\" \/>\n<meta name=\"robots\" content=\"index, follow, max-snippet:-1, max-image-preview:large, max-video-preview:-1\" \/>\n<link rel=\"canonical\" href=\"https:\/\/sagrinex.com\/produit\/porte-bateau-multi-rouleaux-galaxy-gd09-g1382-ptac-1800kg-2-essieux\/\" \/>\n<meta property=\"og:locale\" content=\"de_DE\" \/>\n<meta property=\"og:type\" content=\"article\" \/>\n<meta property=\"og:title\" content=\"GALAXY-MEHRROLLEN-BOOTTR\u00c4GER \u2013 GD09 \/ G1382 \u2013 zul\u00e4ssiges Gesamtgewicht: 1800 kg \u2013 2 Achsen\" \/>\n<meta property=\"og:description\" content=\"Dieser Multirollen-Bootstr\u00e4ger erm\u00f6glicht den sicheren Transport eines Bootes mit einem Rumpf von bis zu 6,05 m und 1320 kg. Es ist mit zwei gebremsten Achsen, einem verzinkten Fahrgestell, wasserdichten LED-Leuchten und einer selbstbremsenden Winde ausgestattet. Seine 175\/70R13-R\u00e4der garantieren eine gute Stabilit\u00e4t auf der Stra\u00dfe.\" \/>\n<meta property=\"og:url\" content=\"https:\/\/sagrinex.com\/produit\/porte-bateau-multi-rouleaux-galaxy-gd09-g1382-ptac-1800kg-2-essieux\/\" \/>\n<meta property=\"og:site_name\" content=\"Sagrinex \u2013 Anhaenger, Container &amp; Landtechnik \ud83c\udf3e\ud83d\ude9c\" \/>\n<meta property=\"article:modified_time\" content=\"2026-04-15T21:12:13+00:00\" \/>\n<meta property=\"og:image\" content=\"https:\/\/sagrinex.com\/wp-content\/uploads\/2026\/03\/Image-326-2.jpeg\" \/>\n\t<meta property=\"og:image:width\" content=\"1000\" \/>\n\t<meta property=\"og:image:height\" content=\"653\" \/>\n\t<meta property=\"og:image:type\" content=\"image\/jpeg\" \/>\n<meta name=\"twitter:card\" content=\"summary_large_image\" \/>\n<meta name=\"twitter:label1\" content=\"Gesch\u00e4tzte Lesezeit\" \/>\n\t<meta name=\"twitter:data1\" content=\"2\u00a0Minuten\" \/>\n<script type=\"application\/ld+json\" class=\"yoast-schema-graph\">{\"@context\":\"https:\\\/\\\/schema.org\",\"@graph\":[{\"@type\":\"WebPage\",\"@id\":\"https:\\\/\\\/sagrinex.com\\\/produit\\\/porte-bateau-multi-rouleaux-galaxy-gd09-g1382-ptac-1800kg-2-essieux\\\/\",\"url\":\"https:\\\/\\\/sagrinex.com\\\/produit\\\/porte-bateau-multi-rouleaux-galaxy-gd09-g1382-ptac-1800kg-2-essieux\\\/\",\"name\":\"GALAXY-MEHRROLLEN-BOOTTR\u00c4GER \u2013 GD09 \\\/ G1382 \u2013 zul\u00e4ssiges Gesamtgewicht: 1800 kg \u2013 2 Achsen\",\"isPartOf\":{\"@id\":\"https:\\\/\\\/sagrinex.com\\\/#website\"},\"primaryImageOfPage\":{\"@id\":\"https:\\\/\\\/sagrinex.com\\\/produit\\\/porte-bateau-multi-rouleaux-galaxy-gd09-g1382-ptac-1800kg-2-essieux\\\/#primaryimage\"},\"image\":{\"@id\":\"https:\\\/\\\/sagrinex.com\\\/produit\\\/porte-bateau-multi-rouleaux-galaxy-gd09-g1382-ptac-1800kg-2-essieux\\\/#primaryimage\"},\"thumbnailUrl\":\"https:\\\/\\\/sagrinex.com\\\/wp-content\\\/uploads\\\/2026\\\/03\\\/Image-326-2.jpeg\",\"datePublished\":\"2026-03-16T17:02:52+00:00\",\"dateModified\":\"2026-04-15T21:12:13+00:00\",\"description\":\"Dieser Multirollen-Bootstr\u00e4ger erm\u00f6glicht den sicheren Transport eines Bootes mit einem Rumpf von bis zu 6,05 m und 1320 kg. Es ist mit zwei gebremsten Achsen, einem verzinkten Fahrgestell, wasserdichten LED-Leuchten und einer selbstbremsenden Winde ausgestattet. Seine 175\\\/70R13-R\u00e4der garantieren eine gute Stabilit\u00e4t auf der Stra\u00dfe.\",\"breadcrumb\":{\"@id\":\"https:\\\/\\\/sagrinex.com\\\/produit\\\/porte-bateau-multi-rouleaux-galaxy-gd09-g1382-ptac-1800kg-2-essieux\\\/#breadcrumb\"},\"inLanguage\":\"de\",\"potentialAction\":[{\"@type\":\"ReadAction\",\"target\":[\"https:\\\/\\\/sagrinex.com\\\/produit\\\/porte-bateau-multi-rouleaux-galaxy-gd09-g1382-ptac-1800kg-2-essieux\\\/\"]}]},{\"@type\":\"ImageObject\",\"inLanguage\":\"de\",\"@id\":\"https:\\\/\\\/sagrinex.com\\\/produit\\\/porte-bateau-multi-rouleaux-galaxy-gd09-g1382-ptac-1800kg-2-essieux\\\/#primaryimage\",\"url\":\"https:\\\/\\\/sagrinex.com\\\/wp-content\\\/uploads\\\/2026\\\/03\\\/Image-326-2.jpeg\",\"contentUrl\":\"https:\\\/\\\/sagrinex.com\\\/wp-content\\\/uploads\\\/2026\\\/03\\\/Image-326-2.jpeg\",\"width\":1000,\"height\":653},{\"@type\":\"BreadcrumbList\",\"@id\":\"https:\\\/\\\/sagrinex.com\\\/produit\\\/porte-bateau-multi-rouleaux-galaxy-gd09-g1382-ptac-1800kg-2-essieux\\\/#breadcrumb\",\"itemListElement\":[{\"@type\":\"ListItem\",\"position\":1,\"name\":\"Accueil\",\"item\":\"https:\\\/\\\/sagrinex.com\\\/?lang=de\"},{\"@type\":\"ListItem\",\"position\":2,\"name\":\"Shop\",\"item\":\"https:\\\/\\\/sagrinex.com\\\/shop\\\/\"},{\"@type\":\"ListItem\",\"position\":3,\"name\":\"Galaxy-mehrrollen-boottr\u00c4ger \u2013 GD09 \\\/ G1382 \u2013 Zul\u00e4ssiges Gesamtgewicht: 1800 Kg \u2013 2 Achsen\"}]},{\"@type\":\"WebSite\",\"@id\":\"https:\\\/\\\/sagrinex.com\\\/#website\",\"url\":\"https:\\\/\\\/sagrinex.com\\\/\",\"name\":\"Sagrinex \u2013 Spezialist f\u00fcr Anh\u00e4nger, Container & Landtechnik\",\"description\":\"Anhaenger, Container &amp; Landtechnik \u2014 Online-Verkauf &amp; kostenloses Angebot\",\"publisher\":{\"@id\":\"https:\\\/\\\/sagrinex.com\\\/#organization\"},\"potentialAction\":[{\"@type\":\"SearchAction\",\"target\":{\"@type\":\"EntryPoint\",\"urlTemplate\":\"https:\\\/\\\/sagrinex.com\\\/?s={search_term_string}\"},\"query-input\":{\"@type\":\"PropertyValueSpecification\",\"valueRequired\":true,\"valueName\":\"search_term_string\"}}],\"inLanguage\":\"de\"},{\"@type\":\"Organization\",\"@id\":\"https:\\\/\\\/sagrinex.com\\\/#organization\",\"name\":\"Sagrinex \u2013 Remorques, Conteneurs & Mat\u00e9riel Agricole\",\"url\":\"https:\\\/\\\/sagrinex.com\\\/\",\"logo\":{\"@type\":\"ImageObject\",\"inLanguage\":\"de\",\"@id\":\"https:\\\/\\\/sagrinex.com\\\/#\\\/schema\\\/logo\\\/image\\\/\",\"url\":\"https:\\\/\\\/sagrinex.com\\\/wp-content\\\/uploads\\\/2026\\\/03\\\/7f1ac463-ef5a-425d-bdd6-a5da03a334a9-1024x683.png\",\"contentUrl\":\"https:\\\/\\\/sagrinex.com\\\/wp-content\\\/uploads\\\/2026\\\/03\\\/7f1ac463-ef5a-425d-bdd6-a5da03a334a9-1024x683.png\",\"width\":1024,\"height\":683,\"caption\":\"Sagrinex \u2013 Remorques, Conteneurs & Mat\u00e9riel Agricole\"},\"image\":{\"@id\":\"https:\\\/\\\/sagrinex.com\\\/#\\\/schema\\\/logo\\\/image\\\/\"}}]}<\/script>\n<!-- \/ Yoast SEO plugin. -->","yoast_head_json":{"title":"GALAXY-MEHRROLLEN-BOOTTR\u00c4GER \u2013 GD09 \/ G1382 \u2013 zul\u00e4ssiges Gesamtgewicht: 1800 kg \u2013 2 Achsen","description":"Dieser Multirollen-Bootstr\u00e4ger erm\u00f6glicht den sicheren Transport eines Bootes mit einem Rumpf von bis zu 6,05 m und 1320 kg. Es ist mit zwei gebremsten Achsen, einem verzinkten Fahrgestell, wasserdichten LED-Leuchten und einer selbstbremsenden Winde ausgestattet. Seine 175\/70R13-R\u00e4der garantieren eine gute Stabilit\u00e4t auf der Stra\u00dfe.","robots":{"index":"index","follow":"follow","max-snippet":"max-snippet:-1","max-image-preview":"max-image-preview:large","max-video-preview":"max-video-preview:-1"},"canonical":"https:\/\/sagrinex.com\/produit\/porte-bateau-multi-rouleaux-galaxy-gd09-g1382-ptac-1800kg-2-essieux\/","og_locale":"de_DE","og_type":"article","og_title":"GALAXY-MEHRROLLEN-BOOTTR\u00c4GER \u2013 GD09 \/ G1382 \u2013 zul\u00e4ssiges Gesamtgewicht: 1800 kg \u2013 2 Achsen","og_description":"Dieser Multirollen-Bootstr\u00e4ger erm\u00f6glicht den sicheren Transport eines Bootes mit einem Rumpf von bis zu 6,05 m und 1320 kg. Es ist mit zwei gebremsten Achsen, einem verzinkten Fahrgestell, wasserdichten LED-Leuchten und einer selbstbremsenden Winde ausgestattet. Seine 175\/70R13-R\u00e4der garantieren eine gute Stabilit\u00e4t auf der Stra\u00dfe.","og_url":"https:\/\/sagrinex.com\/produit\/porte-bateau-multi-rouleaux-galaxy-gd09-g1382-ptac-1800kg-2-essieux\/","og_site_name":"Sagrinex \u2013 Anhaenger, Container &amp; Landtechnik \ud83c\udf3e\ud83d\ude9c","article_modified_time":"2026-04-15T21:12:13+00:00","og_image":[{"width":1000,"height":653,"url":"https:\/\/sagrinex.com\/wp-content\/uploads\/2026\/03\/Image-326-2.jpeg","type":"image\/jpeg"}],"twitter_card":"summary_large_image","twitter_misc":{"Gesch\u00e4tzte Lesezeit":"2\u00a0Minuten"},"schema":{"@context":"https:\/\/schema.org","@graph":[{"@type":"WebPage","@id":"https:\/\/sagrinex.com\/produit\/porte-bateau-multi-rouleaux-galaxy-gd09-g1382-ptac-1800kg-2-essieux\/","url":"https:\/\/sagrinex.com\/produit\/porte-bateau-multi-rouleaux-galaxy-gd09-g1382-ptac-1800kg-2-essieux\/","name":"GALAXY-MEHRROLLEN-BOOTTR\u00c4GER \u2013 GD09 \/ G1382 \u2013 zul\u00e4ssiges Gesamtgewicht: 1800 kg \u2013 2 Achsen","isPartOf":{"@id":"https:\/\/sagrinex.com\/#website"},"primaryImageOfPage":{"@id":"https:\/\/sagrinex.com\/produit\/porte-bateau-multi-rouleaux-galaxy-gd09-g1382-ptac-1800kg-2-essieux\/#primaryimage"},"image":{"@id":"https:\/\/sagrinex.com\/produit\/porte-bateau-multi-rouleaux-galaxy-gd09-g1382-ptac-1800kg-2-essieux\/#primaryimage"},"thumbnailUrl":"https:\/\/sagrinex.com\/wp-content\/uploads\/2026\/03\/Image-326-2.jpeg","datePublished":"2026-03-16T17:02:52+00:00","dateModified":"2026-04-15T21:12:13+00:00","description":"Dieser Multirollen-Bootstr\u00e4ger erm\u00f6glicht den sicheren Transport eines Bootes mit einem Rumpf von bis zu 6,05 m und 1320 kg. Es ist mit zwei gebremsten Achsen, einem verzinkten Fahrgestell, wasserdichten LED-Leuchten und einer selbstbremsenden Winde ausgestattet. Seine 175\/70R13-R\u00e4der garantieren eine gute Stabilit\u00e4t auf der Stra\u00dfe.","breadcrumb":{"@id":"https:\/\/sagrinex.com\/produit\/porte-bateau-multi-rouleaux-galaxy-gd09-g1382-ptac-1800kg-2-essieux\/#breadcrumb"},"inLanguage":"de","potentialAction":[{"@type":"ReadAction","target":["https:\/\/sagrinex.com\/produit\/porte-bateau-multi-rouleaux-galaxy-gd09-g1382-ptac-1800kg-2-essieux\/"]}]},{"@type":"ImageObject","inLanguage":"de","@id":"https:\/\/sagrinex.com\/produit\/porte-bateau-multi-rouleaux-galaxy-gd09-g1382-ptac-1800kg-2-essieux\/#primaryimage","url":"https:\/\/sagrinex.com\/wp-content\/uploads\/2026\/03\/Image-326-2.jpeg","contentUrl":"https:\/\/sagrinex.com\/wp-content\/uploads\/2026\/03\/Image-326-2.jpeg","width":1000,"height":653},{"@type":"BreadcrumbList","@id":"https:\/\/sagrinex.com\/produit\/porte-bateau-multi-rouleaux-galaxy-gd09-g1382-ptac-1800kg-2-essieux\/#breadcrumb","itemListElement":[{"@type":"ListItem","position":1,"name":"Accueil","item":"https:\/\/sagrinex.com\/?lang=de"},{"@type":"ListItem","position":2,"name":"Shop","item":"https:\/\/sagrinex.com\/shop\/"},{"@type":"ListItem","position":3,"name":"Galaxy-mehrrollen-boottr\u00c4ger \u2013 GD09 \/ G1382 \u2013 Zul\u00e4ssiges Gesamtgewicht: 1800 Kg \u2013 2 Achsen"}]},{"@type":"WebSite","@id":"https:\/\/sagrinex.com\/#website","url":"https:\/\/sagrinex.com\/","name":"Sagrinex \u2013 Spezialist f\u00fcr Anh\u00e4nger, Container & Landtechnik","description":"Anhaenger, Container &amp; Landtechnik \u2014 Online-Verkauf &amp; kostenloses Angebot","publisher":{"@id":"https:\/\/sagrinex.com\/#organization"},"potentialAction":[{"@type":"SearchAction","target":{"@type":"EntryPoint","urlTemplate":"https:\/\/sagrinex.com\/?s={search_term_string}"},"query-input":{"@type":"PropertyValueSpecification","valueRequired":true,"valueName":"search_term_string"}}],"inLanguage":"de"},{"@type":"Organization","@id":"https:\/\/sagrinex.com\/#organization","name":"Sagrinex \u2013 Remorques, Conteneurs & Mat\u00e9riel Agricole","url":"https:\/\/sagrinex.com\/","logo":{"@type":"ImageObject","inLanguage":"de","@id":"https:\/\/sagrinex.com\/#\/schema\/logo\/image\/","url":"https:\/\/sagrinex.com\/wp-content\/uploads\/2026\/03\/7f1ac463-ef5a-425d-bdd6-a5da03a334a9-1024x683.png","contentUrl":"https:\/\/sagrinex.com\/wp-content\/uploads\/2026\/03\/7f1ac463-ef5a-425d-bdd6-a5da03a334a9-1024x683.png","width":1024,"height":683,"caption":"Sagrinex \u2013 Remorques, Conteneurs & Mat\u00e9riel Agricole"},"image":{"@id":"https:\/\/sagrinex.com\/#\/schema\/logo\/image\/"}}]}},"jetpack_sharing_enabled":true,"_links":{"self":[{"href":"https:\/\/sagrinex.com\/de\/wp-json\/wp\/v2\/product\/14206","targetHints":{"allow":["GET"]}}],"collection":[{"href":"https:\/\/sagrinex.com\/de\/wp-json\/wp\/v2\/product"}],"about":[{"href":"https:\/\/sagrinex.com\/de\/wp-json\/wp\/v2\/types\/product"}],"replies":[{"embeddable":true,"href":"https:\/\/sagrinex.com\/de\/wp-json\/wp\/v2\/comments?post=14206"}],"version-history":[{"count":0,"href":"https:\/\/sagrinex.com\/de\/wp-json\/wp\/v2\/product\/14206\/revisions"}],"wp:featuredmedia":[{"embeddable":true,"href":"https:\/\/sagrinex.com\/de\/wp-json\/wp\/v2\/media\/16358"}],"wp:attachment":[{"href":"https:\/\/sagrinex.com\/de\/wp-json\/wp\/v2\/media?parent=14206"}],"wp:term":[{"taxonomy":"product_brand","embeddable":true,"href":"https:\/\/sagrinex.com\/de\/wp-json\/wp\/v2\/product_brand?post=14206"},{"taxonomy":"product_cat","embeddable":true,"href":"https:\/\/sagrinex.com\/de\/wp-json\/wp\/v2\/product_cat?post=14206"},{"taxonomy":"product_tag","embeddable":true,"href":"https:\/\/sagrinex.com\/de\/wp-json\/wp\/v2\/product_tag?post=14206"}],"curies":[{"name":"wp","href":"https:\/\/api.w.org\/{rel}","templated":true}]}}