{"id":14216,"date":"2026-03-16T10:47:35","date_gmt":"2026-03-16T10:47:35","guid":{"rendered":"https:\/\/sagrinex.com\/produit\/6-fuss-lagercontainer-gebraucht\/"},"modified":"2026-04-15T21:12:15","modified_gmt":"2026-04-15T21:12:15","slug":"6-fuss-lagercontainer-gebraucht","status":"publish","type":"product","link":"https:\/\/sagrinex.com\/de\/produit\/6-fuss-lagercontainer-gebraucht\/","title":{"rendered":"6 Fu\u00df Lagercontainer \u2013 Gebraucht"},"content":{"rendered":"<h2 data-start=\"242\" data-end=\"298\">6 Fu\u00df Lagercontainer \u2013 gebraucht<\/h2>\n<p data-start=\"300\" data-end=\"774\">Unsere gebrauchten 6-Fu\u00df-Lagercontainer sind so konzipiert, dass sie die Anforderungen an eine sichere Lagerung auf Baustellen, in Lagerhallen, in Au\u00dfendepots, auf landwirtschaftlichen Fl\u00e4chen oder auch zu Hause effektiv erf\u00fcllen. Sie bieten somit eine zuverl\u00e4ssige, langlebige L\u00f6sung, die dem professionellen Einsatz gerecht wird.<\/p>\n<h3 data-start=\"776\" data-end=\"803\">Design und Struktur<\/h3>\n<p data-start=\"804\" data-end=\"1383\">Der 6-Fu\u00df-Lagercontainer ruht auf einem robusten Rahmen aus vollst\u00e4ndig geschwei\u00dften Stahlprofilen mit einer Dicke von 3 mm, was eine hervorragende mechanische Best\u00e4ndigkeit und gro\u00dfe Langlebigkeit garantiert.<br data-start=\"1014\" data-end=\"1017\" \/>Die W\u00e4nde und die Decke bestehen aus lackiertem laminiertem Stahlblech mit einer Dicke von 1,5 mm, was f\u00fcr Steifigkeit, Schutz vor Witterungseinfl\u00fcssen und einfache Handhabung sorgt Wartung.<br data-start=\"1203\" data-end=\"1206\" \/>Der Boden besteht aus 25 mm dickem Massivholz, das gegen Feuchtigkeit behandelt wurde und in der Lage ist, erhebliche Lasten zu tragen und gleichzeitig die gelagerten G\u00fcter zu sch\u00fctzen.<\/p>\n<h3 data-start=\"1385\" data-end=\"1411\">Sicherheit und Wasserdichtigkeit<\/h3>\n<p data-start=\"1412\" data-end=\"1762\">Der Container ist mit doppelfl\u00fcgeligen T\u00fcren ausgestattet, die \u00fcber die gesamte Breite angeordnet sind und den Zugang und die Beladung erleichtern.<br data-start=\"1533\" data-end=\"1536\" \/>Die T\u00fcren sind mit schwarzen Gummidichtungen versehen, die einen optimalen Schutz vor Wasser und Staub gew\u00e4hrleisten.<br data-start=\"1666\" data-end=\"1669\" \/>Eine Verschlusssicherung f\u00fcr Vorh\u00e4ngeschl\u00f6sser erh\u00f6ht die Sicherheit vor Diebstahl und Einbr\u00fcche.<\/p>\n<h3 data-start=\"1764\" data-end=\"1779\">Aufschl\u00fcsselung<\/h3>\n<p data-start=\"1780\" data-end=\"1943\">Um eine gute Luftzirkulation zu gew\u00e4hrleisten und die Kondensation zu begrenzen, ist der Beh\u00e4lter mit 4 Lufteinl\u00e4ssen ausgestattet, die eine effektive nat\u00fcrliche Bel\u00fcftung gew\u00e4hrleisten.<\/p>\n<h3 data-start=\"1945\" data-end=\"1975\">Handhabung und Umzug<\/h3>\n<p data-start=\"1976\" data-end=\"2057\">Der 6-Fu\u00df-Lagercontainer ist f\u00fcr eine einfache Handhabung konzipiert:<\/p>\n<ul data-start=\"2058\" data-end=\"2272\">\n<li data-start=\"2058\" data-end=\"2144\">\n<p data-start=\"2060\" data-end=\"2144\">Per Kran: dank 4 Dachaufnahmen f\u00fcr Hebehaken oder Hebeb\u00e4nder<\/p>\n<\/li>\n<li data-start=\"2145\" data-end=\"2272\">\n<p data-start=\"2147\" data-end=\"2272\">Mit dem Gabelstapler: im Sockel integrierter Gabeldurchlass, seitlich angeordnet, mit einem Achsabstand von 90 cm<\/p>\n<\/li>\n<\/ul>\n<p data-start=\"2274\" data-end=\"2364\">Sein Leergewicht betr\u00e4gt 480 kg, was den Transport und die Installation vor Ort erleichtert.<\/p>\n<hr data-start=\"2366\" data-end=\"2369\" \/>\n<h2 data-start=\"2371\" data-end=\"2422\">Abmessungen des neuen 6-Fu\u00df-Lagercontainers<\/h2>\n<div class=\"TyagGW_tableContainer\">\n<div class=\"group TyagGW_tableWrapper flex flex-col-reverse w-fit\">\n<table class=\"w-fit min-w-(--thread-content-width)\" data-start=\"2424\" data-end=\"2741\">\n<thead data-start=\"2424\" data-end=\"2456\">\n<tr data-start=\"2424\" data-end=\"2456\">\n<th data-start=\"2424\" data-end=\"2442\" data-col-size=\"sm\">FEATURE<\/th>\n<th data-start=\"2442\" data-end=\"2456\" data-col-size=\"sm\">ABMESSUNGEN<\/th>\n<\/tr>\n<\/thead>\n<tbody data-start=\"2488\" data-end=\"2741\">\n<tr data-start=\"2488\" data-end=\"2520\">\n<td data-start=\"2488\" data-end=\"2510\" data-col-size=\"sm\">Innenl\u00e4nge<\/td>\n<td data-col-size=\"sm\" data-start=\"2510\" data-end=\"2520\">160 cm<\/td>\n<\/tr>\n<tr data-start=\"2521\" data-end=\"2553\">\n<td data-start=\"2521\" data-end=\"2543\" data-col-size=\"sm\">\u00c4u\u00dfere L\u00e4nge<\/td>\n<td data-col-size=\"sm\" data-start=\"2543\" data-end=\"2553\">180 cm<\/td>\n<\/tr>\n<tr data-start=\"2554\" data-end=\"2585\">\n<td data-start=\"2554\" data-end=\"2575\" data-col-size=\"sm\">Innenbreite<\/td>\n<td data-col-size=\"sm\" data-start=\"2575\" data-end=\"2585\">162 cm<\/td>\n<\/tr>\n<tr data-start=\"2586\" data-end=\"2617\">\n<td data-start=\"2586\" data-end=\"2607\" data-col-size=\"sm\">Au\u00dfenbreite<\/td>\n<td data-col-size=\"sm\" data-start=\"2607\" data-end=\"2617\">175 cm<\/td>\n<\/tr>\n<tr data-start=\"2618\" data-end=\"2649\">\n<td data-start=\"2618\" data-end=\"2639\" data-col-size=\"sm\">Innenh\u00f6he<\/td>\n<td data-col-size=\"sm\" data-start=\"2639\" data-end=\"2649\">167 cm<\/td>\n<\/tr>\n<tr data-start=\"2650\" data-end=\"2681\">\n<td data-start=\"2650\" data-end=\"2671\" data-col-size=\"sm\">Au\u00dfenh\u00f6he<\/td>\n<td data-col-size=\"sm\" data-start=\"2671\" data-end=\"2681\">190 cm<\/td>\n<\/tr>\n<tr data-start=\"2682\" data-end=\"2713\">\n<td data-start=\"2682\" data-end=\"2703\" data-col-size=\"sm\">Innenfl\u00e4che<\/td>\n<td data-col-size=\"sm\" data-start=\"2703\" data-end=\"2713\">2,6 m\u00b2<\/td>\n<\/tr>\n<tr data-start=\"2714\" data-end=\"2741\">\n<td data-start=\"2714\" data-end=\"2731\" data-col-size=\"sm\">Grundfl\u00e4che<\/td>\n<td data-col-size=\"sm\" data-start=\"2731\" data-end=\"2741\">3,2 m\u00b2<\/td>\n<\/tr>\n<\/tbody>\n<\/table>\n<\/div>\n<\/div>\n<hr data-start=\"2743\" data-end=\"2746\" \/>\n<h2 data-start=\"2748\" data-end=\"2789\">Detaillierte technische Spezifikationen<\/h2>\n<h3 data-start=\"2791\" data-end=\"2803\">Frame<\/h3>\n<ul data-start=\"2804\" data-end=\"3027\">\n<li data-start=\"2804\" data-end=\"2866\">\n<p data-start=\"2806\" data-end=\"2866\">Material: Vollst\u00e4ndig verschwei\u00dfte und lackierte Stahlprofile<\/p>\n<\/li>\n<li data-start=\"2867\" data-end=\"2891\">\n<p data-start=\"2869\" data-end=\"2891\">Dicke: 3 mm<\/p>\n<\/li>\n<li data-start=\"2892\" data-end=\"2963\">\n<p data-start=\"2894\" data-end=\"2963\">Farbe: Blau<\/p>\n<\/li>\n<li data-start=\"2964\" data-end=\"3027\">\n<p data-start=\"2966\" data-end=\"3027\">Handhabung: 4 Dachanschl\u00fcsse + Gabeldurchgang<\/p>\n<\/li>\n<\/ul>\n<h3 data-start=\"3029\" data-end=\"3050\">W\u00e4nde und Decke<\/h3>\n<ul data-start=\"3051\" data-end=\"3193\">\n<li data-start=\"3051\" data-end=\"3096\">\n<p data-start=\"3053\" data-end=\"3096\">Material: Lackiertes laminiertes Stahlblech<\/p>\n<\/li>\n<li data-start=\"3097\" data-end=\"3123\">\n<p data-start=\"3099\" data-end=\"3123\">Dicke: 1,5 mm<\/p>\n<\/li>\n<li data-start=\"3124\" data-end=\"3156\">\n<p data-start=\"3126\" data-end=\"3156\">Farbe: Blau<\/p>\n<\/li>\n<li data-start=\"3157\" data-end=\"3193\">\n<p data-start=\"3159\" data-end=\"3193\">Bel\u00fcftung: 4 Lufteinl\u00e4sse<\/p>\n<\/li>\n<\/ul>\n<h3 data-start=\"3195\" data-end=\"3205\">T\u00fcren<\/h3>\n<ul data-start=\"3206\" data-end=\"3417\">\n<li data-start=\"3206\" data-end=\"3250\">\n<p data-start=\"3208\" data-end=\"3250\">Material: Lackierter Stahl<\/p>\n<\/li>\n<\/ul>\n<ul data-start=\"3206\" data-end=\"3417\">\n<li data-start=\"3251\" data-end=\"3287\">\n<p data-start=\"3253\" data-end=\"3287\">Standort: Auf der anderen Seite<\/p>\n<\/li>\n<li data-start=\"3288\" data-end=\"3318\">\n<p data-start=\"3290\" data-end=\"3318\">Anzahl der Bl\u00e4tter: 2<\/p>\n<\/li>\n<li data-start=\"3319\" data-end=\"3365\">\n<p data-start=\"3321\" data-end=\"3365\">Wasserdichtigkeit: Schwarze Gummidichtungen<\/p>\n<\/li>\n<li data-start=\"3366\" data-end=\"3417\">\n<p data-start=\"3368\" data-end=\"3417\">Sicherheit: Schutzverschluss f\u00fcr Vorh\u00e4ngeschloss<\/p>\n<\/li>\n<\/ul>\n<h3 data-start=\"3419\" data-end=\"3431\">Boden<\/h3>\n<ul data-start=\"3432\" data-end=\"3546\">\n<li data-start=\"3432\" data-end=\"3482\">\n<p data-start=\"3434\" data-end=\"3482\">Material: Massivholz mit Anti-Feuchtigkeits-Behandlung<\/p>\n<\/li>\n<li data-start=\"3483\" data-end=\"3508\">\n<p data-start=\"3485\" data-end=\"3508\">Dicke: 25 mm<\/p>\n<\/li>\n<li data-start=\"3509\" data-end=\"3546\">\n<p data-start=\"3511\" data-end=\"3546\">Zul\u00e4ssige Belastung: 700 kg\/m\u00b2<\/p>\n<\/li>\n<\/ul>\n<hr data-start=\"3548\" data-end=\"3551\" \/>\n<h2 data-start=\"3553\" data-end=\"3564\">Kapazit\u00e4t<\/h2>\n<ul data-start=\"3565\" data-end=\"3633\">\n<li data-start=\"3565\" data-end=\"3599\">\n<p data-start=\"3567\" data-end=\"3599\">Maximale Belastung: 2.500 kg<\/p>\n<\/li>\n<li data-start=\"3600\" data-end=\"3633\">\n<p data-start=\"3602\" data-end=\"3633\">Innenvolumen: 4,5 m\u00b3<\/p>\n<\/li>\n<\/ul>\n<hr data-start=\"3635\" data-end=\"3638\" \/>\n<h2 data-start=\"3640\" data-end=\"3662\">Verf\u00fcgbare Optionen<\/h2>\n<ul data-start=\"3663\" data-end=\"3883\">\n<li data-start=\"3663\" data-end=\"3794\">\n<p data-start=\"3665\" data-end=\"3794\">Komplette Elektroinstallation (1 Schalter, 1 LED-Neon, 2 Steckdosen, Schalttafel und Anschlusskasten)<\/p>\n<\/li>\n<li data-start=\"3795\" data-end=\"3813\">\n<p data-start=\"3797\" data-end=\"3813\">Stahlboden<\/p>\n<\/li>\n<li data-start=\"3814\" data-end=\"3859\">\n<p data-start=\"3816\" data-end=\"3859\">Spezifische Farben gem\u00e4\u00df der RAL-Palette<\/p>\n<\/li>\n<li data-start=\"3860\" data-end=\"3883\">\n<p data-start=\"3862\" data-end=\"3883\">Sicherheitsvorh\u00e4ngeschloss<\/p>\n<\/li>\n<\/ul>\n","protected":false},"excerpt":{"rendered":"<p>K\u00fcrzlich verwendeter 6-Fu\u00df-Transportcontainer aus Cortenstahl f\u00fcr die sichere Lagerung von G\u00fctern und Ger\u00e4ten. Seine Struktur ist robust mit gewellten Metallw\u00e4nden und einem Boden aus Stahl oder behandeltem Marine-Sperrholz, best\u00e4ndig gegen Feuchtigkeit. Ausgestattet mit zweifl\u00fcgeligen Fl\u00fcgelt\u00fcren mit verst\u00e4rktem Schlie\u00dfsystem, wasser- und luftdicht, geeignet f\u00fcr professionelle, logistische oder leichte Montageanwendungen.<\/p>\n","protected":false},"featured_media":16324,"comment_status":"open","ping_status":"closed","template":"","meta":[],"product_brand":[],"product_cat":[351,347],"product_tag":[],"class_list":{"0":"post-14216","1":"product","2":"type-product","3":"status-publish","4":"has-post-thumbnail","6":"product_cat-standardspeicher","7":"product_cat-unsere-container","9":"first","10":"instock","11":"shipping-taxable","12":"purchasable","13":"product-type-simple"},"yoast_head":"<!-- This site is optimized with the Yoast SEO plugin v27.4 - https:\/\/yoast.com\/product\/yoast-seo-wordpress\/ -->\n<title>6 Fu\u00df LAGERCONTAINER \u2013 GEBRAUCHT<\/title>\n<meta name=\"description\" content=\"K\u00fcrzlich verwendeter 6-Fu\u00df-Transportcontainer aus Cortenstahl f\u00fcr die sichere Lagerung von G\u00fctern und Ger\u00e4ten. Seine Struktur ist robust mit gewellten Metallw\u00e4nden und einem Boden aus Stahl oder behandeltem Marine-Sperrholz, best\u00e4ndig gegen Feuchtigkeit. Ausgestattet mit zweifl\u00fcgeligen Fl\u00fcgelt\u00fcren mit verst\u00e4rktem Schlie\u00dfsystem, wasser- und luftdicht, geeignet f\u00fcr professionelle, logistische oder leichte Montageanwendungen.\" \/>\n<meta name=\"robots\" content=\"index, follow, max-snippet:-1, max-image-preview:large, max-video-preview:-1\" \/>\n<link rel=\"canonical\" href=\"https:\/\/sagrinex.com\/produit\/conteneur-de-stockage-6-pieds-occasions\/\" \/>\n<meta property=\"og:locale\" content=\"de_DE\" \/>\n<meta property=\"og:type\" content=\"article\" \/>\n<meta property=\"og:title\" content=\"6 Fu\u00df LAGERCONTAINER \u2013 GEBRAUCHT\" \/>\n<meta property=\"og:description\" content=\"K\u00fcrzlich verwendeter 6-Fu\u00df-Transportcontainer aus Cortenstahl f\u00fcr die sichere Lagerung von G\u00fctern und Ger\u00e4ten. Seine Struktur ist robust mit gewellten Metallw\u00e4nden und einem Boden aus Stahl oder behandeltem Marine-Sperrholz, best\u00e4ndig gegen Feuchtigkeit. Ausgestattet mit zweifl\u00fcgeligen Fl\u00fcgelt\u00fcren mit verst\u00e4rktem Schlie\u00dfsystem, wasser- und luftdicht, geeignet f\u00fcr professionelle, logistische oder leichte Montageanwendungen.\" \/>\n<meta property=\"og:url\" content=\"https:\/\/sagrinex.com\/produit\/conteneur-de-stockage-6-pieds-occasions\/\" \/>\n<meta property=\"og:site_name\" content=\"Sagrinex \u2013 Anhaenger, Container &amp; Landtechnik \ud83c\udf3e\ud83d\ude9c\" \/>\n<meta property=\"article:modified_time\" content=\"2026-04-15T21:12:15+00:00\" \/>\n<meta property=\"og:image\" content=\"https:\/\/sagrinex.com\/wp-content\/uploads\/2026\/03\/Image-284-2.jpeg\" \/>\n\t<meta property=\"og:image:width\" content=\"1536\" \/>\n\t<meta property=\"og:image:height\" content=\"1024\" \/>\n\t<meta property=\"og:image:type\" content=\"image\/jpeg\" \/>\n<meta name=\"twitter:card\" content=\"summary_large_image\" \/>\n<meta name=\"twitter:label1\" content=\"Gesch\u00e4tzte Lesezeit\" \/>\n\t<meta name=\"twitter:data1\" content=\"2\u00a0Minuten\" \/>\n<script type=\"application\/ld+json\" class=\"yoast-schema-graph\">{\"@context\":\"https:\\\/\\\/schema.org\",\"@graph\":[{\"@type\":\"WebPage\",\"@id\":\"https:\\\/\\\/sagrinex.com\\\/produit\\\/conteneur-de-stockage-6-pieds-occasions\\\/\",\"url\":\"https:\\\/\\\/sagrinex.com\\\/produit\\\/conteneur-de-stockage-6-pieds-occasions\\\/\",\"name\":\"6 Fu\u00df LAGERCONTAINER \u2013 GEBRAUCHT\",\"isPartOf\":{\"@id\":\"https:\\\/\\\/sagrinex.com\\\/#website\"},\"primaryImageOfPage\":{\"@id\":\"https:\\\/\\\/sagrinex.com\\\/produit\\\/conteneur-de-stockage-6-pieds-occasions\\\/#primaryimage\"},\"image\":{\"@id\":\"https:\\\/\\\/sagrinex.com\\\/produit\\\/conteneur-de-stockage-6-pieds-occasions\\\/#primaryimage\"},\"thumbnailUrl\":\"https:\\\/\\\/sagrinex.com\\\/wp-content\\\/uploads\\\/2026\\\/03\\\/Image-284-2.jpeg\",\"datePublished\":\"2026-03-16T10:47:35+00:00\",\"dateModified\":\"2026-04-15T21:12:15+00:00\",\"description\":\"K\u00fcrzlich verwendeter 6-Fu\u00df-Transportcontainer aus Cortenstahl f\u00fcr die sichere Lagerung von G\u00fctern und Ger\u00e4ten. Seine Struktur ist robust mit gewellten Metallw\u00e4nden und einem Boden aus Stahl oder behandeltem Marine-Sperrholz, best\u00e4ndig gegen Feuchtigkeit. Ausgestattet mit zweifl\u00fcgeligen Fl\u00fcgelt\u00fcren mit verst\u00e4rktem Schlie\u00dfsystem, wasser- und luftdicht, geeignet f\u00fcr professionelle, logistische oder leichte Montageanwendungen.\",\"breadcrumb\":{\"@id\":\"https:\\\/\\\/sagrinex.com\\\/produit\\\/conteneur-de-stockage-6-pieds-occasions\\\/#breadcrumb\"},\"inLanguage\":\"de\",\"potentialAction\":[{\"@type\":\"ReadAction\",\"target\":[\"https:\\\/\\\/sagrinex.com\\\/produit\\\/conteneur-de-stockage-6-pieds-occasions\\\/\"]}]},{\"@type\":\"ImageObject\",\"inLanguage\":\"de\",\"@id\":\"https:\\\/\\\/sagrinex.com\\\/produit\\\/conteneur-de-stockage-6-pieds-occasions\\\/#primaryimage\",\"url\":\"https:\\\/\\\/sagrinex.com\\\/wp-content\\\/uploads\\\/2026\\\/03\\\/Image-284-2.jpeg\",\"contentUrl\":\"https:\\\/\\\/sagrinex.com\\\/wp-content\\\/uploads\\\/2026\\\/03\\\/Image-284-2.jpeg\",\"width\":1536,\"height\":1024},{\"@type\":\"BreadcrumbList\",\"@id\":\"https:\\\/\\\/sagrinex.com\\\/produit\\\/conteneur-de-stockage-6-pieds-occasions\\\/#breadcrumb\",\"itemListElement\":[{\"@type\":\"ListItem\",\"position\":1,\"name\":\"Accueil\",\"item\":\"https:\\\/\\\/sagrinex.com\\\/?lang=de\"},{\"@type\":\"ListItem\",\"position\":2,\"name\":\"Shop\",\"item\":\"https:\\\/\\\/sagrinex.com\\\/shop\\\/\"},{\"@type\":\"ListItem\",\"position\":3,\"name\":\"6 Fu\u00df Lagercontainer \u2013 Gebraucht\"}]},{\"@type\":\"WebSite\",\"@id\":\"https:\\\/\\\/sagrinex.com\\\/#website\",\"url\":\"https:\\\/\\\/sagrinex.com\\\/\",\"name\":\"Sagrinex \u2013 Spezialist f\u00fcr Anh\u00e4nger, Container & Landtechnik\",\"description\":\"Anhaenger, Container &amp; Landtechnik \u2014 Online-Verkauf &amp; kostenloses Angebot\",\"publisher\":{\"@id\":\"https:\\\/\\\/sagrinex.com\\\/#organization\"},\"potentialAction\":[{\"@type\":\"SearchAction\",\"target\":{\"@type\":\"EntryPoint\",\"urlTemplate\":\"https:\\\/\\\/sagrinex.com\\\/?s={search_term_string}\"},\"query-input\":{\"@type\":\"PropertyValueSpecification\",\"valueRequired\":true,\"valueName\":\"search_term_string\"}}],\"inLanguage\":\"de\"},{\"@type\":\"Organization\",\"@id\":\"https:\\\/\\\/sagrinex.com\\\/#organization\",\"name\":\"Sagrinex \u2013 Remorques, Conteneurs & Mat\u00e9riel Agricole\",\"url\":\"https:\\\/\\\/sagrinex.com\\\/\",\"logo\":{\"@type\":\"ImageObject\",\"inLanguage\":\"de\",\"@id\":\"https:\\\/\\\/sagrinex.com\\\/#\\\/schema\\\/logo\\\/image\\\/\",\"url\":\"https:\\\/\\\/sagrinex.com\\\/wp-content\\\/uploads\\\/2026\\\/03\\\/7f1ac463-ef5a-425d-bdd6-a5da03a334a9-1024x683.png\",\"contentUrl\":\"https:\\\/\\\/sagrinex.com\\\/wp-content\\\/uploads\\\/2026\\\/03\\\/7f1ac463-ef5a-425d-bdd6-a5da03a334a9-1024x683.png\",\"width\":1024,\"height\":683,\"caption\":\"Sagrinex \u2013 Remorques, Conteneurs & Mat\u00e9riel Agricole\"},\"image\":{\"@id\":\"https:\\\/\\\/sagrinex.com\\\/#\\\/schema\\\/logo\\\/image\\\/\"}}]}<\/script>\n<!-- \/ Yoast SEO plugin. -->","yoast_head_json":{"title":"6 Fu\u00df LAGERCONTAINER \u2013 GEBRAUCHT","description":"K\u00fcrzlich verwendeter 6-Fu\u00df-Transportcontainer aus Cortenstahl f\u00fcr die sichere Lagerung von G\u00fctern und Ger\u00e4ten. Seine Struktur ist robust mit gewellten Metallw\u00e4nden und einem Boden aus Stahl oder behandeltem Marine-Sperrholz, best\u00e4ndig gegen Feuchtigkeit. Ausgestattet mit zweifl\u00fcgeligen Fl\u00fcgelt\u00fcren mit verst\u00e4rktem Schlie\u00dfsystem, wasser- und luftdicht, geeignet f\u00fcr professionelle, logistische oder leichte Montageanwendungen.","robots":{"index":"index","follow":"follow","max-snippet":"max-snippet:-1","max-image-preview":"max-image-preview:large","max-video-preview":"max-video-preview:-1"},"canonical":"https:\/\/sagrinex.com\/produit\/conteneur-de-stockage-6-pieds-occasions\/","og_locale":"de_DE","og_type":"article","og_title":"6 Fu\u00df LAGERCONTAINER \u2013 GEBRAUCHT","og_description":"K\u00fcrzlich verwendeter 6-Fu\u00df-Transportcontainer aus Cortenstahl f\u00fcr die sichere Lagerung von G\u00fctern und Ger\u00e4ten. Seine Struktur ist robust mit gewellten Metallw\u00e4nden und einem Boden aus Stahl oder behandeltem Marine-Sperrholz, best\u00e4ndig gegen Feuchtigkeit. Ausgestattet mit zweifl\u00fcgeligen Fl\u00fcgelt\u00fcren mit verst\u00e4rktem Schlie\u00dfsystem, wasser- und luftdicht, geeignet f\u00fcr professionelle, logistische oder leichte Montageanwendungen.","og_url":"https:\/\/sagrinex.com\/produit\/conteneur-de-stockage-6-pieds-occasions\/","og_site_name":"Sagrinex \u2013 Anhaenger, Container &amp; Landtechnik \ud83c\udf3e\ud83d\ude9c","article_modified_time":"2026-04-15T21:12:15+00:00","og_image":[{"width":1536,"height":1024,"url":"https:\/\/sagrinex.com\/wp-content\/uploads\/2026\/03\/Image-284-2.jpeg","type":"image\/jpeg"}],"twitter_card":"summary_large_image","twitter_misc":{"Gesch\u00e4tzte Lesezeit":"2\u00a0Minuten"},"schema":{"@context":"https:\/\/schema.org","@graph":[{"@type":"WebPage","@id":"https:\/\/sagrinex.com\/produit\/conteneur-de-stockage-6-pieds-occasions\/","url":"https:\/\/sagrinex.com\/produit\/conteneur-de-stockage-6-pieds-occasions\/","name":"6 Fu\u00df LAGERCONTAINER \u2013 GEBRAUCHT","isPartOf":{"@id":"https:\/\/sagrinex.com\/#website"},"primaryImageOfPage":{"@id":"https:\/\/sagrinex.com\/produit\/conteneur-de-stockage-6-pieds-occasions\/#primaryimage"},"image":{"@id":"https:\/\/sagrinex.com\/produit\/conteneur-de-stockage-6-pieds-occasions\/#primaryimage"},"thumbnailUrl":"https:\/\/sagrinex.com\/wp-content\/uploads\/2026\/03\/Image-284-2.jpeg","datePublished":"2026-03-16T10:47:35+00:00","dateModified":"2026-04-15T21:12:15+00:00","description":"K\u00fcrzlich verwendeter 6-Fu\u00df-Transportcontainer aus Cortenstahl f\u00fcr die sichere Lagerung von G\u00fctern und Ger\u00e4ten. Seine Struktur ist robust mit gewellten Metallw\u00e4nden und einem Boden aus Stahl oder behandeltem Marine-Sperrholz, best\u00e4ndig gegen Feuchtigkeit. Ausgestattet mit zweifl\u00fcgeligen Fl\u00fcgelt\u00fcren mit verst\u00e4rktem Schlie\u00dfsystem, wasser- und luftdicht, geeignet f\u00fcr professionelle, logistische oder leichte Montageanwendungen.","breadcrumb":{"@id":"https:\/\/sagrinex.com\/produit\/conteneur-de-stockage-6-pieds-occasions\/#breadcrumb"},"inLanguage":"de","potentialAction":[{"@type":"ReadAction","target":["https:\/\/sagrinex.com\/produit\/conteneur-de-stockage-6-pieds-occasions\/"]}]},{"@type":"ImageObject","inLanguage":"de","@id":"https:\/\/sagrinex.com\/produit\/conteneur-de-stockage-6-pieds-occasions\/#primaryimage","url":"https:\/\/sagrinex.com\/wp-content\/uploads\/2026\/03\/Image-284-2.jpeg","contentUrl":"https:\/\/sagrinex.com\/wp-content\/uploads\/2026\/03\/Image-284-2.jpeg","width":1536,"height":1024},{"@type":"BreadcrumbList","@id":"https:\/\/sagrinex.com\/produit\/conteneur-de-stockage-6-pieds-occasions\/#breadcrumb","itemListElement":[{"@type":"ListItem","position":1,"name":"Accueil","item":"https:\/\/sagrinex.com\/?lang=de"},{"@type":"ListItem","position":2,"name":"Shop","item":"https:\/\/sagrinex.com\/shop\/"},{"@type":"ListItem","position":3,"name":"6 Fu\u00df Lagercontainer \u2013 Gebraucht"}]},{"@type":"WebSite","@id":"https:\/\/sagrinex.com\/#website","url":"https:\/\/sagrinex.com\/","name":"Sagrinex \u2013 Spezialist f\u00fcr Anh\u00e4nger, Container & Landtechnik","description":"Anhaenger, Container &amp; Landtechnik \u2014 Online-Verkauf &amp; kostenloses Angebot","publisher":{"@id":"https:\/\/sagrinex.com\/#organization"},"potentialAction":[{"@type":"SearchAction","target":{"@type":"EntryPoint","urlTemplate":"https:\/\/sagrinex.com\/?s={search_term_string}"},"query-input":{"@type":"PropertyValueSpecification","valueRequired":true,"valueName":"search_term_string"}}],"inLanguage":"de"},{"@type":"Organization","@id":"https:\/\/sagrinex.com\/#organization","name":"Sagrinex \u2013 Remorques, Conteneurs & Mat\u00e9riel Agricole","url":"https:\/\/sagrinex.com\/","logo":{"@type":"ImageObject","inLanguage":"de","@id":"https:\/\/sagrinex.com\/#\/schema\/logo\/image\/","url":"https:\/\/sagrinex.com\/wp-content\/uploads\/2026\/03\/7f1ac463-ef5a-425d-bdd6-a5da03a334a9-1024x683.png","contentUrl":"https:\/\/sagrinex.com\/wp-content\/uploads\/2026\/03\/7f1ac463-ef5a-425d-bdd6-a5da03a334a9-1024x683.png","width":1024,"height":683,"caption":"Sagrinex \u2013 Remorques, Conteneurs & Mat\u00e9riel Agricole"},"image":{"@id":"https:\/\/sagrinex.com\/#\/schema\/logo\/image\/"}}]}},"jetpack_sharing_enabled":true,"_links":{"self":[{"href":"https:\/\/sagrinex.com\/de\/wp-json\/wp\/v2\/product\/14216","targetHints":{"allow":["GET"]}}],"collection":[{"href":"https:\/\/sagrinex.com\/de\/wp-json\/wp\/v2\/product"}],"about":[{"href":"https:\/\/sagrinex.com\/de\/wp-json\/wp\/v2\/types\/product"}],"replies":[{"embeddable":true,"href":"https:\/\/sagrinex.com\/de\/wp-json\/wp\/v2\/comments?post=14216"}],"version-history":[{"count":0,"href":"https:\/\/sagrinex.com\/de\/wp-json\/wp\/v2\/product\/14216\/revisions"}],"wp:featuredmedia":[{"embeddable":true,"href":"https:\/\/sagrinex.com\/de\/wp-json\/wp\/v2\/media\/16324"}],"wp:attachment":[{"href":"https:\/\/sagrinex.com\/de\/wp-json\/wp\/v2\/media?parent=14216"}],"wp:term":[{"taxonomy":"product_brand","embeddable":true,"href":"https:\/\/sagrinex.com\/de\/wp-json\/wp\/v2\/product_brand?post=14216"},{"taxonomy":"product_cat","embeddable":true,"href":"https:\/\/sagrinex.com\/de\/wp-json\/wp\/v2\/product_cat?post=14216"},{"taxonomy":"product_tag","embeddable":true,"href":"https:\/\/sagrinex.com\/de\/wp-json\/wp\/v2\/product_tag?post=14216"}],"curies":[{"name":"wp","href":"https:\/\/api.w.org\/{rel}","templated":true}]}}