{"id":14218,"date":"2026-03-16T10:58:58","date_gmt":"2026-03-16T10:58:58","guid":{"rendered":"https:\/\/sagrinex.com\/produit\/40-fuss-container-gebraucht\/"},"modified":"2026-04-15T21:12:15","modified_gmt":"2026-04-15T21:12:15","slug":"40-fuss-container-gebraucht","status":"publish","type":"product","link":"https:\/\/sagrinex.com\/de\/produit\/40-fuss-container-gebraucht\/","title":{"rendered":"40 Fu\u00df Container \u2013 Gebraucht"},"content":{"rendered":"<h2 data-start=\"258\" data-end=\"621\">40-Fu\u00df-Container \u2013 gebraucht<\/h2>\n<p data-start=\"258\" data-end=\"621\">Der gebrauchte 40-Fu\u00df-Container ist eine zuverl\u00e4ssige, robuste und wirtschaftliche L\u00f6sung f\u00fcr die Lagerung oder den Transport gro\u00dfer Warenmengen.<br data-start=\"416\" data-end=\"419\" \/>Dieser Container stammt aus einer fr\u00fcheren Verwendung, wurde jedoch aufgrund seiner Stabilit\u00e4t und Wasserdichtigkeit ausgew\u00e4hlt und eignet sich perfekt f\u00fcr logistische, industrielle, kommerzielle oder langfristige Lagerungsanforderungen.<\/p>\n<p data-start=\"623\" data-end=\"823\">Entworfen nach internationalen ISO-Standards garantiert es eine hervorragende Best\u00e4ndigkeit gegen schlechtes Wetter, St\u00f6\u00dfe und Handhabungseinschr\u00e4nkungen und bietet gleichzeitig ein betr\u00e4chtliches Innenvolumen.<\/p>\n<hr data-start=\"825\" data-end=\"828\" \/>\n<h2 data-start=\"830\" data-end=\"856\">Design und Struktur<\/h2>\n<p data-start=\"858\" data-end=\"1018\">Der 40-Fu\u00df-Container basiert auf einer <strong data-start=\"895\" data-end=\"924\">Corten-Stahlkonstruktion<\/strong>, einem Material, das f\u00fcr seine <strong data-start=\"951\" data-end=\"986\">hohe Korrosionsbest\u00e4ndigkeit<\/strong> und seine Langlebigkeit bekannt ist.<\/p>\n<ul data-start=\"1020\" data-end=\"1314\">\n<li data-start=\"1020\" data-end=\"1090\">\n<p data-start=\"1022\" data-end=\"1090\"><strong data-start=\"1022\" data-end=\"1034\">Rahmen<\/strong>: hochfeste geschwei\u00dfte Stahlrahmen und Stringer<\/p>\n<\/li>\n<li data-start=\"1091\" data-end=\"1206\">\n<p data-start=\"1093\" data-end=\"1206\"><strong data-start=\"1093\" data-end=\"1114\">W\u00e4nde und Dach<\/strong>: gewelltes Stahlblech, das f\u00fcr Stabilit\u00e4t und Schutz vor Angriffen von au\u00dfen sorgt<\/p>\n<\/li>\n<li data-start=\"1207\" data-end=\"1314\">\n<p data-start=\"1209\" data-end=\"1314\"><strong data-start=\"1209\" data-end=\"1221\">Boden<\/strong>: Boden aus <strong data-start=\"1236\" data-end=\"1265\">behandeltem Marinesperrholz<\/strong>, best\u00e4ndig gegen Feuchtigkeit und schwere Belastungen<\/p>\n<\/li>\n<\/ul>\n<p data-start=\"1316\" data-end=\"1422\">Diese Bauweise erm\u00f6glicht eine intensive Nutzung, sowohl bei der statischen Lagerung als auch beim Transport.<\/p>\n<hr data-start=\"1424\" data-end=\"1427\" \/>\n<h2 data-start=\"1429\" data-end=\"1454\">Sicherheit und Wasserdichtigkeit<\/h2>\n<ul data-start=\"1456\" data-end=\"1752\">\n<li data-start=\"1456\" data-end=\"1555\">\n<p data-start=\"1458\" data-end=\"1555\"><strong data-start=\"1458\" data-end=\"1485\">Zweifl\u00fcgelige T\u00fcren<\/strong> \u00fcber die gesamte Breite verteilt, die das Be- und Entladen erleichtern<\/p>\n<\/li>\n<li data-start=\"1556\" data-end=\"1655\">\n<p data-start=\"1558\" data-end=\"1655\"><strong data-start=\"1558\" data-end=\"1591\">Verst\u00e4rkte Dichtungen<\/strong> sorgen f\u00fcr wirksamen Schutz vor Wasser und Staub<\/p>\n<\/li>\n<li data-start=\"1656\" data-end=\"1752\">\n<p data-start=\"1658\" data-end=\"1752\"><strong data-start=\"1658\" data-end=\"1692\">Vertikale Schlie\u00dfstangen<\/strong> mit der M\u00f6glichkeit, ein Vorh\u00e4ngeschloss oder ein Diebstahlschutzsystem hinzuzuf\u00fcgen<\/p>\n<\/li>\n<\/ul>\n<p data-start=\"1754\" data-end=\"1888\">Der Container ist so konzipiert, dass er Ihre Waren effektiv vor Diebstahl, Feuchtigkeit und schwierigen Wetterbedingungen sch\u00fctzt.<\/p>\n<hr data-start=\"1890\" data-end=\"1893\" \/>\n<h2 data-start=\"1895\" data-end=\"1922\">Handhabung und Transport<\/h2>\n<p data-start=\"1924\" data-end=\"1987\">Der 40-Fu\u00df-Container ist f\u00fcr eine einfache Handhabung konzipiert:<\/p>\n<ul data-start=\"1989\" data-end=\"2219\">\n<li data-start=\"1989\" data-end=\"2053\">\n<p data-start=\"1991\" data-end=\"2053\">Mit dem Kran: ISO-Ecken kompatibel mit Hebehaken<\/p>\n<\/li>\n<li data-start=\"2054\" data-end=\"2131\">\n<p data-start=\"2056\" data-end=\"2131\">Per Gabelstapler oder Reachstacker, je nach Konfiguration und Beladung<\/p>\n<\/li>\n<li data-start=\"2132\" data-end=\"2219\">\n<p data-start=\"2134\" data-end=\"2219\">Stra\u00dfen-, See- oder Schienentransport gem\u00e4\u00df internationalen Standards<\/p>\n<\/li>\n<\/ul>\n<p data-start=\"2221\" data-end=\"2306\">Sein Standardformat erleichtert die Integration in bestehende Lieferketten.<\/p>\n<hr data-start=\"2308\" data-end=\"2311\" \/>\n<h2 data-start=\"2313\" data-end=\"2359\">Abmessungen des 40-Fu\u00df-Containers \u2013 verwendet<\/h2>\n<div class=\"TyagGW_tableContainer\">\n<div class=\"group TyagGW_tableWrapper flex flex-col-reverse w-fit\">\n<table class=\"w-fit min-w-(--thread-content-width)\" data-start=\"2361\" data-end=\"2713\">\n<thead data-start=\"2361\" data-end=\"2408\">\n<tr data-start=\"2361\" data-end=\"2408\">\n<th data-start=\"2361\" data-end=\"2379\" data-col-size=\"sm\">FEATURE<\/th>\n<th data-start=\"2379\" data-end=\"2408\" data-col-size=\"sm\">UNGEF\u00c4HRE ABMESSUNGEN<\/th>\n<\/tr>\n<\/thead>\n<tbody data-start=\"2456\" data-end=\"2713\">\n<tr data-start=\"2456\" data-end=\"2489\">\n<td data-start=\"2456\" data-end=\"2478\" data-col-size=\"sm\">\u00c4u\u00dfere L\u00e4nge<\/td>\n<td data-start=\"2478\" data-end=\"2489\" data-col-size=\"sm\">12,19 m<\/td>\n<\/tr>\n<tr data-start=\"2490\" data-end=\"2521\">\n<td data-start=\"2490\" data-end=\"2511\" data-col-size=\"sm\">Au\u00dfenbreite<\/td>\n<td data-start=\"2511\" data-end=\"2521\" data-col-size=\"sm\">2,44 m<\/td>\n<\/tr>\n<tr data-start=\"2522\" data-end=\"2553\">\n<td data-start=\"2522\" data-end=\"2543\" data-col-size=\"sm\">Au\u00dfenh\u00f6he<\/td>\n<td data-start=\"2543\" data-end=\"2553\" data-col-size=\"sm\">2,59 m<\/td>\n<\/tr>\n<tr data-start=\"2554\" data-end=\"2587\">\n<td data-start=\"2554\" data-end=\"2576\" data-col-size=\"sm\">Innenl\u00e4nge<\/td>\n<td data-start=\"2576\" data-end=\"2587\" data-col-size=\"sm\">12,03 m<\/td>\n<\/tr>\n<tr data-start=\"2588\" data-end=\"2619\">\n<td data-start=\"2588\" data-end=\"2609\" data-col-size=\"sm\">Innenbreite<\/td>\n<td data-start=\"2609\" data-end=\"2619\" data-col-size=\"sm\">2,35 m<\/td>\n<\/tr>\n<tr data-start=\"2620\" data-end=\"2651\">\n<td data-start=\"2620\" data-end=\"2641\" data-col-size=\"sm\">Innenh\u00f6he<\/td>\n<td data-col-size=\"sm\" data-start=\"2641\" data-end=\"2651\">2,39 m<\/td>\n<\/tr>\n<tr data-start=\"2652\" data-end=\"2683\">\n<td data-start=\"2652\" data-end=\"2673\" data-col-size=\"sm\">Innenfl\u00e4che<\/td>\n<td data-start=\"2673\" data-end=\"2683\" data-col-size=\"sm\">~28 m\u00b2<\/td>\n<\/tr>\n<tr data-start=\"2684\" data-end=\"2713\">\n<td data-start=\"2684\" data-end=\"2703\" data-col-size=\"sm\">Innenvolumen<\/td>\n<td data-start=\"2703\" data-end=\"2713\" data-col-size=\"sm\">~67 m\u00b3<\/td>\n<\/tr>\n<\/tbody>\n<\/table>\n<\/div>\n<\/div>\n<hr data-start=\"2715\" data-end=\"2718\" \/>\n<h2 data-start=\"2720\" data-end=\"2731\">Kapazit\u00e4t<\/h2>\n<ul data-start=\"2733\" data-end=\"2894\">\n<li data-start=\"2733\" data-end=\"2789\">\n<p data-start=\"2735\" data-end=\"2789\"><strong data-start=\"2735\" data-end=\"2760\">Maximale Nutzlast<\/strong>: ca. <strong data-start=\"2771\" data-end=\"2787\">26\u201328 Tonnen<\/strong><\/p>\n<\/li>\n<li data-start=\"2790\" data-end=\"2841\">\n<p data-start=\"2792\" data-end=\"2841\"><strong data-start=\"2792\" data-end=\"2808\">Leergewicht<\/strong>: ca. <strong data-start=\"2819\" data-end=\"2839\">3.700 bis 3.900 kg<\/strong><\/p>\n<\/li>\n<li data-start=\"2842\" data-end=\"2894\">\n<p data-start=\"2844\" data-end=\"2894\"><strong data-start=\"2844\" data-end=\"2863\">Europapaletten<\/strong>: bis zu <strong data-start=\"2874\" data-end=\"2892\">25\u201326 Paletten<\/strong><\/p>\n<\/li>\n<\/ul>\n<hr data-start=\"2896\" data-end=\"2899\" \/>\n<h2 data-start=\"2901\" data-end=\"2920\">M\u00f6gliche Verwendungen<\/h2>\n<ul data-start=\"2922\" data-end=\"3148\">\n<li data-start=\"2922\" data-end=\"2960\">\n<p data-start=\"2924\" data-end=\"2960\">Allgemeine Warenlagerung<\/p>\n<\/li>\n<li data-start=\"2961\" data-end=\"3002\">\n<p data-start=\"2963\" data-end=\"3002\">Logistik und internationaler Transport<\/p>\n<\/li>\n<li data-start=\"3003\" data-end=\"3042\">\n<p data-start=\"3005\" data-end=\"3042\">Tempor\u00e4re oder permanente Lager<\/p>\n<\/li>\n<li data-start=\"3043\" data-end=\"3079\">\n<p data-start=\"3045\" data-end=\"3079\">Baustelle und Materiallager<\/p>\n<\/li>\n<li data-start=\"3080\" data-end=\"3148\">\n<p data-start=\"3082\" data-end=\"3148\">Transformation oder Entwicklung (Werkstatt, B\u00fcro, umgebauter Container)<\/p>\n<\/li>\n<\/ul>\n<hr data-start=\"3150\" data-end=\"3153\" \/>\n<h2 data-start=\"3155\" data-end=\"3177\">Verf\u00fcgbare Optionen<\/h2>\n<ul data-start=\"3179\" data-end=\"3373\">\n<li data-start=\"3179\" data-end=\"3219\">\n<p data-start=\"3181\" data-end=\"3219\">Benutzerdefinierte Farbe (RAL-Palette)<\/p>\n<\/li>\n<li data-start=\"3220\" data-end=\"3241\">\n<p data-start=\"3222\" data-end=\"3241\">Verst\u00e4rkter Boden<\/p>\n<\/li>\n<li data-start=\"3242\" data-end=\"3295\">\n<p data-start=\"3244\" data-end=\"3295\">Sicheres Schlie\u00dfsystem (Schlie\u00dffach, Vorh\u00e4ngeschloss)<\/p>\n<\/li>\n<li data-start=\"3296\" data-end=\"3345\">\n<p data-start=\"3298\" data-end=\"3345\">Seitent\u00fcren oder spezifische Modifikationen<\/p>\n<\/li>\n<li data-start=\"3346\" data-end=\"3373\">\n<p data-start=\"3348\" data-end=\"3373\">Zus\u00e4tzliche Bel\u00fcftung<\/p>\n<\/li>\n<\/ul>\n","protected":false},"excerpt":{"rendered":"<p>Gebrauchter 40-Fu\u00df-Container, robust und wasserdicht, ideal zur Lagerung oder zum Transport von G\u00fctern. Aus Cortenstahl gefertigt, bietet es eine gro\u00dfe Lagerkapazit\u00e4t, hervorragende Witterungsbest\u00e4ndigkeit und eine wirtschaftliche L\u00f6sung f\u00fcr den professionellen, logistischen oder industriellen Einsatz.<\/p>\n","protected":false},"featured_media":16330,"comment_status":"open","ping_status":"closed","template":"","meta":[],"product_brand":[],"product_cat":[351,347],"product_tag":[],"class_list":{"0":"post-14218","1":"product","2":"type-product","3":"status-publish","4":"has-post-thumbnail","6":"product_cat-standardspeicher","7":"product_cat-unsere-container","9":"first","10":"instock","11":"shipping-taxable","12":"purchasable","13":"product-type-simple"},"yoast_head":"<!-- This site is optimized with the Yoast SEO plugin v27.4 - https:\/\/yoast.com\/product\/yoast-seo-wordpress\/ -->\n<title>40 Fu\u00df CONTAINER \u2013 GEBRAUCHT<\/title>\n<meta name=\"description\" content=\"Gebrauchter 40-Fu\u00df-Container, robust und wasserdicht, ideal zur Lagerung oder zum Transport von G\u00fctern. Aus Cortenstahl gefertigt, bietet es eine gro\u00dfe Lagerkapazit\u00e4t, hervorragende Witterungsbest\u00e4ndigkeit und eine wirtschaftliche L\u00f6sung f\u00fcr den professionellen, logistischen oder industriellen Einsatz.\" \/>\n<meta name=\"robots\" content=\"index, follow, max-snippet:-1, max-image-preview:large, max-video-preview:-1\" \/>\n<link rel=\"canonical\" href=\"https:\/\/sagrinex.com\/produit\/conteneur-40-pieds-occasions\/\" \/>\n<meta property=\"og:locale\" content=\"de_DE\" \/>\n<meta property=\"og:type\" content=\"article\" \/>\n<meta property=\"og:title\" content=\"40 Fu\u00df CONTAINER \u2013 GEBRAUCHT\" \/>\n<meta property=\"og:description\" content=\"Gebrauchter 40-Fu\u00df-Container, robust und wasserdicht, ideal zur Lagerung oder zum Transport von G\u00fctern. Aus Cortenstahl gefertigt, bietet es eine gro\u00dfe Lagerkapazit\u00e4t, hervorragende Witterungsbest\u00e4ndigkeit und eine wirtschaftliche L\u00f6sung f\u00fcr den professionellen, logistischen oder industriellen Einsatz.\" \/>\n<meta property=\"og:url\" content=\"https:\/\/sagrinex.com\/produit\/conteneur-40-pieds-occasions\/\" \/>\n<meta property=\"og:site_name\" content=\"Sagrinex \u2013 Anhaenger, Container &amp; Landtechnik \ud83c\udf3e\ud83d\ude9c\" \/>\n<meta property=\"article:modified_time\" content=\"2026-04-15T21:12:15+00:00\" \/>\n<meta property=\"og:image\" content=\"https:\/\/sagrinex.com\/wp-content\/uploads\/2026\/03\/Image-289-2.jpeg\" \/>\n\t<meta property=\"og:image:width\" content=\"450\" \/>\n\t<meta property=\"og:image:height\" content=\"472\" \/>\n\t<meta property=\"og:image:type\" content=\"image\/jpeg\" \/>\n<meta name=\"twitter:card\" content=\"summary_large_image\" \/>\n<meta name=\"twitter:label1\" content=\"Gesch\u00e4tzte Lesezeit\" \/>\n\t<meta name=\"twitter:data1\" content=\"2\u00a0Minuten\" \/>\n<script type=\"application\/ld+json\" class=\"yoast-schema-graph\">{\"@context\":\"https:\\\/\\\/schema.org\",\"@graph\":[{\"@type\":\"WebPage\",\"@id\":\"https:\\\/\\\/sagrinex.com\\\/produit\\\/conteneur-40-pieds-occasions\\\/\",\"url\":\"https:\\\/\\\/sagrinex.com\\\/produit\\\/conteneur-40-pieds-occasions\\\/\",\"name\":\"40 Fu\u00df CONTAINER \u2013 GEBRAUCHT\",\"isPartOf\":{\"@id\":\"https:\\\/\\\/sagrinex.com\\\/#website\"},\"primaryImageOfPage\":{\"@id\":\"https:\\\/\\\/sagrinex.com\\\/produit\\\/conteneur-40-pieds-occasions\\\/#primaryimage\"},\"image\":{\"@id\":\"https:\\\/\\\/sagrinex.com\\\/produit\\\/conteneur-40-pieds-occasions\\\/#primaryimage\"},\"thumbnailUrl\":\"https:\\\/\\\/sagrinex.com\\\/wp-content\\\/uploads\\\/2026\\\/03\\\/Image-289-2.jpeg\",\"datePublished\":\"2026-03-16T10:58:58+00:00\",\"dateModified\":\"2026-04-15T21:12:15+00:00\",\"description\":\"Gebrauchter 40-Fu\u00df-Container, robust und wasserdicht, ideal zur Lagerung oder zum Transport von G\u00fctern. Aus Cortenstahl gefertigt, bietet es eine gro\u00dfe Lagerkapazit\u00e4t, hervorragende Witterungsbest\u00e4ndigkeit und eine wirtschaftliche L\u00f6sung f\u00fcr den professionellen, logistischen oder industriellen Einsatz.\",\"breadcrumb\":{\"@id\":\"https:\\\/\\\/sagrinex.com\\\/produit\\\/conteneur-40-pieds-occasions\\\/#breadcrumb\"},\"inLanguage\":\"de\",\"potentialAction\":[{\"@type\":\"ReadAction\",\"target\":[\"https:\\\/\\\/sagrinex.com\\\/produit\\\/conteneur-40-pieds-occasions\\\/\"]}]},{\"@type\":\"ImageObject\",\"inLanguage\":\"de\",\"@id\":\"https:\\\/\\\/sagrinex.com\\\/produit\\\/conteneur-40-pieds-occasions\\\/#primaryimage\",\"url\":\"https:\\\/\\\/sagrinex.com\\\/wp-content\\\/uploads\\\/2026\\\/03\\\/Image-289-2.jpeg\",\"contentUrl\":\"https:\\\/\\\/sagrinex.com\\\/wp-content\\\/uploads\\\/2026\\\/03\\\/Image-289-2.jpeg\",\"width\":450,\"height\":472},{\"@type\":\"BreadcrumbList\",\"@id\":\"https:\\\/\\\/sagrinex.com\\\/produit\\\/conteneur-40-pieds-occasions\\\/#breadcrumb\",\"itemListElement\":[{\"@type\":\"ListItem\",\"position\":1,\"name\":\"Accueil\",\"item\":\"https:\\\/\\\/sagrinex.com\\\/?lang=de\"},{\"@type\":\"ListItem\",\"position\":2,\"name\":\"Shop\",\"item\":\"https:\\\/\\\/sagrinex.com\\\/shop\\\/\"},{\"@type\":\"ListItem\",\"position\":3,\"name\":\"40 Fu\u00df Container \u2013 Gebraucht\"}]},{\"@type\":\"WebSite\",\"@id\":\"https:\\\/\\\/sagrinex.com\\\/#website\",\"url\":\"https:\\\/\\\/sagrinex.com\\\/\",\"name\":\"Sagrinex \u2013 Spezialist f\u00fcr Anh\u00e4nger, Container & Landtechnik\",\"description\":\"Anhaenger, Container &amp; Landtechnik \u2014 Online-Verkauf &amp; kostenloses Angebot\",\"publisher\":{\"@id\":\"https:\\\/\\\/sagrinex.com\\\/#organization\"},\"potentialAction\":[{\"@type\":\"SearchAction\",\"target\":{\"@type\":\"EntryPoint\",\"urlTemplate\":\"https:\\\/\\\/sagrinex.com\\\/?s={search_term_string}\"},\"query-input\":{\"@type\":\"PropertyValueSpecification\",\"valueRequired\":true,\"valueName\":\"search_term_string\"}}],\"inLanguage\":\"de\"},{\"@type\":\"Organization\",\"@id\":\"https:\\\/\\\/sagrinex.com\\\/#organization\",\"name\":\"Sagrinex \u2013 Remorques, Conteneurs & Mat\u00e9riel Agricole\",\"url\":\"https:\\\/\\\/sagrinex.com\\\/\",\"logo\":{\"@type\":\"ImageObject\",\"inLanguage\":\"de\",\"@id\":\"https:\\\/\\\/sagrinex.com\\\/#\\\/schema\\\/logo\\\/image\\\/\",\"url\":\"https:\\\/\\\/sagrinex.com\\\/wp-content\\\/uploads\\\/2026\\\/03\\\/7f1ac463-ef5a-425d-bdd6-a5da03a334a9-1024x683.png\",\"contentUrl\":\"https:\\\/\\\/sagrinex.com\\\/wp-content\\\/uploads\\\/2026\\\/03\\\/7f1ac463-ef5a-425d-bdd6-a5da03a334a9-1024x683.png\",\"width\":1024,\"height\":683,\"caption\":\"Sagrinex \u2013 Remorques, Conteneurs & Mat\u00e9riel Agricole\"},\"image\":{\"@id\":\"https:\\\/\\\/sagrinex.com\\\/#\\\/schema\\\/logo\\\/image\\\/\"}}]}<\/script>\n<!-- \/ Yoast SEO plugin. -->","yoast_head_json":{"title":"40 Fu\u00df CONTAINER \u2013 GEBRAUCHT","description":"Gebrauchter 40-Fu\u00df-Container, robust und wasserdicht, ideal zur Lagerung oder zum Transport von G\u00fctern. Aus Cortenstahl gefertigt, bietet es eine gro\u00dfe Lagerkapazit\u00e4t, hervorragende Witterungsbest\u00e4ndigkeit und eine wirtschaftliche L\u00f6sung f\u00fcr den professionellen, logistischen oder industriellen Einsatz.","robots":{"index":"index","follow":"follow","max-snippet":"max-snippet:-1","max-image-preview":"max-image-preview:large","max-video-preview":"max-video-preview:-1"},"canonical":"https:\/\/sagrinex.com\/produit\/conteneur-40-pieds-occasions\/","og_locale":"de_DE","og_type":"article","og_title":"40 Fu\u00df CONTAINER \u2013 GEBRAUCHT","og_description":"Gebrauchter 40-Fu\u00df-Container, robust und wasserdicht, ideal zur Lagerung oder zum Transport von G\u00fctern. Aus Cortenstahl gefertigt, bietet es eine gro\u00dfe Lagerkapazit\u00e4t, hervorragende Witterungsbest\u00e4ndigkeit und eine wirtschaftliche L\u00f6sung f\u00fcr den professionellen, logistischen oder industriellen Einsatz.","og_url":"https:\/\/sagrinex.com\/produit\/conteneur-40-pieds-occasions\/","og_site_name":"Sagrinex \u2013 Anhaenger, Container &amp; Landtechnik \ud83c\udf3e\ud83d\ude9c","article_modified_time":"2026-04-15T21:12:15+00:00","og_image":[{"width":450,"height":472,"url":"https:\/\/sagrinex.com\/wp-content\/uploads\/2026\/03\/Image-289-2.jpeg","type":"image\/jpeg"}],"twitter_card":"summary_large_image","twitter_misc":{"Gesch\u00e4tzte Lesezeit":"2\u00a0Minuten"},"schema":{"@context":"https:\/\/schema.org","@graph":[{"@type":"WebPage","@id":"https:\/\/sagrinex.com\/produit\/conteneur-40-pieds-occasions\/","url":"https:\/\/sagrinex.com\/produit\/conteneur-40-pieds-occasions\/","name":"40 Fu\u00df CONTAINER \u2013 GEBRAUCHT","isPartOf":{"@id":"https:\/\/sagrinex.com\/#website"},"primaryImageOfPage":{"@id":"https:\/\/sagrinex.com\/produit\/conteneur-40-pieds-occasions\/#primaryimage"},"image":{"@id":"https:\/\/sagrinex.com\/produit\/conteneur-40-pieds-occasions\/#primaryimage"},"thumbnailUrl":"https:\/\/sagrinex.com\/wp-content\/uploads\/2026\/03\/Image-289-2.jpeg","datePublished":"2026-03-16T10:58:58+00:00","dateModified":"2026-04-15T21:12:15+00:00","description":"Gebrauchter 40-Fu\u00df-Container, robust und wasserdicht, ideal zur Lagerung oder zum Transport von G\u00fctern. Aus Cortenstahl gefertigt, bietet es eine gro\u00dfe Lagerkapazit\u00e4t, hervorragende Witterungsbest\u00e4ndigkeit und eine wirtschaftliche L\u00f6sung f\u00fcr den professionellen, logistischen oder industriellen Einsatz.","breadcrumb":{"@id":"https:\/\/sagrinex.com\/produit\/conteneur-40-pieds-occasions\/#breadcrumb"},"inLanguage":"de","potentialAction":[{"@type":"ReadAction","target":["https:\/\/sagrinex.com\/produit\/conteneur-40-pieds-occasions\/"]}]},{"@type":"ImageObject","inLanguage":"de","@id":"https:\/\/sagrinex.com\/produit\/conteneur-40-pieds-occasions\/#primaryimage","url":"https:\/\/sagrinex.com\/wp-content\/uploads\/2026\/03\/Image-289-2.jpeg","contentUrl":"https:\/\/sagrinex.com\/wp-content\/uploads\/2026\/03\/Image-289-2.jpeg","width":450,"height":472},{"@type":"BreadcrumbList","@id":"https:\/\/sagrinex.com\/produit\/conteneur-40-pieds-occasions\/#breadcrumb","itemListElement":[{"@type":"ListItem","position":1,"name":"Accueil","item":"https:\/\/sagrinex.com\/?lang=de"},{"@type":"ListItem","position":2,"name":"Shop","item":"https:\/\/sagrinex.com\/shop\/"},{"@type":"ListItem","position":3,"name":"40 Fu\u00df Container \u2013 Gebraucht"}]},{"@type":"WebSite","@id":"https:\/\/sagrinex.com\/#website","url":"https:\/\/sagrinex.com\/","name":"Sagrinex \u2013 Spezialist f\u00fcr Anh\u00e4nger, Container & Landtechnik","description":"Anhaenger, Container &amp; Landtechnik \u2014 Online-Verkauf &amp; kostenloses Angebot","publisher":{"@id":"https:\/\/sagrinex.com\/#organization"},"potentialAction":[{"@type":"SearchAction","target":{"@type":"EntryPoint","urlTemplate":"https:\/\/sagrinex.com\/?s={search_term_string}"},"query-input":{"@type":"PropertyValueSpecification","valueRequired":true,"valueName":"search_term_string"}}],"inLanguage":"de"},{"@type":"Organization","@id":"https:\/\/sagrinex.com\/#organization","name":"Sagrinex \u2013 Remorques, Conteneurs & Mat\u00e9riel Agricole","url":"https:\/\/sagrinex.com\/","logo":{"@type":"ImageObject","inLanguage":"de","@id":"https:\/\/sagrinex.com\/#\/schema\/logo\/image\/","url":"https:\/\/sagrinex.com\/wp-content\/uploads\/2026\/03\/7f1ac463-ef5a-425d-bdd6-a5da03a334a9-1024x683.png","contentUrl":"https:\/\/sagrinex.com\/wp-content\/uploads\/2026\/03\/7f1ac463-ef5a-425d-bdd6-a5da03a334a9-1024x683.png","width":1024,"height":683,"caption":"Sagrinex \u2013 Remorques, Conteneurs & Mat\u00e9riel Agricole"},"image":{"@id":"https:\/\/sagrinex.com\/#\/schema\/logo\/image\/"}}]}},"jetpack_sharing_enabled":true,"_links":{"self":[{"href":"https:\/\/sagrinex.com\/de\/wp-json\/wp\/v2\/product\/14218","targetHints":{"allow":["GET"]}}],"collection":[{"href":"https:\/\/sagrinex.com\/de\/wp-json\/wp\/v2\/product"}],"about":[{"href":"https:\/\/sagrinex.com\/de\/wp-json\/wp\/v2\/types\/product"}],"replies":[{"embeddable":true,"href":"https:\/\/sagrinex.com\/de\/wp-json\/wp\/v2\/comments?post=14218"}],"version-history":[{"count":0,"href":"https:\/\/sagrinex.com\/de\/wp-json\/wp\/v2\/product\/14218\/revisions"}],"wp:featuredmedia":[{"embeddable":true,"href":"https:\/\/sagrinex.com\/de\/wp-json\/wp\/v2\/media\/16330"}],"wp:attachment":[{"href":"https:\/\/sagrinex.com\/de\/wp-json\/wp\/v2\/media?parent=14218"}],"wp:term":[{"taxonomy":"product_brand","embeddable":true,"href":"https:\/\/sagrinex.com\/de\/wp-json\/wp\/v2\/product_brand?post=14218"},{"taxonomy":"product_cat","embeddable":true,"href":"https:\/\/sagrinex.com\/de\/wp-json\/wp\/v2\/product_cat?post=14218"},{"taxonomy":"product_tag","embeddable":true,"href":"https:\/\/sagrinex.com\/de\/wp-json\/wp\/v2\/product_tag?post=14218"}],"curies":[{"name":"wp","href":"https:\/\/api.w.org\/{rel}","templated":true}]}}