{"id":14220,"date":"2026-03-14T22:20:27","date_gmt":"2026-03-14T22:20:27","guid":{"rendered":"https:\/\/sagrinex.com\/produit\/saris-aluminiumanhaenger-mit-sicherer-haube-mc-255-133-1350-1-c-zulaessiges-gesamtgewicht-1350-kg-1-gebremste-achse\/"},"modified":"2026-04-15T21:12:15","modified_gmt":"2026-04-15T21:12:15","slug":"saris-aluminiumanhaenger-mit-sicherer-haube-mc-255-133-1350-1-c-zulaessiges-gesamtgewicht-1350-kg-1-gebremste-achse","status":"publish","type":"product","link":"https:\/\/sagrinex.com\/de\/produit\/saris-aluminiumanhaenger-mit-sicherer-haube-mc-255-133-1350-1-c-zulaessiges-gesamtgewicht-1350-kg-1-gebremste-achse\/","title":{"rendered":"Saris Aluminiumanh\u00c4nger mit Sicherer Haube \u2013 Mc 255 133 1350 1 C \u2013 Zul\u00e4ssiges Gesamtgewicht 1350 Kg \u2013 1 Gebremste Achse"},"content":{"rendered":"<p>Gep\u00e4ckanh\u00e4nger SARIS MC 255\u00d7133 \u2013 praktisch, sicher und langlebig<\/p>\n<p><strong>SARIS MC 255\u00d7133<\/strong> Gep\u00e4cktasche f\u00fcr den sicheren Transport von Gep\u00e4ck, Freizeitausr\u00fcstung oder Berufsausr\u00fcstung. Seine <strong>Aluminiumabdeckung mit GFK-Platte<\/strong> bietet ein Kofferraumvolumen von <strong>1.695 L<\/strong> und sch\u00fctzt Ihre Ladung effektiv vor schlechtem Wetter und neugierigen Blicken. <strong>neuer<\/strong> Anh\u00e4nger, sofort einsatzbereit, ideal f\u00fcr anspruchsvolle Privatpersonen und Gewerbetreibende.<\/p>\n<ul>\n<li><strong>Nutzma\u00dfe:<\/strong> 255 \u00d7 133 cm<\/li>\n<li><strong>Gesamtgewicht:<\/strong> 1.350 kg<\/li>\n<li><strong>Nutzlast:<\/strong> 1.073 kg<\/li>\n<li><strong>Leermasse:<\/strong> 277 kg<\/li>\n<li><strong>Gesamtabmessungen:<\/strong> 375 \u00d7 183 cm<\/li>\n<li><strong>H\u00f6he der Nutzseiten:<\/strong> 35 cm<\/li>\n<li><strong>Bodenh\u00f6he:<\/strong> 52 cm<\/li>\n<li><strong>Reifen:<\/strong> 14&#8243;<\/li>\n<li><strong>Bremsen:<\/strong> Anh\u00e4nger gebremst<\/li>\n<li><strong>Achse:<\/strong> Einzelachse<\/li>\n<li><strong>V-f\u00f6rmiger Ausleger:<\/strong> nein (gerade Deichsel)<\/li>\n<li><strong>Kippbar:<\/strong> nicht kippbar<\/li>\n<li><strong>Gesamth\u00f6he mit Deckel:<\/strong> 50 cm<\/li>\n<li><strong>Kofferraumvolumen:<\/strong> 1.695 L<\/li>\n<\/ul>\n<ul>\n<li><strong>Aluminiumabdeckung<\/strong> mit langlebiger <strong>GFK-Platte<\/strong><\/li>\n<li><strong>Seitenw\u00e4nde aus Aluminium<\/strong> f\u00fcr Leichtigkeit und Stabilit\u00e4t<\/li>\n<li><strong>Sicheres Verschlie\u00dfen<\/strong> des Kofferraums<\/li>\n<li><strong>Haken<\/strong> und <strong>Abschlepphaken<\/strong><\/li>\n<li><strong>Integrierte Schiene<\/strong> f\u00fcr <strong>Zurrhaken<\/strong><\/li>\n<li><strong>Marine-Sperrholzboden<\/strong> mit verrottungsfester Behandlung<\/li>\n<li><strong>Integrierter Boden<\/strong> im Chassis und <strong>unterst\u00fctzt<\/strong> f\u00fcr bessere Steifigkeit<\/li>\n<li><strong>Feuerverzinkte Komponenten<\/strong> (Korrosionsschutz)<\/li>\n<\/ul>\n<ul>\n<li>Achssto\u00dfd\u00e4mpfer<\/li>\n<li>LED-Beleuchtung (Komplettsystem)<\/li>\n<li>Montiertes Dachtr\u00e4gersystem<\/li>\n<li>Leichtmetallfelgen montiert<\/li>\n<\/ul>\n<ul>\n<li><strong>Gro\u00dfes Fassungsverm\u00f6gen<\/strong> (1.695 l) mit starrem, wasserdichtem Deckel<\/li>\n<li><strong>Sicherer Transport<\/strong> durch abschlie\u00dfbaren Verschluss und Zurrschienen<\/li>\n<li><strong>Haltbarkeit<\/strong>: verzinktes Chassis und Komponenten, verrottungsfester Meeresboden<\/li>\n<li><strong>Ruhiges Fahren<\/strong>: gebremster Anh\u00e4nger, einfach zu handhabende Einzelachse<\/li>\n<\/ul>\n<p>Mit einer gro\u00dfen Auswahl an Kippanh\u00e4ngern auf Lager kann Sagrinex Sie bei Ihrem Kauf entsprechend Ihren Erwartungen in Bezug auf Nutzung, Qualit\u00e4t und Budget beraten.<\/p>\n<p><strong>Sagrinex k\u00fcmmert sich um die Lieferung Ihres Anh\u00e4ngers<\/strong>.<\/p>\n<p>Z\u00f6gern Sie nicht, uns f\u00fcr weitere Informationen zu kontaktieren<\/p>\n","protected":false},"excerpt":{"rendered":"<p>Gep\u00e4ckanh\u00e4nger SARIS MC 255\u00d7133 (zul\u00e4ssiges Gesamtgewicht 1.350 kg, Nutzlast 1.073 kg), einfach gebremste Achse, nicht kippbar. 1.695-L-Kofferraum mit Aluminiumdeckel\/GFK-Platte (Gesamth\u00f6he 50 cm), 35 cm hohe Aluminium-Bordw\u00e4nde, integrierter\/unterst\u00fctzter Marineboden (Bodenh\u00f6he 52 cm), 14-Zoll-Reifen, gerade Deichsel. Standard: Haken + Zurrschiene, sicherer Verschluss, verzinkte Komponenten. M\u00f6gliche Optionen: Achssto\u00dfd\u00e4mpfer, LED-Kit, Dachtr\u00e4ger, Alufelgen.<\/p>\n<div class=\"mod_fa_customizablefields_v14_list\">\n<div class=\"mod_fa_champspersonnalisables_v14_titre\"><strong>Zul\u00e4ssiges Gesamtgewicht: <\/strong><span class=\"mod_fa_champspersonnalisables_v14_value\">1350 \/ 1200 \/ 1100 \/ 1000 \/ 750 kg<\/span><\/div>\n<\/div>\n<div class=\"mod_fa_customizablefields_v14_list\">\n<div class=\"mod_fa_champspersonnalisables_v14_titre\"><strong>Leermasse: <\/strong><span class=\"mod_fa_champspersonnalisables_v14_value\">277 kg<\/span><\/div>\n<\/div>\n<div class=\"mod_fa_customizablefields_v14_list\">\n<div class=\"mod_fa_champspersonnalisables_v14_titre\"><strong>Nutzlast: <\/strong><span class=\"mod_fa_champspersonnalisables_v14_value\">1073 kg<\/span><\/div>\n<\/div>\n<div class=\"mod_fa_customizablefields_v14_list\">\n<div class=\"mod_fa_champspersonnalisables_v14_titre\"><strong>Nutzma\u00dfe: <\/strong><span class=\"mod_fa_champspersonnalisables_v14_value\">255 x 133 x H 50 CM<\/span><\/div>\n<\/div>\n<div class=\"mod_fa_customizablefields_v14_list\">\n<div class=\"mod_fa_champspersonnalisables_v14_titre\"><strong>Gesamtabmessungen: <\/strong><span class=\"mod_fa_champspersonnalisables_v14_value\">375 x 183 cm<\/span><\/div>\n<\/div>\n<div class=\"mod_fa_customizablefields_v14_list\">\n<div class=\"mod_fa_champspersonnalisables_v14_titre\"><strong>Achswiderstand(e): <\/strong><span class=\"mod_fa_champspersonnalisables_v14_value\">1350 kg<\/span><\/div>\n<\/div>\n<div class=\"mod_fa_customizablefields_v14_list\">\n<div class=\"mod_fa_champspersonnalisables_v14_title\"><strong>Boden: <\/strong><span class=\"mod_fa_champspersonnalisables_v14_value\">Holz<\/span><\/div>\n<\/div>\n<div class=\"mod_fa_customizablefields_v14_list\">\n<div class=\"mod_fa_champspersonnalisables_v14_title\"><strong>Pfeil: <\/strong><span class=\"mod_fa_champspersonnalisables_v14_value\">nach rechts gebremst<\/span><\/div>\n<\/div>\n<div class=\"mod_fa_customizablefields_v14_list\">\n<div class=\"mod_fa_champspersonnalisables_v14_titre\"><strong>Gebremster Kopf: <\/strong><span class=\"mod_fa_champspersonnalisables_v14_value\">AL-KO<\/span><\/div>\n<\/div>\n<div class=\"mod_fa_customizablefields_v14_list\">\n<div class=\"mod_fa_customizablefields_v14_title\"><strong>Band: <\/strong><span class=\"mod_fa_customizablefields_v14_value\">Behoben<\/span><\/div>\n<\/div>\n<div class=\"mod_fa_customizablefields_v14_list\">\n<div class=\"mod_fa_champspersonnalisables_v14_titre\"><strong>Rahmentyp: <\/strong><span class=\"mod_fa_champspersonnalisables_v14_value\">Feuerverzinkt<\/span><\/div>\n<\/div>\n<div class=\"mod_fa_customizablefields_v14_list\">\n<div class=\"mod_fa_champspersonnalisables_v14_titre\"><strong>R\u00e4der: <\/strong><span class=\"mod_fa_champspersonnalisables_v14_value\">13 Zoll<\/span><\/div>\n<\/div>\n<div class=\"mod_fa_customizablefields_v14_list\">\n<div class=\"mod_fa_champspersonnalisables_v14_titre\"><strong>Ausstattung: <\/strong><span class=\"mod_fa_champspersonnalisables_v14_valeur\">Haken \u2022 Sichere Serienabdeckung \u2022 Seitenw\u00e4nde aus Aluminium \u2022 Abschlepphaken \u2022 Unterst\u00fctzter Boden \u2022 In das Chassis integrierter Boden \u2022 Boden aus verrottungsfest behandeltem Marine-Sperrholz \u2022 Feuerverzinkte Komponenten \u2022 Integrierte Schiene zur Hakenbefestigung \u2022 Aluminiumabdeckung mit langlebiger GFK-Platte \u2022 Gep\u00e4ckraum 1.695 L \u2022 H\u00f6he mit Abdeckung 50 cm<\/span><\/div>\n<\/div>\n","protected":false},"featured_media":16052,"comment_status":"open","ping_status":"closed","template":"","meta":[],"product_brand":[],"product_cat":[353,352],"product_tag":[],"class_list":{"0":"post-14220","1":"product","2":"type-product","3":"status-publish","4":"has-post-thumbnail","6":"product_cat-gepaeckanhaenger","7":"product_cat-unsere-trailer","9":"first","10":"instock","11":"shipping-taxable","12":"purchasable","13":"product-type-simple"},"yoast_head":"<!-- This site is optimized with the Yoast SEO plugin v27.4 - https:\/\/yoast.com\/product\/yoast-seo-wordpress\/ -->\n<title>SARIS ALUMINIUMANH\u00c4NGER MIT SICHERER HAUBE \u2013 MC 255 133 1350 1 C \u2013 zul\u00e4ssiges Gesamtgewicht 1350 kg \u2013 1 gebremste Achse<\/title>\n<meta name=\"description\" content=\"Gep\u00e4ckanh\u00e4nger SARIS MC 255\u00d7133 (zul\u00e4ssiges Gesamtgewicht 1.350 kg, Nutzlast 1.073 kg), einfach gebremste Achse, nicht kippbar. 1.695-L-Kofferraum mit Aluminiumdeckel\/GFK-Platte (Gesamth\u00f6he 50 cm), 35 cm hohe Aluminium-Bordw\u00e4nde, integrierter\/unterst\u00fctzter Marineboden (Bodenh\u00f6he 52 cm), 14-Zoll-Reifen, gerade Deichsel. Standard: Haken + Zurrschiene, sicherer Verschluss, verzinkte Komponenten. M\u00f6gliche Optionen: Achssto\u00dfd\u00e4mpfer, LED-Kit, Dachtr\u00e4ger, Alufelgen.\" \/>\n<meta name=\"robots\" content=\"index, follow, max-snippet:-1, max-image-preview:large, max-video-preview:-1\" \/>\n<link rel=\"canonical\" href=\"https:\/\/sagrinex.com\/produit\/remorque-saris-aluminium-avec-capot-securise-mc-255-133-1350-1-c-ptac-1350-kg-1-essieu-freine\/\" \/>\n<meta property=\"og:locale\" content=\"de_DE\" \/>\n<meta property=\"og:type\" content=\"article\" \/>\n<meta property=\"og:title\" content=\"SARIS ALUMINIUMANH\u00c4NGER MIT SICHERER HAUBE \u2013 MC 255 133 1350 1 C \u2013 zul\u00e4ssiges Gesamtgewicht 1350 kg \u2013 1 gebremste Achse\" \/>\n<meta property=\"og:description\" content=\"Gep\u00e4ckanh\u00e4nger SARIS MC 255\u00d7133 (zul\u00e4ssiges Gesamtgewicht 1.350 kg, Nutzlast 1.073 kg), einfach gebremste Achse, nicht kippbar. 1.695-L-Kofferraum mit Aluminiumdeckel\/GFK-Platte (Gesamth\u00f6he 50 cm), 35 cm hohe Aluminium-Bordw\u00e4nde, integrierter\/unterst\u00fctzter Marineboden (Bodenh\u00f6he 52 cm), 14-Zoll-Reifen, gerade Deichsel. Standard: Haken + Zurrschiene, sicherer Verschluss, verzinkte Komponenten. M\u00f6gliche Optionen: Achssto\u00dfd\u00e4mpfer, LED-Kit, Dachtr\u00e4ger, Alufelgen.\" \/>\n<meta property=\"og:url\" content=\"https:\/\/sagrinex.com\/produit\/remorque-saris-aluminium-avec-capot-securise-mc-255-133-1350-1-c-ptac-1350-kg-1-essieu-freine\/\" \/>\n<meta property=\"og:site_name\" content=\"Sagrinex \u2013 Anhaenger, Container &amp; Landtechnik \ud83c\udf3e\ud83d\ude9c\" \/>\n<meta property=\"article:modified_time\" content=\"2026-04-15T21:12:15+00:00\" \/>\n<meta property=\"og:image\" content=\"https:\/\/sagrinex.com\/wp-content\/uploads\/2026\/03\/Image-383-1.jpeg\" \/>\n\t<meta property=\"og:image:width\" content=\"1200\" \/>\n\t<meta property=\"og:image:height\" content=\"1200\" \/>\n\t<meta property=\"og:image:type\" content=\"image\/jpeg\" \/>\n<meta name=\"twitter:card\" content=\"summary_large_image\" \/>\n<meta name=\"twitter:label1\" content=\"Gesch\u00e4tzte Lesezeit\" \/>\n\t<meta name=\"twitter:data1\" content=\"1\u00a0Minute\" \/>\n<script type=\"application\/ld+json\" class=\"yoast-schema-graph\">{\"@context\":\"https:\\\/\\\/schema.org\",\"@graph\":[{\"@type\":\"WebPage\",\"@id\":\"https:\\\/\\\/sagrinex.com\\\/produit\\\/remorque-saris-aluminium-avec-capot-securise-mc-255-133-1350-1-c-ptac-1350-kg-1-essieu-freine\\\/\",\"url\":\"https:\\\/\\\/sagrinex.com\\\/produit\\\/remorque-saris-aluminium-avec-capot-securise-mc-255-133-1350-1-c-ptac-1350-kg-1-essieu-freine\\\/\",\"name\":\"SARIS ALUMINIUMANH\u00c4NGER MIT SICHERER HAUBE \u2013 MC 255 133 1350 1 C \u2013 zul\u00e4ssiges Gesamtgewicht 1350 kg \u2013 1 gebremste Achse\",\"isPartOf\":{\"@id\":\"https:\\\/\\\/sagrinex.com\\\/#website\"},\"primaryImageOfPage\":{\"@id\":\"https:\\\/\\\/sagrinex.com\\\/produit\\\/remorque-saris-aluminium-avec-capot-securise-mc-255-133-1350-1-c-ptac-1350-kg-1-essieu-freine\\\/#primaryimage\"},\"image\":{\"@id\":\"https:\\\/\\\/sagrinex.com\\\/produit\\\/remorque-saris-aluminium-avec-capot-securise-mc-255-133-1350-1-c-ptac-1350-kg-1-essieu-freine\\\/#primaryimage\"},\"thumbnailUrl\":\"https:\\\/\\\/sagrinex.com\\\/wp-content\\\/uploads\\\/2026\\\/03\\\/Image-383-1.jpeg\",\"datePublished\":\"2026-03-14T22:20:27+00:00\",\"dateModified\":\"2026-04-15T21:12:15+00:00\",\"description\":\"Gep\u00e4ckanh\u00e4nger SARIS MC 255\u00d7133 (zul\u00e4ssiges Gesamtgewicht 1.350 kg, Nutzlast 1.073 kg), einfach gebremste Achse, nicht kippbar. 1.695-L-Kofferraum mit Aluminiumdeckel\\\/GFK-Platte (Gesamth\u00f6he 50 cm), 35 cm hohe Aluminium-Bordw\u00e4nde, integrierter\\\/unterst\u00fctzter Marineboden (Bodenh\u00f6he 52 cm), 14-Zoll-Reifen, gerade Deichsel. Standard: Haken + Zurrschiene, sicherer Verschluss, verzinkte Komponenten. M\u00f6gliche Optionen: Achssto\u00dfd\u00e4mpfer, LED-Kit, Dachtr\u00e4ger, Alufelgen.\",\"breadcrumb\":{\"@id\":\"https:\\\/\\\/sagrinex.com\\\/produit\\\/remorque-saris-aluminium-avec-capot-securise-mc-255-133-1350-1-c-ptac-1350-kg-1-essieu-freine\\\/#breadcrumb\"},\"inLanguage\":\"de\",\"potentialAction\":[{\"@type\":\"ReadAction\",\"target\":[\"https:\\\/\\\/sagrinex.com\\\/produit\\\/remorque-saris-aluminium-avec-capot-securise-mc-255-133-1350-1-c-ptac-1350-kg-1-essieu-freine\\\/\"]}]},{\"@type\":\"ImageObject\",\"inLanguage\":\"de\",\"@id\":\"https:\\\/\\\/sagrinex.com\\\/produit\\\/remorque-saris-aluminium-avec-capot-securise-mc-255-133-1350-1-c-ptac-1350-kg-1-essieu-freine\\\/#primaryimage\",\"url\":\"https:\\\/\\\/sagrinex.com\\\/wp-content\\\/uploads\\\/2026\\\/03\\\/Image-383-1.jpeg\",\"contentUrl\":\"https:\\\/\\\/sagrinex.com\\\/wp-content\\\/uploads\\\/2026\\\/03\\\/Image-383-1.jpeg\",\"width\":1200,\"height\":1200},{\"@type\":\"BreadcrumbList\",\"@id\":\"https:\\\/\\\/sagrinex.com\\\/produit\\\/remorque-saris-aluminium-avec-capot-securise-mc-255-133-1350-1-c-ptac-1350-kg-1-essieu-freine\\\/#breadcrumb\",\"itemListElement\":[{\"@type\":\"ListItem\",\"position\":1,\"name\":\"Accueil\",\"item\":\"https:\\\/\\\/sagrinex.com\\\/?lang=de\"},{\"@type\":\"ListItem\",\"position\":2,\"name\":\"Shop\",\"item\":\"https:\\\/\\\/sagrinex.com\\\/shop\\\/\"},{\"@type\":\"ListItem\",\"position\":3,\"name\":\"Saris Aluminiumanh\u00c4nger mit Sicherer Haube \u2013 Mc 255 133 1350 1 C \u2013 Zul\u00e4ssiges Gesamtgewicht 1350 Kg \u2013 1 Gebremste Achse\"}]},{\"@type\":\"WebSite\",\"@id\":\"https:\\\/\\\/sagrinex.com\\\/#website\",\"url\":\"https:\\\/\\\/sagrinex.com\\\/\",\"name\":\"Sagrinex \u2013 Spezialist f\u00fcr Anh\u00e4nger, Container & Landtechnik\",\"description\":\"Anhaenger, Container &amp; Landtechnik \u2014 Online-Verkauf &amp; kostenloses Angebot\",\"publisher\":{\"@id\":\"https:\\\/\\\/sagrinex.com\\\/#organization\"},\"potentialAction\":[{\"@type\":\"SearchAction\",\"target\":{\"@type\":\"EntryPoint\",\"urlTemplate\":\"https:\\\/\\\/sagrinex.com\\\/?s={search_term_string}\"},\"query-input\":{\"@type\":\"PropertyValueSpecification\",\"valueRequired\":true,\"valueName\":\"search_term_string\"}}],\"inLanguage\":\"de\"},{\"@type\":\"Organization\",\"@id\":\"https:\\\/\\\/sagrinex.com\\\/#organization\",\"name\":\"Sagrinex \u2013 Remorques, Conteneurs & Mat\u00e9riel Agricole\",\"url\":\"https:\\\/\\\/sagrinex.com\\\/\",\"logo\":{\"@type\":\"ImageObject\",\"inLanguage\":\"de\",\"@id\":\"https:\\\/\\\/sagrinex.com\\\/#\\\/schema\\\/logo\\\/image\\\/\",\"url\":\"https:\\\/\\\/sagrinex.com\\\/wp-content\\\/uploads\\\/2026\\\/03\\\/7f1ac463-ef5a-425d-bdd6-a5da03a334a9-1024x683.png\",\"contentUrl\":\"https:\\\/\\\/sagrinex.com\\\/wp-content\\\/uploads\\\/2026\\\/03\\\/7f1ac463-ef5a-425d-bdd6-a5da03a334a9-1024x683.png\",\"width\":1024,\"height\":683,\"caption\":\"Sagrinex \u2013 Remorques, Conteneurs & Mat\u00e9riel Agricole\"},\"image\":{\"@id\":\"https:\\\/\\\/sagrinex.com\\\/#\\\/schema\\\/logo\\\/image\\\/\"}}]}<\/script>\n<!-- \/ Yoast SEO plugin. -->","yoast_head_json":{"title":"SARIS ALUMINIUMANH\u00c4NGER MIT SICHERER HAUBE \u2013 MC 255 133 1350 1 C \u2013 zul\u00e4ssiges Gesamtgewicht 1350 kg \u2013 1 gebremste Achse","description":"Gep\u00e4ckanh\u00e4nger SARIS MC 255\u00d7133 (zul\u00e4ssiges Gesamtgewicht 1.350 kg, Nutzlast 1.073 kg), einfach gebremste Achse, nicht kippbar. 1.695-L-Kofferraum mit Aluminiumdeckel\/GFK-Platte (Gesamth\u00f6he 50 cm), 35 cm hohe Aluminium-Bordw\u00e4nde, integrierter\/unterst\u00fctzter Marineboden (Bodenh\u00f6he 52 cm), 14-Zoll-Reifen, gerade Deichsel. Standard: Haken + Zurrschiene, sicherer Verschluss, verzinkte Komponenten. M\u00f6gliche Optionen: Achssto\u00dfd\u00e4mpfer, LED-Kit, Dachtr\u00e4ger, Alufelgen.","robots":{"index":"index","follow":"follow","max-snippet":"max-snippet:-1","max-image-preview":"max-image-preview:large","max-video-preview":"max-video-preview:-1"},"canonical":"https:\/\/sagrinex.com\/produit\/remorque-saris-aluminium-avec-capot-securise-mc-255-133-1350-1-c-ptac-1350-kg-1-essieu-freine\/","og_locale":"de_DE","og_type":"article","og_title":"SARIS ALUMINIUMANH\u00c4NGER MIT SICHERER HAUBE \u2013 MC 255 133 1350 1 C \u2013 zul\u00e4ssiges Gesamtgewicht 1350 kg \u2013 1 gebremste Achse","og_description":"Gep\u00e4ckanh\u00e4nger SARIS MC 255\u00d7133 (zul\u00e4ssiges Gesamtgewicht 1.350 kg, Nutzlast 1.073 kg), einfach gebremste Achse, nicht kippbar. 1.695-L-Kofferraum mit Aluminiumdeckel\/GFK-Platte (Gesamth\u00f6he 50 cm), 35 cm hohe Aluminium-Bordw\u00e4nde, integrierter\/unterst\u00fctzter Marineboden (Bodenh\u00f6he 52 cm), 14-Zoll-Reifen, gerade Deichsel. Standard: Haken + Zurrschiene, sicherer Verschluss, verzinkte Komponenten. M\u00f6gliche Optionen: Achssto\u00dfd\u00e4mpfer, LED-Kit, Dachtr\u00e4ger, Alufelgen.","og_url":"https:\/\/sagrinex.com\/produit\/remorque-saris-aluminium-avec-capot-securise-mc-255-133-1350-1-c-ptac-1350-kg-1-essieu-freine\/","og_site_name":"Sagrinex \u2013 Anhaenger, Container &amp; Landtechnik \ud83c\udf3e\ud83d\ude9c","article_modified_time":"2026-04-15T21:12:15+00:00","og_image":[{"width":1200,"height":1200,"url":"https:\/\/sagrinex.com\/wp-content\/uploads\/2026\/03\/Image-383-1.jpeg","type":"image\/jpeg"}],"twitter_card":"summary_large_image","twitter_misc":{"Gesch\u00e4tzte Lesezeit":"1\u00a0Minute"},"schema":{"@context":"https:\/\/schema.org","@graph":[{"@type":"WebPage","@id":"https:\/\/sagrinex.com\/produit\/remorque-saris-aluminium-avec-capot-securise-mc-255-133-1350-1-c-ptac-1350-kg-1-essieu-freine\/","url":"https:\/\/sagrinex.com\/produit\/remorque-saris-aluminium-avec-capot-securise-mc-255-133-1350-1-c-ptac-1350-kg-1-essieu-freine\/","name":"SARIS ALUMINIUMANH\u00c4NGER MIT SICHERER HAUBE \u2013 MC 255 133 1350 1 C \u2013 zul\u00e4ssiges Gesamtgewicht 1350 kg \u2013 1 gebremste Achse","isPartOf":{"@id":"https:\/\/sagrinex.com\/#website"},"primaryImageOfPage":{"@id":"https:\/\/sagrinex.com\/produit\/remorque-saris-aluminium-avec-capot-securise-mc-255-133-1350-1-c-ptac-1350-kg-1-essieu-freine\/#primaryimage"},"image":{"@id":"https:\/\/sagrinex.com\/produit\/remorque-saris-aluminium-avec-capot-securise-mc-255-133-1350-1-c-ptac-1350-kg-1-essieu-freine\/#primaryimage"},"thumbnailUrl":"https:\/\/sagrinex.com\/wp-content\/uploads\/2026\/03\/Image-383-1.jpeg","datePublished":"2026-03-14T22:20:27+00:00","dateModified":"2026-04-15T21:12:15+00:00","description":"Gep\u00e4ckanh\u00e4nger SARIS MC 255\u00d7133 (zul\u00e4ssiges Gesamtgewicht 1.350 kg, Nutzlast 1.073 kg), einfach gebremste Achse, nicht kippbar. 1.695-L-Kofferraum mit Aluminiumdeckel\/GFK-Platte (Gesamth\u00f6he 50 cm), 35 cm hohe Aluminium-Bordw\u00e4nde, integrierter\/unterst\u00fctzter Marineboden (Bodenh\u00f6he 52 cm), 14-Zoll-Reifen, gerade Deichsel. Standard: Haken + Zurrschiene, sicherer Verschluss, verzinkte Komponenten. M\u00f6gliche Optionen: Achssto\u00dfd\u00e4mpfer, LED-Kit, Dachtr\u00e4ger, Alufelgen.","breadcrumb":{"@id":"https:\/\/sagrinex.com\/produit\/remorque-saris-aluminium-avec-capot-securise-mc-255-133-1350-1-c-ptac-1350-kg-1-essieu-freine\/#breadcrumb"},"inLanguage":"de","potentialAction":[{"@type":"ReadAction","target":["https:\/\/sagrinex.com\/produit\/remorque-saris-aluminium-avec-capot-securise-mc-255-133-1350-1-c-ptac-1350-kg-1-essieu-freine\/"]}]},{"@type":"ImageObject","inLanguage":"de","@id":"https:\/\/sagrinex.com\/produit\/remorque-saris-aluminium-avec-capot-securise-mc-255-133-1350-1-c-ptac-1350-kg-1-essieu-freine\/#primaryimage","url":"https:\/\/sagrinex.com\/wp-content\/uploads\/2026\/03\/Image-383-1.jpeg","contentUrl":"https:\/\/sagrinex.com\/wp-content\/uploads\/2026\/03\/Image-383-1.jpeg","width":1200,"height":1200},{"@type":"BreadcrumbList","@id":"https:\/\/sagrinex.com\/produit\/remorque-saris-aluminium-avec-capot-securise-mc-255-133-1350-1-c-ptac-1350-kg-1-essieu-freine\/#breadcrumb","itemListElement":[{"@type":"ListItem","position":1,"name":"Accueil","item":"https:\/\/sagrinex.com\/?lang=de"},{"@type":"ListItem","position":2,"name":"Shop","item":"https:\/\/sagrinex.com\/shop\/"},{"@type":"ListItem","position":3,"name":"Saris Aluminiumanh\u00c4nger mit Sicherer Haube \u2013 Mc 255 133 1350 1 C \u2013 Zul\u00e4ssiges Gesamtgewicht 1350 Kg \u2013 1 Gebremste Achse"}]},{"@type":"WebSite","@id":"https:\/\/sagrinex.com\/#website","url":"https:\/\/sagrinex.com\/","name":"Sagrinex \u2013 Spezialist f\u00fcr Anh\u00e4nger, Container & Landtechnik","description":"Anhaenger, Container &amp; Landtechnik \u2014 Online-Verkauf &amp; kostenloses Angebot","publisher":{"@id":"https:\/\/sagrinex.com\/#organization"},"potentialAction":[{"@type":"SearchAction","target":{"@type":"EntryPoint","urlTemplate":"https:\/\/sagrinex.com\/?s={search_term_string}"},"query-input":{"@type":"PropertyValueSpecification","valueRequired":true,"valueName":"search_term_string"}}],"inLanguage":"de"},{"@type":"Organization","@id":"https:\/\/sagrinex.com\/#organization","name":"Sagrinex \u2013 Remorques, Conteneurs & Mat\u00e9riel Agricole","url":"https:\/\/sagrinex.com\/","logo":{"@type":"ImageObject","inLanguage":"de","@id":"https:\/\/sagrinex.com\/#\/schema\/logo\/image\/","url":"https:\/\/sagrinex.com\/wp-content\/uploads\/2026\/03\/7f1ac463-ef5a-425d-bdd6-a5da03a334a9-1024x683.png","contentUrl":"https:\/\/sagrinex.com\/wp-content\/uploads\/2026\/03\/7f1ac463-ef5a-425d-bdd6-a5da03a334a9-1024x683.png","width":1024,"height":683,"caption":"Sagrinex \u2013 Remorques, Conteneurs & Mat\u00e9riel Agricole"},"image":{"@id":"https:\/\/sagrinex.com\/#\/schema\/logo\/image\/"}}]}},"jetpack_sharing_enabled":true,"_links":{"self":[{"href":"https:\/\/sagrinex.com\/de\/wp-json\/wp\/v2\/product\/14220","targetHints":{"allow":["GET"]}}],"collection":[{"href":"https:\/\/sagrinex.com\/de\/wp-json\/wp\/v2\/product"}],"about":[{"href":"https:\/\/sagrinex.com\/de\/wp-json\/wp\/v2\/types\/product"}],"replies":[{"embeddable":true,"href":"https:\/\/sagrinex.com\/de\/wp-json\/wp\/v2\/comments?post=14220"}],"version-history":[{"count":0,"href":"https:\/\/sagrinex.com\/de\/wp-json\/wp\/v2\/product\/14220\/revisions"}],"wp:featuredmedia":[{"embeddable":true,"href":"https:\/\/sagrinex.com\/de\/wp-json\/wp\/v2\/media\/16052"}],"wp:attachment":[{"href":"https:\/\/sagrinex.com\/de\/wp-json\/wp\/v2\/media?parent=14220"}],"wp:term":[{"taxonomy":"product_brand","embeddable":true,"href":"https:\/\/sagrinex.com\/de\/wp-json\/wp\/v2\/product_brand?post=14220"},{"taxonomy":"product_cat","embeddable":true,"href":"https:\/\/sagrinex.com\/de\/wp-json\/wp\/v2\/product_cat?post=14220"},{"taxonomy":"product_tag","embeddable":true,"href":"https:\/\/sagrinex.com\/de\/wp-json\/wp\/v2\/product_tag?post=14220"}],"curies":[{"name":"wp","href":"https:\/\/api.w.org\/{rel}","templated":true}]}}