{"id":14221,"date":"2026-03-15T20:09:49","date_gmt":"2026-03-15T20:09:49","guid":{"rendered":"https:\/\/sagrinex.com\/produit\/sanitaercontainer-20-fuss\/"},"modified":"2026-03-15T20:09:49","modified_gmt":"2026-03-15T20:09:49","slug":"sanitaercontainer-20-fuss","status":"publish","type":"product","link":"https:\/\/sagrinex.com\/de\/produit\/sanitaercontainer-20-fuss\/","title":{"rendered":"Sanit\u00e4rcontainer 20 Fu\u00df"},"content":{"rendered":"<h1 data-start=\"137\" data-end=\"180\"><strong data-start=\"139\" data-end=\"180\">Ausgestattetes Sanit\u00e4rmodul<\/strong><\/h1>\n<p data-start=\"182\" data-end=\"449\">Dieses vollst\u00e4ndig ausgestattete Sanit\u00e4rmodul bietet eine komplette und funktionale L\u00f6sung f\u00fcr Baustellen, Veranstaltungen, tempor\u00e4re Bereiche oder dauerhafte Installationen. Entwickelt mit langlebigen Materialien und professioneller Verarbeitung, gew\u00e4hrleistet es Komfort, Hygiene und Praktikabilit\u00e4t.<\/p>\n<h3 data-start=\"451\" data-end=\"477\"><strong data-start=\"455\" data-end=\"477\">Enthaltene Ausstattung<\/strong><\/h3>\n<ul data-start=\"478\" data-end=\"996\">\n<li data-start=\"478\" data-end=\"525\">\n<p data-start=\"480\" data-end=\"525\"><strong data-start=\"480\" data-end=\"502\">1 Au\u00dfent\u00fcr<\/strong> (ca. 875 \u00d7 2000 mm)<\/p>\n<\/li>\n<li data-start=\"526\" data-end=\"622\">\n<p data-start=\"528\" data-end=\"622\"><strong data-start=\"528\" data-end=\"545\">1 PVC-Fenster<\/strong> (ca. 900 \u00d7 1200 mm) mit Isolierverglasung, Dreh-Kipp + Rolladen<\/p>\n<\/li>\n<li data-start=\"623\" data-end=\"694\">\n<p data-start=\"625\" data-end=\"694\"><strong data-start=\"625\" data-end=\"651\">3 Kippfenster<\/strong> (ca. 600 \u00d7 400 mm) mit Isolierverglasung<\/p>\n<\/li>\n<li data-start=\"695\" data-end=\"785\">\n<p data-start=\"697\" data-end=\"785\"><strong data-start=\"697\" data-end=\"714\">LED-Beleuchtung<\/strong>: 2 feuchtigkeitsbest\u00e4ndige Linienleuchten + 1 runde Deckenleuchte<\/p>\n<\/li>\n<li data-start=\"786\" data-end=\"841\">\n<p data-start=\"788\" data-end=\"841\"><strong data-start=\"788\" data-end=\"801\">Heizung<\/strong>: elektrischer Heizl\u00fcfter 2 kW<\/p>\n<\/li>\n<li data-start=\"842\" data-end=\"887\">\n<p data-start=\"844\" data-end=\"887\"><strong data-start=\"844\" data-end=\"859\">Bel\u00fcftung<\/strong>: Wandventilator 95 m\u00b3<\/p>\n<\/li>\n<li data-start=\"888\" data-end=\"996\">\n<p data-start=\"890\" data-end=\"996\"><strong data-start=\"890\" data-end=\"905\">Elektrik<\/strong>: Steckdosen, Schalter, komplette Installation 400\/230 V, CEE Ein-\/Ausgang 400 V \/ 32 A<\/p>\n<\/li>\n<\/ul>\n<h3 data-start=\"998\" data-end=\"1016\"><strong data-start=\"1002\" data-end=\"1016\">Sanit\u00e4ranlagen<\/strong><\/h3>\n<ul data-start=\"1017\" data-end=\"1295\">\n<li data-start=\"1017\" data-end=\"1056\">\n<p data-start=\"1019\" data-end=\"1056\"><strong data-start=\"1019\" data-end=\"1042\">2 Duschkabinen<\/strong> mit Vorhang<\/p>\n<\/li>\n<li data-start=\"1057\" data-end=\"1121\">\n<p data-start=\"1059\" data-end=\"1121\"><strong data-start=\"1059\" data-end=\"1075\">2 WC-Kabinen<\/strong> komplett (Sp\u00fclkasten, Papierhalter, Haken)<\/p>\n<\/li>\n<li data-start=\"1122\" data-end=\"1170\">\n<p data-start=\"1124\" data-end=\"1170\"><strong data-start=\"1124\" data-end=\"1138\">2 Urinale<\/strong> aus Porzellan mit Trennwand<\/p>\n<\/li>\n<li data-start=\"1171\" data-end=\"1237\">\n<p data-start=\"1173\" data-end=\"1237\"><strong data-start=\"1173\" data-end=\"1186\">3 Waschbecken<\/strong> mit Spiegel, Ablage und Handtuchhaken<\/p>\n<\/li>\n<li data-start=\"1238\" data-end=\"1271\">\n<p data-start=\"1240\" data-end=\"1271\"><strong data-start=\"1240\" data-end=\"1263\">Warmwasserspeicher<\/strong> 300 L<\/p>\n<\/li>\n<li data-start=\"1272\" data-end=\"1295\">\n<p data-start=\"1274\" data-end=\"1295\">Verschiedene Siphons enthalten<\/p>\n<\/li>\n<\/ul>\n<h3 data-start=\"1297\" data-end=\"1326\"><strong data-start=\"1301\" data-end=\"1326\">Verarbeitung &amp; Materialien<\/strong><\/h3>\n<ul data-start=\"1327\" data-end=\"1481\">\n<li data-start=\"1327\" data-end=\"1375\">\n<p data-start=\"1329\" data-end=\"1375\">Au\u00dfenfarbe: <strong data-start=\"1350\" data-end=\"1373\">RAL 9002 grauwei\u00df<\/strong><\/p>\n<\/li>\n<li data-start=\"1376\" data-end=\"1437\">\n<p data-start=\"1378\" data-end=\"1437\">W\u00e4nde und Decke: Blech <strong data-start=\"1401\" data-end=\"1415\">hellgrau<\/strong>, helle Atmosph\u00e4re<\/p>\n<\/li>\n<li data-start=\"1438\" data-end=\"1481\">\n<p data-start=\"1440\" data-end=\"1481\">Boden: PVC-Belag <strong data-start=\"1461\" data-end=\"1481\">rutschfest R11<\/strong><\/p>\n<\/li>\n<\/ul>\n","protected":false},"excerpt":{"rendered":"<div>20-Fu\u00df-Sanit\u00e4rcontainer<\/div>\n<div>\n<div>\n<div>\n<div>\n<div>L \u00d7 B \u00d7 H<\/div>\n<div>6055 x 2435 x 2890 mm<\/div>\n<\/div>\n<div>\n<div>LRH 2 500 mm<\/div>\n<\/div>\n<\/div>\n<\/div>\n<\/div>\n","protected":false},"featured_media":16252,"comment_status":"open","ping_status":"closed","template":"","meta":[],"product_brand":[],"product_cat":[350,347],"product_tag":[],"class_list":{"0":"post-14221","1":"product","2":"type-product","3":"status-publish","4":"has-post-thumbnail","6":"product_cat-spezifischer-speicher","7":"product_cat-unsere-container","9":"first","10":"instock","11":"sale","12":"shipping-taxable","13":"purchasable","14":"product-type-simple"},"yoast_head":"<!-- This site is optimized with the Yoast SEO plugin v27.4 - https:\/\/yoast.com\/product\/yoast-seo-wordpress\/ -->\n<title>Sanit\u00e4rcontainer 20 Fu\u00df<\/title>\n<meta name=\"description\" content=\"Sanit\u00e4rcontainer 20 Fu\u00dfL \u00d7 B \u00d7 H6055 x 2435 x 2890 mmLRH 2 500 mm\" \/>\n<meta name=\"robots\" content=\"index, follow, max-snippet:-1, max-image-preview:large, max-video-preview:-1\" \/>\n<link rel=\"canonical\" href=\"https:\/\/sagrinex.com\/produit\/conteneur-sanitaire-de-20-pieds\/\" \/>\n<meta property=\"og:locale\" content=\"de_DE\" \/>\n<meta property=\"og:type\" content=\"article\" \/>\n<meta property=\"og:title\" content=\"Sanit\u00e4rcontainer 20 Fu\u00df\" \/>\n<meta property=\"og:description\" content=\"Sanit\u00e4rcontainer 20 Fu\u00dfL \u00d7 B \u00d7 H6055 x 2435 x 2890 mmLRH 2 500 mm\" \/>\n<meta property=\"og:url\" content=\"https:\/\/sagrinex.com\/produit\/conteneur-sanitaire-de-20-pieds\/\" \/>\n<meta property=\"og:site_name\" content=\"Sagrinex \u2013 Anhaenger, Container &amp; Landtechnik \ud83c\udf3e\ud83d\ude9c\" \/>\n<meta name=\"twitter:card\" content=\"summary_large_image\" \/>\n<meta name=\"twitter:label1\" content=\"Gesch\u00e4tzte Lesezeit\" \/>\n\t<meta name=\"twitter:data1\" content=\"1\u00a0Minute\" \/>\n<script type=\"application\/ld+json\" class=\"yoast-schema-graph\">{\"@context\":\"https:\\\/\\\/schema.org\",\"@graph\":[{\"@type\":\"WebPage\",\"@id\":\"https:\\\/\\\/sagrinex.com\\\/produit\\\/conteneur-sanitaire-de-20-pieds\\\/\",\"url\":\"https:\\\/\\\/sagrinex.com\\\/produit\\\/conteneur-sanitaire-de-20-pieds\\\/\",\"name\":\"Sanit\u00e4rcontainer 20 Fu\u00df\",\"isPartOf\":{\"@id\":\"https:\\\/\\\/sagrinex.com\\\/#website\"},\"primaryImageOfPage\":{\"@id\":\"https:\\\/\\\/sagrinex.com\\\/produit\\\/conteneur-sanitaire-de-20-pieds\\\/#primaryimage\"},\"image\":{\"@id\":\"https:\\\/\\\/sagrinex.com\\\/produit\\\/conteneur-sanitaire-de-20-pieds\\\/#primaryimage\"},\"thumbnailUrl\":\"https:\\\/\\\/sagrinex.com\\\/wp-content\\\/uploads\\\/2026\\\/03\\\/Image-196-2.jpeg\",\"datePublished\":\"2026-03-15T20:09:49+00:00\",\"description\":\"Sanit\u00e4rcontainer 20 Fu\u00dfL \u00d7 B \u00d7 H6055 x 2435 x 2890 mmLRH 2 500 mm\",\"breadcrumb\":{\"@id\":\"https:\\\/\\\/sagrinex.com\\\/produit\\\/conteneur-sanitaire-de-20-pieds\\\/#breadcrumb\"},\"inLanguage\":\"de\",\"potentialAction\":[{\"@type\":\"ReadAction\",\"target\":[\"https:\\\/\\\/sagrinex.com\\\/produit\\\/conteneur-sanitaire-de-20-pieds\\\/\"]}]},{\"@type\":\"ImageObject\",\"inLanguage\":\"de\",\"@id\":\"https:\\\/\\\/sagrinex.com\\\/produit\\\/conteneur-sanitaire-de-20-pieds\\\/#primaryimage\",\"url\":\"https:\\\/\\\/sagrinex.com\\\/wp-content\\\/uploads\\\/2026\\\/03\\\/Image-196-2.jpeg\",\"contentUrl\":\"https:\\\/\\\/sagrinex.com\\\/wp-content\\\/uploads\\\/2026\\\/03\\\/Image-196-2.jpeg\",\"width\":1223,\"height\":684},{\"@type\":\"BreadcrumbList\",\"@id\":\"https:\\\/\\\/sagrinex.com\\\/produit\\\/conteneur-sanitaire-de-20-pieds\\\/#breadcrumb\",\"itemListElement\":[{\"@type\":\"ListItem\",\"position\":1,\"name\":\"Accueil\",\"item\":\"https:\\\/\\\/sagrinex.com\\\/?lang=de\"},{\"@type\":\"ListItem\",\"position\":2,\"name\":\"Shop\",\"item\":\"https:\\\/\\\/sagrinex.com\\\/shop\\\/\"},{\"@type\":\"ListItem\",\"position\":3,\"name\":\"Sanit\u00e4rcontainer 20 Fu\u00df\"}]},{\"@type\":\"WebSite\",\"@id\":\"https:\\\/\\\/sagrinex.com\\\/#website\",\"url\":\"https:\\\/\\\/sagrinex.com\\\/\",\"name\":\"Sagrinex \u2013 Spezialist f\u00fcr Anh\u00e4nger, Container & Landtechnik\",\"description\":\"Anhaenger, Container &amp; Landtechnik \u2014 Online-Verkauf &amp; kostenloses Angebot\",\"publisher\":{\"@id\":\"https:\\\/\\\/sagrinex.com\\\/#organization\"},\"potentialAction\":[{\"@type\":\"SearchAction\",\"target\":{\"@type\":\"EntryPoint\",\"urlTemplate\":\"https:\\\/\\\/sagrinex.com\\\/?s={search_term_string}\"},\"query-input\":{\"@type\":\"PropertyValueSpecification\",\"valueRequired\":true,\"valueName\":\"search_term_string\"}}],\"inLanguage\":\"de\"},{\"@type\":\"Organization\",\"@id\":\"https:\\\/\\\/sagrinex.com\\\/#organization\",\"name\":\"Sagrinex \u2013 Remorques, Conteneurs & Mat\u00e9riel Agricole\",\"url\":\"https:\\\/\\\/sagrinex.com\\\/\",\"logo\":{\"@type\":\"ImageObject\",\"inLanguage\":\"de\",\"@id\":\"https:\\\/\\\/sagrinex.com\\\/#\\\/schema\\\/logo\\\/image\\\/\",\"url\":\"https:\\\/\\\/sagrinex.com\\\/wp-content\\\/uploads\\\/2026\\\/03\\\/7f1ac463-ef5a-425d-bdd6-a5da03a334a9-1024x683.png\",\"contentUrl\":\"https:\\\/\\\/sagrinex.com\\\/wp-content\\\/uploads\\\/2026\\\/03\\\/7f1ac463-ef5a-425d-bdd6-a5da03a334a9-1024x683.png\",\"width\":1024,\"height\":683,\"caption\":\"Sagrinex \u2013 Remorques, Conteneurs & Mat\u00e9riel Agricole\"},\"image\":{\"@id\":\"https:\\\/\\\/sagrinex.com\\\/#\\\/schema\\\/logo\\\/image\\\/\"}}]}<\/script>\n<!-- \/ Yoast SEO plugin. -->","yoast_head_json":{"title":"Sanit\u00e4rcontainer 20 Fu\u00df","description":"Sanit\u00e4rcontainer 20 Fu\u00dfL \u00d7 B \u00d7 H6055 x 2435 x 2890 mmLRH 2 500 mm","robots":{"index":"index","follow":"follow","max-snippet":"max-snippet:-1","max-image-preview":"max-image-preview:large","max-video-preview":"max-video-preview:-1"},"canonical":"https:\/\/sagrinex.com\/produit\/conteneur-sanitaire-de-20-pieds\/","og_locale":"de_DE","og_type":"article","og_title":"Sanit\u00e4rcontainer 20 Fu\u00df","og_description":"Sanit\u00e4rcontainer 20 Fu\u00dfL \u00d7 B \u00d7 H6055 x 2435 x 2890 mmLRH 2 500 mm","og_url":"https:\/\/sagrinex.com\/produit\/conteneur-sanitaire-de-20-pieds\/","og_site_name":"Sagrinex \u2013 Anhaenger, Container &amp; Landtechnik \ud83c\udf3e\ud83d\ude9c","twitter_card":"summary_large_image","twitter_misc":{"Gesch\u00e4tzte Lesezeit":"1\u00a0Minute"},"schema":{"@context":"https:\/\/schema.org","@graph":[{"@type":"WebPage","@id":"https:\/\/sagrinex.com\/produit\/conteneur-sanitaire-de-20-pieds\/","url":"https:\/\/sagrinex.com\/produit\/conteneur-sanitaire-de-20-pieds\/","name":"Sanit\u00e4rcontainer 20 Fu\u00df","isPartOf":{"@id":"https:\/\/sagrinex.com\/#website"},"primaryImageOfPage":{"@id":"https:\/\/sagrinex.com\/produit\/conteneur-sanitaire-de-20-pieds\/#primaryimage"},"image":{"@id":"https:\/\/sagrinex.com\/produit\/conteneur-sanitaire-de-20-pieds\/#primaryimage"},"thumbnailUrl":"https:\/\/sagrinex.com\/wp-content\/uploads\/2026\/03\/Image-196-2.jpeg","datePublished":"2026-03-15T20:09:49+00:00","description":"Sanit\u00e4rcontainer 20 Fu\u00dfL \u00d7 B \u00d7 H6055 x 2435 x 2890 mmLRH 2 500 mm","breadcrumb":{"@id":"https:\/\/sagrinex.com\/produit\/conteneur-sanitaire-de-20-pieds\/#breadcrumb"},"inLanguage":"de","potentialAction":[{"@type":"ReadAction","target":["https:\/\/sagrinex.com\/produit\/conteneur-sanitaire-de-20-pieds\/"]}]},{"@type":"ImageObject","inLanguage":"de","@id":"https:\/\/sagrinex.com\/produit\/conteneur-sanitaire-de-20-pieds\/#primaryimage","url":"https:\/\/sagrinex.com\/wp-content\/uploads\/2026\/03\/Image-196-2.jpeg","contentUrl":"https:\/\/sagrinex.com\/wp-content\/uploads\/2026\/03\/Image-196-2.jpeg","width":1223,"height":684},{"@type":"BreadcrumbList","@id":"https:\/\/sagrinex.com\/produit\/conteneur-sanitaire-de-20-pieds\/#breadcrumb","itemListElement":[{"@type":"ListItem","position":1,"name":"Accueil","item":"https:\/\/sagrinex.com\/?lang=de"},{"@type":"ListItem","position":2,"name":"Shop","item":"https:\/\/sagrinex.com\/shop\/"},{"@type":"ListItem","position":3,"name":"Sanit\u00e4rcontainer 20 Fu\u00df"}]},{"@type":"WebSite","@id":"https:\/\/sagrinex.com\/#website","url":"https:\/\/sagrinex.com\/","name":"Sagrinex \u2013 Spezialist f\u00fcr Anh\u00e4nger, Container & Landtechnik","description":"Anhaenger, Container &amp; Landtechnik \u2014 Online-Verkauf &amp; kostenloses Angebot","publisher":{"@id":"https:\/\/sagrinex.com\/#organization"},"potentialAction":[{"@type":"SearchAction","target":{"@type":"EntryPoint","urlTemplate":"https:\/\/sagrinex.com\/?s={search_term_string}"},"query-input":{"@type":"PropertyValueSpecification","valueRequired":true,"valueName":"search_term_string"}}],"inLanguage":"de"},{"@type":"Organization","@id":"https:\/\/sagrinex.com\/#organization","name":"Sagrinex \u2013 Remorques, Conteneurs & Mat\u00e9riel Agricole","url":"https:\/\/sagrinex.com\/","logo":{"@type":"ImageObject","inLanguage":"de","@id":"https:\/\/sagrinex.com\/#\/schema\/logo\/image\/","url":"https:\/\/sagrinex.com\/wp-content\/uploads\/2026\/03\/7f1ac463-ef5a-425d-bdd6-a5da03a334a9-1024x683.png","contentUrl":"https:\/\/sagrinex.com\/wp-content\/uploads\/2026\/03\/7f1ac463-ef5a-425d-bdd6-a5da03a334a9-1024x683.png","width":1024,"height":683,"caption":"Sagrinex \u2013 Remorques, Conteneurs & Mat\u00e9riel Agricole"},"image":{"@id":"https:\/\/sagrinex.com\/#\/schema\/logo\/image\/"}}]}},"jetpack_sharing_enabled":true,"_links":{"self":[{"href":"https:\/\/sagrinex.com\/de\/wp-json\/wp\/v2\/product\/14221","targetHints":{"allow":["GET"]}}],"collection":[{"href":"https:\/\/sagrinex.com\/de\/wp-json\/wp\/v2\/product"}],"about":[{"href":"https:\/\/sagrinex.com\/de\/wp-json\/wp\/v2\/types\/product"}],"replies":[{"embeddable":true,"href":"https:\/\/sagrinex.com\/de\/wp-json\/wp\/v2\/comments?post=14221"}],"version-history":[{"count":0,"href":"https:\/\/sagrinex.com\/de\/wp-json\/wp\/v2\/product\/14221\/revisions"}],"wp:featuredmedia":[{"embeddable":true,"href":"https:\/\/sagrinex.com\/de\/wp-json\/wp\/v2\/media\/16252"}],"wp:attachment":[{"href":"https:\/\/sagrinex.com\/de\/wp-json\/wp\/v2\/media?parent=14221"}],"wp:term":[{"taxonomy":"product_brand","embeddable":true,"href":"https:\/\/sagrinex.com\/de\/wp-json\/wp\/v2\/product_brand?post=14221"},{"taxonomy":"product_cat","embeddable":true,"href":"https:\/\/sagrinex.com\/de\/wp-json\/wp\/v2\/product_cat?post=14221"},{"taxonomy":"product_tag","embeddable":true,"href":"https:\/\/sagrinex.com\/de\/wp-json\/wp\/v2\/product_tag?post=14221"}],"curies":[{"name":"wp","href":"https:\/\/api.w.org\/{rel}","templated":true}]}}