{"id":14223,"date":"2026-03-14T22:32:31","date_gmt":"2026-03-14T22:32:31","guid":{"rendered":"https:\/\/sagrinex.com\/produit\/anhaenger-mit-sicherer-haube-saris-patc-1350-kg-205-x-133-x-h-50-cm-1-gebremste-achse\/"},"modified":"2026-04-15T21:12:15","modified_gmt":"2026-04-15T21:12:15","slug":"anhaenger-mit-sicherer-haube-saris-patc-1350-kg-205-x-133-x-h-50-cm-1-gebremste-achse","status":"publish","type":"product","link":"https:\/\/sagrinex.com\/de\/produit\/anhaenger-mit-sicherer-haube-saris-patc-1350-kg-205-x-133-x-h-50-cm-1-gebremste-achse\/","title":{"rendered":"Anh\u00c4nger mit Sicherer Haube Saris &#8211; Patc 1350 Kg &#8211; 205 X 133 X H 50 Cm &#8211; 1 Gebremste Achse"},"content":{"rendered":"<p>Der Anh\u00e4nger <strong>Saris MC20513313501C<\/strong> ist f\u00fcr den gemischten Einsatz konzipiert und sowohl f\u00fcr Privatpersonen als auch f\u00fcr Profis geeignet. Es ist Teil der McAlu Comfort-Aluminiumserie von Saris und bietet mit einer <strong>Nutzl\u00e4nge von 205 cm<\/strong> und einer <strong>Nutzbreite von 133 cm<\/strong> ein interessantes Nutzvolumen von rund 1360 l (mit Abdeckung). Dank seines Bremssystems auf einer Achse eignet er sich zum Transport von modularen Lasten, Werkzeugen, G\u00fctern oder Gep\u00e4ck unter Einhaltung der gesetzlichen Verkehrsvorschriften.<\/p>\n<ul>\n<li>Nutzl\u00e4nge: 205 cm<\/li>\n<li>Nutzbare Breite: 133 cm<\/li>\n<li>Maximale Zuladung (Gesamtgewicht): 1350 kg<\/li>\n<li>Leergewicht: 254 kg<\/li>\n<li>Nutzlast: 1096 kg<\/li>\n<li>Gesamtl\u00e4nge: 325 cm<\/li>\n<li>Gesamtbreite: 183 cm<\/li>\n<li>Nutzh\u00f6he der Seiten: 35 cm<\/li>\n<li>Bodenh\u00f6he: 52 cm<\/li>\n<li>H\u00f6he mit Deckel: 50 cm<\/li>\n<li>Nutzvolumen (mit Deckel): 1360 Liter<\/li>\n<li>Reifen: Dimension 13\u2033<\/li>\n<li>Typ: gebremster Anh\u00e4nger (1 Achse)<\/li>\n<li>Pfeil: V nicht vorhanden<\/li>\n<li>Kippen: nicht kippen<\/li>\n<\/ul>\n<p>Die Struktur verf\u00fcgt \u00fcber eine **Aluminiumabdeckung mit langlebiger GFK-Platte**, die die Ladung wirksam vor schlechtem Wetter sch\u00fctzt und gleichzeitig eine leichte und steife Konstruktion beibeh\u00e4lt. Die Hinzuf\u00fcgung der GFK-Platte sorgt f\u00fcr eine saubere und langlebige Oberfl\u00e4che, die sto\u00df- und verschlei\u00dffest ist.<\/p>\n<p>Die **Seitenw\u00e4nde aus Aluminium** und die **feuerverzinkten Komponenten** bieten eine hervorragende Korrosionsbest\u00e4ndigkeit und begrenzen den Wartungsaufwand im Laufe der Zeit. Diese Materialkombination garantiert eine erh\u00f6hte Langlebigkeit, insbesondere in feuchter oder salzhaltiger Umgebung.<\/p>\n<p>Der **Boden besteht aus verrottungsfest behandeltem Marinesperrholz** und ist direkt in das Chassis integriert. Dank dieser Integration ist die Ladefl\u00e4che eben und durchgehend, w\u00e4hrend das Marinesperrholz eine hohe Best\u00e4ndigkeit gegen Feuchtigkeit und mechanische Beanspruchung gew\u00e4hrleistet.<\/p>\n<p>F\u00fcr eine sichere Beladung ist neben mehreren hintereinander angeordneten **Abschlepphaken** und **Zurrhaken** eine integrierte **Schiene f\u00fcr Zurrhaken** vorgesehen. Damit lassen sich auch sperrige oder instabile Lasten sicher fixieren. Dar\u00fcber hinaus verhindert der **sichere Verschluss** ein versehentliches \u00d6ffnen w\u00e4hrend des Transports.<\/p>\n<ul>\n<li>Achssto\u00dfd\u00e4mpfer<\/li>\n<li>Komplette LED-Beleuchtung<\/li>\n<li>Montiertes Dachtr\u00e4gersystem<\/li>\n<li>Leichtmetallfelgen montiert<\/li>\n<\/ul>\n<ul>\n<li>Volumen erh\u00f6ht dank Deckel: bis zu 1360 l<\/li>\n<li>Leichte Materialien (Aluminium + GFK) f\u00fcr maximale Nutzlast<\/li>\n<li>Korrosionsschutzkomponenten (Feuerverzinkung + Aluminium)<\/li>\n<li>Flexible und sichere Ladungssicherung durch Schienen und Haken<\/li>\n<\/ul>\n<p>Der Anh\u00e4nger entspricht den aktuellen europ\u00e4ischen Normen und ist f\u00fcr ein zul\u00e4ssiges Gesamtgewicht von 1350 kg zugelassen. In Frankreich ist es ab einem zul\u00e4ssigen Gesamtgewicht von 500 kg zulassungspflichtig (Graukarte). Der Fahrer muss \u00fcber einen entsprechenden F\u00fchrerschein verf\u00fcgen (h\u00e4ufig B+ oder BE, je nach Kombination). Die Nutzung im Stra\u00dfenverkehr setzt die Einhaltung der Belastungs- und Stabilit\u00e4tsgrenzen des Zugfahrzeugs voraus.<\/p>\n","protected":false},"excerpt":{"rendered":"<p>Der Gep\u00e4ckanh\u00e4nger SARIS MC 205 133 1350 1 C ist mit einer abschlie\u00dfbaren Aluminiumhaube ausgestattet und bietet ein Fassungsverm\u00f6gen von 1360 Litern. Er ist robust und praktisch, verf\u00fcgt \u00fcber Bordw\u00e4nde aus Aluminium, einen verrottungsfesten Boden, der in das Fahrgestell integriert ist, und feuerverzinkte Komponenten f\u00fcr optimale Haltbarkeit.<\/p>\n<div class=\"mod_fa_customizablefields_v14_list\">\n<div class=\"mod_fa_champspersonnalisables_v14_title\"><strong>Gesamtgewicht: <\/strong><span class=\"mod_fa_champspersonnalisables_v14_value\">750\/1000\/1100\/1200\/1350 kg<\/span><\/div>\n<\/div>\n<div class=\"mod_fa_customizablefields_v14_list\">\n<div class=\"mod_fa_champspersonnalisables_v14_titre\"><strong>Leermasse: <\/strong><span class=\"mod_fa_champspersonnalisables_v14_value\">254 kg<\/span><\/div>\n<\/div>\n<div class=\"mod_fa_customizablefields_v14_list\">\n<div class=\"mod_fa_champspersonnalisables_v14_title\"><strong>Nutzlast: <\/strong><span class=\"mod_fa_champspersonnalisables_v14_value\">1096 kg<\/span><\/div>\n<\/div>\n<div class=\"mod_fa_customizablefields_v14_list\">\n<div class=\"mod_fa_champspersonnalisables_v14_titre\"><strong>Nutzma\u00dfe: <\/strong><span class=\"mod_fa_champspersonnalisables_v14_value\">255 x 133 x H 50 cm<\/span><\/div>\n<\/div>\n<div class=\"mod_fa_customizablefields_v14_list\">\n<div class=\"mod_fa_champspersonnalisables_v14_titre\"><strong>Gesamtabmessungen: <\/strong><span class=\"mod_fa_champspersonnalisables_v14_value\">325 x 183 cm<\/span><\/div>\n<\/div>\n<div class=\"mod_fa_customizablefields_v14_list\">\n<div class=\"mod_fa_champspersonnalisables_v14_titre\"><strong>Nutzh\u00f6he \/ Boden: <\/strong><span class=\"mod_fa_champspersonnalisables_v14_value\">52 cm<\/span><\/div>\n<\/div>\n<div class=\"mod_fa_customizablefields_v14_list\">\n<div class=\"mod_fa_champspersonnalisables_v14_titre\"><strong>Achswiderstand(e): <\/strong><span class=\"mod_fa_champspersonnalisables_v14_value\">1350 kg<\/span><\/div>\n<\/div>\n<div class=\"mod_fa_customizablefields_v14_list\">\n<div class=\"mod_fa_champspersonnalisables_v14_title\"><strong>Boden: <\/strong><span class=\"mod_fa_champspersonnalisables_v14_value\">Holz<\/span><\/div>\n<\/div>\n<div class=\"mod_fa_customizablefields_v14_list\">\n<div class=\"mod_fa_personalisablefields_v14_title\"><strong>Pfeil: <\/strong><span class=\"mod_fa_personalisablefields_v14_value\">rechts<\/span><\/div>\n<\/div>\n<div class=\"mod_fa_customizablefields_v14_list\">\n<div class=\"mod_fa_champspersonnalisables_v14_titre\"><strong>Gebremster Kopf: <\/strong><span class=\"mod_fa_champspersonnalisables_v14_value\">AL-KO<\/span><\/div>\n<\/div>\n<div class=\"mod_fa_customizablefields_v14_list\">\n<div class=\"mod_fa_champspersonnalisables_v14_title\"><strong>Kippkiste: <\/strong><span class=\"mod_fa_champspersonnalisables_v14_value\">Nein<\/span><\/div>\n<\/div>\n<div class=\"mod_fa_customizablefields_v14_list\">\n<div class=\"mod_fa_champspersonnalisables_v14_title\"><strong>Schublade: <\/strong><span class=\"mod_fa_champspersonnalisables_v14_value\">Rechts<\/span><\/div>\n<\/div>\n<div class=\"mod_fa_customizablefields_v14_list\">\n<div class=\"mod_fa_champspersonnalisables_v14_titre\"><strong>Rahmentyp: <\/strong><span class=\"mod_fa_champspersonnalisables_v14_value\">Feuerverzinkt<\/span><\/div>\n<\/div>\n<div class=\"mod_fa_customizablefields_v14_list\">\n<div class=\"mod_fa_champspersonnalisables_v14_titre\"><strong>R\u00e4der: <\/strong><span class=\"mod_fa_champspersonnalisables_v14_value\">13 Zoll<\/span><\/div>\n<\/div>\n<div class=\"mod_fa_customizablefields_v14_list\">\n<div class=\"mod_fa_champspersonnalisables_v14_titre\"><strong>Ausstattung: <\/strong><span class=\"mod_fa_champspersonnalisables_v14_valeur\">Haken, sicherer Verschluss, Aluminium-Bordw\u00e4nde, Abschlepphaken, bodengest\u00fctzt und in das Fahrgestell integriert, verrottungsfester Schiffssperrholzboden, feuerverzinkte Komponenten, integrierte Schiene f\u00fcr Zurrhaken, Kunststoffabdeckung aus Aluminium mit langlebiger GFK-Platte, Stauraum Raum von 1360 L und H\u00f6he mit Deckel von 50 cm<\/span><\/div>\n<\/div>\n","protected":false},"featured_media":16061,"comment_status":"open","ping_status":"closed","template":"","meta":[],"product_brand":[],"product_cat":[353,352],"product_tag":[],"class_list":{"0":"post-14223","1":"product","2":"type-product","3":"status-publish","4":"has-post-thumbnail","6":"product_cat-gepaeckanhaenger","7":"product_cat-unsere-trailer","9":"first","10":"instock","11":"shipping-taxable","12":"purchasable","13":"product-type-simple"},"yoast_head":"<!-- This site is optimized with the Yoast SEO plugin v27.4 - https:\/\/yoast.com\/product\/yoast-seo-wordpress\/ -->\n<title>ANH\u00c4NGER MIT SICHERER HAUBE SARIS - PATC 1350 KG - 205 X 133 X H 50 CM - 1 GEBREMSTE ACHSE<\/title>\n<meta name=\"description\" content=\"Der Gep\u00e4ckanh\u00e4nger SARIS MC 205 133 1350 1 C ist mit einer abschlie\u00dfbaren Aluminiumhaube ausgestattet und bietet ein Fassungsverm\u00f6gen von 1360 Litern. Er ist robust und praktisch, verf\u00fcgt \u00fcber Bordw\u00e4nde aus Aluminium, einen verrottungsfesten Boden, der in das Fahrgestell integriert ist, und feuerverzinkte Komponenten f\u00fcr optimale Haltbarkeit.\" \/>\n<meta name=\"robots\" content=\"index, follow, max-snippet:-1, max-image-preview:large, max-video-preview:-1\" \/>\n<link rel=\"canonical\" href=\"https:\/\/sagrinex.com\/produit\/remorque-avec-capot-securise-saris-patc-1350-kg-205-x-133-x-h-50-cm-1-essieu-freine\/\" \/>\n<meta property=\"og:locale\" content=\"de_DE\" \/>\n<meta property=\"og:type\" content=\"article\" \/>\n<meta property=\"og:title\" content=\"ANH\u00c4NGER MIT SICHERER HAUBE SARIS - PATC 1350 KG - 205 X 133 X H 50 CM - 1 GEBREMSTE ACHSE\" \/>\n<meta property=\"og:description\" content=\"Der Gep\u00e4ckanh\u00e4nger SARIS MC 205 133 1350 1 C ist mit einer abschlie\u00dfbaren Aluminiumhaube ausgestattet und bietet ein Fassungsverm\u00f6gen von 1360 Litern. Er ist robust und praktisch, verf\u00fcgt \u00fcber Bordw\u00e4nde aus Aluminium, einen verrottungsfesten Boden, der in das Fahrgestell integriert ist, und feuerverzinkte Komponenten f\u00fcr optimale Haltbarkeit.\" \/>\n<meta property=\"og:url\" content=\"https:\/\/sagrinex.com\/produit\/remorque-avec-capot-securise-saris-patc-1350-kg-205-x-133-x-h-50-cm-1-essieu-freine\/\" \/>\n<meta property=\"og:site_name\" content=\"Sagrinex \u2013 Anhaenger, Container &amp; Landtechnik \ud83c\udf3e\ud83d\ude9c\" \/>\n<meta property=\"article:modified_time\" content=\"2026-04-15T21:12:15+00:00\" \/>\n<meta property=\"og:image\" content=\"https:\/\/sagrinex.com\/wp-content\/uploads\/2026\/03\/Image-390-1.jpeg\" \/>\n\t<meta property=\"og:image:width\" content=\"1200\" \/>\n\t<meta property=\"og:image:height\" content=\"1200\" \/>\n\t<meta property=\"og:image:type\" content=\"image\/jpeg\" \/>\n<meta name=\"twitter:card\" content=\"summary_large_image\" \/>\n<meta name=\"twitter:label1\" content=\"Gesch\u00e4tzte Lesezeit\" \/>\n\t<meta name=\"twitter:data1\" content=\"3\u00a0Minuten\" \/>\n<script type=\"application\/ld+json\" class=\"yoast-schema-graph\">{\"@context\":\"https:\\\/\\\/schema.org\",\"@graph\":[{\"@type\":\"WebPage\",\"@id\":\"https:\\\/\\\/sagrinex.com\\\/produit\\\/remorque-avec-capot-securise-saris-patc-1350-kg-205-x-133-x-h-50-cm-1-essieu-freine\\\/\",\"url\":\"https:\\\/\\\/sagrinex.com\\\/produit\\\/remorque-avec-capot-securise-saris-patc-1350-kg-205-x-133-x-h-50-cm-1-essieu-freine\\\/\",\"name\":\"ANH\u00c4NGER MIT SICHERER HAUBE SARIS - PATC 1350 KG - 205 X 133 X H 50 CM - 1 GEBREMSTE ACHSE\",\"isPartOf\":{\"@id\":\"https:\\\/\\\/sagrinex.com\\\/#website\"},\"primaryImageOfPage\":{\"@id\":\"https:\\\/\\\/sagrinex.com\\\/produit\\\/remorque-avec-capot-securise-saris-patc-1350-kg-205-x-133-x-h-50-cm-1-essieu-freine\\\/#primaryimage\"},\"image\":{\"@id\":\"https:\\\/\\\/sagrinex.com\\\/produit\\\/remorque-avec-capot-securise-saris-patc-1350-kg-205-x-133-x-h-50-cm-1-essieu-freine\\\/#primaryimage\"},\"thumbnailUrl\":\"https:\\\/\\\/sagrinex.com\\\/wp-content\\\/uploads\\\/2026\\\/03\\\/Image-390-1.jpeg\",\"datePublished\":\"2026-03-14T22:32:31+00:00\",\"dateModified\":\"2026-04-15T21:12:15+00:00\",\"description\":\"Der Gep\u00e4ckanh\u00e4nger SARIS MC 205 133 1350 1 C ist mit einer abschlie\u00dfbaren Aluminiumhaube ausgestattet und bietet ein Fassungsverm\u00f6gen von 1360 Litern. Er ist robust und praktisch, verf\u00fcgt \u00fcber Bordw\u00e4nde aus Aluminium, einen verrottungsfesten Boden, der in das Fahrgestell integriert ist, und feuerverzinkte Komponenten f\u00fcr optimale Haltbarkeit.\",\"breadcrumb\":{\"@id\":\"https:\\\/\\\/sagrinex.com\\\/produit\\\/remorque-avec-capot-securise-saris-patc-1350-kg-205-x-133-x-h-50-cm-1-essieu-freine\\\/#breadcrumb\"},\"inLanguage\":\"de\",\"potentialAction\":[{\"@type\":\"ReadAction\",\"target\":[\"https:\\\/\\\/sagrinex.com\\\/produit\\\/remorque-avec-capot-securise-saris-patc-1350-kg-205-x-133-x-h-50-cm-1-essieu-freine\\\/\"]}]},{\"@type\":\"ImageObject\",\"inLanguage\":\"de\",\"@id\":\"https:\\\/\\\/sagrinex.com\\\/produit\\\/remorque-avec-capot-securise-saris-patc-1350-kg-205-x-133-x-h-50-cm-1-essieu-freine\\\/#primaryimage\",\"url\":\"https:\\\/\\\/sagrinex.com\\\/wp-content\\\/uploads\\\/2026\\\/03\\\/Image-390-1.jpeg\",\"contentUrl\":\"https:\\\/\\\/sagrinex.com\\\/wp-content\\\/uploads\\\/2026\\\/03\\\/Image-390-1.jpeg\",\"width\":1200,\"height\":1200},{\"@type\":\"BreadcrumbList\",\"@id\":\"https:\\\/\\\/sagrinex.com\\\/produit\\\/remorque-avec-capot-securise-saris-patc-1350-kg-205-x-133-x-h-50-cm-1-essieu-freine\\\/#breadcrumb\",\"itemListElement\":[{\"@type\":\"ListItem\",\"position\":1,\"name\":\"Accueil\",\"item\":\"https:\\\/\\\/sagrinex.com\\\/?lang=de\"},{\"@type\":\"ListItem\",\"position\":2,\"name\":\"Shop\",\"item\":\"https:\\\/\\\/sagrinex.com\\\/shop\\\/\"},{\"@type\":\"ListItem\",\"position\":3,\"name\":\"Anh\u00c4nger mit Sicherer Haube Saris &#8211; Patc 1350 Kg &#8211; 205 X 133 X H 50 Cm &#8211; 1 Gebremste Achse\"}]},{\"@type\":\"WebSite\",\"@id\":\"https:\\\/\\\/sagrinex.com\\\/#website\",\"url\":\"https:\\\/\\\/sagrinex.com\\\/\",\"name\":\"Sagrinex \u2013 Spezialist f\u00fcr Anh\u00e4nger, Container & Landtechnik\",\"description\":\"Anhaenger, Container &amp; Landtechnik \u2014 Online-Verkauf &amp; kostenloses Angebot\",\"publisher\":{\"@id\":\"https:\\\/\\\/sagrinex.com\\\/#organization\"},\"potentialAction\":[{\"@type\":\"SearchAction\",\"target\":{\"@type\":\"EntryPoint\",\"urlTemplate\":\"https:\\\/\\\/sagrinex.com\\\/?s={search_term_string}\"},\"query-input\":{\"@type\":\"PropertyValueSpecification\",\"valueRequired\":true,\"valueName\":\"search_term_string\"}}],\"inLanguage\":\"de\"},{\"@type\":\"Organization\",\"@id\":\"https:\\\/\\\/sagrinex.com\\\/#organization\",\"name\":\"Sagrinex \u2013 Remorques, Conteneurs & Mat\u00e9riel Agricole\",\"url\":\"https:\\\/\\\/sagrinex.com\\\/\",\"logo\":{\"@type\":\"ImageObject\",\"inLanguage\":\"de\",\"@id\":\"https:\\\/\\\/sagrinex.com\\\/#\\\/schema\\\/logo\\\/image\\\/\",\"url\":\"https:\\\/\\\/sagrinex.com\\\/wp-content\\\/uploads\\\/2026\\\/03\\\/7f1ac463-ef5a-425d-bdd6-a5da03a334a9-1024x683.png\",\"contentUrl\":\"https:\\\/\\\/sagrinex.com\\\/wp-content\\\/uploads\\\/2026\\\/03\\\/7f1ac463-ef5a-425d-bdd6-a5da03a334a9-1024x683.png\",\"width\":1024,\"height\":683,\"caption\":\"Sagrinex \u2013 Remorques, Conteneurs & Mat\u00e9riel Agricole\"},\"image\":{\"@id\":\"https:\\\/\\\/sagrinex.com\\\/#\\\/schema\\\/logo\\\/image\\\/\"}}]}<\/script>\n<!-- \/ Yoast SEO plugin. -->","yoast_head_json":{"title":"ANH\u00c4NGER MIT SICHERER HAUBE SARIS - PATC 1350 KG - 205 X 133 X H 50 CM - 1 GEBREMSTE ACHSE","description":"Der Gep\u00e4ckanh\u00e4nger SARIS MC 205 133 1350 1 C ist mit einer abschlie\u00dfbaren Aluminiumhaube ausgestattet und bietet ein Fassungsverm\u00f6gen von 1360 Litern. Er ist robust und praktisch, verf\u00fcgt \u00fcber Bordw\u00e4nde aus Aluminium, einen verrottungsfesten Boden, der in das Fahrgestell integriert ist, und feuerverzinkte Komponenten f\u00fcr optimale Haltbarkeit.","robots":{"index":"index","follow":"follow","max-snippet":"max-snippet:-1","max-image-preview":"max-image-preview:large","max-video-preview":"max-video-preview:-1"},"canonical":"https:\/\/sagrinex.com\/produit\/remorque-avec-capot-securise-saris-patc-1350-kg-205-x-133-x-h-50-cm-1-essieu-freine\/","og_locale":"de_DE","og_type":"article","og_title":"ANH\u00c4NGER MIT SICHERER HAUBE SARIS - PATC 1350 KG - 205 X 133 X H 50 CM - 1 GEBREMSTE ACHSE","og_description":"Der Gep\u00e4ckanh\u00e4nger SARIS MC 205 133 1350 1 C ist mit einer abschlie\u00dfbaren Aluminiumhaube ausgestattet und bietet ein Fassungsverm\u00f6gen von 1360 Litern. Er ist robust und praktisch, verf\u00fcgt \u00fcber Bordw\u00e4nde aus Aluminium, einen verrottungsfesten Boden, der in das Fahrgestell integriert ist, und feuerverzinkte Komponenten f\u00fcr optimale Haltbarkeit.","og_url":"https:\/\/sagrinex.com\/produit\/remorque-avec-capot-securise-saris-patc-1350-kg-205-x-133-x-h-50-cm-1-essieu-freine\/","og_site_name":"Sagrinex \u2013 Anhaenger, Container &amp; Landtechnik \ud83c\udf3e\ud83d\ude9c","article_modified_time":"2026-04-15T21:12:15+00:00","og_image":[{"width":1200,"height":1200,"url":"https:\/\/sagrinex.com\/wp-content\/uploads\/2026\/03\/Image-390-1.jpeg","type":"image\/jpeg"}],"twitter_card":"summary_large_image","twitter_misc":{"Gesch\u00e4tzte Lesezeit":"3\u00a0Minuten"},"schema":{"@context":"https:\/\/schema.org","@graph":[{"@type":"WebPage","@id":"https:\/\/sagrinex.com\/produit\/remorque-avec-capot-securise-saris-patc-1350-kg-205-x-133-x-h-50-cm-1-essieu-freine\/","url":"https:\/\/sagrinex.com\/produit\/remorque-avec-capot-securise-saris-patc-1350-kg-205-x-133-x-h-50-cm-1-essieu-freine\/","name":"ANH\u00c4NGER MIT SICHERER HAUBE SARIS - PATC 1350 KG - 205 X 133 X H 50 CM - 1 GEBREMSTE ACHSE","isPartOf":{"@id":"https:\/\/sagrinex.com\/#website"},"primaryImageOfPage":{"@id":"https:\/\/sagrinex.com\/produit\/remorque-avec-capot-securise-saris-patc-1350-kg-205-x-133-x-h-50-cm-1-essieu-freine\/#primaryimage"},"image":{"@id":"https:\/\/sagrinex.com\/produit\/remorque-avec-capot-securise-saris-patc-1350-kg-205-x-133-x-h-50-cm-1-essieu-freine\/#primaryimage"},"thumbnailUrl":"https:\/\/sagrinex.com\/wp-content\/uploads\/2026\/03\/Image-390-1.jpeg","datePublished":"2026-03-14T22:32:31+00:00","dateModified":"2026-04-15T21:12:15+00:00","description":"Der Gep\u00e4ckanh\u00e4nger SARIS MC 205 133 1350 1 C ist mit einer abschlie\u00dfbaren Aluminiumhaube ausgestattet und bietet ein Fassungsverm\u00f6gen von 1360 Litern. Er ist robust und praktisch, verf\u00fcgt \u00fcber Bordw\u00e4nde aus Aluminium, einen verrottungsfesten Boden, der in das Fahrgestell integriert ist, und feuerverzinkte Komponenten f\u00fcr optimale Haltbarkeit.","breadcrumb":{"@id":"https:\/\/sagrinex.com\/produit\/remorque-avec-capot-securise-saris-patc-1350-kg-205-x-133-x-h-50-cm-1-essieu-freine\/#breadcrumb"},"inLanguage":"de","potentialAction":[{"@type":"ReadAction","target":["https:\/\/sagrinex.com\/produit\/remorque-avec-capot-securise-saris-patc-1350-kg-205-x-133-x-h-50-cm-1-essieu-freine\/"]}]},{"@type":"ImageObject","inLanguage":"de","@id":"https:\/\/sagrinex.com\/produit\/remorque-avec-capot-securise-saris-patc-1350-kg-205-x-133-x-h-50-cm-1-essieu-freine\/#primaryimage","url":"https:\/\/sagrinex.com\/wp-content\/uploads\/2026\/03\/Image-390-1.jpeg","contentUrl":"https:\/\/sagrinex.com\/wp-content\/uploads\/2026\/03\/Image-390-1.jpeg","width":1200,"height":1200},{"@type":"BreadcrumbList","@id":"https:\/\/sagrinex.com\/produit\/remorque-avec-capot-securise-saris-patc-1350-kg-205-x-133-x-h-50-cm-1-essieu-freine\/#breadcrumb","itemListElement":[{"@type":"ListItem","position":1,"name":"Accueil","item":"https:\/\/sagrinex.com\/?lang=de"},{"@type":"ListItem","position":2,"name":"Shop","item":"https:\/\/sagrinex.com\/shop\/"},{"@type":"ListItem","position":3,"name":"Anh\u00c4nger mit Sicherer Haube Saris &#8211; Patc 1350 Kg &#8211; 205 X 133 X H 50 Cm &#8211; 1 Gebremste Achse"}]},{"@type":"WebSite","@id":"https:\/\/sagrinex.com\/#website","url":"https:\/\/sagrinex.com\/","name":"Sagrinex \u2013 Spezialist f\u00fcr Anh\u00e4nger, Container & Landtechnik","description":"Anhaenger, Container &amp; Landtechnik \u2014 Online-Verkauf &amp; kostenloses Angebot","publisher":{"@id":"https:\/\/sagrinex.com\/#organization"},"potentialAction":[{"@type":"SearchAction","target":{"@type":"EntryPoint","urlTemplate":"https:\/\/sagrinex.com\/?s={search_term_string}"},"query-input":{"@type":"PropertyValueSpecification","valueRequired":true,"valueName":"search_term_string"}}],"inLanguage":"de"},{"@type":"Organization","@id":"https:\/\/sagrinex.com\/#organization","name":"Sagrinex \u2013 Remorques, Conteneurs & Mat\u00e9riel Agricole","url":"https:\/\/sagrinex.com\/","logo":{"@type":"ImageObject","inLanguage":"de","@id":"https:\/\/sagrinex.com\/#\/schema\/logo\/image\/","url":"https:\/\/sagrinex.com\/wp-content\/uploads\/2026\/03\/7f1ac463-ef5a-425d-bdd6-a5da03a334a9-1024x683.png","contentUrl":"https:\/\/sagrinex.com\/wp-content\/uploads\/2026\/03\/7f1ac463-ef5a-425d-bdd6-a5da03a334a9-1024x683.png","width":1024,"height":683,"caption":"Sagrinex \u2013 Remorques, Conteneurs & Mat\u00e9riel Agricole"},"image":{"@id":"https:\/\/sagrinex.com\/#\/schema\/logo\/image\/"}}]}},"jetpack_sharing_enabled":true,"_links":{"self":[{"href":"https:\/\/sagrinex.com\/de\/wp-json\/wp\/v2\/product\/14223","targetHints":{"allow":["GET"]}}],"collection":[{"href":"https:\/\/sagrinex.com\/de\/wp-json\/wp\/v2\/product"}],"about":[{"href":"https:\/\/sagrinex.com\/de\/wp-json\/wp\/v2\/types\/product"}],"replies":[{"embeddable":true,"href":"https:\/\/sagrinex.com\/de\/wp-json\/wp\/v2\/comments?post=14223"}],"version-history":[{"count":0,"href":"https:\/\/sagrinex.com\/de\/wp-json\/wp\/v2\/product\/14223\/revisions"}],"wp:featuredmedia":[{"embeddable":true,"href":"https:\/\/sagrinex.com\/de\/wp-json\/wp\/v2\/media\/16061"}],"wp:attachment":[{"href":"https:\/\/sagrinex.com\/de\/wp-json\/wp\/v2\/media?parent=14223"}],"wp:term":[{"taxonomy":"product_brand","embeddable":true,"href":"https:\/\/sagrinex.com\/de\/wp-json\/wp\/v2\/product_brand?post=14223"},{"taxonomy":"product_cat","embeddable":true,"href":"https:\/\/sagrinex.com\/de\/wp-json\/wp\/v2\/product_cat?post=14223"},{"taxonomy":"product_tag","embeddable":true,"href":"https:\/\/sagrinex.com\/de\/wp-json\/wp\/v2\/product_tag?post=14223"}],"curies":[{"name":"wp","href":"https:\/\/api.w.org\/{rel}","templated":true}]}}