{"id":14227,"date":"2026-03-15T20:54:41","date_gmt":"2026-03-15T20:54:41","guid":{"rendered":"https:\/\/sagrinex.com\/produit\/isothermer-container-40-fuss\/"},"modified":"2026-03-15T20:54:41","modified_gmt":"2026-03-15T20:54:41","slug":"isothermer-container-40-fuss","status":"publish","type":"product","link":"https:\/\/sagrinex.com\/de\/produit\/isothermer-container-40-fuss\/","title":{"rendered":"Isothermer Container 40 Fu\u00df"},"content":{"rendered":"<h1 data-start=\"158\" data-end=\"249\"><strong data-start=\"163\" data-end=\"249\">Isothermer Container 40 Fu\u00df HC \u2013 Gro\u00dfes Volumen, Premium-Isolierung, Unschlagbarer Preis<\/strong><\/h1>\n<p data-start=\"251\" data-end=\"527\">Entdecken Sie den <strong data-start=\"264\" data-end=\"306\">isothermen Container 40 Fu\u00df High Cube<\/strong>, die ideale L\u00f6sung f\u00fcr alle, die einen <strong data-start=\"356\" data-end=\"389\">sehr gro\u00dfen Lagerraum<\/strong> suchen und dabei von einer <strong data-start=\"414\" data-end=\"449\">leistungsstarken W\u00e4rmed\u00e4mmung<\/strong> profitieren, das alles <strong data-start=\"459\" data-end=\"526\">zu einem viel g\u00fcnstigeren Preis als ein K\u00fchlcontainer<\/strong>.<\/p>\n<p data-start=\"529\" data-end=\"777\">Verf\u00fcgbar <strong data-start=\"540\" data-end=\"574\">ausschlie\u00dflich als \u00fcberholte Gebrauchtware<\/strong>, bietet Ihnen dieser Container eine au\u00dfergew\u00f6hnliche Kapazit\u00e4t von <strong data-start=\"631\" data-end=\"640\">68 m\u00b3<\/strong> bei einer L\u00e4nge von <strong data-start=\"662\" data-end=\"673\">12,19 m<\/strong>, ideal f\u00fcr die Lagerung empfindlicher Produkte in einer vor \u00e4u\u00dferen Schwankungen gesch\u00fctzten Umgebung.<\/p>\n<hr data-start=\"779\" data-end=\"782\" \/>\n<h2 data-start=\"784\" data-end=\"846\">\u2b50 <strong data-start=\"789\" data-end=\"846\">Warum diesen isothermen Container 40 Fu\u00df HC w\u00e4hlen?<\/strong><\/h2>\n<h3 data-start=\"848\" data-end=\"906\">\u2714 <strong data-start=\"854\" data-end=\"904\">Eine ultra-effiziente passive W\u00e4rmed\u00e4mmung<\/strong><\/h3>\n<p data-start=\"907\" data-end=\"1092\">Keine Maschinen, kein Strom zum Anschlie\u00dfen: Das Innere bleibt nat\u00fcrlich k\u00fchler als das \u00c4u\u00dfere dank der isolierten W\u00e4nde \u2014 wie eine riesige professionelle K\u00fchltasche.<\/p>\n<h3 data-start=\"1094\" data-end=\"1130\">\u2714 <strong data-start=\"1100\" data-end=\"1128\">Ein unschlagbares XXL-Volumen<\/strong><\/h3>\n<p data-start=\"1131\" data-end=\"1312\">Mit <strong data-start=\"1136\" data-end=\"1156\">30 m\u00b2 Fl\u00e4che<\/strong> und <strong data-start=\"1160\" data-end=\"1181\">68 m\u00b3 Kapazit\u00e4t<\/strong> lagern Sie gro\u00dfe Mengen:<br data-start=\"1216\" data-end=\"1219\" \/>Waren, Lebensmittel, empfindliche Produkte, Veranstaltungsmaterial, Paletten, etc.<\/p>\n<h3 data-start=\"1314\" data-end=\"1347\">\u2714 <strong data-start=\"1320\" data-end=\"1345\">Wirtschaftlich &amp; rentabel<\/strong><\/h3>\n<p data-start=\"1348\" data-end=\"1496\">Viel <strong data-start=\"1357\" data-end=\"1384\">g\u00fcnstiger als ein Reefer<\/strong>, aber genauso effektiv f\u00fcr die Aufrechterhaltung einer stabilen Temperatur. Der beste Kompromiss f\u00fcr Profis.<\/p>\n<h3 data-start=\"1498\" data-end=\"1546\">\u2714 <strong data-start=\"1504\" data-end=\"1544\">Robuste Struktur, Premium-Ausstattung<\/strong><\/h3>\n<ul data-start=\"1547\" data-end=\"1686\">\n<li data-start=\"1547\" data-end=\"1590\">\n<p data-start=\"1549\" data-end=\"1590\">Au\u00dfenseite aus <strong data-start=\"1562\" data-end=\"1571\">Stahl<\/strong>, ultra widerstandsf\u00e4hig<\/p>\n<\/li>\n<li data-start=\"1591\" data-end=\"1639\">\n<p data-start=\"1593\" data-end=\"1639\">Innenseite aus <strong data-start=\"1606\" data-end=\"1614\">Edelstahl<\/strong>, hygienisch und langlebig<\/p>\n<\/li>\n<li data-start=\"1640\" data-end=\"1686\">\n<p data-start=\"1642\" data-end=\"1686\">Container \u00fcberholt, dicht und einsatzbereit<\/p>\n<\/li>\n<\/ul>\n<h3 data-start=\"1688\" data-end=\"1729\">\u2714 <strong data-start=\"1694\" data-end=\"1729\">Ideal f\u00fcr alle Aktivit\u00e4ten<\/strong><\/h3>\n<p data-start=\"1730\" data-end=\"1901\">Perfekt f\u00fcr:<br data-start=\"1744\" data-end=\"1747\" \/>Restaurants, Caterer, Gem\u00fcseh\u00e4ndler, Landwirte, Logistiker, Veranstaltungsunternehmen, saisonale Lagerung, Lagerung temperaturempfindlicher Produkte, etc.<\/p>\n<hr data-start=\"1903\" data-end=\"1906\" \/>\n<h2 data-start=\"1908\" data-end=\"1939\">\ud83d\udccc <strong data-start=\"1914\" data-end=\"1939\">Wichtige Eigenschaften<\/strong><\/h2>\n<ul data-start=\"1940\" data-end=\"2118\">\n<li data-start=\"1940\" data-end=\"1963\">\n<p data-start=\"1942\" data-end=\"1963\"><strong data-start=\"1942\" data-end=\"1955\">Fl\u00e4che:<\/strong> 30 m\u00b2<\/p>\n<\/li>\n<li data-start=\"1964\" data-end=\"1988\">\n<p data-start=\"1966\" data-end=\"1988\"><strong data-start=\"1966\" data-end=\"1980\">Kapazit\u00e4t:<\/strong> 68 m\u00b3<\/p>\n<\/li>\n<li data-start=\"1989\" data-end=\"2015\">\n<p data-start=\"1991\" data-end=\"2015\"><strong data-start=\"1991\" data-end=\"2005\">L\u00e4nge:<\/strong> 12,19 m<\/p>\n<\/li>\n<li data-start=\"2016\" data-end=\"2040\">\n<p data-start=\"2018\" data-end=\"2040\"><strong data-start=\"2018\" data-end=\"2029\">Gewicht:<\/strong> 4 590 kg<\/p>\n<\/li>\n<li data-start=\"2041\" data-end=\"2074\">\n<p data-start=\"2043\" data-end=\"2074\">Isolierung <strong data-start=\"2053\" data-end=\"2072\">ohne Maschinen<\/strong><\/p>\n<\/li>\n<li data-start=\"2075\" data-end=\"2118\">\n<p data-start=\"2077\" data-end=\"2118\">Au\u00dfenseite <strong data-start=\"2087\" data-end=\"2096\">Stahl<\/strong>, Innenseite <strong data-start=\"2108\" data-end=\"2116\">Edelstahl<\/strong><\/p>\n<\/li>\n<\/ul>\n","protected":false},"excerpt":{"rendered":"<p data-start=\"170\" data-end=\"458\">Der 40-Fu\u00df-High-Cube-Isoliercontainer ist eine <strong data-start=\"241\" data-end=\"257\">gro\u00dfvolumige<\/strong> Lagerl\u00f6sung, ideal zur Aufbewahrung Ihrer Waren bei stabiler Temperatur ohne Maschinerie. Dank seiner verst\u00e4rkten W\u00e4rmed\u00e4mmung h\u00e4lt er nat\u00fcrlich eine niedrigere Innentemperatur als au\u00dfen aufrecht.<\/p>\n<p data-start=\"460\" data-end=\"776\">Mit einer Kapazit\u00e4t von <strong data-start=\"481\" data-end=\"490\">68 m\u00b3<\/strong> und einer Fl\u00e4che von <strong data-start=\"509\" data-end=\"518\">30 m\u00b2<\/strong> bietet er gro\u00dfz\u00fcgigen Raum f\u00fcr die Lagerung von Lebensmitteln oder anderen G\u00fctern. Seine Au\u00dfenstruktur aus <strong data-start=\"624\" data-end=\"633\">Stahl<\/strong> und sein Innenraum aus <strong data-start=\"654\" data-end=\"662\">Edelstahl<\/strong> garantieren Robustheit, Hygiene und Langlebigkeit.<br data-start=\"710\" data-end=\"713\" \/>Eine wirtschaftliche und zuverl\u00e4ssige Alternative zum K\u00fchlcontainer.<\/p>\n","protected":false},"featured_media":16269,"comment_status":"open","ping_status":"closed","template":"","meta":[],"product_brand":[],"product_cat":[349,347],"product_tag":[],"class_list":{"0":"post-14227","1":"product","2":"type-product","3":"status-publish","4":"has-post-thumbnail","6":"product_cat-kuehllager","7":"product_cat-unsere-container","9":"first","10":"instock","11":"sale","12":"shipping-taxable","13":"purchasable","14":"product-type-simple"},"yoast_head":"<!-- This site is optimized with the Yoast SEO plugin v27.4 - https:\/\/yoast.com\/product\/yoast-seo-wordpress\/ -->\n<title>Isothermer Container 40 Fu\u00df<\/title>\n<meta name=\"description\" content=\"Der 40-Fu\u00df-High-Cube-Isoliercontainer ist eine Gro\u00dfvolumen-Lagerl\u00f6sung, ideal zur Aufbewahrung Ihrer Waren bei stabiler Temperatur ohne Maschinerie. Dank seiner verst\u00e4rkten W\u00e4rmed\u00e4mmung h\u00e4lt er nat\u00fcrlich eine Innentemperatur aufrecht, die niedriger ist als die Au\u00dfentemperatur. Mit einer Kapazit\u00e4t von 68 m\u00b3 und einer Fl\u00e4che von 30 m\u00b2 bietet er gro\u00dfz\u00fcgigen Raum f\u00fcr die Lagerung von Lebensmitteln oder Nicht-Lebensmitteln. Seine Au\u00dfenstruktur aus Stahl und sein Innenraum aus Edelstahl garantieren Robustheit, Hygiene und Langlebigkeit. Eine wirtschaftliche und zuverl\u00e4ssige Alternative zum K\u00fchlcontainer.\" \/>\n<meta name=\"robots\" content=\"index, follow, max-snippet:-1, max-image-preview:large, max-video-preview:-1\" \/>\n<link rel=\"canonical\" href=\"https:\/\/sagrinex.com\/produit\/conteneur-isotherme-40-pieds\/\" \/>\n<meta property=\"og:locale\" content=\"de_DE\" \/>\n<meta property=\"og:type\" content=\"article\" \/>\n<meta property=\"og:title\" content=\"Isothermer Container 40 Fu\u00df\" \/>\n<meta property=\"og:description\" content=\"Der 40-Fu\u00df-High-Cube-Isoliercontainer ist eine Gro\u00dfvolumen-Lagerl\u00f6sung, ideal zur Aufbewahrung Ihrer Waren bei stabiler Temperatur ohne Maschinerie. Dank seiner verst\u00e4rkten W\u00e4rmed\u00e4mmung h\u00e4lt er nat\u00fcrlich eine Innentemperatur aufrecht, die niedriger ist als die Au\u00dfentemperatur. Mit einer Kapazit\u00e4t von 68 m\u00b3 und einer Fl\u00e4che von 30 m\u00b2 bietet er gro\u00dfz\u00fcgigen Raum f\u00fcr die Lagerung von Lebensmitteln oder Nicht-Lebensmitteln. Seine Au\u00dfenstruktur aus Stahl und sein Innenraum aus Edelstahl garantieren Robustheit, Hygiene und Langlebigkeit. Eine wirtschaftliche und zuverl\u00e4ssige Alternative zum K\u00fchlcontainer.\" \/>\n<meta property=\"og:url\" content=\"https:\/\/sagrinex.com\/produit\/conteneur-isotherme-40-pieds\/\" \/>\n<meta property=\"og:site_name\" content=\"Sagrinex \u2013 Anhaenger, Container &amp; Landtechnik \ud83c\udf3e\ud83d\ude9c\" \/>\n<meta name=\"twitter:card\" content=\"summary_large_image\" \/>\n<meta name=\"twitter:label1\" content=\"Gesch\u00e4tzte Lesezeit\" \/>\n\t<meta name=\"twitter:data1\" content=\"1\u00a0Minute\" \/>\n<script type=\"application\/ld+json\" class=\"yoast-schema-graph\">{\"@context\":\"https:\\\/\\\/schema.org\",\"@graph\":[{\"@type\":\"WebPage\",\"@id\":\"https:\\\/\\\/sagrinex.com\\\/produit\\\/conteneur-isotherme-40-pieds\\\/\",\"url\":\"https:\\\/\\\/sagrinex.com\\\/produit\\\/conteneur-isotherme-40-pieds\\\/\",\"name\":\"Isothermer Container 40 Fu\u00df\",\"isPartOf\":{\"@id\":\"https:\\\/\\\/sagrinex.com\\\/#website\"},\"primaryImageOfPage\":{\"@id\":\"https:\\\/\\\/sagrinex.com\\\/produit\\\/conteneur-isotherme-40-pieds\\\/#primaryimage\"},\"image\":{\"@id\":\"https:\\\/\\\/sagrinex.com\\\/produit\\\/conteneur-isotherme-40-pieds\\\/#primaryimage\"},\"thumbnailUrl\":\"https:\\\/\\\/sagrinex.com\\\/wp-content\\\/uploads\\\/2026\\\/03\\\/Image-222-2.jpeg\",\"datePublished\":\"2026-03-15T20:54:41+00:00\",\"description\":\"Der 40-Fu\u00df-High-Cube-Isoliercontainer ist eine Gro\u00dfvolumen-Lagerl\u00f6sung, ideal zur Aufbewahrung Ihrer Waren bei stabiler Temperatur ohne Maschinerie. Dank seiner verst\u00e4rkten W\u00e4rmed\u00e4mmung h\u00e4lt er nat\u00fcrlich eine Innentemperatur aufrecht, die niedriger ist als die Au\u00dfentemperatur. Mit einer Kapazit\u00e4t von 68 m\u00b3 und einer Fl\u00e4che von 30 m\u00b2 bietet er gro\u00dfz\u00fcgigen Raum f\u00fcr die Lagerung von Lebensmitteln oder Nicht-Lebensmitteln. Seine Au\u00dfenstruktur aus Stahl und sein Innenraum aus Edelstahl garantieren Robustheit, Hygiene und Langlebigkeit. Eine wirtschaftliche und zuverl\u00e4ssige Alternative zum K\u00fchlcontainer.\",\"breadcrumb\":{\"@id\":\"https:\\\/\\\/sagrinex.com\\\/produit\\\/conteneur-isotherme-40-pieds\\\/#breadcrumb\"},\"inLanguage\":\"de\",\"potentialAction\":[{\"@type\":\"ReadAction\",\"target\":[\"https:\\\/\\\/sagrinex.com\\\/produit\\\/conteneur-isotherme-40-pieds\\\/\"]}]},{\"@type\":\"ImageObject\",\"inLanguage\":\"de\",\"@id\":\"https:\\\/\\\/sagrinex.com\\\/produit\\\/conteneur-isotherme-40-pieds\\\/#primaryimage\",\"url\":\"https:\\\/\\\/sagrinex.com\\\/wp-content\\\/uploads\\\/2026\\\/03\\\/Image-222-2.jpeg\",\"contentUrl\":\"https:\\\/\\\/sagrinex.com\\\/wp-content\\\/uploads\\\/2026\\\/03\\\/Image-222-2.jpeg\",\"width\":1217,\"height\":680},{\"@type\":\"BreadcrumbList\",\"@id\":\"https:\\\/\\\/sagrinex.com\\\/produit\\\/conteneur-isotherme-40-pieds\\\/#breadcrumb\",\"itemListElement\":[{\"@type\":\"ListItem\",\"position\":1,\"name\":\"Accueil\",\"item\":\"https:\\\/\\\/sagrinex.com\\\/?lang=de\"},{\"@type\":\"ListItem\",\"position\":2,\"name\":\"Shop\",\"item\":\"https:\\\/\\\/sagrinex.com\\\/shop\\\/\"},{\"@type\":\"ListItem\",\"position\":3,\"name\":\"Isothermer Container 40 Fu\u00df\"}]},{\"@type\":\"WebSite\",\"@id\":\"https:\\\/\\\/sagrinex.com\\\/#website\",\"url\":\"https:\\\/\\\/sagrinex.com\\\/\",\"name\":\"Sagrinex \u2013 Spezialist f\u00fcr Anh\u00e4nger, Container & Landtechnik\",\"description\":\"Anhaenger, Container &amp; Landtechnik \u2014 Online-Verkauf &amp; kostenloses Angebot\",\"publisher\":{\"@id\":\"https:\\\/\\\/sagrinex.com\\\/#organization\"},\"potentialAction\":[{\"@type\":\"SearchAction\",\"target\":{\"@type\":\"EntryPoint\",\"urlTemplate\":\"https:\\\/\\\/sagrinex.com\\\/?s={search_term_string}\"},\"query-input\":{\"@type\":\"PropertyValueSpecification\",\"valueRequired\":true,\"valueName\":\"search_term_string\"}}],\"inLanguage\":\"de\"},{\"@type\":\"Organization\",\"@id\":\"https:\\\/\\\/sagrinex.com\\\/#organization\",\"name\":\"Sagrinex \u2013 Remorques, Conteneurs & Mat\u00e9riel Agricole\",\"url\":\"https:\\\/\\\/sagrinex.com\\\/\",\"logo\":{\"@type\":\"ImageObject\",\"inLanguage\":\"de\",\"@id\":\"https:\\\/\\\/sagrinex.com\\\/#\\\/schema\\\/logo\\\/image\\\/\",\"url\":\"https:\\\/\\\/sagrinex.com\\\/wp-content\\\/uploads\\\/2026\\\/03\\\/7f1ac463-ef5a-425d-bdd6-a5da03a334a9-1024x683.png\",\"contentUrl\":\"https:\\\/\\\/sagrinex.com\\\/wp-content\\\/uploads\\\/2026\\\/03\\\/7f1ac463-ef5a-425d-bdd6-a5da03a334a9-1024x683.png\",\"width\":1024,\"height\":683,\"caption\":\"Sagrinex \u2013 Remorques, Conteneurs & Mat\u00e9riel Agricole\"},\"image\":{\"@id\":\"https:\\\/\\\/sagrinex.com\\\/#\\\/schema\\\/logo\\\/image\\\/\"}}]}<\/script>\n<!-- \/ Yoast SEO plugin. -->","yoast_head_json":{"title":"Isothermer Container 40 Fu\u00df","description":"Der 40-Fu\u00df-High-Cube-Isoliercontainer ist eine Gro\u00dfvolumen-Lagerl\u00f6sung, ideal zur Aufbewahrung Ihrer Waren bei stabiler Temperatur ohne Maschinerie. Dank seiner verst\u00e4rkten W\u00e4rmed\u00e4mmung h\u00e4lt er nat\u00fcrlich eine Innentemperatur aufrecht, die niedriger ist als die Au\u00dfentemperatur. Mit einer Kapazit\u00e4t von 68 m\u00b3 und einer Fl\u00e4che von 30 m\u00b2 bietet er gro\u00dfz\u00fcgigen Raum f\u00fcr die Lagerung von Lebensmitteln oder Nicht-Lebensmitteln. Seine Au\u00dfenstruktur aus Stahl und sein Innenraum aus Edelstahl garantieren Robustheit, Hygiene und Langlebigkeit. Eine wirtschaftliche und zuverl\u00e4ssige Alternative zum K\u00fchlcontainer.","robots":{"index":"index","follow":"follow","max-snippet":"max-snippet:-1","max-image-preview":"max-image-preview:large","max-video-preview":"max-video-preview:-1"},"canonical":"https:\/\/sagrinex.com\/produit\/conteneur-isotherme-40-pieds\/","og_locale":"de_DE","og_type":"article","og_title":"Isothermer Container 40 Fu\u00df","og_description":"Der 40-Fu\u00df-High-Cube-Isoliercontainer ist eine Gro\u00dfvolumen-Lagerl\u00f6sung, ideal zur Aufbewahrung Ihrer Waren bei stabiler Temperatur ohne Maschinerie. Dank seiner verst\u00e4rkten W\u00e4rmed\u00e4mmung h\u00e4lt er nat\u00fcrlich eine Innentemperatur aufrecht, die niedriger ist als die Au\u00dfentemperatur. Mit einer Kapazit\u00e4t von 68 m\u00b3 und einer Fl\u00e4che von 30 m\u00b2 bietet er gro\u00dfz\u00fcgigen Raum f\u00fcr die Lagerung von Lebensmitteln oder Nicht-Lebensmitteln. Seine Au\u00dfenstruktur aus Stahl und sein Innenraum aus Edelstahl garantieren Robustheit, Hygiene und Langlebigkeit. Eine wirtschaftliche und zuverl\u00e4ssige Alternative zum K\u00fchlcontainer.","og_url":"https:\/\/sagrinex.com\/produit\/conteneur-isotherme-40-pieds\/","og_site_name":"Sagrinex \u2013 Anhaenger, Container &amp; Landtechnik \ud83c\udf3e\ud83d\ude9c","twitter_card":"summary_large_image","twitter_misc":{"Gesch\u00e4tzte Lesezeit":"1\u00a0Minute"},"schema":{"@context":"https:\/\/schema.org","@graph":[{"@type":"WebPage","@id":"https:\/\/sagrinex.com\/produit\/conteneur-isotherme-40-pieds\/","url":"https:\/\/sagrinex.com\/produit\/conteneur-isotherme-40-pieds\/","name":"Isothermer Container 40 Fu\u00df","isPartOf":{"@id":"https:\/\/sagrinex.com\/#website"},"primaryImageOfPage":{"@id":"https:\/\/sagrinex.com\/produit\/conteneur-isotherme-40-pieds\/#primaryimage"},"image":{"@id":"https:\/\/sagrinex.com\/produit\/conteneur-isotherme-40-pieds\/#primaryimage"},"thumbnailUrl":"https:\/\/sagrinex.com\/wp-content\/uploads\/2026\/03\/Image-222-2.jpeg","datePublished":"2026-03-15T20:54:41+00:00","description":"Der 40-Fu\u00df-High-Cube-Isoliercontainer ist eine Gro\u00dfvolumen-Lagerl\u00f6sung, ideal zur Aufbewahrung Ihrer Waren bei stabiler Temperatur ohne Maschinerie. Dank seiner verst\u00e4rkten W\u00e4rmed\u00e4mmung h\u00e4lt er nat\u00fcrlich eine Innentemperatur aufrecht, die niedriger ist als die Au\u00dfentemperatur. Mit einer Kapazit\u00e4t von 68 m\u00b3 und einer Fl\u00e4che von 30 m\u00b2 bietet er gro\u00dfz\u00fcgigen Raum f\u00fcr die Lagerung von Lebensmitteln oder Nicht-Lebensmitteln. Seine Au\u00dfenstruktur aus Stahl und sein Innenraum aus Edelstahl garantieren Robustheit, Hygiene und Langlebigkeit. Eine wirtschaftliche und zuverl\u00e4ssige Alternative zum K\u00fchlcontainer.","breadcrumb":{"@id":"https:\/\/sagrinex.com\/produit\/conteneur-isotherme-40-pieds\/#breadcrumb"},"inLanguage":"de","potentialAction":[{"@type":"ReadAction","target":["https:\/\/sagrinex.com\/produit\/conteneur-isotherme-40-pieds\/"]}]},{"@type":"ImageObject","inLanguage":"de","@id":"https:\/\/sagrinex.com\/produit\/conteneur-isotherme-40-pieds\/#primaryimage","url":"https:\/\/sagrinex.com\/wp-content\/uploads\/2026\/03\/Image-222-2.jpeg","contentUrl":"https:\/\/sagrinex.com\/wp-content\/uploads\/2026\/03\/Image-222-2.jpeg","width":1217,"height":680},{"@type":"BreadcrumbList","@id":"https:\/\/sagrinex.com\/produit\/conteneur-isotherme-40-pieds\/#breadcrumb","itemListElement":[{"@type":"ListItem","position":1,"name":"Accueil","item":"https:\/\/sagrinex.com\/?lang=de"},{"@type":"ListItem","position":2,"name":"Shop","item":"https:\/\/sagrinex.com\/shop\/"},{"@type":"ListItem","position":3,"name":"Isothermer Container 40 Fu\u00df"}]},{"@type":"WebSite","@id":"https:\/\/sagrinex.com\/#website","url":"https:\/\/sagrinex.com\/","name":"Sagrinex \u2013 Spezialist f\u00fcr Anh\u00e4nger, Container & Landtechnik","description":"Anhaenger, Container &amp; Landtechnik \u2014 Online-Verkauf &amp; kostenloses Angebot","publisher":{"@id":"https:\/\/sagrinex.com\/#organization"},"potentialAction":[{"@type":"SearchAction","target":{"@type":"EntryPoint","urlTemplate":"https:\/\/sagrinex.com\/?s={search_term_string}"},"query-input":{"@type":"PropertyValueSpecification","valueRequired":true,"valueName":"search_term_string"}}],"inLanguage":"de"},{"@type":"Organization","@id":"https:\/\/sagrinex.com\/#organization","name":"Sagrinex \u2013 Remorques, Conteneurs & Mat\u00e9riel Agricole","url":"https:\/\/sagrinex.com\/","logo":{"@type":"ImageObject","inLanguage":"de","@id":"https:\/\/sagrinex.com\/#\/schema\/logo\/image\/","url":"https:\/\/sagrinex.com\/wp-content\/uploads\/2026\/03\/7f1ac463-ef5a-425d-bdd6-a5da03a334a9-1024x683.png","contentUrl":"https:\/\/sagrinex.com\/wp-content\/uploads\/2026\/03\/7f1ac463-ef5a-425d-bdd6-a5da03a334a9-1024x683.png","width":1024,"height":683,"caption":"Sagrinex \u2013 Remorques, Conteneurs & Mat\u00e9riel Agricole"},"image":{"@id":"https:\/\/sagrinex.com\/#\/schema\/logo\/image\/"}}]}},"jetpack_sharing_enabled":true,"_links":{"self":[{"href":"https:\/\/sagrinex.com\/de\/wp-json\/wp\/v2\/product\/14227","targetHints":{"allow":["GET"]}}],"collection":[{"href":"https:\/\/sagrinex.com\/de\/wp-json\/wp\/v2\/product"}],"about":[{"href":"https:\/\/sagrinex.com\/de\/wp-json\/wp\/v2\/types\/product"}],"replies":[{"embeddable":true,"href":"https:\/\/sagrinex.com\/de\/wp-json\/wp\/v2\/comments?post=14227"}],"version-history":[{"count":0,"href":"https:\/\/sagrinex.com\/de\/wp-json\/wp\/v2\/product\/14227\/revisions"}],"wp:featuredmedia":[{"embeddable":true,"href":"https:\/\/sagrinex.com\/de\/wp-json\/wp\/v2\/media\/16269"}],"wp:attachment":[{"href":"https:\/\/sagrinex.com\/de\/wp-json\/wp\/v2\/media?parent=14227"}],"wp:term":[{"taxonomy":"product_brand","embeddable":true,"href":"https:\/\/sagrinex.com\/de\/wp-json\/wp\/v2\/product_brand?post=14227"},{"taxonomy":"product_cat","embeddable":true,"href":"https:\/\/sagrinex.com\/de\/wp-json\/wp\/v2\/product_cat?post=14227"},{"taxonomy":"product_tag","embeddable":true,"href":"https:\/\/sagrinex.com\/de\/wp-json\/wp\/v2\/product_tag?post=14227"}],"curies":[{"name":"wp","href":"https:\/\/api.w.org\/{rel}","templated":true}]}}