{"id":14228,"date":"2026-03-15T10:15:07","date_gmt":"2026-03-15T10:15:07","guid":{"rendered":"https:\/\/sagrinex.com\/produit\/viehanhaenger-xl-2000-kg\/"},"modified":"2026-04-15T21:12:15","modified_gmt":"2026-04-15T21:12:15","slug":"viehanhaenger-xl-2000-kg","status":"publish","type":"product","link":"https:\/\/sagrinex.com\/de\/produit\/viehanhaenger-xl-2000-kg\/","title":{"rendered":"Viehanh\u00c4nger Xl 2000 Kg"},"content":{"rendered":"","protected":false},"excerpt":{"rendered":"<ul>\n<li><strong>EIGENSCHAFTEN : <\/strong>\n<ul>\n<li>Nutzbare Abmessungen : 2.80m x 1.60m x 1.90m<\/li>\n<li>PTAC : 2000 kg<\/li>\n<li>Nutzlast : 1400 kg<\/li>\n<li>Mechanisch geschwei\u00dftes und hei\u00dfverzinktes Fahrgestell<\/li>\n<li>Mechanisch geschwei\u00dfte &amp; hei\u00dfverzinkte Karosserie<\/li>\n<li>Kupplung, Deichsel und Achse ALKO<\/li>\n<li>Doppelachsen gebremst<\/li>\n<li>Dach und Vorderseite aus Polyester mit seitlichen Bel\u00fcftungen<\/li>\n<li>Rampe \/ Vordert\u00fcr serienm\u00e4\u00dfig<\/li>\n<li>Doppelte Hintert\u00fcren<\/li>\n<li>Brustbarre und Heckbarre<\/li>\n<li>Boden aus rutschfestem Marine-Sperrholz<\/li>\n<li>Innen-Befestigungsringe<\/li>\n<li>R\u00e4der in 185\/70R13<\/li>\n<li>Verst\u00e4rktes St\u00fctzrad<\/li>\n<li>Beleuchtung nach CE-Norm<\/li>\n<li>Wasserdichter Boden mit Aufkantungen und Ablassschraube<\/li>\n<\/ul>\n<p><strong>Enthaltene Option :<\/strong> Brust- und Heckbarren &amp; Ersatzrad auf Halterung<\/li>\n<\/ul>\n","protected":false},"featured_media":16084,"comment_status":"open","ping_status":"closed","template":"","meta":[],"product_brand":[],"product_cat":[352,355],"product_tag":[],"class_list":{"0":"post-14228","1":"product","2":"type-product","3":"status-publish","4":"has-post-thumbnail","6":"product_cat-unsere-trailer","7":"product_cat-viehanhaenger","9":"first","10":"instock","11":"shipping-taxable","12":"purchasable","13":"product-type-simple"},"yoast_head":"<!-- This site is optimized with the Yoast SEO plugin v27.4 - https:\/\/yoast.com\/product\/yoast-seo-wordpress\/ -->\n<title>VIEHANH\u00c4NGER XL 2000 KG<\/title>\n<meta name=\"robots\" content=\"index, follow, max-snippet:-1, max-image-preview:large, max-video-preview:-1\" \/>\n<link rel=\"canonical\" href=\"https:\/\/sagrinex.com\/produit\/betaillere-xl-2000-kg\/\" \/>\n<meta property=\"og:locale\" content=\"de_DE\" \/>\n<meta property=\"og:type\" content=\"article\" \/>\n<meta property=\"og:title\" content=\"VIEHANH\u00c4NGER XL 2000 KG\" \/>\n<meta property=\"og:description\" content=\"EIGENSCHAFTEN :    Nutzbare Abmessungen : 2.80m x 1.60m x 1.90m  PTAC : 2000 kg  Nutzlast : 1400 kg  Mechanisch geschwei\u00dftes und hei\u00dfverzinktes Fahrgestell  Mechanisch geschwei\u00dfte &amp; hei\u00dfverzinkte Karosserie  Kupplung, Deichsel und Achse ALKO  Doppelachsen gebremst  Dach und Vorderseite aus Polyester mit seitlichen Bel\u00fcftungen  Rampe \/ Vordert\u00fcr serienm\u00e4\u00dfig  Doppelte Hintert\u00fcren  Brustbarre und Heckbarre  Boden aus rutschfestem Marine-Sperrholz  Innen-Befestigungsringe  R\u00e4der in 185\/70R13  Verst\u00e4rktes St\u00fctzrad  Beleuchtung nach CE-Norm  Wasserdichter Boden mit Aufkantungen und Ablassschraube  Enthaltene Option : Brust- und Heckbarren &amp; Ersatzrad auf Halterung\" \/>\n<meta property=\"og:url\" content=\"https:\/\/sagrinex.com\/produit\/betaillere-xl-2000-kg\/\" \/>\n<meta property=\"og:site_name\" content=\"Sagrinex \u2013 Anhaenger, Container &amp; Landtechnik \ud83c\udf3e\ud83d\ude9c\" \/>\n<meta property=\"article:modified_time\" content=\"2026-04-15T21:12:15+00:00\" \/>\n<meta property=\"og:image\" content=\"https:\/\/sagrinex.com\/wp-content\/uploads\/2026\/03\/Image-424.jpeg\" \/>\n\t<meta property=\"og:image:width\" content=\"1024\" \/>\n\t<meta property=\"og:image:height\" content=\"768\" \/>\n\t<meta property=\"og:image:type\" content=\"image\/jpeg\" \/>\n<meta name=\"twitter:card\" content=\"summary_large_image\" \/>\n<meta name=\"twitter:label1\" content=\"Gesch\u00e4tzte Lesezeit\" \/>\n\t<meta name=\"twitter:data1\" content=\"1\u00a0Minute\" \/>\n<script type=\"application\/ld+json\" class=\"yoast-schema-graph\">{\"@context\":\"https:\\\/\\\/schema.org\",\"@graph\":[{\"@type\":\"WebPage\",\"@id\":\"https:\\\/\\\/sagrinex.com\\\/produit\\\/betaillere-xl-2000-kg\\\/\",\"url\":\"https:\\\/\\\/sagrinex.com\\\/produit\\\/betaillere-xl-2000-kg\\\/\",\"name\":\"VIEHANH\u00c4NGER XL 2000 KG\",\"isPartOf\":{\"@id\":\"https:\\\/\\\/sagrinex.com\\\/#website\"},\"primaryImageOfPage\":{\"@id\":\"https:\\\/\\\/sagrinex.com\\\/produit\\\/betaillere-xl-2000-kg\\\/#primaryimage\"},\"image\":{\"@id\":\"https:\\\/\\\/sagrinex.com\\\/produit\\\/betaillere-xl-2000-kg\\\/#primaryimage\"},\"thumbnailUrl\":\"https:\\\/\\\/sagrinex.com\\\/wp-content\\\/uploads\\\/2026\\\/03\\\/Image-424.jpeg\",\"datePublished\":\"2026-03-15T10:15:07+00:00\",\"dateModified\":\"2026-04-15T21:12:15+00:00\",\"breadcrumb\":{\"@id\":\"https:\\\/\\\/sagrinex.com\\\/produit\\\/betaillere-xl-2000-kg\\\/#breadcrumb\"},\"inLanguage\":\"de\",\"potentialAction\":[{\"@type\":\"ReadAction\",\"target\":[\"https:\\\/\\\/sagrinex.com\\\/produit\\\/betaillere-xl-2000-kg\\\/\"]}]},{\"@type\":\"ImageObject\",\"inLanguage\":\"de\",\"@id\":\"https:\\\/\\\/sagrinex.com\\\/produit\\\/betaillere-xl-2000-kg\\\/#primaryimage\",\"url\":\"https:\\\/\\\/sagrinex.com\\\/wp-content\\\/uploads\\\/2026\\\/03\\\/Image-424.jpeg\",\"contentUrl\":\"https:\\\/\\\/sagrinex.com\\\/wp-content\\\/uploads\\\/2026\\\/03\\\/Image-424.jpeg\",\"width\":1024,\"height\":768},{\"@type\":\"BreadcrumbList\",\"@id\":\"https:\\\/\\\/sagrinex.com\\\/produit\\\/betaillere-xl-2000-kg\\\/#breadcrumb\",\"itemListElement\":[{\"@type\":\"ListItem\",\"position\":1,\"name\":\"Accueil\",\"item\":\"https:\\\/\\\/sagrinex.com\\\/?lang=de\"},{\"@type\":\"ListItem\",\"position\":2,\"name\":\"Shop\",\"item\":\"https:\\\/\\\/sagrinex.com\\\/shop\\\/\"},{\"@type\":\"ListItem\",\"position\":3,\"name\":\"Viehanh\u00c4nger Xl 2000 Kg\"}]},{\"@type\":\"WebSite\",\"@id\":\"https:\\\/\\\/sagrinex.com\\\/#website\",\"url\":\"https:\\\/\\\/sagrinex.com\\\/\",\"name\":\"Sagrinex \u2013 Spezialist f\u00fcr Anh\u00e4nger, Container & Landtechnik\",\"description\":\"Anhaenger, Container &amp; Landtechnik \u2014 Online-Verkauf &amp; kostenloses Angebot\",\"publisher\":{\"@id\":\"https:\\\/\\\/sagrinex.com\\\/#organization\"},\"potentialAction\":[{\"@type\":\"SearchAction\",\"target\":{\"@type\":\"EntryPoint\",\"urlTemplate\":\"https:\\\/\\\/sagrinex.com\\\/?s={search_term_string}\"},\"query-input\":{\"@type\":\"PropertyValueSpecification\",\"valueRequired\":true,\"valueName\":\"search_term_string\"}}],\"inLanguage\":\"de\"},{\"@type\":\"Organization\",\"@id\":\"https:\\\/\\\/sagrinex.com\\\/#organization\",\"name\":\"Sagrinex \u2013 Remorques, Conteneurs & Mat\u00e9riel Agricole\",\"url\":\"https:\\\/\\\/sagrinex.com\\\/\",\"logo\":{\"@type\":\"ImageObject\",\"inLanguage\":\"de\",\"@id\":\"https:\\\/\\\/sagrinex.com\\\/#\\\/schema\\\/logo\\\/image\\\/\",\"url\":\"https:\\\/\\\/sagrinex.com\\\/wp-content\\\/uploads\\\/2026\\\/03\\\/7f1ac463-ef5a-425d-bdd6-a5da03a334a9-1024x683.png\",\"contentUrl\":\"https:\\\/\\\/sagrinex.com\\\/wp-content\\\/uploads\\\/2026\\\/03\\\/7f1ac463-ef5a-425d-bdd6-a5da03a334a9-1024x683.png\",\"width\":1024,\"height\":683,\"caption\":\"Sagrinex \u2013 Remorques, Conteneurs & Mat\u00e9riel Agricole\"},\"image\":{\"@id\":\"https:\\\/\\\/sagrinex.com\\\/#\\\/schema\\\/logo\\\/image\\\/\"}}]}<\/script>\n<!-- \/ Yoast SEO plugin. -->","yoast_head_json":{"title":"VIEHANH\u00c4NGER XL 2000 KG","robots":{"index":"index","follow":"follow","max-snippet":"max-snippet:-1","max-image-preview":"max-image-preview:large","max-video-preview":"max-video-preview:-1"},"canonical":"https:\/\/sagrinex.com\/produit\/betaillere-xl-2000-kg\/","og_locale":"de_DE","og_type":"article","og_title":"VIEHANH\u00c4NGER XL 2000 KG","og_description":"EIGENSCHAFTEN :    Nutzbare Abmessungen : 2.80m x 1.60m x 1.90m  PTAC : 2000 kg  Nutzlast : 1400 kg  Mechanisch geschwei\u00dftes und hei\u00dfverzinktes Fahrgestell  Mechanisch geschwei\u00dfte &amp; hei\u00dfverzinkte Karosserie  Kupplung, Deichsel und Achse ALKO  Doppelachsen gebremst  Dach und Vorderseite aus Polyester mit seitlichen Bel\u00fcftungen  Rampe \/ Vordert\u00fcr serienm\u00e4\u00dfig  Doppelte Hintert\u00fcren  Brustbarre und Heckbarre  Boden aus rutschfestem Marine-Sperrholz  Innen-Befestigungsringe  R\u00e4der in 185\/70R13  Verst\u00e4rktes St\u00fctzrad  Beleuchtung nach CE-Norm  Wasserdichter Boden mit Aufkantungen und Ablassschraube  Enthaltene Option : Brust- und Heckbarren &amp; Ersatzrad auf Halterung","og_url":"https:\/\/sagrinex.com\/produit\/betaillere-xl-2000-kg\/","og_site_name":"Sagrinex \u2013 Anhaenger, Container &amp; Landtechnik \ud83c\udf3e\ud83d\ude9c","article_modified_time":"2026-04-15T21:12:15+00:00","og_image":[{"width":1024,"height":768,"url":"https:\/\/sagrinex.com\/wp-content\/uploads\/2026\/03\/Image-424.jpeg","type":"image\/jpeg"}],"twitter_card":"summary_large_image","twitter_misc":{"Gesch\u00e4tzte Lesezeit":"1\u00a0Minute"},"schema":{"@context":"https:\/\/schema.org","@graph":[{"@type":"WebPage","@id":"https:\/\/sagrinex.com\/produit\/betaillere-xl-2000-kg\/","url":"https:\/\/sagrinex.com\/produit\/betaillere-xl-2000-kg\/","name":"VIEHANH\u00c4NGER XL 2000 KG","isPartOf":{"@id":"https:\/\/sagrinex.com\/#website"},"primaryImageOfPage":{"@id":"https:\/\/sagrinex.com\/produit\/betaillere-xl-2000-kg\/#primaryimage"},"image":{"@id":"https:\/\/sagrinex.com\/produit\/betaillere-xl-2000-kg\/#primaryimage"},"thumbnailUrl":"https:\/\/sagrinex.com\/wp-content\/uploads\/2026\/03\/Image-424.jpeg","datePublished":"2026-03-15T10:15:07+00:00","dateModified":"2026-04-15T21:12:15+00:00","breadcrumb":{"@id":"https:\/\/sagrinex.com\/produit\/betaillere-xl-2000-kg\/#breadcrumb"},"inLanguage":"de","potentialAction":[{"@type":"ReadAction","target":["https:\/\/sagrinex.com\/produit\/betaillere-xl-2000-kg\/"]}]},{"@type":"ImageObject","inLanguage":"de","@id":"https:\/\/sagrinex.com\/produit\/betaillere-xl-2000-kg\/#primaryimage","url":"https:\/\/sagrinex.com\/wp-content\/uploads\/2026\/03\/Image-424.jpeg","contentUrl":"https:\/\/sagrinex.com\/wp-content\/uploads\/2026\/03\/Image-424.jpeg","width":1024,"height":768},{"@type":"BreadcrumbList","@id":"https:\/\/sagrinex.com\/produit\/betaillere-xl-2000-kg\/#breadcrumb","itemListElement":[{"@type":"ListItem","position":1,"name":"Accueil","item":"https:\/\/sagrinex.com\/?lang=de"},{"@type":"ListItem","position":2,"name":"Shop","item":"https:\/\/sagrinex.com\/shop\/"},{"@type":"ListItem","position":3,"name":"Viehanh\u00c4nger Xl 2000 Kg"}]},{"@type":"WebSite","@id":"https:\/\/sagrinex.com\/#website","url":"https:\/\/sagrinex.com\/","name":"Sagrinex \u2013 Spezialist f\u00fcr Anh\u00e4nger, Container & Landtechnik","description":"Anhaenger, Container &amp; Landtechnik \u2014 Online-Verkauf &amp; kostenloses Angebot","publisher":{"@id":"https:\/\/sagrinex.com\/#organization"},"potentialAction":[{"@type":"SearchAction","target":{"@type":"EntryPoint","urlTemplate":"https:\/\/sagrinex.com\/?s={search_term_string}"},"query-input":{"@type":"PropertyValueSpecification","valueRequired":true,"valueName":"search_term_string"}}],"inLanguage":"de"},{"@type":"Organization","@id":"https:\/\/sagrinex.com\/#organization","name":"Sagrinex \u2013 Remorques, Conteneurs & Mat\u00e9riel Agricole","url":"https:\/\/sagrinex.com\/","logo":{"@type":"ImageObject","inLanguage":"de","@id":"https:\/\/sagrinex.com\/#\/schema\/logo\/image\/","url":"https:\/\/sagrinex.com\/wp-content\/uploads\/2026\/03\/7f1ac463-ef5a-425d-bdd6-a5da03a334a9-1024x683.png","contentUrl":"https:\/\/sagrinex.com\/wp-content\/uploads\/2026\/03\/7f1ac463-ef5a-425d-bdd6-a5da03a334a9-1024x683.png","width":1024,"height":683,"caption":"Sagrinex \u2013 Remorques, Conteneurs & Mat\u00e9riel Agricole"},"image":{"@id":"https:\/\/sagrinex.com\/#\/schema\/logo\/image\/"}}]}},"jetpack_sharing_enabled":true,"_links":{"self":[{"href":"https:\/\/sagrinex.com\/de\/wp-json\/wp\/v2\/product\/14228","targetHints":{"allow":["GET"]}}],"collection":[{"href":"https:\/\/sagrinex.com\/de\/wp-json\/wp\/v2\/product"}],"about":[{"href":"https:\/\/sagrinex.com\/de\/wp-json\/wp\/v2\/types\/product"}],"replies":[{"embeddable":true,"href":"https:\/\/sagrinex.com\/de\/wp-json\/wp\/v2\/comments?post=14228"}],"version-history":[{"count":0,"href":"https:\/\/sagrinex.com\/de\/wp-json\/wp\/v2\/product\/14228\/revisions"}],"wp:featuredmedia":[{"embeddable":true,"href":"https:\/\/sagrinex.com\/de\/wp-json\/wp\/v2\/media\/16084"}],"wp:attachment":[{"href":"https:\/\/sagrinex.com\/de\/wp-json\/wp\/v2\/media?parent=14228"}],"wp:term":[{"taxonomy":"product_brand","embeddable":true,"href":"https:\/\/sagrinex.com\/de\/wp-json\/wp\/v2\/product_brand?post=14228"},{"taxonomy":"product_cat","embeddable":true,"href":"https:\/\/sagrinex.com\/de\/wp-json\/wp\/v2\/product_cat?post=14228"},{"taxonomy":"product_tag","embeddable":true,"href":"https:\/\/sagrinex.com\/de\/wp-json\/wp\/v2\/product_tag?post=14228"}],"curies":[{"name":"wp","href":"https:\/\/api.w.org\/{rel}","templated":true}]}}