{"id":14231,"date":"2026-03-15T20:32:13","date_gmt":"2026-03-15T20:32:13","guid":{"rendered":"https:\/\/sagrinex.com\/produit\/kuehlcontainer-10%e2%80%b2-offshore-reefer\/"},"modified":"2026-03-15T20:32:13","modified_gmt":"2026-03-15T20:32:13","slug":"kuehlcontainer-10%e2%80%b2-offshore-reefer","status":"publish","type":"product","link":"https:\/\/sagrinex.com\/de\/produit\/kuehlcontainer-10%e2%80%b2-offshore-reefer\/","title":{"rendered":"K\u00fchlcontainer 10\u2032 Offshore Reefer"},"content":{"rendered":"<h1 data-start=\"100\" data-end=\"187\"><strong data-start=\"105\" data-end=\"187\">K\u00fchlcontainer \/ Isoliercontainer 3m \u2013 Kompakt, Leistungsstark und Einsatzbereit!<\/strong><\/h1>\n<p data-start=\"189\" data-end=\"416\">Ben\u00f6tigen Sie einen leistungsstarken K\u00fchlraum auf minimalem Platz?<br data-start=\"251\" data-end=\"254\" \/>Dieser K\u00fchl-\/Isoliercontainer <strong data-start=\"290\" data-end=\"302\">3 Meter<\/strong> ist DIE L\u00f6sung f\u00fcr alle Profis, die <strong data-start=\"364\" data-end=\"415\">Effizienz, Platzersparnis und maximale Zuverl\u00e4ssigkeit<\/strong> suchen.<\/p>\n<p data-start=\"418\" data-end=\"658\">Mit seiner Kapazit\u00e4t von <strong data-start=\"438\" data-end=\"459\">6 Europaletten<\/strong> und seinem Nutzvolumen von <strong data-start=\"483\" data-end=\"495\">11,54 m\u00b3<\/strong> bietet er optimale Lagerung f\u00fcr Ihre Lebensmittel, Pharmazeutika, Getr\u00e4nke, empfindliche Materialien oder Waren, die eine kontrollierte Atmosph\u00e4re ben\u00f6tigen.<\/p>\n<h3 data-start=\"660\" data-end=\"701\">\ud83d\udca1 Warum dieses Modell so \u00fcberzeugt?<\/h3>\n<ul data-start=\"702\" data-end=\"1060\">\n<li data-start=\"702\" data-end=\"784\">\n<p data-start=\"704\" data-end=\"784\"><strong data-start=\"704\" data-end=\"722\">Kompaktes Format<\/strong>, ideal in st\u00e4dtischen Gebieten, auf Baustellen oder im Lagerbereich<\/p>\n<\/li>\n<li data-start=\"785\" data-end=\"853\">\n<p data-start=\"787\" data-end=\"853\"><strong data-start=\"787\" data-end=\"815\">Gro\u00dfe T\u00fcr\u00f6ffnung<\/strong> f\u00fcr einfache und schnelle Beladung<\/p>\n<\/li>\n<li data-start=\"854\" data-end=\"906\">\n<p data-start=\"856\" data-end=\"906\"><strong data-start=\"856\" data-end=\"882\">Professionelle Lagerung<\/strong> auf reduziertem Raum<\/p>\n<\/li>\n<li data-start=\"907\" data-end=\"995\">\n<p data-start=\"909\" data-end=\"995\"><strong data-start=\"909\" data-end=\"993\">Perfekt f\u00fcr Restaurants, Caterer, Gesch\u00e4fte, Veranstaltungen, K\u00e4ltebetriebe<\/strong><\/p>\n<\/li>\n<li data-start=\"996\" data-end=\"1060\">\n<p data-start=\"998\" data-end=\"1060\"><strong data-start=\"998\" data-end=\"1028\">Robust, stabil und langlebig<\/strong> dank seinem Gewicht von 2 800 kg<\/p>\n<\/li>\n<\/ul>\n<p data-start=\"1062\" data-end=\"1294\">Ob zur Erh\u00f6hung Ihrer K\u00fchlkapazit\u00e4t, zur Schaffung eines zus\u00e4tzlichen Bereichs bei Veranstaltungen oder zum Ersatz eines festen K\u00fchlraums, dieser Container ist <strong data-start=\"1225\" data-end=\"1293\">die einfachste, praktischste und rentabelste L\u00f6sung<\/strong>.<\/p>\n<h3 data-start=\"1296\" data-end=\"1359\">\ud83c\udf21\ufe0f <strong data-start=\"1304\" data-end=\"1359\">Maximale Leistung auf minimalem Raum.<\/strong><\/h3>\n","protected":false},"excerpt":{"rendered":"<p>Dieser Container ist zweifellos der am h\u00e4ufigsten verwendete Container f\u00fcr die Lagerung von Produkten, die eine Konservierung bei negativen Temperaturen erfordern. Die Offshore-K\u00fchlcontainer sind mit Maschinen ausgestattet, die mit 380V Dreiphasenstrom in einem Temperaturbereich von 30\u00b0C bis -30\u00b0C funktionieren. Der 10-Fu\u00df-Offshore-K\u00fchlcontainer ist aus Corten-Stahl gefertigt. Der Boden ist aus Stahl. Der 10-Fu\u00df-Offshore-K\u00fchlcontainer hat ein Eigengewicht von 2.820 kg und eine maximale Nutzlast von 8.000 kg. Das entspricht einem Gesamtbruttogewicht von 10.820 kg.<\/p>\n","protected":false},"featured_media":16266,"comment_status":"open","ping_status":"closed","template":"","meta":[],"product_brand":[],"product_cat":[349,347],"product_tag":[],"class_list":{"0":"post-14231","1":"product","2":"type-product","3":"status-publish","4":"has-post-thumbnail","6":"product_cat-kuehllager","7":"product_cat-unsere-container","9":"first","10":"instock","11":"sale","12":"shipping-taxable","13":"purchasable","14":"product-type-simple"},"yoast_head":"<!-- This site is optimized with the Yoast SEO plugin v27.4 - https:\/\/yoast.com\/product\/yoast-seo-wordpress\/ -->\n<title>K\u00fchlcontainer 10\u2032 Offshore Reefer<\/title>\n<meta name=\"description\" content=\"Dieser Container ist zweifellos der am h\u00e4ufigsten verwendete Container f\u00fcr die Lagerung von Produkten, die eine Konservierung bei negativen Temperaturen erfordern. Die Offshore-K\u00fchlcontainer sind mit Maschinen ausgestattet, die mit 380V Dreiphasenstrom in einem Temperaturbereich von 30\u00b0C bis -30\u00b0C arbeiten. Der 10-Fu\u00df-Offshore-K\u00fchlcontainer ist aus Corten-Stahl gefertigt. Der Boden ist aus Stahl. Der 10-Fu\u00df-Offshore-K\u00fchlcontainer hat ein Eigengewicht von 2.820 kg und eine maximale Nutzlast von 8.000 kg. Das entspricht einem Gesamtbruttogewicht von 10.820 kg.\" \/>\n<meta name=\"robots\" content=\"index, follow, max-snippet:-1, max-image-preview:large, max-video-preview:-1\" \/>\n<link rel=\"canonical\" href=\"https:\/\/sagrinex.com\/produit\/container-frigorifique-10\u2032-offshore-reefer\/\" \/>\n<meta property=\"og:locale\" content=\"de_DE\" \/>\n<meta property=\"og:type\" content=\"article\" \/>\n<meta property=\"og:title\" content=\"K\u00fchlcontainer 10\u2032 Offshore Reefer\" \/>\n<meta property=\"og:description\" content=\"Dieser Container ist zweifellos der am h\u00e4ufigsten verwendete Container f\u00fcr die Lagerung von Produkten, die eine Konservierung bei negativen Temperaturen erfordern. Die Offshore-K\u00fchlcontainer sind mit Maschinen ausgestattet, die mit 380V Dreiphasenstrom in einem Temperaturbereich von 30\u00b0C bis -30\u00b0C arbeiten. Der 10-Fu\u00df-Offshore-K\u00fchlcontainer ist aus Corten-Stahl gefertigt. Der Boden ist aus Stahl. Der 10-Fu\u00df-Offshore-K\u00fchlcontainer hat ein Eigengewicht von 2.820 kg und eine maximale Nutzlast von 8.000 kg. Das entspricht einem Gesamtbruttogewicht von 10.820 kg.\" \/>\n<meta property=\"og:url\" content=\"https:\/\/sagrinex.com\/produit\/container-frigorifique-10\u2032-offshore-reefer\/\" \/>\n<meta property=\"og:site_name\" content=\"Sagrinex \u2013 Anhaenger, Container &amp; Landtechnik \ud83c\udf3e\ud83d\ude9c\" \/>\n<meta name=\"twitter:card\" content=\"summary_large_image\" \/>\n<meta name=\"twitter:label1\" content=\"Gesch\u00e4tzte Lesezeit\" \/>\n\t<meta name=\"twitter:data1\" content=\"1\u00a0Minute\" \/>\n<script type=\"application\/ld+json\" class=\"yoast-schema-graph\">{\"@context\":\"https:\\\/\\\/schema.org\",\"@graph\":[{\"@type\":\"WebPage\",\"@id\":\"https:\\\/\\\/sagrinex.com\\\/produit\\\/container-frigorifique-10%e2%80%b2-offshore-reefer\\\/\",\"url\":\"https:\\\/\\\/sagrinex.com\\\/produit\\\/container-frigorifique-10%e2%80%b2-offshore-reefer\\\/\",\"name\":\"K\u00fchlcontainer 10\u2032 Offshore Reefer\",\"isPartOf\":{\"@id\":\"https:\\\/\\\/sagrinex.com\\\/#website\"},\"primaryImageOfPage\":{\"@id\":\"https:\\\/\\\/sagrinex.com\\\/produit\\\/container-frigorifique-10%e2%80%b2-offshore-reefer\\\/#primaryimage\"},\"image\":{\"@id\":\"https:\\\/\\\/sagrinex.com\\\/produit\\\/container-frigorifique-10%e2%80%b2-offshore-reefer\\\/#primaryimage\"},\"thumbnailUrl\":\"https:\\\/\\\/sagrinex.com\\\/wp-content\\\/uploads\\\/2026\\\/03\\\/Image-217-2.jpeg\",\"datePublished\":\"2026-03-15T20:32:13+00:00\",\"description\":\"Dieser Container ist zweifellos der am h\u00e4ufigsten verwendete Container f\u00fcr die Lagerung von Produkten, die eine Konservierung bei negativen Temperaturen erfordern. Die Offshore-K\u00fchlcontainer sind mit Maschinen ausgestattet, die mit 380V Dreiphasenstrom in einem Temperaturbereich von 30\u00b0C bis -30\u00b0C arbeiten. Der 10-Fu\u00df-Offshore-K\u00fchlcontainer ist aus Corten-Stahl gefertigt. Der Boden ist aus Stahl. Der 10-Fu\u00df-Offshore-K\u00fchlcontainer hat ein Eigengewicht von 2.820 kg und eine maximale Nutzlast von 8.000 kg. Das entspricht einem Gesamtbruttogewicht von 10.820 kg.\",\"breadcrumb\":{\"@id\":\"https:\\\/\\\/sagrinex.com\\\/produit\\\/container-frigorifique-10%e2%80%b2-offshore-reefer\\\/#breadcrumb\"},\"inLanguage\":\"de\",\"potentialAction\":[{\"@type\":\"ReadAction\",\"target\":[\"https:\\\/\\\/sagrinex.com\\\/produit\\\/container-frigorifique-10%e2%80%b2-offshore-reefer\\\/\"]}]},{\"@type\":\"ImageObject\",\"inLanguage\":\"de\",\"@id\":\"https:\\\/\\\/sagrinex.com\\\/produit\\\/container-frigorifique-10%e2%80%b2-offshore-reefer\\\/#primaryimage\",\"url\":\"https:\\\/\\\/sagrinex.com\\\/wp-content\\\/uploads\\\/2026\\\/03\\\/Image-217-2.jpeg\",\"contentUrl\":\"https:\\\/\\\/sagrinex.com\\\/wp-content\\\/uploads\\\/2026\\\/03\\\/Image-217-2.jpeg\",\"width\":1024,\"height\":1024},{\"@type\":\"BreadcrumbList\",\"@id\":\"https:\\\/\\\/sagrinex.com\\\/produit\\\/container-frigorifique-10%e2%80%b2-offshore-reefer\\\/#breadcrumb\",\"itemListElement\":[{\"@type\":\"ListItem\",\"position\":1,\"name\":\"Accueil\",\"item\":\"https:\\\/\\\/sagrinex.com\\\/?lang=de\"},{\"@type\":\"ListItem\",\"position\":2,\"name\":\"Shop\",\"item\":\"https:\\\/\\\/sagrinex.com\\\/shop\\\/\"},{\"@type\":\"ListItem\",\"position\":3,\"name\":\"K\u00fchlcontainer 10\u2032 Offshore Reefer\"}]},{\"@type\":\"WebSite\",\"@id\":\"https:\\\/\\\/sagrinex.com\\\/#website\",\"url\":\"https:\\\/\\\/sagrinex.com\\\/\",\"name\":\"Sagrinex \u2013 Spezialist f\u00fcr Anh\u00e4nger, Container & Landtechnik\",\"description\":\"Anhaenger, Container &amp; Landtechnik \u2014 Online-Verkauf &amp; kostenloses Angebot\",\"publisher\":{\"@id\":\"https:\\\/\\\/sagrinex.com\\\/#organization\"},\"potentialAction\":[{\"@type\":\"SearchAction\",\"target\":{\"@type\":\"EntryPoint\",\"urlTemplate\":\"https:\\\/\\\/sagrinex.com\\\/?s={search_term_string}\"},\"query-input\":{\"@type\":\"PropertyValueSpecification\",\"valueRequired\":true,\"valueName\":\"search_term_string\"}}],\"inLanguage\":\"de\"},{\"@type\":\"Organization\",\"@id\":\"https:\\\/\\\/sagrinex.com\\\/#organization\",\"name\":\"Sagrinex \u2013 Remorques, Conteneurs & Mat\u00e9riel Agricole\",\"url\":\"https:\\\/\\\/sagrinex.com\\\/\",\"logo\":{\"@type\":\"ImageObject\",\"inLanguage\":\"de\",\"@id\":\"https:\\\/\\\/sagrinex.com\\\/#\\\/schema\\\/logo\\\/image\\\/\",\"url\":\"https:\\\/\\\/sagrinex.com\\\/wp-content\\\/uploads\\\/2026\\\/03\\\/7f1ac463-ef5a-425d-bdd6-a5da03a334a9-1024x683.png\",\"contentUrl\":\"https:\\\/\\\/sagrinex.com\\\/wp-content\\\/uploads\\\/2026\\\/03\\\/7f1ac463-ef5a-425d-bdd6-a5da03a334a9-1024x683.png\",\"width\":1024,\"height\":683,\"caption\":\"Sagrinex \u2013 Remorques, Conteneurs & Mat\u00e9riel Agricole\"},\"image\":{\"@id\":\"https:\\\/\\\/sagrinex.com\\\/#\\\/schema\\\/logo\\\/image\\\/\"}}]}<\/script>\n<!-- \/ Yoast SEO plugin. -->","yoast_head_json":{"title":"K\u00fchlcontainer 10\u2032 Offshore Reefer","description":"Dieser Container ist zweifellos der am h\u00e4ufigsten verwendete Container f\u00fcr die Lagerung von Produkten, die eine Konservierung bei negativen Temperaturen erfordern. Die Offshore-K\u00fchlcontainer sind mit Maschinen ausgestattet, die mit 380V Dreiphasenstrom in einem Temperaturbereich von 30\u00b0C bis -30\u00b0C arbeiten. Der 10-Fu\u00df-Offshore-K\u00fchlcontainer ist aus Corten-Stahl gefertigt. Der Boden ist aus Stahl. Der 10-Fu\u00df-Offshore-K\u00fchlcontainer hat ein Eigengewicht von 2.820 kg und eine maximale Nutzlast von 8.000 kg. Das entspricht einem Gesamtbruttogewicht von 10.820 kg.","robots":{"index":"index","follow":"follow","max-snippet":"max-snippet:-1","max-image-preview":"max-image-preview:large","max-video-preview":"max-video-preview:-1"},"canonical":"https:\/\/sagrinex.com\/produit\/container-frigorifique-10\u2032-offshore-reefer\/","og_locale":"de_DE","og_type":"article","og_title":"K\u00fchlcontainer 10\u2032 Offshore Reefer","og_description":"Dieser Container ist zweifellos der am h\u00e4ufigsten verwendete Container f\u00fcr die Lagerung von Produkten, die eine Konservierung bei negativen Temperaturen erfordern. Die Offshore-K\u00fchlcontainer sind mit Maschinen ausgestattet, die mit 380V Dreiphasenstrom in einem Temperaturbereich von 30\u00b0C bis -30\u00b0C arbeiten. Der 10-Fu\u00df-Offshore-K\u00fchlcontainer ist aus Corten-Stahl gefertigt. Der Boden ist aus Stahl. Der 10-Fu\u00df-Offshore-K\u00fchlcontainer hat ein Eigengewicht von 2.820 kg und eine maximale Nutzlast von 8.000 kg. Das entspricht einem Gesamtbruttogewicht von 10.820 kg.","og_url":"https:\/\/sagrinex.com\/produit\/container-frigorifique-10\u2032-offshore-reefer\/","og_site_name":"Sagrinex \u2013 Anhaenger, Container &amp; Landtechnik \ud83c\udf3e\ud83d\ude9c","twitter_card":"summary_large_image","twitter_misc":{"Gesch\u00e4tzte Lesezeit":"1\u00a0Minute"},"schema":{"@context":"https:\/\/schema.org","@graph":[{"@type":"WebPage","@id":"https:\/\/sagrinex.com\/produit\/container-frigorifique-10%e2%80%b2-offshore-reefer\/","url":"https:\/\/sagrinex.com\/produit\/container-frigorifique-10%e2%80%b2-offshore-reefer\/","name":"K\u00fchlcontainer 10\u2032 Offshore Reefer","isPartOf":{"@id":"https:\/\/sagrinex.com\/#website"},"primaryImageOfPage":{"@id":"https:\/\/sagrinex.com\/produit\/container-frigorifique-10%e2%80%b2-offshore-reefer\/#primaryimage"},"image":{"@id":"https:\/\/sagrinex.com\/produit\/container-frigorifique-10%e2%80%b2-offshore-reefer\/#primaryimage"},"thumbnailUrl":"https:\/\/sagrinex.com\/wp-content\/uploads\/2026\/03\/Image-217-2.jpeg","datePublished":"2026-03-15T20:32:13+00:00","description":"Dieser Container ist zweifellos der am h\u00e4ufigsten verwendete Container f\u00fcr die Lagerung von Produkten, die eine Konservierung bei negativen Temperaturen erfordern. Die Offshore-K\u00fchlcontainer sind mit Maschinen ausgestattet, die mit 380V Dreiphasenstrom in einem Temperaturbereich von 30\u00b0C bis -30\u00b0C arbeiten. Der 10-Fu\u00df-Offshore-K\u00fchlcontainer ist aus Corten-Stahl gefertigt. Der Boden ist aus Stahl. Der 10-Fu\u00df-Offshore-K\u00fchlcontainer hat ein Eigengewicht von 2.820 kg und eine maximale Nutzlast von 8.000 kg. Das entspricht einem Gesamtbruttogewicht von 10.820 kg.","breadcrumb":{"@id":"https:\/\/sagrinex.com\/produit\/container-frigorifique-10%e2%80%b2-offshore-reefer\/#breadcrumb"},"inLanguage":"de","potentialAction":[{"@type":"ReadAction","target":["https:\/\/sagrinex.com\/produit\/container-frigorifique-10%e2%80%b2-offshore-reefer\/"]}]},{"@type":"ImageObject","inLanguage":"de","@id":"https:\/\/sagrinex.com\/produit\/container-frigorifique-10%e2%80%b2-offshore-reefer\/#primaryimage","url":"https:\/\/sagrinex.com\/wp-content\/uploads\/2026\/03\/Image-217-2.jpeg","contentUrl":"https:\/\/sagrinex.com\/wp-content\/uploads\/2026\/03\/Image-217-2.jpeg","width":1024,"height":1024},{"@type":"BreadcrumbList","@id":"https:\/\/sagrinex.com\/produit\/container-frigorifique-10%e2%80%b2-offshore-reefer\/#breadcrumb","itemListElement":[{"@type":"ListItem","position":1,"name":"Accueil","item":"https:\/\/sagrinex.com\/?lang=de"},{"@type":"ListItem","position":2,"name":"Shop","item":"https:\/\/sagrinex.com\/shop\/"},{"@type":"ListItem","position":3,"name":"K\u00fchlcontainer 10\u2032 Offshore Reefer"}]},{"@type":"WebSite","@id":"https:\/\/sagrinex.com\/#website","url":"https:\/\/sagrinex.com\/","name":"Sagrinex \u2013 Spezialist f\u00fcr Anh\u00e4nger, Container & Landtechnik","description":"Anhaenger, Container &amp; Landtechnik \u2014 Online-Verkauf &amp; kostenloses Angebot","publisher":{"@id":"https:\/\/sagrinex.com\/#organization"},"potentialAction":[{"@type":"SearchAction","target":{"@type":"EntryPoint","urlTemplate":"https:\/\/sagrinex.com\/?s={search_term_string}"},"query-input":{"@type":"PropertyValueSpecification","valueRequired":true,"valueName":"search_term_string"}}],"inLanguage":"de"},{"@type":"Organization","@id":"https:\/\/sagrinex.com\/#organization","name":"Sagrinex \u2013 Remorques, Conteneurs & Mat\u00e9riel Agricole","url":"https:\/\/sagrinex.com\/","logo":{"@type":"ImageObject","inLanguage":"de","@id":"https:\/\/sagrinex.com\/#\/schema\/logo\/image\/","url":"https:\/\/sagrinex.com\/wp-content\/uploads\/2026\/03\/7f1ac463-ef5a-425d-bdd6-a5da03a334a9-1024x683.png","contentUrl":"https:\/\/sagrinex.com\/wp-content\/uploads\/2026\/03\/7f1ac463-ef5a-425d-bdd6-a5da03a334a9-1024x683.png","width":1024,"height":683,"caption":"Sagrinex \u2013 Remorques, Conteneurs & Mat\u00e9riel Agricole"},"image":{"@id":"https:\/\/sagrinex.com\/#\/schema\/logo\/image\/"}}]}},"jetpack_sharing_enabled":true,"_links":{"self":[{"href":"https:\/\/sagrinex.com\/de\/wp-json\/wp\/v2\/product\/14231","targetHints":{"allow":["GET"]}}],"collection":[{"href":"https:\/\/sagrinex.com\/de\/wp-json\/wp\/v2\/product"}],"about":[{"href":"https:\/\/sagrinex.com\/de\/wp-json\/wp\/v2\/types\/product"}],"replies":[{"embeddable":true,"href":"https:\/\/sagrinex.com\/de\/wp-json\/wp\/v2\/comments?post=14231"}],"version-history":[{"count":0,"href":"https:\/\/sagrinex.com\/de\/wp-json\/wp\/v2\/product\/14231\/revisions"}],"wp:featuredmedia":[{"embeddable":true,"href":"https:\/\/sagrinex.com\/de\/wp-json\/wp\/v2\/media\/16266"}],"wp:attachment":[{"href":"https:\/\/sagrinex.com\/de\/wp-json\/wp\/v2\/media?parent=14231"}],"wp:term":[{"taxonomy":"product_brand","embeddable":true,"href":"https:\/\/sagrinex.com\/de\/wp-json\/wp\/v2\/product_brand?post=14231"},{"taxonomy":"product_cat","embeddable":true,"href":"https:\/\/sagrinex.com\/de\/wp-json\/wp\/v2\/product_cat?post=14231"},{"taxonomy":"product_tag","embeddable":true,"href":"https:\/\/sagrinex.com\/de\/wp-json\/wp\/v2\/product_tag?post=14231"}],"curies":[{"name":"wp","href":"https:\/\/api.w.org\/{rel}","templated":true}]}}