{"id":14232,"date":"2026-03-15T19:25:30","date_gmt":"2026-03-15T19:25:30","guid":{"rendered":"https:\/\/sagrinex.com\/produit\/gebrauchter-20-fuss-lagercontainer-mit-rolltueren\/"},"modified":"2026-04-15T21:12:15","modified_gmt":"2026-04-15T21:12:15","slug":"gebrauchter-20-fuss-lagercontainer-mit-rolltueren","status":"publish","type":"product","link":"https:\/\/sagrinex.com\/de\/produit\/gebrauchter-20-fuss-lagercontainer-mit-rolltueren\/","title":{"rendered":"Gebrauchter 20-fu\u00df-lagercontainer mit Rollt\u00fcren"},"content":{"rendered":"<h1 data-start=\"81\" data-end=\"162\"><strong data-start=\"83\" data-end=\"162\">6 m Container mit Rolltoren \u2013 praktisch, sicher und sofort einsatzbereit<\/strong><\/h1>\n<p data-start=\"164\" data-end=\"415\">Entscheiden Sie sich f\u00fcr einen \u00e4u\u00dferst praktischen <strong data-start=\"200\" data-end=\"218\">Aufbewahrungsbeh\u00e4lter, der sowohl f\u00fcr Profis als auch f\u00fcr Privatpersonen perfekt geeignet ist.<br data-start=\"282\" data-end=\"285\" \/>Dank seiner <strong data-start=\"297\" data-end=\"332\">zwei 2,43 m gro\u00dfen Rollt\u00fcren<\/strong> ist der Zugang m\u00f6glich ist einfach, schnell und ideal f\u00fcr h\u00e4ufige oder gro\u00dfe Ladungen.<\/strong><\/p>\n<p data-start=\"417\" data-end=\"632\">Dieses Modell ist <strong data-start=\"431\" data-end=\"442\">wasserdicht<\/strong>, komplett <strong data-start=\"456\" data-end=\"467\">neu lackiert<\/strong> und mit einer <strong data-start=\"484\" data-end=\"505\">Sicherheitsbox<\/strong> zum Schutz Ihres Vorh\u00e4ngeschlosses ausgestattet: eine zuverl\u00e4ssige L\u00f6sung zur Sicherung Ihrer Ausr\u00fcstung, Werkzeuge, Archive oder Waren.<\/p>\n<p data-start=\"634\" data-end=\"750\">Die Handhabung wird durch die <strong data-start=\"673\" data-end=\"694\">Gabeltaschen<\/strong> erleichtert, die ein schnelles Bewegen mit einem Gabelstapler erm\u00f6glichen.<\/p>\n<hr data-start=\"752\" data-end=\"755\" \/>\n<h2 data-start=\"757\" data-end=\"795\">\ud83d\udd27 <strong data-start=\"763\" data-end=\"795\">Hauptfunktionen<\/strong><\/h2>\n<ul data-start=\"796\" data-end=\"928\">\n<li data-start=\"796\" data-end=\"818\">\n<p data-start=\"798\" data-end=\"818\">Wasserfest und neu lackiert<\/p>\n<\/li>\n<li data-start=\"819\" data-end=\"858\">\n<p data-start=\"821\" data-end=\"858\">2 gro\u00dfe Rolltore (2,43 m)<\/p>\n<\/li>\n<li data-start=\"859\" data-end=\"897\">\n<p data-start=\"861\" data-end=\"897\">Gabeltaschen zur Handhabung<\/p>\n<\/li>\n<li data-start=\"898\" data-end=\"928\">\n<p data-start=\"900\" data-end=\"928\">Integrierte Sicherheitsbox<\/p>\n<\/li>\n<\/ul>\n<hr data-start=\"930\" data-end=\"933\" \/>\n<h2 data-start=\"935\" data-end=\"955\">\ud83d\udccf <strong data-start=\"941\" data-end=\"955\">Abmessungen<\/strong><\/h2>\n<ul data-start=\"956\" data-end=\"1114\">\n<li data-start=\"956\" data-end=\"1009\">\n<p data-start=\"958\" data-end=\"1009\"><strong data-start=\"958\" data-end=\"983\">Au\u00dfen (L \u00d7 B \u00d7 H): 6 m \u00d7 2,43 m \u00d7 2,62 m<\/strong><\/p>\n<\/li>\n<li data-start=\"1010\" data-end=\"1063\">\n<p data-start=\"1012\" data-end=\"1063\"><strong data-start=\"1012\" data-end=\"1037\">Innenraum (L \u00d7 B \u00d7 H): 6 m \u00d7 2,37 m \u00d7 2,16 m<\/strong><\/p>\n<\/li>\n<li data-start=\"1064\" data-end=\"1114\">\n<p data-start=\"1066\" data-end=\"1114\"><strong data-start=\"1066\" data-end=\"1094\">Rolltore (B \u00d7 H)<\/strong>: 2,43 m \u00d7 2,10 m<\/p>\n<\/li>\n<\/ul>\n<hr data-start=\"1116\" data-end=\"1119\" \/>\n<h2 data-start=\"1121\" data-end=\"1136\">\u2696\ufe0f <strong data-start=\"1127\" data-end=\"1136\">Gewicht<\/strong><\/h2>\n<ul data-start=\"1137\" data-end=\"1150\">\n<li data-start=\"1137\" data-end=\"1150\">\n<p data-start=\"1139\" data-end=\"1150\"><strong data-start=\"1139\" data-end=\"1150\">2186 kg<\/strong><\/p>\n<\/li>\n<\/ul>\n<hr data-start=\"1152\" data-end=\"1155\" \/>\n<p data-start=\"1157\" data-end=\"1333\">Dieser Container ist die ideale L\u00f6sung f\u00fcr:<br data-start=\"1199\" data-end=\"1202\" \/>\u2714 Baustellen<br data-start=\"1213\" data-end=\"1216\" \/>\u2714 Garagen \/ Werkst\u00e4tten<br data-start=\"1236\" data-end=\"1239\" \/>\u2714 Unternehmen<br data-start=\"1252\" data-end=\"1255\" \/>\u2714 Sichere Lagerung im Freien<br data-start=\"1284\" data-end=\"1287\" \/>\u2714 Bau- oder Transportprofis<\/p>\n","protected":false},"excerpt":{"rendered":"<p>Hier ist eine <strong>reduzierte, pr\u00e4gnantere, aber dennoch kommerzielle Version<\/strong>:<\/p>\n<p>Der <strong>20-Fu\u00df-Lagercontainer mit Rollt\u00fcren<\/strong> ist eine vielseitige Lagerl\u00f6sung mit <strong>zus\u00e4tzlichem seitlichen Zugang<\/strong>, ideal zur Optimierung der Beladung und Organisation der Ausr\u00fcstung.<\/p>\n<p>Es besteht aus einem wasserdichten und neu lackierten ISO-Versandcontainer, ist aus <strong>korrosionsbest\u00e4ndigem CORTEN-Stahl<\/strong> gefertigt und mit <strong>Rolltoren aus Wellstahl<\/strong> mit einer haltbaren Polyesterbeschichtung ausgestattet. F\u00fcr zus\u00e4tzliche Sicherheit verf\u00fcgt jede T\u00fcr \u00fcber einen <strong>abschlie\u00dfbaren Riegel<\/strong>.<\/p>\n<p>Dieses Modell vereint <strong>Widerstand<\/strong>, <strong>Sicherheit<\/strong> und <strong>Praktikabilit\u00e4t<\/strong> und bietet gleichzeitig mehrere Zugangspunkte, um das Be- und Entladen zu erleichtern. Eine wirtschaftliche und flexible L\u00f6sung f\u00fcr jeden professionellen Lagerbedarf.<\/p>\n","protected":false},"featured_media":16243,"comment_status":"open","ping_status":"closed","template":"","meta":[],"product_brand":[],"product_cat":[350,347],"product_tag":[],"class_list":{"0":"post-14232","1":"product","2":"type-product","3":"status-publish","4":"has-post-thumbnail","6":"product_cat-spezifischer-speicher","7":"product_cat-unsere-container","9":"first","10":"instock","11":"sale","12":"shipping-taxable","13":"purchasable","14":"product-type-simple"},"yoast_head":"<!-- This site is optimized with the Yoast SEO plugin v27.5 - https:\/\/yoast.com\/product\/yoast-seo-wordpress\/ -->\n<title>Gebrauchter 20-Fu\u00df-Lagercontainer mit Rollt\u00fcren<\/title>\n<meta name=\"description\" content=\"Hier ist eine kleinere, pr\u00e4gnantere, aber dennoch kommerzielle Version: Der 20-Fu\u00df-Lagercontainer mit Rolltoren ist eine vielseitige Aufbewahrungsl\u00f6sung mit zus\u00e4tzlichem seitlichen Zugang, ideal f\u00fcr die Optimierung der Beladung und Organisation der Ausr\u00fcstung. Es besteht aus einem wasserdichten und neu lackierten ISO-Versandcontainer, ist aus korrosionsbest\u00e4ndigem CORTEN-Stahl gefertigt und mit Rolltoren aus Wellstahl mit einer haltbaren Polyesterbeschichtung ausgestattet. F\u00fcr zus\u00e4tzliche Sicherheit verf\u00fcgt jede T\u00fcr \u00fcber einen abschlie\u00dfbaren Riegel. Dieses Modell vereint St\u00e4rke, Sicherheit und Praktikabilit\u00e4t und bietet gleichzeitig mehrere Zugangspunkte, um Be- und Entladevorg\u00e4nge zu erleichtern. Eine wirtschaftliche und flexible L\u00f6sung f\u00fcr jeden professionellen Lagerbedarf.\" \/>\n<meta name=\"robots\" content=\"index, follow, max-snippet:-1, max-image-preview:large, max-video-preview:-1\" \/>\n<link rel=\"canonical\" href=\"https:\/\/sagrinex.com\/produit\/conteneur-de-stockage-20-pieds-avec-portes-roulantes-occasion\/\" \/>\n<meta property=\"og:locale\" content=\"de_DE\" \/>\n<meta property=\"og:type\" content=\"article\" \/>\n<meta property=\"og:title\" content=\"Gebrauchter 20-Fu\u00df-Lagercontainer mit Rollt\u00fcren\" \/>\n<meta property=\"og:description\" content=\"Hier ist eine kleinere, pr\u00e4gnantere, aber dennoch kommerzielle Version: Der 20-Fu\u00df-Lagercontainer mit Rolltoren ist eine vielseitige Aufbewahrungsl\u00f6sung mit zus\u00e4tzlichem seitlichen Zugang, ideal f\u00fcr die Optimierung der Beladung und Organisation der Ausr\u00fcstung. Es besteht aus einem wasserdichten und neu lackierten ISO-Versandcontainer, ist aus korrosionsbest\u00e4ndigem CORTEN-Stahl gefertigt und mit Rolltoren aus Wellstahl mit einer haltbaren Polyesterbeschichtung ausgestattet. F\u00fcr zus\u00e4tzliche Sicherheit verf\u00fcgt jede T\u00fcr \u00fcber einen abschlie\u00dfbaren Riegel. Dieses Modell vereint St\u00e4rke, Sicherheit und Praktikabilit\u00e4t und bietet gleichzeitig mehrere Zugangspunkte, um Be- und Entladevorg\u00e4nge zu erleichtern. Eine wirtschaftliche und flexible L\u00f6sung f\u00fcr jeden professionellen Lagerbedarf.\" \/>\n<meta property=\"og:url\" content=\"https:\/\/sagrinex.com\/produit\/conteneur-de-stockage-20-pieds-avec-portes-roulantes-occasion\/\" \/>\n<meta property=\"og:site_name\" content=\"Sagrinex \u2013 Anhaenger, Container &amp; Landtechnik \ud83c\udf3e\ud83d\ude9c\" \/>\n<meta property=\"article:modified_time\" content=\"2026-04-15T21:12:15+00:00\" \/>\n<meta property=\"og:image\" content=\"https:\/\/sagrinex.com\/wp-content\/uploads\/2026\/03\/Image-187-3.jpeg\" \/>\n\t<meta property=\"og:image:width\" content=\"1204\" \/>\n\t<meta property=\"og:image:height\" content=\"676\" \/>\n\t<meta property=\"og:image:type\" content=\"image\/jpeg\" \/>\n<meta name=\"twitter:card\" content=\"summary_large_image\" \/>\n<meta name=\"twitter:label1\" content=\"Gesch\u00e4tzte Lesezeit\" \/>\n\t<meta name=\"twitter:data1\" content=\"2\u00a0Minuten\" \/>\n<script type=\"application\/ld+json\" class=\"yoast-schema-graph\">{\"@context\":\"https:\\\/\\\/schema.org\",\"@graph\":[{\"@type\":\"WebPage\",\"@id\":\"https:\\\/\\\/sagrinex.com\\\/produit\\\/conteneur-de-stockage-20-pieds-avec-portes-roulantes-occasion\\\/\",\"url\":\"https:\\\/\\\/sagrinex.com\\\/produit\\\/conteneur-de-stockage-20-pieds-avec-portes-roulantes-occasion\\\/\",\"name\":\"Gebrauchter 20-Fu\u00df-Lagercontainer mit Rollt\u00fcren\",\"isPartOf\":{\"@id\":\"https:\\\/\\\/sagrinex.com\\\/#website\"},\"primaryImageOfPage\":{\"@id\":\"https:\\\/\\\/sagrinex.com\\\/produit\\\/conteneur-de-stockage-20-pieds-avec-portes-roulantes-occasion\\\/#primaryimage\"},\"image\":{\"@id\":\"https:\\\/\\\/sagrinex.com\\\/produit\\\/conteneur-de-stockage-20-pieds-avec-portes-roulantes-occasion\\\/#primaryimage\"},\"thumbnailUrl\":\"https:\\\/\\\/sagrinex.com\\\/wp-content\\\/uploads\\\/2026\\\/03\\\/Image-187-3.jpeg\",\"datePublished\":\"2026-03-15T19:25:30+00:00\",\"dateModified\":\"2026-04-15T21:12:15+00:00\",\"description\":\"Hier ist eine kleinere, pr\u00e4gnantere, aber dennoch kommerzielle Version: Der 20-Fu\u00df-Lagercontainer mit Rolltoren ist eine vielseitige Aufbewahrungsl\u00f6sung mit zus\u00e4tzlichem seitlichen Zugang, ideal f\u00fcr die Optimierung der Beladung und Organisation der Ausr\u00fcstung. Es besteht aus einem wasserdichten und neu lackierten ISO-Versandcontainer, ist aus korrosionsbest\u00e4ndigem CORTEN-Stahl gefertigt und mit Rolltoren aus Wellstahl mit einer haltbaren Polyesterbeschichtung ausgestattet. F\u00fcr zus\u00e4tzliche Sicherheit verf\u00fcgt jede T\u00fcr \u00fcber einen abschlie\u00dfbaren Riegel. Dieses Modell vereint St\u00e4rke, Sicherheit und Praktikabilit\u00e4t und bietet gleichzeitig mehrere Zugangspunkte, um Be- und Entladevorg\u00e4nge zu erleichtern. Eine wirtschaftliche und flexible L\u00f6sung f\u00fcr jeden professionellen Lagerbedarf.\",\"breadcrumb\":{\"@id\":\"https:\\\/\\\/sagrinex.com\\\/produit\\\/conteneur-de-stockage-20-pieds-avec-portes-roulantes-occasion\\\/#breadcrumb\"},\"inLanguage\":\"de\",\"potentialAction\":[{\"@type\":\"ReadAction\",\"target\":[\"https:\\\/\\\/sagrinex.com\\\/produit\\\/conteneur-de-stockage-20-pieds-avec-portes-roulantes-occasion\\\/\"]}]},{\"@type\":\"ImageObject\",\"inLanguage\":\"de\",\"@id\":\"https:\\\/\\\/sagrinex.com\\\/produit\\\/conteneur-de-stockage-20-pieds-avec-portes-roulantes-occasion\\\/#primaryimage\",\"url\":\"https:\\\/\\\/sagrinex.com\\\/wp-content\\\/uploads\\\/2026\\\/03\\\/Image-187-3.jpeg\",\"contentUrl\":\"https:\\\/\\\/sagrinex.com\\\/wp-content\\\/uploads\\\/2026\\\/03\\\/Image-187-3.jpeg\",\"width\":1204,\"height\":676},{\"@type\":\"BreadcrumbList\",\"@id\":\"https:\\\/\\\/sagrinex.com\\\/produit\\\/conteneur-de-stockage-20-pieds-avec-portes-roulantes-occasion\\\/#breadcrumb\",\"itemListElement\":[{\"@type\":\"ListItem\",\"position\":1,\"name\":\"Accueil\",\"item\":\"https:\\\/\\\/sagrinex.com\\\/?lang=de\"},{\"@type\":\"ListItem\",\"position\":2,\"name\":\"Shop\",\"item\":\"https:\\\/\\\/sagrinex.com\\\/shop\\\/\"},{\"@type\":\"ListItem\",\"position\":3,\"name\":\"Gebrauchter 20-fu\u00df-lagercontainer mit Rollt\u00fcren\"}]},{\"@type\":\"WebSite\",\"@id\":\"https:\\\/\\\/sagrinex.com\\\/#website\",\"url\":\"https:\\\/\\\/sagrinex.com\\\/\",\"name\":\"Sagrinex \u2013 Spezialist f\u00fcr Anh\u00e4nger, Container & Landtechnik\",\"description\":\"Anhaenger, Container &amp; Landtechnik \u2014 Online-Verkauf &amp; kostenloses Angebot\",\"publisher\":{\"@id\":\"https:\\\/\\\/sagrinex.com\\\/#organization\"},\"potentialAction\":[{\"@type\":\"SearchAction\",\"target\":{\"@type\":\"EntryPoint\",\"urlTemplate\":\"https:\\\/\\\/sagrinex.com\\\/?s={search_term_string}\"},\"query-input\":{\"@type\":\"PropertyValueSpecification\",\"valueRequired\":true,\"valueName\":\"search_term_string\"}}],\"inLanguage\":\"de\"},{\"@type\":\"Organization\",\"@id\":\"https:\\\/\\\/sagrinex.com\\\/#organization\",\"name\":\"Sagrinex \u2013 Remorques, Conteneurs & Mat\u00e9riel Agricole\",\"url\":\"https:\\\/\\\/sagrinex.com\\\/\",\"logo\":{\"@type\":\"ImageObject\",\"inLanguage\":\"de\",\"@id\":\"https:\\\/\\\/sagrinex.com\\\/#\\\/schema\\\/logo\\\/image\\\/\",\"url\":\"https:\\\/\\\/sagrinex.com\\\/wp-content\\\/uploads\\\/2026\\\/03\\\/7f1ac463-ef5a-425d-bdd6-a5da03a334a9-1024x683.png\",\"contentUrl\":\"https:\\\/\\\/sagrinex.com\\\/wp-content\\\/uploads\\\/2026\\\/03\\\/7f1ac463-ef5a-425d-bdd6-a5da03a334a9-1024x683.png\",\"width\":1024,\"height\":683,\"caption\":\"Sagrinex \u2013 Remorques, Conteneurs & Mat\u00e9riel Agricole\"},\"image\":{\"@id\":\"https:\\\/\\\/sagrinex.com\\\/#\\\/schema\\\/logo\\\/image\\\/\"}}]}<\/script>\n<!-- \/ Yoast SEO plugin. -->","yoast_head_json":{"title":"Gebrauchter 20-Fu\u00df-Lagercontainer mit Rollt\u00fcren","description":"Hier ist eine kleinere, pr\u00e4gnantere, aber dennoch kommerzielle Version: Der 20-Fu\u00df-Lagercontainer mit Rolltoren ist eine vielseitige Aufbewahrungsl\u00f6sung mit zus\u00e4tzlichem seitlichen Zugang, ideal f\u00fcr die Optimierung der Beladung und Organisation der Ausr\u00fcstung. Es besteht aus einem wasserdichten und neu lackierten ISO-Versandcontainer, ist aus korrosionsbest\u00e4ndigem CORTEN-Stahl gefertigt und mit Rolltoren aus Wellstahl mit einer haltbaren Polyesterbeschichtung ausgestattet. F\u00fcr zus\u00e4tzliche Sicherheit verf\u00fcgt jede T\u00fcr \u00fcber einen abschlie\u00dfbaren Riegel. Dieses Modell vereint St\u00e4rke, Sicherheit und Praktikabilit\u00e4t und bietet gleichzeitig mehrere Zugangspunkte, um Be- und Entladevorg\u00e4nge zu erleichtern. Eine wirtschaftliche und flexible L\u00f6sung f\u00fcr jeden professionellen Lagerbedarf.","robots":{"index":"index","follow":"follow","max-snippet":"max-snippet:-1","max-image-preview":"max-image-preview:large","max-video-preview":"max-video-preview:-1"},"canonical":"https:\/\/sagrinex.com\/produit\/conteneur-de-stockage-20-pieds-avec-portes-roulantes-occasion\/","og_locale":"de_DE","og_type":"article","og_title":"Gebrauchter 20-Fu\u00df-Lagercontainer mit Rollt\u00fcren","og_description":"Hier ist eine kleinere, pr\u00e4gnantere, aber dennoch kommerzielle Version: Der 20-Fu\u00df-Lagercontainer mit Rolltoren ist eine vielseitige Aufbewahrungsl\u00f6sung mit zus\u00e4tzlichem seitlichen Zugang, ideal f\u00fcr die Optimierung der Beladung und Organisation der Ausr\u00fcstung. Es besteht aus einem wasserdichten und neu lackierten ISO-Versandcontainer, ist aus korrosionsbest\u00e4ndigem CORTEN-Stahl gefertigt und mit Rolltoren aus Wellstahl mit einer haltbaren Polyesterbeschichtung ausgestattet. F\u00fcr zus\u00e4tzliche Sicherheit verf\u00fcgt jede T\u00fcr \u00fcber einen abschlie\u00dfbaren Riegel. Dieses Modell vereint St\u00e4rke, Sicherheit und Praktikabilit\u00e4t und bietet gleichzeitig mehrere Zugangspunkte, um Be- und Entladevorg\u00e4nge zu erleichtern. Eine wirtschaftliche und flexible L\u00f6sung f\u00fcr jeden professionellen Lagerbedarf.","og_url":"https:\/\/sagrinex.com\/produit\/conteneur-de-stockage-20-pieds-avec-portes-roulantes-occasion\/","og_site_name":"Sagrinex \u2013 Anhaenger, Container &amp; Landtechnik \ud83c\udf3e\ud83d\ude9c","article_modified_time":"2026-04-15T21:12:15+00:00","og_image":[{"width":1204,"height":676,"url":"https:\/\/sagrinex.com\/wp-content\/uploads\/2026\/03\/Image-187-3.jpeg","type":"image\/jpeg"}],"twitter_card":"summary_large_image","twitter_misc":{"Gesch\u00e4tzte Lesezeit":"2\u00a0Minuten"},"schema":{"@context":"https:\/\/schema.org","@graph":[{"@type":"WebPage","@id":"https:\/\/sagrinex.com\/produit\/conteneur-de-stockage-20-pieds-avec-portes-roulantes-occasion\/","url":"https:\/\/sagrinex.com\/produit\/conteneur-de-stockage-20-pieds-avec-portes-roulantes-occasion\/","name":"Gebrauchter 20-Fu\u00df-Lagercontainer mit Rollt\u00fcren","isPartOf":{"@id":"https:\/\/sagrinex.com\/#website"},"primaryImageOfPage":{"@id":"https:\/\/sagrinex.com\/produit\/conteneur-de-stockage-20-pieds-avec-portes-roulantes-occasion\/#primaryimage"},"image":{"@id":"https:\/\/sagrinex.com\/produit\/conteneur-de-stockage-20-pieds-avec-portes-roulantes-occasion\/#primaryimage"},"thumbnailUrl":"https:\/\/sagrinex.com\/wp-content\/uploads\/2026\/03\/Image-187-3.jpeg","datePublished":"2026-03-15T19:25:30+00:00","dateModified":"2026-04-15T21:12:15+00:00","description":"Hier ist eine kleinere, pr\u00e4gnantere, aber dennoch kommerzielle Version: Der 20-Fu\u00df-Lagercontainer mit Rolltoren ist eine vielseitige Aufbewahrungsl\u00f6sung mit zus\u00e4tzlichem seitlichen Zugang, ideal f\u00fcr die Optimierung der Beladung und Organisation der Ausr\u00fcstung. Es besteht aus einem wasserdichten und neu lackierten ISO-Versandcontainer, ist aus korrosionsbest\u00e4ndigem CORTEN-Stahl gefertigt und mit Rolltoren aus Wellstahl mit einer haltbaren Polyesterbeschichtung ausgestattet. F\u00fcr zus\u00e4tzliche Sicherheit verf\u00fcgt jede T\u00fcr \u00fcber einen abschlie\u00dfbaren Riegel. Dieses Modell vereint St\u00e4rke, Sicherheit und Praktikabilit\u00e4t und bietet gleichzeitig mehrere Zugangspunkte, um Be- und Entladevorg\u00e4nge zu erleichtern. Eine wirtschaftliche und flexible L\u00f6sung f\u00fcr jeden professionellen Lagerbedarf.","breadcrumb":{"@id":"https:\/\/sagrinex.com\/produit\/conteneur-de-stockage-20-pieds-avec-portes-roulantes-occasion\/#breadcrumb"},"inLanguage":"de","potentialAction":[{"@type":"ReadAction","target":["https:\/\/sagrinex.com\/produit\/conteneur-de-stockage-20-pieds-avec-portes-roulantes-occasion\/"]}]},{"@type":"ImageObject","inLanguage":"de","@id":"https:\/\/sagrinex.com\/produit\/conteneur-de-stockage-20-pieds-avec-portes-roulantes-occasion\/#primaryimage","url":"https:\/\/sagrinex.com\/wp-content\/uploads\/2026\/03\/Image-187-3.jpeg","contentUrl":"https:\/\/sagrinex.com\/wp-content\/uploads\/2026\/03\/Image-187-3.jpeg","width":1204,"height":676},{"@type":"BreadcrumbList","@id":"https:\/\/sagrinex.com\/produit\/conteneur-de-stockage-20-pieds-avec-portes-roulantes-occasion\/#breadcrumb","itemListElement":[{"@type":"ListItem","position":1,"name":"Accueil","item":"https:\/\/sagrinex.com\/?lang=de"},{"@type":"ListItem","position":2,"name":"Shop","item":"https:\/\/sagrinex.com\/shop\/"},{"@type":"ListItem","position":3,"name":"Gebrauchter 20-fu\u00df-lagercontainer mit Rollt\u00fcren"}]},{"@type":"WebSite","@id":"https:\/\/sagrinex.com\/#website","url":"https:\/\/sagrinex.com\/","name":"Sagrinex \u2013 Spezialist f\u00fcr Anh\u00e4nger, Container & Landtechnik","description":"Anhaenger, Container &amp; Landtechnik \u2014 Online-Verkauf &amp; kostenloses Angebot","publisher":{"@id":"https:\/\/sagrinex.com\/#organization"},"potentialAction":[{"@type":"SearchAction","target":{"@type":"EntryPoint","urlTemplate":"https:\/\/sagrinex.com\/?s={search_term_string}"},"query-input":{"@type":"PropertyValueSpecification","valueRequired":true,"valueName":"search_term_string"}}],"inLanguage":"de"},{"@type":"Organization","@id":"https:\/\/sagrinex.com\/#organization","name":"Sagrinex \u2013 Remorques, Conteneurs & Mat\u00e9riel Agricole","url":"https:\/\/sagrinex.com\/","logo":{"@type":"ImageObject","inLanguage":"de","@id":"https:\/\/sagrinex.com\/#\/schema\/logo\/image\/","url":"https:\/\/sagrinex.com\/wp-content\/uploads\/2026\/03\/7f1ac463-ef5a-425d-bdd6-a5da03a334a9-1024x683.png","contentUrl":"https:\/\/sagrinex.com\/wp-content\/uploads\/2026\/03\/7f1ac463-ef5a-425d-bdd6-a5da03a334a9-1024x683.png","width":1024,"height":683,"caption":"Sagrinex \u2013 Remorques, Conteneurs & Mat\u00e9riel Agricole"},"image":{"@id":"https:\/\/sagrinex.com\/#\/schema\/logo\/image\/"}}]}},"jetpack_sharing_enabled":true,"_links":{"self":[{"href":"https:\/\/sagrinex.com\/de\/wp-json\/wp\/v2\/product\/14232","targetHints":{"allow":["GET"]}}],"collection":[{"href":"https:\/\/sagrinex.com\/de\/wp-json\/wp\/v2\/product"}],"about":[{"href":"https:\/\/sagrinex.com\/de\/wp-json\/wp\/v2\/types\/product"}],"replies":[{"embeddable":true,"href":"https:\/\/sagrinex.com\/de\/wp-json\/wp\/v2\/comments?post=14232"}],"version-history":[{"count":0,"href":"https:\/\/sagrinex.com\/de\/wp-json\/wp\/v2\/product\/14232\/revisions"}],"wp:featuredmedia":[{"embeddable":true,"href":"https:\/\/sagrinex.com\/de\/wp-json\/wp\/v2\/media\/16243"}],"wp:attachment":[{"href":"https:\/\/sagrinex.com\/de\/wp-json\/wp\/v2\/media?parent=14232"}],"wp:term":[{"taxonomy":"product_brand","embeddable":true,"href":"https:\/\/sagrinex.com\/de\/wp-json\/wp\/v2\/product_brand?post=14232"},{"taxonomy":"product_cat","embeddable":true,"href":"https:\/\/sagrinex.com\/de\/wp-json\/wp\/v2\/product_cat?post=14232"},{"taxonomy":"product_tag","embeddable":true,"href":"https:\/\/sagrinex.com\/de\/wp-json\/wp\/v2\/product_tag?post=14232"}],"curies":[{"name":"wp","href":"https:\/\/api.w.org\/{rel}","templated":true}]}}