{"id":14239,"date":"2026-03-15T14:23:12","date_gmt":"2026-03-15T14:23:12","guid":{"rendered":"https:\/\/sagrinex.com\/produit\/20-fuss-trockencontainer\/"},"modified":"2026-03-15T14:23:12","modified_gmt":"2026-03-15T14:23:12","slug":"20-fuss-trockencontainer","status":"publish","type":"product","link":"https:\/\/sagrinex.com\/de\/produit\/20-fuss-trockencontainer\/","title":{"rendered":"20 Fu\u00df Trockencontainer"},"content":{"rendered":"<h2 class=\"cvGsUA Direction-ltr align-start para-style-body\"><span class=\"OYPEnA text-decoration-none text-strikethrough-none\">WAS SOLLTEN SIE ERWARTEN, WENN SIE EINEN 20-FUSS-CONTAINER KAUFEN?<\/span><\/h2>\n<p>Der neue 20-Fu\u00df-DRY-Container (oder First-Trip-Container) wurde entwickelt, um verschiedene Anforderungen zu erf\u00fcllen, sei es eine Lager- oder Transportl\u00f6sung. Seine robuste Struktur und perfekte Wasserdichtigkeit garantieren optimalen Schutz vor Feuchtigkeit, Sch\u00e4dlingen und schlechtem Wetter.<\/p>\n<h3><span class=\"notion-enable-hover\" data-token-index=\"0\">Die Eigenschaften eines neuen 20-Fu\u00df-Containers<\/span><\/h3>\n<h4>Was sind die Spezifikationen des 20-Fu\u00df-DRY-Containers?<\/h4>\n<ul>\n<li>Materialien: Robuste Cortenstahlkonstruktion, bekannt f\u00fcr ihre Witterungs- und Korrosionsbest\u00e4ndigkeit.<\/li>\n<li>Epoxidharzlack bietet langanhaltenden Korrosionsschutz innen und au\u00dfen.<\/li>\n<li>Doppelfl\u00fcgelt\u00fcren mit wasserdichten Gummidichtungen garantieren optimalen Schutz vor Feuchtigkeit, Insekten und Nagetieren.<\/li>\n<li>28 mm Marine-Sperrholzboden.<\/li>\n<\/ul>\n<h4><span class=\"notion-enable-hover\" data-token-index=\"0\">Konformit\u00e4t und Sicherheitsstandards f\u00fcr 20-Fu\u00df-Container<\/span><\/h4>\n<ul>\n<li><strong>Fortschrittliche Schl\u00f6sser und Schlie\u00dfsysteme<\/strong>: Gew\u00e4hrleisten Sie eine erh\u00f6hte Einbruchsicherheit mit robusten Vorrichtungen zum Schutz von G\u00fctern, die transportiert oder gelagert werden.<\/li>\n<li><strong>ISO-Zertifizierung<\/strong>: Der Container entspricht den internationalen Standards der ISO (International Organization for Standardization), einschlie\u00dflich <strong>ISO 6346<\/strong>, die die Abmessungen, Materialien und Leistung von Containern definiert, die im internationalen Transport verwendet werden.<\/li>\n<li><strong>ISO-Ecke<\/strong>: Der Container ist mit nach der <strong>ISO 1161-Norm<\/strong> genormten Teilen ausgestattet, die universelle und robuste Hebe- und Zurrpunkte gew\u00e4hrleisten und eine sichere und standardisierte Handhabung im multimodalen Transport (See, Schiene, Stra\u00dfe) erm\u00f6glichen.<\/li>\n<li><strong>CSC (Convention for Safe Containers)<\/strong>: Der Container entspricht der Convention for Safe Containers (CSC), die sicherstellt, dass der Container den Bedingungen des internationalen Transports standh\u00e4lt und regelm\u00e4\u00dfigen Inspektionen unterliegt, um seine Sicherheit zu gew\u00e4hrleisten.<\/li>\n<\/ul>\n<h4><span class=\"notion-enable-hover\" data-token-index=\"0\">Welche Abmessungen hat der 20-Fu\u00df-Container?<\/span><\/h4>\n<ul>\n<li><strong>L\u00e4nge:<\/strong> 6,06 m<\/li>\n<li><strong>Breite:<\/strong> 2,44 m<\/li>\n<li><strong>H\u00f6he:<\/strong> 2,59 m<\/li>\n<li><strong>Fl\u00e4che<\/strong>: 13,87 m2<\/li>\n<li><strong>Speichervolumen:<\/strong> ca. 33 m\u00b3<\/li>\n<li><strong>Tragf\u00e4higkeit:<\/strong> bis zu 28 Tonnen<\/li>\n<li><strong>Urgewicht:<\/strong> ca. 2.300 kg (kann je nach verwendeten Materialien leicht variieren)<\/li>\n<li><strong>T\u00fcrabmessungen:<\/strong>\u00a0\u00a0Breite: 2,34\u00a0m und H\u00f6he: 2,28\u00a0m<\/li>\n<\/ul>\n<p>Es gibt 20-Fu\u00df-High-Cube-Container mit einer anderen Dimension: H\u00f6he 2,89 m.<\/p>\n<h3><span class=\"notion-enable-hover\" data-token-index=\"0\">Einsatz und Anpassungsf\u00e4higkeit neuer 20-Fu\u00df-Container<\/span><\/h3>\n<p>Dank ihrer intakten und robusten Struktur bieten die neuen 20-Fu\u00df-Container unz\u00e4hlige Einsatzm\u00f6glichkeiten:<\/p>\n<ul>\n<li><strong>Sicherer Lagerraum:<\/strong> Ideal zur Lagerung witterungs- oder sch\u00e4dlingsempfindlicher Waren.<\/li>\n<li><strong>See- und Landtransport:<\/strong> perfekt geeignet f\u00fcr den internationalen Handel, dank der Einhaltung international standardisierter Abmessungen.<\/li>\n<li><strong>Modulare Transformationen:<\/strong> Wandeln Sie den Container ganz einfach um, um Arbeitsr\u00e4ume (B\u00fcros, Werkst\u00e4tten, Gesch\u00e4fte) oder Wohnr\u00e4ume zu schaffen, indem Sie Ihr Zuhause mit Containern gestalten, dank Optionen wie Isolierung, Hinzuf\u00fcgen von Fenstern, zus\u00e4tzlichen T\u00fcren oder elektrischen Systemen.<\/li>\n<\/ul>\n<h3 class=\"cvGsUA Direction-ltr align-start para-style-body\"><strong><span class=\"OYPEnA text-decoration-none text-strikethrough-none\">Was unsere neuen 20-Fu\u00df-DRY-Container garantieren:<\/span><\/strong><\/h3>\n<ul>\n<li>Wasser- und luftbest\u00e4ndig, garantiert es die Konservierung der gelagerten Produkte.<\/li>\n<li>Die Struktur des 20-Fu\u00df-Trockencontainers ist vollst\u00e4ndig aus CORTEN-Stahl geschwei\u00dft, was ihn \u00e4u\u00dferst robust und widerstandsf\u00e4hig macht und so die Sicherheit seines Inhalts gew\u00e4hrleistet.<\/li>\n<li>Gutes Preis-Leistungs-Verh\u00e4ltnis das ganze Jahr \u00fcber.<\/li>\n<li>Lieferung in ganz Frankreich, kontaktieren Sie unsere Experten f\u00fcr ein individuelles Angebot.<\/li>\n<\/ul>\n<h2><span class=\"notion-enable-hover\" data-token-index=\"0\">Welche Vorteile bietet der neue 20-Fu\u00df-Container?<\/span><\/h2>\n<p>\u2705<strong>Erh\u00f6hte Haltbarkeit:<\/strong> Entwickelt, um den extremsten Wetterbedingungen standzuhalten.<\/p>\n<p>\u2705<strong>Maximaler Schutz:<\/strong> Perfekte Abdichtung gegen Wasser, Luft und Sch\u00e4dlinge.<\/p>\n<p>\u2705 <strong>Individuelles Layout:<\/strong> M\u00f6glichkeit, den Container an Ihre spezifischen Bed\u00fcrfnisse anzupassen.<\/p>\n<p>\u2705 <strong>Lohnende Investition:<\/strong> Ein neuer Container garantiert eine l\u00e4ngere Lebensdauer, inklusive Wartungs- und Instandhaltungskosten.<\/p>\n<p>\u2705 <strong>Vielseitig einsetzbar<\/strong>: Perfekt f\u00fcr Lagerung, Transport und modulare Anordnungen.<\/p>\n<p>\u2705 <strong>Einfache Installation<\/strong>: Die Lieferung erfolgt mit oder ohne Entladen und ist leicht zu transportieren, um sich an Ihre logistischen Anforderungen anzupassen.<\/p>\n<p><strong>FUNKTIONEN<\/strong><\/p>\n<div class=\"grid grid-cols-2 gap-0 py-3\">Fl\u00e4che 13,8 m\u00b2<\/div>\n<div class=\"grid grid-cols-2 gap-0 py-3\">Kapazit\u00e4t 33 m\u00b3<\/div>\n<div class=\"grid grid-cols-2 gap-0 py-3\">Anzahl der Paletten 10<\/div>\n<div class=\"grid grid-cols-2 gap-0 py-3\">Urgewicht 2.230 kg<\/div>\n<div class=\"grid grid-cols-2 gap-0 py-3\">Maximale Belastung 28.250 kg<\/div>\n<div class=\"grid grid-cols-2 gap-0 py-3\">Au\u00dfenl\u00e4nge 6,06 m<\/div>\n<div class=\"grid grid-cols-2 gap-0 py-3\">Au\u00dfenbreite 2,44 m<\/div>\n<div class=\"grid grid-cols-2 gap-0 py-3\">Au\u00dfenh\u00f6he 2,59 m<\/div>\n<div class=\"grid grid-cols-2 gap-0 py-3\">Innenl\u00e4nge 5,9 m<\/div>\n<div class=\"grid grid-cols-2 gap-0 py-3\">Innenbreite 2,35 m<\/div>\n<div class=\"grid grid-cols-2 gap-0 py-3\">Innenh\u00f6he 2,39 m<\/div>\n<div class=\"grid grid-cols-2 gap-0 py-3\">T\u00fcrbreite 2,34 m<\/div>\n<div class=\"grid grid-cols-2 gap-0 py-3\">T\u00fcrh\u00f6he 2,28 m<\/div>\n<div class=\"grid grid-cols-2 gap-0 py-3\">Corten-Stahlkonstruktion<\/div>\n<div class=\"grid grid-cols-2 gap-0 py-3\">Marine-Holzb\u00f6den von 26 bis 30 mm<\/div>\n<div class=\"grid grid-cols-2 gap-0 py-3\">Gabelpassage 2.050 m<\/div>\n","protected":false},"excerpt":{"rendered":"<p>Der 20-Fu\u00df-Container ist der g\u00e4ngigste Containertyp, der f\u00fcr verschiedene Einsatzzwecke geeignet ist. Der neue 20-Fu\u00df-DRY-Container kann zur Lagerung von Werkzeugen oder G\u00fctern oder als individuelle Entwicklungsl\u00f6sung verwendet werden: Haus, Gartenhaus, Werkstatt, Garage.<\/p>\n<p><img decoding=\"async\" class=\"alignnone size-medium wp-image-13526 alignleft\" src=\"https:\/\/www.econtainerlogi.com\/wp-content\/uploads\/2025\/11\/Capture-decran-2025-11-15-161524-300x80.png\" alt=\"\" width=\"300\" height=\"80\" \/><\/p>\n","protected":false},"featured_media":16153,"comment_status":"open","ping_status":"closed","template":"","meta":[],"product_brand":[],"product_cat":[351,347],"product_tag":[],"class_list":{"0":"post-14239","1":"product","2":"type-product","3":"status-publish","4":"has-post-thumbnail","6":"product_cat-standardspeicher","7":"product_cat-unsere-container","9":"first","10":"instock","11":"shipping-taxable","12":"purchasable","13":"product-type-simple"},"yoast_head":"<!-- This site is optimized with the Yoast SEO plugin v27.4 - https:\/\/yoast.com\/product\/yoast-seo-wordpress\/ -->\n<title>20 Fu\u00df Trockencontainer<\/title>\n<meta name=\"description\" content=\"Der 20-Fu\u00df-Container ist der g\u00e4ngigste Containertyp, der f\u00fcr verschiedene Einsatzzwecke geeignet ist. Der neue 20-Fu\u00df-DRY-Container kann zur Lagerung von Werkzeugen oder G\u00fctern oder als individuelle Entwicklungsl\u00f6sung verwendet werden: Haus, Gartenhaus, Werkstatt, Garage.\" \/>\n<meta name=\"robots\" content=\"index, follow, max-snippet:-1, max-image-preview:large, max-video-preview:-1\" \/>\n<link rel=\"canonical\" href=\"https:\/\/sagrinex.com\/produit\/conteneur-20-pieds-dry\/\" \/>\n<meta property=\"og:locale\" content=\"de_DE\" \/>\n<meta property=\"og:type\" content=\"article\" \/>\n<meta property=\"og:title\" content=\"20 Fu\u00df Trockencontainer\" \/>\n<meta property=\"og:description\" content=\"Der 20-Fu\u00df-Container ist der g\u00e4ngigste Containertyp, der f\u00fcr verschiedene Einsatzzwecke geeignet ist. Der neue 20-Fu\u00df-DRY-Container kann zur Lagerung von Werkzeugen oder G\u00fctern oder als individuelle Entwicklungsl\u00f6sung verwendet werden: Haus, Gartenhaus, Werkstatt, Garage.\" \/>\n<meta property=\"og:url\" content=\"https:\/\/sagrinex.com\/produit\/conteneur-20-pieds-dry\/\" \/>\n<meta property=\"og:site_name\" content=\"Sagrinex \u2013 Anhaenger, Container &amp; Landtechnik \ud83c\udf3e\ud83d\ude9c\" \/>\n<meta name=\"twitter:card\" content=\"summary_large_image\" \/>\n<meta name=\"twitter:label1\" content=\"Gesch\u00e4tzte Lesezeit\" \/>\n\t<meta name=\"twitter:data1\" content=\"3\u00a0Minuten\" \/>\n<script type=\"application\/ld+json\" class=\"yoast-schema-graph\">{\"@context\":\"https:\\\/\\\/schema.org\",\"@graph\":[{\"@type\":\"WebPage\",\"@id\":\"https:\\\/\\\/sagrinex.com\\\/produit\\\/conteneur-20-pieds-dry\\\/\",\"url\":\"https:\\\/\\\/sagrinex.com\\\/produit\\\/conteneur-20-pieds-dry\\\/\",\"name\":\"20 Fu\u00df Trockencontainer\",\"isPartOf\":{\"@id\":\"https:\\\/\\\/sagrinex.com\\\/#website\"},\"primaryImageOfPage\":{\"@id\":\"https:\\\/\\\/sagrinex.com\\\/produit\\\/conteneur-20-pieds-dry\\\/#primaryimage\"},\"image\":{\"@id\":\"https:\\\/\\\/sagrinex.com\\\/produit\\\/conteneur-20-pieds-dry\\\/#primaryimage\"},\"thumbnailUrl\":\"https:\\\/\\\/sagrinex.com\\\/wp-content\\\/uploads\\\/2026\\\/03\\\/Image-75-3.jpeg\",\"datePublished\":\"2026-03-15T14:23:12+00:00\",\"description\":\"Der 20-Fu\u00df-Container ist der g\u00e4ngigste Containertyp, der f\u00fcr verschiedene Einsatzzwecke geeignet ist. Der neue 20-Fu\u00df-DRY-Container kann zur Lagerung von Werkzeugen oder G\u00fctern oder als individuelle Entwicklungsl\u00f6sung verwendet werden: Haus, Gartenhaus, Werkstatt, Garage.\",\"breadcrumb\":{\"@id\":\"https:\\\/\\\/sagrinex.com\\\/produit\\\/conteneur-20-pieds-dry\\\/#breadcrumb\"},\"inLanguage\":\"de\",\"potentialAction\":[{\"@type\":\"ReadAction\",\"target\":[\"https:\\\/\\\/sagrinex.com\\\/produit\\\/conteneur-20-pieds-dry\\\/\"]}]},{\"@type\":\"ImageObject\",\"inLanguage\":\"de\",\"@id\":\"https:\\\/\\\/sagrinex.com\\\/produit\\\/conteneur-20-pieds-dry\\\/#primaryimage\",\"url\":\"https:\\\/\\\/sagrinex.com\\\/wp-content\\\/uploads\\\/2026\\\/03\\\/Image-75-3.jpeg\",\"contentUrl\":\"https:\\\/\\\/sagrinex.com\\\/wp-content\\\/uploads\\\/2026\\\/03\\\/Image-75-3.jpeg\",\"width\":1080,\"height\":1011},{\"@type\":\"BreadcrumbList\",\"@id\":\"https:\\\/\\\/sagrinex.com\\\/produit\\\/conteneur-20-pieds-dry\\\/#breadcrumb\",\"itemListElement\":[{\"@type\":\"ListItem\",\"position\":1,\"name\":\"Accueil\",\"item\":\"https:\\\/\\\/sagrinex.com\\\/?lang=de\"},{\"@type\":\"ListItem\",\"position\":2,\"name\":\"Shop\",\"item\":\"https:\\\/\\\/sagrinex.com\\\/shop\\\/\"},{\"@type\":\"ListItem\",\"position\":3,\"name\":\"20 Fu\u00df Trockencontainer\"}]},{\"@type\":\"WebSite\",\"@id\":\"https:\\\/\\\/sagrinex.com\\\/#website\",\"url\":\"https:\\\/\\\/sagrinex.com\\\/\",\"name\":\"Sagrinex \u2013 Spezialist f\u00fcr Anh\u00e4nger, Container & Landtechnik\",\"description\":\"Anhaenger, Container &amp; Landtechnik \u2014 Online-Verkauf &amp; kostenloses Angebot\",\"publisher\":{\"@id\":\"https:\\\/\\\/sagrinex.com\\\/#organization\"},\"potentialAction\":[{\"@type\":\"SearchAction\",\"target\":{\"@type\":\"EntryPoint\",\"urlTemplate\":\"https:\\\/\\\/sagrinex.com\\\/?s={search_term_string}\"},\"query-input\":{\"@type\":\"PropertyValueSpecification\",\"valueRequired\":true,\"valueName\":\"search_term_string\"}}],\"inLanguage\":\"de\"},{\"@type\":\"Organization\",\"@id\":\"https:\\\/\\\/sagrinex.com\\\/#organization\",\"name\":\"Sagrinex \u2013 Remorques, Conteneurs & Mat\u00e9riel Agricole\",\"url\":\"https:\\\/\\\/sagrinex.com\\\/\",\"logo\":{\"@type\":\"ImageObject\",\"inLanguage\":\"de\",\"@id\":\"https:\\\/\\\/sagrinex.com\\\/#\\\/schema\\\/logo\\\/image\\\/\",\"url\":\"https:\\\/\\\/sagrinex.com\\\/wp-content\\\/uploads\\\/2026\\\/03\\\/7f1ac463-ef5a-425d-bdd6-a5da03a334a9-1024x683.png\",\"contentUrl\":\"https:\\\/\\\/sagrinex.com\\\/wp-content\\\/uploads\\\/2026\\\/03\\\/7f1ac463-ef5a-425d-bdd6-a5da03a334a9-1024x683.png\",\"width\":1024,\"height\":683,\"caption\":\"Sagrinex \u2013 Remorques, Conteneurs & Mat\u00e9riel Agricole\"},\"image\":{\"@id\":\"https:\\\/\\\/sagrinex.com\\\/#\\\/schema\\\/logo\\\/image\\\/\"}}]}<\/script>\n<!-- \/ Yoast SEO plugin. -->","yoast_head_json":{"title":"20 Fu\u00df Trockencontainer","description":"Der 20-Fu\u00df-Container ist der g\u00e4ngigste Containertyp, der f\u00fcr verschiedene Einsatzzwecke geeignet ist. Der neue 20-Fu\u00df-DRY-Container kann zur Lagerung von Werkzeugen oder G\u00fctern oder als individuelle Entwicklungsl\u00f6sung verwendet werden: Haus, Gartenhaus, Werkstatt, Garage.","robots":{"index":"index","follow":"follow","max-snippet":"max-snippet:-1","max-image-preview":"max-image-preview:large","max-video-preview":"max-video-preview:-1"},"canonical":"https:\/\/sagrinex.com\/produit\/conteneur-20-pieds-dry\/","og_locale":"de_DE","og_type":"article","og_title":"20 Fu\u00df Trockencontainer","og_description":"Der 20-Fu\u00df-Container ist der g\u00e4ngigste Containertyp, der f\u00fcr verschiedene Einsatzzwecke geeignet ist. Der neue 20-Fu\u00df-DRY-Container kann zur Lagerung von Werkzeugen oder G\u00fctern oder als individuelle Entwicklungsl\u00f6sung verwendet werden: Haus, Gartenhaus, Werkstatt, Garage.","og_url":"https:\/\/sagrinex.com\/produit\/conteneur-20-pieds-dry\/","og_site_name":"Sagrinex \u2013 Anhaenger, Container &amp; Landtechnik \ud83c\udf3e\ud83d\ude9c","twitter_card":"summary_large_image","twitter_misc":{"Gesch\u00e4tzte Lesezeit":"3\u00a0Minuten"},"schema":{"@context":"https:\/\/schema.org","@graph":[{"@type":"WebPage","@id":"https:\/\/sagrinex.com\/produit\/conteneur-20-pieds-dry\/","url":"https:\/\/sagrinex.com\/produit\/conteneur-20-pieds-dry\/","name":"20 Fu\u00df Trockencontainer","isPartOf":{"@id":"https:\/\/sagrinex.com\/#website"},"primaryImageOfPage":{"@id":"https:\/\/sagrinex.com\/produit\/conteneur-20-pieds-dry\/#primaryimage"},"image":{"@id":"https:\/\/sagrinex.com\/produit\/conteneur-20-pieds-dry\/#primaryimage"},"thumbnailUrl":"https:\/\/sagrinex.com\/wp-content\/uploads\/2026\/03\/Image-75-3.jpeg","datePublished":"2026-03-15T14:23:12+00:00","description":"Der 20-Fu\u00df-Container ist der g\u00e4ngigste Containertyp, der f\u00fcr verschiedene Einsatzzwecke geeignet ist. Der neue 20-Fu\u00df-DRY-Container kann zur Lagerung von Werkzeugen oder G\u00fctern oder als individuelle Entwicklungsl\u00f6sung verwendet werden: Haus, Gartenhaus, Werkstatt, Garage.","breadcrumb":{"@id":"https:\/\/sagrinex.com\/produit\/conteneur-20-pieds-dry\/#breadcrumb"},"inLanguage":"de","potentialAction":[{"@type":"ReadAction","target":["https:\/\/sagrinex.com\/produit\/conteneur-20-pieds-dry\/"]}]},{"@type":"ImageObject","inLanguage":"de","@id":"https:\/\/sagrinex.com\/produit\/conteneur-20-pieds-dry\/#primaryimage","url":"https:\/\/sagrinex.com\/wp-content\/uploads\/2026\/03\/Image-75-3.jpeg","contentUrl":"https:\/\/sagrinex.com\/wp-content\/uploads\/2026\/03\/Image-75-3.jpeg","width":1080,"height":1011},{"@type":"BreadcrumbList","@id":"https:\/\/sagrinex.com\/produit\/conteneur-20-pieds-dry\/#breadcrumb","itemListElement":[{"@type":"ListItem","position":1,"name":"Accueil","item":"https:\/\/sagrinex.com\/?lang=de"},{"@type":"ListItem","position":2,"name":"Shop","item":"https:\/\/sagrinex.com\/shop\/"},{"@type":"ListItem","position":3,"name":"20 Fu\u00df Trockencontainer"}]},{"@type":"WebSite","@id":"https:\/\/sagrinex.com\/#website","url":"https:\/\/sagrinex.com\/","name":"Sagrinex \u2013 Spezialist f\u00fcr Anh\u00e4nger, Container & Landtechnik","description":"Anhaenger, Container &amp; Landtechnik \u2014 Online-Verkauf &amp; kostenloses Angebot","publisher":{"@id":"https:\/\/sagrinex.com\/#organization"},"potentialAction":[{"@type":"SearchAction","target":{"@type":"EntryPoint","urlTemplate":"https:\/\/sagrinex.com\/?s={search_term_string}"},"query-input":{"@type":"PropertyValueSpecification","valueRequired":true,"valueName":"search_term_string"}}],"inLanguage":"de"},{"@type":"Organization","@id":"https:\/\/sagrinex.com\/#organization","name":"Sagrinex \u2013 Remorques, Conteneurs & Mat\u00e9riel Agricole","url":"https:\/\/sagrinex.com\/","logo":{"@type":"ImageObject","inLanguage":"de","@id":"https:\/\/sagrinex.com\/#\/schema\/logo\/image\/","url":"https:\/\/sagrinex.com\/wp-content\/uploads\/2026\/03\/7f1ac463-ef5a-425d-bdd6-a5da03a334a9-1024x683.png","contentUrl":"https:\/\/sagrinex.com\/wp-content\/uploads\/2026\/03\/7f1ac463-ef5a-425d-bdd6-a5da03a334a9-1024x683.png","width":1024,"height":683,"caption":"Sagrinex \u2013 Remorques, Conteneurs & Mat\u00e9riel Agricole"},"image":{"@id":"https:\/\/sagrinex.com\/#\/schema\/logo\/image\/"}}]}},"jetpack_sharing_enabled":true,"_links":{"self":[{"href":"https:\/\/sagrinex.com\/de\/wp-json\/wp\/v2\/product\/14239","targetHints":{"allow":["GET"]}}],"collection":[{"href":"https:\/\/sagrinex.com\/de\/wp-json\/wp\/v2\/product"}],"about":[{"href":"https:\/\/sagrinex.com\/de\/wp-json\/wp\/v2\/types\/product"}],"replies":[{"embeddable":true,"href":"https:\/\/sagrinex.com\/de\/wp-json\/wp\/v2\/comments?post=14239"}],"version-history":[{"count":0,"href":"https:\/\/sagrinex.com\/de\/wp-json\/wp\/v2\/product\/14239\/revisions"}],"wp:featuredmedia":[{"embeddable":true,"href":"https:\/\/sagrinex.com\/de\/wp-json\/wp\/v2\/media\/16153"}],"wp:attachment":[{"href":"https:\/\/sagrinex.com\/de\/wp-json\/wp\/v2\/media?parent=14239"}],"wp:term":[{"taxonomy":"product_brand","embeddable":true,"href":"https:\/\/sagrinex.com\/de\/wp-json\/wp\/v2\/product_brand?post=14239"},{"taxonomy":"product_cat","embeddable":true,"href":"https:\/\/sagrinex.com\/de\/wp-json\/wp\/v2\/product_cat?post=14239"},{"taxonomy":"product_tag","embeddable":true,"href":"https:\/\/sagrinex.com\/de\/wp-json\/wp\/v2\/product_tag?post=14239"}],"curies":[{"name":"wp","href":"https:\/\/api.w.org\/{rel}","templated":true}]}}