{"id":14244,"date":"2026-03-14T22:25:52","date_gmt":"2026-03-14T22:25:52","guid":{"rendered":"https:\/\/sagrinex.com\/produit\/mac-alu-pro-saris-mp-205-133-1350-1-zulaessiges-gesamtgewicht-1350-kg-1-gebremste-achse-205-x-133-cm\/"},"modified":"2026-04-15T21:12:16","modified_gmt":"2026-04-15T21:12:16","slug":"mac-alu-pro-saris-mp-205-133-1350-1-zulaessiges-gesamtgewicht-1350-kg-1-gebremste-achse-205-x-133-cm","status":"publish","type":"product","link":"https:\/\/sagrinex.com\/de\/produit\/mac-alu-pro-saris-mp-205-133-1350-1-zulaessiges-gesamtgewicht-1350-kg-1-gebremste-achse-205-x-133-cm\/","title":{"rendered":"Mac Alu Pro Saris Mp 205 133 1350 1 \u2013 Zul\u00e4ssiges Gesamtgewicht 1350 Kg \u2013 1 Gebremste Achse \u2013 205 X 133 Cm"},"content":{"rendered":"<p>Anh\u00e4nger SARIS MP 205\u00d7133 \u2013 kompakt, solide und \u00e4u\u00dferst praktisch<\/p>\n<p><strong>SARIS MP 205\u00d7133<\/strong> nicht kippbarer Anh\u00e4nger, perfekt f\u00fcr den Transport von Materialien, Werkzeugen und Alltagsger\u00e4ten. Sein verzinktes Chassis und der integrierte Marineboden garantieren Robustheit und Langlebigkeit. <strong>neues<\/strong> Modell, einzelne <strong>gebremste<\/strong> Achse, einfach zu handhaben und sicher.<\/p>\n<ul>\n<li><strong>Nutzma\u00dfe:<\/strong> 205 \u00d7 133 cm<\/li>\n<li><strong>Gesamtgewicht:<\/strong> 1.350 kg<\/li>\n<li><strong>Nutzlast:<\/strong> 1.130 kg<\/li>\n<li><strong>Leermasse:<\/strong> 220 kg<\/li>\n<li><strong>Gesamtabmessungen:<\/strong> 325 \u00d7 183 cm<\/li>\n<li><strong>H\u00f6he der Nutzseiten:<\/strong> 43 cm<\/li>\n<li><strong>Bodenh\u00f6he:<\/strong> 52 cm<\/li>\n<li><strong>Reifen:<\/strong> 14\u2033<\/li>\n<li><strong>Bremsen:<\/strong> Anh\u00e4nger gebremst<\/li>\n<li><strong>Achse:<\/strong> Einzelachse<\/li>\n<li><strong>Pfeil:<\/strong> T-Pfeil mit St\u00fctzrad<\/li>\n<li><strong>Kippbar:<\/strong> nicht kippbar<\/li>\n<\/ul>\n<ul>\n<li><strong>Umlaufendes Gel\u00e4nder<\/li>\n<li><strong>Aluminium-Seitenw\u00e4nde<\/strong> mit <strong>abnehmbarer R\u00fcckwand<\/strong><\/li>\n<li><strong>Sicherer Verschluss<\/strong><\/li>\n<li><strong>Haken<\/strong> + <strong>Abschlepphaken<\/strong><\/li>\n<li><strong>Marine-Sperrholzboden<\/strong> verrottungsfest behandelt, in das Chassis <strong>integriert<\/strong> und <strong>unterst\u00fctzt<\/strong><\/li>\n<li><strong>Feuerverzinkte Bauteile<\/strong> (Korrosionsschutz)<\/li>\n<\/ul>\n<ul>\n<li><strong>Achssto\u00dfd\u00e4mpfer<\/strong> \u2013 verbessertes Handling und erh\u00f6hter Komfort im leeren\/beladenen Zustand<\/li>\n<li><strong>Faltbares Panel<\/strong> \u2013 einfaches Be- und Entladen<\/li>\n<li><strong>LED-Beleuchtung (Komplettsystem)<\/strong> \u2013 bessere Sichtbarkeit und Haltbarkeit<\/li>\n<li><strong>Leichtmetallfelgen montiert<\/strong> \u2013 zus\u00e4tzliche \u00c4sthetik und Widerstandsf\u00e4higkeit<\/li>\n<\/ul>\n<ul>\n<li><strong>Kompakt und robust<\/strong>: vielseitiges Format 205\u00d7133, Nutzlast 1.130 kg<\/li>\n<li><strong>Haltbarkeit<\/strong>: verzinktes Chassis, integrierter verrottungsfester Marineboden<\/li>\n<li><strong>Sicherheit und Praktikabilit\u00e4t<\/strong>: Bremsen, T-f\u00f6rmiger Ausleger, sicheres Schlie\u00dfen, Aluminium-Bordw\u00e4nde<\/li>\n<li><strong>Skalierbar<\/strong>: Ausgew\u00e4hlte Optionen f\u00fcr mehr Komfort, Sichtbarkeit und Stil<\/li>\n<\/ul>\n<p>Mit einer gro\u00dfen Auswahl an Kippanh\u00e4ngern auf Lager kann Sagrinex Sie bei Ihrem Kauf entsprechend Ihren Erwartungen in Bezug auf Nutzung, Qualit\u00e4t und Budget beraten.<\/p>\n<p><strong>Sagrinex k\u00fcmmert sich um die Lieferung Ihres Anh\u00e4ngers<\/strong>.<\/p>\n<p>Z\u00f6gern Sie nicht, uns f\u00fcr weitere Informationen zu kontaktieren<\/p>\n","protected":false},"excerpt":{"rendered":"<p>SARIS MP 205\u00d7133 Anh\u00e4nger (zul\u00e4ssiges Gesamtgewicht 1.350 kg, Nutzlast 1.130 kg), einzelne gebremste Achse, nicht kippbar, 52 cm Boden, 43 cm nutzbare Bordw\u00e4nde, 14-Zoll-Reifen. Standard: T-f\u00f6rmiger Ausleger mit St\u00fctzrad, Leitplanke, Haken + Abschlepphaken, sicherer Verschluss, Aluminium-Bordw\u00e4nde, abnehmbare R\u00fcckwand, integrierter und unterst\u00fctzter Bootsboden, Komponenten feuerverzinkt.<\/p>\n<div class=\"mod_fa_customizablefields_v14_list\">\n<div class=\"mod_fa_champspersonnalisables_v14_titre\"><strong>Zul\u00e4ssiges Gesamtgewicht: <\/strong><span class=\"mod_fa_champspersonnalisables_v14_value\">1350 kg<\/span><\/div>\n<\/div>\n<div class=\"mod_fa_customizablefields_v14_list\">\n<div class=\"mod_fa_champspersonnalisables_v14_titre\"><strong>Leermasse: <\/strong><span class=\"mod_fa_champspersonnalisables_v14_value\">220 kg<\/span><\/div>\n<\/div>\n<div class=\"mod_fa_customizablefields_v14_list\">\n<div class=\"mod_fa_champspersonnalisables_v14_titre\"><strong>Nutzlast: <\/strong><span class=\"mod_fa_champspersonnalisables_v14_value\">1130 kg<\/span><\/div>\n<\/div>\n<div class=\"mod_fa_customizablefields_v14_list\">\n<div class=\"mod_fa_champspersonnalisables_v14_titre\"><strong>Gesamtabmessungen: <\/strong><span class=\"mod_fa_champspersonnalisables_v14_value\">325 x 183 cm<\/span><\/div>\n<\/div>\n<div class=\"mod_fa_customizablefields_v14_list\">\n<div class=\"mod_fa_champspersonnalisables_v14_titre\"><strong>Achswiderstand(e): <\/strong><span class=\"mod_fa_champspersonnalisables_v14_value\">1350 kg<\/span><\/div>\n<\/div>\n<div class=\"mod_fa_customizablefields_v14_list\">\n<div class=\"mod_fa_personalisablefields_v14_title\"><strong>Pfeil: <\/strong><span class=\"mod_fa_personalisablefields_v14_value\">T-f\u00f6rmiger Pfeil<\/span><\/div>\n<\/div>\n<div class=\"mod_fa_customizablefields_v14_list\">\n<div class=\"mod_fa_champspersonnalisables_v14_titre\"><strong>R\u00e4der: <\/strong><span class=\"mod_fa_champspersonnalisables_v14_valeur\">14 Zoll<\/span><\/div>\n<\/div>\n<div class=\"mod_fa_customizablefields_v14_list\">\n<div class=\"mod_fa_champspersonnalisables_v14_titre\"><strong>Ausstattung: <\/strong><span class=\"mod_fa_champspersonnalisables_v14_valeur\">Gel\u00e4nder \u2022 Haken \u2022 Sicherer Verschluss \u2022 Aluminium-Seitenw\u00e4nde \u2022 Abnehmbare R\u00fcckwand \u2022 Abschlepphaken \u2022 Unterst\u00fctzter Boden \u2022 In das Chassis integrierter Boden \u2022 Boden aus verrottungsfest behandeltem Marine-Sperrholz \u2022 Verzinkte Komponenten hei\u00df \u2022 T-Ausleger mit Jockey Rad<\/span><\/div>\n<\/div>\n","protected":false},"featured_media":16057,"comment_status":"open","ping_status":"closed","template":"","meta":[],"product_brand":[],"product_cat":[353,352],"product_tag":[],"class_list":{"0":"post-14244","1":"product","2":"type-product","3":"status-publish","4":"has-post-thumbnail","6":"product_cat-gepaeckanhaenger","7":"product_cat-unsere-trailer","9":"first","10":"instock","11":"shipping-taxable","12":"purchasable","13":"product-type-simple"},"yoast_head":"<!-- This site is optimized with the Yoast SEO plugin v27.4 - https:\/\/yoast.com\/product\/yoast-seo-wordpress\/ -->\n<title>MAC ALU PRO SARIS MP 205 133 1350 1 \u2013 zul\u00e4ssiges Gesamtgewicht 1350 kg \u2013 1 gebremste Achse \u2013 205 x 133 cm<\/title>\n<meta name=\"description\" content=\"SARIS MP 205\u00d7133 Anh\u00e4nger (zul\u00e4ssiges Gesamtgewicht 1.350 kg, Nutzlast 1.130 kg), einzelne gebremste Achse, nicht kippbar, 52 cm Boden, 43 cm nutzbare Bordw\u00e4nde, 14-Zoll-Reifen. Standard: T-f\u00f6rmiger Ausleger mit St\u00fctzrad, Leitplanke, Haken + Abschlepphaken, sicherer Verschluss, Aluminium-Bordw\u00e4nde, abnehmbare R\u00fcckwand, integrierter und unterst\u00fctzter Bootsboden, Komponenten feuerverzinkt.\" \/>\n<meta name=\"robots\" content=\"index, follow, max-snippet:-1, max-image-preview:large, max-video-preview:-1\" \/>\n<link rel=\"canonical\" href=\"https:\/\/sagrinex.com\/produit\/mac-alu-pro-saris-mp-205-133-1350-1-ptac-1350-kg-1-essieu-freine-205-x-133-cm\/\" \/>\n<meta property=\"og:locale\" content=\"de_DE\" \/>\n<meta property=\"og:type\" content=\"article\" \/>\n<meta property=\"og:title\" content=\"MAC ALU PRO SARIS MP 205 133 1350 1 \u2013 zul\u00e4ssiges Gesamtgewicht 1350 kg \u2013 1 gebremste Achse \u2013 205 x 133 cm\" \/>\n<meta property=\"og:description\" content=\"SARIS MP 205\u00d7133 Anh\u00e4nger (zul\u00e4ssiges Gesamtgewicht 1.350 kg, Nutzlast 1.130 kg), einzelne gebremste Achse, nicht kippbar, 52 cm Boden, 43 cm nutzbare Bordw\u00e4nde, 14-Zoll-Reifen. Standard: T-f\u00f6rmiger Ausleger mit St\u00fctzrad, Leitplanke, Haken + Abschlepphaken, sicherer Verschluss, Aluminium-Bordw\u00e4nde, abnehmbare R\u00fcckwand, integrierter und unterst\u00fctzter Bootsboden, Komponenten feuerverzinkt.\" \/>\n<meta property=\"og:url\" content=\"https:\/\/sagrinex.com\/produit\/mac-alu-pro-saris-mp-205-133-1350-1-ptac-1350-kg-1-essieu-freine-205-x-133-cm\/\" \/>\n<meta property=\"og:site_name\" content=\"Sagrinex \u2013 Anhaenger, Container &amp; Landtechnik \ud83c\udf3e\ud83d\ude9c\" \/>\n<meta property=\"article:modified_time\" content=\"2026-04-15T21:12:16+00:00\" \/>\n<meta property=\"og:image\" content=\"https:\/\/sagrinex.com\/wp-content\/uploads\/2026\/03\/Image-387-1.jpeg\" \/>\n\t<meta property=\"og:image:width\" content=\"1200\" \/>\n\t<meta property=\"og:image:height\" content=\"1200\" \/>\n\t<meta property=\"og:image:type\" content=\"image\/jpeg\" \/>\n<meta name=\"twitter:card\" content=\"summary_large_image\" \/>\n<meta name=\"twitter:label1\" content=\"Gesch\u00e4tzte Lesezeit\" \/>\n\t<meta name=\"twitter:data1\" content=\"1\u00a0Minute\" \/>\n<script type=\"application\/ld+json\" class=\"yoast-schema-graph\">{\"@context\":\"https:\\\/\\\/schema.org\",\"@graph\":[{\"@type\":\"WebPage\",\"@id\":\"https:\\\/\\\/sagrinex.com\\\/produit\\\/mac-alu-pro-saris-mp-205-133-1350-1-ptac-1350-kg-1-essieu-freine-205-x-133-cm\\\/\",\"url\":\"https:\\\/\\\/sagrinex.com\\\/produit\\\/mac-alu-pro-saris-mp-205-133-1350-1-ptac-1350-kg-1-essieu-freine-205-x-133-cm\\\/\",\"name\":\"MAC ALU PRO SARIS MP 205 133 1350 1 \u2013 zul\u00e4ssiges Gesamtgewicht 1350 kg \u2013 1 gebremste Achse \u2013 205 x 133 cm\",\"isPartOf\":{\"@id\":\"https:\\\/\\\/sagrinex.com\\\/#website\"},\"primaryImageOfPage\":{\"@id\":\"https:\\\/\\\/sagrinex.com\\\/produit\\\/mac-alu-pro-saris-mp-205-133-1350-1-ptac-1350-kg-1-essieu-freine-205-x-133-cm\\\/#primaryimage\"},\"image\":{\"@id\":\"https:\\\/\\\/sagrinex.com\\\/produit\\\/mac-alu-pro-saris-mp-205-133-1350-1-ptac-1350-kg-1-essieu-freine-205-x-133-cm\\\/#primaryimage\"},\"thumbnailUrl\":\"https:\\\/\\\/sagrinex.com\\\/wp-content\\\/uploads\\\/2026\\\/03\\\/Image-387-1.jpeg\",\"datePublished\":\"2026-03-14T22:25:52+00:00\",\"dateModified\":\"2026-04-15T21:12:16+00:00\",\"description\":\"SARIS MP 205\u00d7133 Anh\u00e4nger (zul\u00e4ssiges Gesamtgewicht 1.350 kg, Nutzlast 1.130 kg), einzelne gebremste Achse, nicht kippbar, 52 cm Boden, 43 cm nutzbare Bordw\u00e4nde, 14-Zoll-Reifen. Standard: T-f\u00f6rmiger Ausleger mit St\u00fctzrad, Leitplanke, Haken + Abschlepphaken, sicherer Verschluss, Aluminium-Bordw\u00e4nde, abnehmbare R\u00fcckwand, integrierter und unterst\u00fctzter Bootsboden, Komponenten feuerverzinkt.\",\"breadcrumb\":{\"@id\":\"https:\\\/\\\/sagrinex.com\\\/produit\\\/mac-alu-pro-saris-mp-205-133-1350-1-ptac-1350-kg-1-essieu-freine-205-x-133-cm\\\/#breadcrumb\"},\"inLanguage\":\"de\",\"potentialAction\":[{\"@type\":\"ReadAction\",\"target\":[\"https:\\\/\\\/sagrinex.com\\\/produit\\\/mac-alu-pro-saris-mp-205-133-1350-1-ptac-1350-kg-1-essieu-freine-205-x-133-cm\\\/\"]}]},{\"@type\":\"ImageObject\",\"inLanguage\":\"de\",\"@id\":\"https:\\\/\\\/sagrinex.com\\\/produit\\\/mac-alu-pro-saris-mp-205-133-1350-1-ptac-1350-kg-1-essieu-freine-205-x-133-cm\\\/#primaryimage\",\"url\":\"https:\\\/\\\/sagrinex.com\\\/wp-content\\\/uploads\\\/2026\\\/03\\\/Image-387-1.jpeg\",\"contentUrl\":\"https:\\\/\\\/sagrinex.com\\\/wp-content\\\/uploads\\\/2026\\\/03\\\/Image-387-1.jpeg\",\"width\":1200,\"height\":1200},{\"@type\":\"BreadcrumbList\",\"@id\":\"https:\\\/\\\/sagrinex.com\\\/produit\\\/mac-alu-pro-saris-mp-205-133-1350-1-ptac-1350-kg-1-essieu-freine-205-x-133-cm\\\/#breadcrumb\",\"itemListElement\":[{\"@type\":\"ListItem\",\"position\":1,\"name\":\"Accueil\",\"item\":\"https:\\\/\\\/sagrinex.com\\\/?lang=de\"},{\"@type\":\"ListItem\",\"position\":2,\"name\":\"Shop\",\"item\":\"https:\\\/\\\/sagrinex.com\\\/shop\\\/\"},{\"@type\":\"ListItem\",\"position\":3,\"name\":\"Mac Alu Pro Saris Mp 205 133 1350 1 \u2013 Zul\u00e4ssiges Gesamtgewicht 1350 Kg \u2013 1 Gebremste Achse \u2013 205 X 133 Cm\"}]},{\"@type\":\"WebSite\",\"@id\":\"https:\\\/\\\/sagrinex.com\\\/#website\",\"url\":\"https:\\\/\\\/sagrinex.com\\\/\",\"name\":\"Sagrinex \u2013 Spezialist f\u00fcr Anh\u00e4nger, Container & Landtechnik\",\"description\":\"Anhaenger, Container &amp; Landtechnik \u2014 Online-Verkauf &amp; kostenloses Angebot\",\"publisher\":{\"@id\":\"https:\\\/\\\/sagrinex.com\\\/#organization\"},\"potentialAction\":[{\"@type\":\"SearchAction\",\"target\":{\"@type\":\"EntryPoint\",\"urlTemplate\":\"https:\\\/\\\/sagrinex.com\\\/?s={search_term_string}\"},\"query-input\":{\"@type\":\"PropertyValueSpecification\",\"valueRequired\":true,\"valueName\":\"search_term_string\"}}],\"inLanguage\":\"de\"},{\"@type\":\"Organization\",\"@id\":\"https:\\\/\\\/sagrinex.com\\\/#organization\",\"name\":\"Sagrinex \u2013 Remorques, Conteneurs & Mat\u00e9riel Agricole\",\"url\":\"https:\\\/\\\/sagrinex.com\\\/\",\"logo\":{\"@type\":\"ImageObject\",\"inLanguage\":\"de\",\"@id\":\"https:\\\/\\\/sagrinex.com\\\/#\\\/schema\\\/logo\\\/image\\\/\",\"url\":\"https:\\\/\\\/sagrinex.com\\\/wp-content\\\/uploads\\\/2026\\\/03\\\/7f1ac463-ef5a-425d-bdd6-a5da03a334a9-1024x683.png\",\"contentUrl\":\"https:\\\/\\\/sagrinex.com\\\/wp-content\\\/uploads\\\/2026\\\/03\\\/7f1ac463-ef5a-425d-bdd6-a5da03a334a9-1024x683.png\",\"width\":1024,\"height\":683,\"caption\":\"Sagrinex \u2013 Remorques, Conteneurs & Mat\u00e9riel Agricole\"},\"image\":{\"@id\":\"https:\\\/\\\/sagrinex.com\\\/#\\\/schema\\\/logo\\\/image\\\/\"}}]}<\/script>\n<!-- \/ Yoast SEO plugin. -->","yoast_head_json":{"title":"MAC ALU PRO SARIS MP 205 133 1350 1 \u2013 zul\u00e4ssiges Gesamtgewicht 1350 kg \u2013 1 gebremste Achse \u2013 205 x 133 cm","description":"SARIS MP 205\u00d7133 Anh\u00e4nger (zul\u00e4ssiges Gesamtgewicht 1.350 kg, Nutzlast 1.130 kg), einzelne gebremste Achse, nicht kippbar, 52 cm Boden, 43 cm nutzbare Bordw\u00e4nde, 14-Zoll-Reifen. Standard: T-f\u00f6rmiger Ausleger mit St\u00fctzrad, Leitplanke, Haken + Abschlepphaken, sicherer Verschluss, Aluminium-Bordw\u00e4nde, abnehmbare R\u00fcckwand, integrierter und unterst\u00fctzter Bootsboden, Komponenten feuerverzinkt.","robots":{"index":"index","follow":"follow","max-snippet":"max-snippet:-1","max-image-preview":"max-image-preview:large","max-video-preview":"max-video-preview:-1"},"canonical":"https:\/\/sagrinex.com\/produit\/mac-alu-pro-saris-mp-205-133-1350-1-ptac-1350-kg-1-essieu-freine-205-x-133-cm\/","og_locale":"de_DE","og_type":"article","og_title":"MAC ALU PRO SARIS MP 205 133 1350 1 \u2013 zul\u00e4ssiges Gesamtgewicht 1350 kg \u2013 1 gebremste Achse \u2013 205 x 133 cm","og_description":"SARIS MP 205\u00d7133 Anh\u00e4nger (zul\u00e4ssiges Gesamtgewicht 1.350 kg, Nutzlast 1.130 kg), einzelne gebremste Achse, nicht kippbar, 52 cm Boden, 43 cm nutzbare Bordw\u00e4nde, 14-Zoll-Reifen. Standard: T-f\u00f6rmiger Ausleger mit St\u00fctzrad, Leitplanke, Haken + Abschlepphaken, sicherer Verschluss, Aluminium-Bordw\u00e4nde, abnehmbare R\u00fcckwand, integrierter und unterst\u00fctzter Bootsboden, Komponenten feuerverzinkt.","og_url":"https:\/\/sagrinex.com\/produit\/mac-alu-pro-saris-mp-205-133-1350-1-ptac-1350-kg-1-essieu-freine-205-x-133-cm\/","og_site_name":"Sagrinex \u2013 Anhaenger, Container &amp; Landtechnik \ud83c\udf3e\ud83d\ude9c","article_modified_time":"2026-04-15T21:12:16+00:00","og_image":[{"width":1200,"height":1200,"url":"https:\/\/sagrinex.com\/wp-content\/uploads\/2026\/03\/Image-387-1.jpeg","type":"image\/jpeg"}],"twitter_card":"summary_large_image","twitter_misc":{"Gesch\u00e4tzte Lesezeit":"1\u00a0Minute"},"schema":{"@context":"https:\/\/schema.org","@graph":[{"@type":"WebPage","@id":"https:\/\/sagrinex.com\/produit\/mac-alu-pro-saris-mp-205-133-1350-1-ptac-1350-kg-1-essieu-freine-205-x-133-cm\/","url":"https:\/\/sagrinex.com\/produit\/mac-alu-pro-saris-mp-205-133-1350-1-ptac-1350-kg-1-essieu-freine-205-x-133-cm\/","name":"MAC ALU PRO SARIS MP 205 133 1350 1 \u2013 zul\u00e4ssiges Gesamtgewicht 1350 kg \u2013 1 gebremste Achse \u2013 205 x 133 cm","isPartOf":{"@id":"https:\/\/sagrinex.com\/#website"},"primaryImageOfPage":{"@id":"https:\/\/sagrinex.com\/produit\/mac-alu-pro-saris-mp-205-133-1350-1-ptac-1350-kg-1-essieu-freine-205-x-133-cm\/#primaryimage"},"image":{"@id":"https:\/\/sagrinex.com\/produit\/mac-alu-pro-saris-mp-205-133-1350-1-ptac-1350-kg-1-essieu-freine-205-x-133-cm\/#primaryimage"},"thumbnailUrl":"https:\/\/sagrinex.com\/wp-content\/uploads\/2026\/03\/Image-387-1.jpeg","datePublished":"2026-03-14T22:25:52+00:00","dateModified":"2026-04-15T21:12:16+00:00","description":"SARIS MP 205\u00d7133 Anh\u00e4nger (zul\u00e4ssiges Gesamtgewicht 1.350 kg, Nutzlast 1.130 kg), einzelne gebremste Achse, nicht kippbar, 52 cm Boden, 43 cm nutzbare Bordw\u00e4nde, 14-Zoll-Reifen. Standard: T-f\u00f6rmiger Ausleger mit St\u00fctzrad, Leitplanke, Haken + Abschlepphaken, sicherer Verschluss, Aluminium-Bordw\u00e4nde, abnehmbare R\u00fcckwand, integrierter und unterst\u00fctzter Bootsboden, Komponenten feuerverzinkt.","breadcrumb":{"@id":"https:\/\/sagrinex.com\/produit\/mac-alu-pro-saris-mp-205-133-1350-1-ptac-1350-kg-1-essieu-freine-205-x-133-cm\/#breadcrumb"},"inLanguage":"de","potentialAction":[{"@type":"ReadAction","target":["https:\/\/sagrinex.com\/produit\/mac-alu-pro-saris-mp-205-133-1350-1-ptac-1350-kg-1-essieu-freine-205-x-133-cm\/"]}]},{"@type":"ImageObject","inLanguage":"de","@id":"https:\/\/sagrinex.com\/produit\/mac-alu-pro-saris-mp-205-133-1350-1-ptac-1350-kg-1-essieu-freine-205-x-133-cm\/#primaryimage","url":"https:\/\/sagrinex.com\/wp-content\/uploads\/2026\/03\/Image-387-1.jpeg","contentUrl":"https:\/\/sagrinex.com\/wp-content\/uploads\/2026\/03\/Image-387-1.jpeg","width":1200,"height":1200},{"@type":"BreadcrumbList","@id":"https:\/\/sagrinex.com\/produit\/mac-alu-pro-saris-mp-205-133-1350-1-ptac-1350-kg-1-essieu-freine-205-x-133-cm\/#breadcrumb","itemListElement":[{"@type":"ListItem","position":1,"name":"Accueil","item":"https:\/\/sagrinex.com\/?lang=de"},{"@type":"ListItem","position":2,"name":"Shop","item":"https:\/\/sagrinex.com\/shop\/"},{"@type":"ListItem","position":3,"name":"Mac Alu Pro Saris Mp 205 133 1350 1 \u2013 Zul\u00e4ssiges Gesamtgewicht 1350 Kg \u2013 1 Gebremste Achse \u2013 205 X 133 Cm"}]},{"@type":"WebSite","@id":"https:\/\/sagrinex.com\/#website","url":"https:\/\/sagrinex.com\/","name":"Sagrinex \u2013 Spezialist f\u00fcr Anh\u00e4nger, Container & Landtechnik","description":"Anhaenger, Container &amp; Landtechnik \u2014 Online-Verkauf &amp; kostenloses Angebot","publisher":{"@id":"https:\/\/sagrinex.com\/#organization"},"potentialAction":[{"@type":"SearchAction","target":{"@type":"EntryPoint","urlTemplate":"https:\/\/sagrinex.com\/?s={search_term_string}"},"query-input":{"@type":"PropertyValueSpecification","valueRequired":true,"valueName":"search_term_string"}}],"inLanguage":"de"},{"@type":"Organization","@id":"https:\/\/sagrinex.com\/#organization","name":"Sagrinex \u2013 Remorques, Conteneurs & Mat\u00e9riel Agricole","url":"https:\/\/sagrinex.com\/","logo":{"@type":"ImageObject","inLanguage":"de","@id":"https:\/\/sagrinex.com\/#\/schema\/logo\/image\/","url":"https:\/\/sagrinex.com\/wp-content\/uploads\/2026\/03\/7f1ac463-ef5a-425d-bdd6-a5da03a334a9-1024x683.png","contentUrl":"https:\/\/sagrinex.com\/wp-content\/uploads\/2026\/03\/7f1ac463-ef5a-425d-bdd6-a5da03a334a9-1024x683.png","width":1024,"height":683,"caption":"Sagrinex \u2013 Remorques, Conteneurs & Mat\u00e9riel Agricole"},"image":{"@id":"https:\/\/sagrinex.com\/#\/schema\/logo\/image\/"}}]}},"jetpack_sharing_enabled":true,"_links":{"self":[{"href":"https:\/\/sagrinex.com\/de\/wp-json\/wp\/v2\/product\/14244","targetHints":{"allow":["GET"]}}],"collection":[{"href":"https:\/\/sagrinex.com\/de\/wp-json\/wp\/v2\/product"}],"about":[{"href":"https:\/\/sagrinex.com\/de\/wp-json\/wp\/v2\/types\/product"}],"replies":[{"embeddable":true,"href":"https:\/\/sagrinex.com\/de\/wp-json\/wp\/v2\/comments?post=14244"}],"version-history":[{"count":0,"href":"https:\/\/sagrinex.com\/de\/wp-json\/wp\/v2\/product\/14244\/revisions"}],"wp:featuredmedia":[{"embeddable":true,"href":"https:\/\/sagrinex.com\/de\/wp-json\/wp\/v2\/media\/16057"}],"wp:attachment":[{"href":"https:\/\/sagrinex.com\/de\/wp-json\/wp\/v2\/media?parent=14244"}],"wp:term":[{"taxonomy":"product_brand","embeddable":true,"href":"https:\/\/sagrinex.com\/de\/wp-json\/wp\/v2\/product_brand?post=14244"},{"taxonomy":"product_cat","embeddable":true,"href":"https:\/\/sagrinex.com\/de\/wp-json\/wp\/v2\/product_cat?post=14244"},{"taxonomy":"product_tag","embeddable":true,"href":"https:\/\/sagrinex.com\/de\/wp-json\/wp\/v2\/product_tag?post=14244"}],"curies":[{"name":"wp","href":"https:\/\/api.w.org\/{rel}","templated":true}]}}