{"id":14246,"date":"2026-03-14T22:14:36","date_gmt":"2026-03-14T22:14:36","guid":{"rendered":"https:\/\/sagrinex.com\/produit\/saris-mac-alu-mp-305-153-2700-anhaenger-2-achsen-gesamtgewicht-2700-kg\/"},"modified":"2026-04-15T21:12:16","modified_gmt":"2026-04-15T21:12:16","slug":"saris-mac-alu-mp-305-153-2700-anhaenger-2-achsen-gesamtgewicht-2700-kg","status":"publish","type":"product","link":"https:\/\/sagrinex.com\/de\/produit\/saris-mac-alu-mp-305-153-2700-anhaenger-2-achsen-gesamtgewicht-2700-kg\/","title":{"rendered":"Saris Mac Alu Mp 305 153 2700 Anh\u00c4nger &#8211; 2 Achsen &#8211; Gesamtgewicht 2700 Kg"},"content":{"rendered":"<p>Anh\u00e4nger SARIS MP 305\u00d7153 \u2013 robust, vielseitig und einsatzbereit<\/p>\n<p>Nicht kippbarer <strong>SARIS<\/strong>-Anh\u00e4nger, ideal f\u00fcr Handwerker, Landschaftsg\u00e4rtner und anspruchsvolle Privatpersonen. Sein feuerverzinktes Chassis und der integrierte Marine-Sperrholzboden sorgen f\u00fcr eine lange Lebensdauer, auch bei intensiver Nutzung. <strong>neues<\/strong> Modell, sofort einsatzbereit.<\/p>\n<ul>\n<li><strong>Nutzma\u00dfe:<\/strong> 305 \u00d7 153 cm<\/li>\n<li><strong>Gesamtgewicht:<\/strong> 2.700 kg<\/li>\n<li><strong>Nutzlast:<\/strong> 2.300 kg<\/li>\n<li><strong>Leermasse:<\/strong> 400 kg<\/li>\n<li><strong>Gesamtabmessungen:<\/strong> 440 \u00d7 203 cm<\/li>\n<li><strong>H\u00f6he der Nutzseiten:<\/strong> 43 cm<\/li>\n<li><strong>Bodenh\u00f6he:<\/strong> 52 cm<\/li>\n<li><strong>Reifen:<\/strong> 14&#8243;<\/li>\n<li><strong>Bremsen:<\/strong> Anh\u00e4nger gebremst<\/li>\n<li><strong>Achsen:<\/strong> Doppelachse<\/li>\n<li><strong>Kippbar:<\/strong> nicht kippbar<\/li>\n<li><strong>V-f\u00f6rmiger Pfeil:<\/strong> ja<\/li>\n<\/ul>\n<ul>\n<li><strong>V-f\u00f6rmiger Pfeil<\/strong> mit <strong>St\u00fctzrad<\/strong><\/li>\n<li><strong>Umlaufendes Gel\u00e4nder<\/strong><\/li>\n<li><strong>Aluminium-Seitenw\u00e4nde<\/strong> mit <strong>abnehmbarer R\u00fcckwand<\/strong><\/li>\n<li><strong>Sicherer Verschluss<\/strong><\/li>\n<li><strong>Haken<\/strong> + <strong>Abschlepphaken<\/strong><\/li>\n<li><strong>Marine-Sperrholzboden<\/strong> verrottungsfest behandelt, in das Chassis <strong>integriert<\/strong> und <strong>unterst\u00fctzt<\/strong><\/li>\n<li><strong>Feuerverzinkte Bauteile<\/strong> (Korrosionsschutz)<\/li>\n<\/ul>\n<ul>\n<li>Flache Plane<\/li>\n<li>Diebstahlschutz<\/li>\n<li>Grillverl\u00e4ngerungen (50 cm)<\/li>\n<li>Netz (fein oder gro\u00dfmaschig)<\/li>\n<li>Riemen<\/li>\n<li>Leitert\u00fcr<\/li>\n<li>Laderampen<\/li>\n<\/ul>\n<ul>\n<li><strong>Hohe Tragf\u00e4higkeit<\/strong> (2.300 kg Nutzlast) im vielseitigen Format 305\u00d7153 cm<\/li>\n<li><strong>Haltbarkeit<\/strong>: verzinktes Chassis und Komponenten, integrierter Marineboden<\/li>\n<li><strong>Sicherheit und Praktikabilit\u00e4t<\/strong>: doppelt gebremste Achse, V-f\u00f6rmiger Ausleger, sicherer Verschluss, abnehmbare R\u00fcckwand<\/li>\n<\/ul>\n<p>Mit einer gro\u00dfen Auswahl an Kippanh\u00e4ngern auf Lager kann Sagrinex Sie bei Ihrem Kauf entsprechend Ihren Erwartungen in Bezug auf Nutzung, Qualit\u00e4t und Budget beraten.<\/p>\n<p><strong>Sagrinex k\u00fcmmert sich um die Lieferung Ihres Anh\u00e4ngers<\/strong>.<\/p>\n<p>Z\u00f6gern Sie nicht, uns f\u00fcr weitere Informationen zu kontaktieren<\/p>\n","protected":false},"excerpt":{"rendered":"<p>SARIS MP-Anh\u00e4nger 305\u00d7153 cm, zul\u00e4ssiges Gesamtgewicht 2.700 kg (Nutzlast 2.300 kg), doppelt gebremste Achse, nicht kippbar, Bodenh\u00f6he 52 cm, nutzbare Bordw\u00e4nde 43 cm, 14-Zoll-Reifen. Standard: V-f\u00f6rmiger Ausleger mit St\u00fctzrad, Leitplanke, Zughaken und Haken, sicherer Verschluss, Aluminium-Bordw\u00e4nde mit abnehmbarer R\u00fcckwand, integrierter Marine-Sperrholzboden und unterst\u00fctzte, feuerverzinkte Komponenten.<\/p>\n<div class=\"mod_fa_customizablefields_v14_list\">\n<div class=\"mod_fa_champspersonnalisables_v14_titre\"><strong>Zul\u00e4ssiges Gesamtgewicht: <\/strong><span class=\"mod_fa_champspersonnalisables_v14_value\">2700 kg<\/span><\/div>\n<\/div>\n<div class=\"mod_fa_customizablefields_v14_list\">\n<div class=\"mod_fa_champspersonnalisables_v14_titre\"><strong>Leermasse: <\/strong><span class=\"mod_fa_champspersonnalisables_v14_value\">400 kg<\/span><\/div>\n<\/div>\n<div class=\"mod_fa_customizablefields_v14_list\">\n<div class=\"mod_fa_champspersonnalisables_v14_titre\"><strong>Nutzlast: <\/strong><span class=\"mod_fa_champspersonnalisables_v14_value\">2300 kg<\/span><\/div>\n<\/div>\n<div class=\"mod_fa_customizablefields_v14_list\">\n<div class=\"mod_fa_champspersonnalisables_v14_titre\"><strong>Nutzma\u00dfe: <\/strong><span class=\"mod_fa_champspersonnalisables_v14_value\">305 x 153 cm<\/span><\/div>\n<\/div>\n<div class=\"mod_fa_customizablefields_v14_list\">\n<div class=\"mod_fa_champspersonnalisables_v14_titre\"><strong>Gesamtabmessungen: <\/strong><span class=\"mod_fa_champspersonnalisables_v14_value\">440 x 203 cm<\/span><\/div>\n<\/div>\n<div class=\"mod_fa_customizablefields_v14_list\">\n<div class=\"mod_fa_champspersonnalisables_v14_titre\"><strong>Nutzh\u00f6he \/ Boden: <\/strong><span class=\"mod_fa_champspersonnalisables_v14_value\">52 cm<\/span><\/div>\n<\/div>\n<div class=\"mod_fa_customizablefields_v14_list\">\n<div class=\"mod_fa_champspersonnalisables_v14_titre\"><strong>Achswiderstand(e): <\/strong><span class=\"mod_fa_champspersonnalisables_v14_value\">2 x 1350 kg<\/span><\/div>\n<\/div>\n<div class=\"mod_fa_customizablefields_v14_list\">\n<div class=\"mod_fa_personalisablefields_v14_title\"><strong>Pfeil: <\/strong><span class=\"mod_fa_personalisablefields_v14_value\">V<\/span><\/div>\n<\/div>\n<div class=\"mod_fa_customizablefields_v14_list\">\n<div class=\"mod_fa_customizablefields_v14_title\"><strong>Band: <\/strong><span class=\"mod_fa_customizablefields_v14_value\">Behoben<\/span><\/div>\n<\/div>\n<div class=\"mod_fa_customizablefields_v14_list\">\n<div class=\"mod_fa_champspersonnalisables_v14_titre\"><strong>Rahmentyp: <\/strong><span class=\"mod_fa_champspersonnalisables_v14_value\">Feuerverzinkt<\/span><\/div>\n<\/div>\n<div class=\"mod_fa_customizablefields_v14_list\">\n<div class=\"mod_fa_champspersonnalisables_v14_titre\"><strong>R\u00e4der: <\/strong><span class=\"mod_fa_champspersonnalisables_v14_valeur\">14 Zoll<\/span><\/div>\n<\/div>\n","protected":false},"featured_media":16049,"comment_status":"open","ping_status":"closed","template":"","meta":[],"product_brand":[],"product_cat":[353,352],"product_tag":[],"class_list":{"0":"post-14246","1":"product","2":"type-product","3":"status-publish","4":"has-post-thumbnail","6":"product_cat-gepaeckanhaenger","7":"product_cat-unsere-trailer","9":"first","10":"instock","11":"shipping-taxable","12":"purchasable","13":"product-type-simple"},"yoast_head":"<!-- This site is optimized with the Yoast SEO plugin v27.4 - https:\/\/yoast.com\/product\/yoast-seo-wordpress\/ -->\n<title>SARIS MAC ALU MP 305 153 2700 ANH\u00c4NGER - 2 ACHSEN - Gesamtgewicht 2700 KG<\/title>\n<meta name=\"description\" content=\"SARIS MP-Anh\u00e4nger 305\u00d7153 cm, zul\u00e4ssiges Gesamtgewicht 2.700 kg (Nutzlast 2.300 kg), doppelt gebremste Achse, nicht kippbar, Bodenh\u00f6he 52 cm, nutzbare Bordw\u00e4nde 43 cm, 14-Zoll-Reifen. Standard: V-f\u00f6rmiger Ausleger mit St\u00fctzrad, Leitplanke, Zughaken und Haken, sicherer Verschluss, Aluminium-Bordw\u00e4nde mit abnehmbarer R\u00fcckwand, integrierter Marine-Sperrholzboden und unterst\u00fctzte, feuerverzinkte Komponenten.\" \/>\n<meta name=\"robots\" content=\"index, follow, max-snippet:-1, max-image-preview:large, max-video-preview:-1\" \/>\n<link rel=\"canonical\" href=\"https:\/\/sagrinex.com\/produit\/remorque-saris-mac-alu-mp-305-153-2700-2-essieux-ptac-2700-kg\/\" \/>\n<meta property=\"og:locale\" content=\"de_DE\" \/>\n<meta property=\"og:type\" content=\"article\" \/>\n<meta property=\"og:title\" content=\"SARIS MAC ALU MP 305 153 2700 ANH\u00c4NGER - 2 ACHSEN - Gesamtgewicht 2700 KG\" \/>\n<meta property=\"og:description\" content=\"SARIS MP-Anh\u00e4nger 305\u00d7153 cm, zul\u00e4ssiges Gesamtgewicht 2.700 kg (Nutzlast 2.300 kg), doppelt gebremste Achse, nicht kippbar, Bodenh\u00f6he 52 cm, nutzbare Bordw\u00e4nde 43 cm, 14-Zoll-Reifen. Standard: V-f\u00f6rmiger Ausleger mit St\u00fctzrad, Leitplanke, Zughaken und Haken, sicherer Verschluss, Aluminium-Bordw\u00e4nde mit abnehmbarer R\u00fcckwand, integrierter Marine-Sperrholzboden und unterst\u00fctzte, feuerverzinkte Komponenten.\" \/>\n<meta property=\"og:url\" content=\"https:\/\/sagrinex.com\/produit\/remorque-saris-mac-alu-mp-305-153-2700-2-essieux-ptac-2700-kg\/\" \/>\n<meta property=\"og:site_name\" content=\"Sagrinex \u2013 Anhaenger, Container &amp; Landtechnik \ud83c\udf3e\ud83d\ude9c\" \/>\n<meta property=\"article:modified_time\" content=\"2026-04-15T21:12:16+00:00\" \/>\n<meta property=\"og:image\" content=\"https:\/\/sagrinex.com\/wp-content\/uploads\/2026\/03\/Image-378-1.jpeg\" \/>\n\t<meta property=\"og:image:width\" content=\"1200\" \/>\n\t<meta property=\"og:image:height\" content=\"1200\" \/>\n\t<meta property=\"og:image:type\" content=\"image\/jpeg\" \/>\n<meta name=\"twitter:card\" content=\"summary_large_image\" \/>\n<meta name=\"twitter:label1\" content=\"Gesch\u00e4tzte Lesezeit\" \/>\n\t<meta name=\"twitter:data1\" content=\"2\u00a0Minuten\" \/>\n<script type=\"application\/ld+json\" class=\"yoast-schema-graph\">{\"@context\":\"https:\\\/\\\/schema.org\",\"@graph\":[{\"@type\":\"WebPage\",\"@id\":\"https:\\\/\\\/sagrinex.com\\\/produit\\\/remorque-saris-mac-alu-mp-305-153-2700-2-essieux-ptac-2700-kg\\\/\",\"url\":\"https:\\\/\\\/sagrinex.com\\\/produit\\\/remorque-saris-mac-alu-mp-305-153-2700-2-essieux-ptac-2700-kg\\\/\",\"name\":\"SARIS MAC ALU MP 305 153 2700 ANH\u00c4NGER - 2 ACHSEN - Gesamtgewicht 2700 KG\",\"isPartOf\":{\"@id\":\"https:\\\/\\\/sagrinex.com\\\/#website\"},\"primaryImageOfPage\":{\"@id\":\"https:\\\/\\\/sagrinex.com\\\/produit\\\/remorque-saris-mac-alu-mp-305-153-2700-2-essieux-ptac-2700-kg\\\/#primaryimage\"},\"image\":{\"@id\":\"https:\\\/\\\/sagrinex.com\\\/produit\\\/remorque-saris-mac-alu-mp-305-153-2700-2-essieux-ptac-2700-kg\\\/#primaryimage\"},\"thumbnailUrl\":\"https:\\\/\\\/sagrinex.com\\\/wp-content\\\/uploads\\\/2026\\\/03\\\/Image-378-1.jpeg\",\"datePublished\":\"2026-03-14T22:14:36+00:00\",\"dateModified\":\"2026-04-15T21:12:16+00:00\",\"description\":\"SARIS MP-Anh\u00e4nger 305\u00d7153 cm, zul\u00e4ssiges Gesamtgewicht 2.700 kg (Nutzlast 2.300 kg), doppelt gebremste Achse, nicht kippbar, Bodenh\u00f6he 52 cm, nutzbare Bordw\u00e4nde 43 cm, 14-Zoll-Reifen. Standard: V-f\u00f6rmiger Ausleger mit St\u00fctzrad, Leitplanke, Zughaken und Haken, sicherer Verschluss, Aluminium-Bordw\u00e4nde mit abnehmbarer R\u00fcckwand, integrierter Marine-Sperrholzboden und unterst\u00fctzte, feuerverzinkte Komponenten.\",\"breadcrumb\":{\"@id\":\"https:\\\/\\\/sagrinex.com\\\/produit\\\/remorque-saris-mac-alu-mp-305-153-2700-2-essieux-ptac-2700-kg\\\/#breadcrumb\"},\"inLanguage\":\"de\",\"potentialAction\":[{\"@type\":\"ReadAction\",\"target\":[\"https:\\\/\\\/sagrinex.com\\\/produit\\\/remorque-saris-mac-alu-mp-305-153-2700-2-essieux-ptac-2700-kg\\\/\"]}]},{\"@type\":\"ImageObject\",\"inLanguage\":\"de\",\"@id\":\"https:\\\/\\\/sagrinex.com\\\/produit\\\/remorque-saris-mac-alu-mp-305-153-2700-2-essieux-ptac-2700-kg\\\/#primaryimage\",\"url\":\"https:\\\/\\\/sagrinex.com\\\/wp-content\\\/uploads\\\/2026\\\/03\\\/Image-378-1.jpeg\",\"contentUrl\":\"https:\\\/\\\/sagrinex.com\\\/wp-content\\\/uploads\\\/2026\\\/03\\\/Image-378-1.jpeg\",\"width\":1200,\"height\":1200},{\"@type\":\"BreadcrumbList\",\"@id\":\"https:\\\/\\\/sagrinex.com\\\/produit\\\/remorque-saris-mac-alu-mp-305-153-2700-2-essieux-ptac-2700-kg\\\/#breadcrumb\",\"itemListElement\":[{\"@type\":\"ListItem\",\"position\":1,\"name\":\"Accueil\",\"item\":\"https:\\\/\\\/sagrinex.com\\\/?lang=de\"},{\"@type\":\"ListItem\",\"position\":2,\"name\":\"Shop\",\"item\":\"https:\\\/\\\/sagrinex.com\\\/shop\\\/\"},{\"@type\":\"ListItem\",\"position\":3,\"name\":\"Saris Mac Alu Mp 305 153 2700 Anh\u00c4nger &#8211; 2 Achsen &#8211; Gesamtgewicht 2700 Kg\"}]},{\"@type\":\"WebSite\",\"@id\":\"https:\\\/\\\/sagrinex.com\\\/#website\",\"url\":\"https:\\\/\\\/sagrinex.com\\\/\",\"name\":\"Sagrinex \u2013 Spezialist f\u00fcr Anh\u00e4nger, Container & Landtechnik\",\"description\":\"Anhaenger, Container &amp; Landtechnik \u2014 Online-Verkauf &amp; kostenloses Angebot\",\"publisher\":{\"@id\":\"https:\\\/\\\/sagrinex.com\\\/#organization\"},\"potentialAction\":[{\"@type\":\"SearchAction\",\"target\":{\"@type\":\"EntryPoint\",\"urlTemplate\":\"https:\\\/\\\/sagrinex.com\\\/?s={search_term_string}\"},\"query-input\":{\"@type\":\"PropertyValueSpecification\",\"valueRequired\":true,\"valueName\":\"search_term_string\"}}],\"inLanguage\":\"de\"},{\"@type\":\"Organization\",\"@id\":\"https:\\\/\\\/sagrinex.com\\\/#organization\",\"name\":\"Sagrinex \u2013 Remorques, Conteneurs & Mat\u00e9riel Agricole\",\"url\":\"https:\\\/\\\/sagrinex.com\\\/\",\"logo\":{\"@type\":\"ImageObject\",\"inLanguage\":\"de\",\"@id\":\"https:\\\/\\\/sagrinex.com\\\/#\\\/schema\\\/logo\\\/image\\\/\",\"url\":\"https:\\\/\\\/sagrinex.com\\\/wp-content\\\/uploads\\\/2026\\\/03\\\/7f1ac463-ef5a-425d-bdd6-a5da03a334a9-1024x683.png\",\"contentUrl\":\"https:\\\/\\\/sagrinex.com\\\/wp-content\\\/uploads\\\/2026\\\/03\\\/7f1ac463-ef5a-425d-bdd6-a5da03a334a9-1024x683.png\",\"width\":1024,\"height\":683,\"caption\":\"Sagrinex \u2013 Remorques, Conteneurs & Mat\u00e9riel Agricole\"},\"image\":{\"@id\":\"https:\\\/\\\/sagrinex.com\\\/#\\\/schema\\\/logo\\\/image\\\/\"}}]}<\/script>\n<!-- \/ Yoast SEO plugin. -->","yoast_head_json":{"title":"SARIS MAC ALU MP 305 153 2700 ANH\u00c4NGER - 2 ACHSEN - Gesamtgewicht 2700 KG","description":"SARIS MP-Anh\u00e4nger 305\u00d7153 cm, zul\u00e4ssiges Gesamtgewicht 2.700 kg (Nutzlast 2.300 kg), doppelt gebremste Achse, nicht kippbar, Bodenh\u00f6he 52 cm, nutzbare Bordw\u00e4nde 43 cm, 14-Zoll-Reifen. Standard: V-f\u00f6rmiger Ausleger mit St\u00fctzrad, Leitplanke, Zughaken und Haken, sicherer Verschluss, Aluminium-Bordw\u00e4nde mit abnehmbarer R\u00fcckwand, integrierter Marine-Sperrholzboden und unterst\u00fctzte, feuerverzinkte Komponenten.","robots":{"index":"index","follow":"follow","max-snippet":"max-snippet:-1","max-image-preview":"max-image-preview:large","max-video-preview":"max-video-preview:-1"},"canonical":"https:\/\/sagrinex.com\/produit\/remorque-saris-mac-alu-mp-305-153-2700-2-essieux-ptac-2700-kg\/","og_locale":"de_DE","og_type":"article","og_title":"SARIS MAC ALU MP 305 153 2700 ANH\u00c4NGER - 2 ACHSEN - Gesamtgewicht 2700 KG","og_description":"SARIS MP-Anh\u00e4nger 305\u00d7153 cm, zul\u00e4ssiges Gesamtgewicht 2.700 kg (Nutzlast 2.300 kg), doppelt gebremste Achse, nicht kippbar, Bodenh\u00f6he 52 cm, nutzbare Bordw\u00e4nde 43 cm, 14-Zoll-Reifen. Standard: V-f\u00f6rmiger Ausleger mit St\u00fctzrad, Leitplanke, Zughaken und Haken, sicherer Verschluss, Aluminium-Bordw\u00e4nde mit abnehmbarer R\u00fcckwand, integrierter Marine-Sperrholzboden und unterst\u00fctzte, feuerverzinkte Komponenten.","og_url":"https:\/\/sagrinex.com\/produit\/remorque-saris-mac-alu-mp-305-153-2700-2-essieux-ptac-2700-kg\/","og_site_name":"Sagrinex \u2013 Anhaenger, Container &amp; Landtechnik \ud83c\udf3e\ud83d\ude9c","article_modified_time":"2026-04-15T21:12:16+00:00","og_image":[{"width":1200,"height":1200,"url":"https:\/\/sagrinex.com\/wp-content\/uploads\/2026\/03\/Image-378-1.jpeg","type":"image\/jpeg"}],"twitter_card":"summary_large_image","twitter_misc":{"Gesch\u00e4tzte Lesezeit":"2\u00a0Minuten"},"schema":{"@context":"https:\/\/schema.org","@graph":[{"@type":"WebPage","@id":"https:\/\/sagrinex.com\/produit\/remorque-saris-mac-alu-mp-305-153-2700-2-essieux-ptac-2700-kg\/","url":"https:\/\/sagrinex.com\/produit\/remorque-saris-mac-alu-mp-305-153-2700-2-essieux-ptac-2700-kg\/","name":"SARIS MAC ALU MP 305 153 2700 ANH\u00c4NGER - 2 ACHSEN - Gesamtgewicht 2700 KG","isPartOf":{"@id":"https:\/\/sagrinex.com\/#website"},"primaryImageOfPage":{"@id":"https:\/\/sagrinex.com\/produit\/remorque-saris-mac-alu-mp-305-153-2700-2-essieux-ptac-2700-kg\/#primaryimage"},"image":{"@id":"https:\/\/sagrinex.com\/produit\/remorque-saris-mac-alu-mp-305-153-2700-2-essieux-ptac-2700-kg\/#primaryimage"},"thumbnailUrl":"https:\/\/sagrinex.com\/wp-content\/uploads\/2026\/03\/Image-378-1.jpeg","datePublished":"2026-03-14T22:14:36+00:00","dateModified":"2026-04-15T21:12:16+00:00","description":"SARIS MP-Anh\u00e4nger 305\u00d7153 cm, zul\u00e4ssiges Gesamtgewicht 2.700 kg (Nutzlast 2.300 kg), doppelt gebremste Achse, nicht kippbar, Bodenh\u00f6he 52 cm, nutzbare Bordw\u00e4nde 43 cm, 14-Zoll-Reifen. Standard: V-f\u00f6rmiger Ausleger mit St\u00fctzrad, Leitplanke, Zughaken und Haken, sicherer Verschluss, Aluminium-Bordw\u00e4nde mit abnehmbarer R\u00fcckwand, integrierter Marine-Sperrholzboden und unterst\u00fctzte, feuerverzinkte Komponenten.","breadcrumb":{"@id":"https:\/\/sagrinex.com\/produit\/remorque-saris-mac-alu-mp-305-153-2700-2-essieux-ptac-2700-kg\/#breadcrumb"},"inLanguage":"de","potentialAction":[{"@type":"ReadAction","target":["https:\/\/sagrinex.com\/produit\/remorque-saris-mac-alu-mp-305-153-2700-2-essieux-ptac-2700-kg\/"]}]},{"@type":"ImageObject","inLanguage":"de","@id":"https:\/\/sagrinex.com\/produit\/remorque-saris-mac-alu-mp-305-153-2700-2-essieux-ptac-2700-kg\/#primaryimage","url":"https:\/\/sagrinex.com\/wp-content\/uploads\/2026\/03\/Image-378-1.jpeg","contentUrl":"https:\/\/sagrinex.com\/wp-content\/uploads\/2026\/03\/Image-378-1.jpeg","width":1200,"height":1200},{"@type":"BreadcrumbList","@id":"https:\/\/sagrinex.com\/produit\/remorque-saris-mac-alu-mp-305-153-2700-2-essieux-ptac-2700-kg\/#breadcrumb","itemListElement":[{"@type":"ListItem","position":1,"name":"Accueil","item":"https:\/\/sagrinex.com\/?lang=de"},{"@type":"ListItem","position":2,"name":"Shop","item":"https:\/\/sagrinex.com\/shop\/"},{"@type":"ListItem","position":3,"name":"Saris Mac Alu Mp 305 153 2700 Anh\u00c4nger &#8211; 2 Achsen &#8211; Gesamtgewicht 2700 Kg"}]},{"@type":"WebSite","@id":"https:\/\/sagrinex.com\/#website","url":"https:\/\/sagrinex.com\/","name":"Sagrinex \u2013 Spezialist f\u00fcr Anh\u00e4nger, Container & Landtechnik","description":"Anhaenger, Container &amp; Landtechnik \u2014 Online-Verkauf &amp; kostenloses Angebot","publisher":{"@id":"https:\/\/sagrinex.com\/#organization"},"potentialAction":[{"@type":"SearchAction","target":{"@type":"EntryPoint","urlTemplate":"https:\/\/sagrinex.com\/?s={search_term_string}"},"query-input":{"@type":"PropertyValueSpecification","valueRequired":true,"valueName":"search_term_string"}}],"inLanguage":"de"},{"@type":"Organization","@id":"https:\/\/sagrinex.com\/#organization","name":"Sagrinex \u2013 Remorques, Conteneurs & Mat\u00e9riel Agricole","url":"https:\/\/sagrinex.com\/","logo":{"@type":"ImageObject","inLanguage":"de","@id":"https:\/\/sagrinex.com\/#\/schema\/logo\/image\/","url":"https:\/\/sagrinex.com\/wp-content\/uploads\/2026\/03\/7f1ac463-ef5a-425d-bdd6-a5da03a334a9-1024x683.png","contentUrl":"https:\/\/sagrinex.com\/wp-content\/uploads\/2026\/03\/7f1ac463-ef5a-425d-bdd6-a5da03a334a9-1024x683.png","width":1024,"height":683,"caption":"Sagrinex \u2013 Remorques, Conteneurs & Mat\u00e9riel Agricole"},"image":{"@id":"https:\/\/sagrinex.com\/#\/schema\/logo\/image\/"}}]}},"jetpack_sharing_enabled":true,"_links":{"self":[{"href":"https:\/\/sagrinex.com\/de\/wp-json\/wp\/v2\/product\/14246","targetHints":{"allow":["GET"]}}],"collection":[{"href":"https:\/\/sagrinex.com\/de\/wp-json\/wp\/v2\/product"}],"about":[{"href":"https:\/\/sagrinex.com\/de\/wp-json\/wp\/v2\/types\/product"}],"replies":[{"embeddable":true,"href":"https:\/\/sagrinex.com\/de\/wp-json\/wp\/v2\/comments?post=14246"}],"version-history":[{"count":0,"href":"https:\/\/sagrinex.com\/de\/wp-json\/wp\/v2\/product\/14246\/revisions"}],"wp:featuredmedia":[{"embeddable":true,"href":"https:\/\/sagrinex.com\/de\/wp-json\/wp\/v2\/media\/16049"}],"wp:attachment":[{"href":"https:\/\/sagrinex.com\/de\/wp-json\/wp\/v2\/media?parent=14246"}],"wp:term":[{"taxonomy":"product_brand","embeddable":true,"href":"https:\/\/sagrinex.com\/de\/wp-json\/wp\/v2\/product_brand?post=14246"},{"taxonomy":"product_cat","embeddable":true,"href":"https:\/\/sagrinex.com\/de\/wp-json\/wp\/v2\/product_cat?post=14246"},{"taxonomy":"product_tag","embeddable":true,"href":"https:\/\/sagrinex.com\/de\/wp-json\/wp\/v2\/product_tag?post=14246"}],"curies":[{"name":"wp","href":"https:\/\/api.w.org\/{rel}","templated":true}]}}