{"id":14247,"date":"2026-03-15T20:02:00","date_gmt":"2026-03-15T20:02:00","guid":{"rendered":"https:\/\/sagrinex.com\/produit\/spezifischer-20-fuss-open-side-seecontainer-fuer-lagerung\/"},"modified":"2026-03-15T20:02:00","modified_gmt":"2026-03-15T20:02:00","slug":"spezifischer-20-fuss-open-side-seecontainer-fuer-lagerung","status":"publish","type":"product","link":"https:\/\/sagrinex.com\/de\/produit\/spezifischer-20-fuss-open-side-seecontainer-fuer-lagerung\/","title":{"rendered":"Spezifischer 20 Fu\u00df Open Side Seecontainer f\u00fcr Lagerung"},"content":{"rendered":"<div class=\"woocommerce-tabs wc-tabs-wrapper tabs-layout-tabs\">\n<div class=\"wd-tab-wrapper\">\n<div id=\"tab-description\" class=\"woocommerce-Tabs-panel woocommerce-Tabs-panel--description panel entry-content wc-tab\">\n<div class=\"wc-tab-inner \">\n<div class=\"\">\n<table>\n<thead>\n<tr>\n<th scope=\"col\">ABMESSUNGEN<\/th>\n<th scope=\"col\">L\u00c4NGE (M)<\/th>\n<th scope=\"col\">BREITE (M)<\/th>\n<th scope=\"col\">H\u00d6HE (M)<\/th>\n<th scope=\"col\">VOLUMEN (M<sup>3<\/sup>)<\/th>\n<th scope=\"col\">LEERGEWICHT (T)<\/th>\n<\/tr>\n<\/thead>\n<tbody>\n<tr>\n<th scope=\"row\">Au\u00dfenma\u00dfe<\/th>\n<td>6.058<\/td>\n<td>2.438<\/td>\n<td>2.591<\/td>\n<td rowspan=\"2\">30 m<sup>3<\/sup><\/td>\n<td rowspan=\"2\">3.17<\/td>\n<\/tr>\n<tr>\n<th scope=\"row\">Innenma\u00dfe<\/th>\n<td>5.898<\/td>\n<td>2.287<\/td>\n<td>2.302<\/td>\n<\/tr>\n<tr>\n<th scope=\"row\">T\u00fcren<\/th>\n<td>10<\/td>\n<td>2.226<\/td>\n<td>2.189<\/td>\n<\/tr>\n<\/tbody>\n<\/table>\n<\/div>\n<\/div>\n<\/div>\n<\/div>\n<\/div>\n","protected":false},"excerpt":{"rendered":"<div class=\"content-caracteristiques\">\n<p class=\"h4 caracteristiques-titre\">Eigenschaften<\/p>\n<ul>\n<li>\u00d6ffnung \u00fcber die gesamte L\u00e4nge durch 4 verriegelbare T\u00fcren: erleichtert das Be- und Entladen<\/li>\n<li>\u00d6ffnung an einem Ende durch verriegelbare Doppelt\u00fcren<\/li>\n<li>Einfache Lieferung<\/li>\n<li>Verschiedene Verwendungsm\u00f6glichkeiten: Gartenschuppen, Jagdh\u00fctte, Baustellencontainer, Lagerbereich aller Art, etc.<\/li>\n<li>Sehr gefragtes Produkt in der Maschinenbau-, Automobil- und Luftfahrtindustrie sowie f\u00fcr Veranstaltungsunternehmen<\/li>\n<li>Sperrholzboden 28 mm St\u00e4rke<\/li>\n<li>T\u00fcren gesichert durch Vorh\u00e4ngeschl\u00f6sser<\/li>\n<\/ul>\n<\/div>\n<div class=\"content-content\">\n<p>Der Container <strong>20 Fu\u00df open side<\/strong> besitzt eine <strong>komplette \u00d6ffnung durch 4 Fl\u00fcgel \u00fcber die L\u00e4nge<\/strong>, w\u00e4hrend er die Doppelt\u00fcr am Ende beh\u00e4lt. Es ist ein <strong>sehr gefragtes<\/strong> Produkt im <strong>Maschinenbau<\/strong>, der <strong>Automobilindustrie<\/strong> und der <strong>Luftfahrt<\/strong>, da es erm\u00f6glicht, die gelagerte Ware mit <strong>gro\u00dfer Leichtigkeit<\/strong> zu <strong>be- und entladen<\/strong> (zum Beispiel mit dem Gabelstapler).<\/p>\n<p>Der <strong>20&#8242; open side<\/strong> wird aus <strong>CORTEN-Stahl<\/strong> hergestellt. Diese Stahlart weist wichtige Widerstandseigenschaften gegen atmosph\u00e4rische Bedingungen auf See auf.<\/p>\n<p>Seine Doppelt\u00fcren sowie die 4 Fl\u00fcgel sind durch Espagnoletten verriegelbar und durch ein Sicherheitsvorh\u00e4ngeschloss sicherbar. Der Boden ist aus <strong>Marinesperrholz<\/strong> 28 mm St\u00e4rke. Der Container besitzt 4 <strong>ISO<\/strong>-Ecken, die seine Verriegelung beim <strong>Stra\u00dfen-, Schienen-<\/strong> oder <strong>Seetransport<\/strong> erm\u00f6glichen.<\/p>\n<p>Er kann <strong>personalisiert<\/strong> und <strong>ausgebaut<\/strong> werden als Ferienhaus, Boutique, Imbiss, Arztpraxis, Gartenschuppen, Garage, B\u00fcro, Wohnbasis, etc.<\/p>\n<\/div>\n","protected":false},"featured_media":16250,"comment_status":"open","ping_status":"closed","template":"","meta":[],"product_brand":[],"product_cat":[350,347],"product_tag":[],"class_list":{"0":"post-14247","1":"product","2":"type-product","3":"status-publish","4":"has-post-thumbnail","6":"product_cat-spezifischer-speicher","7":"product_cat-unsere-container","9":"first","10":"instock","11":"shipping-taxable","12":"purchasable","13":"product-type-variable"},"yoast_head":"<!-- This site is optimized with the Yoast SEO plugin v27.4 - https:\/\/yoast.com\/product\/yoast-seo-wordpress\/ -->\n<title>Spezifischer 20 Fu\u00df Open Side Seecontainer f\u00fcr Lagerung<\/title>\n<meta name=\"description\" content=\"Eigenschaften\u00d6ffnung \u00fcber die gesamte L\u00e4nge durch 4 verriegelbare T\u00fcren: erleichtert das Be- und Entladen\u00d6ffnung an einem Ende durch verriegelbare Doppelt\u00fcrenEinfache LieferungVielf\u00e4ltige Verwendungsm\u00f6glichkeiten: Gartenschuppen, Jagdh\u00fctte, Baustellencontainer, Lagerbereich aller Art, etc.Sehr gefragtes Produkt in der Maschinenbau-, Automobil- und Luftfahrtindustrie sowie f\u00fcr VeranstaltungsunternehmenSperrholzboden 28 mm DickeT\u00fcren durch Vorh\u00e4ngeschl\u00f6sser gesichertDer 20 Fu\u00df Open Side Container verf\u00fcgt \u00fcber eine komplette \u00d6ffnung durch 4 Fl\u00fcgel \u00fcber die L\u00e4nge, wobei die Doppelt\u00fcr am Ende erhalten bleibt. Es ist ein sehr gefragtes Produkt in der Maschinenbau-, Automobil- und Luftfahrtindustrie, da es das Be- und Entladen der gelagerten Waren mit gro\u00dfer Leichtigkeit erm\u00f6glicht (zum Beispiel mit dem Gabelstapler).Der 20&#039; Open Side wird aus CORTEN-Stahl hergestellt. Diese Stahlart weist wichtige Widerstandseigenschaften gegen atmosph\u00e4rische Bedingungen auf See auf.Seine Doppelt\u00fcren sowie die 4 Fl\u00fcgel sind durch Espagnoletten verriegelbar und durch ein Sicherheitsvorh\u00e4ngeschloss sicherbar. Der Boden besteht aus Marinensperrholz mit 28 mm Dicke. Der Container besitzt 4 ISO-Ecken, die seine Verriegelung beim Stra\u00dfen-, Schienen- oder Seetransport erm\u00f6glichen.Er kann personalisiert und als Ferienunterkunft, Boutique, Imbiss, Arztpraxis, Gartenschuppen, Garage, B\u00fcro, Wohnbasis, etc. ausgebaut werden.\" \/>\n<meta name=\"robots\" content=\"index, follow, max-snippet:-1, max-image-preview:large, max-video-preview:-1\" \/>\n<link rel=\"canonical\" href=\"https:\/\/sagrinex.com\/produit\/conteneur-maritime-de-stockage-specifique-20-pieds-open-side\/\" \/>\n<meta property=\"og:locale\" content=\"de_DE\" \/>\n<meta property=\"og:type\" content=\"article\" \/>\n<meta property=\"og:title\" content=\"Spezifischer 20 Fu\u00df Open Side Seecontainer f\u00fcr Lagerung\" \/>\n<meta property=\"og:description\" content=\"Eigenschaften\u00d6ffnung \u00fcber die gesamte L\u00e4nge durch 4 verriegelbare T\u00fcren: erleichtert das Be- und Entladen\u00d6ffnung an einem Ende durch verriegelbare Doppelt\u00fcrenEinfache LieferungVielf\u00e4ltige Verwendungsm\u00f6glichkeiten: Gartenschuppen, Jagdh\u00fctte, Baustellencontainer, Lagerbereich aller Art, etc.Sehr gefragtes Produkt in der Maschinenbau-, Automobil- und Luftfahrtindustrie sowie f\u00fcr VeranstaltungsunternehmenSperrholzboden 28 mm DickeT\u00fcren durch Vorh\u00e4ngeschl\u00f6sser gesichertDer 20 Fu\u00df Open Side Container verf\u00fcgt \u00fcber eine komplette \u00d6ffnung durch 4 Fl\u00fcgel \u00fcber die L\u00e4nge, wobei die Doppelt\u00fcr am Ende erhalten bleibt. Es ist ein sehr gefragtes Produkt in der Maschinenbau-, Automobil- und Luftfahrtindustrie, da es das Be- und Entladen der gelagerten Waren mit gro\u00dfer Leichtigkeit erm\u00f6glicht (zum Beispiel mit dem Gabelstapler).Der 20&#039; Open Side wird aus CORTEN-Stahl hergestellt. Diese Stahlart weist wichtige Widerstandseigenschaften gegen atmosph\u00e4rische Bedingungen auf See auf.Seine Doppelt\u00fcren sowie die 4 Fl\u00fcgel sind durch Espagnoletten verriegelbar und durch ein Sicherheitsvorh\u00e4ngeschloss sicherbar. Der Boden besteht aus Marinensperrholz mit 28 mm Dicke. Der Container besitzt 4 ISO-Ecken, die seine Verriegelung beim Stra\u00dfen-, Schienen- oder Seetransport erm\u00f6glichen.Er kann personalisiert und als Ferienunterkunft, Boutique, Imbiss, Arztpraxis, Gartenschuppen, Garage, B\u00fcro, Wohnbasis, etc. ausgebaut werden.\" \/>\n<meta property=\"og:url\" content=\"https:\/\/sagrinex.com\/produit\/conteneur-maritime-de-stockage-specifique-20-pieds-open-side\/\" \/>\n<meta property=\"og:site_name\" content=\"Sagrinex \u2013 Anhaenger, Container &amp; Landtechnik \ud83c\udf3e\ud83d\ude9c\" \/>\n<meta name=\"twitter:card\" content=\"summary_large_image\" \/>\n<script type=\"application\/ld+json\" class=\"yoast-schema-graph\">{\"@context\":\"https:\\\/\\\/schema.org\",\"@graph\":[{\"@type\":\"WebPage\",\"@id\":\"https:\\\/\\\/sagrinex.com\\\/produit\\\/conteneur-maritime-de-stockage-specifique-20-pieds-open-side\\\/\",\"url\":\"https:\\\/\\\/sagrinex.com\\\/produit\\\/conteneur-maritime-de-stockage-specifique-20-pieds-open-side\\\/\",\"name\":\"Spezifischer 20 Fu\u00df Open Side Seecontainer f\u00fcr Lagerung\",\"isPartOf\":{\"@id\":\"https:\\\/\\\/sagrinex.com\\\/#website\"},\"primaryImageOfPage\":{\"@id\":\"https:\\\/\\\/sagrinex.com\\\/produit\\\/conteneur-maritime-de-stockage-specifique-20-pieds-open-side\\\/#primaryimage\"},\"image\":{\"@id\":\"https:\\\/\\\/sagrinex.com\\\/produit\\\/conteneur-maritime-de-stockage-specifique-20-pieds-open-side\\\/#primaryimage\"},\"thumbnailUrl\":\"https:\\\/\\\/sagrinex.com\\\/wp-content\\\/uploads\\\/2026\\\/03\\\/Image-194-2.jpeg\",\"datePublished\":\"2026-03-15T20:02:00+00:00\",\"description\":\"Eigenschaften\u00d6ffnung \u00fcber die gesamte L\u00e4nge durch 4 verriegelbare T\u00fcren: erleichtert das Be- und Entladen\u00d6ffnung an einem Ende durch verriegelbare Doppelt\u00fcrenEinfache LieferungVielf\u00e4ltige Verwendungsm\u00f6glichkeiten: Gartenschuppen, Jagdh\u00fctte, Baustellencontainer, Lagerbereich aller Art, etc.Sehr gefragtes Produkt in der Maschinenbau-, Automobil- und Luftfahrtindustrie sowie f\u00fcr VeranstaltungsunternehmenSperrholzboden 28 mm DickeT\u00fcren durch Vorh\u00e4ngeschl\u00f6sser gesichertDer 20 Fu\u00df Open Side Container verf\u00fcgt \u00fcber eine komplette \u00d6ffnung durch 4 Fl\u00fcgel \u00fcber die L\u00e4nge, wobei die Doppelt\u00fcr am Ende erhalten bleibt. Es ist ein sehr gefragtes Produkt in der Maschinenbau-, Automobil- und Luftfahrtindustrie, da es das Be- und Entladen der gelagerten Waren mit gro\u00dfer Leichtigkeit erm\u00f6glicht (zum Beispiel mit dem Gabelstapler).Der 20' Open Side wird aus CORTEN-Stahl hergestellt. Diese Stahlart weist wichtige Widerstandseigenschaften gegen atmosph\u00e4rische Bedingungen auf See auf.Seine Doppelt\u00fcren sowie die 4 Fl\u00fcgel sind durch Espagnoletten verriegelbar und durch ein Sicherheitsvorh\u00e4ngeschloss sicherbar. Der Boden besteht aus Marinensperrholz mit 28 mm Dicke. Der Container besitzt 4 ISO-Ecken, die seine Verriegelung beim Stra\u00dfen-, Schienen- oder Seetransport erm\u00f6glichen.Er kann personalisiert und als Ferienunterkunft, Boutique, Imbiss, Arztpraxis, Gartenschuppen, Garage, B\u00fcro, Wohnbasis, etc. ausgebaut werden.\",\"breadcrumb\":{\"@id\":\"https:\\\/\\\/sagrinex.com\\\/produit\\\/conteneur-maritime-de-stockage-specifique-20-pieds-open-side\\\/#breadcrumb\"},\"inLanguage\":\"de\",\"potentialAction\":[{\"@type\":\"ReadAction\",\"target\":[\"https:\\\/\\\/sagrinex.com\\\/produit\\\/conteneur-maritime-de-stockage-specifique-20-pieds-open-side\\\/\"]}]},{\"@type\":\"ImageObject\",\"inLanguage\":\"de\",\"@id\":\"https:\\\/\\\/sagrinex.com\\\/produit\\\/conteneur-maritime-de-stockage-specifique-20-pieds-open-side\\\/#primaryimage\",\"url\":\"https:\\\/\\\/sagrinex.com\\\/wp-content\\\/uploads\\\/2026\\\/03\\\/Image-194-2.jpeg\",\"contentUrl\":\"https:\\\/\\\/sagrinex.com\\\/wp-content\\\/uploads\\\/2026\\\/03\\\/Image-194-2.jpeg\",\"width\":1030,\"height\":1030},{\"@type\":\"BreadcrumbList\",\"@id\":\"https:\\\/\\\/sagrinex.com\\\/produit\\\/conteneur-maritime-de-stockage-specifique-20-pieds-open-side\\\/#breadcrumb\",\"itemListElement\":[{\"@type\":\"ListItem\",\"position\":1,\"name\":\"Accueil\",\"item\":\"https:\\\/\\\/sagrinex.com\\\/?lang=de\"},{\"@type\":\"ListItem\",\"position\":2,\"name\":\"Shop\",\"item\":\"https:\\\/\\\/sagrinex.com\\\/shop\\\/\"},{\"@type\":\"ListItem\",\"position\":3,\"name\":\"Spezifischer 20 Fu\u00df Open Side Seecontainer f\u00fcr Lagerung\"}]},{\"@type\":\"WebSite\",\"@id\":\"https:\\\/\\\/sagrinex.com\\\/#website\",\"url\":\"https:\\\/\\\/sagrinex.com\\\/\",\"name\":\"Sagrinex \u2013 Spezialist f\u00fcr Anh\u00e4nger, Container & Landtechnik\",\"description\":\"Anhaenger, Container &amp; Landtechnik \u2014 Online-Verkauf &amp; kostenloses Angebot\",\"publisher\":{\"@id\":\"https:\\\/\\\/sagrinex.com\\\/#organization\"},\"potentialAction\":[{\"@type\":\"SearchAction\",\"target\":{\"@type\":\"EntryPoint\",\"urlTemplate\":\"https:\\\/\\\/sagrinex.com\\\/?s={search_term_string}\"},\"query-input\":{\"@type\":\"PropertyValueSpecification\",\"valueRequired\":true,\"valueName\":\"search_term_string\"}}],\"inLanguage\":\"de\"},{\"@type\":\"Organization\",\"@id\":\"https:\\\/\\\/sagrinex.com\\\/#organization\",\"name\":\"Sagrinex \u2013 Remorques, Conteneurs & Mat\u00e9riel Agricole\",\"url\":\"https:\\\/\\\/sagrinex.com\\\/\",\"logo\":{\"@type\":\"ImageObject\",\"inLanguage\":\"de\",\"@id\":\"https:\\\/\\\/sagrinex.com\\\/#\\\/schema\\\/logo\\\/image\\\/\",\"url\":\"https:\\\/\\\/sagrinex.com\\\/wp-content\\\/uploads\\\/2026\\\/03\\\/7f1ac463-ef5a-425d-bdd6-a5da03a334a9-1024x683.png\",\"contentUrl\":\"https:\\\/\\\/sagrinex.com\\\/wp-content\\\/uploads\\\/2026\\\/03\\\/7f1ac463-ef5a-425d-bdd6-a5da03a334a9-1024x683.png\",\"width\":1024,\"height\":683,\"caption\":\"Sagrinex \u2013 Remorques, Conteneurs & Mat\u00e9riel Agricole\"},\"image\":{\"@id\":\"https:\\\/\\\/sagrinex.com\\\/#\\\/schema\\\/logo\\\/image\\\/\"}}]}<\/script>\n<!-- \/ Yoast SEO plugin. -->","yoast_head_json":{"title":"Spezifischer 20 Fu\u00df Open Side Seecontainer f\u00fcr Lagerung","description":"Eigenschaften\u00d6ffnung \u00fcber die gesamte L\u00e4nge durch 4 verriegelbare T\u00fcren: erleichtert das Be- und Entladen\u00d6ffnung an einem Ende durch verriegelbare Doppelt\u00fcrenEinfache LieferungVielf\u00e4ltige Verwendungsm\u00f6glichkeiten: Gartenschuppen, Jagdh\u00fctte, Baustellencontainer, Lagerbereich aller Art, etc.Sehr gefragtes Produkt in der Maschinenbau-, Automobil- und Luftfahrtindustrie sowie f\u00fcr VeranstaltungsunternehmenSperrholzboden 28 mm DickeT\u00fcren durch Vorh\u00e4ngeschl\u00f6sser gesichertDer 20 Fu\u00df Open Side Container verf\u00fcgt \u00fcber eine komplette \u00d6ffnung durch 4 Fl\u00fcgel \u00fcber die L\u00e4nge, wobei die Doppelt\u00fcr am Ende erhalten bleibt. Es ist ein sehr gefragtes Produkt in der Maschinenbau-, Automobil- und Luftfahrtindustrie, da es das Be- und Entladen der gelagerten Waren mit gro\u00dfer Leichtigkeit erm\u00f6glicht (zum Beispiel mit dem Gabelstapler).Der 20' Open Side wird aus CORTEN-Stahl hergestellt. Diese Stahlart weist wichtige Widerstandseigenschaften gegen atmosph\u00e4rische Bedingungen auf See auf.Seine Doppelt\u00fcren sowie die 4 Fl\u00fcgel sind durch Espagnoletten verriegelbar und durch ein Sicherheitsvorh\u00e4ngeschloss sicherbar. Der Boden besteht aus Marinensperrholz mit 28 mm Dicke. Der Container besitzt 4 ISO-Ecken, die seine Verriegelung beim Stra\u00dfen-, Schienen- oder Seetransport erm\u00f6glichen.Er kann personalisiert und als Ferienunterkunft, Boutique, Imbiss, Arztpraxis, Gartenschuppen, Garage, B\u00fcro, Wohnbasis, etc. ausgebaut werden.","robots":{"index":"index","follow":"follow","max-snippet":"max-snippet:-1","max-image-preview":"max-image-preview:large","max-video-preview":"max-video-preview:-1"},"canonical":"https:\/\/sagrinex.com\/produit\/conteneur-maritime-de-stockage-specifique-20-pieds-open-side\/","og_locale":"de_DE","og_type":"article","og_title":"Spezifischer 20 Fu\u00df Open Side Seecontainer f\u00fcr Lagerung","og_description":"Eigenschaften\u00d6ffnung \u00fcber die gesamte L\u00e4nge durch 4 verriegelbare T\u00fcren: erleichtert das Be- und Entladen\u00d6ffnung an einem Ende durch verriegelbare Doppelt\u00fcrenEinfache LieferungVielf\u00e4ltige Verwendungsm\u00f6glichkeiten: Gartenschuppen, Jagdh\u00fctte, Baustellencontainer, Lagerbereich aller Art, etc.Sehr gefragtes Produkt in der Maschinenbau-, Automobil- und Luftfahrtindustrie sowie f\u00fcr VeranstaltungsunternehmenSperrholzboden 28 mm DickeT\u00fcren durch Vorh\u00e4ngeschl\u00f6sser gesichertDer 20 Fu\u00df Open Side Container verf\u00fcgt \u00fcber eine komplette \u00d6ffnung durch 4 Fl\u00fcgel \u00fcber die L\u00e4nge, wobei die Doppelt\u00fcr am Ende erhalten bleibt. Es ist ein sehr gefragtes Produkt in der Maschinenbau-, Automobil- und Luftfahrtindustrie, da es das Be- und Entladen der gelagerten Waren mit gro\u00dfer Leichtigkeit erm\u00f6glicht (zum Beispiel mit dem Gabelstapler).Der 20' Open Side wird aus CORTEN-Stahl hergestellt. Diese Stahlart weist wichtige Widerstandseigenschaften gegen atmosph\u00e4rische Bedingungen auf See auf.Seine Doppelt\u00fcren sowie die 4 Fl\u00fcgel sind durch Espagnoletten verriegelbar und durch ein Sicherheitsvorh\u00e4ngeschloss sicherbar. Der Boden besteht aus Marinensperrholz mit 28 mm Dicke. Der Container besitzt 4 ISO-Ecken, die seine Verriegelung beim Stra\u00dfen-, Schienen- oder Seetransport erm\u00f6glichen.Er kann personalisiert und als Ferienunterkunft, Boutique, Imbiss, Arztpraxis, Gartenschuppen, Garage, B\u00fcro, Wohnbasis, etc. ausgebaut werden.","og_url":"https:\/\/sagrinex.com\/produit\/conteneur-maritime-de-stockage-specifique-20-pieds-open-side\/","og_site_name":"Sagrinex \u2013 Anhaenger, Container &amp; Landtechnik \ud83c\udf3e\ud83d\ude9c","twitter_card":"summary_large_image","schema":{"@context":"https:\/\/schema.org","@graph":[{"@type":"WebPage","@id":"https:\/\/sagrinex.com\/produit\/conteneur-maritime-de-stockage-specifique-20-pieds-open-side\/","url":"https:\/\/sagrinex.com\/produit\/conteneur-maritime-de-stockage-specifique-20-pieds-open-side\/","name":"Spezifischer 20 Fu\u00df Open Side Seecontainer f\u00fcr Lagerung","isPartOf":{"@id":"https:\/\/sagrinex.com\/#website"},"primaryImageOfPage":{"@id":"https:\/\/sagrinex.com\/produit\/conteneur-maritime-de-stockage-specifique-20-pieds-open-side\/#primaryimage"},"image":{"@id":"https:\/\/sagrinex.com\/produit\/conteneur-maritime-de-stockage-specifique-20-pieds-open-side\/#primaryimage"},"thumbnailUrl":"https:\/\/sagrinex.com\/wp-content\/uploads\/2026\/03\/Image-194-2.jpeg","datePublished":"2026-03-15T20:02:00+00:00","description":"Eigenschaften\u00d6ffnung \u00fcber die gesamte L\u00e4nge durch 4 verriegelbare T\u00fcren: erleichtert das Be- und Entladen\u00d6ffnung an einem Ende durch verriegelbare Doppelt\u00fcrenEinfache LieferungVielf\u00e4ltige Verwendungsm\u00f6glichkeiten: Gartenschuppen, Jagdh\u00fctte, Baustellencontainer, Lagerbereich aller Art, etc.Sehr gefragtes Produkt in der Maschinenbau-, Automobil- und Luftfahrtindustrie sowie f\u00fcr VeranstaltungsunternehmenSperrholzboden 28 mm DickeT\u00fcren durch Vorh\u00e4ngeschl\u00f6sser gesichertDer 20 Fu\u00df Open Side Container verf\u00fcgt \u00fcber eine komplette \u00d6ffnung durch 4 Fl\u00fcgel \u00fcber die L\u00e4nge, wobei die Doppelt\u00fcr am Ende erhalten bleibt. Es ist ein sehr gefragtes Produkt in der Maschinenbau-, Automobil- und Luftfahrtindustrie, da es das Be- und Entladen der gelagerten Waren mit gro\u00dfer Leichtigkeit erm\u00f6glicht (zum Beispiel mit dem Gabelstapler).Der 20' Open Side wird aus CORTEN-Stahl hergestellt. Diese Stahlart weist wichtige Widerstandseigenschaften gegen atmosph\u00e4rische Bedingungen auf See auf.Seine Doppelt\u00fcren sowie die 4 Fl\u00fcgel sind durch Espagnoletten verriegelbar und durch ein Sicherheitsvorh\u00e4ngeschloss sicherbar. Der Boden besteht aus Marinensperrholz mit 28 mm Dicke. Der Container besitzt 4 ISO-Ecken, die seine Verriegelung beim Stra\u00dfen-, Schienen- oder Seetransport erm\u00f6glichen.Er kann personalisiert und als Ferienunterkunft, Boutique, Imbiss, Arztpraxis, Gartenschuppen, Garage, B\u00fcro, Wohnbasis, etc. ausgebaut werden.","breadcrumb":{"@id":"https:\/\/sagrinex.com\/produit\/conteneur-maritime-de-stockage-specifique-20-pieds-open-side\/#breadcrumb"},"inLanguage":"de","potentialAction":[{"@type":"ReadAction","target":["https:\/\/sagrinex.com\/produit\/conteneur-maritime-de-stockage-specifique-20-pieds-open-side\/"]}]},{"@type":"ImageObject","inLanguage":"de","@id":"https:\/\/sagrinex.com\/produit\/conteneur-maritime-de-stockage-specifique-20-pieds-open-side\/#primaryimage","url":"https:\/\/sagrinex.com\/wp-content\/uploads\/2026\/03\/Image-194-2.jpeg","contentUrl":"https:\/\/sagrinex.com\/wp-content\/uploads\/2026\/03\/Image-194-2.jpeg","width":1030,"height":1030},{"@type":"BreadcrumbList","@id":"https:\/\/sagrinex.com\/produit\/conteneur-maritime-de-stockage-specifique-20-pieds-open-side\/#breadcrumb","itemListElement":[{"@type":"ListItem","position":1,"name":"Accueil","item":"https:\/\/sagrinex.com\/?lang=de"},{"@type":"ListItem","position":2,"name":"Shop","item":"https:\/\/sagrinex.com\/shop\/"},{"@type":"ListItem","position":3,"name":"Spezifischer 20 Fu\u00df Open Side Seecontainer f\u00fcr Lagerung"}]},{"@type":"WebSite","@id":"https:\/\/sagrinex.com\/#website","url":"https:\/\/sagrinex.com\/","name":"Sagrinex \u2013 Spezialist f\u00fcr Anh\u00e4nger, Container & Landtechnik","description":"Anhaenger, Container &amp; Landtechnik \u2014 Online-Verkauf &amp; kostenloses Angebot","publisher":{"@id":"https:\/\/sagrinex.com\/#organization"},"potentialAction":[{"@type":"SearchAction","target":{"@type":"EntryPoint","urlTemplate":"https:\/\/sagrinex.com\/?s={search_term_string}"},"query-input":{"@type":"PropertyValueSpecification","valueRequired":true,"valueName":"search_term_string"}}],"inLanguage":"de"},{"@type":"Organization","@id":"https:\/\/sagrinex.com\/#organization","name":"Sagrinex \u2013 Remorques, Conteneurs & Mat\u00e9riel Agricole","url":"https:\/\/sagrinex.com\/","logo":{"@type":"ImageObject","inLanguage":"de","@id":"https:\/\/sagrinex.com\/#\/schema\/logo\/image\/","url":"https:\/\/sagrinex.com\/wp-content\/uploads\/2026\/03\/7f1ac463-ef5a-425d-bdd6-a5da03a334a9-1024x683.png","contentUrl":"https:\/\/sagrinex.com\/wp-content\/uploads\/2026\/03\/7f1ac463-ef5a-425d-bdd6-a5da03a334a9-1024x683.png","width":1024,"height":683,"caption":"Sagrinex \u2013 Remorques, Conteneurs & Mat\u00e9riel Agricole"},"image":{"@id":"https:\/\/sagrinex.com\/#\/schema\/logo\/image\/"}}]}},"jetpack_sharing_enabled":true,"_links":{"self":[{"href":"https:\/\/sagrinex.com\/de\/wp-json\/wp\/v2\/product\/14247","targetHints":{"allow":["GET"]}}],"collection":[{"href":"https:\/\/sagrinex.com\/de\/wp-json\/wp\/v2\/product"}],"about":[{"href":"https:\/\/sagrinex.com\/de\/wp-json\/wp\/v2\/types\/product"}],"replies":[{"embeddable":true,"href":"https:\/\/sagrinex.com\/de\/wp-json\/wp\/v2\/comments?post=14247"}],"version-history":[{"count":0,"href":"https:\/\/sagrinex.com\/de\/wp-json\/wp\/v2\/product\/14247\/revisions"}],"wp:featuredmedia":[{"embeddable":true,"href":"https:\/\/sagrinex.com\/de\/wp-json\/wp\/v2\/media\/16250"}],"wp:attachment":[{"href":"https:\/\/sagrinex.com\/de\/wp-json\/wp\/v2\/media?parent=14247"}],"wp:term":[{"taxonomy":"product_brand","embeddable":true,"href":"https:\/\/sagrinex.com\/de\/wp-json\/wp\/v2\/product_brand?post=14247"},{"taxonomy":"product_cat","embeddable":true,"href":"https:\/\/sagrinex.com\/de\/wp-json\/wp\/v2\/product_cat?post=14247"},{"taxonomy":"product_tag","embeddable":true,"href":"https:\/\/sagrinex.com\/de\/wp-json\/wp\/v2\/product_tag?post=14247"}],"curies":[{"name":"wp","href":"https:\/\/api.w.org\/{rel}","templated":true}]}}