{"id":14248,"date":"2026-03-17T22:33:13","date_gmt":"2026-03-17T22:33:13","guid":{"rendered":"https:\/\/sagrinex.com\/produit\/sun-way-broken-anhaenger-corsaire-sw845co12-zulaessiges-gesamtgewicht-1300-kg-1-achse\/"},"modified":"2026-04-15T21:12:16","modified_gmt":"2026-04-15T21:12:16","slug":"sun-way-broken-anhaenger-corsaire-sw845co12-zulaessiges-gesamtgewicht-1300-kg-1-achse","status":"publish","type":"product","link":"https:\/\/sagrinex.com\/de\/produit\/sun-way-broken-anhaenger-corsaire-sw845co12-zulaessiges-gesamtgewicht-1300-kg-1-achse\/","title":{"rendered":"Sun Way Broken Anh\u00c4nger \u2013 Corsaire \u2013 SW845CO12 \u2013 Zul\u00e4ssiges Gesamtgewicht: 1300 Kg \u2013 1 Achse"},"content":{"rendered":"<p>Der <strong>SUN WAY SW845CO12<\/strong>-Anh\u00e4nger wurde f\u00fcr den <strong>Stra\u00dfentransport und das Zuwasserlassen kleiner Segelboote<\/strong> wie Corsaire oder First 18 entwickelt und bietet eine L\u00f6sung f\u00fcr anspruchsvolle Bootsfahrer. Dank seiner <strong>neigbaren Deichsel<\/strong> und seiner <strong>umgekehrten zentralen Rollenbahn<\/strong> erleichtert es den Start und Aufstieg auch bei schwierigen Zugangsbedingungen. Seine <strong>spr\u00f6de Struktur<\/strong> erm\u00f6glicht eine optimale Anpassung an den Rumpf von Segelbooten mit Hubkiel.<\/p>\n<ul>\n<li><strong>Zul\u00e4ssiges Gesamtgewicht:<\/strong> 1300 kg (auf 1000 kg abnehmbar)<\/li>\n<li><strong>Leermasse:<\/strong> 300 kg<\/li>\n<li><strong>Nutzlast:<\/strong> 1000 kg<\/li>\n<li><strong>Gesamtabmessungen:<\/strong> 646 x 204 cm<\/li>\n<li><strong>Maximale L\u00e4nge des Bootes:<\/strong> 5,80 m<\/li>\n<li><strong>H\u00f6he der Kerzen:<\/strong> 70 cm<\/li>\n<li><strong>Anzahl der Achsen:<\/strong> 1<\/li>\n<li><strong>R\u00e4der:<\/strong> 165R14LT<\/li>\n<li><strong>Transportwinde:<\/strong> Goliath mit Unterst\u00fctzung<\/li>\n<li><strong>St\u00fctzrad:<\/strong> im Lieferumfang enthalten<\/li>\n<li><strong>Zurr\u00f6sen:<\/strong> am feuerverzinkten Rahmen angeschwei\u00dft<\/li>\n<li><strong>Beleuchtung:<\/strong> Lichtplatte aus Kunststoff<\/li>\n<li><strong>Chassis:<\/strong> feuerverzinkter Stahl<\/li>\n<\/ul>\n<p>Dieser f\u00fcr den Einsatz am Meer konzipierte Anh\u00e4nger ist mit einem <strong>feuerverzinkten Stahlchassis<\/strong> ausgestattet, einer Behandlung, die eine hervorragende <strong>Korrosionsbest\u00e4ndigkeit<\/strong> bietet. Dies gew\u00e4hrleistet eine erh\u00f6hte Haltbarkeit auch bei regelm\u00e4\u00dfigem Einsatz auf nassen Rampen oder in salziger Umgebung. Die <strong>Leuchtplatte aus Kunststoff<\/strong> wiederum vermeidet die bei Metallger\u00e4ten h\u00e4ufig auftretenden Oxidationsprobleme.<\/p>\n<p>Das System der <strong>umgekehrten zentralen Rollenbahn<\/strong> ist ein echter Vorteil f\u00fcr die Zentrierung des Bootes. Durch die Reduzierung der <strong>Ladeh\u00f6he<\/strong> erleichtert es den Zugang zum Wasser und erm\u00f6glicht ein effizientes Zuwasserlassen auch auf flachen Rampen. Diese Konfiguration reduziert auch die seitliche Bewegung des Bootes w\u00e4hrend des Transports und sorgt so f\u00fcr mehr Sicherheit auf der Stra\u00dfe.<\/p>\n<p>Die <strong>70 cm hohen St\u00fctzb\u00f6cke<\/strong> sorgen f\u00fcr eine optimale Rumpfabst\u00fctzung, insbesondere bei <strong>Hubkiel-Segelbooten<\/strong> wie der Corsair. Ihre H\u00f6he erm\u00f6glicht einen stabilen Halt auf der gesamten Seite und verringert so die Gefahr des Umkippens oder der Reibung w\u00e4hrend der Fahrt.<\/p>\n<p>Schlie\u00dflich erleichtert die <strong>spr\u00f6de Struktur der neigbaren Deichsel<\/strong> das Ein- und Aussteigen erheblich. Der Neigungswinkel erm\u00f6glicht ein nat\u00fcrliches Gleiten des Segelboots, ohne dass der gesamte Anh\u00e4nger eingetaucht werden muss. Dieses System ist besonders n\u00fctzlich bei flachen Rampen oder bei geringem Tiefgang.<\/p>\n<ul>\n<li>Achssp\u00fclsatz<\/li>\n<li>Ersatzrad mit Halterung<\/li>\n<li>Elektrische Winde mit wasserdichtem Batteriegeh\u00e4use<\/li>\n<li>Riemen<\/li>\n<li>Diebstahlschutz<\/li>\n<\/ul>\n<ul>\n<li>Speziell f\u00fcr Segelboote mit <strong>Hubkiel<\/strong><\/li>\n<p> entwickelt<\/p>\n<li>Ausgezeichnete<strong>Korrosionsbest\u00e4ndigkeit<\/strong> (verzinkter Stahl + Kunststoffbr\u00e4nde)<\/li>\n<li>Anh\u00e4nger <strong>zugelassen<\/strong> f\u00fcr den Stra\u00dfenverkehr (Zulassungsbescheinigung erforderlich)<\/li>\n<li>Sehr gute<strong>Stabilit\u00e4t auf der Stra\u00dfe<\/strong> dank geeigneter Ausstattung<\/li>\n<\/ul>\n<p>Dieser spezielle zerbrechliche Anh\u00e4nger f\u00fcr Segelboote ist selten auf dem Markt. <strong>Sagrinex<\/strong> bietet Ihnen dieses an den spezifischen nautischen Einsatz angepasste Modell mit einem hervorragenden Preis-Leistungs-Verh\u00e4ltnis und der M\u00f6glichkeit, es auf Anfrage zu bestellen, wenn der Vorrat ersch\u00f6pft ist.<\/p>\n<p>F\u00fcr diesen Anh\u00e4nger (zul\u00e4ssiges Gesamtgewicht > 500 kg) ist f\u00fcr die Fahrt auf der Stra\u00dfe die Erstellung einer Graukarte zwingend erforderlich. Es entspricht den geltenden Vorschriften f\u00fcr den Transport von Booten.<\/p>\n","protected":false},"excerpt":{"rendered":"<p>Dieser Bootsanh\u00e4nger mit kippbarer Deichsel und umgekehrter zentraler Rollenschiene kann m\u00fchelos ein Boot mit einer maximalen L\u00e4nge von 5,80 m und einem maximalen Gewicht von 1000 kg auf der Stra\u00dfe transportieren und zu Wasser lassen.<\/p>\n<div class=\"mod_fa_customizablefields_v14_list\">\n<div class=\"mod_fa_champspersonnalisables_v14_titre\"><strong>Zul\u00e4ssiges Gesamtgewicht: <\/strong><span class=\"mod_fa_champspersonnalisables_v14_value\">1300 kg<\/span><\/div>\n<\/div>\n<div class=\"mod_fa_customizablefields_v14_list\">\n<div class=\"mod_fa_champspersonnalisables_v14_titre\"><strong>Leermasse: <\/strong><span class=\"mod_fa_champspersonnalisables_v14_value\">300 kg<\/span><\/div>\n<\/div>\n<div class=\"mod_fa_customizablefields_v14_list\">\n<div class=\"mod_fa_champspersonnalisables_v14_titre\"><strong>Nutzlast: <\/strong><span class=\"mod_fa_champspersonnalisables_v14_value\">1000 kg<\/span><\/div>\n<\/div>\n<div class=\"mod_fa_customizablefields_v14_list\">\n<div class=\"mod_fa_champspersonnalisables_v14_titre\"><strong>Gesamtabmessungen: <\/strong><span class=\"mod_fa_champspersonnalisables_v14_value\">646 x 204 cm<\/span><\/div>\n<\/div>\n<div class=\"mod_fa_customizablefields_v14_list\">\n<div class=\"mod_fa_champspersonnalisables_v14_titre\"><strong>Kerzenh\u00f6he: <\/strong><span class=\"mod_fa_champspersonnalisables_v14_value\">70 cm<\/span><\/div>\n<\/div>\n<div class=\"mod_fa_customizablefields_v14_list\">\n<div class=\"mod_fa_champspersonnalisables_v14_titre\"><strong>Maximale L\u00e4nge des Bootes: <\/strong><span class=\"mod_fa_champspersonnalisables_v14_valeur\">5,8 Meter (Sch\u00fcrze mit Zurrring)<\/span><\/div>\n<\/div>\n<div class=\"mod_fa_customizablefields_v14_list\">\n<div class=\"mod_fa_champspersonnalisables_v14_title\"><strong>R\u00e4der: <\/strong><span class=\"mod_fa_champspersonnalisables_v14_valeur\">165R14LT<\/span><\/div>\n<\/div>\n<div class=\"mod_fa_customizablefields_v14_list\">\n<div class=\"mod_fa_champspersonnalisables_v14_titre\"><strong>Ausstattung: <\/strong><span class=\"mod_fa_champspersonnalisables_v14_valeur\">Goliath-Transportwinde + Standardst\u00fctze \/ St\u00fctzrad \/ An den feuerverzinkten Rahmen geschwei\u00dfte Zurrringe \/ Feuerplatte aus Kunststoff \/ Umgekehrte zentrale Rollenbahn \/<\/span><\/div>\n<\/div>\n","protected":false},"featured_media":16679,"comment_status":"open","ping_status":"closed","template":"","meta":[],"product_brand":[],"product_cat":[357,352],"product_tag":[],"class_list":{"0":"post-14248","1":"product","2":"type-product","3":"status-publish","4":"has-post-thumbnail","6":"product_cat-nautische-anhaenger","7":"product_cat-unsere-trailer","9":"first","10":"instock","11":"shipping-taxable","12":"purchasable","13":"product-type-simple"},"yoast_head":"<!-- This site is optimized with the Yoast SEO plugin v27.4 - https:\/\/yoast.com\/product\/yoast-seo-wordpress\/ -->\n<title>SUN WAY BROKEN ANH\u00c4NGER \u2013 CORSAIRE \u2013 SW845CO12 \u2013 zul\u00e4ssiges Gesamtgewicht: 1300 kg \u2013 1 Achse<\/title>\n<meta name=\"description\" content=\"Dieser Bootsanh\u00e4nger mit kippbarer Deichsel und umgekehrter zentraler Rollenschiene kann m\u00fchelos ein Boot mit einer maximalen L\u00e4nge von 5,80 m und einem maximalen Gewicht von 1000 kg auf der Stra\u00dfe transportieren und zu Wasser lassen.\" \/>\n<meta name=\"robots\" content=\"index, follow, max-snippet:-1, max-image-preview:large, max-video-preview:-1\" \/>\n<link rel=\"canonical\" href=\"https:\/\/sagrinex.com\/produit\/remorque-cassante-sun-way-corsaire-sw845co12-ptac-1300-kg-1-essieu-2\/\" \/>\n<meta property=\"og:locale\" content=\"de_DE\" \/>\n<meta property=\"og:type\" content=\"article\" \/>\n<meta property=\"og:title\" content=\"SUN WAY BROKEN ANH\u00c4NGER \u2013 CORSAIRE \u2013 SW845CO12 \u2013 zul\u00e4ssiges Gesamtgewicht: 1300 kg \u2013 1 Achse\" \/>\n<meta property=\"og:description\" content=\"Dieser Bootsanh\u00e4nger mit kippbarer Deichsel und umgekehrter zentraler Rollenschiene kann m\u00fchelos ein Boot mit einer maximalen L\u00e4nge von 5,80 m und einem maximalen Gewicht von 1000 kg auf der Stra\u00dfe transportieren und zu Wasser lassen.\" \/>\n<meta property=\"og:url\" content=\"https:\/\/sagrinex.com\/produit\/remorque-cassante-sun-way-corsaire-sw845co12-ptac-1300-kg-1-essieu-2\/\" \/>\n<meta property=\"og:site_name\" content=\"Sagrinex \u2013 Anhaenger, Container &amp; Landtechnik \ud83c\udf3e\ud83d\ude9c\" \/>\n<meta property=\"article:modified_time\" content=\"2026-04-15T21:12:16+00:00\" \/>\n<meta property=\"og:image\" content=\"https:\/\/sagrinex.com\/wp-content\/uploads\/2026\/03\/Image-164-3.jpeg\" \/>\n\t<meta property=\"og:image:width\" content=\"1000\" \/>\n\t<meta property=\"og:image:height\" content=\"653\" \/>\n\t<meta property=\"og:image:type\" content=\"image\/jpeg\" \/>\n<meta name=\"twitter:card\" content=\"summary_large_image\" \/>\n<meta name=\"twitter:label1\" content=\"Gesch\u00e4tzte Lesezeit\" \/>\n\t<meta name=\"twitter:data1\" content=\"2\u00a0Minuten\" \/>\n<script type=\"application\/ld+json\" class=\"yoast-schema-graph\">{\"@context\":\"https:\\\/\\\/schema.org\",\"@graph\":[{\"@type\":\"WebPage\",\"@id\":\"https:\\\/\\\/sagrinex.com\\\/produit\\\/remorque-cassante-sun-way-corsaire-sw845co12-ptac-1300-kg-1-essieu-2\\\/\",\"url\":\"https:\\\/\\\/sagrinex.com\\\/produit\\\/remorque-cassante-sun-way-corsaire-sw845co12-ptac-1300-kg-1-essieu-2\\\/\",\"name\":\"SUN WAY BROKEN ANH\u00c4NGER \u2013 CORSAIRE \u2013 SW845CO12 \u2013 zul\u00e4ssiges Gesamtgewicht: 1300 kg \u2013 1 Achse\",\"isPartOf\":{\"@id\":\"https:\\\/\\\/sagrinex.com\\\/#website\"},\"primaryImageOfPage\":{\"@id\":\"https:\\\/\\\/sagrinex.com\\\/produit\\\/remorque-cassante-sun-way-corsaire-sw845co12-ptac-1300-kg-1-essieu-2\\\/#primaryimage\"},\"image\":{\"@id\":\"https:\\\/\\\/sagrinex.com\\\/produit\\\/remorque-cassante-sun-way-corsaire-sw845co12-ptac-1300-kg-1-essieu-2\\\/#primaryimage\"},\"thumbnailUrl\":\"https:\\\/\\\/sagrinex.com\\\/wp-content\\\/uploads\\\/2026\\\/03\\\/Image-164-3.jpeg\",\"datePublished\":\"2026-03-17T22:33:13+00:00\",\"dateModified\":\"2026-04-15T21:12:16+00:00\",\"description\":\"Dieser Bootsanh\u00e4nger mit kippbarer Deichsel und umgekehrter zentraler Rollenschiene kann m\u00fchelos ein Boot mit einer maximalen L\u00e4nge von 5,80 m und einem maximalen Gewicht von 1000 kg auf der Stra\u00dfe transportieren und zu Wasser lassen.\",\"breadcrumb\":{\"@id\":\"https:\\\/\\\/sagrinex.com\\\/produit\\\/remorque-cassante-sun-way-corsaire-sw845co12-ptac-1300-kg-1-essieu-2\\\/#breadcrumb\"},\"inLanguage\":\"de\",\"potentialAction\":[{\"@type\":\"ReadAction\",\"target\":[\"https:\\\/\\\/sagrinex.com\\\/produit\\\/remorque-cassante-sun-way-corsaire-sw845co12-ptac-1300-kg-1-essieu-2\\\/\"]}]},{\"@type\":\"ImageObject\",\"inLanguage\":\"de\",\"@id\":\"https:\\\/\\\/sagrinex.com\\\/produit\\\/remorque-cassante-sun-way-corsaire-sw845co12-ptac-1300-kg-1-essieu-2\\\/#primaryimage\",\"url\":\"https:\\\/\\\/sagrinex.com\\\/wp-content\\\/uploads\\\/2026\\\/03\\\/Image-164-3.jpeg\",\"contentUrl\":\"https:\\\/\\\/sagrinex.com\\\/wp-content\\\/uploads\\\/2026\\\/03\\\/Image-164-3.jpeg\",\"width\":1000,\"height\":653},{\"@type\":\"BreadcrumbList\",\"@id\":\"https:\\\/\\\/sagrinex.com\\\/produit\\\/remorque-cassante-sun-way-corsaire-sw845co12-ptac-1300-kg-1-essieu-2\\\/#breadcrumb\",\"itemListElement\":[{\"@type\":\"ListItem\",\"position\":1,\"name\":\"Accueil\",\"item\":\"https:\\\/\\\/sagrinex.com\\\/?lang=de\"},{\"@type\":\"ListItem\",\"position\":2,\"name\":\"Shop\",\"item\":\"https:\\\/\\\/sagrinex.com\\\/shop\\\/\"},{\"@type\":\"ListItem\",\"position\":3,\"name\":\"Sun Way Broken Anh\u00c4nger \u2013 Corsaire \u2013 SW845CO12 \u2013 Zul\u00e4ssiges Gesamtgewicht: 1300 Kg \u2013 1 Achse\"}]},{\"@type\":\"WebSite\",\"@id\":\"https:\\\/\\\/sagrinex.com\\\/#website\",\"url\":\"https:\\\/\\\/sagrinex.com\\\/\",\"name\":\"Sagrinex \u2013 Spezialist f\u00fcr Anh\u00e4nger, Container & Landtechnik\",\"description\":\"Anhaenger, Container &amp; Landtechnik \u2014 Online-Verkauf &amp; kostenloses Angebot\",\"publisher\":{\"@id\":\"https:\\\/\\\/sagrinex.com\\\/#organization\"},\"potentialAction\":[{\"@type\":\"SearchAction\",\"target\":{\"@type\":\"EntryPoint\",\"urlTemplate\":\"https:\\\/\\\/sagrinex.com\\\/?s={search_term_string}\"},\"query-input\":{\"@type\":\"PropertyValueSpecification\",\"valueRequired\":true,\"valueName\":\"search_term_string\"}}],\"inLanguage\":\"de\"},{\"@type\":\"Organization\",\"@id\":\"https:\\\/\\\/sagrinex.com\\\/#organization\",\"name\":\"Sagrinex \u2013 Remorques, Conteneurs & Mat\u00e9riel Agricole\",\"url\":\"https:\\\/\\\/sagrinex.com\\\/\",\"logo\":{\"@type\":\"ImageObject\",\"inLanguage\":\"de\",\"@id\":\"https:\\\/\\\/sagrinex.com\\\/#\\\/schema\\\/logo\\\/image\\\/\",\"url\":\"https:\\\/\\\/sagrinex.com\\\/wp-content\\\/uploads\\\/2026\\\/03\\\/7f1ac463-ef5a-425d-bdd6-a5da03a334a9-1024x683.png\",\"contentUrl\":\"https:\\\/\\\/sagrinex.com\\\/wp-content\\\/uploads\\\/2026\\\/03\\\/7f1ac463-ef5a-425d-bdd6-a5da03a334a9-1024x683.png\",\"width\":1024,\"height\":683,\"caption\":\"Sagrinex \u2013 Remorques, Conteneurs & Mat\u00e9riel Agricole\"},\"image\":{\"@id\":\"https:\\\/\\\/sagrinex.com\\\/#\\\/schema\\\/logo\\\/image\\\/\"}}]}<\/script>\n<!-- \/ Yoast SEO plugin. -->","yoast_head_json":{"title":"SUN WAY BROKEN ANH\u00c4NGER \u2013 CORSAIRE \u2013 SW845CO12 \u2013 zul\u00e4ssiges Gesamtgewicht: 1300 kg \u2013 1 Achse","description":"Dieser Bootsanh\u00e4nger mit kippbarer Deichsel und umgekehrter zentraler Rollenschiene kann m\u00fchelos ein Boot mit einer maximalen L\u00e4nge von 5,80 m und einem maximalen Gewicht von 1000 kg auf der Stra\u00dfe transportieren und zu Wasser lassen.","robots":{"index":"index","follow":"follow","max-snippet":"max-snippet:-1","max-image-preview":"max-image-preview:large","max-video-preview":"max-video-preview:-1"},"canonical":"https:\/\/sagrinex.com\/produit\/remorque-cassante-sun-way-corsaire-sw845co12-ptac-1300-kg-1-essieu-2\/","og_locale":"de_DE","og_type":"article","og_title":"SUN WAY BROKEN ANH\u00c4NGER \u2013 CORSAIRE \u2013 SW845CO12 \u2013 zul\u00e4ssiges Gesamtgewicht: 1300 kg \u2013 1 Achse","og_description":"Dieser Bootsanh\u00e4nger mit kippbarer Deichsel und umgekehrter zentraler Rollenschiene kann m\u00fchelos ein Boot mit einer maximalen L\u00e4nge von 5,80 m und einem maximalen Gewicht von 1000 kg auf der Stra\u00dfe transportieren und zu Wasser lassen.","og_url":"https:\/\/sagrinex.com\/produit\/remorque-cassante-sun-way-corsaire-sw845co12-ptac-1300-kg-1-essieu-2\/","og_site_name":"Sagrinex \u2013 Anhaenger, Container &amp; Landtechnik \ud83c\udf3e\ud83d\ude9c","article_modified_time":"2026-04-15T21:12:16+00:00","og_image":[{"width":1000,"height":653,"url":"https:\/\/sagrinex.com\/wp-content\/uploads\/2026\/03\/Image-164-3.jpeg","type":"image\/jpeg"}],"twitter_card":"summary_large_image","twitter_misc":{"Gesch\u00e4tzte Lesezeit":"2\u00a0Minuten"},"schema":{"@context":"https:\/\/schema.org","@graph":[{"@type":"WebPage","@id":"https:\/\/sagrinex.com\/produit\/remorque-cassante-sun-way-corsaire-sw845co12-ptac-1300-kg-1-essieu-2\/","url":"https:\/\/sagrinex.com\/produit\/remorque-cassante-sun-way-corsaire-sw845co12-ptac-1300-kg-1-essieu-2\/","name":"SUN WAY BROKEN ANH\u00c4NGER \u2013 CORSAIRE \u2013 SW845CO12 \u2013 zul\u00e4ssiges Gesamtgewicht: 1300 kg \u2013 1 Achse","isPartOf":{"@id":"https:\/\/sagrinex.com\/#website"},"primaryImageOfPage":{"@id":"https:\/\/sagrinex.com\/produit\/remorque-cassante-sun-way-corsaire-sw845co12-ptac-1300-kg-1-essieu-2\/#primaryimage"},"image":{"@id":"https:\/\/sagrinex.com\/produit\/remorque-cassante-sun-way-corsaire-sw845co12-ptac-1300-kg-1-essieu-2\/#primaryimage"},"thumbnailUrl":"https:\/\/sagrinex.com\/wp-content\/uploads\/2026\/03\/Image-164-3.jpeg","datePublished":"2026-03-17T22:33:13+00:00","dateModified":"2026-04-15T21:12:16+00:00","description":"Dieser Bootsanh\u00e4nger mit kippbarer Deichsel und umgekehrter zentraler Rollenschiene kann m\u00fchelos ein Boot mit einer maximalen L\u00e4nge von 5,80 m und einem maximalen Gewicht von 1000 kg auf der Stra\u00dfe transportieren und zu Wasser lassen.","breadcrumb":{"@id":"https:\/\/sagrinex.com\/produit\/remorque-cassante-sun-way-corsaire-sw845co12-ptac-1300-kg-1-essieu-2\/#breadcrumb"},"inLanguage":"de","potentialAction":[{"@type":"ReadAction","target":["https:\/\/sagrinex.com\/produit\/remorque-cassante-sun-way-corsaire-sw845co12-ptac-1300-kg-1-essieu-2\/"]}]},{"@type":"ImageObject","inLanguage":"de","@id":"https:\/\/sagrinex.com\/produit\/remorque-cassante-sun-way-corsaire-sw845co12-ptac-1300-kg-1-essieu-2\/#primaryimage","url":"https:\/\/sagrinex.com\/wp-content\/uploads\/2026\/03\/Image-164-3.jpeg","contentUrl":"https:\/\/sagrinex.com\/wp-content\/uploads\/2026\/03\/Image-164-3.jpeg","width":1000,"height":653},{"@type":"BreadcrumbList","@id":"https:\/\/sagrinex.com\/produit\/remorque-cassante-sun-way-corsaire-sw845co12-ptac-1300-kg-1-essieu-2\/#breadcrumb","itemListElement":[{"@type":"ListItem","position":1,"name":"Accueil","item":"https:\/\/sagrinex.com\/?lang=de"},{"@type":"ListItem","position":2,"name":"Shop","item":"https:\/\/sagrinex.com\/shop\/"},{"@type":"ListItem","position":3,"name":"Sun Way Broken Anh\u00c4nger \u2013 Corsaire \u2013 SW845CO12 \u2013 Zul\u00e4ssiges Gesamtgewicht: 1300 Kg \u2013 1 Achse"}]},{"@type":"WebSite","@id":"https:\/\/sagrinex.com\/#website","url":"https:\/\/sagrinex.com\/","name":"Sagrinex \u2013 Spezialist f\u00fcr Anh\u00e4nger, Container & Landtechnik","description":"Anhaenger, Container &amp; Landtechnik \u2014 Online-Verkauf &amp; kostenloses Angebot","publisher":{"@id":"https:\/\/sagrinex.com\/#organization"},"potentialAction":[{"@type":"SearchAction","target":{"@type":"EntryPoint","urlTemplate":"https:\/\/sagrinex.com\/?s={search_term_string}"},"query-input":{"@type":"PropertyValueSpecification","valueRequired":true,"valueName":"search_term_string"}}],"inLanguage":"de"},{"@type":"Organization","@id":"https:\/\/sagrinex.com\/#organization","name":"Sagrinex \u2013 Remorques, Conteneurs & Mat\u00e9riel Agricole","url":"https:\/\/sagrinex.com\/","logo":{"@type":"ImageObject","inLanguage":"de","@id":"https:\/\/sagrinex.com\/#\/schema\/logo\/image\/","url":"https:\/\/sagrinex.com\/wp-content\/uploads\/2026\/03\/7f1ac463-ef5a-425d-bdd6-a5da03a334a9-1024x683.png","contentUrl":"https:\/\/sagrinex.com\/wp-content\/uploads\/2026\/03\/7f1ac463-ef5a-425d-bdd6-a5da03a334a9-1024x683.png","width":1024,"height":683,"caption":"Sagrinex \u2013 Remorques, Conteneurs & Mat\u00e9riel Agricole"},"image":{"@id":"https:\/\/sagrinex.com\/#\/schema\/logo\/image\/"}}]}},"jetpack_sharing_enabled":true,"_links":{"self":[{"href":"https:\/\/sagrinex.com\/de\/wp-json\/wp\/v2\/product\/14248","targetHints":{"allow":["GET"]}}],"collection":[{"href":"https:\/\/sagrinex.com\/de\/wp-json\/wp\/v2\/product"}],"about":[{"href":"https:\/\/sagrinex.com\/de\/wp-json\/wp\/v2\/types\/product"}],"replies":[{"embeddable":true,"href":"https:\/\/sagrinex.com\/de\/wp-json\/wp\/v2\/comments?post=14248"}],"version-history":[{"count":0,"href":"https:\/\/sagrinex.com\/de\/wp-json\/wp\/v2\/product\/14248\/revisions"}],"wp:featuredmedia":[{"embeddable":true,"href":"https:\/\/sagrinex.com\/de\/wp-json\/wp\/v2\/media\/16679"}],"wp:attachment":[{"href":"https:\/\/sagrinex.com\/de\/wp-json\/wp\/v2\/media?parent=14248"}],"wp:term":[{"taxonomy":"product_brand","embeddable":true,"href":"https:\/\/sagrinex.com\/de\/wp-json\/wp\/v2\/product_brand?post=14248"},{"taxonomy":"product_cat","embeddable":true,"href":"https:\/\/sagrinex.com\/de\/wp-json\/wp\/v2\/product_cat?post=14248"},{"taxonomy":"product_tag","embeddable":true,"href":"https:\/\/sagrinex.com\/de\/wp-json\/wp\/v2\/product_tag?post=14248"}],"curies":[{"name":"wp","href":"https:\/\/api.w.org\/{rel}","templated":true}]}}