{"id":14249,"date":"2026-03-15T20:13:55","date_gmt":"2026-03-15T20:13:55","guid":{"rendered":"https:\/\/sagrinex.com\/produit\/20-fuss-kuehlcontainer-reefer\/"},"modified":"2026-04-15T21:12:16","modified_gmt":"2026-04-15T21:12:16","slug":"20-fuss-kuehlcontainer-reefer","status":"publish","type":"product","link":"https:\/\/sagrinex.com\/de\/produit\/20-fuss-kuehlcontainer-reefer\/","title":{"rendered":"20 Fu\u00df K\u00fchlcontainer (reefer)"},"content":{"rendered":"<h1 data-start=\"133\" data-end=\"214\"><strong data-start=\"135\" data-end=\"214\">Neuer 20-Fu\u00df-Container (CSC-Zertifizierung \u2013 ISO 1161\/9001)<\/strong><\/h1>\n<p data-start=\"216\" data-end=\"555\">Dieser neue <strong data-start=\"238\" data-end=\"255\">20-Fu\u00df-Transportcontainer<\/strong> bietet ein optimales Ma\u00df an Sicherheit, Haltbarkeit und Zuverl\u00e4ssigkeit und erf\u00fcllt sowohl Lageranforderungen als auch internationale Transportanforderungen. Konform mit den Standards <strong data-start=\"450\" data-end=\"462\">ISO 1161<\/strong> und <strong data-start=\"466\" data-end=\"478\">ISO 9001<\/strong> sowie zertifizierter <strong data-start=\"492\" data-end=\"499\">CSC<\/strong>, garantiert es einwandfreie professionelle Qualit\u00e4t.<\/p>\n<p data-start=\"557\" data-end=\"713\">Erh\u00e4ltlich in mehreren Farben (<strong data-start=\"590\" data-end=\"618\">Wei\u00df, Grau, Rot, Blau<\/strong>) passt es problemlos in alle Arten von industriellen, logistischen oder privaten Umgebungen.<\/p>\n<hr data-start=\"715\" data-end=\"718\" \/>\n<h2 data-start=\"720\" data-end=\"757\">\ud83d\udd27 <strong data-start=\"726\" data-end=\"757\">Technische Spezifikationen<\/strong><\/h2>\n<h3 data-start=\"759\" data-end=\"785\"><strong data-start=\"763\" data-end=\"785\">Abmessungen und Gewicht<\/strong><\/h3>\n<ul data-start=\"786\" data-end=\"875\">\n<li data-start=\"786\" data-end=\"843\">\n<p data-start=\"788\" data-end=\"843\"><strong data-start=\"788\" data-end=\"816\">Au\u00dfenma\u00dfe:<\/strong> 605,8 \u00d7 243,8 \u00d7 259,1 cm<\/p>\n<\/li>\n<li data-start=\"844\" data-end=\"875\">\n<p data-start=\"846\" data-end=\"875\"><strong data-start=\"846\" data-end=\"864\">Leergewicht:<\/strong> 2.250 kg<\/p>\n<\/li>\n<\/ul>\n<hr data-start=\"877\" data-end=\"880\" \/>\n<h2 data-start=\"882\" data-end=\"914\">\ud83d\udee0\ufe0f <strong data-start=\"889\" data-end=\"914\">Struktur und Materialien<\/strong><\/h2>\n<ul data-start=\"915\" data-end=\"1121\">\n<li data-start=\"915\" data-end=\"1009\">\n<p data-start=\"917\" data-end=\"1009\"><strong data-start=\"917\" data-end=\"933\">CORTEN-Stahl<\/strong>, bekannt f\u00fcr seine sehr hohe Best\u00e4ndigkeit gegen Korrosion und schlechtes Wetter<\/p>\n<\/li>\n<li data-start=\"1010\" data-end=\"1068\">\n<p data-start=\"1012\" data-end=\"1068\">Verst\u00e4rkte Haltbarkeit f\u00fcr den intensiven professionellen Einsatz<\/p>\n<\/li>\n<li data-start=\"1069\" data-end=\"1121\">\n<p data-start=\"1071\" data-end=\"1121\">Konstruktion entspricht internationalen Standards<\/p>\n<\/li>\n<\/ul>\n<hr data-start=\"1123\" data-end=\"1126\" \/>\n<h2 data-start=\"1128\" data-end=\"1146\">\ud83e\udeb5 <strong data-start=\"1134\" data-end=\"1146\">Boden<\/strong><\/h2>\n<ul data-start=\"1147\" data-end=\"1285\">\n<li data-start=\"1147\" data-end=\"1190\">\n<p data-start=\"1149\" data-end=\"1190\"><strong data-start=\"1149\" data-end=\"1188\">Marineholz \/ laminierter Bambus \u2013 28 mm<\/strong><\/p>\n<\/li>\n<li data-start=\"1191\" data-end=\"1226\">\n<p data-start=\"1193\" data-end=\"1226\"><strong data-start=\"1204\" data-end=\"1224\">DRY-Antirutschbeschichtung<\/strong><\/p>\n<\/li>\n<li data-start=\"1227\" data-end=\"1285\">\n<p data-start=\"1229\" data-end=\"1285\">Geeignet f\u00fcr schwere Lasten und feuchte Umgebungen<\/p>\n<\/li>\n<\/ul>\n<hr data-start=\"1287\" data-end=\"1290\" \/>\n<h2 data-start=\"1292\" data-end=\"1316\">\ud83d\udeaa <strong data-start=\"1298\" data-end=\"1316\">T\u00fcren und Zug\u00e4nge<\/strong><\/h2>\n<ul data-start=\"1317\" data-end=\"1522\">\n<li data-start=\"1317\" data-end=\"1357\">\n<p data-start=\"1319\" data-end=\"1357\"><strong data-start=\"1319\" data-end=\"1355\">Doppelfl\u00fcgel\u00f6ffnung bei 270\u00b0<\/strong><\/p>\n<\/li>\n<li data-start=\"1358\" data-end=\"1399\">\n<p data-start=\"1360\" data-end=\"1399\">Voller Zugriff und einfache Handhabung<\/p>\n<\/li>\n<li data-start=\"1400\" data-end=\"1455\">\n<p data-start=\"1402\" data-end=\"1455\"><strong data-start=\"1402\" data-end=\"1432\">Burgerschutz<\/strong> mit Standardklingel<\/p>\n<\/li>\n<li data-start=\"1456\" data-end=\"1522\">\n<p data-start=\"1458\" data-end=\"1522\">Geeignet zur sicheren Aufbewahrung von Materialien, Werkzeugen oder G\u00fctern<\/p>\n<\/li>\n<\/ul>\n<hr data-start=\"1524\" data-end=\"1527\" \/>\n<h2 data-start=\"1529\" data-end=\"1550\">\ud83d\ude9c <strong data-start=\"1535\" data-end=\"1550\">Handhabung<\/strong><\/h2>\n<ul data-start=\"1551\" data-end=\"1651\">\n<li data-start=\"1551\" data-end=\"1587\">\n<p data-start=\"1553\" data-end=\"1587\"><strong data-start=\"1553\" data-end=\"1585\">Gabelabstand: 950 mm<\/strong><\/p>\n<\/li>\n<li data-start=\"1588\" data-end=\"1651\">\n<p data-start=\"1590\" data-end=\"1651\">Kompatibel mit Gabelstapler und professionellem Handling<\/p>\n<\/li>\n<\/ul>\n<hr data-start=\"1653\" data-end=\"1656\" \/>\n<h2 data-start=\"1658\" data-end=\"1683\">\ud83c\udff7\ufe0f <strong data-start=\"1665\" data-end=\"1683\">Zertifizierungen<\/strong><\/h2>\n<ul data-start=\"1684\" data-end=\"1815\">\n<li data-start=\"1684\" data-end=\"1752\">\n<p data-start=\"1686\" data-end=\"1752\"><strong data-start=\"1686\" data-end=\"1693\">CSC<\/strong> \u2013 unerl\u00e4sslich f\u00fcr den internationalen Versand<\/p>\n<\/li>\n<li data-start=\"1753\" data-end=\"1815\">\n<p data-start=\"1755\" data-end=\"1815\"><strong data-start=\"1755\" data-end=\"1778\">ISO 1161 &#038; ISO 9001<\/strong> \u2013 standardisierte Qualit\u00e4t und Compliance<\/p>\n<\/li>\n<\/ul>\n<hr data-start=\"1817\" data-end=\"1820\" \/>\n<h2 data-start=\"1822\" data-end=\"1843\">\u2728 <strong data-start=\"1827\" data-end=\"1843\">Highlights<\/strong><\/h2>\n<ul data-start=\"1844\" data-end=\"2095\">\n<li data-start=\"1844\" data-end=\"1868\">\n<p data-start=\"1846\" data-end=\"1868\">Neu, nie benutzt<\/p>\n<\/li>\n<li data-start=\"1869\" data-end=\"1904\">\n<p data-start=\"1871\" data-end=\"1904\">Sicher und \u00e4u\u00dferst robust<\/p>\n<\/li>\n<li data-start=\"1905\" data-end=\"1987\">\n<p data-start=\"1907\" data-end=\"1987\">Perfekt f\u00fcr Lagerung, Transport, Baustellen, Bauernh\u00f6fe oder Depots<\/p>\n<\/li>\n<li data-start=\"1988\" data-end=\"2034\">\n<p data-start=\"1990\" data-end=\"2034\">Lange Lebensdauer dank CORTEN-Stahl<\/p>\n<\/li>\n<li data-start=\"2035\" data-end=\"2095\">\n<p data-start=\"2037\" data-end=\"2095\">Vollst\u00e4ndig wasserdicht und resistent gegen extreme Bedingungen<\/p>\n<\/li>\n<\/ul>\n","protected":false},"excerpt":{"rendered":"<p>Der 20-Fu\u00df-K\u00fchlcontainer oder Reefer-Container ist die Standardl\u00f6sung f\u00fcr die dauerhafte oder gelegentliche Lagerung von frischen Produkten, die eine Temperatur- und Feuchtigkeitskontrolle erfordern, er ist au\u00dferdem umbau- und umr\u00fcstbar.\u00a0Es ist der meistverkaufte K\u00fchlcontainer der CDU.<\/p>\n<p>Ideal als K\u00fchlraum, der Ihren Veranstaltungsanforderungen gerecht wird oder einen herk\u00f6mmlichen K\u00fchlraum erg\u00e4nzt. Es richtet sich sowohl an Lebensmittelunternehmen (Restaurants, Superm\u00e4rkte, Fleisch, Gefl\u00fcgel, Fisch, Milchprodukte, S\u00fc\u00dfwaren, Eis, Obst, Gem\u00fcse, Weinkellereien) als auch an Non-Food-Unternehmen (chemische Produkte, Armee, Petrochemie, Luftfahrt, Pharmazeutik, Kunst, Kino, Mode und Leder).<\/p>\n<p>Ein 20-Fu\u00df-RF-Container ist vor allem mobil und praktisch, passt auf einen einzigen Parkplatz und ist sowohl f\u00fcr den Au\u00dfen- als auch f\u00fcr den Innenbereich konzipiert.<br \/>\nDer 20-Fu\u00df-RF-Container ist f\u00fcr extreme Temperaturbedingungen geeignet, er bietet sichere Lagerung und eine kontrollierte Atmosph\u00e4re. Robust, modular und stapelbar ist es die vielseitige und mobile L\u00f6sung schlechthin f\u00fcr die Lagerung frischer Produkte zu einem attraktiven Preis.<\/p>\n","protected":false},"featured_media":16256,"comment_status":"open","ping_status":"closed","template":"","meta":[],"product_brand":[],"product_cat":[349,347],"product_tag":[],"class_list":{"0":"post-14249","1":"product","2":"type-product","3":"status-publish","4":"has-post-thumbnail","6":"product_cat-kuehllager","7":"product_cat-unsere-container","9":"first","10":"instock","11":"sale","12":"shipping-taxable","13":"purchasable","14":"product-type-simple"},"yoast_head":"<!-- This site is optimized with the Yoast SEO plugin v27.4 - https:\/\/yoast.com\/product\/yoast-seo-wordpress\/ -->\n<title>20 Fu\u00df K\u00fchlcontainer (Reefer)<\/title>\n<meta name=\"description\" content=\"Der 20-Fu\u00df-K\u00fchlcontainer oder Reefer-Container ist die Standardl\u00f6sung f\u00fcr die dauerhafte oder gelegentliche Lagerung von frischen Produkten, die eine Temperatur- und Feuchtigkeitskontrolle erfordern, er ist au\u00dferdem umbau- und umr\u00fcstbar. Es ist der meistverkaufte K\u00fchlcontainer bei CDU. Ideal als K\u00fchlraum, der Ihren Veranstaltungsanforderungen gerecht wird oder einen herk\u00f6mmlichen K\u00fchlraum erg\u00e4nzt. Es richtet sich sowohl an Lebensmittelunternehmen (Restaurants, Superm\u00e4rkte, Fleisch, Gefl\u00fcgel, Fisch, Milchprodukte, S\u00fc\u00dfwaren, Eis, Obst, Gem\u00fcse, Weinkellereien) als auch an Non-Food-Unternehmen (Chemie, Armee, Petrochemie, Luftfahrt, Pharmazie, Kunst, Kino, Mode und Leder). Vor allem mobil und praktisch: Ein 20-Fu\u00df-RF-Container passt auf einen einzigen Parkplatz und ist f\u00fcr den Einsatz im Freien genauso konzipiert wie im Innenbereich. Der RF-Container 20 Fu\u00df ist f\u00fcr extreme Temperaturbedingungen geeignet, er bietet sichere Lagerung und eine kontrollierte Atmosph\u00e4re. Robust, modular und stapelbar ist es die vielseitige und mobile L\u00f6sung schlechthin f\u00fcr die Lagerung frischer Produkte zu einem attraktiven Preis.\" \/>\n<meta name=\"robots\" content=\"index, follow, max-snippet:-1, max-image-preview:large, max-video-preview:-1\" \/>\n<link rel=\"canonical\" href=\"https:\/\/sagrinex.com\/produit\/container-20-pieds-frigorifique-reefer\/\" \/>\n<meta property=\"og:locale\" content=\"de_DE\" \/>\n<meta property=\"og:type\" content=\"article\" \/>\n<meta property=\"og:title\" content=\"20 Fu\u00df K\u00fchlcontainer (Reefer)\" \/>\n<meta property=\"og:description\" content=\"Der 20-Fu\u00df-K\u00fchlcontainer oder Reefer-Container ist die Standardl\u00f6sung f\u00fcr die dauerhafte oder gelegentliche Lagerung von frischen Produkten, die eine Temperatur- und Feuchtigkeitskontrolle erfordern, er ist au\u00dferdem umbau- und umr\u00fcstbar. Es ist der meistverkaufte K\u00fchlcontainer bei CDU. Ideal als K\u00fchlraum, der Ihren Veranstaltungsanforderungen gerecht wird oder einen herk\u00f6mmlichen K\u00fchlraum erg\u00e4nzt. Es richtet sich sowohl an Lebensmittelunternehmen (Restaurants, Superm\u00e4rkte, Fleisch, Gefl\u00fcgel, Fisch, Milchprodukte, S\u00fc\u00dfwaren, Eis, Obst, Gem\u00fcse, Weinkellereien) als auch an Non-Food-Unternehmen (Chemie, Armee, Petrochemie, Luftfahrt, Pharmazie, Kunst, Kino, Mode und Leder). Vor allem mobil und praktisch: Ein 20-Fu\u00df-RF-Container passt auf einen einzigen Parkplatz und ist f\u00fcr den Einsatz im Freien genauso konzipiert wie im Innenbereich. Der RF-Container 20 Fu\u00df ist f\u00fcr extreme Temperaturbedingungen geeignet, er bietet sichere Lagerung und eine kontrollierte Atmosph\u00e4re. Robust, modular und stapelbar ist es die vielseitige und mobile L\u00f6sung schlechthin f\u00fcr die Lagerung frischer Produkte zu einem attraktiven Preis.\" \/>\n<meta property=\"og:url\" content=\"https:\/\/sagrinex.com\/produit\/container-20-pieds-frigorifique-reefer\/\" \/>\n<meta property=\"og:site_name\" content=\"Sagrinex \u2013 Anhaenger, Container &amp; Landtechnik \ud83c\udf3e\ud83d\ude9c\" \/>\n<meta property=\"article:modified_time\" content=\"2026-04-15T21:12:16+00:00\" \/>\n<meta property=\"og:image\" content=\"https:\/\/sagrinex.com\/wp-content\/uploads\/2026\/03\/Image-200-2.jpeg\" \/>\n\t<meta property=\"og:image:width\" content=\"1216\" \/>\n\t<meta property=\"og:image:height\" content=\"685\" \/>\n\t<meta property=\"og:image:type\" content=\"image\/jpeg\" \/>\n<meta name=\"twitter:card\" content=\"summary_large_image\" \/>\n<meta name=\"twitter:label1\" content=\"Gesch\u00e4tzte Lesezeit\" \/>\n\t<meta name=\"twitter:data1\" content=\"1\u00a0Minute\" \/>\n<script type=\"application\/ld+json\" class=\"yoast-schema-graph\">{\"@context\":\"https:\\\/\\\/schema.org\",\"@graph\":[{\"@type\":\"WebPage\",\"@id\":\"https:\\\/\\\/sagrinex.com\\\/produit\\\/container-20-pieds-frigorifique-reefer\\\/\",\"url\":\"https:\\\/\\\/sagrinex.com\\\/produit\\\/container-20-pieds-frigorifique-reefer\\\/\",\"name\":\"20 Fu\u00df K\u00fchlcontainer (Reefer)\",\"isPartOf\":{\"@id\":\"https:\\\/\\\/sagrinex.com\\\/#website\"},\"primaryImageOfPage\":{\"@id\":\"https:\\\/\\\/sagrinex.com\\\/produit\\\/container-20-pieds-frigorifique-reefer\\\/#primaryimage\"},\"image\":{\"@id\":\"https:\\\/\\\/sagrinex.com\\\/produit\\\/container-20-pieds-frigorifique-reefer\\\/#primaryimage\"},\"thumbnailUrl\":\"https:\\\/\\\/sagrinex.com\\\/wp-content\\\/uploads\\\/2026\\\/03\\\/Image-200-2.jpeg\",\"datePublished\":\"2026-03-15T20:13:55+00:00\",\"dateModified\":\"2026-04-15T21:12:16+00:00\",\"description\":\"Der 20-Fu\u00df-K\u00fchlcontainer oder Reefer-Container ist die Standardl\u00f6sung f\u00fcr die dauerhafte oder gelegentliche Lagerung von frischen Produkten, die eine Temperatur- und Feuchtigkeitskontrolle erfordern, er ist au\u00dferdem umbau- und umr\u00fcstbar. Es ist der meistverkaufte K\u00fchlcontainer bei CDU. Ideal als K\u00fchlraum, der Ihren Veranstaltungsanforderungen gerecht wird oder einen herk\u00f6mmlichen K\u00fchlraum erg\u00e4nzt. Es richtet sich sowohl an Lebensmittelunternehmen (Restaurants, Superm\u00e4rkte, Fleisch, Gefl\u00fcgel, Fisch, Milchprodukte, S\u00fc\u00dfwaren, Eis, Obst, Gem\u00fcse, Weinkellereien) als auch an Non-Food-Unternehmen (Chemie, Armee, Petrochemie, Luftfahrt, Pharmazie, Kunst, Kino, Mode und Leder). Vor allem mobil und praktisch: Ein 20-Fu\u00df-RF-Container passt auf einen einzigen Parkplatz und ist f\u00fcr den Einsatz im Freien genauso konzipiert wie im Innenbereich. Der RF-Container 20 Fu\u00df ist f\u00fcr extreme Temperaturbedingungen geeignet, er bietet sichere Lagerung und eine kontrollierte Atmosph\u00e4re. Robust, modular und stapelbar ist es die vielseitige und mobile L\u00f6sung schlechthin f\u00fcr die Lagerung frischer Produkte zu einem attraktiven Preis.\",\"breadcrumb\":{\"@id\":\"https:\\\/\\\/sagrinex.com\\\/produit\\\/container-20-pieds-frigorifique-reefer\\\/#breadcrumb\"},\"inLanguage\":\"de\",\"potentialAction\":[{\"@type\":\"ReadAction\",\"target\":[\"https:\\\/\\\/sagrinex.com\\\/produit\\\/container-20-pieds-frigorifique-reefer\\\/\"]}]},{\"@type\":\"ImageObject\",\"inLanguage\":\"de\",\"@id\":\"https:\\\/\\\/sagrinex.com\\\/produit\\\/container-20-pieds-frigorifique-reefer\\\/#primaryimage\",\"url\":\"https:\\\/\\\/sagrinex.com\\\/wp-content\\\/uploads\\\/2026\\\/03\\\/Image-200-2.jpeg\",\"contentUrl\":\"https:\\\/\\\/sagrinex.com\\\/wp-content\\\/uploads\\\/2026\\\/03\\\/Image-200-2.jpeg\",\"width\":1216,\"height\":685},{\"@type\":\"BreadcrumbList\",\"@id\":\"https:\\\/\\\/sagrinex.com\\\/produit\\\/container-20-pieds-frigorifique-reefer\\\/#breadcrumb\",\"itemListElement\":[{\"@type\":\"ListItem\",\"position\":1,\"name\":\"Accueil\",\"item\":\"https:\\\/\\\/sagrinex.com\\\/?lang=de\"},{\"@type\":\"ListItem\",\"position\":2,\"name\":\"Shop\",\"item\":\"https:\\\/\\\/sagrinex.com\\\/shop\\\/\"},{\"@type\":\"ListItem\",\"position\":3,\"name\":\"20 Fu\u00df K\u00fchlcontainer (reefer)\"}]},{\"@type\":\"WebSite\",\"@id\":\"https:\\\/\\\/sagrinex.com\\\/#website\",\"url\":\"https:\\\/\\\/sagrinex.com\\\/\",\"name\":\"Sagrinex \u2013 Spezialist f\u00fcr Anh\u00e4nger, Container & Landtechnik\",\"description\":\"Anhaenger, Container &amp; Landtechnik \u2014 Online-Verkauf &amp; kostenloses Angebot\",\"publisher\":{\"@id\":\"https:\\\/\\\/sagrinex.com\\\/#organization\"},\"potentialAction\":[{\"@type\":\"SearchAction\",\"target\":{\"@type\":\"EntryPoint\",\"urlTemplate\":\"https:\\\/\\\/sagrinex.com\\\/?s={search_term_string}\"},\"query-input\":{\"@type\":\"PropertyValueSpecification\",\"valueRequired\":true,\"valueName\":\"search_term_string\"}}],\"inLanguage\":\"de\"},{\"@type\":\"Organization\",\"@id\":\"https:\\\/\\\/sagrinex.com\\\/#organization\",\"name\":\"Sagrinex \u2013 Remorques, Conteneurs & Mat\u00e9riel Agricole\",\"url\":\"https:\\\/\\\/sagrinex.com\\\/\",\"logo\":{\"@type\":\"ImageObject\",\"inLanguage\":\"de\",\"@id\":\"https:\\\/\\\/sagrinex.com\\\/#\\\/schema\\\/logo\\\/image\\\/\",\"url\":\"https:\\\/\\\/sagrinex.com\\\/wp-content\\\/uploads\\\/2026\\\/03\\\/7f1ac463-ef5a-425d-bdd6-a5da03a334a9-1024x683.png\",\"contentUrl\":\"https:\\\/\\\/sagrinex.com\\\/wp-content\\\/uploads\\\/2026\\\/03\\\/7f1ac463-ef5a-425d-bdd6-a5da03a334a9-1024x683.png\",\"width\":1024,\"height\":683,\"caption\":\"Sagrinex \u2013 Remorques, Conteneurs & Mat\u00e9riel Agricole\"},\"image\":{\"@id\":\"https:\\\/\\\/sagrinex.com\\\/#\\\/schema\\\/logo\\\/image\\\/\"}}]}<\/script>\n<!-- \/ Yoast SEO plugin. -->","yoast_head_json":{"title":"20 Fu\u00df K\u00fchlcontainer (Reefer)","description":"Der 20-Fu\u00df-K\u00fchlcontainer oder Reefer-Container ist die Standardl\u00f6sung f\u00fcr die dauerhafte oder gelegentliche Lagerung von frischen Produkten, die eine Temperatur- und Feuchtigkeitskontrolle erfordern, er ist au\u00dferdem umbau- und umr\u00fcstbar. Es ist der meistverkaufte K\u00fchlcontainer bei CDU. Ideal als K\u00fchlraum, der Ihren Veranstaltungsanforderungen gerecht wird oder einen herk\u00f6mmlichen K\u00fchlraum erg\u00e4nzt. Es richtet sich sowohl an Lebensmittelunternehmen (Restaurants, Superm\u00e4rkte, Fleisch, Gefl\u00fcgel, Fisch, Milchprodukte, S\u00fc\u00dfwaren, Eis, Obst, Gem\u00fcse, Weinkellereien) als auch an Non-Food-Unternehmen (Chemie, Armee, Petrochemie, Luftfahrt, Pharmazie, Kunst, Kino, Mode und Leder). Vor allem mobil und praktisch: Ein 20-Fu\u00df-RF-Container passt auf einen einzigen Parkplatz und ist f\u00fcr den Einsatz im Freien genauso konzipiert wie im Innenbereich. Der RF-Container 20 Fu\u00df ist f\u00fcr extreme Temperaturbedingungen geeignet, er bietet sichere Lagerung und eine kontrollierte Atmosph\u00e4re. Robust, modular und stapelbar ist es die vielseitige und mobile L\u00f6sung schlechthin f\u00fcr die Lagerung frischer Produkte zu einem attraktiven Preis.","robots":{"index":"index","follow":"follow","max-snippet":"max-snippet:-1","max-image-preview":"max-image-preview:large","max-video-preview":"max-video-preview:-1"},"canonical":"https:\/\/sagrinex.com\/produit\/container-20-pieds-frigorifique-reefer\/","og_locale":"de_DE","og_type":"article","og_title":"20 Fu\u00df K\u00fchlcontainer (Reefer)","og_description":"Der 20-Fu\u00df-K\u00fchlcontainer oder Reefer-Container ist die Standardl\u00f6sung f\u00fcr die dauerhafte oder gelegentliche Lagerung von frischen Produkten, die eine Temperatur- und Feuchtigkeitskontrolle erfordern, er ist au\u00dferdem umbau- und umr\u00fcstbar. Es ist der meistverkaufte K\u00fchlcontainer bei CDU. Ideal als K\u00fchlraum, der Ihren Veranstaltungsanforderungen gerecht wird oder einen herk\u00f6mmlichen K\u00fchlraum erg\u00e4nzt. Es richtet sich sowohl an Lebensmittelunternehmen (Restaurants, Superm\u00e4rkte, Fleisch, Gefl\u00fcgel, Fisch, Milchprodukte, S\u00fc\u00dfwaren, Eis, Obst, Gem\u00fcse, Weinkellereien) als auch an Non-Food-Unternehmen (Chemie, Armee, Petrochemie, Luftfahrt, Pharmazie, Kunst, Kino, Mode und Leder). Vor allem mobil und praktisch: Ein 20-Fu\u00df-RF-Container passt auf einen einzigen Parkplatz und ist f\u00fcr den Einsatz im Freien genauso konzipiert wie im Innenbereich. Der RF-Container 20 Fu\u00df ist f\u00fcr extreme Temperaturbedingungen geeignet, er bietet sichere Lagerung und eine kontrollierte Atmosph\u00e4re. Robust, modular und stapelbar ist es die vielseitige und mobile L\u00f6sung schlechthin f\u00fcr die Lagerung frischer Produkte zu einem attraktiven Preis.","og_url":"https:\/\/sagrinex.com\/produit\/container-20-pieds-frigorifique-reefer\/","og_site_name":"Sagrinex \u2013 Anhaenger, Container &amp; Landtechnik \ud83c\udf3e\ud83d\ude9c","article_modified_time":"2026-04-15T21:12:16+00:00","og_image":[{"width":1216,"height":685,"url":"https:\/\/sagrinex.com\/wp-content\/uploads\/2026\/03\/Image-200-2.jpeg","type":"image\/jpeg"}],"twitter_card":"summary_large_image","twitter_misc":{"Gesch\u00e4tzte Lesezeit":"1\u00a0Minute"},"schema":{"@context":"https:\/\/schema.org","@graph":[{"@type":"WebPage","@id":"https:\/\/sagrinex.com\/produit\/container-20-pieds-frigorifique-reefer\/","url":"https:\/\/sagrinex.com\/produit\/container-20-pieds-frigorifique-reefer\/","name":"20 Fu\u00df K\u00fchlcontainer (Reefer)","isPartOf":{"@id":"https:\/\/sagrinex.com\/#website"},"primaryImageOfPage":{"@id":"https:\/\/sagrinex.com\/produit\/container-20-pieds-frigorifique-reefer\/#primaryimage"},"image":{"@id":"https:\/\/sagrinex.com\/produit\/container-20-pieds-frigorifique-reefer\/#primaryimage"},"thumbnailUrl":"https:\/\/sagrinex.com\/wp-content\/uploads\/2026\/03\/Image-200-2.jpeg","datePublished":"2026-03-15T20:13:55+00:00","dateModified":"2026-04-15T21:12:16+00:00","description":"Der 20-Fu\u00df-K\u00fchlcontainer oder Reefer-Container ist die Standardl\u00f6sung f\u00fcr die dauerhafte oder gelegentliche Lagerung von frischen Produkten, die eine Temperatur- und Feuchtigkeitskontrolle erfordern, er ist au\u00dferdem umbau- und umr\u00fcstbar. Es ist der meistverkaufte K\u00fchlcontainer bei CDU. Ideal als K\u00fchlraum, der Ihren Veranstaltungsanforderungen gerecht wird oder einen herk\u00f6mmlichen K\u00fchlraum erg\u00e4nzt. Es richtet sich sowohl an Lebensmittelunternehmen (Restaurants, Superm\u00e4rkte, Fleisch, Gefl\u00fcgel, Fisch, Milchprodukte, S\u00fc\u00dfwaren, Eis, Obst, Gem\u00fcse, Weinkellereien) als auch an Non-Food-Unternehmen (Chemie, Armee, Petrochemie, Luftfahrt, Pharmazie, Kunst, Kino, Mode und Leder). Vor allem mobil und praktisch: Ein 20-Fu\u00df-RF-Container passt auf einen einzigen Parkplatz und ist f\u00fcr den Einsatz im Freien genauso konzipiert wie im Innenbereich. Der RF-Container 20 Fu\u00df ist f\u00fcr extreme Temperaturbedingungen geeignet, er bietet sichere Lagerung und eine kontrollierte Atmosph\u00e4re. Robust, modular und stapelbar ist es die vielseitige und mobile L\u00f6sung schlechthin f\u00fcr die Lagerung frischer Produkte zu einem attraktiven Preis.","breadcrumb":{"@id":"https:\/\/sagrinex.com\/produit\/container-20-pieds-frigorifique-reefer\/#breadcrumb"},"inLanguage":"de","potentialAction":[{"@type":"ReadAction","target":["https:\/\/sagrinex.com\/produit\/container-20-pieds-frigorifique-reefer\/"]}]},{"@type":"ImageObject","inLanguage":"de","@id":"https:\/\/sagrinex.com\/produit\/container-20-pieds-frigorifique-reefer\/#primaryimage","url":"https:\/\/sagrinex.com\/wp-content\/uploads\/2026\/03\/Image-200-2.jpeg","contentUrl":"https:\/\/sagrinex.com\/wp-content\/uploads\/2026\/03\/Image-200-2.jpeg","width":1216,"height":685},{"@type":"BreadcrumbList","@id":"https:\/\/sagrinex.com\/produit\/container-20-pieds-frigorifique-reefer\/#breadcrumb","itemListElement":[{"@type":"ListItem","position":1,"name":"Accueil","item":"https:\/\/sagrinex.com\/?lang=de"},{"@type":"ListItem","position":2,"name":"Shop","item":"https:\/\/sagrinex.com\/shop\/"},{"@type":"ListItem","position":3,"name":"20 Fu\u00df K\u00fchlcontainer (reefer)"}]},{"@type":"WebSite","@id":"https:\/\/sagrinex.com\/#website","url":"https:\/\/sagrinex.com\/","name":"Sagrinex \u2013 Spezialist f\u00fcr Anh\u00e4nger, Container & Landtechnik","description":"Anhaenger, Container &amp; Landtechnik \u2014 Online-Verkauf &amp; kostenloses Angebot","publisher":{"@id":"https:\/\/sagrinex.com\/#organization"},"potentialAction":[{"@type":"SearchAction","target":{"@type":"EntryPoint","urlTemplate":"https:\/\/sagrinex.com\/?s={search_term_string}"},"query-input":{"@type":"PropertyValueSpecification","valueRequired":true,"valueName":"search_term_string"}}],"inLanguage":"de"},{"@type":"Organization","@id":"https:\/\/sagrinex.com\/#organization","name":"Sagrinex \u2013 Remorques, Conteneurs & Mat\u00e9riel Agricole","url":"https:\/\/sagrinex.com\/","logo":{"@type":"ImageObject","inLanguage":"de","@id":"https:\/\/sagrinex.com\/#\/schema\/logo\/image\/","url":"https:\/\/sagrinex.com\/wp-content\/uploads\/2026\/03\/7f1ac463-ef5a-425d-bdd6-a5da03a334a9-1024x683.png","contentUrl":"https:\/\/sagrinex.com\/wp-content\/uploads\/2026\/03\/7f1ac463-ef5a-425d-bdd6-a5da03a334a9-1024x683.png","width":1024,"height":683,"caption":"Sagrinex \u2013 Remorques, Conteneurs & Mat\u00e9riel Agricole"},"image":{"@id":"https:\/\/sagrinex.com\/#\/schema\/logo\/image\/"}}]}},"jetpack_sharing_enabled":true,"_links":{"self":[{"href":"https:\/\/sagrinex.com\/de\/wp-json\/wp\/v2\/product\/14249","targetHints":{"allow":["GET"]}}],"collection":[{"href":"https:\/\/sagrinex.com\/de\/wp-json\/wp\/v2\/product"}],"about":[{"href":"https:\/\/sagrinex.com\/de\/wp-json\/wp\/v2\/types\/product"}],"replies":[{"embeddable":true,"href":"https:\/\/sagrinex.com\/de\/wp-json\/wp\/v2\/comments?post=14249"}],"version-history":[{"count":0,"href":"https:\/\/sagrinex.com\/de\/wp-json\/wp\/v2\/product\/14249\/revisions"}],"wp:featuredmedia":[{"embeddable":true,"href":"https:\/\/sagrinex.com\/de\/wp-json\/wp\/v2\/media\/16256"}],"wp:attachment":[{"href":"https:\/\/sagrinex.com\/de\/wp-json\/wp\/v2\/media?parent=14249"}],"wp:term":[{"taxonomy":"product_brand","embeddable":true,"href":"https:\/\/sagrinex.com\/de\/wp-json\/wp\/v2\/product_brand?post=14249"},{"taxonomy":"product_cat","embeddable":true,"href":"https:\/\/sagrinex.com\/de\/wp-json\/wp\/v2\/product_cat?post=14249"},{"taxonomy":"product_tag","embeddable":true,"href":"https:\/\/sagrinex.com\/de\/wp-json\/wp\/v2\/product_tag?post=14249"}],"curies":[{"name":"wp","href":"https:\/\/api.w.org\/{rel}","templated":true}]}}