{"id":14258,"date":"2026-03-15T17:47:28","date_gmt":"2026-03-15T17:47:28","guid":{"rendered":"https:\/\/sagrinex.com\/produit\/lagercontainer-8-fuss\/"},"modified":"2026-03-15T17:47:28","modified_gmt":"2026-03-15T17:47:28","slug":"lagercontainer-8-fuss","status":"publish","type":"product","link":"https:\/\/sagrinex.com\/de\/produit\/lagercontainer-8-fuss\/","title":{"rendered":"Lagercontainer 8 Fu\u00df"},"content":{"rendered":"<div class=\"content-bloc-resume resume-primary_ text-center\">\n<div class=\"row justify-content-between\">\n<div class=\"col\">\n<div class=\"picto_resume\">\n<p class=\"mb-0\"><strong><small class=\"legende\">Gewicht<\/small><\/strong><br \/>\n<strong>0.630 t<\/strong><\/p>\n<\/div>\n<\/div>\n<div class=\"col\">\n<div class=\"picto_resume\">\n<p class=\"mb-0\"><strong><small class=\"legende\">Oberfl\u00e4che<\/small><\/strong><br \/>\n<strong>4.791 m<sup>2<\/sup><\/strong><\/p>\n<\/div>\n<\/div>\n<div class=\"col\">\n<div class=\"picto_resume\">\n<p class=\"mb-0\"><strong><small class=\"legende\">Volumen<\/small><\/strong><br \/>\n<strong>9.82 m<sup>3<\/sup><\/strong><\/p>\n<\/div>\n<\/div>\n<\/div>\n<\/div>\n<div class=\"content-dimensions table-responsive\">\n<table class=\"table\">\n<thead>\n<tr>\n<th class=\"dim\" scope=\"col\"><strong>ABMESSUNGEN<\/strong><\/th>\n<th scope=\"col\"><strong>L\u00c4NGE (M)<\/strong><\/th>\n<th scope=\"col\"><strong>BREITE (M)<\/strong><\/th>\n<th scope=\"col\"><strong>H\u00d6HE (M)<\/strong><\/th>\n<th scope=\"col\"><strong>VOLUMEN (M<sup>3<\/sup>)<\/strong><\/th>\n<th scope=\"col\"><strong>LEERGEWICHT (T)<\/strong><\/th>\n<\/tr>\n<\/thead>\n<tbody>\n<tr>\n<th scope=\"row\"><strong>Au\u00dfenma\u00dfe<\/strong><\/th>\n<td><strong>2.438<\/strong><\/td>\n<td><strong>2.20<\/strong><\/td>\n<td><strong>2.26<\/strong><\/td>\n<td class=\"border-left\" rowspan=\"2\"><strong>9.82 m<sup>3<\/sup><\/strong><\/td>\n<td class=\"border-left\" rowspan=\"2\"><strong>0.630<\/strong><\/td>\n<\/tr>\n<tr>\n<th scope=\"row\"><strong>Innenma\u00dfe<\/strong><\/th>\n<td><strong>2.275<\/strong><\/td>\n<td><strong>2.106<\/strong><\/td>\n<td><strong>2.05<\/strong><\/td>\n<\/tr>\n<tr>\n<th scope=\"row\"><strong>T\u00fcren<\/strong><\/th>\n<td><\/td>\n<td><strong>2.07<\/strong><\/td>\n<td><strong>1.945<\/strong><\/td>\n<td><\/td>\n<\/tr>\n<\/tbody>\n<\/table>\n<\/div>\n","protected":false},"excerpt":{"rendered":"<div class=\"content-caracteristiques\">\n<p class=\"h4 caracteristiques-titre\">Eigenschaften<\/p>\n<ul>\n<li>Doppelt\u00fcren verriegelbar durch 2 Espagnoletten und sicherbar durch Sicherheitsvorh\u00e4ngeschloss<\/li>\n<li>Ideal f\u00fcr Baustelle<\/li>\n<li>Vorh\u00e4ngeschloss-Abdeckung an den T\u00fcren angeschwei\u00dft<\/li>\n<li>Sperrholzboden St\u00e4rke 21 mm<\/li>\n<li>Gabelzinkendurchgang Achsabstand 950 mm<\/li>\n<\/ul>\n<\/div>\n<div class=\"content-content\">\n<p>Der <strong>8-Fu\u00df-Lager<\/strong>container ist einer der kleinsten Container auf dem Markt. Es ist ein <strong>sehr gefragtes<\/strong> Produkt f\u00fcr alle Arten von Baustellen aufgrund seiner <strong>einfachen Transportierbarkeit<\/strong>.<\/p>\n<p>Er ist aus <strong>Stahl<\/strong> gefertigt, die T\u00fcren sind durch 2 Espagnoletten verriegelbar und durch ein Sicherheitsvorh\u00e4ngeschloss sicherbar. Eine Vorh\u00e4ngeschloss-Abdeckung ist an den T\u00fcren angeschwei\u00dft. Sein <strong>Boden ist aus Sperrholz<\/strong> mit einer St\u00e4rke von 21 mm.<\/p>\n<p>Ein <strong>Gabelzinkendurchgang<\/strong> ist verf\u00fcgbar (Achsabstand: 950mm).<\/p>\n<p>Er kann je nach Ihren Bed\u00fcrfnissen im Industriebereich sowie als Sommerk\u00fcche, Gartensalon, Bastelwerkstatt und Lagerraum, Gartenschuppen usw. <strong>ausgebaut<\/strong> werden.<\/p>\n<\/div>\n","protected":false},"featured_media":16215,"comment_status":"open","ping_status":"closed","template":"","meta":[],"product_brand":[],"product_cat":[351,347],"product_tag":[],"class_list":{"0":"post-14258","1":"product","2":"type-product","3":"status-publish","4":"has-post-thumbnail","6":"product_cat-standardspeicher","7":"product_cat-unsere-container","9":"first","10":"instock","11":"shipping-taxable","12":"purchasable","13":"product-type-simple"},"yoast_head":"<!-- This site is optimized with the Yoast SEO plugin v27.4 - https:\/\/yoast.com\/product\/yoast-seo-wordpress\/ -->\n<title>Lagercontainer 8 Fu\u00df<\/title>\n<meta name=\"robots\" content=\"index, follow, max-snippet:-1, max-image-preview:large, max-video-preview:-1\" \/>\n<link rel=\"canonical\" href=\"https:\/\/sagrinex.com\/produit\/conteneurs-stockage-8-pieds\/\" \/>\n<meta property=\"og:locale\" content=\"de_DE\" \/>\n<meta property=\"og:type\" content=\"article\" \/>\n<meta property=\"og:title\" content=\"Lagercontainer 8 Fu\u00df\" \/>\n<meta property=\"og:description\" content=\"Eigenschaften   Doppelt\u00fcren verriegelbar durch 2 Espagnoletten und sicherbar durch Sicherheitsvorh\u00e4ngeschloss  Ideal f\u00fcr Baustelle  Vorh\u00e4ngeschloss-Abdeckung an den T\u00fcren angeschwei\u00dft  Sperrholzboden St\u00e4rke 21 mm  Gabelzinkendurchgang Achsabstand 950 mm   Der 8-Fu\u00df-Lagercontainer ist einer der kleinsten Container auf dem Markt. Es ist ein sehr gefragtes Produkt f\u00fcr alle Arten von Baustellen aufgrund seiner einfachen Transportierbarkeit. Er ist aus Stahl gefertigt, die T\u00fcren sind durch 2 Espagnoletten verriegelbar und durch ein Sicherheitsvorh\u00e4ngeschloss sicherbar. Eine Vorh\u00e4ngeschloss-Abdeckung ist an den T\u00fcren angeschwei\u00dft. Sein Boden ist aus Sperrholz mit einer St\u00e4rke von 21 mm. Ein Gabelzinkendurchgang ist verf\u00fcgbar (Achsabstand: 950mm). Er kann je nach Ihren Bed\u00fcrfnissen im Industriebereich sowie als Sommerk\u00fcche, Gartensalon, Bastelwerkstatt und Lagerraum, Gartenschuppen usw. ausgebaut werden.\" \/>\n<meta property=\"og:url\" content=\"https:\/\/sagrinex.com\/produit\/conteneurs-stockage-8-pieds\/\" \/>\n<meta property=\"og:site_name\" content=\"Sagrinex \u2013 Anhaenger, Container &amp; Landtechnik \ud83c\udf3e\ud83d\ude9c\" \/>\n<meta name=\"twitter:card\" content=\"summary_large_image\" \/>\n<script type=\"application\/ld+json\" class=\"yoast-schema-graph\">{\"@context\":\"https:\\\/\\\/schema.org\",\"@graph\":[{\"@type\":\"WebPage\",\"@id\":\"https:\\\/\\\/sagrinex.com\\\/produit\\\/conteneurs-stockage-8-pieds\\\/\",\"url\":\"https:\\\/\\\/sagrinex.com\\\/produit\\\/conteneurs-stockage-8-pieds\\\/\",\"name\":\"Lagercontainer 8 Fu\u00df\",\"isPartOf\":{\"@id\":\"https:\\\/\\\/sagrinex.com\\\/#website\"},\"primaryImageOfPage\":{\"@id\":\"https:\\\/\\\/sagrinex.com\\\/produit\\\/conteneurs-stockage-8-pieds\\\/#primaryimage\"},\"image\":{\"@id\":\"https:\\\/\\\/sagrinex.com\\\/produit\\\/conteneurs-stockage-8-pieds\\\/#primaryimage\"},\"thumbnailUrl\":\"https:\\\/\\\/sagrinex.com\\\/wp-content\\\/uploads\\\/2026\\\/03\\\/Image-155-1.jpeg\",\"datePublished\":\"2026-03-15T17:47:28+00:00\",\"breadcrumb\":{\"@id\":\"https:\\\/\\\/sagrinex.com\\\/produit\\\/conteneurs-stockage-8-pieds\\\/#breadcrumb\"},\"inLanguage\":\"de\",\"potentialAction\":[{\"@type\":\"ReadAction\",\"target\":[\"https:\\\/\\\/sagrinex.com\\\/produit\\\/conteneurs-stockage-8-pieds\\\/\"]}]},{\"@type\":\"ImageObject\",\"inLanguage\":\"de\",\"@id\":\"https:\\\/\\\/sagrinex.com\\\/produit\\\/conteneurs-stockage-8-pieds\\\/#primaryimage\",\"url\":\"https:\\\/\\\/sagrinex.com\\\/wp-content\\\/uploads\\\/2026\\\/03\\\/Image-155-1.jpeg\",\"contentUrl\":\"https:\\\/\\\/sagrinex.com\\\/wp-content\\\/uploads\\\/2026\\\/03\\\/Image-155-1.jpeg\",\"width\":1030,\"height\":1030},{\"@type\":\"BreadcrumbList\",\"@id\":\"https:\\\/\\\/sagrinex.com\\\/produit\\\/conteneurs-stockage-8-pieds\\\/#breadcrumb\",\"itemListElement\":[{\"@type\":\"ListItem\",\"position\":1,\"name\":\"Accueil\",\"item\":\"https:\\\/\\\/sagrinex.com\\\/?lang=de\"},{\"@type\":\"ListItem\",\"position\":2,\"name\":\"Shop\",\"item\":\"https:\\\/\\\/sagrinex.com\\\/shop\\\/\"},{\"@type\":\"ListItem\",\"position\":3,\"name\":\"Lagercontainer 8 Fu\u00df\"}]},{\"@type\":\"WebSite\",\"@id\":\"https:\\\/\\\/sagrinex.com\\\/#website\",\"url\":\"https:\\\/\\\/sagrinex.com\\\/\",\"name\":\"Sagrinex \u2013 Spezialist f\u00fcr Anh\u00e4nger, Container & Landtechnik\",\"description\":\"Anhaenger, Container &amp; Landtechnik \u2014 Online-Verkauf &amp; kostenloses Angebot\",\"publisher\":{\"@id\":\"https:\\\/\\\/sagrinex.com\\\/#organization\"},\"potentialAction\":[{\"@type\":\"SearchAction\",\"target\":{\"@type\":\"EntryPoint\",\"urlTemplate\":\"https:\\\/\\\/sagrinex.com\\\/?s={search_term_string}\"},\"query-input\":{\"@type\":\"PropertyValueSpecification\",\"valueRequired\":true,\"valueName\":\"search_term_string\"}}],\"inLanguage\":\"de\"},{\"@type\":\"Organization\",\"@id\":\"https:\\\/\\\/sagrinex.com\\\/#organization\",\"name\":\"Sagrinex \u2013 Remorques, Conteneurs & Mat\u00e9riel Agricole\",\"url\":\"https:\\\/\\\/sagrinex.com\\\/\",\"logo\":{\"@type\":\"ImageObject\",\"inLanguage\":\"de\",\"@id\":\"https:\\\/\\\/sagrinex.com\\\/#\\\/schema\\\/logo\\\/image\\\/\",\"url\":\"https:\\\/\\\/sagrinex.com\\\/wp-content\\\/uploads\\\/2026\\\/03\\\/7f1ac463-ef5a-425d-bdd6-a5da03a334a9-1024x683.png\",\"contentUrl\":\"https:\\\/\\\/sagrinex.com\\\/wp-content\\\/uploads\\\/2026\\\/03\\\/7f1ac463-ef5a-425d-bdd6-a5da03a334a9-1024x683.png\",\"width\":1024,\"height\":683,\"caption\":\"Sagrinex \u2013 Remorques, Conteneurs & Mat\u00e9riel Agricole\"},\"image\":{\"@id\":\"https:\\\/\\\/sagrinex.com\\\/#\\\/schema\\\/logo\\\/image\\\/\"}}]}<\/script>\n<!-- \/ Yoast SEO plugin. -->","yoast_head_json":{"title":"Lagercontainer 8 Fu\u00df","robots":{"index":"index","follow":"follow","max-snippet":"max-snippet:-1","max-image-preview":"max-image-preview:large","max-video-preview":"max-video-preview:-1"},"canonical":"https:\/\/sagrinex.com\/produit\/conteneurs-stockage-8-pieds\/","og_locale":"de_DE","og_type":"article","og_title":"Lagercontainer 8 Fu\u00df","og_description":"Eigenschaften   Doppelt\u00fcren verriegelbar durch 2 Espagnoletten und sicherbar durch Sicherheitsvorh\u00e4ngeschloss  Ideal f\u00fcr Baustelle  Vorh\u00e4ngeschloss-Abdeckung an den T\u00fcren angeschwei\u00dft  Sperrholzboden St\u00e4rke 21 mm  Gabelzinkendurchgang Achsabstand 950 mm   Der 8-Fu\u00df-Lagercontainer ist einer der kleinsten Container auf dem Markt. Es ist ein sehr gefragtes Produkt f\u00fcr alle Arten von Baustellen aufgrund seiner einfachen Transportierbarkeit. Er ist aus Stahl gefertigt, die T\u00fcren sind durch 2 Espagnoletten verriegelbar und durch ein Sicherheitsvorh\u00e4ngeschloss sicherbar. Eine Vorh\u00e4ngeschloss-Abdeckung ist an den T\u00fcren angeschwei\u00dft. Sein Boden ist aus Sperrholz mit einer St\u00e4rke von 21 mm. Ein Gabelzinkendurchgang ist verf\u00fcgbar (Achsabstand: 950mm). Er kann je nach Ihren Bed\u00fcrfnissen im Industriebereich sowie als Sommerk\u00fcche, Gartensalon, Bastelwerkstatt und Lagerraum, Gartenschuppen usw. ausgebaut werden.","og_url":"https:\/\/sagrinex.com\/produit\/conteneurs-stockage-8-pieds\/","og_site_name":"Sagrinex \u2013 Anhaenger, Container &amp; Landtechnik \ud83c\udf3e\ud83d\ude9c","twitter_card":"summary_large_image","schema":{"@context":"https:\/\/schema.org","@graph":[{"@type":"WebPage","@id":"https:\/\/sagrinex.com\/produit\/conteneurs-stockage-8-pieds\/","url":"https:\/\/sagrinex.com\/produit\/conteneurs-stockage-8-pieds\/","name":"Lagercontainer 8 Fu\u00df","isPartOf":{"@id":"https:\/\/sagrinex.com\/#website"},"primaryImageOfPage":{"@id":"https:\/\/sagrinex.com\/produit\/conteneurs-stockage-8-pieds\/#primaryimage"},"image":{"@id":"https:\/\/sagrinex.com\/produit\/conteneurs-stockage-8-pieds\/#primaryimage"},"thumbnailUrl":"https:\/\/sagrinex.com\/wp-content\/uploads\/2026\/03\/Image-155-1.jpeg","datePublished":"2026-03-15T17:47:28+00:00","breadcrumb":{"@id":"https:\/\/sagrinex.com\/produit\/conteneurs-stockage-8-pieds\/#breadcrumb"},"inLanguage":"de","potentialAction":[{"@type":"ReadAction","target":["https:\/\/sagrinex.com\/produit\/conteneurs-stockage-8-pieds\/"]}]},{"@type":"ImageObject","inLanguage":"de","@id":"https:\/\/sagrinex.com\/produit\/conteneurs-stockage-8-pieds\/#primaryimage","url":"https:\/\/sagrinex.com\/wp-content\/uploads\/2026\/03\/Image-155-1.jpeg","contentUrl":"https:\/\/sagrinex.com\/wp-content\/uploads\/2026\/03\/Image-155-1.jpeg","width":1030,"height":1030},{"@type":"BreadcrumbList","@id":"https:\/\/sagrinex.com\/produit\/conteneurs-stockage-8-pieds\/#breadcrumb","itemListElement":[{"@type":"ListItem","position":1,"name":"Accueil","item":"https:\/\/sagrinex.com\/?lang=de"},{"@type":"ListItem","position":2,"name":"Shop","item":"https:\/\/sagrinex.com\/shop\/"},{"@type":"ListItem","position":3,"name":"Lagercontainer 8 Fu\u00df"}]},{"@type":"WebSite","@id":"https:\/\/sagrinex.com\/#website","url":"https:\/\/sagrinex.com\/","name":"Sagrinex \u2013 Spezialist f\u00fcr Anh\u00e4nger, Container & Landtechnik","description":"Anhaenger, Container &amp; Landtechnik \u2014 Online-Verkauf &amp; kostenloses Angebot","publisher":{"@id":"https:\/\/sagrinex.com\/#organization"},"potentialAction":[{"@type":"SearchAction","target":{"@type":"EntryPoint","urlTemplate":"https:\/\/sagrinex.com\/?s={search_term_string}"},"query-input":{"@type":"PropertyValueSpecification","valueRequired":true,"valueName":"search_term_string"}}],"inLanguage":"de"},{"@type":"Organization","@id":"https:\/\/sagrinex.com\/#organization","name":"Sagrinex \u2013 Remorques, Conteneurs & Mat\u00e9riel Agricole","url":"https:\/\/sagrinex.com\/","logo":{"@type":"ImageObject","inLanguage":"de","@id":"https:\/\/sagrinex.com\/#\/schema\/logo\/image\/","url":"https:\/\/sagrinex.com\/wp-content\/uploads\/2026\/03\/7f1ac463-ef5a-425d-bdd6-a5da03a334a9-1024x683.png","contentUrl":"https:\/\/sagrinex.com\/wp-content\/uploads\/2026\/03\/7f1ac463-ef5a-425d-bdd6-a5da03a334a9-1024x683.png","width":1024,"height":683,"caption":"Sagrinex \u2013 Remorques, Conteneurs & Mat\u00e9riel Agricole"},"image":{"@id":"https:\/\/sagrinex.com\/#\/schema\/logo\/image\/"}}]}},"jetpack_sharing_enabled":true,"_links":{"self":[{"href":"https:\/\/sagrinex.com\/de\/wp-json\/wp\/v2\/product\/14258","targetHints":{"allow":["GET"]}}],"collection":[{"href":"https:\/\/sagrinex.com\/de\/wp-json\/wp\/v2\/product"}],"about":[{"href":"https:\/\/sagrinex.com\/de\/wp-json\/wp\/v2\/types\/product"}],"replies":[{"embeddable":true,"href":"https:\/\/sagrinex.com\/de\/wp-json\/wp\/v2\/comments?post=14258"}],"version-history":[{"count":0,"href":"https:\/\/sagrinex.com\/de\/wp-json\/wp\/v2\/product\/14258\/revisions"}],"wp:featuredmedia":[{"embeddable":true,"href":"https:\/\/sagrinex.com\/de\/wp-json\/wp\/v2\/media\/16215"}],"wp:attachment":[{"href":"https:\/\/sagrinex.com\/de\/wp-json\/wp\/v2\/media?parent=14258"}],"wp:term":[{"taxonomy":"product_brand","embeddable":true,"href":"https:\/\/sagrinex.com\/de\/wp-json\/wp\/v2\/product_brand?post=14258"},{"taxonomy":"product_cat","embeddable":true,"href":"https:\/\/sagrinex.com\/de\/wp-json\/wp\/v2\/product_cat?post=14258"},{"taxonomy":"product_tag","embeddable":true,"href":"https:\/\/sagrinex.com\/de\/wp-json\/wp\/v2\/product_tag?post=14258"}],"curies":[{"name":"wp","href":"https:\/\/api.w.org\/{rel}","templated":true}]}}