{"id":14265,"date":"2026-03-15T13:33:37","date_gmt":"2026-03-15T13:33:37","guid":{"rendered":"https:\/\/sagrinex.com\/produit\/container-de-stockage-15-pieds-neuf\/"},"modified":"2026-04-15T21:12:16","modified_gmt":"2026-04-15T21:12:16","slug":"container-de-stockage-15-pieds-neuf","status":"publish","type":"product","link":"https:\/\/sagrinex.com\/de\/produit\/container-de-stockage-15-pieds-neuf\/","title":{"rendered":"Container DE Stockage 15 Pieds Neuf&#8220; EN &#8222;15-fu\u00df-lagercontainer Neu"},"content":{"rendered":"<h1><strong>Lagercontainer 4,5 m (18 m\u00b3)<\/strong><\/h1>\n<p>Dieser robuste und vollst\u00e4ndig geschwei\u00dfte Lagercontainer ist f\u00fcr den professionellen wie privaten Einsatz konzipiert. Mit seiner Struktur aus lackiertem Stahl <strong>RAL 9010<\/strong> und seinem Boden aus behandeltem Massivholz bietet er eine zuverl\u00e4ssige, dichte und sichere L\u00f6sung f\u00fcr die Lagerung von Material, Werkzeugen, Waren oder Ausr\u00fcstung.<\/p>\n<h3><strong>Abmessungen<\/strong><\/h3>\n<ul>\n<li><strong>Au\u00dfen (H \u00d7 B \u00d7 T)<\/strong> : 225 \u00d7 220 \u00d7 450 cm<\/li>\n<li><strong>Innen (H \u00d7 B \u00d7 T)<\/strong> : 202 \u00d7 207 \u00d7 430 cm<\/li>\n<li><strong>Volumen:<\/strong> 18 m\u00b3<\/li>\n<li><strong>Leergewicht:<\/strong> 1400 kg<\/li>\n<li><strong>Zul\u00e4ssige Belastung:<\/strong> 9000 kg<\/li>\n<\/ul>\n<h3><strong>Struktur & Materialien<\/strong><\/h3>\n<ul>\n<li>Rahmen aus <strong>geschwei\u00dften Stahlprofilen<\/strong> \u2013 St\u00e4rke 3 mm<\/li>\n<li>W\u00e4nde & Decke aus <strong>Stahlblech 1,5 mm<\/strong><\/li>\n<li>Boden aus <strong>Massivholz 25 mm<\/strong> (700 kg\/m\u00b2)<\/li>\n<li>Farbe: <strong>RAL 9010 wei\u00df<\/strong><\/li>\n<\/ul>\n<h3><strong>T\u00fcren & Sicherheit<\/strong><\/h3>\n<ul>\n<li>2 Stahlfl\u00fcgel mit Gummidichtungen<\/li>\n<li>Optimale Dichtigkeit<\/li>\n<li><strong>Schutzblende f\u00fcr Vorh\u00e4ngeschloss<\/strong><\/li>\n<\/ul>\n<h3><strong>Handhabung<\/strong><\/h3>\n<ul>\n<li>Gabelzinkendurchgang (Achsabstand 90 cm)<\/li>\n<li>4 Hebe\u00f6sen auf dem Dach (Kran\/Anschlagmittel)<\/li>\n<\/ul>\n<h3><strong>Optionen<\/strong><\/h3>\n<ul>\n<li>Komplette Elektroinstallation<\/li>\n<li>Stahlboden<\/li>\n<li>RAL-Farben nach Wahl<\/li>\n<li>Sicherheitsvorh\u00e4ngeschloss<\/li>\n<\/ul>\n","protected":false},"excerpt":{"rendered":"<p>Unsere Lagercontainer erm\u00f6glichen es, den Lagerbedarf auf Baustellen, in Lagerhallen, auf Au\u00dfenlagern, auf landwirtschaftlichen Fl\u00e4chen oder zu Hause zu decken. Es handelt sich um NEUE Lagercontainer, die direkt ab Werk kommen und nicht um Seecontainer \u201eerste Reise&#8220;, die bereits gefahren sind.<\/p>\n<p>Unser 15-Fu\u00df-Lagercontainer verf\u00fcgt \u00fcber ein Ger\u00fcst aus <strong>Stahlprofilen, St\u00e4rke 3mm<\/strong>, <strong>vollst\u00e4ndig geschwei\u00dft<\/strong>. Die W\u00e4nde und die Decke sind aus <strong>gewalztem Blech mit einer St\u00e4rke von 1,5mm<\/strong> und der Boden ist aus <strong>Massivholz, St\u00e4rke 25mm<\/strong>, feuchtigkeitsbehandelt. Er ist mit einer Schutzabdeckung f\u00fcr das Vorh\u00e4ngeschloss ausgestattet.<\/p>\n<p>Die Handhabung ist mit Schlingen oder Hebehaken dank der 4 Aufnahmepunkte auf dem Dach m\u00f6glich, oder \u00fcber einen Gabelstapler dank der Gabelzinkendurchf\u00fchrung im Unterbau. Diese Gabelzinkendurchf\u00fchrung befindet sich an der Seite, der Achsabstand betr\u00e4gt 90cm.<\/p>\n","protected":false},"featured_media":16130,"comment_status":"open","ping_status":"closed","template":"","meta":[],"product_brand":[],"product_cat":[351,347],"product_tag":[],"class_list":{"0":"post-14265","1":"product","2":"type-product","3":"status-publish","4":"has-post-thumbnail","6":"product_cat-standardspeicher","7":"product_cat-unsere-container","9":"first","10":"instock","11":"sale","12":"shipping-taxable","13":"purchasable","14":"product-type-simple"},"yoast_head":"<!-- This site is optimized with the Yoast SEO plugin v27.5 - https:\/\/yoast.com\/product\/yoast-seo-wordpress\/ -->\n<title>Container de Stockage 15 pieds Neuf<\/title>\n<meta name=\"description\" content=\"Unsere Lagercontainer erm\u00f6glichen es, den Lagerbedarf auf Baustellen, in Lagerhallen, auf Au\u00dfenlagern, auf landwirtschaftlichen Fl\u00e4chen oder zu Hause zu decken. Es handelt sich um NEUE Lagercontainer, die direkt ab Werk kommen und nicht um Seecontainer \u201eerste Reise&quot;, die bereits gefahren sind. Unser 15-Fu\u00df-Lagercontainer verf\u00fcgt \u00fcber ein Ger\u00fcst aus Stahlprofilen, St\u00e4rke 3mm, vollst\u00e4ndig verschwei\u00dft. Die W\u00e4nde und die Decke sind aus gewalztem Blech mit einer St\u00e4rke von 1,5mm und der Boden ist aus Massivholz, St\u00e4rke 25mm, feuchtigkeitsbehandelt. Er ist mit einer Schutzabdeckung f\u00fcr das Vorh\u00e4ngeschloss ausgestattet. Die Handhabung ist mit Schlingen oder Hebehaken dank der 4 Aufnahmepunkte auf dem Dach m\u00f6glich, oder \u00fcber einen Gabelstapler dank der Gabelzinkendurchf\u00fchrung im Unterbau. Diese Gabelzinkendurchf\u00fchrung befindet sich an der Seite, der Achsabstand betr\u00e4gt 90cm.\" \/>\n<meta name=\"robots\" content=\"index, follow, max-snippet:-1, max-image-preview:large, max-video-preview:-1\" \/>\n<link rel=\"canonical\" href=\"https:\/\/sagrinex.com\/produit\/container-de-stockage-15-pieds-neuf\/\" \/>\n<meta property=\"og:locale\" content=\"de_DE\" \/>\n<meta property=\"og:type\" content=\"article\" \/>\n<meta property=\"og:title\" content=\"Container de Stockage 15 pieds Neuf\" \/>\n<meta property=\"og:description\" content=\"Unsere Lagercontainer erm\u00f6glichen es, den Lagerbedarf auf Baustellen, in Lagerhallen, auf Au\u00dfenlagern, auf landwirtschaftlichen Fl\u00e4chen oder zu Hause zu decken. Es handelt sich um NEUE Lagercontainer, die direkt ab Werk kommen und nicht um Seecontainer \u201eerste Reise&quot;, die bereits gefahren sind. Unser 15-Fu\u00df-Lagercontainer verf\u00fcgt \u00fcber ein Ger\u00fcst aus Stahlprofilen, St\u00e4rke 3mm, vollst\u00e4ndig verschwei\u00dft. Die W\u00e4nde und die Decke sind aus gewalztem Blech mit einer St\u00e4rke von 1,5mm und der Boden ist aus Massivholz, St\u00e4rke 25mm, feuchtigkeitsbehandelt. Er ist mit einer Schutzabdeckung f\u00fcr das Vorh\u00e4ngeschloss ausgestattet. Die Handhabung ist mit Schlingen oder Hebehaken dank der 4 Aufnahmepunkte auf dem Dach m\u00f6glich, oder \u00fcber einen Gabelstapler dank der Gabelzinkendurchf\u00fchrung im Unterbau. Diese Gabelzinkendurchf\u00fchrung befindet sich an der Seite, der Achsabstand betr\u00e4gt 90cm.\" \/>\n<meta property=\"og:url\" content=\"https:\/\/sagrinex.com\/produit\/container-de-stockage-15-pieds-neuf\/\" \/>\n<meta property=\"og:site_name\" content=\"Sagrinex \u2013 Anhaenger, Container &amp; Landtechnik \ud83c\udf3e\ud83d\ude9c\" \/>\n<meta property=\"article:modified_time\" content=\"2026-04-15T21:12:16+00:00\" \/>\n<meta property=\"og:image\" content=\"https:\/\/sagrinex.com\/wp-content\/uploads\/2026\/03\/Image-55-4.jpeg\" \/>\n\t<meta property=\"og:image:width\" content=\"1212\" \/>\n\t<meta property=\"og:image:height\" content=\"678\" \/>\n\t<meta property=\"og:image:type\" content=\"image\/jpeg\" \/>\n<meta name=\"twitter:card\" content=\"summary_large_image\" \/>\n<meta name=\"twitter:label1\" content=\"Gesch\u00e4tzte Lesezeit\" \/>\n\t<meta name=\"twitter:data1\" content=\"1\u00a0Minute\" \/>\n<script type=\"application\/ld+json\" class=\"yoast-schema-graph\">{\"@context\":\"https:\\\/\\\/schema.org\",\"@graph\":[{\"@type\":\"WebPage\",\"@id\":\"https:\\\/\\\/sagrinex.com\\\/produit\\\/container-de-stockage-15-pieds-neuf\\\/\",\"url\":\"https:\\\/\\\/sagrinex.com\\\/produit\\\/container-de-stockage-15-pieds-neuf\\\/\",\"name\":\"Container de Stockage 15 pieds Neuf\",\"isPartOf\":{\"@id\":\"https:\\\/\\\/sagrinex.com\\\/#website\"},\"primaryImageOfPage\":{\"@id\":\"https:\\\/\\\/sagrinex.com\\\/produit\\\/container-de-stockage-15-pieds-neuf\\\/#primaryimage\"},\"image\":{\"@id\":\"https:\\\/\\\/sagrinex.com\\\/produit\\\/container-de-stockage-15-pieds-neuf\\\/#primaryimage\"},\"thumbnailUrl\":\"https:\\\/\\\/sagrinex.com\\\/wp-content\\\/uploads\\\/2026\\\/03\\\/Image-55-4.jpeg\",\"datePublished\":\"2026-03-15T13:33:37+00:00\",\"dateModified\":\"2026-04-15T21:12:16+00:00\",\"description\":\"Unsere Lagercontainer erm\u00f6glichen es, den Lagerbedarf auf Baustellen, in Lagerhallen, auf Au\u00dfenlagern, auf landwirtschaftlichen Fl\u00e4chen oder zu Hause zu decken. Es handelt sich um NEUE Lagercontainer, die direkt ab Werk kommen und nicht um Seecontainer \u201eerste Reise\\\", die bereits gefahren sind. Unser 15-Fu\u00df-Lagercontainer verf\u00fcgt \u00fcber ein Ger\u00fcst aus Stahlprofilen, St\u00e4rke 3mm, vollst\u00e4ndig verschwei\u00dft. Die W\u00e4nde und die Decke sind aus gewalztem Blech mit einer St\u00e4rke von 1,5mm und der Boden ist aus Massivholz, St\u00e4rke 25mm, feuchtigkeitsbehandelt. Er ist mit einer Schutzabdeckung f\u00fcr das Vorh\u00e4ngeschloss ausgestattet. Die Handhabung ist mit Schlingen oder Hebehaken dank der 4 Aufnahmepunkte auf dem Dach m\u00f6glich, oder \u00fcber einen Gabelstapler dank der Gabelzinkendurchf\u00fchrung im Unterbau. Diese Gabelzinkendurchf\u00fchrung befindet sich an der Seite, der Achsabstand betr\u00e4gt 90cm.\",\"breadcrumb\":{\"@id\":\"https:\\\/\\\/sagrinex.com\\\/produit\\\/container-de-stockage-15-pieds-neuf\\\/#breadcrumb\"},\"inLanguage\":\"de\",\"potentialAction\":[{\"@type\":\"ReadAction\",\"target\":[\"https:\\\/\\\/sagrinex.com\\\/produit\\\/container-de-stockage-15-pieds-neuf\\\/\"]}]},{\"@type\":\"ImageObject\",\"inLanguage\":\"de\",\"@id\":\"https:\\\/\\\/sagrinex.com\\\/produit\\\/container-de-stockage-15-pieds-neuf\\\/#primaryimage\",\"url\":\"https:\\\/\\\/sagrinex.com\\\/wp-content\\\/uploads\\\/2026\\\/03\\\/Image-55-4.jpeg\",\"contentUrl\":\"https:\\\/\\\/sagrinex.com\\\/wp-content\\\/uploads\\\/2026\\\/03\\\/Image-55-4.jpeg\",\"width\":1212,\"height\":678},{\"@type\":\"BreadcrumbList\",\"@id\":\"https:\\\/\\\/sagrinex.com\\\/produit\\\/container-de-stockage-15-pieds-neuf\\\/#breadcrumb\",\"itemListElement\":[{\"@type\":\"ListItem\",\"position\":1,\"name\":\"Accueil\",\"item\":\"https:\\\/\\\/sagrinex.com\\\/?lang=de\"},{\"@type\":\"ListItem\",\"position\":2,\"name\":\"Shop\",\"item\":\"https:\\\/\\\/sagrinex.com\\\/shop\\\/\"},{\"@type\":\"ListItem\",\"position\":3,\"name\":\"Container DE Stockage 15 Pieds Neuf\u00a0\u00bb EN \u00ab\u00a015-fu\u00df-lagercontainer Neu\"}]},{\"@type\":\"WebSite\",\"@id\":\"https:\\\/\\\/sagrinex.com\\\/#website\",\"url\":\"https:\\\/\\\/sagrinex.com\\\/\",\"name\":\"Sagrinex \u2013 Spezialist f\u00fcr Anh\u00e4nger, Container & Landtechnik\",\"description\":\"Anhaenger, Container &amp; Landtechnik \u2014 Online-Verkauf &amp; kostenloses Angebot\",\"publisher\":{\"@id\":\"https:\\\/\\\/sagrinex.com\\\/#organization\"},\"potentialAction\":[{\"@type\":\"SearchAction\",\"target\":{\"@type\":\"EntryPoint\",\"urlTemplate\":\"https:\\\/\\\/sagrinex.com\\\/?s={search_term_string}\"},\"query-input\":{\"@type\":\"PropertyValueSpecification\",\"valueRequired\":true,\"valueName\":\"search_term_string\"}}],\"inLanguage\":\"de\"},{\"@type\":\"Organization\",\"@id\":\"https:\\\/\\\/sagrinex.com\\\/#organization\",\"name\":\"Sagrinex \u2013 Remorques, Conteneurs & Mat\u00e9riel Agricole\",\"url\":\"https:\\\/\\\/sagrinex.com\\\/\",\"logo\":{\"@type\":\"ImageObject\",\"inLanguage\":\"de\",\"@id\":\"https:\\\/\\\/sagrinex.com\\\/#\\\/schema\\\/logo\\\/image\\\/\",\"url\":\"https:\\\/\\\/sagrinex.com\\\/wp-content\\\/uploads\\\/2026\\\/03\\\/7f1ac463-ef5a-425d-bdd6-a5da03a334a9-1024x683.png\",\"contentUrl\":\"https:\\\/\\\/sagrinex.com\\\/wp-content\\\/uploads\\\/2026\\\/03\\\/7f1ac463-ef5a-425d-bdd6-a5da03a334a9-1024x683.png\",\"width\":1024,\"height\":683,\"caption\":\"Sagrinex \u2013 Remorques, Conteneurs & Mat\u00e9riel Agricole\"},\"image\":{\"@id\":\"https:\\\/\\\/sagrinex.com\\\/#\\\/schema\\\/logo\\\/image\\\/\"}}]}<\/script>\n<!-- \/ Yoast SEO plugin. -->","yoast_head_json":{"title":"Container de Stockage 15 pieds Neuf","description":"Unsere Lagercontainer erm\u00f6glichen es, den Lagerbedarf auf Baustellen, in Lagerhallen, auf Au\u00dfenlagern, auf landwirtschaftlichen Fl\u00e4chen oder zu Hause zu decken. Es handelt sich um NEUE Lagercontainer, die direkt ab Werk kommen und nicht um Seecontainer \u201eerste Reise\", die bereits gefahren sind. Unser 15-Fu\u00df-Lagercontainer verf\u00fcgt \u00fcber ein Ger\u00fcst aus Stahlprofilen, St\u00e4rke 3mm, vollst\u00e4ndig verschwei\u00dft. Die W\u00e4nde und die Decke sind aus gewalztem Blech mit einer St\u00e4rke von 1,5mm und der Boden ist aus Massivholz, St\u00e4rke 25mm, feuchtigkeitsbehandelt. Er ist mit einer Schutzabdeckung f\u00fcr das Vorh\u00e4ngeschloss ausgestattet. Die Handhabung ist mit Schlingen oder Hebehaken dank der 4 Aufnahmepunkte auf dem Dach m\u00f6glich, oder \u00fcber einen Gabelstapler dank der Gabelzinkendurchf\u00fchrung im Unterbau. Diese Gabelzinkendurchf\u00fchrung befindet sich an der Seite, der Achsabstand betr\u00e4gt 90cm.","robots":{"index":"index","follow":"follow","max-snippet":"max-snippet:-1","max-image-preview":"max-image-preview:large","max-video-preview":"max-video-preview:-1"},"canonical":"https:\/\/sagrinex.com\/produit\/container-de-stockage-15-pieds-neuf\/","og_locale":"de_DE","og_type":"article","og_title":"Container de Stockage 15 pieds Neuf","og_description":"Unsere Lagercontainer erm\u00f6glichen es, den Lagerbedarf auf Baustellen, in Lagerhallen, auf Au\u00dfenlagern, auf landwirtschaftlichen Fl\u00e4chen oder zu Hause zu decken. Es handelt sich um NEUE Lagercontainer, die direkt ab Werk kommen und nicht um Seecontainer \u201eerste Reise\", die bereits gefahren sind. Unser 15-Fu\u00df-Lagercontainer verf\u00fcgt \u00fcber ein Ger\u00fcst aus Stahlprofilen, St\u00e4rke 3mm, vollst\u00e4ndig verschwei\u00dft. Die W\u00e4nde und die Decke sind aus gewalztem Blech mit einer St\u00e4rke von 1,5mm und der Boden ist aus Massivholz, St\u00e4rke 25mm, feuchtigkeitsbehandelt. Er ist mit einer Schutzabdeckung f\u00fcr das Vorh\u00e4ngeschloss ausgestattet. Die Handhabung ist mit Schlingen oder Hebehaken dank der 4 Aufnahmepunkte auf dem Dach m\u00f6glich, oder \u00fcber einen Gabelstapler dank der Gabelzinkendurchf\u00fchrung im Unterbau. Diese Gabelzinkendurchf\u00fchrung befindet sich an der Seite, der Achsabstand betr\u00e4gt 90cm.","og_url":"https:\/\/sagrinex.com\/produit\/container-de-stockage-15-pieds-neuf\/","og_site_name":"Sagrinex \u2013 Anhaenger, Container &amp; Landtechnik \ud83c\udf3e\ud83d\ude9c","article_modified_time":"2026-04-15T21:12:16+00:00","og_image":[{"width":1212,"height":678,"url":"https:\/\/sagrinex.com\/wp-content\/uploads\/2026\/03\/Image-55-4.jpeg","type":"image\/jpeg"}],"twitter_card":"summary_large_image","twitter_misc":{"Gesch\u00e4tzte Lesezeit":"1\u00a0Minute"},"schema":{"@context":"https:\/\/schema.org","@graph":[{"@type":"WebPage","@id":"https:\/\/sagrinex.com\/produit\/container-de-stockage-15-pieds-neuf\/","url":"https:\/\/sagrinex.com\/produit\/container-de-stockage-15-pieds-neuf\/","name":"Container de Stockage 15 pieds Neuf","isPartOf":{"@id":"https:\/\/sagrinex.com\/#website"},"primaryImageOfPage":{"@id":"https:\/\/sagrinex.com\/produit\/container-de-stockage-15-pieds-neuf\/#primaryimage"},"image":{"@id":"https:\/\/sagrinex.com\/produit\/container-de-stockage-15-pieds-neuf\/#primaryimage"},"thumbnailUrl":"https:\/\/sagrinex.com\/wp-content\/uploads\/2026\/03\/Image-55-4.jpeg","datePublished":"2026-03-15T13:33:37+00:00","dateModified":"2026-04-15T21:12:16+00:00","description":"Unsere Lagercontainer erm\u00f6glichen es, den Lagerbedarf auf Baustellen, in Lagerhallen, auf Au\u00dfenlagern, auf landwirtschaftlichen Fl\u00e4chen oder zu Hause zu decken. Es handelt sich um NEUE Lagercontainer, die direkt ab Werk kommen und nicht um Seecontainer \u201eerste Reise\", die bereits gefahren sind. Unser 15-Fu\u00df-Lagercontainer verf\u00fcgt \u00fcber ein Ger\u00fcst aus Stahlprofilen, St\u00e4rke 3mm, vollst\u00e4ndig verschwei\u00dft. Die W\u00e4nde und die Decke sind aus gewalztem Blech mit einer St\u00e4rke von 1,5mm und der Boden ist aus Massivholz, St\u00e4rke 25mm, feuchtigkeitsbehandelt. Er ist mit einer Schutzabdeckung f\u00fcr das Vorh\u00e4ngeschloss ausgestattet. Die Handhabung ist mit Schlingen oder Hebehaken dank der 4 Aufnahmepunkte auf dem Dach m\u00f6glich, oder \u00fcber einen Gabelstapler dank der Gabelzinkendurchf\u00fchrung im Unterbau. Diese Gabelzinkendurchf\u00fchrung befindet sich an der Seite, der Achsabstand betr\u00e4gt 90cm.","breadcrumb":{"@id":"https:\/\/sagrinex.com\/produit\/container-de-stockage-15-pieds-neuf\/#breadcrumb"},"inLanguage":"de","potentialAction":[{"@type":"ReadAction","target":["https:\/\/sagrinex.com\/produit\/container-de-stockage-15-pieds-neuf\/"]}]},{"@type":"ImageObject","inLanguage":"de","@id":"https:\/\/sagrinex.com\/produit\/container-de-stockage-15-pieds-neuf\/#primaryimage","url":"https:\/\/sagrinex.com\/wp-content\/uploads\/2026\/03\/Image-55-4.jpeg","contentUrl":"https:\/\/sagrinex.com\/wp-content\/uploads\/2026\/03\/Image-55-4.jpeg","width":1212,"height":678},{"@type":"BreadcrumbList","@id":"https:\/\/sagrinex.com\/produit\/container-de-stockage-15-pieds-neuf\/#breadcrumb","itemListElement":[{"@type":"ListItem","position":1,"name":"Accueil","item":"https:\/\/sagrinex.com\/?lang=de"},{"@type":"ListItem","position":2,"name":"Shop","item":"https:\/\/sagrinex.com\/shop\/"},{"@type":"ListItem","position":3,"name":"Container DE Stockage 15 Pieds Neuf\u00a0\u00bb EN \u00ab\u00a015-fu\u00df-lagercontainer Neu"}]},{"@type":"WebSite","@id":"https:\/\/sagrinex.com\/#website","url":"https:\/\/sagrinex.com\/","name":"Sagrinex \u2013 Spezialist f\u00fcr Anh\u00e4nger, Container & Landtechnik","description":"Anhaenger, Container &amp; Landtechnik \u2014 Online-Verkauf &amp; kostenloses Angebot","publisher":{"@id":"https:\/\/sagrinex.com\/#organization"},"potentialAction":[{"@type":"SearchAction","target":{"@type":"EntryPoint","urlTemplate":"https:\/\/sagrinex.com\/?s={search_term_string}"},"query-input":{"@type":"PropertyValueSpecification","valueRequired":true,"valueName":"search_term_string"}}],"inLanguage":"de"},{"@type":"Organization","@id":"https:\/\/sagrinex.com\/#organization","name":"Sagrinex \u2013 Remorques, Conteneurs & Mat\u00e9riel Agricole","url":"https:\/\/sagrinex.com\/","logo":{"@type":"ImageObject","inLanguage":"de","@id":"https:\/\/sagrinex.com\/#\/schema\/logo\/image\/","url":"https:\/\/sagrinex.com\/wp-content\/uploads\/2026\/03\/7f1ac463-ef5a-425d-bdd6-a5da03a334a9-1024x683.png","contentUrl":"https:\/\/sagrinex.com\/wp-content\/uploads\/2026\/03\/7f1ac463-ef5a-425d-bdd6-a5da03a334a9-1024x683.png","width":1024,"height":683,"caption":"Sagrinex \u2013 Remorques, Conteneurs & Mat\u00e9riel Agricole"},"image":{"@id":"https:\/\/sagrinex.com\/#\/schema\/logo\/image\/"}}]}},"jetpack_sharing_enabled":true,"_links":{"self":[{"href":"https:\/\/sagrinex.com\/de\/wp-json\/wp\/v2\/product\/14265","targetHints":{"allow":["GET"]}}],"collection":[{"href":"https:\/\/sagrinex.com\/de\/wp-json\/wp\/v2\/product"}],"about":[{"href":"https:\/\/sagrinex.com\/de\/wp-json\/wp\/v2\/types\/product"}],"replies":[{"embeddable":true,"href":"https:\/\/sagrinex.com\/de\/wp-json\/wp\/v2\/comments?post=14265"}],"version-history":[{"count":0,"href":"https:\/\/sagrinex.com\/de\/wp-json\/wp\/v2\/product\/14265\/revisions"}],"wp:featuredmedia":[{"embeddable":true,"href":"https:\/\/sagrinex.com\/de\/wp-json\/wp\/v2\/media\/16130"}],"wp:attachment":[{"href":"https:\/\/sagrinex.com\/de\/wp-json\/wp\/v2\/media?parent=14265"}],"wp:term":[{"taxonomy":"product_brand","embeddable":true,"href":"https:\/\/sagrinex.com\/de\/wp-json\/wp\/v2\/product_brand?post=14265"},{"taxonomy":"product_cat","embeddable":true,"href":"https:\/\/sagrinex.com\/de\/wp-json\/wp\/v2\/product_cat?post=14265"},{"taxonomy":"product_tag","embeddable":true,"href":"https:\/\/sagrinex.com\/de\/wp-json\/wp\/v2\/product_tag?post=14265"}],"curies":[{"name":"wp","href":"https:\/\/api.w.org\/{rel}","templated":true}]}}