{"id":14266,"date":"2026-03-15T21:52:58","date_gmt":"2026-03-15T21:52:58","guid":{"rendered":"https:\/\/sagrinex.com\/produit\/kuehl-seecontainer-40-fuss-high-cube-reefer-fuer-lagerung\/"},"modified":"2026-04-15T21:12:16","modified_gmt":"2026-04-15T21:12:16","slug":"kuehl-seecontainer-40-fuss-high-cube-reefer-fuer-lagerung","status":"publish","type":"product","link":"https:\/\/sagrinex.com\/de\/produit\/kuehl-seecontainer-40-fuss-high-cube-reefer-fuer-lagerung\/","title":{"rendered":"K\u00fchl-seecontainer 40 Fu\u00df High Cube Reefer f\u00fcr Lagerung"},"content":{"rendered":"","protected":false},"excerpt":{"rendered":"<div class=\"content-caracteristiques\">\n<p class=\"h4 caracteristiques-titre\">Eigenschaften<\/p>\n<ul>\n<li>K\u00e4lteaggregat Carrier, Thermoking oder Daikin Stromversorgung 380V<\/li>\n<li>Polyurethanschaum-Isolierung Dicke 70mm<\/li>\n<li>Lagerung bis zu 23 Euro-Paletten<\/li>\n<li>In der Reefer-Reihe bester Kompromiss Gr\u00f6\u00dfe\/Preis.<\/li>\n<li>Edelstahl-Ausf\u00fchrung (W\u00e4nde und Decke) und Aluminium (Boden)<\/li>\n<li>Vielzahl von Anwendungen: Gem\u00fcseh\u00e4ndler, Landwirt, B\u00e4cker, Lebensmittelgewerbe oder Industrie, Gro\u00dfhandel, Gesundheitswesen, etc.<\/li>\n<li>T-Schienen-Boden aus Aluminium<\/li>\n<li>Doppelt\u00fcren verriegelbar durch 4 Stangenschl\u00f6sser und sicherbar durch Sicherheitsvorh\u00e4ngeschloss<\/li>\n<\/ul>\n<\/div>\n<div class=\"content-content\">\n<p>Der Container <strong>40 Fu\u00df High Cube reefer<\/strong>, oder <strong>40 Fu\u00df K\u00fchlcontainer<\/strong>, ist ein <strong>Seecontainer<\/strong> ausgestattet mit einem industriellen K\u00e4lteaggregat. Er ist vollst\u00e4ndig<strong> isoliert<\/strong> dank Sandwich-Paneelen aus Polyurethanschaum Dicke 70 mm (einer der besten Isolierstoffe auf dem Markt). Er erm\u00f6glicht den <strong>Transport von Waren<\/strong> bei <strong>kontrollierter Temperatur<\/strong> und die <strong>Lagerung<\/strong> von bis zu 23 Euro-Paletten.<\/p>\n<p>Der Vorteil dieser echten mobilen K\u00fchlkammer ist, in einem gro\u00dfen Temperaturbereich arbeiten zu k\u00f6nnen: von <strong>\u2013 25\u00b0C bis + 25\u00b0C<\/strong>. Sie wird einer Vielzahl von Anwendungen gerecht: ob Sie <strong>Landwirt<\/strong>, <strong>Fischz\u00fcchter<\/strong>,<strong> Fischer<\/strong> sind, oder im <strong>Lebensmittelgewerbe<\/strong> oder der <strong>Industrie<\/strong> t\u00e4tig sind, dieser Container wird Ihre Erwartungen erf\u00fcllen.<\/p>\n<p>Dank seiner Innenausstattung aus<strong> Edelstahl<\/strong> (W\u00e4nde und Decke) und seinem Boden aus Aluminium entspricht der Container den Lebensmittelnormen <strong>HACCP<\/strong> (Hazard Analysis Critical Control Point = Gefahrenanalyse \u2013 kritische Kontrollpunkte).<\/p>\n<p>Der <strong>40&#8242; reefer<\/strong> wird aus <strong>CORTEN-Stahl<\/strong> gefertigt. Diese Stahlart weist wichtige Widerstandseigenschaften gegen atmosph\u00e4rische Bedingungen auf See auf.<\/p>\n<p>Seine Doppelt\u00fcren sind verriegelbar durch 4 Stangenschl\u00f6sser und sicherbar durch ein Sicherheitsvorh\u00e4ngeschloss. Der Boden besteht aus Aluminiumschienen genannt &#8222;<strong>T-Schienen<\/strong>&#8222;. Der Container besitzt 4 <strong>ISO<\/strong>-Ecken, die seine Verriegelung beim <strong>Stra\u00dfen-, Schienen-<\/strong> oder <strong>Seetransport<\/strong> erm\u00f6glichen.<\/p>\n<\/div>\n","protected":false},"featured_media":16285,"comment_status":"open","ping_status":"closed","template":"","meta":[],"product_brand":[],"product_cat":[349,347],"product_tag":[],"class_list":{"0":"post-14266","1":"product","2":"type-product","3":"status-publish","4":"has-post-thumbnail","6":"product_cat-kuehllager","7":"product_cat-unsere-container","9":"first","10":"instock","11":"shipping-taxable","12":"purchasable","13":"product-type-variable"},"yoast_head":"<!-- This site is optimized with the Yoast SEO plugin v27.5 - https:\/\/yoast.com\/product\/yoast-seo-wordpress\/ -->\n<title>K\u00fchl-Seecontainer 40 Fu\u00df High Cube Reefer f\u00fcr Lagerung<\/title>\n<meta name=\"robots\" content=\"index, follow, max-snippet:-1, max-image-preview:large, max-video-preview:-1\" \/>\n<link rel=\"canonical\" href=\"https:\/\/sagrinex.com\/produit\/conteneur-maritime-de-stockage-frigorifique-40-pieds-high-cube-reefer\/\" \/>\n<meta property=\"og:locale\" content=\"de_DE\" \/>\n<meta property=\"og:type\" content=\"article\" \/>\n<meta property=\"og:title\" content=\"K\u00fchl-Seecontainer 40 Fu\u00df High Cube Reefer f\u00fcr Lagerung\" \/>\n<meta property=\"og:description\" content=\"Eigenschaften   K\u00e4lteaggregat Carrier, Thermoking oder Daikin Stromversorgung 380V  Polyurethanschaum-Isolierung Dicke 70mm  Lagerung bis zu 23 Euro-Paletten  In der Reefer-Reihe bester Kompromiss Gr\u00f6\u00dfe\/Preis.  Edelstahl-Ausf\u00fchrung (W\u00e4nde und Decke) und Aluminium (Boden)  Vielzahl von Anwendungen: Gem\u00fcseh\u00e4ndler, Landwirt, B\u00e4cker, Lebensmittelgewerbe oder Industrie, Gro\u00dfhandel, Gesundheitswesen, etc.  T-Schienen-Boden aus Aluminium  Doppelt\u00fcren verriegelbar durch 4 Stangenschl\u00f6sser und sicherbar durch Sicherheitsvorh\u00e4ngeschloss   Der Container 40 Fu\u00df High Cube reefer, oder 40 Fu\u00df K\u00fchlcontainer, ist ein Seecontainer ausgestattet mit einem industriellen K\u00e4lteaggregat. Er ist vollst\u00e4ndig isoliert dank Sandwich-Paneelen aus Polyurethanschaum Dicke 70 mm (einer der besten Isolierstoffe auf dem Markt). Er erm\u00f6glicht den Transport von Waren bei kontrollierter Temperatur und die Lagerung von bis zu 23 Euro-Paletten. Der Vorteil dieser echten mobilen K\u00fchlkammer ist, in einem gro\u00dfen Temperaturbereich arbeiten zu k\u00f6nnen: von \u2013 25\u00b0C bis + 25\u00b0C. Sie wird einer Vielzahl von Anwendungen gerecht: ob Sie Landwirt, Fischz\u00fcchter, Fischer sind, oder im Lebensmittelgewerbe oder der Industrie t\u00e4tig sind, dieser Container wird Ihre Erwartungen erf\u00fcllen. Dank seiner Innenausstattung aus Edelstahl (W\u00e4nde und Decke) und seinem Boden aus Aluminium entspricht der Container den Lebensmittelnormen HACCP (Hazard Analysis Critical Control Point = Gefahrenanalyse \u2013 kritische Kontrollpunkte). Der 40&#039; reefer wird aus CORTEN-Stahl gefertigt. Diese Stahlart weist wichtige Widerstandseigenschaften gegen atmosph\u00e4rische Bedingungen auf See auf. Seine Doppelt\u00fcren sind verriegelbar durch 4 Stangenschl\u00f6sser und sicherbar durch ein Sicherheitsvorh\u00e4ngeschloss. Der Boden besteht aus Aluminiumschienen genannt &quot;T-Schienen&quot;. Der Container besitzt 4 ISO-Ecken, die seine Verriegelung beim Stra\u00dfen-, Schienen- oder Seetransport erm\u00f6glichen.\" \/>\n<meta property=\"og:url\" content=\"https:\/\/sagrinex.com\/produit\/conteneur-maritime-de-stockage-frigorifique-40-pieds-high-cube-reefer\/\" \/>\n<meta property=\"og:site_name\" content=\"Sagrinex \u2013 Anhaenger, Container &amp; Landtechnik \ud83c\udf3e\ud83d\ude9c\" \/>\n<meta property=\"article:modified_time\" content=\"2026-04-15T21:12:16+00:00\" \/>\n<meta property=\"og:image\" content=\"https:\/\/sagrinex.com\/wp-content\/uploads\/2026\/03\/Image-248-1.jpeg\" \/>\n\t<meta property=\"og:image:width\" content=\"640\" \/>\n\t<meta property=\"og:image:height\" content=\"480\" \/>\n\t<meta property=\"og:image:type\" content=\"image\/jpeg\" \/>\n<meta name=\"twitter:card\" content=\"summary_large_image\" \/>\n<script type=\"application\/ld+json\" class=\"yoast-schema-graph\">{\"@context\":\"https:\\\/\\\/schema.org\",\"@graph\":[{\"@type\":\"WebPage\",\"@id\":\"https:\\\/\\\/sagrinex.com\\\/produit\\\/conteneur-maritime-de-stockage-frigorifique-40-pieds-high-cube-reefer\\\/\",\"url\":\"https:\\\/\\\/sagrinex.com\\\/produit\\\/conteneur-maritime-de-stockage-frigorifique-40-pieds-high-cube-reefer\\\/\",\"name\":\"K\u00fchl-Seecontainer 40 Fu\u00df High Cube Reefer f\u00fcr Lagerung\",\"isPartOf\":{\"@id\":\"https:\\\/\\\/sagrinex.com\\\/#website\"},\"primaryImageOfPage\":{\"@id\":\"https:\\\/\\\/sagrinex.com\\\/produit\\\/conteneur-maritime-de-stockage-frigorifique-40-pieds-high-cube-reefer\\\/#primaryimage\"},\"image\":{\"@id\":\"https:\\\/\\\/sagrinex.com\\\/produit\\\/conteneur-maritime-de-stockage-frigorifique-40-pieds-high-cube-reefer\\\/#primaryimage\"},\"thumbnailUrl\":\"https:\\\/\\\/sagrinex.com\\\/wp-content\\\/uploads\\\/2026\\\/03\\\/Image-248-1.jpeg\",\"datePublished\":\"2026-03-15T21:52:58+00:00\",\"dateModified\":\"2026-04-15T21:12:16+00:00\",\"breadcrumb\":{\"@id\":\"https:\\\/\\\/sagrinex.com\\\/produit\\\/conteneur-maritime-de-stockage-frigorifique-40-pieds-high-cube-reefer\\\/#breadcrumb\"},\"inLanguage\":\"de\",\"potentialAction\":[{\"@type\":\"ReadAction\",\"target\":[\"https:\\\/\\\/sagrinex.com\\\/produit\\\/conteneur-maritime-de-stockage-frigorifique-40-pieds-high-cube-reefer\\\/\"]}]},{\"@type\":\"ImageObject\",\"inLanguage\":\"de\",\"@id\":\"https:\\\/\\\/sagrinex.com\\\/produit\\\/conteneur-maritime-de-stockage-frigorifique-40-pieds-high-cube-reefer\\\/#primaryimage\",\"url\":\"https:\\\/\\\/sagrinex.com\\\/wp-content\\\/uploads\\\/2026\\\/03\\\/Image-248-1.jpeg\",\"contentUrl\":\"https:\\\/\\\/sagrinex.com\\\/wp-content\\\/uploads\\\/2026\\\/03\\\/Image-248-1.jpeg\",\"width\":640,\"height\":480},{\"@type\":\"BreadcrumbList\",\"@id\":\"https:\\\/\\\/sagrinex.com\\\/produit\\\/conteneur-maritime-de-stockage-frigorifique-40-pieds-high-cube-reefer\\\/#breadcrumb\",\"itemListElement\":[{\"@type\":\"ListItem\",\"position\":1,\"name\":\"Accueil\",\"item\":\"https:\\\/\\\/sagrinex.com\\\/?lang=de\"},{\"@type\":\"ListItem\",\"position\":2,\"name\":\"Shop\",\"item\":\"https:\\\/\\\/sagrinex.com\\\/shop\\\/\"},{\"@type\":\"ListItem\",\"position\":3,\"name\":\"K\u00fchl-seecontainer 40 Fu\u00df High Cube Reefer f\u00fcr Lagerung\"}]},{\"@type\":\"WebSite\",\"@id\":\"https:\\\/\\\/sagrinex.com\\\/#website\",\"url\":\"https:\\\/\\\/sagrinex.com\\\/\",\"name\":\"Sagrinex \u2013 Spezialist f\u00fcr Anh\u00e4nger, Container & Landtechnik\",\"description\":\"Anhaenger, Container &amp; Landtechnik \u2014 Online-Verkauf &amp; kostenloses Angebot\",\"publisher\":{\"@id\":\"https:\\\/\\\/sagrinex.com\\\/#organization\"},\"potentialAction\":[{\"@type\":\"SearchAction\",\"target\":{\"@type\":\"EntryPoint\",\"urlTemplate\":\"https:\\\/\\\/sagrinex.com\\\/?s={search_term_string}\"},\"query-input\":{\"@type\":\"PropertyValueSpecification\",\"valueRequired\":true,\"valueName\":\"search_term_string\"}}],\"inLanguage\":\"de\"},{\"@type\":\"Organization\",\"@id\":\"https:\\\/\\\/sagrinex.com\\\/#organization\",\"name\":\"Sagrinex \u2013 Remorques, Conteneurs & Mat\u00e9riel Agricole\",\"url\":\"https:\\\/\\\/sagrinex.com\\\/\",\"logo\":{\"@type\":\"ImageObject\",\"inLanguage\":\"de\",\"@id\":\"https:\\\/\\\/sagrinex.com\\\/#\\\/schema\\\/logo\\\/image\\\/\",\"url\":\"https:\\\/\\\/sagrinex.com\\\/wp-content\\\/uploads\\\/2026\\\/03\\\/7f1ac463-ef5a-425d-bdd6-a5da03a334a9-1024x683.png\",\"contentUrl\":\"https:\\\/\\\/sagrinex.com\\\/wp-content\\\/uploads\\\/2026\\\/03\\\/7f1ac463-ef5a-425d-bdd6-a5da03a334a9-1024x683.png\",\"width\":1024,\"height\":683,\"caption\":\"Sagrinex \u2013 Remorques, Conteneurs & Mat\u00e9riel Agricole\"},\"image\":{\"@id\":\"https:\\\/\\\/sagrinex.com\\\/#\\\/schema\\\/logo\\\/image\\\/\"}}]}<\/script>\n<!-- \/ Yoast SEO plugin. -->","yoast_head_json":{"title":"K\u00fchl-Seecontainer 40 Fu\u00df High Cube Reefer f\u00fcr Lagerung","robots":{"index":"index","follow":"follow","max-snippet":"max-snippet:-1","max-image-preview":"max-image-preview:large","max-video-preview":"max-video-preview:-1"},"canonical":"https:\/\/sagrinex.com\/produit\/conteneur-maritime-de-stockage-frigorifique-40-pieds-high-cube-reefer\/","og_locale":"de_DE","og_type":"article","og_title":"K\u00fchl-Seecontainer 40 Fu\u00df High Cube Reefer f\u00fcr Lagerung","og_description":"Eigenschaften   K\u00e4lteaggregat Carrier, Thermoking oder Daikin Stromversorgung 380V  Polyurethanschaum-Isolierung Dicke 70mm  Lagerung bis zu 23 Euro-Paletten  In der Reefer-Reihe bester Kompromiss Gr\u00f6\u00dfe\/Preis.  Edelstahl-Ausf\u00fchrung (W\u00e4nde und Decke) und Aluminium (Boden)  Vielzahl von Anwendungen: Gem\u00fcseh\u00e4ndler, Landwirt, B\u00e4cker, Lebensmittelgewerbe oder Industrie, Gro\u00dfhandel, Gesundheitswesen, etc.  T-Schienen-Boden aus Aluminium  Doppelt\u00fcren verriegelbar durch 4 Stangenschl\u00f6sser und sicherbar durch Sicherheitsvorh\u00e4ngeschloss   Der Container 40 Fu\u00df High Cube reefer, oder 40 Fu\u00df K\u00fchlcontainer, ist ein Seecontainer ausgestattet mit einem industriellen K\u00e4lteaggregat. Er ist vollst\u00e4ndig isoliert dank Sandwich-Paneelen aus Polyurethanschaum Dicke 70 mm (einer der besten Isolierstoffe auf dem Markt). Er erm\u00f6glicht den Transport von Waren bei kontrollierter Temperatur und die Lagerung von bis zu 23 Euro-Paletten. Der Vorteil dieser echten mobilen K\u00fchlkammer ist, in einem gro\u00dfen Temperaturbereich arbeiten zu k\u00f6nnen: von \u2013 25\u00b0C bis + 25\u00b0C. Sie wird einer Vielzahl von Anwendungen gerecht: ob Sie Landwirt, Fischz\u00fcchter, Fischer sind, oder im Lebensmittelgewerbe oder der Industrie t\u00e4tig sind, dieser Container wird Ihre Erwartungen erf\u00fcllen. Dank seiner Innenausstattung aus Edelstahl (W\u00e4nde und Decke) und seinem Boden aus Aluminium entspricht der Container den Lebensmittelnormen HACCP (Hazard Analysis Critical Control Point = Gefahrenanalyse \u2013 kritische Kontrollpunkte). Der 40' reefer wird aus CORTEN-Stahl gefertigt. Diese Stahlart weist wichtige Widerstandseigenschaften gegen atmosph\u00e4rische Bedingungen auf See auf. Seine Doppelt\u00fcren sind verriegelbar durch 4 Stangenschl\u00f6sser und sicherbar durch ein Sicherheitsvorh\u00e4ngeschloss. Der Boden besteht aus Aluminiumschienen genannt \"T-Schienen\". Der Container besitzt 4 ISO-Ecken, die seine Verriegelung beim Stra\u00dfen-, Schienen- oder Seetransport erm\u00f6glichen.","og_url":"https:\/\/sagrinex.com\/produit\/conteneur-maritime-de-stockage-frigorifique-40-pieds-high-cube-reefer\/","og_site_name":"Sagrinex \u2013 Anhaenger, Container &amp; Landtechnik \ud83c\udf3e\ud83d\ude9c","article_modified_time":"2026-04-15T21:12:16+00:00","og_image":[{"width":640,"height":480,"url":"https:\/\/sagrinex.com\/wp-content\/uploads\/2026\/03\/Image-248-1.jpeg","type":"image\/jpeg"}],"twitter_card":"summary_large_image","schema":{"@context":"https:\/\/schema.org","@graph":[{"@type":"WebPage","@id":"https:\/\/sagrinex.com\/produit\/conteneur-maritime-de-stockage-frigorifique-40-pieds-high-cube-reefer\/","url":"https:\/\/sagrinex.com\/produit\/conteneur-maritime-de-stockage-frigorifique-40-pieds-high-cube-reefer\/","name":"K\u00fchl-Seecontainer 40 Fu\u00df High Cube Reefer f\u00fcr Lagerung","isPartOf":{"@id":"https:\/\/sagrinex.com\/#website"},"primaryImageOfPage":{"@id":"https:\/\/sagrinex.com\/produit\/conteneur-maritime-de-stockage-frigorifique-40-pieds-high-cube-reefer\/#primaryimage"},"image":{"@id":"https:\/\/sagrinex.com\/produit\/conteneur-maritime-de-stockage-frigorifique-40-pieds-high-cube-reefer\/#primaryimage"},"thumbnailUrl":"https:\/\/sagrinex.com\/wp-content\/uploads\/2026\/03\/Image-248-1.jpeg","datePublished":"2026-03-15T21:52:58+00:00","dateModified":"2026-04-15T21:12:16+00:00","breadcrumb":{"@id":"https:\/\/sagrinex.com\/produit\/conteneur-maritime-de-stockage-frigorifique-40-pieds-high-cube-reefer\/#breadcrumb"},"inLanguage":"de","potentialAction":[{"@type":"ReadAction","target":["https:\/\/sagrinex.com\/produit\/conteneur-maritime-de-stockage-frigorifique-40-pieds-high-cube-reefer\/"]}]},{"@type":"ImageObject","inLanguage":"de","@id":"https:\/\/sagrinex.com\/produit\/conteneur-maritime-de-stockage-frigorifique-40-pieds-high-cube-reefer\/#primaryimage","url":"https:\/\/sagrinex.com\/wp-content\/uploads\/2026\/03\/Image-248-1.jpeg","contentUrl":"https:\/\/sagrinex.com\/wp-content\/uploads\/2026\/03\/Image-248-1.jpeg","width":640,"height":480},{"@type":"BreadcrumbList","@id":"https:\/\/sagrinex.com\/produit\/conteneur-maritime-de-stockage-frigorifique-40-pieds-high-cube-reefer\/#breadcrumb","itemListElement":[{"@type":"ListItem","position":1,"name":"Accueil","item":"https:\/\/sagrinex.com\/?lang=de"},{"@type":"ListItem","position":2,"name":"Shop","item":"https:\/\/sagrinex.com\/shop\/"},{"@type":"ListItem","position":3,"name":"K\u00fchl-seecontainer 40 Fu\u00df High Cube Reefer f\u00fcr Lagerung"}]},{"@type":"WebSite","@id":"https:\/\/sagrinex.com\/#website","url":"https:\/\/sagrinex.com\/","name":"Sagrinex \u2013 Spezialist f\u00fcr Anh\u00e4nger, Container & Landtechnik","description":"Anhaenger, Container &amp; Landtechnik \u2014 Online-Verkauf &amp; kostenloses Angebot","publisher":{"@id":"https:\/\/sagrinex.com\/#organization"},"potentialAction":[{"@type":"SearchAction","target":{"@type":"EntryPoint","urlTemplate":"https:\/\/sagrinex.com\/?s={search_term_string}"},"query-input":{"@type":"PropertyValueSpecification","valueRequired":true,"valueName":"search_term_string"}}],"inLanguage":"de"},{"@type":"Organization","@id":"https:\/\/sagrinex.com\/#organization","name":"Sagrinex \u2013 Remorques, Conteneurs & Mat\u00e9riel Agricole","url":"https:\/\/sagrinex.com\/","logo":{"@type":"ImageObject","inLanguage":"de","@id":"https:\/\/sagrinex.com\/#\/schema\/logo\/image\/","url":"https:\/\/sagrinex.com\/wp-content\/uploads\/2026\/03\/7f1ac463-ef5a-425d-bdd6-a5da03a334a9-1024x683.png","contentUrl":"https:\/\/sagrinex.com\/wp-content\/uploads\/2026\/03\/7f1ac463-ef5a-425d-bdd6-a5da03a334a9-1024x683.png","width":1024,"height":683,"caption":"Sagrinex \u2013 Remorques, Conteneurs & Mat\u00e9riel Agricole"},"image":{"@id":"https:\/\/sagrinex.com\/#\/schema\/logo\/image\/"}}]}},"jetpack_sharing_enabled":true,"_links":{"self":[{"href":"https:\/\/sagrinex.com\/de\/wp-json\/wp\/v2\/product\/14266","targetHints":{"allow":["GET"]}}],"collection":[{"href":"https:\/\/sagrinex.com\/de\/wp-json\/wp\/v2\/product"}],"about":[{"href":"https:\/\/sagrinex.com\/de\/wp-json\/wp\/v2\/types\/product"}],"replies":[{"embeddable":true,"href":"https:\/\/sagrinex.com\/de\/wp-json\/wp\/v2\/comments?post=14266"}],"version-history":[{"count":0,"href":"https:\/\/sagrinex.com\/de\/wp-json\/wp\/v2\/product\/14266\/revisions"}],"wp:featuredmedia":[{"embeddable":true,"href":"https:\/\/sagrinex.com\/de\/wp-json\/wp\/v2\/media\/16285"}],"wp:attachment":[{"href":"https:\/\/sagrinex.com\/de\/wp-json\/wp\/v2\/media?parent=14266"}],"wp:term":[{"taxonomy":"product_brand","embeddable":true,"href":"https:\/\/sagrinex.com\/de\/wp-json\/wp\/v2\/product_brand?post=14266"},{"taxonomy":"product_cat","embeddable":true,"href":"https:\/\/sagrinex.com\/de\/wp-json\/wp\/v2\/product_cat?post=14266"},{"taxonomy":"product_tag","embeddable":true,"href":"https:\/\/sagrinex.com\/de\/wp-json\/wp\/v2\/product_tag?post=14266"}],"curies":[{"name":"wp","href":"https:\/\/api.w.org\/{rel}","templated":true}]}}