{"id":14267,"date":"2026-03-15T11:43:41","date_gmt":"2026-03-15T11:43:41","guid":{"rendered":"https:\/\/sagrinex.com\/produit\/anhaenger-lider-viehanhaenger-gebremst-44540\/"},"modified":"2026-04-15T21:12:16","modified_gmt":"2026-04-15T21:12:16","slug":"anhaenger-lider-viehanhaenger-gebremst-44540","status":"publish","type":"product","link":"https:\/\/sagrinex.com\/de\/produit\/anhaenger-lider-viehanhaenger-gebremst-44540\/","title":{"rendered":"Anh\u00c4nger Lider Viehanh\u00c4nger Gebremst 44540"},"content":{"rendered":"<p>Der Viehanh\u00e4nger 44540 wurde speziell entwickelt, um der Nachfrage nach dem Transport von lebenden Tieren gerecht zu werden: Schafe, Ziegen, Schweine und Jungvieh in Sicherheit.<br \/>\nAbmessungen GESAMT: 396 x 178 x 200 cm<\/p>\n<p>2 Ablaufstopfen mit Ablaufgitter f\u00fcr eine einfache Reinigung.<br \/>\nGriffe vorne zur Unterst\u00fctzung beim Bewegen.<br \/>\nAlu-Riffelblech-Boden Blech 3 mm dick und Riffelmuster 1,5 mm dick = Solidit\u00e4t, Langlebigkeit, bessere Best\u00e4ndigkeit gegen Korrosion und Feuchtigkeit<br \/>\nIn das Fahrgestell integrierte Stahl-Verst\u00e4rkungsbleche<br \/>\nGro\u00dfe Auswahl an zGG erm\u00f6glicht die Anpassung an verschiedene Fahrzeugtypen je nach F\u00fchrerschein.<br \/>\nDie Gesamth\u00f6he von 2m erm\u00f6glicht die Durchfahrt an Autobahnmautstellen ohne Aufpreis und den Zugang zu h\u00f6henbegrenzten Bereichen.<\/p>\n<p>Tierwohl:<br \/>\n\u2022 Besichtigungst\u00fcr und Bel\u00fcftungsklappe<br \/>\n\u2022 Br\u00fccke (St\u00fctzstange f\u00fcr Hufe) mit Gel\u00e4nder beim Auf- und Abstieg der Tiere, die sich zusammenklappen l\u00e4sst, um beim Schlie\u00dfen zu einer Barriere zu werden. Ablaufl\u00f6cher an den Seiten zur Erleichterung der Reinigung.<br \/>\n\u2022 Alu-Dach wei\u00df lackiert zur Begrenzung des W\u00e4rmeeffekts im Innenraum.<\/p>\n<p><strong>Die in der technischen Beschreibung angegebenen Abmessungen sind die Innenabmessungen der Kiste (Nutzabmessungen) in cm.<\/strong><\/p>\n<h2><strong>Die St\u00e4rken:<\/strong><\/h2>\n<p>Auflaufbremse<br \/>\nGeschwei\u00dftes galvanisiertes Fahrgestell<br \/>\nW\u00e4nde und Dach aus Aluminium<br \/>\nAlu-Riffelblech-Boden<br \/>\nBesichtigungst\u00fcr (seitlich vorne rechts)<br \/>\nBr\u00fccke (123x121cm) mit rutschfester St\u00fctzstange f\u00fcr Hufe mit Alu-Profilen<br \/>\nInnen zusammenklappbare Aluminium-Br\u00fcckenbarrieren<br \/>\nH\u00f6he Boden\/Erdboden = 40 cm<br \/>\nH\u00f6he Br\u00fccke\/Erdboden = 14 cm<br \/>\nH\u00f6henverstellbare St\u00fctzen<br \/>\nAu\u00dfengriffe vorne zum Handhaben<br \/>\nLED-Beleuchtung<\/p>\n","protected":false},"excerpt":{"rendered":"<p>Viehanh\u00e4nger B\u00e9taill\u00e8re 44540 der Marke LIDER<br \/>\nPTAC 1000\/1100\/1200\/<strong>1350 kg<\/strong><\/p>\n<h4 class=\"section-title\">PRODUKTDETAILS<\/h4>\n<div class=\"section-content\">\n<div id=\"product-details\" class=\"clearfix js-product-details\" data-product=\"{&quot;id_shop_default&quot;:&quot;1&quot;,&quot;id_manufacturer&quot;:&quot;17&quot;,&quot;id_supplier&quot;:&quot;15&quot;,&quot;reference&quot;:&quot;44540&quot;,&quot;is_virtual&quot;:&quot;0&quot;,&quot;delivery_in_stock&quot;:&quot;&quot;,&quot;delivery_out_stock&quot;:&quot;&quot;,&quot;id_category_default&quot;:&quot;254&quot;,&quot;on_sale&quot;:&quot;0&quot;,&quot;online_only&quot;:&quot;0&quot;,&quot;ecotax&quot;:0,&quot;minimal_quantity&quot;:&quot;1&quot;,&quot;low_stock_threshold&quot;:null,&quot;low_stock_alert&quot;:&quot;0&quot;,&quot;price&quot;:&quot;5\\u202f685,00\\u00a0\\u20ac&quot;,&quot;unity&quot;:&quot;&quot;,&quot;unit_price_ratio&quot;:&quot;0.000000&quot;,&quot;additional_shipping_cost&quot;:&quot;0.000000&quot;,&quot;customizable&quot;:&quot;0&quot;,&quot;text_fields&quot;:&quot;0&quot;,&quot;uploadable_files&quot;:&quot;0&quot;,&quot;redirect_type&quot;:&quot;404&quot;,&quot;id_type_redirected&quot;:&quot;0&quot;,&quot;available_for_order&quot;:&quot;1&quot;,&quot;available_date&quot;:&quot;0000-00-00&quot;,&quot;show_condition&quot;:&quot;0&quot;,&quot;condition&quot;:&quot;new&quot;,&quot;show_price&quot;:&quot;1&quot;,&quot;indexed&quot;:&quot;1&quot;,&quot;visibility&quot;:&quot;both&quot;,&quot;cache_default_attribute&quot;:&quot;0&quot;,&quot;advanced_stock_management&quot;:&quot;0&quot;,&quot;date_add&quot;:&quot;2024-11-21 13:39:05&quot;,&quot;date_upd&quot;:&quot;2025-03-04 16:20:58&quot;,&quot;pack_stock_type&quot;:&quot;0&quot;,&quot;meta_description&quot;:&quot;Anh\u00e4nger der Marke LIDER Typ Viehanh\u00e4nger 44540, ausgestattet mit einer Achse mit einer Kapazit\u00e4t von 1350kg. Ideal f\u00fcr den Transport Ihrer lebenden Tiere.&quot;,&quot;meta_keywords&quot;:&quot;Remorque Lider Robust Granada 39530 B\\u00e9taill\\u00e8re Lider 39530&quot;,&quot;meta_title&quot;:&quot;Anh\u00e4nger Lider Viehanh\u00e4nger 44540&quot;,&quot;link_rewrite&quot;:&quot;remorque-lider-betaillere-freine-44540&quot;,&quot;name&quot;:&quot;Anh\u00e4nger Lider Viehanh\u00e4nger gebremst 44540&quot;,&quot;description&quot;:&quot;&lt;p&gt;Der Viehanh\u00e4nger 44540 wurde speziell entwickelt, um der Nachfrage nach dem sicheren Transport lebender Tiere gerecht zu werden: Schafe, Ziegen, Schweine und Jungvieh.&lt;br \\\/&gt;Abmessungen GESAMT: 396 x 178 x 200 cm &lt;br \\\/&gt;&lt;br \\\/&gt;2 Ablaufstopfen mit Ablaufgitter f\u00fcr einfache Reinigung.&lt;br \\\/&gt;Griffe vorne zur Bewegungshilfe.&lt;br \\\/&gt;Alu-Riffelblech-Boden Blech St\u00e4rke 3 mm und Riffelmuster St\u00e4rke 1,5 mm = Solidit\u00e4t, Langlebigkeit, bessere Best\u00e4ndigkeit gegen Korrosion und Feuchtigkeit&lt;br \\\/&gt;Stahl-Verst\u00e4rkungsbleche in das Fahrgestell integriert&lt;br \\\/&gt;Gro\u00dfe Auswahl an PTAC erm\u00f6glicht die Anpassung an verschiedene Fahrzeugtypen je nach F\u00fchrerschein.&lt;br \\\/&gt;Die Gesamth\u00f6he von 2m erm\u00f6glicht die Durchfahrt an Autobahnmautstellen ohne Aufpreis und den Zugang zu h\u00f6henbegrenzten Bereichen.&lt;br \\\/&gt;&lt;br \\\/&gt;Tierwohl: &lt;br \\\/&gt;\\u2022 Besichtigungst\u00fcr und Bel\u00fcftungsklappe &lt;br \\\/&gt;\\u2022 Br\u00fccke (Hufst\u00fctzstange) mit Gel\u00e4nder beim Auf- und Abstieg der Tiere, die sich zusammenklappen l\u00e4sst, um beim Schlie\u00dfen zu einer Barriere zu werden. Ablaufl\u00f6cher an den Seiten zur Erleichterung der Reinigung. &lt;br \\\/&gt;\\u2022 Aluminiumdach wei\u00df lackiert zur Begrenzung des W\u00e4rmeeffekts im Innenraum.&lt;\\\/p&gt;\\n&lt;p&gt;&lt;span style=\\&quot;color:#d0121a;\\&quot;&gt;&lt;strong&gt;Die in der technischen Beschreibung angegebenen Abmessungen sind die Innenabmessungen der Kiste (nutzbare Abmessung) in cm.&lt;\\\/strong&gt;&lt;\\\/span&gt;&lt;\\\/p&gt;\\n&lt;h2&gt;&lt;strong&gt;Die St\u00e4rken:&lt;\\\/strong&gt;&lt;\\\/h2&gt;\\n&lt;p&gt;Auflaufbremse&lt;br \\\/&gt;Geschwei\u00dftes verzinktes Fahrgestell&lt;br \\\/&gt;W\u00e4nde und Dach aus Aluminium&lt;br \\\/&gt;Alu-Riffelblech-Boden&lt;br \\\/&gt;Besichtigungst\u00fcr (seitlich vorne rechts)&lt;br \\\/&gt;Br\u00fccke (123x121cm) mit rutschfester Hufst\u00fctzstange mit Alu-Profilen&lt;br \\\/&gt;Aluminium-Br\u00fcckenbarrieren nach innen klappbar&lt;br \\\/&gt;H\u00f6he Boden\\\/Erdboden = 40 cm&lt;br \\\/&gt;H\u00f6he Br\u00fccke\\\/Erdboden = 14 cm&lt;br \\\/&gt;H\u00f6henverstellbare St\u00fctzr\u00e4der&lt;br \\\/&gt;Au\u00dfengriffe vorne zur Handhabung&lt;br \\\/&gt;LED-Beleuchtung&lt;\\\/p&gt;\\n&lt;p&gt;&lt;br \\\/&gt;Als Option bieten wir Ihnen:&lt;\\\/p&gt;\\n&lt;ul&gt;\\n&lt;li&gt;7 Bel\u00fcftungsklappen an den Seiten (LID44001)&lt;\\\/li&gt;\\n&lt;li&gt;Vorderstangen-Kit (LID44002)&lt;\\\/li&gt;\\n&lt;li&gt;Ersatzradhalterung (LID44003)&lt;\\\/li&gt;\\n&lt;li&gt;Ersatzrad (165112)&lt;\\\/li&gt;\\n&lt;li&gt;Abnehmbare Trennwand (LID44540)&lt;\\\/li&gt;\\n&lt;li&gt;LED-Taschenlampe (LID04364)&lt;\\\/li&gt;\\n&lt;\\\/ul&gt;&quot;,&quot;description_short&quot;:&quot;&lt;p&gt;Viehanh\u00e4nger B\u00e9taill\u00e8re 44540 der Marke LIDER&lt;br \\\/&gt;PTAC 1000\\\/1100\\\/1200\\\/&lt;strong&gt;1350 kg&lt;\\\/strong&gt;&lt;\\\/p&gt;\\n&lt;p&gt;&lt;strong&gt;&lt;span style=\\&quot;color:#f40d0d;\\&quot;&gt;NUR ABHOLUNG VOR ORT&lt;\\\/span&gt;&lt;\\\/strong&gt;&lt;\\\/p&gt;&quot;,&quot;available_now&quot;:&quot;Auf Lager&quot;,&quot;available_later&quot;:&quot;Lieferzeit: Bitte kontaktieren Sie uns&quot;,&quot;id&quot;:8612,&quot;id_product&quot;:8612,&quot;out_of_stock&quot;:2,&quot;new&quot;:0,&quot;id_product_attribute&quot;:&quot;0&quot;,&quot;quantity_wanted&quot;:1,&quot;extraContent&quot;:[{&quot;title&quot;:&quot;Fragen&quot;,&quot;content&quot;:&quot;\\n &lt;div class=\\&quot;container\\&quot;&gt;\\n &lt;section id=\\&quot;lgconsultas\\&quot; class=\\&quot;lgconsultas-block-faq page-product-box display-product-extra-content\\&quot;&gt;\\n &lt;h3 class=\\&quot;page-product-heading\\&quot; \\n style=\\&quot;border-bottom: 2px solid #7CC04B;\\n color:#7CC04B\\&quot;&gt;\\n Fragen\\n &lt;\\\/h3&gt;\\n\\n &lt;p class=\\&quot;lgconsultas-block-faq-first-question\\&quot;&gt;\\n Seien Sie der Erste, der eine Frage zu diesem Produkt stellt!\\n &lt;\\\/p&gt;\\n \\n \\n &lt;div class=\\&quot;lgconsultas-request-button-content\\&quot;&gt;\\n &lt;button id=\\&quot;lgconsultas_request_button\\&quot; class=\\&quot;btn btn-primary btn-request\\&quot; \\n style=\\&quot;background-color:#7CC04B;\\n border-color:#7CC04B\\&quot;&gt;\\n &lt;svg xmlns=\\&quot;http:\\\/\\\/www.w3.org\\\/2000\\\/svg\\&quot; height=\\&quot;24px\\&quot; viewBox=\\&quot;0 0 24 24\\&quot; width=\\&quot;24px\\&quot; fill=\\&quot;#FFFFFF\\&quot;&gt;&lt;path d=\\&quot;M0 0h24v24H0z\\&quot; fill=\\&quot;none\\&quot;\\\/&gt;&lt;path d=\\&quot;M20 4H4c-1.1 0-1.99.9-1.99 2L2 18c0 1.1.9 2 2 2h16c1.1 0 2-.9 2-2V6c0-1.1-.9-2-2-2zm0 14H4V8l8 5 8-5v10zm-8-7L4 6h16l-8 5z\\&quot;\\\/&gt;&lt;\\\/svg&gt;\\n Senden Sie uns Ihre Frage\\n &lt;\\\/button&gt;\\n &lt;\\\/div&gt;\\n\\n \\n&lt;div id=\\&quot;lgconsultas_popup\\&quot;&gt;\\n &lt;div class=\\&quot;row\\&quot;&gt;\\n &lt;div class=\\&quot;col-xs-12\\&quot;&gt;\\n &lt;h3&gt;\\n Frage zum Produkt\\n &lt;\\\/h3&gt;\\n &lt;\\\/div&gt;\\n \\n &lt;div class=\\&quot;col-xs-12 lg-form\\&quot;&gt;\\n &lt;div id=\\&quot;lgconsultas_popup_alert\\&quot; class=\\&quot;lg-alert alert\\&quot; role=\\&quot;alert\\&quot;&gt;&lt;\\\/div&gt;\\n\\n &lt;div class=\\&quot;form-group required\\&quot;&gt;\\n &lt;label for=\\&quot;lgconsultas_popup_name\\&quot;&gt;Name &lt;sup&gt;*&lt;\\\/sup&gt;&lt;\\\/label&gt;\\n &lt;input\\n type=\\&quot;text\\&quot;\\n id=\\&quot;lgconsultas_popup_name\\&quot;\\n name=\\&quot;lgconsultas_popup_name\\&quot;\\n class=\\&quot;form-control validate is_required\\&quot;\\n data-validate=\\&quot;isCustomerName\\&quot;\\n value=\\&quot;\\&quot;\\n \\\/&gt;\\n &lt;\\\/div&gt;\\n &lt;div class=\\&quot;form-group required\\&quot;&gt;\\n &lt;label for=\\&quot;lgconsultas_popup_email\\&quot;&gt;E-Mail &lt;sup&gt;*&lt;\\\/sup&gt;&lt;\\\/label&gt;\\n &lt;input\\n type=\\&quot;text\\&quot;\\n id=\\&quot;lgconsultas_popup_email\\&quot;\\n name=\\&quot;lgconsultas_popup_email\\&quot;\\n class=\\&quot;form-control validate is_required\\&quot;\\n data-validate=\\&quot;isEmail\\&quot;\\n value=\\&quot;\\&quot;\\n \\\/&gt;\\n &lt;\\\/div&gt;\\n &lt;div class=\\&quot;form-group required\\&quot;&gt;\\n &lt;label for=\\&quot;lgconsultas_popup_question\\&quot;&gt;Frage &lt;sup&gt;*&lt;\\\/sup&gt;&lt;\\\/label&gt;\\n &lt;textarea\\n id=\\&quot;lgconsultas_popup_question\\&quot;\\n name=\\&quot;lgconsultas_popup_question\\&quot;\\n class=\\&quot;form-control validate is_required\\&quot;\\n data-validate=\\&quot;isMessage\\&quot;\\n rows=\\&quot;7\\&quot;\\n &gt;&lt;\\\/textarea&gt;\\n &lt;\\\/div&gt;\\n\\n &lt;div class=\\&quot;form-info\\&quot;&gt;\\n &lt;small&gt;&lt;sup&gt;*&lt;\\\/sup&gt; Pflichtfelder&lt;\\\/small&gt;\\n &lt;\\\/div&gt;\\n\\n &lt;div class=\\&quot;form-group\\&quot;&gt;\\n &lt;div&gt;\\n &lt;div class=\\&quot;g-recaptcha\\&quot; data-sitekey=\\&quot;6LdqRcAUAAAAAPcQYWZn6YrXOolxyBu051UWNWeX\\&quot;&gt;&lt;\\\/div&gt;\\n&lt;\\\/div&#038; \n\n","protected":false},"featured_media":16112,"comment_status":"open","ping_status":"closed","template":"","meta":[],"product_brand":[],"product_cat":[352,355],"product_tag":[],"class_list":{"0":"post-14267","1":"product","2":"type-product","3":"status-publish","4":"has-post-thumbnail","6":"product_cat-unsere-trailer","7":"product_cat-viehanhaenger","9":"first","10":"instock","11":"shipping-taxable","12":"purchasable","13":"product-type-simple"},"yoast_head":"<!-- This site is optimized with the Yoast SEO plugin v27.4 - https:\/\/yoast.com\/product\/yoast-seo-wordpress\/ -->\n<title>ANH\u00c4NGER LIDER VIEHANH\u00c4NGER GEBREMST 44540<\/title>\n<meta name=\"description\" content=\"Viehanh\u00e4nger 44540 der Marke LIDERPTAC 1000\/1100\/1200\/1350 kg\" \/>\n<meta name=\"robots\" content=\"index, follow, max-snippet:-1, max-image-preview:large, max-video-preview:-1\" \/>\n<link rel=\"canonical\" href=\"https:\/\/sagrinex.com\/produit\/remorque-lider-betaillere-freine-44540\/\" \/>\n<meta property=\"og:locale\" content=\"de_DE\" \/>\n<meta property=\"og:type\" content=\"article\" \/>\n<meta property=\"og:title\" content=\"ANH\u00c4NGER LIDER VIEHANH\u00c4NGER GEBREMST 44540\" \/>\n<meta property=\"og:description\" content=\"Viehanh\u00e4nger 44540 der Marke LIDERPTAC 1000\/1100\/1200\/1350 kg\" \/>\n<meta property=\"og:url\" content=\"https:\/\/sagrinex.com\/produit\/remorque-lider-betaillere-freine-44540\/\" \/>\n<meta property=\"og:site_name\" content=\"Sagrinex \u2013 Anhaenger, Container &amp; Landtechnik \ud83c\udf3e\ud83d\ude9c\" \/>\n<meta property=\"article:modified_time\" content=\"2026-04-15T21:12:16+00:00\" \/>\n<meta property=\"og:image\" content=\"https:\/\/sagrinex.com\/wp-content\/uploads\/2026\/03\/Image-35-3.jpeg\" \/>\n\t<meta property=\"og:image:width\" content=\"700\" \/>\n\t<meta property=\"og:image:height\" content=\"700\" \/>\n\t<meta property=\"og:image:type\" content=\"image\/jpeg\" \/>\n<meta name=\"twitter:card\" content=\"summary_large_image\" \/>\n<meta name=\"twitter:label1\" content=\"Gesch\u00e4tzte Lesezeit\" \/>\n\t<meta name=\"twitter:data1\" content=\"1\u00a0Minute\" \/>\n<script type=\"application\/ld+json\" class=\"yoast-schema-graph\">{\"@context\":\"https:\\\/\\\/schema.org\",\"@graph\":[{\"@type\":\"WebPage\",\"@id\":\"https:\\\/\\\/sagrinex.com\\\/produit\\\/remorque-lider-betaillere-freine-44540\\\/\",\"url\":\"https:\\\/\\\/sagrinex.com\\\/produit\\\/remorque-lider-betaillere-freine-44540\\\/\",\"name\":\"ANH\u00c4NGER LIDER VIEHANH\u00c4NGER GEBREMST 44540\",\"isPartOf\":{\"@id\":\"https:\\\/\\\/sagrinex.com\\\/#website\"},\"primaryImageOfPage\":{\"@id\":\"https:\\\/\\\/sagrinex.com\\\/produit\\\/remorque-lider-betaillere-freine-44540\\\/#primaryimage\"},\"image\":{\"@id\":\"https:\\\/\\\/sagrinex.com\\\/produit\\\/remorque-lider-betaillere-freine-44540\\\/#primaryimage\"},\"thumbnailUrl\":\"https:\\\/\\\/sagrinex.com\\\/wp-content\\\/uploads\\\/2026\\\/03\\\/Image-35-3.jpeg\",\"datePublished\":\"2026-03-15T11:43:41+00:00\",\"dateModified\":\"2026-04-15T21:12:16+00:00\",\"description\":\"Viehanh\u00e4nger 44540 der Marke LIDERPTAC 1000\\\/1100\\\/1200\\\/1350 kg\",\"breadcrumb\":{\"@id\":\"https:\\\/\\\/sagrinex.com\\\/produit\\\/remorque-lider-betaillere-freine-44540\\\/#breadcrumb\"},\"inLanguage\":\"de\",\"potentialAction\":[{\"@type\":\"ReadAction\",\"target\":[\"https:\\\/\\\/sagrinex.com\\\/produit\\\/remorque-lider-betaillere-freine-44540\\\/\"]}]},{\"@type\":\"ImageObject\",\"inLanguage\":\"de\",\"@id\":\"https:\\\/\\\/sagrinex.com\\\/produit\\\/remorque-lider-betaillere-freine-44540\\\/#primaryimage\",\"url\":\"https:\\\/\\\/sagrinex.com\\\/wp-content\\\/uploads\\\/2026\\\/03\\\/Image-35-3.jpeg\",\"contentUrl\":\"https:\\\/\\\/sagrinex.com\\\/wp-content\\\/uploads\\\/2026\\\/03\\\/Image-35-3.jpeg\",\"width\":700,\"height\":700},{\"@type\":\"BreadcrumbList\",\"@id\":\"https:\\\/\\\/sagrinex.com\\\/produit\\\/remorque-lider-betaillere-freine-44540\\\/#breadcrumb\",\"itemListElement\":[{\"@type\":\"ListItem\",\"position\":1,\"name\":\"Accueil\",\"item\":\"https:\\\/\\\/sagrinex.com\\\/?lang=de\"},{\"@type\":\"ListItem\",\"position\":2,\"name\":\"Shop\",\"item\":\"https:\\\/\\\/sagrinex.com\\\/shop\\\/\"},{\"@type\":\"ListItem\",\"position\":3,\"name\":\"Anh\u00c4nger Lider Viehanh\u00c4nger Gebremst 44540\"}]},{\"@type\":\"WebSite\",\"@id\":\"https:\\\/\\\/sagrinex.com\\\/#website\",\"url\":\"https:\\\/\\\/sagrinex.com\\\/\",\"name\":\"Sagrinex \u2013 Spezialist f\u00fcr Anh\u00e4nger, Container & Landtechnik\",\"description\":\"Anhaenger, Container &amp; Landtechnik \u2014 Online-Verkauf &amp; kostenloses Angebot\",\"publisher\":{\"@id\":\"https:\\\/\\\/sagrinex.com\\\/#organization\"},\"potentialAction\":[{\"@type\":\"SearchAction\",\"target\":{\"@type\":\"EntryPoint\",\"urlTemplate\":\"https:\\\/\\\/sagrinex.com\\\/?s={search_term_string}\"},\"query-input\":{\"@type\":\"PropertyValueSpecification\",\"valueRequired\":true,\"valueName\":\"search_term_string\"}}],\"inLanguage\":\"de\"},{\"@type\":\"Organization\",\"@id\":\"https:\\\/\\\/sagrinex.com\\\/#organization\",\"name\":\"Sagrinex \u2013 Remorques, Conteneurs & Mat\u00e9riel Agricole\",\"url\":\"https:\\\/\\\/sagrinex.com\\\/\",\"logo\":{\"@type\":\"ImageObject\",\"inLanguage\":\"de\",\"@id\":\"https:\\\/\\\/sagrinex.com\\\/#\\\/schema\\\/logo\\\/image\\\/\",\"url\":\"https:\\\/\\\/sagrinex.com\\\/wp-content\\\/uploads\\\/2026\\\/03\\\/7f1ac463-ef5a-425d-bdd6-a5da03a334a9-1024x683.png\",\"contentUrl\":\"https:\\\/\\\/sagrinex.com\\\/wp-content\\\/uploads\\\/2026\\\/03\\\/7f1ac463-ef5a-425d-bdd6-a5da03a334a9-1024x683.png\",\"width\":1024,\"height\":683,\"caption\":\"Sagrinex \u2013 Remorques, Conteneurs & Mat\u00e9riel Agricole\"},\"image\":{\"@id\":\"https:\\\/\\\/sagrinex.com\\\/#\\\/schema\\\/logo\\\/image\\\/\"}}]}<\/script>\n<!-- \/ Yoast SEO plugin. -->","yoast_head_json":{"title":"ANH\u00c4NGER LIDER VIEHANH\u00c4NGER GEBREMST 44540","description":"Viehanh\u00e4nger 44540 der Marke LIDERPTAC 1000\/1100\/1200\/1350 kg","robots":{"index":"index","follow":"follow","max-snippet":"max-snippet:-1","max-image-preview":"max-image-preview:large","max-video-preview":"max-video-preview:-1"},"canonical":"https:\/\/sagrinex.com\/produit\/remorque-lider-betaillere-freine-44540\/","og_locale":"de_DE","og_type":"article","og_title":"ANH\u00c4NGER LIDER VIEHANH\u00c4NGER GEBREMST 44540","og_description":"Viehanh\u00e4nger 44540 der Marke LIDERPTAC 1000\/1100\/1200\/1350 kg","og_url":"https:\/\/sagrinex.com\/produit\/remorque-lider-betaillere-freine-44540\/","og_site_name":"Sagrinex \u2013 Anhaenger, Container &amp; Landtechnik \ud83c\udf3e\ud83d\ude9c","article_modified_time":"2026-04-15T21:12:16+00:00","og_image":[{"width":700,"height":700,"url":"https:\/\/sagrinex.com\/wp-content\/uploads\/2026\/03\/Image-35-3.jpeg","type":"image\/jpeg"}],"twitter_card":"summary_large_image","twitter_misc":{"Gesch\u00e4tzte Lesezeit":"1\u00a0Minute"},"schema":{"@context":"https:\/\/schema.org","@graph":[{"@type":"WebPage","@id":"https:\/\/sagrinex.com\/produit\/remorque-lider-betaillere-freine-44540\/","url":"https:\/\/sagrinex.com\/produit\/remorque-lider-betaillere-freine-44540\/","name":"ANH\u00c4NGER LIDER VIEHANH\u00c4NGER GEBREMST 44540","isPartOf":{"@id":"https:\/\/sagrinex.com\/#website"},"primaryImageOfPage":{"@id":"https:\/\/sagrinex.com\/produit\/remorque-lider-betaillere-freine-44540\/#primaryimage"},"image":{"@id":"https:\/\/sagrinex.com\/produit\/remorque-lider-betaillere-freine-44540\/#primaryimage"},"thumbnailUrl":"https:\/\/sagrinex.com\/wp-content\/uploads\/2026\/03\/Image-35-3.jpeg","datePublished":"2026-03-15T11:43:41+00:00","dateModified":"2026-04-15T21:12:16+00:00","description":"Viehanh\u00e4nger 44540 der Marke LIDERPTAC 1000\/1100\/1200\/1350 kg","breadcrumb":{"@id":"https:\/\/sagrinex.com\/produit\/remorque-lider-betaillere-freine-44540\/#breadcrumb"},"inLanguage":"de","potentialAction":[{"@type":"ReadAction","target":["https:\/\/sagrinex.com\/produit\/remorque-lider-betaillere-freine-44540\/"]}]},{"@type":"ImageObject","inLanguage":"de","@id":"https:\/\/sagrinex.com\/produit\/remorque-lider-betaillere-freine-44540\/#primaryimage","url":"https:\/\/sagrinex.com\/wp-content\/uploads\/2026\/03\/Image-35-3.jpeg","contentUrl":"https:\/\/sagrinex.com\/wp-content\/uploads\/2026\/03\/Image-35-3.jpeg","width":700,"height":700},{"@type":"BreadcrumbList","@id":"https:\/\/sagrinex.com\/produit\/remorque-lider-betaillere-freine-44540\/#breadcrumb","itemListElement":[{"@type":"ListItem","position":1,"name":"Accueil","item":"https:\/\/sagrinex.com\/?lang=de"},{"@type":"ListItem","position":2,"name":"Shop","item":"https:\/\/sagrinex.com\/shop\/"},{"@type":"ListItem","position":3,"name":"Anh\u00c4nger Lider Viehanh\u00c4nger Gebremst 44540"}]},{"@type":"WebSite","@id":"https:\/\/sagrinex.com\/#website","url":"https:\/\/sagrinex.com\/","name":"Sagrinex \u2013 Spezialist f\u00fcr Anh\u00e4nger, Container & Landtechnik","description":"Anhaenger, Container &amp; Landtechnik \u2014 Online-Verkauf &amp; kostenloses Angebot","publisher":{"@id":"https:\/\/sagrinex.com\/#organization"},"potentialAction":[{"@type":"SearchAction","target":{"@type":"EntryPoint","urlTemplate":"https:\/\/sagrinex.com\/?s={search_term_string}"},"query-input":{"@type":"PropertyValueSpecification","valueRequired":true,"valueName":"search_term_string"}}],"inLanguage":"de"},{"@type":"Organization","@id":"https:\/\/sagrinex.com\/#organization","name":"Sagrinex \u2013 Remorques, Conteneurs & Mat\u00e9riel Agricole","url":"https:\/\/sagrinex.com\/","logo":{"@type":"ImageObject","inLanguage":"de","@id":"https:\/\/sagrinex.com\/#\/schema\/logo\/image\/","url":"https:\/\/sagrinex.com\/wp-content\/uploads\/2026\/03\/7f1ac463-ef5a-425d-bdd6-a5da03a334a9-1024x683.png","contentUrl":"https:\/\/sagrinex.com\/wp-content\/uploads\/2026\/03\/7f1ac463-ef5a-425d-bdd6-a5da03a334a9-1024x683.png","width":1024,"height":683,"caption":"Sagrinex \u2013 Remorques, Conteneurs & Mat\u00e9riel Agricole"},"image":{"@id":"https:\/\/sagrinex.com\/#\/schema\/logo\/image\/"}}]}},"jetpack_sharing_enabled":true,"_links":{"self":[{"href":"https:\/\/sagrinex.com\/de\/wp-json\/wp\/v2\/product\/14267","targetHints":{"allow":["GET"]}}],"collection":[{"href":"https:\/\/sagrinex.com\/de\/wp-json\/wp\/v2\/product"}],"about":[{"href":"https:\/\/sagrinex.com\/de\/wp-json\/wp\/v2\/types\/product"}],"replies":[{"embeddable":true,"href":"https:\/\/sagrinex.com\/de\/wp-json\/wp\/v2\/comments?post=14267"}],"version-history":[{"count":0,"href":"https:\/\/sagrinex.com\/de\/wp-json\/wp\/v2\/product\/14267\/revisions"}],"wp:featuredmedia":[{"embeddable":true,"href":"https:\/\/sagrinex.com\/de\/wp-json\/wp\/v2\/media\/16112"}],"wp:attachment":[{"href":"https:\/\/sagrinex.com\/de\/wp-json\/wp\/v2\/media?parent=14267"}],"wp:term":[{"taxonomy":"product_brand","embeddable":true,"href":"https:\/\/sagrinex.com\/de\/wp-json\/wp\/v2\/product_brand?post=14267"},{"taxonomy":"product_cat","embeddable":true,"href":"https:\/\/sagrinex.com\/de\/wp-json\/wp\/v2\/product_cat?post=14267"},{"taxonomy":"product_tag","embeddable":true,"href":"https:\/\/sagrinex.com\/de\/wp-json\/wp\/v2\/product_tag?post=14267"}],"curies":[{"name":"wp","href":"https:\/\/api.w.org\/{rel}","templated":true}]}}