{"id":14269,"date":"2026-03-15T21:14:35","date_gmt":"2026-03-15T21:14:35","guid":{"rendered":"https:\/\/sagrinex.com\/produit\/10-fuss-grosser-kuehlcontainer-fuer-den-privatgebrauch\/"},"modified":"2026-04-15T21:12:17","modified_gmt":"2026-04-15T21:12:17","slug":"10-fuss-grosser-kuehlcontainer-fuer-den-privatgebrauch","status":"publish","type":"product","link":"https:\/\/sagrinex.com\/de\/produit\/10-fuss-grosser-kuehlcontainer-fuer-den-privatgebrauch\/","title":{"rendered":"10 Fu\u00df Gro\u00dfer K\u00fchlcontainer f\u00fcr den Privatgebrauch"},"content":{"rendered":"<h2 data-start=\"125\" data-end=\"209\"><strong data-start=\"131\" data-end=\"207\">10 FUSS K\u00dcHLCONTAINER \u2013 LEISTUNG, ZUVERL\u00c4SSIGKEIT UND PROFESSIONELLE LEISTUNG<\/strong><\/h2>\n<p data-start=\"211\" data-end=\"420\">Sorgen Sie f\u00fcr eine optimale Konservierung Ihrer Waren dank unseres <strong data-start=\"277\" data-end=\"312\">10-Fu\u00df-K\u00fchlcontainers<\/strong>, einer kompakten, aber leistungsstarken L\u00f6sung f\u00fcr alle Ihre temperaturkontrollierten Lageranforderungen.<\/p>\n<p data-start=\"422\" data-end=\"676\">Dieses Modell wurde f\u00fcr die anspruchsvollsten Profis entwickelt und garantiert eine <strong data-start=\"495\" data-end=\"528\">einwandfreie K\u00fchlkette<\/strong> dank seines Thermoking Magnum Plus-Motors und seines pr\u00e4zisen Regulierungssystems, das Temperaturen von <strong data-start=\"658\" data-end=\"675\">-40\u00b0C bis +30\u00b0C<\/strong> erm\u00f6glicht.<\/p>\n<hr data-start=\"678\" data-end=\"681\" \/>\n<h3 data-start=\"683\" data-end=\"743\"><strong data-start=\"687\" data-end=\"743\">\ud83d\udd25 Warum sollten Sie sich f\u00fcr unseren 10-Fu\u00df-K\u00fchlcontainer entscheiden?<\/strong><\/h3>\n<p data-start=\"745\" data-end=\"1295\">\u2714 <strong data-start=\"747\" data-end=\"772\">Extreme Leistung<\/strong>: Temperaturbereich von -40 \u00b0C bis +30 \u00b0C<br data-start=\"812\" data-end=\"815\" \/>\u2714 <strong data-start=\"817\" data-end=\"842\">Kompakt, aber ger\u00e4umig<\/strong>: 12,50 m3 Nutzvolumen data-start=&#8220;989&#8243; data-end=&#8220;992&#8243; \/&gt; \u2714 <strong data-start=\"994\" data-end=\"1010\">Ultra zuverl\u00e4ssig<\/strong>: Thermoking Magnum Plus Motor, Marktreferenz<br data-start=\"1063\" data-end=\"1066\" \/>\u2714 <strong data-start=\"1068\" data-end=\"1089\">Integrierte Beleuchtung<\/strong> f\u00fcr den praktischen Einsatz auch in dunklen Umgebungen<br data-start=\"1148\" data-end=\"1151\" \/>\u2714 <strong data-start=\"1153\" data-end=\"1183\">Flacher Aluminiumboden<\/strong>, ideal f\u00fcr Paletten und Handling<br data-start=\"1219\" data-end=\"1222\" \/>\u2714 <strong data-start=\"1224\" data-end=\"1264\">380 V \/ 32 A Elektroanschluss<\/strong> industrietauglich Websites<\/p>\n<hr data-start=\"1297\" data-end=\"1300\" \/>\n<h3 data-start=\"1302\" data-end=\"1334\"><strong data-start=\"1306\" data-end=\"1334\">\ud83d\udcd0 Hauptfunktionen<\/strong><\/h3>\n<ul data-start=\"1336\" data-end=\"1679\">\n<li data-start=\"1336\" data-end=\"1393\">\n<p data-start=\"1338\" data-end=\"1393\"><strong data-start=\"1338\" data-end=\"1364\">Innenma\u00dfe<\/strong>: 2,383 \u00d7 2,292 \u00d7 2,275 mm<\/p>\n<\/li>\n<li data-start=\"1394\" data-end=\"1451\">\n<p data-start=\"1396\" data-end=\"1451\"><strong data-start=\"1396\" data-end=\"1422\">Au\u00dfenma\u00dfe<\/strong>: 2,991 \u00d7 2,438 \u00d7 2,591 mm<\/p>\n<\/li>\n<li data-start=\"1452\" data-end=\"1497\">\n<p data-start=\"1454\" data-end=\"1497\"><strong data-start=\"1454\" data-end=\"1476\">T\u00fcr\u00f6ffnung<\/strong>: 2,288 \u00d7 2,251 mm<\/p>\n<\/li>\n<li data-start=\"1498\" data-end=\"1529\">\n<p data-start=\"1500\" data-end=\"1529\"><strong data-start=\"1500\" data-end=\"1516\">Nutzvolumen<\/strong>: 12,50 m\u00b3<\/p>\n<\/li>\n<li data-start=\"1530\" data-end=\"1561\">\n<p data-start=\"1532\" data-end=\"1561\"><strong data-start=\"1532\" data-end=\"1548\">Leergewicht<\/strong>: 2.010 kg<\/p>\n<\/li>\n<li data-start=\"1562\" data-end=\"1596\">\n<p data-start=\"1564\" data-end=\"1596\"><strong data-start=\"1564\" data-end=\"1583\">Maximale Belastung<\/strong>: 8.150 kg<\/p>\n<\/li>\n<li data-start=\"1597\" data-end=\"1637\">\n<p data-start=\"1599\" data-end=\"1637\"><strong data-start=\"1599\" data-end=\"1623\">Zul\u00e4ssiges Gesamtgewicht<\/strong>: 10.160 kg<\/p>\n<\/li>\n<li data-start=\"1638\" data-end=\"1679\">\n<p data-start=\"1640\" data-end=\"1679\"><strong data-start=\"1640\" data-end=\"1660\">Standardfarbe<\/strong>: Wei\u00df RAL 9010<\/p>\n<\/li>\n<\/ul>\n<hr data-start=\"1681\" data-end=\"1684\" \/>\n<h3 data-start=\"1686\" data-end=\"1708\"><strong data-start=\"1690\" data-end=\"1708\">\u2728 Ideal f\u00fcr:<\/strong><\/h3>\n<ul data-start=\"1710\" data-end=\"1889\">\n<li data-start=\"1710\" data-end=\"1731\">\n<p data-start=\"1712\" data-end=\"1731\">Gastronomieberufe<\/p>\n<\/li>\n<li data-start=\"1732\" data-end=\"1758\">\n<p data-start=\"1734\" data-end=\"1758\">Lebensmittellogistik<\/p>\n<\/li>\n<li data-start=\"1759\" data-end=\"1805\">\n<p data-start=\"1761\" data-end=\"1805\">BTP (Lagerung w\u00e4rmeempfindlicher Produkte)<\/p>\n<\/li>\n<li data-start=\"1806\" data-end=\"1822\">\n<p data-start=\"1808\" data-end=\"1822\">Ereignis<\/p>\n<\/li>\n<li data-start=\"1823\" data-end=\"1854\">\n<p data-start=\"1825\" data-end=\"1854\">Pharmazeutika und Kosmetik<\/p>\n<\/li>\n<li data-start=\"1855\" data-end=\"1889\">\n<p data-start=\"1857\" data-end=\"1889\">Tempor\u00e4rer K\u00fchltransport<\/p>\n<\/li>\n<\/ul>\n","protected":false},"excerpt":{"rendered":"<p>Der 10ft K\u00fchlcontainer mit Thermo King Magnum Plus Maschine ist der kleinste K\u00fchlcontainer in unserem Sortiment. K\u00fchlcontainer bieten eine flexible L\u00f6sung, wenn es an K\u00fchl- oder Tiefk\u00fchllagerraum mangelt. Mit dem 10-Fu\u00df-K\u00fchlcontainer ist das K\u00fchlen und Gefrieren auf -40\u00b0C m\u00f6glich. Dar\u00fcber hinaus erm\u00f6glicht der 10-Fu\u00df-K\u00fchlcontainer den Transport und die Lagerung von G\u00fctern bis zu +30\u00b0C. Unsere 10-Fu\u00df-K\u00fchlcontainer sind CSC-zertifiziert.<\/p>\n","protected":false},"featured_media":16273,"comment_status":"open","ping_status":"closed","template":"","meta":[],"product_brand":[],"product_cat":[349,347],"product_tag":[],"class_list":{"0":"post-14269","1":"product","2":"type-product","3":"status-publish","4":"has-post-thumbnail","6":"product_cat-kuehllager","7":"product_cat-unsere-container","9":"first","10":"instock","11":"sale","12":"shipping-taxable","13":"purchasable","14":"product-type-simple"},"yoast_head":"<!-- This site is optimized with the Yoast SEO plugin v27.4 - https:\/\/yoast.com\/product\/yoast-seo-wordpress\/ -->\n<title>10 Fu\u00df gro\u00dfer K\u00fchlcontainer f\u00fcr den Privatgebrauch<\/title>\n<meta name=\"description\" content=\"Der 10ft K\u00fchlcontainer mit Thermo King Magnum Plus Maschine ist der kleinste K\u00fchlcontainer in unserem Sortiment. K\u00fchlcontainer bieten eine flexible L\u00f6sung, wenn es an K\u00fchl- oder Tiefk\u00fchllagerraum mangelt. Mit dem 10-Fu\u00df-K\u00fchlcontainer ist das K\u00fchlen und Gefrieren auf -40\u00b0C m\u00f6glich. Dar\u00fcber hinaus erm\u00f6glicht der 10-Fu\u00df-K\u00fchlcontainer den Transport und die Lagerung von G\u00fctern bis zu +30\u00b0C. Unsere 10-Fu\u00df-K\u00fchlcontainer sind CSC-zertifiziert.\" \/>\n<meta name=\"robots\" content=\"index, follow, max-snippet:-1, max-image-preview:large, max-video-preview:-1\" \/>\n<link rel=\"canonical\" href=\"https:\/\/sagrinex.com\/produit\/conteneur-frigorifique-domestique-de-10-pieds\/\" \/>\n<meta property=\"og:locale\" content=\"de_DE\" \/>\n<meta property=\"og:type\" content=\"article\" \/>\n<meta property=\"og:title\" content=\"10 Fu\u00df gro\u00dfer K\u00fchlcontainer f\u00fcr den Privatgebrauch\" \/>\n<meta property=\"og:description\" content=\"Der 10ft K\u00fchlcontainer mit Thermo King Magnum Plus Maschine ist der kleinste K\u00fchlcontainer in unserem Sortiment. K\u00fchlcontainer bieten eine flexible L\u00f6sung, wenn es an K\u00fchl- oder Tiefk\u00fchllagerraum mangelt. Mit dem 10-Fu\u00df-K\u00fchlcontainer ist das K\u00fchlen und Gefrieren auf -40\u00b0C m\u00f6glich. Dar\u00fcber hinaus erm\u00f6glicht der 10-Fu\u00df-K\u00fchlcontainer den Transport und die Lagerung von G\u00fctern bis zu +30\u00b0C. Unsere 10-Fu\u00df-K\u00fchlcontainer sind CSC-zertifiziert.\" \/>\n<meta property=\"og:url\" content=\"https:\/\/sagrinex.com\/produit\/conteneur-frigorifique-domestique-de-10-pieds\/\" \/>\n<meta property=\"og:site_name\" content=\"Sagrinex \u2013 Anhaenger, Container &amp; Landtechnik \ud83c\udf3e\ud83d\ude9c\" \/>\n<meta property=\"article:modified_time\" content=\"2026-04-15T21:12:17+00:00\" \/>\n<meta property=\"og:image\" content=\"https:\/\/sagrinex.com\/wp-content\/uploads\/2026\/03\/Image-231-3.jpeg\" \/>\n\t<meta property=\"og:image:width\" content=\"1128\" \/>\n\t<meta property=\"og:image:height\" content=\"632\" \/>\n\t<meta property=\"og:image:type\" content=\"image\/jpeg\" \/>\n<meta name=\"twitter:card\" content=\"summary_large_image\" \/>\n<meta name=\"twitter:label1\" content=\"Gesch\u00e4tzte Lesezeit\" \/>\n\t<meta name=\"twitter:data1\" content=\"2\u00a0Minuten\" \/>\n<script type=\"application\/ld+json\" class=\"yoast-schema-graph\">{\"@context\":\"https:\\\/\\\/schema.org\",\"@graph\":[{\"@type\":\"WebPage\",\"@id\":\"https:\\\/\\\/sagrinex.com\\\/produit\\\/conteneur-frigorifique-domestique-de-10-pieds\\\/\",\"url\":\"https:\\\/\\\/sagrinex.com\\\/produit\\\/conteneur-frigorifique-domestique-de-10-pieds\\\/\",\"name\":\"10 Fu\u00df gro\u00dfer K\u00fchlcontainer f\u00fcr den Privatgebrauch\",\"isPartOf\":{\"@id\":\"https:\\\/\\\/sagrinex.com\\\/#website\"},\"primaryImageOfPage\":{\"@id\":\"https:\\\/\\\/sagrinex.com\\\/produit\\\/conteneur-frigorifique-domestique-de-10-pieds\\\/#primaryimage\"},\"image\":{\"@id\":\"https:\\\/\\\/sagrinex.com\\\/produit\\\/conteneur-frigorifique-domestique-de-10-pieds\\\/#primaryimage\"},\"thumbnailUrl\":\"https:\\\/\\\/sagrinex.com\\\/wp-content\\\/uploads\\\/2026\\\/03\\\/Image-231-3.jpeg\",\"datePublished\":\"2026-03-15T21:14:35+00:00\",\"dateModified\":\"2026-04-15T21:12:17+00:00\",\"description\":\"Der 10ft K\u00fchlcontainer mit Thermo King Magnum Plus Maschine ist der kleinste K\u00fchlcontainer in unserem Sortiment. K\u00fchlcontainer bieten eine flexible L\u00f6sung, wenn es an K\u00fchl- oder Tiefk\u00fchllagerraum mangelt. Mit dem 10-Fu\u00df-K\u00fchlcontainer ist das K\u00fchlen und Gefrieren auf -40\u00b0C m\u00f6glich. Dar\u00fcber hinaus erm\u00f6glicht der 10-Fu\u00df-K\u00fchlcontainer den Transport und die Lagerung von G\u00fctern bis zu +30\u00b0C. Unsere 10-Fu\u00df-K\u00fchlcontainer sind CSC-zertifiziert.\",\"breadcrumb\":{\"@id\":\"https:\\\/\\\/sagrinex.com\\\/produit\\\/conteneur-frigorifique-domestique-de-10-pieds\\\/#breadcrumb\"},\"inLanguage\":\"de\",\"potentialAction\":[{\"@type\":\"ReadAction\",\"target\":[\"https:\\\/\\\/sagrinex.com\\\/produit\\\/conteneur-frigorifique-domestique-de-10-pieds\\\/\"]}]},{\"@type\":\"ImageObject\",\"inLanguage\":\"de\",\"@id\":\"https:\\\/\\\/sagrinex.com\\\/produit\\\/conteneur-frigorifique-domestique-de-10-pieds\\\/#primaryimage\",\"url\":\"https:\\\/\\\/sagrinex.com\\\/wp-content\\\/uploads\\\/2026\\\/03\\\/Image-231-3.jpeg\",\"contentUrl\":\"https:\\\/\\\/sagrinex.com\\\/wp-content\\\/uploads\\\/2026\\\/03\\\/Image-231-3.jpeg\",\"width\":1128,\"height\":632},{\"@type\":\"BreadcrumbList\",\"@id\":\"https:\\\/\\\/sagrinex.com\\\/produit\\\/conteneur-frigorifique-domestique-de-10-pieds\\\/#breadcrumb\",\"itemListElement\":[{\"@type\":\"ListItem\",\"position\":1,\"name\":\"Accueil\",\"item\":\"https:\\\/\\\/sagrinex.com\\\/?lang=de\"},{\"@type\":\"ListItem\",\"position\":2,\"name\":\"Shop\",\"item\":\"https:\\\/\\\/sagrinex.com\\\/shop\\\/\"},{\"@type\":\"ListItem\",\"position\":3,\"name\":\"10 Fu\u00df Gro\u00dfer K\u00fchlcontainer f\u00fcr den Privatgebrauch\"}]},{\"@type\":\"WebSite\",\"@id\":\"https:\\\/\\\/sagrinex.com\\\/#website\",\"url\":\"https:\\\/\\\/sagrinex.com\\\/\",\"name\":\"Sagrinex \u2013 Spezialist f\u00fcr Anh\u00e4nger, Container & Landtechnik\",\"description\":\"Anhaenger, Container &amp; Landtechnik \u2014 Online-Verkauf &amp; kostenloses Angebot\",\"publisher\":{\"@id\":\"https:\\\/\\\/sagrinex.com\\\/#organization\"},\"potentialAction\":[{\"@type\":\"SearchAction\",\"target\":{\"@type\":\"EntryPoint\",\"urlTemplate\":\"https:\\\/\\\/sagrinex.com\\\/?s={search_term_string}\"},\"query-input\":{\"@type\":\"PropertyValueSpecification\",\"valueRequired\":true,\"valueName\":\"search_term_string\"}}],\"inLanguage\":\"de\"},{\"@type\":\"Organization\",\"@id\":\"https:\\\/\\\/sagrinex.com\\\/#organization\",\"name\":\"Sagrinex \u2013 Remorques, Conteneurs & Mat\u00e9riel Agricole\",\"url\":\"https:\\\/\\\/sagrinex.com\\\/\",\"logo\":{\"@type\":\"ImageObject\",\"inLanguage\":\"de\",\"@id\":\"https:\\\/\\\/sagrinex.com\\\/#\\\/schema\\\/logo\\\/image\\\/\",\"url\":\"https:\\\/\\\/sagrinex.com\\\/wp-content\\\/uploads\\\/2026\\\/03\\\/7f1ac463-ef5a-425d-bdd6-a5da03a334a9-1024x683.png\",\"contentUrl\":\"https:\\\/\\\/sagrinex.com\\\/wp-content\\\/uploads\\\/2026\\\/03\\\/7f1ac463-ef5a-425d-bdd6-a5da03a334a9-1024x683.png\",\"width\":1024,\"height\":683,\"caption\":\"Sagrinex \u2013 Remorques, Conteneurs & Mat\u00e9riel Agricole\"},\"image\":{\"@id\":\"https:\\\/\\\/sagrinex.com\\\/#\\\/schema\\\/logo\\\/image\\\/\"}}]}<\/script>\n<!-- \/ Yoast SEO plugin. -->","yoast_head_json":{"title":"10 Fu\u00df gro\u00dfer K\u00fchlcontainer f\u00fcr den Privatgebrauch","description":"Der 10ft K\u00fchlcontainer mit Thermo King Magnum Plus Maschine ist der kleinste K\u00fchlcontainer in unserem Sortiment. K\u00fchlcontainer bieten eine flexible L\u00f6sung, wenn es an K\u00fchl- oder Tiefk\u00fchllagerraum mangelt. Mit dem 10-Fu\u00df-K\u00fchlcontainer ist das K\u00fchlen und Gefrieren auf -40\u00b0C m\u00f6glich. Dar\u00fcber hinaus erm\u00f6glicht der 10-Fu\u00df-K\u00fchlcontainer den Transport und die Lagerung von G\u00fctern bis zu +30\u00b0C. Unsere 10-Fu\u00df-K\u00fchlcontainer sind CSC-zertifiziert.","robots":{"index":"index","follow":"follow","max-snippet":"max-snippet:-1","max-image-preview":"max-image-preview:large","max-video-preview":"max-video-preview:-1"},"canonical":"https:\/\/sagrinex.com\/produit\/conteneur-frigorifique-domestique-de-10-pieds\/","og_locale":"de_DE","og_type":"article","og_title":"10 Fu\u00df gro\u00dfer K\u00fchlcontainer f\u00fcr den Privatgebrauch","og_description":"Der 10ft K\u00fchlcontainer mit Thermo King Magnum Plus Maschine ist der kleinste K\u00fchlcontainer in unserem Sortiment. K\u00fchlcontainer bieten eine flexible L\u00f6sung, wenn es an K\u00fchl- oder Tiefk\u00fchllagerraum mangelt. Mit dem 10-Fu\u00df-K\u00fchlcontainer ist das K\u00fchlen und Gefrieren auf -40\u00b0C m\u00f6glich. Dar\u00fcber hinaus erm\u00f6glicht der 10-Fu\u00df-K\u00fchlcontainer den Transport und die Lagerung von G\u00fctern bis zu +30\u00b0C. Unsere 10-Fu\u00df-K\u00fchlcontainer sind CSC-zertifiziert.","og_url":"https:\/\/sagrinex.com\/produit\/conteneur-frigorifique-domestique-de-10-pieds\/","og_site_name":"Sagrinex \u2013 Anhaenger, Container &amp; Landtechnik \ud83c\udf3e\ud83d\ude9c","article_modified_time":"2026-04-15T21:12:17+00:00","og_image":[{"width":1128,"height":632,"url":"https:\/\/sagrinex.com\/wp-content\/uploads\/2026\/03\/Image-231-3.jpeg","type":"image\/jpeg"}],"twitter_card":"summary_large_image","twitter_misc":{"Gesch\u00e4tzte Lesezeit":"2\u00a0Minuten"},"schema":{"@context":"https:\/\/schema.org","@graph":[{"@type":"WebPage","@id":"https:\/\/sagrinex.com\/produit\/conteneur-frigorifique-domestique-de-10-pieds\/","url":"https:\/\/sagrinex.com\/produit\/conteneur-frigorifique-domestique-de-10-pieds\/","name":"10 Fu\u00df gro\u00dfer K\u00fchlcontainer f\u00fcr den Privatgebrauch","isPartOf":{"@id":"https:\/\/sagrinex.com\/#website"},"primaryImageOfPage":{"@id":"https:\/\/sagrinex.com\/produit\/conteneur-frigorifique-domestique-de-10-pieds\/#primaryimage"},"image":{"@id":"https:\/\/sagrinex.com\/produit\/conteneur-frigorifique-domestique-de-10-pieds\/#primaryimage"},"thumbnailUrl":"https:\/\/sagrinex.com\/wp-content\/uploads\/2026\/03\/Image-231-3.jpeg","datePublished":"2026-03-15T21:14:35+00:00","dateModified":"2026-04-15T21:12:17+00:00","description":"Der 10ft K\u00fchlcontainer mit Thermo King Magnum Plus Maschine ist der kleinste K\u00fchlcontainer in unserem Sortiment. K\u00fchlcontainer bieten eine flexible L\u00f6sung, wenn es an K\u00fchl- oder Tiefk\u00fchllagerraum mangelt. Mit dem 10-Fu\u00df-K\u00fchlcontainer ist das K\u00fchlen und Gefrieren auf -40\u00b0C m\u00f6glich. Dar\u00fcber hinaus erm\u00f6glicht der 10-Fu\u00df-K\u00fchlcontainer den Transport und die Lagerung von G\u00fctern bis zu +30\u00b0C. Unsere 10-Fu\u00df-K\u00fchlcontainer sind CSC-zertifiziert.","breadcrumb":{"@id":"https:\/\/sagrinex.com\/produit\/conteneur-frigorifique-domestique-de-10-pieds\/#breadcrumb"},"inLanguage":"de","potentialAction":[{"@type":"ReadAction","target":["https:\/\/sagrinex.com\/produit\/conteneur-frigorifique-domestique-de-10-pieds\/"]}]},{"@type":"ImageObject","inLanguage":"de","@id":"https:\/\/sagrinex.com\/produit\/conteneur-frigorifique-domestique-de-10-pieds\/#primaryimage","url":"https:\/\/sagrinex.com\/wp-content\/uploads\/2026\/03\/Image-231-3.jpeg","contentUrl":"https:\/\/sagrinex.com\/wp-content\/uploads\/2026\/03\/Image-231-3.jpeg","width":1128,"height":632},{"@type":"BreadcrumbList","@id":"https:\/\/sagrinex.com\/produit\/conteneur-frigorifique-domestique-de-10-pieds\/#breadcrumb","itemListElement":[{"@type":"ListItem","position":1,"name":"Accueil","item":"https:\/\/sagrinex.com\/?lang=de"},{"@type":"ListItem","position":2,"name":"Shop","item":"https:\/\/sagrinex.com\/shop\/"},{"@type":"ListItem","position":3,"name":"10 Fu\u00df Gro\u00dfer K\u00fchlcontainer f\u00fcr den Privatgebrauch"}]},{"@type":"WebSite","@id":"https:\/\/sagrinex.com\/#website","url":"https:\/\/sagrinex.com\/","name":"Sagrinex \u2013 Spezialist f\u00fcr Anh\u00e4nger, Container & Landtechnik","description":"Anhaenger, Container &amp; Landtechnik \u2014 Online-Verkauf &amp; kostenloses Angebot","publisher":{"@id":"https:\/\/sagrinex.com\/#organization"},"potentialAction":[{"@type":"SearchAction","target":{"@type":"EntryPoint","urlTemplate":"https:\/\/sagrinex.com\/?s={search_term_string}"},"query-input":{"@type":"PropertyValueSpecification","valueRequired":true,"valueName":"search_term_string"}}],"inLanguage":"de"},{"@type":"Organization","@id":"https:\/\/sagrinex.com\/#organization","name":"Sagrinex \u2013 Remorques, Conteneurs & Mat\u00e9riel Agricole","url":"https:\/\/sagrinex.com\/","logo":{"@type":"ImageObject","inLanguage":"de","@id":"https:\/\/sagrinex.com\/#\/schema\/logo\/image\/","url":"https:\/\/sagrinex.com\/wp-content\/uploads\/2026\/03\/7f1ac463-ef5a-425d-bdd6-a5da03a334a9-1024x683.png","contentUrl":"https:\/\/sagrinex.com\/wp-content\/uploads\/2026\/03\/7f1ac463-ef5a-425d-bdd6-a5da03a334a9-1024x683.png","width":1024,"height":683,"caption":"Sagrinex \u2013 Remorques, Conteneurs & Mat\u00e9riel Agricole"},"image":{"@id":"https:\/\/sagrinex.com\/#\/schema\/logo\/image\/"}}]}},"jetpack_sharing_enabled":true,"_links":{"self":[{"href":"https:\/\/sagrinex.com\/de\/wp-json\/wp\/v2\/product\/14269","targetHints":{"allow":["GET"]}}],"collection":[{"href":"https:\/\/sagrinex.com\/de\/wp-json\/wp\/v2\/product"}],"about":[{"href":"https:\/\/sagrinex.com\/de\/wp-json\/wp\/v2\/types\/product"}],"replies":[{"embeddable":true,"href":"https:\/\/sagrinex.com\/de\/wp-json\/wp\/v2\/comments?post=14269"}],"version-history":[{"count":0,"href":"https:\/\/sagrinex.com\/de\/wp-json\/wp\/v2\/product\/14269\/revisions"}],"wp:featuredmedia":[{"embeddable":true,"href":"https:\/\/sagrinex.com\/de\/wp-json\/wp\/v2\/media\/16273"}],"wp:attachment":[{"href":"https:\/\/sagrinex.com\/de\/wp-json\/wp\/v2\/media?parent=14269"}],"wp:term":[{"taxonomy":"product_brand","embeddable":true,"href":"https:\/\/sagrinex.com\/de\/wp-json\/wp\/v2\/product_brand?post=14269"},{"taxonomy":"product_cat","embeddable":true,"href":"https:\/\/sagrinex.com\/de\/wp-json\/wp\/v2\/product_cat?post=14269"},{"taxonomy":"product_tag","embeddable":true,"href":"https:\/\/sagrinex.com\/de\/wp-json\/wp\/v2\/product_tag?post=14269"}],"curies":[{"name":"wp","href":"https:\/\/api.w.org\/{rel}","templated":true}]}}