{"id":14270,"date":"2026-03-15T19:11:13","date_gmt":"2026-03-15T19:11:13","guid":{"rendered":"https:\/\/sagrinex.com\/produit\/20-fuss-aufbewahrungsbehaelter-mit-offener-seite\/"},"modified":"2026-04-15T21:12:17","modified_gmt":"2026-04-15T21:12:17","slug":"20-fuss-aufbewahrungsbehaelter-mit-offener-seite","status":"publish","type":"product","link":"https:\/\/sagrinex.com\/de\/produit\/20-fuss-aufbewahrungsbehaelter-mit-offener-seite\/","title":{"rendered":"20-fu\u00df-aufbewahrungsbeh\u00e4lter mit Offener Seite"},"content":{"rendered":"<h1 data-start=\"118\" data-end=\"172\"><strong data-start=\"123\" data-end=\"172\">20-Fu\u00df-Container \u2013 Vollst\u00e4ndiges technisches Datenblatt<\/strong><\/h1>\n<p data-start=\"174\" data-end=\"408\">Entdecken Sie unseren robusten und vielseitigen Beh\u00e4lter, ideal f\u00fcr <strong data-start=\"237\" data-end=\"249\">Aufbewahrung<\/strong>, <strong data-start=\"254\" data-end=\"267\">Transport<\/strong> oder <strong data-start=\"274\" data-end=\"289\">Design<\/strong>. Es besteht aus hochwertigem Stahl und bietet hervorragende Wetterbest\u00e4ndigkeit und au\u00dfergew\u00f6hnliche Haltbarkeit.<\/p>\n<hr data-start=\"410\" data-end=\"413\" \/>\n<h2 data-start=\"415\" data-end=\"448\">\ud83d\udccf <strong data-start=\"421\" data-end=\"448\">Containerabmessungen<\/strong><\/h2>\n<h3 data-start=\"450\" data-end=\"494\"><strong data-start=\"454\" data-end=\"492\">Au\u00dfenma\u00dfe (L \u00d7 B \u00d7 H)<\/strong><\/h3>\n<ul data-start=\"495\" data-end=\"528\">\n<li data-start=\"495\" data-end=\"528\">\n<p data-start=\"497\" data-end=\"528\"><strong data-start=\"497\" data-end=\"528\">6,058 m \u00d7 2,438 m \u00d7 2,591 m<\/strong><\/p>\n<\/li>\n<\/ul>\n<h3 data-start=\"530\" data-end=\"574\"><strong data-start=\"534\" data-end=\"572\">Innenma\u00dfe (L \u00d7 B \u00d7 H)<\/strong><\/h3>\n<ul data-start=\"575\" data-end=\"608\">\n<li data-start=\"575\" data-end=\"608\">\n<p data-start=\"577\" data-end=\"608\"><strong data-start=\"577\" data-end=\"608\">5,858 m \u00d7 2,308 m \u00d7 2,361 m<\/strong><\/p>\n<\/li>\n<\/ul>\n<h3 data-start=\"610\" data-end=\"642\"><strong data-start=\"614\" data-end=\"640\">N\u00fctzliches Innenvolumen<\/strong><\/h3>\n<ul data-start=\"643\" data-end=\"654\">\n<li data-start=\"643\" data-end=\"654\">\n<p data-start=\"645\" data-end=\"654\"><strong data-start=\"645\" data-end=\"654\">31 m\u00b3<\/strong><\/p>\n<\/li>\n<\/ul>\n<hr data-start=\"656\" data-end=\"659\" \/>\n<h1 data-start=\"661\" data-end=\"698\">\ud83d\udee0\ufe0f <strong data-start=\"667\" data-end=\"698\">Technische Spezifikationen<\/strong><\/h1>\n<h3 data-start=\"700\" data-end=\"716\"><strong data-start=\"704\" data-end=\"716\">Frame<\/strong><\/h3>\n<ul data-start=\"717\" data-end=\"834\">\n<li data-start=\"717\" data-end=\"755\">\n<p data-start=\"719\" data-end=\"755\">Vollverschwei\u00dftes <strong data-start=\"734\" data-end=\"755\">Stahlprofil<\/strong><\/p>\n<\/li>\n<li data-start=\"756\" data-end=\"778\">\n<p data-start=\"758\" data-end=\"778\">Dicke: <strong data-start=\"770\" data-end=\"778\">3 mm<\/strong><\/p>\n<\/li>\n<li data-start=\"779\" data-end=\"834\">\n<p data-start=\"781\" data-end=\"834\">Ultra-robustes Design f\u00fcr lange Lebensdauer<\/p>\n<\/li>\n<\/ul>\n<h3 data-start=\"836\" data-end=\"860\"><strong data-start=\"840\" data-end=\"860\">W\u00e4nde und Decke<\/strong><\/h3>\n<ul data-start=\"861\" data-end=\"971\">\n<li data-start=\"861\" data-end=\"888\">\n<p data-start=\"863\" data-end=\"888\">Hochbelastbares laminiertes Blatt<\/p>\n<\/li>\n<li data-start=\"889\" data-end=\"913\">\n<p data-start=\"891\" data-end=\"913\">Dicke: <strong data-start=\"903\" data-end=\"913\">1,5 mm<\/strong><\/p>\n<\/li>\n<li data-start=\"914\" data-end=\"971\">\n<p data-start=\"916\" data-end=\"971\">Perfekter Schutz vor St\u00f6\u00dfen und schlechtem Wetter<\/p>\n<\/li>\n<\/ul>\n<h3 data-start=\"973\" data-end=\"989\"><strong data-start=\"977\" data-end=\"989\">Boden<\/strong><\/h3>\n<ul data-start=\"990\" data-end=\"1119\">\n<li data-start=\"990\" data-end=\"1028\">\n<p data-start=\"992\" data-end=\"1028\">Massivholz behandelt <strong data-start=\"1011\" data-end=\"1028\">Feuchtigkeitsschutz<\/strong><\/p>\n<\/li>\n<li data-start=\"1029\" data-end=\"1052\">\n<p data-start=\"1031\" data-end=\"1052\">Dicke: <strong data-start=\"1043\" data-end=\"1052\">25 mm<\/strong><\/p>\n<\/li>\n<li data-start=\"1053\" data-end=\"1119\">\n<p data-start=\"1055\" data-end=\"1119\">Ideal f\u00fcr schwere Lasten, Handhabung und Langzeitlagerung<\/p>\n<\/li>\n<\/ul>\n<h3 data-start=\"1121\" data-end=\"1137\"><strong data-start=\"1125\" data-end=\"1137\">Sicherheit<\/strong><\/h3>\n<ul data-start=\"1138\" data-end=\"1229\">\n<li data-start=\"1138\" data-end=\"1186\">\n<p data-start=\"1140\" data-end=\"1186\"><strong data-start=\"1140\" data-end=\"1176\">Integrierte Vorh\u00e4ngeschloss-Schutzabdeckung<\/strong><\/p>\n<\/li>\n<li data-start=\"1187\" data-end=\"1229\">\n<p data-start=\"1189\" data-end=\"1229\">Optimale Einbruchsicherung<\/p>\n<\/li>\n<\/ul>\n<hr data-start=\"1231\" data-end=\"1234\" \/>\n<h1 data-start=\"1236\" data-end=\"1256\">\u2b50 <strong data-start=\"1240\" data-end=\"1256\">Highlights<\/strong><\/h1>\n<ul data-start=\"1257\" data-end=\"1504\">\n<li data-start=\"1257\" data-end=\"1295\">\n<p data-start=\"1259\" data-end=\"1295\">Hochbelastbare Stahlkonstruktion<\/p>\n<\/li>\n<li data-start=\"1296\" data-end=\"1348\">\n<p data-start=\"1298\" data-end=\"1348\">Perfekt f\u00fcr die berufliche oder private Aufbewahrung<\/p>\n<\/li>\n<li data-start=\"1349\" data-end=\"1377\">\n<p data-start=\"1351\" data-end=\"1377\">Gro\u00dfes Fassungsverm\u00f6gen von 31 m\u00b3<\/p>\n<\/li>\n<li data-start=\"1378\" data-end=\"1403\">\n<p data-start=\"1380\" data-end=\"1403\">Sehr gute Abdichtung<\/p>\n<\/li>\n<li data-start=\"1404\" data-end=\"1504\">\n<p data-start=\"1406\" data-end=\"1504\">F\u00fcr viele Zwecke geeignet: Lagerung von Materialien, Werkzeugen, Motoren, Waren, Baustellen usw.<\/p>\n<\/li>\n<\/ul>\n","protected":false},"excerpt":{"rendered":"<p>Unser 20-Fu\u00df-Lagercontainer mit offener Seite bietet eine sichere Lagerung f\u00fcr alle Arten von Waren. OPEN SIDE-Beh\u00e4lter erm\u00f6glichen dank ihrer vollst\u00e4ndigen \u00d6ffnung \u00fcber die gesamte L\u00e4nge einen vereinfachten Zugang zu den gelagerten G\u00fctern.<br \/>\nDieser Lagercontainer verf\u00fcgt \u00fcber eine 4-fl\u00fcgelige L\u00e4ngst\u00fcr mit Einbruchschutzsystem.<br \/>\nDie Fl\u00fcgel an den Enden verf\u00fcgen \u00fcber einen Innengriff zum Entriegeln.<\/p>\n","protected":false},"featured_media":16225,"comment_status":"open","ping_status":"closed","template":"","meta":[],"product_brand":[],"product_cat":[350,347],"product_tag":[],"class_list":{"0":"post-14270","1":"product","2":"type-product","3":"status-publish","4":"has-post-thumbnail","6":"product_cat-spezifischer-speicher","7":"product_cat-unsere-container","9":"first","10":"instock","11":"sale","12":"shipping-taxable","13":"purchasable","14":"product-type-simple"},"yoast_head":"<!-- This site is optimized with the Yoast SEO plugin v27.4 - https:\/\/yoast.com\/product\/yoast-seo-wordpress\/ -->\n<title>20-Fu\u00df-Aufbewahrungsbeh\u00e4lter mit offener Seite<\/title>\n<meta name=\"description\" content=\"Unser 20-Fu\u00df-Lagercontainer mit offener Seite bietet eine sichere Lagerung f\u00fcr alle Arten von Waren. OPEN SIDE-Beh\u00e4lter erm\u00f6glichen dank ihrer vollst\u00e4ndigen \u00d6ffnung \u00fcber die gesamte L\u00e4nge einen vereinfachten Zugang zu den gelagerten G\u00fctern. Dieser Lagercontainer verf\u00fcgt \u00fcber eine 4-fl\u00fcgelige L\u00e4ngst\u00fcr mit Einbruchschutzsystem. Die Fl\u00fcgel an den Enden verf\u00fcgen \u00fcber einen Innengriff zum Entriegeln.\" \/>\n<meta name=\"robots\" content=\"index, follow, max-snippet:-1, max-image-preview:large, max-video-preview:-1\" \/>\n<link rel=\"canonical\" href=\"https:\/\/sagrinex.com\/produit\/conteneur-de-stockage-20-pieds-open-side\/\" \/>\n<meta property=\"og:locale\" content=\"de_DE\" \/>\n<meta property=\"og:type\" content=\"article\" \/>\n<meta property=\"og:title\" content=\"20-Fu\u00df-Aufbewahrungsbeh\u00e4lter mit offener Seite\" \/>\n<meta property=\"og:description\" content=\"Unser 20-Fu\u00df-Lagercontainer mit offener Seite bietet eine sichere Lagerung f\u00fcr alle Arten von Waren. OPEN SIDE-Beh\u00e4lter erm\u00f6glichen dank ihrer vollst\u00e4ndigen \u00d6ffnung \u00fcber die gesamte L\u00e4nge einen vereinfachten Zugang zu den gelagerten G\u00fctern. Dieser Lagercontainer verf\u00fcgt \u00fcber eine 4-fl\u00fcgelige L\u00e4ngst\u00fcr mit Einbruchschutzsystem. Die Fl\u00fcgel an den Enden verf\u00fcgen \u00fcber einen Innengriff zum Entriegeln.\" \/>\n<meta property=\"og:url\" content=\"https:\/\/sagrinex.com\/produit\/conteneur-de-stockage-20-pieds-open-side\/\" \/>\n<meta property=\"og:site_name\" content=\"Sagrinex \u2013 Anhaenger, Container &amp; Landtechnik \ud83c\udf3e\ud83d\ude9c\" \/>\n<meta property=\"article:modified_time\" content=\"2026-04-15T21:12:17+00:00\" \/>\n<meta property=\"og:image\" content=\"https:\/\/sagrinex.com\/wp-content\/uploads\/2026\/03\/Image-164-2.jpeg\" \/>\n\t<meta property=\"og:image:width\" content=\"1211\" \/>\n\t<meta property=\"og:image:height\" content=\"677\" \/>\n\t<meta property=\"og:image:type\" content=\"image\/jpeg\" \/>\n<meta name=\"twitter:card\" content=\"summary_large_image\" \/>\n<meta name=\"twitter:label1\" content=\"Gesch\u00e4tzte Lesezeit\" \/>\n\t<meta name=\"twitter:data1\" content=\"1\u00a0Minute\" \/>\n<script type=\"application\/ld+json\" class=\"yoast-schema-graph\">{\"@context\":\"https:\\\/\\\/schema.org\",\"@graph\":[{\"@type\":\"WebPage\",\"@id\":\"https:\\\/\\\/sagrinex.com\\\/produit\\\/conteneur-de-stockage-20-pieds-open-side\\\/\",\"url\":\"https:\\\/\\\/sagrinex.com\\\/produit\\\/conteneur-de-stockage-20-pieds-open-side\\\/\",\"name\":\"20-Fu\u00df-Aufbewahrungsbeh\u00e4lter mit offener Seite\",\"isPartOf\":{\"@id\":\"https:\\\/\\\/sagrinex.com\\\/#website\"},\"primaryImageOfPage\":{\"@id\":\"https:\\\/\\\/sagrinex.com\\\/produit\\\/conteneur-de-stockage-20-pieds-open-side\\\/#primaryimage\"},\"image\":{\"@id\":\"https:\\\/\\\/sagrinex.com\\\/produit\\\/conteneur-de-stockage-20-pieds-open-side\\\/#primaryimage\"},\"thumbnailUrl\":\"https:\\\/\\\/sagrinex.com\\\/wp-content\\\/uploads\\\/2026\\\/03\\\/Image-164-2.jpeg\",\"datePublished\":\"2026-03-15T19:11:13+00:00\",\"dateModified\":\"2026-04-15T21:12:17+00:00\",\"description\":\"Unser 20-Fu\u00df-Lagercontainer mit offener Seite bietet eine sichere Lagerung f\u00fcr alle Arten von Waren. OPEN SIDE-Beh\u00e4lter erm\u00f6glichen dank ihrer vollst\u00e4ndigen \u00d6ffnung \u00fcber die gesamte L\u00e4nge einen vereinfachten Zugang zu den gelagerten G\u00fctern. Dieser Lagercontainer verf\u00fcgt \u00fcber eine 4-fl\u00fcgelige L\u00e4ngst\u00fcr mit Einbruchschutzsystem. Die Fl\u00fcgel an den Enden verf\u00fcgen \u00fcber einen Innengriff zum Entriegeln.\",\"breadcrumb\":{\"@id\":\"https:\\\/\\\/sagrinex.com\\\/produit\\\/conteneur-de-stockage-20-pieds-open-side\\\/#breadcrumb\"},\"inLanguage\":\"de\",\"potentialAction\":[{\"@type\":\"ReadAction\",\"target\":[\"https:\\\/\\\/sagrinex.com\\\/produit\\\/conteneur-de-stockage-20-pieds-open-side\\\/\"]}]},{\"@type\":\"ImageObject\",\"inLanguage\":\"de\",\"@id\":\"https:\\\/\\\/sagrinex.com\\\/produit\\\/conteneur-de-stockage-20-pieds-open-side\\\/#primaryimage\",\"url\":\"https:\\\/\\\/sagrinex.com\\\/wp-content\\\/uploads\\\/2026\\\/03\\\/Image-164-2.jpeg\",\"contentUrl\":\"https:\\\/\\\/sagrinex.com\\\/wp-content\\\/uploads\\\/2026\\\/03\\\/Image-164-2.jpeg\",\"width\":1211,\"height\":677},{\"@type\":\"BreadcrumbList\",\"@id\":\"https:\\\/\\\/sagrinex.com\\\/produit\\\/conteneur-de-stockage-20-pieds-open-side\\\/#breadcrumb\",\"itemListElement\":[{\"@type\":\"ListItem\",\"position\":1,\"name\":\"Accueil\",\"item\":\"https:\\\/\\\/sagrinex.com\\\/?lang=de\"},{\"@type\":\"ListItem\",\"position\":2,\"name\":\"Shop\",\"item\":\"https:\\\/\\\/sagrinex.com\\\/shop\\\/\"},{\"@type\":\"ListItem\",\"position\":3,\"name\":\"20-fu\u00df-aufbewahrungsbeh\u00e4lter mit Offener Seite\"}]},{\"@type\":\"WebSite\",\"@id\":\"https:\\\/\\\/sagrinex.com\\\/#website\",\"url\":\"https:\\\/\\\/sagrinex.com\\\/\",\"name\":\"Sagrinex \u2013 Spezialist f\u00fcr Anh\u00e4nger, Container & Landtechnik\",\"description\":\"Anhaenger, Container &amp; Landtechnik \u2014 Online-Verkauf &amp; kostenloses Angebot\",\"publisher\":{\"@id\":\"https:\\\/\\\/sagrinex.com\\\/#organization\"},\"potentialAction\":[{\"@type\":\"SearchAction\",\"target\":{\"@type\":\"EntryPoint\",\"urlTemplate\":\"https:\\\/\\\/sagrinex.com\\\/?s={search_term_string}\"},\"query-input\":{\"@type\":\"PropertyValueSpecification\",\"valueRequired\":true,\"valueName\":\"search_term_string\"}}],\"inLanguage\":\"de\"},{\"@type\":\"Organization\",\"@id\":\"https:\\\/\\\/sagrinex.com\\\/#organization\",\"name\":\"Sagrinex \u2013 Remorques, Conteneurs & Mat\u00e9riel Agricole\",\"url\":\"https:\\\/\\\/sagrinex.com\\\/\",\"logo\":{\"@type\":\"ImageObject\",\"inLanguage\":\"de\",\"@id\":\"https:\\\/\\\/sagrinex.com\\\/#\\\/schema\\\/logo\\\/image\\\/\",\"url\":\"https:\\\/\\\/sagrinex.com\\\/wp-content\\\/uploads\\\/2026\\\/03\\\/7f1ac463-ef5a-425d-bdd6-a5da03a334a9-1024x683.png\",\"contentUrl\":\"https:\\\/\\\/sagrinex.com\\\/wp-content\\\/uploads\\\/2026\\\/03\\\/7f1ac463-ef5a-425d-bdd6-a5da03a334a9-1024x683.png\",\"width\":1024,\"height\":683,\"caption\":\"Sagrinex \u2013 Remorques, Conteneurs & Mat\u00e9riel Agricole\"},\"image\":{\"@id\":\"https:\\\/\\\/sagrinex.com\\\/#\\\/schema\\\/logo\\\/image\\\/\"}}]}<\/script>\n<!-- \/ Yoast SEO plugin. -->","yoast_head_json":{"title":"20-Fu\u00df-Aufbewahrungsbeh\u00e4lter mit offener Seite","description":"Unser 20-Fu\u00df-Lagercontainer mit offener Seite bietet eine sichere Lagerung f\u00fcr alle Arten von Waren. OPEN SIDE-Beh\u00e4lter erm\u00f6glichen dank ihrer vollst\u00e4ndigen \u00d6ffnung \u00fcber die gesamte L\u00e4nge einen vereinfachten Zugang zu den gelagerten G\u00fctern. Dieser Lagercontainer verf\u00fcgt \u00fcber eine 4-fl\u00fcgelige L\u00e4ngst\u00fcr mit Einbruchschutzsystem. Die Fl\u00fcgel an den Enden verf\u00fcgen \u00fcber einen Innengriff zum Entriegeln.","robots":{"index":"index","follow":"follow","max-snippet":"max-snippet:-1","max-image-preview":"max-image-preview:large","max-video-preview":"max-video-preview:-1"},"canonical":"https:\/\/sagrinex.com\/produit\/conteneur-de-stockage-20-pieds-open-side\/","og_locale":"de_DE","og_type":"article","og_title":"20-Fu\u00df-Aufbewahrungsbeh\u00e4lter mit offener Seite","og_description":"Unser 20-Fu\u00df-Lagercontainer mit offener Seite bietet eine sichere Lagerung f\u00fcr alle Arten von Waren. OPEN SIDE-Beh\u00e4lter erm\u00f6glichen dank ihrer vollst\u00e4ndigen \u00d6ffnung \u00fcber die gesamte L\u00e4nge einen vereinfachten Zugang zu den gelagerten G\u00fctern. Dieser Lagercontainer verf\u00fcgt \u00fcber eine 4-fl\u00fcgelige L\u00e4ngst\u00fcr mit Einbruchschutzsystem. Die Fl\u00fcgel an den Enden verf\u00fcgen \u00fcber einen Innengriff zum Entriegeln.","og_url":"https:\/\/sagrinex.com\/produit\/conteneur-de-stockage-20-pieds-open-side\/","og_site_name":"Sagrinex \u2013 Anhaenger, Container &amp; Landtechnik \ud83c\udf3e\ud83d\ude9c","article_modified_time":"2026-04-15T21:12:17+00:00","og_image":[{"width":1211,"height":677,"url":"https:\/\/sagrinex.com\/wp-content\/uploads\/2026\/03\/Image-164-2.jpeg","type":"image\/jpeg"}],"twitter_card":"summary_large_image","twitter_misc":{"Gesch\u00e4tzte Lesezeit":"1\u00a0Minute"},"schema":{"@context":"https:\/\/schema.org","@graph":[{"@type":"WebPage","@id":"https:\/\/sagrinex.com\/produit\/conteneur-de-stockage-20-pieds-open-side\/","url":"https:\/\/sagrinex.com\/produit\/conteneur-de-stockage-20-pieds-open-side\/","name":"20-Fu\u00df-Aufbewahrungsbeh\u00e4lter mit offener Seite","isPartOf":{"@id":"https:\/\/sagrinex.com\/#website"},"primaryImageOfPage":{"@id":"https:\/\/sagrinex.com\/produit\/conteneur-de-stockage-20-pieds-open-side\/#primaryimage"},"image":{"@id":"https:\/\/sagrinex.com\/produit\/conteneur-de-stockage-20-pieds-open-side\/#primaryimage"},"thumbnailUrl":"https:\/\/sagrinex.com\/wp-content\/uploads\/2026\/03\/Image-164-2.jpeg","datePublished":"2026-03-15T19:11:13+00:00","dateModified":"2026-04-15T21:12:17+00:00","description":"Unser 20-Fu\u00df-Lagercontainer mit offener Seite bietet eine sichere Lagerung f\u00fcr alle Arten von Waren. OPEN SIDE-Beh\u00e4lter erm\u00f6glichen dank ihrer vollst\u00e4ndigen \u00d6ffnung \u00fcber die gesamte L\u00e4nge einen vereinfachten Zugang zu den gelagerten G\u00fctern. Dieser Lagercontainer verf\u00fcgt \u00fcber eine 4-fl\u00fcgelige L\u00e4ngst\u00fcr mit Einbruchschutzsystem. Die Fl\u00fcgel an den Enden verf\u00fcgen \u00fcber einen Innengriff zum Entriegeln.","breadcrumb":{"@id":"https:\/\/sagrinex.com\/produit\/conteneur-de-stockage-20-pieds-open-side\/#breadcrumb"},"inLanguage":"de","potentialAction":[{"@type":"ReadAction","target":["https:\/\/sagrinex.com\/produit\/conteneur-de-stockage-20-pieds-open-side\/"]}]},{"@type":"ImageObject","inLanguage":"de","@id":"https:\/\/sagrinex.com\/produit\/conteneur-de-stockage-20-pieds-open-side\/#primaryimage","url":"https:\/\/sagrinex.com\/wp-content\/uploads\/2026\/03\/Image-164-2.jpeg","contentUrl":"https:\/\/sagrinex.com\/wp-content\/uploads\/2026\/03\/Image-164-2.jpeg","width":1211,"height":677},{"@type":"BreadcrumbList","@id":"https:\/\/sagrinex.com\/produit\/conteneur-de-stockage-20-pieds-open-side\/#breadcrumb","itemListElement":[{"@type":"ListItem","position":1,"name":"Accueil","item":"https:\/\/sagrinex.com\/?lang=de"},{"@type":"ListItem","position":2,"name":"Shop","item":"https:\/\/sagrinex.com\/shop\/"},{"@type":"ListItem","position":3,"name":"20-fu\u00df-aufbewahrungsbeh\u00e4lter mit Offener Seite"}]},{"@type":"WebSite","@id":"https:\/\/sagrinex.com\/#website","url":"https:\/\/sagrinex.com\/","name":"Sagrinex \u2013 Spezialist f\u00fcr Anh\u00e4nger, Container & Landtechnik","description":"Anhaenger, Container &amp; Landtechnik \u2014 Online-Verkauf &amp; kostenloses Angebot","publisher":{"@id":"https:\/\/sagrinex.com\/#organization"},"potentialAction":[{"@type":"SearchAction","target":{"@type":"EntryPoint","urlTemplate":"https:\/\/sagrinex.com\/?s={search_term_string}"},"query-input":{"@type":"PropertyValueSpecification","valueRequired":true,"valueName":"search_term_string"}}],"inLanguage":"de"},{"@type":"Organization","@id":"https:\/\/sagrinex.com\/#organization","name":"Sagrinex \u2013 Remorques, Conteneurs & Mat\u00e9riel Agricole","url":"https:\/\/sagrinex.com\/","logo":{"@type":"ImageObject","inLanguage":"de","@id":"https:\/\/sagrinex.com\/#\/schema\/logo\/image\/","url":"https:\/\/sagrinex.com\/wp-content\/uploads\/2026\/03\/7f1ac463-ef5a-425d-bdd6-a5da03a334a9-1024x683.png","contentUrl":"https:\/\/sagrinex.com\/wp-content\/uploads\/2026\/03\/7f1ac463-ef5a-425d-bdd6-a5da03a334a9-1024x683.png","width":1024,"height":683,"caption":"Sagrinex \u2013 Remorques, Conteneurs & Mat\u00e9riel Agricole"},"image":{"@id":"https:\/\/sagrinex.com\/#\/schema\/logo\/image\/"}}]}},"jetpack_sharing_enabled":true,"_links":{"self":[{"href":"https:\/\/sagrinex.com\/de\/wp-json\/wp\/v2\/product\/14270","targetHints":{"allow":["GET"]}}],"collection":[{"href":"https:\/\/sagrinex.com\/de\/wp-json\/wp\/v2\/product"}],"about":[{"href":"https:\/\/sagrinex.com\/de\/wp-json\/wp\/v2\/types\/product"}],"replies":[{"embeddable":true,"href":"https:\/\/sagrinex.com\/de\/wp-json\/wp\/v2\/comments?post=14270"}],"version-history":[{"count":0,"href":"https:\/\/sagrinex.com\/de\/wp-json\/wp\/v2\/product\/14270\/revisions"}],"wp:featuredmedia":[{"embeddable":true,"href":"https:\/\/sagrinex.com\/de\/wp-json\/wp\/v2\/media\/16225"}],"wp:attachment":[{"href":"https:\/\/sagrinex.com\/de\/wp-json\/wp\/v2\/media?parent=14270"}],"wp:term":[{"taxonomy":"product_brand","embeddable":true,"href":"https:\/\/sagrinex.com\/de\/wp-json\/wp\/v2\/product_brand?post=14270"},{"taxonomy":"product_cat","embeddable":true,"href":"https:\/\/sagrinex.com\/de\/wp-json\/wp\/v2\/product_cat?post=14270"},{"taxonomy":"product_tag","embeddable":true,"href":"https:\/\/sagrinex.com\/de\/wp-json\/wp\/v2\/product_tag?post=14270"}],"curies":[{"name":"wp","href":"https:\/\/api.w.org\/{rel}","templated":true}]}}