{"id":14273,"date":"2026-03-15T10:48:31","date_gmt":"2026-03-15T10:48:31","guid":{"rendered":"https:\/\/sagrinex.com\/produit\/lider-robust-granada-viehhaenger-gesamtgewicht-500-kg-1-achse-250-x-125-cm\/"},"modified":"2026-04-15T21:12:17","modified_gmt":"2026-04-15T21:12:17","slug":"lider-robust-granada-viehhaenger-gesamtgewicht-500-kg-1-achse-250-x-125-cm","status":"publish","type":"product","link":"https:\/\/sagrinex.com\/de\/produit\/lider-robust-granada-viehhaenger-gesamtgewicht-500-kg-1-achse-250-x-125-cm\/","title":{"rendered":"Lider Robust Granada Viehh\u00c4nger &#8211; Gesamtgewicht: 500 Kg &#8211; 1 Achse &#8211; 250 X 125 Cm"},"content":{"rendered":"<p>Dieser Viehanh\u00e4nger von Lider dient ausschlie\u00dflich dem Transport von Vieh oder Kleintieren (Schafe, Ziegen, Gefl\u00fcgel, Kaninchen usw.). Aber auch das hohe Gel\u00e4nder und der sch\u00f6ne Nutzraum des Aufbaus erm\u00f6glichen den Transport von Kleinwerkzeugen, Gr\u00fcnschnitt etc.<\/p>\n<p>Dank des serienm\u00e4\u00dfigen Br\u00fcckentr\u00e4gers und seines rutschfesten CP-Innenraums wird das Verladen von Nutztieren vereinfacht und ohne Risiko f\u00fcr das Tier.<\/p>\n<p>Auch das Schlie\u00dfen der Vordert\u00fcr ist sehr solide und praktisch. Es erm\u00f6glicht Ihnen und anderen einen vereinfachten Zugang zum Anbinden Ihres Viehs am inneren Zurrring.<\/p>\n<p>Der nutzbare Boxenraum erm\u00f6glicht den Transport von h\u00f6chstens zwei Tieren wie Schafen oder Ziegen.<\/p>\n<ul>\n<li>Anh\u00e4nger mit einem zul\u00e4ssigen Gesamtgewicht von 500 KG erfordern keine Erstellung eines Zulassungsdokuments<\/li>\n<li>Gel\u00e4nder und Rahmen bestehen aus feuerverzinktem Stahl und sind mit einem stabilen Innenverzurring ausgestattet.<\/li>\n<li>Gemacht, um schlechter Behandlung standzuhalten.<\/li>\n<li>Fl\u00fcssigkeitsableitungssystem am Boden durch serienm\u00e4\u00dfig installierten Abfluss.<\/li>\n<li>Planenbefestigungen sind standardm\u00e4\u00dfig im Lieferumfang enthalten<\/li>\n<li>Sehr guter Preis f\u00fcr professionelle Qualit\u00e4tsausr\u00fcstung.<\/li>\n<\/ul>\n<p>Alle unsere Lider-Gep\u00e4ckst\u00fccke werden in Frankreich zusammengebaut und strengen Tests und Versuchen unterzogen, um unseren Benutzern Qualit\u00e4t und eine zuverl\u00e4ssige und sichere Nutzung auf lange Sicht zu garantieren.<\/p>\n","protected":false},"excerpt":{"rendered":"<p>Dieser Viehanh\u00e4nger von Lider dient ausschlie\u00dflich dem Transport von Vieh oder Kleintieren (Schafe, Ziegen, Gefl\u00fcgel, Kaninchen usw.). Aber auch das hohe Gel\u00e4nder und der sch\u00f6ne Nutzraum des Aufbaus erm\u00f6glichen den Transport von Kleinwerkzeugen, Gr\u00fcnschnitt etc.<\/p>\n<div class=\"mod_fa_customizablefields_v14_list\">\n<div class=\"mod_fa_champspersonnalisables_v14_titre\"><strong>Zul\u00e4ssiges Gesamtgewicht: <\/strong><span class=\"mod_fa_champspersonnalisables_v14_value\">500\/600\/650\/750 kg<\/span><\/div>\n<\/div>\n<div class=\"mod_fa_customizablefields_v14_list\">\n<div class=\"mod_fa_champspersonnalisables_v14_titre\"><strong>Leermasse: <\/strong><span class=\"mod_fa_champspersonnalisables_v14_value\">265 kg<\/span><\/div>\n<\/div>\n<div class=\"mod_fa_customizablefields_v14_list\">\n<div class=\"mod_fa_champspersonnalisables_v14_titre\"><strong>Nutzlast: <\/strong><span class=\"mod_fa_champspersonnalisables_v14_value\">maximal 485 kg<\/span><\/div>\n<\/div>\n<div class=\"mod_fa_customizablefields_v14_list\">\n<div class=\"mod_fa_champspersonnalisables_v14_titre\"><strong>Gesamtabmessungen: <\/strong><span class=\"mod_fa_champspersonnalisables_v14_value\">326 x 173 x H140 cm<\/span><\/div>\n<\/div>\n<div class=\"mod_fa_customizablefields_v14_list\">\n<div class=\"mod_fa_champspersonnalisables_v14_titre\"><strong>Nutzh\u00f6he \/ Boden: <\/strong><span class=\"mod_fa_champspersonnalisables_v14_value\">48 cm<\/span><\/div>\n<\/div>\n<div class=\"mod_fa_customizablefields_v14_list\">\n<div class=\"mod_fa_champspersonnalisables_v14_titre\"><strong>Achswiderstand(e): <\/strong><span class=\"mod_fa_champspersonnalisables_v14_value\">750 kg<\/span><\/div>\n<\/div>\n<div class=\"mod_fa_customizablefields_v14_list\">\n<div class=\"mod_fa_champspersonnalisables_v14_title\"><strong>Boden: <\/strong><span class=\"mod_fa_champspersonnalisables_v14_value\">Anti-Rutsch-CP<\/span><\/div>\n<\/div>\n<div class=\"mod_fa_customizablefields_v14_list\">\n<div class=\"mod_fa_champspersonnalisables_v14_title\"><strong>Pfeil: <\/strong><span class=\"mod_fa_champspersonnalisables_v14_value\">Rechts feuerverzinkt<\/span><\/div>\n<\/div>\n<div class=\"mod_fa_customizablefields_v14_list\">\n<div class=\"mod_fa_champspersonnalisables_v14_titre\"><strong>Kopf gebremst: <\/strong><span class=\"mod_fa_champspersonnalisables_v14_value\">Nein<\/span><\/div>\n<\/div>\n<div class=\"mod_fa_customizablefields_v14_list\">\n<div class=\"mod_fa_champspersonnalisables_v14_titre\"><strong>Rahmentyp: <\/strong><span class=\"mod_fa_champspersonnalisables_v14_value\">Feuerverzinkt<\/span><\/div>\n<\/div>\n<div class=\"mod_fa_customizablefields_v14_list\">\n<div class=\"mod_fa_champspersonnalisables_v14_title\"><strong>R\u00e4der: <\/strong><span class=\"mod_fa_champspersonnalisables_v14_valeur\">155\/70R13<\/span><\/div>\n<\/div>\n<div class=\"mod_fa_customizablefields_v14_list\">\n<div class=\"mod_fa_champspersonnalisables_v14_titre\"><strong>Ausstattung: <\/strong><span class=\"mod_fa_champspersonnalisables_v14_valeur\">1 vorderer Stabilisierungsst\u00e4nder \/ 1 Br\u00fccke \/ rechts oder links \u00f6ffnende T\u00fcr \/ 1 vordere Zugangst\u00fcr \/ Einbauleuchten \/ vordere Umrissleuchten<\/span><\/div>\n<\/div>\n","protected":false},"featured_media":16090,"comment_status":"open","ping_status":"closed","template":"","meta":[],"product_brand":[],"product_cat":[352,355],"product_tag":[],"class_list":{"0":"post-14273","1":"product","2":"type-product","3":"status-publish","4":"has-post-thumbnail","6":"product_cat-unsere-trailer","7":"product_cat-viehanhaenger","9":"first","10":"instock","11":"shipping-taxable","12":"purchasable","13":"product-type-simple"},"yoast_head":"<!-- This site is optimized with the Yoast SEO plugin v27.4 - https:\/\/yoast.com\/product\/yoast-seo-wordpress\/ -->\n<title>LIDER ROBUST GRANADA VIEHH\u00c4NGER - Gesamtgewicht: 500 KG - 1 ACHSE - 250 X 125 CM<\/title>\n<meta name=\"description\" content=\"Dieser Viehanh\u00e4nger von Lider dient ausschlie\u00dflich dem Transport von Vieh oder Kleintieren (Schafe, Ziegen, Gefl\u00fcgel, Kaninchen usw.). Aber auch das hohe Gel\u00e4nder und der sch\u00f6ne Nutzraum des Aufbaus erm\u00f6glichen den Transport von Kleinwerkzeugen, Gr\u00fcnschnitt etc.\" \/>\n<meta name=\"robots\" content=\"index, follow, max-snippet:-1, max-image-preview:large, max-video-preview:-1\" \/>\n<link rel=\"canonical\" href=\"https:\/\/sagrinex.com\/produit\/remorque-betaillere-lider-robust-granada-ptac-500-kg-1-essieu-250-x-125-cm\/\" \/>\n<meta property=\"og:locale\" content=\"de_DE\" \/>\n<meta property=\"og:type\" content=\"article\" \/>\n<meta property=\"og:title\" content=\"LIDER ROBUST GRANADA VIEHH\u00c4NGER - Gesamtgewicht: 500 KG - 1 ACHSE - 250 X 125 CM\" \/>\n<meta property=\"og:description\" content=\"Dieser Viehanh\u00e4nger von Lider dient ausschlie\u00dflich dem Transport von Vieh oder Kleintieren (Schafe, Ziegen, Gefl\u00fcgel, Kaninchen usw.). Aber auch das hohe Gel\u00e4nder und der sch\u00f6ne Nutzraum des Aufbaus erm\u00f6glichen den Transport von Kleinwerkzeugen, Gr\u00fcnschnitt etc.\" \/>\n<meta property=\"og:url\" content=\"https:\/\/sagrinex.com\/produit\/remorque-betaillere-lider-robust-granada-ptac-500-kg-1-essieu-250-x-125-cm\/\" \/>\n<meta property=\"og:site_name\" content=\"Sagrinex \u2013 Anhaenger, Container &amp; Landtechnik \ud83c\udf3e\ud83d\ude9c\" \/>\n<meta property=\"article:modified_time\" content=\"2026-04-15T21:12:17+00:00\" \/>\n<meta property=\"og:image\" content=\"https:\/\/sagrinex.com\/wp-content\/uploads\/2026\/03\/Image-15-3.jpeg\" \/>\n\t<meta property=\"og:image:width\" content=\"1000\" \/>\n\t<meta property=\"og:image:height\" content=\"652\" \/>\n\t<meta property=\"og:image:type\" content=\"image\/jpeg\" \/>\n<meta name=\"twitter:card\" content=\"summary_large_image\" \/>\n<meta name=\"twitter:label1\" content=\"Gesch\u00e4tzte Lesezeit\" \/>\n\t<meta name=\"twitter:data1\" content=\"1\u00a0Minute\" \/>\n<script type=\"application\/ld+json\" class=\"yoast-schema-graph\">{\"@context\":\"https:\\\/\\\/schema.org\",\"@graph\":[{\"@type\":\"WebPage\",\"@id\":\"https:\\\/\\\/sagrinex.com\\\/produit\\\/remorque-betaillere-lider-robust-granada-ptac-500-kg-1-essieu-250-x-125-cm\\\/\",\"url\":\"https:\\\/\\\/sagrinex.com\\\/produit\\\/remorque-betaillere-lider-robust-granada-ptac-500-kg-1-essieu-250-x-125-cm\\\/\",\"name\":\"LIDER ROBUST GRANADA VIEHH\u00c4NGER - Gesamtgewicht: 500 KG - 1 ACHSE - 250 X 125 CM\",\"isPartOf\":{\"@id\":\"https:\\\/\\\/sagrinex.com\\\/#website\"},\"primaryImageOfPage\":{\"@id\":\"https:\\\/\\\/sagrinex.com\\\/produit\\\/remorque-betaillere-lider-robust-granada-ptac-500-kg-1-essieu-250-x-125-cm\\\/#primaryimage\"},\"image\":{\"@id\":\"https:\\\/\\\/sagrinex.com\\\/produit\\\/remorque-betaillere-lider-robust-granada-ptac-500-kg-1-essieu-250-x-125-cm\\\/#primaryimage\"},\"thumbnailUrl\":\"https:\\\/\\\/sagrinex.com\\\/wp-content\\\/uploads\\\/2026\\\/03\\\/Image-15-3.jpeg\",\"datePublished\":\"2026-03-15T10:48:31+00:00\",\"dateModified\":\"2026-04-15T21:12:17+00:00\",\"description\":\"Dieser Viehanh\u00e4nger von Lider dient ausschlie\u00dflich dem Transport von Vieh oder Kleintieren (Schafe, Ziegen, Gefl\u00fcgel, Kaninchen usw.). Aber auch das hohe Gel\u00e4nder und der sch\u00f6ne Nutzraum des Aufbaus erm\u00f6glichen den Transport von Kleinwerkzeugen, Gr\u00fcnschnitt etc.\",\"breadcrumb\":{\"@id\":\"https:\\\/\\\/sagrinex.com\\\/produit\\\/remorque-betaillere-lider-robust-granada-ptac-500-kg-1-essieu-250-x-125-cm\\\/#breadcrumb\"},\"inLanguage\":\"de\",\"potentialAction\":[{\"@type\":\"ReadAction\",\"target\":[\"https:\\\/\\\/sagrinex.com\\\/produit\\\/remorque-betaillere-lider-robust-granada-ptac-500-kg-1-essieu-250-x-125-cm\\\/\"]}]},{\"@type\":\"ImageObject\",\"inLanguage\":\"de\",\"@id\":\"https:\\\/\\\/sagrinex.com\\\/produit\\\/remorque-betaillere-lider-robust-granada-ptac-500-kg-1-essieu-250-x-125-cm\\\/#primaryimage\",\"url\":\"https:\\\/\\\/sagrinex.com\\\/wp-content\\\/uploads\\\/2026\\\/03\\\/Image-15-3.jpeg\",\"contentUrl\":\"https:\\\/\\\/sagrinex.com\\\/wp-content\\\/uploads\\\/2026\\\/03\\\/Image-15-3.jpeg\",\"width\":1000,\"height\":652},{\"@type\":\"BreadcrumbList\",\"@id\":\"https:\\\/\\\/sagrinex.com\\\/produit\\\/remorque-betaillere-lider-robust-granada-ptac-500-kg-1-essieu-250-x-125-cm\\\/#breadcrumb\",\"itemListElement\":[{\"@type\":\"ListItem\",\"position\":1,\"name\":\"Accueil\",\"item\":\"https:\\\/\\\/sagrinex.com\\\/?lang=de\"},{\"@type\":\"ListItem\",\"position\":2,\"name\":\"Shop\",\"item\":\"https:\\\/\\\/sagrinex.com\\\/shop\\\/\"},{\"@type\":\"ListItem\",\"position\":3,\"name\":\"Lider Robust Granada Viehh\u00c4nger &#8211; Gesamtgewicht: 500 Kg &#8211; 1 Achse &#8211; 250 X 125 Cm\"}]},{\"@type\":\"WebSite\",\"@id\":\"https:\\\/\\\/sagrinex.com\\\/#website\",\"url\":\"https:\\\/\\\/sagrinex.com\\\/\",\"name\":\"Sagrinex \u2013 Spezialist f\u00fcr Anh\u00e4nger, Container & Landtechnik\",\"description\":\"Anhaenger, Container &amp; Landtechnik \u2014 Online-Verkauf &amp; kostenloses Angebot\",\"publisher\":{\"@id\":\"https:\\\/\\\/sagrinex.com\\\/#organization\"},\"potentialAction\":[{\"@type\":\"SearchAction\",\"target\":{\"@type\":\"EntryPoint\",\"urlTemplate\":\"https:\\\/\\\/sagrinex.com\\\/?s={search_term_string}\"},\"query-input\":{\"@type\":\"PropertyValueSpecification\",\"valueRequired\":true,\"valueName\":\"search_term_string\"}}],\"inLanguage\":\"de\"},{\"@type\":\"Organization\",\"@id\":\"https:\\\/\\\/sagrinex.com\\\/#organization\",\"name\":\"Sagrinex \u2013 Remorques, Conteneurs & Mat\u00e9riel Agricole\",\"url\":\"https:\\\/\\\/sagrinex.com\\\/\",\"logo\":{\"@type\":\"ImageObject\",\"inLanguage\":\"de\",\"@id\":\"https:\\\/\\\/sagrinex.com\\\/#\\\/schema\\\/logo\\\/image\\\/\",\"url\":\"https:\\\/\\\/sagrinex.com\\\/wp-content\\\/uploads\\\/2026\\\/03\\\/7f1ac463-ef5a-425d-bdd6-a5da03a334a9-1024x683.png\",\"contentUrl\":\"https:\\\/\\\/sagrinex.com\\\/wp-content\\\/uploads\\\/2026\\\/03\\\/7f1ac463-ef5a-425d-bdd6-a5da03a334a9-1024x683.png\",\"width\":1024,\"height\":683,\"caption\":\"Sagrinex \u2013 Remorques, Conteneurs & Mat\u00e9riel Agricole\"},\"image\":{\"@id\":\"https:\\\/\\\/sagrinex.com\\\/#\\\/schema\\\/logo\\\/image\\\/\"}}]}<\/script>\n<!-- \/ Yoast SEO plugin. -->","yoast_head_json":{"title":"LIDER ROBUST GRANADA VIEHH\u00c4NGER - Gesamtgewicht: 500 KG - 1 ACHSE - 250 X 125 CM","description":"Dieser Viehanh\u00e4nger von Lider dient ausschlie\u00dflich dem Transport von Vieh oder Kleintieren (Schafe, Ziegen, Gefl\u00fcgel, Kaninchen usw.). Aber auch das hohe Gel\u00e4nder und der sch\u00f6ne Nutzraum des Aufbaus erm\u00f6glichen den Transport von Kleinwerkzeugen, Gr\u00fcnschnitt etc.","robots":{"index":"index","follow":"follow","max-snippet":"max-snippet:-1","max-image-preview":"max-image-preview:large","max-video-preview":"max-video-preview:-1"},"canonical":"https:\/\/sagrinex.com\/produit\/remorque-betaillere-lider-robust-granada-ptac-500-kg-1-essieu-250-x-125-cm\/","og_locale":"de_DE","og_type":"article","og_title":"LIDER ROBUST GRANADA VIEHH\u00c4NGER - Gesamtgewicht: 500 KG - 1 ACHSE - 250 X 125 CM","og_description":"Dieser Viehanh\u00e4nger von Lider dient ausschlie\u00dflich dem Transport von Vieh oder Kleintieren (Schafe, Ziegen, Gefl\u00fcgel, Kaninchen usw.). Aber auch das hohe Gel\u00e4nder und der sch\u00f6ne Nutzraum des Aufbaus erm\u00f6glichen den Transport von Kleinwerkzeugen, Gr\u00fcnschnitt etc.","og_url":"https:\/\/sagrinex.com\/produit\/remorque-betaillere-lider-robust-granada-ptac-500-kg-1-essieu-250-x-125-cm\/","og_site_name":"Sagrinex \u2013 Anhaenger, Container &amp; Landtechnik \ud83c\udf3e\ud83d\ude9c","article_modified_time":"2026-04-15T21:12:17+00:00","og_image":[{"width":1000,"height":652,"url":"https:\/\/sagrinex.com\/wp-content\/uploads\/2026\/03\/Image-15-3.jpeg","type":"image\/jpeg"}],"twitter_card":"summary_large_image","twitter_misc":{"Gesch\u00e4tzte Lesezeit":"1\u00a0Minute"},"schema":{"@context":"https:\/\/schema.org","@graph":[{"@type":"WebPage","@id":"https:\/\/sagrinex.com\/produit\/remorque-betaillere-lider-robust-granada-ptac-500-kg-1-essieu-250-x-125-cm\/","url":"https:\/\/sagrinex.com\/produit\/remorque-betaillere-lider-robust-granada-ptac-500-kg-1-essieu-250-x-125-cm\/","name":"LIDER ROBUST GRANADA VIEHH\u00c4NGER - Gesamtgewicht: 500 KG - 1 ACHSE - 250 X 125 CM","isPartOf":{"@id":"https:\/\/sagrinex.com\/#website"},"primaryImageOfPage":{"@id":"https:\/\/sagrinex.com\/produit\/remorque-betaillere-lider-robust-granada-ptac-500-kg-1-essieu-250-x-125-cm\/#primaryimage"},"image":{"@id":"https:\/\/sagrinex.com\/produit\/remorque-betaillere-lider-robust-granada-ptac-500-kg-1-essieu-250-x-125-cm\/#primaryimage"},"thumbnailUrl":"https:\/\/sagrinex.com\/wp-content\/uploads\/2026\/03\/Image-15-3.jpeg","datePublished":"2026-03-15T10:48:31+00:00","dateModified":"2026-04-15T21:12:17+00:00","description":"Dieser Viehanh\u00e4nger von Lider dient ausschlie\u00dflich dem Transport von Vieh oder Kleintieren (Schafe, Ziegen, Gefl\u00fcgel, Kaninchen usw.). Aber auch das hohe Gel\u00e4nder und der sch\u00f6ne Nutzraum des Aufbaus erm\u00f6glichen den Transport von Kleinwerkzeugen, Gr\u00fcnschnitt etc.","breadcrumb":{"@id":"https:\/\/sagrinex.com\/produit\/remorque-betaillere-lider-robust-granada-ptac-500-kg-1-essieu-250-x-125-cm\/#breadcrumb"},"inLanguage":"de","potentialAction":[{"@type":"ReadAction","target":["https:\/\/sagrinex.com\/produit\/remorque-betaillere-lider-robust-granada-ptac-500-kg-1-essieu-250-x-125-cm\/"]}]},{"@type":"ImageObject","inLanguage":"de","@id":"https:\/\/sagrinex.com\/produit\/remorque-betaillere-lider-robust-granada-ptac-500-kg-1-essieu-250-x-125-cm\/#primaryimage","url":"https:\/\/sagrinex.com\/wp-content\/uploads\/2026\/03\/Image-15-3.jpeg","contentUrl":"https:\/\/sagrinex.com\/wp-content\/uploads\/2026\/03\/Image-15-3.jpeg","width":1000,"height":652},{"@type":"BreadcrumbList","@id":"https:\/\/sagrinex.com\/produit\/remorque-betaillere-lider-robust-granada-ptac-500-kg-1-essieu-250-x-125-cm\/#breadcrumb","itemListElement":[{"@type":"ListItem","position":1,"name":"Accueil","item":"https:\/\/sagrinex.com\/?lang=de"},{"@type":"ListItem","position":2,"name":"Shop","item":"https:\/\/sagrinex.com\/shop\/"},{"@type":"ListItem","position":3,"name":"Lider Robust Granada Viehh\u00c4nger &#8211; Gesamtgewicht: 500 Kg &#8211; 1 Achse &#8211; 250 X 125 Cm"}]},{"@type":"WebSite","@id":"https:\/\/sagrinex.com\/#website","url":"https:\/\/sagrinex.com\/","name":"Sagrinex \u2013 Spezialist f\u00fcr Anh\u00e4nger, Container & Landtechnik","description":"Anhaenger, Container &amp; Landtechnik \u2014 Online-Verkauf &amp; kostenloses Angebot","publisher":{"@id":"https:\/\/sagrinex.com\/#organization"},"potentialAction":[{"@type":"SearchAction","target":{"@type":"EntryPoint","urlTemplate":"https:\/\/sagrinex.com\/?s={search_term_string}"},"query-input":{"@type":"PropertyValueSpecification","valueRequired":true,"valueName":"search_term_string"}}],"inLanguage":"de"},{"@type":"Organization","@id":"https:\/\/sagrinex.com\/#organization","name":"Sagrinex \u2013 Remorques, Conteneurs & Mat\u00e9riel Agricole","url":"https:\/\/sagrinex.com\/","logo":{"@type":"ImageObject","inLanguage":"de","@id":"https:\/\/sagrinex.com\/#\/schema\/logo\/image\/","url":"https:\/\/sagrinex.com\/wp-content\/uploads\/2026\/03\/7f1ac463-ef5a-425d-bdd6-a5da03a334a9-1024x683.png","contentUrl":"https:\/\/sagrinex.com\/wp-content\/uploads\/2026\/03\/7f1ac463-ef5a-425d-bdd6-a5da03a334a9-1024x683.png","width":1024,"height":683,"caption":"Sagrinex \u2013 Remorques, Conteneurs & Mat\u00e9riel Agricole"},"image":{"@id":"https:\/\/sagrinex.com\/#\/schema\/logo\/image\/"}}]}},"jetpack_sharing_enabled":true,"_links":{"self":[{"href":"https:\/\/sagrinex.com\/de\/wp-json\/wp\/v2\/product\/14273","targetHints":{"allow":["GET"]}}],"collection":[{"href":"https:\/\/sagrinex.com\/de\/wp-json\/wp\/v2\/product"}],"about":[{"href":"https:\/\/sagrinex.com\/de\/wp-json\/wp\/v2\/types\/product"}],"replies":[{"embeddable":true,"href":"https:\/\/sagrinex.com\/de\/wp-json\/wp\/v2\/comments?post=14273"}],"version-history":[{"count":0,"href":"https:\/\/sagrinex.com\/de\/wp-json\/wp\/v2\/product\/14273\/revisions"}],"wp:featuredmedia":[{"embeddable":true,"href":"https:\/\/sagrinex.com\/de\/wp-json\/wp\/v2\/media\/16090"}],"wp:attachment":[{"href":"https:\/\/sagrinex.com\/de\/wp-json\/wp\/v2\/media?parent=14273"}],"wp:term":[{"taxonomy":"product_brand","embeddable":true,"href":"https:\/\/sagrinex.com\/de\/wp-json\/wp\/v2\/product_brand?post=14273"},{"taxonomy":"product_cat","embeddable":true,"href":"https:\/\/sagrinex.com\/de\/wp-json\/wp\/v2\/product_cat?post=14273"},{"taxonomy":"product_tag","embeddable":true,"href":"https:\/\/sagrinex.com\/de\/wp-json\/wp\/v2\/product_tag?post=14273"}],"curies":[{"name":"wp","href":"https:\/\/api.w.org\/{rel}","templated":true}]}}