{"id":14275,"date":"2026-03-15T19:18:56","date_gmt":"2026-03-15T19:18:56","guid":{"rendered":"https:\/\/sagrinex.com\/produit\/neuer-20-fuss-aufbewahrungsbehaelter-mit-offener-seite\/"},"modified":"2026-04-15T21:12:17","modified_gmt":"2026-04-15T21:12:17","slug":"neuer-20-fuss-aufbewahrungsbehaelter-mit-offener-seite","status":"publish","type":"product","link":"https:\/\/sagrinex.com\/de\/produit\/neuer-20-fuss-aufbewahrungsbehaelter-mit-offener-seite\/","title":{"rendered":"Neuer 20-fu\u00df-aufbewahrungsbeh\u00e4lter mit Offener Seite"},"content":{"rendered":"<p data-start=\"136\" data-end=\"517\">Der <strong data-start=\"139\" data-end=\"183\">20-Fu\u00df-Open-Side-Lagercontainer<\/strong> ist eine High-End-Lagerl\u00f6sung, ideal f\u00fcr Profis und Privatpersonen, die einen zuverl\u00e4ssigen, sicheren und leicht zug\u00e4nglichen Raum suchen. Im Gegensatz zu gebrauchten Schiffscontainern ist dieses Modell <strong data-start=\"417\" data-end=\"437\">v\u00f6llig neu<\/strong> und wird im Werk mit robusten Materialien und einer tadellosen Verarbeitung hergestellt.<\/p>\n<h3 data-start=\"519\" data-end=\"578\"><strong data-start=\"523\" data-end=\"576\">Vollst\u00e4ndiger seitlicher Zugriff \u2013 un\u00fcbertroffene Flexibilit\u00e4t<\/strong><\/h3>\n<p data-start=\"579\" data-end=\"991\">Sein Hauptvorteil liegt in seinen <strong data-start=\"618\" data-end=\"670\">vier \u00fcber die gesamte L\u00e4nge verteilten Fl\u00fcgelt\u00fcren<\/strong>, die eine vollst\u00e4ndige seitliche \u00d6ffnung erm\u00f6glichen. Dieses Design erm\u00f6glicht ein \u00e4u\u00dferst einfaches Be- und Entladen, da die Elemente <strong data-start=\"824\" data-end=\"853\">nebeneinander<\/strong> statt hintereinander angeordnet werden k\u00f6nnen.<br data-start=\"893\" data-end=\"896\" \/>Sie haben sofortigen Zugriff auf Ihre gesamte Ausr\u00fcstung, auch wenn sie unten platziert ist, ohne unn\u00f6tige Bewegungen.<\/p>\n<h3 data-start=\"993\" data-end=\"1031\"><strong data-start=\"997\" data-end=\"1029\">Robuste und langlebige Struktur<\/strong><\/h3>\n<p data-start=\"1032\" data-end=\"1374\">Der Rahmen besteht aus <strong data-start=\"1061\" data-end=\"1088\">3 mm Stahlprofilen<\/strong>, die vollst\u00e4ndig verschwei\u00dft sind, um eine sehr hohe mechanische Festigkeit zu gew\u00e4hrleisten. Die W\u00e4nde und die Decke bestehen aus <strong data-start=\"1202\" data-end=\"1242\">gewalztem Stahlblech, lackiert in RAL 9010<\/strong>, mit einer Dicke von <strong data-start=\"1263\" data-end=\"1273\">1,5 mm<\/strong>, was eine gute Steifigkeit gew\u00e4hrleistet und gleichzeitig eine hervorragende Best\u00e4ndigkeit gegen Korrosion und Witterungseinfl\u00fcsse bietet.<\/p>\n<p data-start=\"1376\" data-end=\"1564\">Der Boden, ein wesentliches Element zum Tragen schwerer Lasten, besteht aus <strong data-start=\"1458\" data-end=\"1494\">Anti-Feuchtigkeits-behandeltem Massivholz<\/strong> mit einer <strong data-start=\"1498\" data-end=\"1519\">25 mm Dicke<\/strong> und kann bis zu <strong data-start=\"1550\" tragen. data-end=\"1563\">700 kg\/m\u00b2<\/strong>.<\/p>\n<h3 data-start=\"1566\" data-end=\"1594\"><strong data-start=\"1570\" data-end=\"1592\">Erh\u00f6hte Sicherheit<\/strong><\/h3>\n<p data-start=\"1595\" data-end=\"1852\">Die 4 Fl\u00fcgel sind mit <strong data-start=\"1626\" data-end=\"1653\">schwarzen Gummidichtungen<\/strong> ausgestattet, die Luft- und Wasserdichtheit gew\u00e4hrleisten.<br data-start=\"1700\" data-end=\"1703\" \/>Ein <strong data-start=\"1706\" data-end=\"1742\">Jalousieschutz f\u00fcr Das Vorh\u00e4ngeschloss sichert das Ganze und verhindert so jeden direkten Einbruchsversuch an der Schlie\u00dfvorrichtung.<\/p>\n<h3 data-start=\"1854\" data-end=\"1885\"><strong data-start=\"1858\" data-end=\"1883\">Einfache Handhabung<\/strong><\/h3>\n<p data-start=\"1886\" data-end=\"1966\">Dieser Container ist f\u00fcr den schnellen und sicheren Transport konzipiert und umfasst:<\/p>\n<ul data-start=\"1967\" data-end=\"2163\">\n<li data-start=\"1967\" data-end=\"2028\">\n<p data-start=\"1969\" data-end=\"2028\"><strong data-start=\"1969\" data-end=\"1992\">4 Dachsockel<\/strong> zum Heben per Kran oder Schlingen,<\/p>\n<\/li>\n<li data-start=\"2029\" data-end=\"2163\">\n<p data-start=\"2031\" data-end=\"2163\">ein <strong data-start=\"2034\" data-end=\"2057\">Gabeldurchgang<\/strong> im Boden, Achsabstand 90 cm, kompatibel mit Gabelstaplern mit langen Gabeln (250 cm).<\/p>\n<\/li>\n<\/ul>\n<p data-start=\"2165\" data-end=\"2304\">Diese doppelte M\u00f6glichkeit erm\u00f6glicht eine einfache Installation vor Ort, in einem Depot, auf landwirtschaftlichen Fl\u00e4chen oder sogar in einem Privathaus.<\/p>\n<h3 data-start=\"2306\" data-end=\"2343\"><strong data-start=\"2310\" data-end=\"2341\">Gro\u00dfe Speicherkapazit\u00e4t<\/strong><\/h3>\n<p data-start=\"2344\" data-end=\"2539\">Mit seinen gro\u00dfz\u00fcgigen Innenma\u00dfen (230,80 \u00d7 585,80 \u00d7 236,10 cm) bietet dieser Container ein <strong data-start=\"2440\" data-end=\"2465\">Nutzvolumen von 31 m\u00b3<\/strong> und eine <strong data-start=\"2473\" data-end=\"2507\">zul\u00e4ssige Zuladung von 11.000 kg<\/strong>, wodurch Sie Folgendes lagern k\u00f6nnen:<\/p>\n<ul data-start=\"2540\" data-end=\"2654\">\n<li data-start=\"2540\" data-end=\"2560\">\n<p data-start=\"2542\" data-end=\"2560\">Baumaschinen,<\/p>\n<\/li>\n<li data-start=\"2561\" data-end=\"2578\">\n<p data-start=\"2563\" data-end=\"2578\">Paletten,<\/p>\n<\/li>\n<li data-start=\"2579\" data-end=\"2607\">\n<p data-start=\"2581\" data-end=\"2607\">sensible Materialien<\/p>\n<\/li>\n<li data-start=\"2608\" data-end=\"2624\">\n<p data-start=\"2610\" data-end=\"2624\">M\u00f6bel<\/p>\n<\/li>\n<li data-start=\"2625\" data-end=\"2654\">\n<p data-start=\"2627\" data-end=\"2654\">sperrige Ausr\u00fcstung.<\/p>\n<\/li>\n<\/ul>\n<h3 data-start=\"2656\" data-end=\"2710\"><strong data-start=\"2660\" data-end=\"2708\">Vielseitig \u2013 mehr als nur Speicher<\/strong><\/h3>\n<p data-start=\"2711\" data-end=\"2800\">Viele Kunden nutzen es auch f\u00fcr kreative oder professionelle Projekte:<\/p>\n<ul data-start=\"2801\" data-end=\"2957\">\n<li data-start=\"2801\" data-end=\"2834\">\n<p data-start=\"2803\" data-end=\"2834\">Bars oder Au\u00dfenk\u00fcchen,<\/p>\n<\/li>\n<li data-start=\"2835\" data-end=\"2861\">\n<p data-start=\"2837\" data-end=\"2861\">tempor\u00e4re Ausstellungsr\u00e4ume<\/p>\n<\/li>\n<li data-start=\"2862\" data-end=\"2886\">\n<p data-start=\"2864\" data-end=\"2886\">Messest\u00e4nde,<\/p>\n<\/li>\n<li data-start=\"2887\" data-end=\"2902\">\n<p data-start=\"2889\" data-end=\"2902\">Poolh\u00e4user,<\/p>\n<\/li>\n<li data-start=\"2903\" data-end=\"2923\">\n<p data-start=\"2905\" data-end=\"2923\">geschlossene Workshops,<\/p>\n<\/li>\n<li data-start=\"2924\" data-end=\"2957\">\n<p data-start=\"2926\" data-end=\"2957\">modulare Baustellenr\u00e4ume.<\/p>\n<\/li>\n<\/ul>\n<h3 data-start=\"2959\" data-end=\"2995\"><strong data-start=\"2963\" data-end=\"2993\">Personalisierung und Optionen<\/strong><\/h3>\n<p data-start=\"2996\" data-end=\"3068\">Um alle Anforderungen zu erf\u00fcllen, stehen mehrere Optionen zur Verf\u00fcgung:<\/p>\n<ul data-start=\"3069\" data-end=\"3242\">\n<li data-start=\"3069\" data-end=\"3149\">\n<p data-start=\"3071\" data-end=\"3149\">komplette Elektroinstallation (Schalter, LED-Neonlichter, Steckdosen, Panel),<\/p>\n<\/li>\n<li data-start=\"3150\" data-end=\"3169\">\n<p data-start=\"3152\" data-end=\"3169\">Stahlboden,<\/p>\n<\/li>\n<li data-start=\"3170\" data-end=\"3210\">\n<p data-start=\"3172\" data-end=\"3210\">Farbauswahl nach RAL-Farbkarte,<\/p>\n<\/li>\n<li data-start=\"3211\" data-end=\"3242\">\n<p data-start=\"3213\" data-end=\"3242\">verst\u00e4rktes Sicherheitsvorh\u00e4ngeschloss.<\/p>\n<\/li>\n<\/ul>\n","protected":false},"excerpt":{"rendered":"<p data-start=\"96\" data-end=\"452\">Unser 20-Fu\u00df-Lagercontainer <em data-start=\"133\" data-end=\"144\">Open Side<\/em> ist ein <strong data-start=\"159\" data-end=\"167\">neues<\/strong> Modul, robust und perfekt geeignet f\u00fcr Baustellen, Depots, Lagerh\u00e4user, landwirtschaftliche Betriebe oder den h\u00e4uslichen Gebrauch.<br data-start=\"280\" data-end=\"283\" \/>Sein Hauptvorteil: <strong data-start=\"308\" data-end=\"352\">4 Seitent\u00fcren \u00fcber die gesamte L\u00e4nge<\/strong>, die vollst\u00e4ndigen Zugang erm\u00f6glichen und das Be- und Entladen von Waren erheblich erleichtern.<\/p>\n<p data-start=\"454\" data-end=\"747\">Konstruiert aus <strong data-start=\"467\" data-end=\"487\">geschwei\u00dftem 3-mm-Stahl<\/strong>, mit 1,5-mm-Laminatblechw\u00e4nden und einem <strong data-start=\"534\" data-end=\"588\">25-mm-Massivholzboden mit feuchtigkeitsabweisender Behandlung<\/strong> garantiert es Stabilit\u00e4t und Langlebigkeit.<br data-start=\"624\" data-end=\"627\" \/>Mit Kran oder Gabelstapler (90-cm-Gabeln) handhabbar, au\u00dferdem verf\u00fcgt es \u00fcber einen <strong data-start=\"710\" data-end=\"746\">Schutzverschluss f\u00fcr Vorh\u00e4ngeschloss<\/strong>.<\/p>\n<p data-start=\"749\" data-end=\"881\">Ideal f\u00fcr die Lagerung, kann je nach Bedarf auch in eine <strong data-start=\"806\" data-end=\"862\">Bar, K\u00fcche, Ausstellungsraum, Stand oder Poolhaus im Freien<\/strong> umgewandelt werden.<\/p>\n","protected":false},"featured_media":16236,"comment_status":"open","ping_status":"closed","template":"","meta":[],"product_brand":[],"product_cat":[350,347],"product_tag":[],"class_list":{"0":"post-14275","1":"product","2":"type-product","3":"status-publish","4":"has-post-thumbnail","6":"product_cat-spezifischer-speicher","7":"product_cat-unsere-container","9":"first","10":"instock","11":"sale","12":"shipping-taxable","13":"purchasable","14":"product-type-simple"},"yoast_head":"<!-- This site is optimized with the Yoast SEO plugin v27.4 - https:\/\/yoast.com\/product\/yoast-seo-wordpress\/ -->\n<title>Neuer 20-Fu\u00df-Aufbewahrungsbeh\u00e4lter mit offener Seite<\/title>\n<meta name=\"description\" content=\"Unser 20-Fu\u00df-Open-Side-Lagercontainer ist ein neues, robustes Modul, das sich perfekt f\u00fcr Baustellen, Depots, Lagerh\u00e4user, Bauernh\u00f6fe oder den privaten Gebrauch eignet. Sein Hauptvorteil: 4 Seitent\u00fcren \u00fcber die gesamte L\u00e4nge, die einen vollst\u00e4ndigen Zugang erm\u00f6glichen und das Be- und Entladen der Waren erheblich erleichtern. Die Konstruktion aus geschwei\u00dftem 3-mm-Stahl, mit 1,5-mm-Laminatblechw\u00e4nden und einem 25-mm-Massivholzboden mit Anti-Feuchtigkeits-Behandlung garantiert Stabilit\u00e4t und Langlebigkeit. Kann mit einem Kran oder einem Gabelstapler (90-cm-Gabeln) bewegt werden und verf\u00fcgt au\u00dferdem \u00fcber eine Schutzklappe f\u00fcr ein Vorh\u00e4ngeschloss. Es eignet sich ideal zur Aufbewahrung und kann je nach Bedarf auch in eine Bar, eine K\u00fcche, einen Ausstellungsraum, einen Stand oder ein Poolhaus im Freien umgewandelt werden.\" \/>\n<meta name=\"robots\" content=\"index, follow, max-snippet:-1, max-image-preview:large, max-video-preview:-1\" \/>\n<link rel=\"canonical\" href=\"https:\/\/sagrinex.com\/produit\/container-de-stockage-neuf-20-pieds-open-side\/\" \/>\n<meta property=\"og:locale\" content=\"de_DE\" \/>\n<meta property=\"og:type\" content=\"article\" \/>\n<meta property=\"og:title\" content=\"Neuer 20-Fu\u00df-Aufbewahrungsbeh\u00e4lter mit offener Seite\" \/>\n<meta property=\"og:description\" content=\"Unser 20-Fu\u00df-Open-Side-Lagercontainer ist ein neues, robustes Modul, das sich perfekt f\u00fcr Baustellen, Depots, Lagerh\u00e4user, Bauernh\u00f6fe oder den privaten Gebrauch eignet. Sein Hauptvorteil: 4 Seitent\u00fcren \u00fcber die gesamte L\u00e4nge, die einen vollst\u00e4ndigen Zugang erm\u00f6glichen und das Be- und Entladen der Waren erheblich erleichtern. Die Konstruktion aus geschwei\u00dftem 3-mm-Stahl, mit 1,5-mm-Laminatblechw\u00e4nden und einem 25-mm-Massivholzboden mit Anti-Feuchtigkeits-Behandlung garantiert Stabilit\u00e4t und Langlebigkeit. Kann mit einem Kran oder einem Gabelstapler (90-cm-Gabeln) bewegt werden und verf\u00fcgt au\u00dferdem \u00fcber eine Schutzklappe f\u00fcr ein Vorh\u00e4ngeschloss. Es eignet sich ideal zur Aufbewahrung und kann je nach Bedarf auch in eine Bar, eine K\u00fcche, einen Ausstellungsraum, einen Stand oder ein Poolhaus im Freien umgewandelt werden.\" \/>\n<meta property=\"og:url\" content=\"https:\/\/sagrinex.com\/produit\/container-de-stockage-neuf-20-pieds-open-side\/\" \/>\n<meta property=\"og:site_name\" content=\"Sagrinex \u2013 Anhaenger, Container &amp; Landtechnik \ud83c\udf3e\ud83d\ude9c\" \/>\n<meta property=\"article:modified_time\" content=\"2026-04-15T21:12:17+00:00\" \/>\n<meta property=\"og:image\" content=\"https:\/\/sagrinex.com\/wp-content\/uploads\/2026\/03\/Image-175-2.jpeg\" \/>\n\t<meta property=\"og:image:width\" content=\"1211\" \/>\n\t<meta property=\"og:image:height\" content=\"676\" \/>\n\t<meta property=\"og:image:type\" content=\"image\/jpeg\" \/>\n<meta name=\"twitter:card\" content=\"summary_large_image\" \/>\n<meta name=\"twitter:label1\" content=\"Gesch\u00e4tzte Lesezeit\" \/>\n\t<meta name=\"twitter:data1\" content=\"2\u00a0Minuten\" \/>\n<script type=\"application\/ld+json\" class=\"yoast-schema-graph\">{\"@context\":\"https:\\\/\\\/schema.org\",\"@graph\":[{\"@type\":\"WebPage\",\"@id\":\"https:\\\/\\\/sagrinex.com\\\/produit\\\/container-de-stockage-neuf-20-pieds-open-side\\\/\",\"url\":\"https:\\\/\\\/sagrinex.com\\\/produit\\\/container-de-stockage-neuf-20-pieds-open-side\\\/\",\"name\":\"Neuer 20-Fu\u00df-Aufbewahrungsbeh\u00e4lter mit offener Seite\",\"isPartOf\":{\"@id\":\"https:\\\/\\\/sagrinex.com\\\/#website\"},\"primaryImageOfPage\":{\"@id\":\"https:\\\/\\\/sagrinex.com\\\/produit\\\/container-de-stockage-neuf-20-pieds-open-side\\\/#primaryimage\"},\"image\":{\"@id\":\"https:\\\/\\\/sagrinex.com\\\/produit\\\/container-de-stockage-neuf-20-pieds-open-side\\\/#primaryimage\"},\"thumbnailUrl\":\"https:\\\/\\\/sagrinex.com\\\/wp-content\\\/uploads\\\/2026\\\/03\\\/Image-175-2.jpeg\",\"datePublished\":\"2026-03-15T19:18:56+00:00\",\"dateModified\":\"2026-04-15T21:12:17+00:00\",\"description\":\"Unser 20-Fu\u00df-Open-Side-Lagercontainer ist ein neues, robustes Modul, das sich perfekt f\u00fcr Baustellen, Depots, Lagerh\u00e4user, Bauernh\u00f6fe oder den privaten Gebrauch eignet. Sein Hauptvorteil: 4 Seitent\u00fcren \u00fcber die gesamte L\u00e4nge, die einen vollst\u00e4ndigen Zugang erm\u00f6glichen und das Be- und Entladen der Waren erheblich erleichtern. Die Konstruktion aus geschwei\u00dftem 3-mm-Stahl, mit 1,5-mm-Laminatblechw\u00e4nden und einem 25-mm-Massivholzboden mit Anti-Feuchtigkeits-Behandlung garantiert Stabilit\u00e4t und Langlebigkeit. Kann mit einem Kran oder einem Gabelstapler (90-cm-Gabeln) bewegt werden und verf\u00fcgt au\u00dferdem \u00fcber eine Schutzklappe f\u00fcr ein Vorh\u00e4ngeschloss. Es eignet sich ideal zur Aufbewahrung und kann je nach Bedarf auch in eine Bar, eine K\u00fcche, einen Ausstellungsraum, einen Stand oder ein Poolhaus im Freien umgewandelt werden.\",\"breadcrumb\":{\"@id\":\"https:\\\/\\\/sagrinex.com\\\/produit\\\/container-de-stockage-neuf-20-pieds-open-side\\\/#breadcrumb\"},\"inLanguage\":\"de\",\"potentialAction\":[{\"@type\":\"ReadAction\",\"target\":[\"https:\\\/\\\/sagrinex.com\\\/produit\\\/container-de-stockage-neuf-20-pieds-open-side\\\/\"]}]},{\"@type\":\"ImageObject\",\"inLanguage\":\"de\",\"@id\":\"https:\\\/\\\/sagrinex.com\\\/produit\\\/container-de-stockage-neuf-20-pieds-open-side\\\/#primaryimage\",\"url\":\"https:\\\/\\\/sagrinex.com\\\/wp-content\\\/uploads\\\/2026\\\/03\\\/Image-175-2.jpeg\",\"contentUrl\":\"https:\\\/\\\/sagrinex.com\\\/wp-content\\\/uploads\\\/2026\\\/03\\\/Image-175-2.jpeg\",\"width\":1211,\"height\":676},{\"@type\":\"BreadcrumbList\",\"@id\":\"https:\\\/\\\/sagrinex.com\\\/produit\\\/container-de-stockage-neuf-20-pieds-open-side\\\/#breadcrumb\",\"itemListElement\":[{\"@type\":\"ListItem\",\"position\":1,\"name\":\"Accueil\",\"item\":\"https:\\\/\\\/sagrinex.com\\\/?lang=de\"},{\"@type\":\"ListItem\",\"position\":2,\"name\":\"Shop\",\"item\":\"https:\\\/\\\/sagrinex.com\\\/shop\\\/\"},{\"@type\":\"ListItem\",\"position\":3,\"name\":\"Neuer 20-fu\u00df-aufbewahrungsbeh\u00e4lter mit Offener Seite\"}]},{\"@type\":\"WebSite\",\"@id\":\"https:\\\/\\\/sagrinex.com\\\/#website\",\"url\":\"https:\\\/\\\/sagrinex.com\\\/\",\"name\":\"Sagrinex \u2013 Spezialist f\u00fcr Anh\u00e4nger, Container & Landtechnik\",\"description\":\"Anhaenger, Container &amp; Landtechnik \u2014 Online-Verkauf &amp; kostenloses Angebot\",\"publisher\":{\"@id\":\"https:\\\/\\\/sagrinex.com\\\/#organization\"},\"potentialAction\":[{\"@type\":\"SearchAction\",\"target\":{\"@type\":\"EntryPoint\",\"urlTemplate\":\"https:\\\/\\\/sagrinex.com\\\/?s={search_term_string}\"},\"query-input\":{\"@type\":\"PropertyValueSpecification\",\"valueRequired\":true,\"valueName\":\"search_term_string\"}}],\"inLanguage\":\"de\"},{\"@type\":\"Organization\",\"@id\":\"https:\\\/\\\/sagrinex.com\\\/#organization\",\"name\":\"Sagrinex \u2013 Remorques, Conteneurs & Mat\u00e9riel Agricole\",\"url\":\"https:\\\/\\\/sagrinex.com\\\/\",\"logo\":{\"@type\":\"ImageObject\",\"inLanguage\":\"de\",\"@id\":\"https:\\\/\\\/sagrinex.com\\\/#\\\/schema\\\/logo\\\/image\\\/\",\"url\":\"https:\\\/\\\/sagrinex.com\\\/wp-content\\\/uploads\\\/2026\\\/03\\\/7f1ac463-ef5a-425d-bdd6-a5da03a334a9-1024x683.png\",\"contentUrl\":\"https:\\\/\\\/sagrinex.com\\\/wp-content\\\/uploads\\\/2026\\\/03\\\/7f1ac463-ef5a-425d-bdd6-a5da03a334a9-1024x683.png\",\"width\":1024,\"height\":683,\"caption\":\"Sagrinex \u2013 Remorques, Conteneurs & Mat\u00e9riel Agricole\"},\"image\":{\"@id\":\"https:\\\/\\\/sagrinex.com\\\/#\\\/schema\\\/logo\\\/image\\\/\"}}]}<\/script>\n<!-- \/ Yoast SEO plugin. -->","yoast_head_json":{"title":"Neuer 20-Fu\u00df-Aufbewahrungsbeh\u00e4lter mit offener Seite","description":"Unser 20-Fu\u00df-Open-Side-Lagercontainer ist ein neues, robustes Modul, das sich perfekt f\u00fcr Baustellen, Depots, Lagerh\u00e4user, Bauernh\u00f6fe oder den privaten Gebrauch eignet. Sein Hauptvorteil: 4 Seitent\u00fcren \u00fcber die gesamte L\u00e4nge, die einen vollst\u00e4ndigen Zugang erm\u00f6glichen und das Be- und Entladen der Waren erheblich erleichtern. Die Konstruktion aus geschwei\u00dftem 3-mm-Stahl, mit 1,5-mm-Laminatblechw\u00e4nden und einem 25-mm-Massivholzboden mit Anti-Feuchtigkeits-Behandlung garantiert Stabilit\u00e4t und Langlebigkeit. Kann mit einem Kran oder einem Gabelstapler (90-cm-Gabeln) bewegt werden und verf\u00fcgt au\u00dferdem \u00fcber eine Schutzklappe f\u00fcr ein Vorh\u00e4ngeschloss. Es eignet sich ideal zur Aufbewahrung und kann je nach Bedarf auch in eine Bar, eine K\u00fcche, einen Ausstellungsraum, einen Stand oder ein Poolhaus im Freien umgewandelt werden.","robots":{"index":"index","follow":"follow","max-snippet":"max-snippet:-1","max-image-preview":"max-image-preview:large","max-video-preview":"max-video-preview:-1"},"canonical":"https:\/\/sagrinex.com\/produit\/container-de-stockage-neuf-20-pieds-open-side\/","og_locale":"de_DE","og_type":"article","og_title":"Neuer 20-Fu\u00df-Aufbewahrungsbeh\u00e4lter mit offener Seite","og_description":"Unser 20-Fu\u00df-Open-Side-Lagercontainer ist ein neues, robustes Modul, das sich perfekt f\u00fcr Baustellen, Depots, Lagerh\u00e4user, Bauernh\u00f6fe oder den privaten Gebrauch eignet. Sein Hauptvorteil: 4 Seitent\u00fcren \u00fcber die gesamte L\u00e4nge, die einen vollst\u00e4ndigen Zugang erm\u00f6glichen und das Be- und Entladen der Waren erheblich erleichtern. Die Konstruktion aus geschwei\u00dftem 3-mm-Stahl, mit 1,5-mm-Laminatblechw\u00e4nden und einem 25-mm-Massivholzboden mit Anti-Feuchtigkeits-Behandlung garantiert Stabilit\u00e4t und Langlebigkeit. Kann mit einem Kran oder einem Gabelstapler (90-cm-Gabeln) bewegt werden und verf\u00fcgt au\u00dferdem \u00fcber eine Schutzklappe f\u00fcr ein Vorh\u00e4ngeschloss. Es eignet sich ideal zur Aufbewahrung und kann je nach Bedarf auch in eine Bar, eine K\u00fcche, einen Ausstellungsraum, einen Stand oder ein Poolhaus im Freien umgewandelt werden.","og_url":"https:\/\/sagrinex.com\/produit\/container-de-stockage-neuf-20-pieds-open-side\/","og_site_name":"Sagrinex \u2013 Anhaenger, Container &amp; Landtechnik \ud83c\udf3e\ud83d\ude9c","article_modified_time":"2026-04-15T21:12:17+00:00","og_image":[{"width":1211,"height":676,"url":"https:\/\/sagrinex.com\/wp-content\/uploads\/2026\/03\/Image-175-2.jpeg","type":"image\/jpeg"}],"twitter_card":"summary_large_image","twitter_misc":{"Gesch\u00e4tzte Lesezeit":"2\u00a0Minuten"},"schema":{"@context":"https:\/\/schema.org","@graph":[{"@type":"WebPage","@id":"https:\/\/sagrinex.com\/produit\/container-de-stockage-neuf-20-pieds-open-side\/","url":"https:\/\/sagrinex.com\/produit\/container-de-stockage-neuf-20-pieds-open-side\/","name":"Neuer 20-Fu\u00df-Aufbewahrungsbeh\u00e4lter mit offener Seite","isPartOf":{"@id":"https:\/\/sagrinex.com\/#website"},"primaryImageOfPage":{"@id":"https:\/\/sagrinex.com\/produit\/container-de-stockage-neuf-20-pieds-open-side\/#primaryimage"},"image":{"@id":"https:\/\/sagrinex.com\/produit\/container-de-stockage-neuf-20-pieds-open-side\/#primaryimage"},"thumbnailUrl":"https:\/\/sagrinex.com\/wp-content\/uploads\/2026\/03\/Image-175-2.jpeg","datePublished":"2026-03-15T19:18:56+00:00","dateModified":"2026-04-15T21:12:17+00:00","description":"Unser 20-Fu\u00df-Open-Side-Lagercontainer ist ein neues, robustes Modul, das sich perfekt f\u00fcr Baustellen, Depots, Lagerh\u00e4user, Bauernh\u00f6fe oder den privaten Gebrauch eignet. Sein Hauptvorteil: 4 Seitent\u00fcren \u00fcber die gesamte L\u00e4nge, die einen vollst\u00e4ndigen Zugang erm\u00f6glichen und das Be- und Entladen der Waren erheblich erleichtern. Die Konstruktion aus geschwei\u00dftem 3-mm-Stahl, mit 1,5-mm-Laminatblechw\u00e4nden und einem 25-mm-Massivholzboden mit Anti-Feuchtigkeits-Behandlung garantiert Stabilit\u00e4t und Langlebigkeit. Kann mit einem Kran oder einem Gabelstapler (90-cm-Gabeln) bewegt werden und verf\u00fcgt au\u00dferdem \u00fcber eine Schutzklappe f\u00fcr ein Vorh\u00e4ngeschloss. Es eignet sich ideal zur Aufbewahrung und kann je nach Bedarf auch in eine Bar, eine K\u00fcche, einen Ausstellungsraum, einen Stand oder ein Poolhaus im Freien umgewandelt werden.","breadcrumb":{"@id":"https:\/\/sagrinex.com\/produit\/container-de-stockage-neuf-20-pieds-open-side\/#breadcrumb"},"inLanguage":"de","potentialAction":[{"@type":"ReadAction","target":["https:\/\/sagrinex.com\/produit\/container-de-stockage-neuf-20-pieds-open-side\/"]}]},{"@type":"ImageObject","inLanguage":"de","@id":"https:\/\/sagrinex.com\/produit\/container-de-stockage-neuf-20-pieds-open-side\/#primaryimage","url":"https:\/\/sagrinex.com\/wp-content\/uploads\/2026\/03\/Image-175-2.jpeg","contentUrl":"https:\/\/sagrinex.com\/wp-content\/uploads\/2026\/03\/Image-175-2.jpeg","width":1211,"height":676},{"@type":"BreadcrumbList","@id":"https:\/\/sagrinex.com\/produit\/container-de-stockage-neuf-20-pieds-open-side\/#breadcrumb","itemListElement":[{"@type":"ListItem","position":1,"name":"Accueil","item":"https:\/\/sagrinex.com\/?lang=de"},{"@type":"ListItem","position":2,"name":"Shop","item":"https:\/\/sagrinex.com\/shop\/"},{"@type":"ListItem","position":3,"name":"Neuer 20-fu\u00df-aufbewahrungsbeh\u00e4lter mit Offener Seite"}]},{"@type":"WebSite","@id":"https:\/\/sagrinex.com\/#website","url":"https:\/\/sagrinex.com\/","name":"Sagrinex \u2013 Spezialist f\u00fcr Anh\u00e4nger, Container & Landtechnik","description":"Anhaenger, Container &amp; Landtechnik \u2014 Online-Verkauf &amp; kostenloses Angebot","publisher":{"@id":"https:\/\/sagrinex.com\/#organization"},"potentialAction":[{"@type":"SearchAction","target":{"@type":"EntryPoint","urlTemplate":"https:\/\/sagrinex.com\/?s={search_term_string}"},"query-input":{"@type":"PropertyValueSpecification","valueRequired":true,"valueName":"search_term_string"}}],"inLanguage":"de"},{"@type":"Organization","@id":"https:\/\/sagrinex.com\/#organization","name":"Sagrinex \u2013 Remorques, Conteneurs & Mat\u00e9riel Agricole","url":"https:\/\/sagrinex.com\/","logo":{"@type":"ImageObject","inLanguage":"de","@id":"https:\/\/sagrinex.com\/#\/schema\/logo\/image\/","url":"https:\/\/sagrinex.com\/wp-content\/uploads\/2026\/03\/7f1ac463-ef5a-425d-bdd6-a5da03a334a9-1024x683.png","contentUrl":"https:\/\/sagrinex.com\/wp-content\/uploads\/2026\/03\/7f1ac463-ef5a-425d-bdd6-a5da03a334a9-1024x683.png","width":1024,"height":683,"caption":"Sagrinex \u2013 Remorques, Conteneurs & Mat\u00e9riel Agricole"},"image":{"@id":"https:\/\/sagrinex.com\/#\/schema\/logo\/image\/"}}]}},"jetpack_sharing_enabled":true,"_links":{"self":[{"href":"https:\/\/sagrinex.com\/de\/wp-json\/wp\/v2\/product\/14275","targetHints":{"allow":["GET"]}}],"collection":[{"href":"https:\/\/sagrinex.com\/de\/wp-json\/wp\/v2\/product"}],"about":[{"href":"https:\/\/sagrinex.com\/de\/wp-json\/wp\/v2\/types\/product"}],"replies":[{"embeddable":true,"href":"https:\/\/sagrinex.com\/de\/wp-json\/wp\/v2\/comments?post=14275"}],"version-history":[{"count":0,"href":"https:\/\/sagrinex.com\/de\/wp-json\/wp\/v2\/product\/14275\/revisions"}],"wp:featuredmedia":[{"embeddable":true,"href":"https:\/\/sagrinex.com\/de\/wp-json\/wp\/v2\/media\/16236"}],"wp:attachment":[{"href":"https:\/\/sagrinex.com\/de\/wp-json\/wp\/v2\/media?parent=14275"}],"wp:term":[{"taxonomy":"product_brand","embeddable":true,"href":"https:\/\/sagrinex.com\/de\/wp-json\/wp\/v2\/product_brand?post=14275"},{"taxonomy":"product_cat","embeddable":true,"href":"https:\/\/sagrinex.com\/de\/wp-json\/wp\/v2\/product_cat?post=14275"},{"taxonomy":"product_tag","embeddable":true,"href":"https:\/\/sagrinex.com\/de\/wp-json\/wp\/v2\/product_tag?post=14275"}],"curies":[{"name":"wp","href":"https:\/\/api.w.org\/{rel}","templated":true}]}}