{"id":14277,"date":"2026-03-15T12:53:15","date_gmt":"2026-03-15T12:53:15","guid":{"rendered":"https:\/\/sagrinex.com\/produit\/container-20-fuss-grau-1-fahrt\/"},"modified":"2026-04-15T21:12:17","modified_gmt":"2026-04-15T21:12:17","slug":"container-20-fuss-grau-1-fahrt","status":"publish","type":"product","link":"https:\/\/sagrinex.com\/de\/produit\/container-20-fuss-grau-1-fahrt\/","title":{"rendered":"Container 20 Fu\u00df Grau 1. Fahrt"},"content":{"rendered":"<h1 data-start=\"173\" data-end=\"236\"><strong data-start=\"175\" data-end=\"236\">20 Fu\u00df (6 m) Container \u2013 Gebraucht<\/strong><\/h1>\n<p data-start=\"238\" data-end=\"398\">Dieser 20-Fu\u00df-Container ist in der <strong data-start=\"278\" data-end=\"298\">Standardversion<\/strong> oder <strong data-start=\"302\" data-end=\"315\">HIGH CUBE<\/strong> erh\u00e4ltlich und bietet <strong data-start=\"325\" data-end=\"360\">30 cm zus\u00e4tzliche H\u00f6he<\/strong> zur Optimierung des Volumens Lagerung.<\/p>\n<p data-start=\"400\" data-end=\"724\">Wird als <strong data-start=\"411\" data-end=\"448\">\u00fcberarbeiteter Gebrauchtwagen (letzte Reise)<\/strong> oder <strong data-start=\"455\" data-end=\"476\">erster Reisewagen (neu)<\/strong> angeboten und erf\u00fcllt die Anforderungen von Lagerung, Selbstlagerung, Seetransport und Ausstattung. Alle unsere Modelle sind <strong data-start=\"585\" data-end=\"605\">luft- und wasserdicht<\/strong>, ausgestattet mit <strong data-start=\"618\" data-end=\"631\">ISO-Ecken<\/strong>, <strong data-start=\"636\" data-end=\"660\">Gabeltaschen<\/strong> und konform mit <strong data-start=\"686\" Standards data-end=\"693\">CSC<\/strong>, <strong data-start=\"695\" data-end=\"707\">ISO 1161<\/strong> und <strong data-start=\"711\" data-end=\"723\">ISO 9001<\/strong>.<\/p>\n<p data-start=\"726\" data-end=\"1002\">Hergestellt aus <strong data-start=\"739\" data-end=\"755\">CORTEN-Stahl<\/strong> bietet es au\u00dfergew\u00f6hnliche Festigkeit, erg\u00e4nzt durch eine <strong data-start=\"812\" data-end=\"845\">einbruchsichere Vorh\u00e4ngeschlossabdeckung<\/strong> und eine <strong data-start=\"853\" data-end=\"894\">doppelfl\u00fcgelige T\u00fcr mit 270\u00b0 \u00d6ffnung<\/strong>. Die bel\u00fcfteten Stahlblechw\u00e4nde und der 28 mm Marine-\/Bambusboden verst\u00e4rken Robustheit und Langlebigkeit.<\/p>\n<hr data-start=\"1004\" data-end=\"1007\" \/>\n<h1 data-start=\"1009\" data-end=\"1027\"><strong data-start=\"1011\" data-end=\"1027\">Highlights<\/strong><\/h1>\n<ul data-start=\"1028\" data-end=\"1315\">\n<li data-start=\"1028\" data-end=\"1070\">\n<p data-start=\"1030\" data-end=\"1070\">Verf\u00fcgbar in <strong data-start=\"1044\" data-end=\"1052\">neu<\/strong> oder <strong data-start=\"1056\" data-end=\"1068\">gebraucht<\/strong><\/p>\n<\/li>\n<li data-start=\"1071\" data-end=\"1114\">\n<p data-start=\"1073\" data-end=\"1114\">Schnelle Lieferung in Frankreich und Europa<\/p>\n<\/li>\n<li data-start=\"1115\" data-end=\"1158\">\n<p data-start=\"1117\" data-end=\"1158\">Wasserdicht, sicher und vollst\u00e4ndig \u00fcberpr\u00fcft<\/p>\n<\/li>\n<li data-start=\"1159\" data-end=\"1213\">\n<p data-start=\"1161\" data-end=\"1213\">Einfache Handhabung (Gabeln + Hebehaken)<\/p>\n<\/li>\n<li data-start=\"1214\" data-end=\"1257\">\n<p data-start=\"1216\" data-end=\"1257\">Import-\/Exportkompatibel (CSC-Zulassung)<\/p>\n<\/li>\n<li data-start=\"1258\" data-end=\"1315\">\n<p data-start=\"1260\" data-end=\"1315\">Ideale Lagerung, Baustellen, Selfstorage, Entwicklung<\/p>\n<\/li>\n<\/ul>\n<hr data-start=\"1317\" data-end=\"1320\" \/>\n<h1 data-start=\"1322\" data-end=\"1355\"><strong data-start=\"1324\" data-end=\"1355\">Technische Spezifikationen<\/strong><\/h1>\n<ul data-start=\"1356\" data-end=\"1633\">\n<li data-start=\"1356\" data-end=\"1394\">\n<p data-start=\"1358\" data-end=\"1394\"><strong data-start=\"1358\" data-end=\"1373\">Struktur:<\/strong> geschwei\u00dfter CORTEN-Stahl<\/p>\n<\/li>\n<li data-start=\"1395\" data-end=\"1457\">\n<p data-start=\"1397\" data-end=\"1457\"><strong data-start=\"1397\" data-end=\"1411\">Boden:<\/strong> 28 mm Marinesperrholz (DRY rutschfest)<\/p>\n<\/li>\n<li data-start=\"1458\" data-end=\"1494\">\n<p data-start=\"1460\" data-end=\"1494\"><strong data-start=\"1460\" data-end=\"1472\">T\u00fcren:<\/strong> zweifl\u00fcgelig 270\u00b0<\/p>\n<\/li>\n<li data-start=\"1495\" data-end=\"1541\">\n<p data-start=\"1497\" data-end=\"1541\"><strong data-start=\"1497\" data-end=\"1522\">Gabelabstand:<\/strong> 950 mm \/ 2050 mm<\/p>\n<\/li>\n<li data-start=\"1542\" data-end=\"1566\">\n<p data-start=\"1544\" data-end=\"1566\"><strong data-start=\"1544\" data-end=\"1555\">Gewicht:<\/strong> 2.250 kg<\/p>\n<\/li>\n<li data-start=\"1567\" data-end=\"1597\">\n<p data-start=\"1569\" data-end=\"1597\"><strong data-start=\"1569\" data-end=\"1585\">Maximale Belastung:<\/strong> 28.230 kg<\/p>\n<\/li>\n<li data-start=\"1598\" data-end=\"1633\">\n<p data-start=\"1600\" data-end=\"1633\"><strong data-start=\"1600\" data-end=\"1621\">Maximales Gesamtgewicht:<\/strong> 30.480 kg<\/p>\n<\/li>\n<\/ul>\n<hr data-start=\"1635\" data-end=\"1638\" \/>\n<h1 data-start=\"1640\" data-end=\"1656\"><strong data-start=\"1642\" data-end=\"1656\">Dimensionen<\/strong><\/h1>\n<h3 data-start=\"1657\" data-end=\"1676\"><strong data-start=\"1661\" data-end=\"1676\">Extern<\/strong><\/h3>\n<ul data-start=\"1677\" data-end=\"1724\">\n<li data-start=\"1677\" data-end=\"1692\">\n<p data-start=\"1679\" data-end=\"1692\">L: 6058 mm<\/p>\n<\/li>\n<li data-start=\"1693\" data-end=\"1708\">\n<p data-start=\"1695\" data-end=\"1708\">L: 2438 mm<\/p>\n<\/li>\n<li data-start=\"1709\" data-end=\"1724\">\n<p data-start=\"1711\" data-end=\"1724\">H: 2591 mm<\/p>\n<\/li>\n<\/ul>\n<h3 data-start=\"1726\" data-end=\"1745\"><strong data-start=\"1730\" data-end=\"1745\">Innenraum<\/strong><\/h3>\n<ul data-start=\"1746\" data-end=\"1793\">\n<li data-start=\"1746\" data-end=\"1761\">\n<p data-start=\"1748\" data-end=\"1761\">L: 5895 mm<\/p>\n<\/li>\n<li data-start=\"1762\" data-end=\"1777\">\n<p data-start=\"1764\" data-end=\"1777\">L: 2350 mm<\/p>\n<\/li>\n<li data-start=\"1778\" data-end=\"1793\">\n<p data-start=\"1780\" data-end=\"1793\">H: 2392 mm<\/p>\n<\/li>\n<\/ul>\n<h3 data-start=\"1795\" data-end=\"1823\"><strong data-start=\"1799\" data-end=\"1823\">T\u00fcren \u00f6ffnen sich<\/strong><\/h3>\n<ul data-start=\"1824\" data-end=\"1855\">\n<li data-start=\"1824\" data-end=\"1839\">\n<p data-start=\"1826\" data-end=\"1839\">L: 2340 mm<\/p>\n<\/li>\n<li data-start=\"1840\" data-end=\"1855\">\n<p data-start=\"1842\" data-end=\"1855\">H: 2280 mm<\/p>\n<\/li>\n<\/ul>\n","protected":false},"excerpt":{"rendered":"<p>Au\u00dfenma\u00dfe:<\/p>\n<p>L\u00e4nge: 6.058 m<br \/>\nBreite: 2.438 m<br \/>\nH\u00f6he: 2,59 m<br \/>\nGewicht: 2.250 kg<\/p>\n<p>Maximale Belastung: 28.230 kg<\/p>\n","protected":false},"featured_media":16118,"comment_status":"open","ping_status":"closed","template":"","meta":[],"product_brand":[],"product_cat":[351,347],"product_tag":[],"class_list":{"0":"post-14277","1":"product","2":"type-product","3":"status-publish","4":"has-post-thumbnail","6":"product_cat-standardspeicher","7":"product_cat-unsere-container","9":"first","10":"instock","11":"sale","12":"shipping-taxable","13":"purchasable","14":"product-type-simple"},"yoast_head":"<!-- This site is optimized with the Yoast SEO plugin v27.5 - https:\/\/yoast.com\/product\/yoast-seo-wordpress\/ -->\n<title>Container 20 Fu\u00df Grau 1. Fahrt - Sagrinex \u2013 Anhaenger, Container &amp; Landtechnik \ud83c\udf3e\ud83d\ude9c<\/title>\n<meta name=\"robots\" content=\"index, follow, max-snippet:-1, max-image-preview:large, max-video-preview:-1\" \/>\n<link rel=\"canonical\" href=\"https:\/\/sagrinex.com\/produit\/container-20-pieds-gris-1er-voyage\/\" \/>\n<meta property=\"og:locale\" content=\"de_DE\" \/>\n<meta property=\"og:type\" content=\"article\" \/>\n<meta property=\"og:title\" content=\"Container 20 Fu\u00df Grau 1. Fahrt - Sagrinex \u2013 Anhaenger, Container &amp; Landtechnik \ud83c\udf3e\ud83d\ude9c\" \/>\n<meta property=\"og:description\" content=\"Au\u00dfenma\u00dfe: L\u00e4nge: 6.058 m Breite: 2.438 m H\u00f6he: 2,59 m Gewicht: 2.250 kg Maximale Belastung: 28.230 kg\" \/>\n<meta property=\"og:url\" content=\"https:\/\/sagrinex.com\/produit\/container-20-pieds-gris-1er-voyage\/\" \/>\n<meta property=\"og:site_name\" content=\"Sagrinex \u2013 Anhaenger, Container &amp; Landtechnik \ud83c\udf3e\ud83d\ude9c\" \/>\n<meta property=\"article:modified_time\" content=\"2026-04-15T21:12:17+00:00\" \/>\n<meta property=\"og:image\" content=\"https:\/\/sagrinex.com\/wp-content\/uploads\/2026\/03\/Image-44-3.jpeg\" \/>\n\t<meta property=\"og:image:width\" content=\"1214\" \/>\n\t<meta property=\"og:image:height\" content=\"680\" \/>\n\t<meta property=\"og:image:type\" content=\"image\/jpeg\" \/>\n<meta name=\"twitter:card\" content=\"summary_large_image\" \/>\n<meta name=\"twitter:label1\" content=\"Gesch\u00e4tzte Lesezeit\" \/>\n\t<meta name=\"twitter:data1\" content=\"1\u00a0Minute\" \/>\n<script type=\"application\/ld+json\" class=\"yoast-schema-graph\">{\"@context\":\"https:\\\/\\\/schema.org\",\"@graph\":[{\"@type\":\"WebPage\",\"@id\":\"https:\\\/\\\/sagrinex.com\\\/produit\\\/container-20-pieds-gris-1er-voyage\\\/\",\"url\":\"https:\\\/\\\/sagrinex.com\\\/produit\\\/container-20-pieds-gris-1er-voyage\\\/\",\"name\":\"Container 20 Fu\u00df Grau 1. Fahrt - Sagrinex \u2013 Anhaenger, Container &amp; Landtechnik \ud83c\udf3e\ud83d\ude9c\",\"isPartOf\":{\"@id\":\"https:\\\/\\\/sagrinex.com\\\/#website\"},\"primaryImageOfPage\":{\"@id\":\"https:\\\/\\\/sagrinex.com\\\/produit\\\/container-20-pieds-gris-1er-voyage\\\/#primaryimage\"},\"image\":{\"@id\":\"https:\\\/\\\/sagrinex.com\\\/produit\\\/container-20-pieds-gris-1er-voyage\\\/#primaryimage\"},\"thumbnailUrl\":\"https:\\\/\\\/sagrinex.com\\\/wp-content\\\/uploads\\\/2026\\\/03\\\/Image-44-3.jpeg\",\"datePublished\":\"2026-03-15T12:53:15+00:00\",\"dateModified\":\"2026-04-15T21:12:17+00:00\",\"breadcrumb\":{\"@id\":\"https:\\\/\\\/sagrinex.com\\\/produit\\\/container-20-pieds-gris-1er-voyage\\\/#breadcrumb\"},\"inLanguage\":\"de\",\"potentialAction\":[{\"@type\":\"ReadAction\",\"target\":[\"https:\\\/\\\/sagrinex.com\\\/produit\\\/container-20-pieds-gris-1er-voyage\\\/\"]}]},{\"@type\":\"ImageObject\",\"inLanguage\":\"de\",\"@id\":\"https:\\\/\\\/sagrinex.com\\\/produit\\\/container-20-pieds-gris-1er-voyage\\\/#primaryimage\",\"url\":\"https:\\\/\\\/sagrinex.com\\\/wp-content\\\/uploads\\\/2026\\\/03\\\/Image-44-3.jpeg\",\"contentUrl\":\"https:\\\/\\\/sagrinex.com\\\/wp-content\\\/uploads\\\/2026\\\/03\\\/Image-44-3.jpeg\",\"width\":1214,\"height\":680},{\"@type\":\"BreadcrumbList\",\"@id\":\"https:\\\/\\\/sagrinex.com\\\/produit\\\/container-20-pieds-gris-1er-voyage\\\/#breadcrumb\",\"itemListElement\":[{\"@type\":\"ListItem\",\"position\":1,\"name\":\"Accueil\",\"item\":\"https:\\\/\\\/sagrinex.com\\\/?lang=de\"},{\"@type\":\"ListItem\",\"position\":2,\"name\":\"Shop\",\"item\":\"https:\\\/\\\/sagrinex.com\\\/shop\\\/\"},{\"@type\":\"ListItem\",\"position\":3,\"name\":\"Container 20 Fu\u00df Grau 1. Fahrt\"}]},{\"@type\":\"WebSite\",\"@id\":\"https:\\\/\\\/sagrinex.com\\\/#website\",\"url\":\"https:\\\/\\\/sagrinex.com\\\/\",\"name\":\"Sagrinex \u2013 Spezialist f\u00fcr Anh\u00e4nger, Container & Landtechnik\",\"description\":\"Anhaenger, Container &amp; Landtechnik \u2014 Online-Verkauf &amp; kostenloses Angebot\",\"publisher\":{\"@id\":\"https:\\\/\\\/sagrinex.com\\\/#organization\"},\"potentialAction\":[{\"@type\":\"SearchAction\",\"target\":{\"@type\":\"EntryPoint\",\"urlTemplate\":\"https:\\\/\\\/sagrinex.com\\\/?s={search_term_string}\"},\"query-input\":{\"@type\":\"PropertyValueSpecification\",\"valueRequired\":true,\"valueName\":\"search_term_string\"}}],\"inLanguage\":\"de\"},{\"@type\":\"Organization\",\"@id\":\"https:\\\/\\\/sagrinex.com\\\/#organization\",\"name\":\"Sagrinex \u2013 Remorques, Conteneurs & Mat\u00e9riel Agricole\",\"url\":\"https:\\\/\\\/sagrinex.com\\\/\",\"logo\":{\"@type\":\"ImageObject\",\"inLanguage\":\"de\",\"@id\":\"https:\\\/\\\/sagrinex.com\\\/#\\\/schema\\\/logo\\\/image\\\/\",\"url\":\"https:\\\/\\\/sagrinex.com\\\/wp-content\\\/uploads\\\/2026\\\/03\\\/7f1ac463-ef5a-425d-bdd6-a5da03a334a9-1024x683.png\",\"contentUrl\":\"https:\\\/\\\/sagrinex.com\\\/wp-content\\\/uploads\\\/2026\\\/03\\\/7f1ac463-ef5a-425d-bdd6-a5da03a334a9-1024x683.png\",\"width\":1024,\"height\":683,\"caption\":\"Sagrinex \u2013 Remorques, Conteneurs & Mat\u00e9riel Agricole\"},\"image\":{\"@id\":\"https:\\\/\\\/sagrinex.com\\\/#\\\/schema\\\/logo\\\/image\\\/\"}}]}<\/script>\n<!-- \/ Yoast SEO plugin. -->","yoast_head_json":{"title":"Container 20 Fu\u00df Grau 1. Fahrt - Sagrinex \u2013 Anhaenger, Container &amp; Landtechnik \ud83c\udf3e\ud83d\ude9c","robots":{"index":"index","follow":"follow","max-snippet":"max-snippet:-1","max-image-preview":"max-image-preview:large","max-video-preview":"max-video-preview:-1"},"canonical":"https:\/\/sagrinex.com\/produit\/container-20-pieds-gris-1er-voyage\/","og_locale":"de_DE","og_type":"article","og_title":"Container 20 Fu\u00df Grau 1. Fahrt - Sagrinex \u2013 Anhaenger, Container &amp; Landtechnik \ud83c\udf3e\ud83d\ude9c","og_description":"Au\u00dfenma\u00dfe: L\u00e4nge: 6.058 m Breite: 2.438 m H\u00f6he: 2,59 m Gewicht: 2.250 kg Maximale Belastung: 28.230 kg","og_url":"https:\/\/sagrinex.com\/produit\/container-20-pieds-gris-1er-voyage\/","og_site_name":"Sagrinex \u2013 Anhaenger, Container &amp; Landtechnik \ud83c\udf3e\ud83d\ude9c","article_modified_time":"2026-04-15T21:12:17+00:00","og_image":[{"width":1214,"height":680,"url":"https:\/\/sagrinex.com\/wp-content\/uploads\/2026\/03\/Image-44-3.jpeg","type":"image\/jpeg"}],"twitter_card":"summary_large_image","twitter_misc":{"Gesch\u00e4tzte Lesezeit":"1\u00a0Minute"},"schema":{"@context":"https:\/\/schema.org","@graph":[{"@type":"WebPage","@id":"https:\/\/sagrinex.com\/produit\/container-20-pieds-gris-1er-voyage\/","url":"https:\/\/sagrinex.com\/produit\/container-20-pieds-gris-1er-voyage\/","name":"Container 20 Fu\u00df Grau 1. Fahrt - Sagrinex \u2013 Anhaenger, Container &amp; Landtechnik \ud83c\udf3e\ud83d\ude9c","isPartOf":{"@id":"https:\/\/sagrinex.com\/#website"},"primaryImageOfPage":{"@id":"https:\/\/sagrinex.com\/produit\/container-20-pieds-gris-1er-voyage\/#primaryimage"},"image":{"@id":"https:\/\/sagrinex.com\/produit\/container-20-pieds-gris-1er-voyage\/#primaryimage"},"thumbnailUrl":"https:\/\/sagrinex.com\/wp-content\/uploads\/2026\/03\/Image-44-3.jpeg","datePublished":"2026-03-15T12:53:15+00:00","dateModified":"2026-04-15T21:12:17+00:00","breadcrumb":{"@id":"https:\/\/sagrinex.com\/produit\/container-20-pieds-gris-1er-voyage\/#breadcrumb"},"inLanguage":"de","potentialAction":[{"@type":"ReadAction","target":["https:\/\/sagrinex.com\/produit\/container-20-pieds-gris-1er-voyage\/"]}]},{"@type":"ImageObject","inLanguage":"de","@id":"https:\/\/sagrinex.com\/produit\/container-20-pieds-gris-1er-voyage\/#primaryimage","url":"https:\/\/sagrinex.com\/wp-content\/uploads\/2026\/03\/Image-44-3.jpeg","contentUrl":"https:\/\/sagrinex.com\/wp-content\/uploads\/2026\/03\/Image-44-3.jpeg","width":1214,"height":680},{"@type":"BreadcrumbList","@id":"https:\/\/sagrinex.com\/produit\/container-20-pieds-gris-1er-voyage\/#breadcrumb","itemListElement":[{"@type":"ListItem","position":1,"name":"Accueil","item":"https:\/\/sagrinex.com\/?lang=de"},{"@type":"ListItem","position":2,"name":"Shop","item":"https:\/\/sagrinex.com\/shop\/"},{"@type":"ListItem","position":3,"name":"Container 20 Fu\u00df Grau 1. Fahrt"}]},{"@type":"WebSite","@id":"https:\/\/sagrinex.com\/#website","url":"https:\/\/sagrinex.com\/","name":"Sagrinex \u2013 Spezialist f\u00fcr Anh\u00e4nger, Container & Landtechnik","description":"Anhaenger, Container &amp; Landtechnik \u2014 Online-Verkauf &amp; kostenloses Angebot","publisher":{"@id":"https:\/\/sagrinex.com\/#organization"},"potentialAction":[{"@type":"SearchAction","target":{"@type":"EntryPoint","urlTemplate":"https:\/\/sagrinex.com\/?s={search_term_string}"},"query-input":{"@type":"PropertyValueSpecification","valueRequired":true,"valueName":"search_term_string"}}],"inLanguage":"de"},{"@type":"Organization","@id":"https:\/\/sagrinex.com\/#organization","name":"Sagrinex \u2013 Remorques, Conteneurs & Mat\u00e9riel Agricole","url":"https:\/\/sagrinex.com\/","logo":{"@type":"ImageObject","inLanguage":"de","@id":"https:\/\/sagrinex.com\/#\/schema\/logo\/image\/","url":"https:\/\/sagrinex.com\/wp-content\/uploads\/2026\/03\/7f1ac463-ef5a-425d-bdd6-a5da03a334a9-1024x683.png","contentUrl":"https:\/\/sagrinex.com\/wp-content\/uploads\/2026\/03\/7f1ac463-ef5a-425d-bdd6-a5da03a334a9-1024x683.png","width":1024,"height":683,"caption":"Sagrinex \u2013 Remorques, Conteneurs & Mat\u00e9riel Agricole"},"image":{"@id":"https:\/\/sagrinex.com\/#\/schema\/logo\/image\/"}}]}},"jetpack_sharing_enabled":true,"_links":{"self":[{"href":"https:\/\/sagrinex.com\/de\/wp-json\/wp\/v2\/product\/14277","targetHints":{"allow":["GET"]}}],"collection":[{"href":"https:\/\/sagrinex.com\/de\/wp-json\/wp\/v2\/product"}],"about":[{"href":"https:\/\/sagrinex.com\/de\/wp-json\/wp\/v2\/types\/product"}],"replies":[{"embeddable":true,"href":"https:\/\/sagrinex.com\/de\/wp-json\/wp\/v2\/comments?post=14277"}],"version-history":[{"count":0,"href":"https:\/\/sagrinex.com\/de\/wp-json\/wp\/v2\/product\/14277\/revisions"}],"wp:featuredmedia":[{"embeddable":true,"href":"https:\/\/sagrinex.com\/de\/wp-json\/wp\/v2\/media\/16118"}],"wp:attachment":[{"href":"https:\/\/sagrinex.com\/de\/wp-json\/wp\/v2\/media?parent=14277"}],"wp:term":[{"taxonomy":"product_brand","embeddable":true,"href":"https:\/\/sagrinex.com\/de\/wp-json\/wp\/v2\/product_brand?post=14277"},{"taxonomy":"product_cat","embeddable":true,"href":"https:\/\/sagrinex.com\/de\/wp-json\/wp\/v2\/product_cat?post=14277"},{"taxonomy":"product_tag","embeddable":true,"href":"https:\/\/sagrinex.com\/de\/wp-json\/wp\/v2\/product_tag?post=14277"}],"curies":[{"name":"wp","href":"https:\/\/api.w.org\/{rel}","templated":true}]}}